{"id":986,"date":"2021-11-04T18:09:07","date_gmt":"2021-11-04T17:09:07","guid":{"rendered":"https:\/\/www.onetimenexttime.sk\/arduino\/?post_type=product&#038;p=986"},"modified":"2024-02-23T07:34:41","modified_gmt":"2024-02-23T06:34:41","slug":"smart-touch-wall-control-light-switch-crystal-glass-panel-1-gang-1-way","status":"publish","type":"product","link":"https:\/\/www.onetimenexttime.sk\/arduino\/index.php\/produkt\/smart-touch-wall-control-light-switch-crystal-glass-panel-1-gang-1-way\/","title":{"rendered":"Smart Touch Wall Control Light Switch Crystal Glass Panel 1 Gang 1 Way"},"content":{"rendered":"<p>&nbsp;<\/p>\n<p>&nbsp;<\/p>\n<h1>Inform\u00e1cie o Smart Touch Wall Control Light Switch<\/h1>\n<table>\n<tbody>\n<tr>\n<th>Sekcia<\/th>\n<th>Popis<\/th>\n<\/tr>\n<tr>\n<td>Popis<\/td>\n<td>Smart Touch Wall Control Light Switch Crystal Glass Panel 1 Gang 1 Way je inteligentn\u00fd vyp\u00edna\u010d pre osvetlenie s kry\u0161t\u00e1lov\u00fdm sklom. Je navrhnut\u00fd pre jednoduch\u00fa integr\u00e1ciu do inteligentn\u00fdch dom\u00e1cich syst\u00e9mov.<\/td>\n<\/tr>\n<tr>\n<td>Vlastnosti<\/td>\n<td>&#8211; Jedn\u00e1 sa o jednovodov\u00fd (1 gang) vyp\u00edna\u010d.<br \/>\n&#8211; Vyhotoven\u00fd s kry\u0161t\u00e1lov\u00fdm sklom pre elegantn\u00fd vzh\u013ead.<br \/>\n&#8211; Podporuje dotykov\u00e9 ovl\u00e1danie.<\/td>\n<\/tr>\n<tr>\n<td>\u0160pecifik\u00e1cie<\/td>\n<td>&#8211; Po\u010det gangov: 1<br \/>\n&#8211; Materi\u00e1l: Kry\u0161t\u00e1lov\u00e9 sklo<br \/>\n&#8211; Sp\u00f4sob ovl\u00e1dania: Dotykov\u00e9<\/td>\n<\/tr>\n<tr>\n<td>Pr\u00edklady pou\u017eitia<\/td>\n<td>&#8211; Ovl\u00e1danie osvetlenia v dom\u00e1cnosti pomocou dotyku.<br \/>\n&#8211; Integr\u00e1cia do inteligentn\u00fdch dom\u00e1cich syst\u00e9mov pre pl\u00e1novan\u00e9 zapnutie a vypnutie osvetlenia.<\/td>\n<\/tr>\n<tr>\n<td>Pr\u00edkladov\u00fd k\u00f3d pre Arduino<\/td>\n<td>\n<div>\n<div>Arduino k\u00f3d:<\/div>\n<div>\/\/ Potrebn\u00e9 kni\u017enice<\/div>\n<div>#include &lt;Arduino.h&gt;<\/div>\n<div>\/\/ Defin\u00edcia pinov<\/div>\n<div>int switchPin = 2; \/\/ Pin pre sp\u00edna\u010d<\/div>\n<div>void setup() {<\/div>\n<div>\u00a0 pinMode(switchPin, INPUT_PULLUP); \/\/ Nastavenie pinu ako vstup s pull-up rezistorom<\/div>\n<div>}<\/div>\n<div>void loop() {<\/div>\n<div>\u00a0 if(digitalRead(switchPin) == LOW) { \/\/ Ak je sp\u00edna\u010d stla\u010den\u00fd<\/div>\n<div>\u00a0 \u00a0 \/\/ Vykonajte akciu, napr\u00edklad zmena stavu svetla<\/div>\n<div>\u00a0 }<\/div>\n<div>}<\/div>\n<\/div>\n<\/td>\n<\/tr>\n<tr>\n<td>Pr\u00edkladov\u00fd k\u00f3d pre ESPHome<\/td>\n<td>\n<div>\n<div>ESPHome k\u00f3d:<\/div>\n<div>binary_sensor:<\/div>\n<div>\u00a0 &#8211; platform: gpio<\/div>\n<div>\u00a0 \u00a0 pin: GPIO2<\/div>\n<div>\u00a0 \u00a0 name: &#8220;Wall Switch&#8221;<\/div>\n<div>\u00a0 \u00a0 device_class: switch<\/div>\n<\/div>\n<div>\n<div>\n<div>light:<\/div>\n<div>\u00a0 &#8211; platform: &#8230;<\/div>\n<div>\u00a0 \u00a0 name: &#8220;&#8230;&#8221; &#8230; &#8230;<\/div>\n<\/div>\n<\/div>\n<\/td>\n<\/tr>\n<\/tbody>\n<\/table>\n<p><button class=\"code-button\">Skop\u00edrova\u0165 Pr\u00edkladov\u00fd k\u00f3d<\/button><\/p>\n<p>&nbsp;<\/p>\n<p>&nbsp;<\/p>\n<p>&nbsp;<\/p>\n<div class=\"container\">\n<h2>Smart Touch Wall Control Light Switch Crystal Glass Panel 1 Gang 1 Way<\/h2>\n<p><strong>Popis:<\/strong> Inteligentn\u00fd dotykov\u00fd vyp\u00edna\u010d svetla s kry\u0161t\u00e1lov\u00fdm sklom, 1 gomb\u00edk, 1 sp\u00f4sob ovl\u00e1dania.<\/p>\n<p><strong>Vlastnosti:<\/strong> Dotykov\u00e9 ovl\u00e1danie, elegantn\u00fd dizajn, jednoduch\u00e1 in\u0161tal\u00e1cia.<\/p>\n<p><strong>\u0160pecifik\u00e1cie:<\/strong> Nap\u00e1jacie nap\u00e4tie: 110-240V AC, Max. v\u00fdkon: 2000W, Bezdr\u00f4tov\u00e1 komunik\u00e1cia: Wi-Fi.<\/p>\n<h3>Pr\u00edklady pou\u017eitia:<\/h3>\n<p>Integrovanie tohto vyp\u00edna\u010da do inteligentn\u00e9ho domu umo\u017e\u0148uje vzdialen\u00e9 ovl\u00e1danie osvetlenia a pl\u00e1novanie \u010dasova\u010dov.<\/p>\n<h3>Pr\u00edkladov\u00fd k\u00f3d pre Arduino:<\/h3>\n<pre><code>\/\/ Pr\u00edkladov\u00fd k\u00f3d pre ovl\u00e1danie svetla pomocou Arduina\r\nint pin = 13;\r\n\r\nvoid setup() {\r\n  pinMode(pin, OUTPUT);\r\n}\r\n\r\nvoid loop() {\r\n  digitalWrite(pin, HIGH);\r\n  delay(1000);\r\n  digitalWrite(pin, LOW);\r\n  delay(1000);\r\n}<\/code><\/pre>\n<h2>Pr\u00edkladov\u00fd k\u00f3d pre ESPHome:<\/h2>\n<pre><code>light:\r\n  - platform: ...\r\n    name: \"...\"\r\n    ...\r\n    ...\r\n<\/code><\/pre>\n<h2>Ako pou\u017e\u00edva\u0165:<\/h2>\n<ol>\n<li>Podrobne si pre\u0161tudujte manu\u00e1l k vyp\u00edna\u010du.<\/li>\n<li>Nain\u0161talujte vyp\u00edna\u010d a pripojte ho k elektrickej sieti.<\/li>\n<li>Nasledujte in\u0161trukcie pre integr\u00e1ciu vyp\u00edna\u010da do v\u00e1\u0161ho inteligentn\u00e9ho domu.<\/li>\n<li>Pou\u017eite pr\u00edkladov\u00e9 k\u00f3dy pre Arduino alebo ESPHome na ovl\u00e1danie vyp\u00edna\u010da.<\/li>\n<\/ol>\n<\/div>\n<p>&nbsp;<\/p>\n<h1 class=\"mb-8 js-product-title\" title=\"Broadlink RM Pro Inovovan\u00e1 verzia RM33 RM Mini3 IR+RF+WiFi+4G Switch Home Univerz\u00e1lny inteligentn\u00fd dia\u013ekov\u00fd ovl\u00e1da\u010d\">Inteligentn\u00fd dotykov\u00fd n\u00e1stenn\u00fd prep\u00edna\u010d svetiel Panel z kri\u0161t\u00e1\u013eov\u00e9ho skla:\u00a0 1 Gang 1 Way<\/h1>\n<p>Panel z tvrden\u00e9ho kri\u0161t\u00e1\u013eov\u00e9ho skla, bez vyblednutia, elegantn\u00fd a \u0161t\u00fdlov\u00fd<br \/>\nIntegrovan\u00fd panelov\u00fd dizajn, vodotesn\u00fd a proti te\u010deniu, bezpe\u010dn\u00fd na pou\u017eitie<br \/>\nDotykov\u00e9 ovl\u00e1danie zais\u0165uje dlh\u0161iu \u017eivotnos\u0165 ako mechanick\u00fd sp\u00edna\u010d<br \/>\nNov\u00fd importovan\u00fd IC procesor pre pr\u00edjemn\u00fa citlivos\u0165 a stabiln\u00fd v\u00fdkon<br \/>\nHumanizovan\u00fd dizajn: Sp\u00edna\u010d sa m\u00f4\u017ee automaticky odpoji\u0165, ke\u010f sa elektrina preru\u0161\u00ed, a ke\u010f sa elektrina vr\u00e1ti, bude vo vypnutej stanici<br \/>\npou\u017e\u00edvan\u00e9 na komoditn\u00e9 domy, vily, hotely at\u010f.<br \/>\nV\u0161etky produkty s\u00fa vyr\u00e1ban\u00e9 pod\u013ea vysok\u00fdch \u0161tandardov a v\u0161etky maj\u00fa certifik\u00e1t E\u00da pre pou\u017eitie v Spojenom kr\u00e1\u013eovstve, E\u00da a \u010fal\u0161\u00edch eur\u00f3pskych krajin\u00e1ch<br \/>\n.<br \/>\nPopis:<br \/>\nTyp: 1 Gang 1 Way Touch Switch, NO RF funkcia, nem\u00f4\u017ee pracova\u0165 s dia\u013ekov\u00fdm ovl\u00e1dan\u00edm.<br \/>\nFarba: biela \/ \u010dierna \/ zlat\u00e1 \/ \u0161ed\u00e1<br \/>\nNap\u00e4tie: 170V-240V<br \/>\nV\u00fdkon z\u00e1\u0165a\u017ee: 5-200W<\/p>\n<p>\u017eiarovka 5-200W (pre LED: menej ako 100W\/skupina)<\/p>\n<p>Aplikujte na: \u017diarovka, \u017eiarivka, \u00dasporn\u00e1 \u017eiarivka, LED lampa<\/p>\n<p>Pracovn\u00e1 teplota: -10~60 \u2103<br \/>\nMateri\u00e1l: Jednokry\u0161t\u00e1lov\u00fd panel z tvrden\u00e9ho skla<\/p>\n","protected":false},"excerpt":{"rendered":"<p>&nbsp; &nbsp; Inform\u00e1cie o Smart Touch Wall Control Light Switch Sekcia Popis Popis Smart Touch Wall Control Light Switch Crystal&hellip;<\/p>\n","protected":false},"featured_media":987,"template":"","meta":{"_monsterinsights_skip_tracking":false,"_monsterinsights_sitenote_active":false,"_monsterinsights_sitenote_note":"","_monsterinsights_sitenote_category":0},"product_cat":[43,34,42,44],"product_tag":[],"class_list":{"0":"post-986","1":"product","2":"type-product","3":"status-publish","4":"has-post-thumbnail","6":"product_cat-office","7":"product_cat-rf","8":"product_cat-smart","9":"product_cat-svetlo","11":"first","12":"instock","13":"shipping-taxable","14":"purchasable","15":"product-type-simple"},"yoast_head":"<!-- This site is optimized with the Yoast SEO plugin v23.6 - https:\/\/yoast.com\/wordpress\/plugins\/seo\/ -->\n<title>Smart Touch Wall Control Light Switch Crystal Glass Panel 1 Gang 1 Way - Arduino e-shop<\/title>\n<meta name=\"robots\" content=\"index, follow, max-snippet:-1, max-image-preview:large, max-video-preview:-1\" \/>\n<link rel=\"canonical\" href=\"https:\/\/www.onetimenexttime.sk\/arduino\/index.php\/produkt\/smart-touch-wall-control-light-switch-crystal-glass-panel-1-gang-1-way\/\" \/>\n<meta property=\"og:locale\" content=\"sk_SK\" \/>\n<meta property=\"og:type\" content=\"article\" \/>\n<meta property=\"og:title\" content=\"Smart Touch Wall Control Light Switch Crystal Glass Panel 1 Gang 1 Way - Arduino e-shop\" \/>\n<meta property=\"og:description\" content=\"&nbsp; &nbsp; Inform\u00e1cie o Smart Touch Wall Control Light Switch Sekcia Popis Popis Smart Touch Wall Control Light Switch Crystal&hellip;\" \/>\n<meta property=\"og:url\" content=\"https:\/\/www.onetimenexttime.sk\/arduino\/index.php\/produkt\/smart-touch-wall-control-light-switch-crystal-glass-panel-1-gang-1-way\/\" \/>\n<meta property=\"og:site_name\" content=\"Arduino e-shop\" \/>\n<meta property=\"article:modified_time\" content=\"2024-02-23T06:34:41+00:00\" \/>\n<meta property=\"og:image\" content=\"https:\/\/www.onetimenexttime.sk\/arduino\/wp-content\/uploads\/2021\/11\/68.jpg\" \/>\n\t<meta property=\"og:image:width\" content=\"478\" \/>\n\t<meta property=\"og:image:height\" content=\"483\" \/>\n\t<meta property=\"og:image:type\" content=\"image\/jpeg\" \/>\n<meta name=\"twitter:card\" content=\"summary_large_image\" \/>\n<meta name=\"twitter:label1\" content=\"Predpokladan\u00fd \u010das \u010d\u00edtania\" \/>\n\t<meta name=\"twitter:data1\" content=\"1 min\u00fata\" \/>\n<script type=\"application\/ld+json\" class=\"yoast-schema-graph\">{\"@context\":\"https:\/\/schema.org\",\"@graph\":[{\"@type\":\"WebPage\",\"@id\":\"https:\/\/www.onetimenexttime.sk\/arduino\/index.php\/produkt\/smart-touch-wall-control-light-switch-crystal-glass-panel-1-gang-1-way\/\",\"url\":\"https:\/\/www.onetimenexttime.sk\/arduino\/index.php\/produkt\/smart-touch-wall-control-light-switch-crystal-glass-panel-1-gang-1-way\/\",\"name\":\"Smart Touch Wall Control Light Switch Crystal Glass Panel 1 Gang 1 Way - Arduino e-shop\",\"isPartOf\":{\"@id\":\"https:\/\/www.onetimenexttime.sk\/arduino\/#website\"},\"primaryImageOfPage\":{\"@id\":\"https:\/\/www.onetimenexttime.sk\/arduino\/index.php\/produkt\/smart-touch-wall-control-light-switch-crystal-glass-panel-1-gang-1-way\/#primaryimage\"},\"image\":{\"@id\":\"https:\/\/www.onetimenexttime.sk\/arduino\/index.php\/produkt\/smart-touch-wall-control-light-switch-crystal-glass-panel-1-gang-1-way\/#primaryimage\"},\"thumbnailUrl\":\"https:\/\/www.onetimenexttime.sk\/arduino\/wp-content\/uploads\/2021\/11\/68.jpg\",\"datePublished\":\"2021-11-04T17:09:07+00:00\",\"dateModified\":\"2024-02-23T06:34:41+00:00\",\"breadcrumb\":{\"@id\":\"https:\/\/www.onetimenexttime.sk\/arduino\/index.php\/produkt\/smart-touch-wall-control-light-switch-crystal-glass-panel-1-gang-1-way\/#breadcrumb\"},\"inLanguage\":\"sk-SK\",\"potentialAction\":[{\"@type\":\"ReadAction\",\"target\":[\"https:\/\/www.onetimenexttime.sk\/arduino\/index.php\/produkt\/smart-touch-wall-control-light-switch-crystal-glass-panel-1-gang-1-way\/\"]}]},{\"@type\":\"ImageObject\",\"inLanguage\":\"sk-SK\",\"@id\":\"https:\/\/www.onetimenexttime.sk\/arduino\/index.php\/produkt\/smart-touch-wall-control-light-switch-crystal-glass-panel-1-gang-1-way\/#primaryimage\",\"url\":\"https:\/\/www.onetimenexttime.sk\/arduino\/wp-content\/uploads\/2021\/11\/68.jpg\",\"contentUrl\":\"https:\/\/www.onetimenexttime.sk\/arduino\/wp-content\/uploads\/2021\/11\/68.jpg\",\"width\":478,\"height\":483},{\"@type\":\"BreadcrumbList\",\"@id\":\"https:\/\/www.onetimenexttime.sk\/arduino\/index.php\/produkt\/smart-touch-wall-control-light-switch-crystal-glass-panel-1-gang-1-way\/#breadcrumb\",\"itemListElement\":[{\"@type\":\"ListItem\",\"position\":1,\"name\":\"Domov\",\"item\":\"https:\/\/www.onetimenexttime.sk\/arduino\/\"},{\"@type\":\"ListItem\",\"position\":2,\"name\":\"Obchod\",\"item\":\"https:\/\/www.onetimenexttime.sk\/arduino\/\"},{\"@type\":\"ListItem\",\"position\":3,\"name\":\"Smart Touch Wall Control Light Switch Crystal Glass Panel 1 Gang 1 Way\"}]},{\"@type\":\"WebSite\",\"@id\":\"https:\/\/www.onetimenexttime.sk\/arduino\/#website\",\"url\":\"https:\/\/www.onetimenexttime.sk\/arduino\/\",\"name\":\"Arduino e-shop\",\"description\":\"Home Assistant\",\"potentialAction\":[{\"@type\":\"SearchAction\",\"target\":{\"@type\":\"EntryPoint\",\"urlTemplate\":\"https:\/\/www.onetimenexttime.sk\/arduino\/?s={search_term_string}\"},\"query-input\":{\"@type\":\"PropertyValueSpecification\",\"valueRequired\":true,\"valueName\":\"search_term_string\"}}],\"inLanguage\":\"sk-SK\"}]}<\/script>\n<!-- \/ Yoast SEO plugin. -->","yoast_head_json":{"title":"Smart Touch Wall Control Light Switch Crystal Glass Panel 1 Gang 1 Way - Arduino e-shop","robots":{"index":"index","follow":"follow","max-snippet":"max-snippet:-1","max-image-preview":"max-image-preview:large","max-video-preview":"max-video-preview:-1"},"canonical":"https:\/\/www.onetimenexttime.sk\/arduino\/index.php\/produkt\/smart-touch-wall-control-light-switch-crystal-glass-panel-1-gang-1-way\/","og_locale":"sk_SK","og_type":"article","og_title":"Smart Touch Wall Control Light Switch Crystal Glass Panel 1 Gang 1 Way - Arduino e-shop","og_description":"&nbsp; &nbsp; Inform\u00e1cie o Smart Touch Wall Control Light Switch Sekcia Popis Popis Smart Touch Wall Control Light Switch Crystal&hellip;","og_url":"https:\/\/www.onetimenexttime.sk\/arduino\/index.php\/produkt\/smart-touch-wall-control-light-switch-crystal-glass-panel-1-gang-1-way\/","og_site_name":"Arduino e-shop","article_modified_time":"2024-02-23T06:34:41+00:00","og_image":[{"width":478,"height":483,"url":"https:\/\/www.onetimenexttime.sk\/arduino\/wp-content\/uploads\/2021\/11\/68.jpg","type":"image\/jpeg"}],"twitter_card":"summary_large_image","twitter_misc":{"Predpokladan\u00fd \u010das \u010d\u00edtania":"1 min\u00fata"},"schema":{"@context":"https:\/\/schema.org","@graph":[{"@type":"WebPage","@id":"https:\/\/www.onetimenexttime.sk\/arduino\/index.php\/produkt\/smart-touch-wall-control-light-switch-crystal-glass-panel-1-gang-1-way\/","url":"https:\/\/www.onetimenexttime.sk\/arduino\/index.php\/produkt\/smart-touch-wall-control-light-switch-crystal-glass-panel-1-gang-1-way\/","name":"Smart Touch Wall Control Light Switch Crystal Glass Panel 1 Gang 1 Way - Arduino e-shop","isPartOf":{"@id":"https:\/\/www.onetimenexttime.sk\/arduino\/#website"},"primaryImageOfPage":{"@id":"https:\/\/www.onetimenexttime.sk\/arduino\/index.php\/produkt\/smart-touch-wall-control-light-switch-crystal-glass-panel-1-gang-1-way\/#primaryimage"},"image":{"@id":"https:\/\/www.onetimenexttime.sk\/arduino\/index.php\/produkt\/smart-touch-wall-control-light-switch-crystal-glass-panel-1-gang-1-way\/#primaryimage"},"thumbnailUrl":"https:\/\/www.onetimenexttime.sk\/arduino\/wp-content\/uploads\/2021\/11\/68.jpg","datePublished":"2021-11-04T17:09:07+00:00","dateModified":"2024-02-23T06:34:41+00:00","breadcrumb":{"@id":"https:\/\/www.onetimenexttime.sk\/arduino\/index.php\/produkt\/smart-touch-wall-control-light-switch-crystal-glass-panel-1-gang-1-way\/#breadcrumb"},"inLanguage":"sk-SK","potentialAction":[{"@type":"ReadAction","target":["https:\/\/www.onetimenexttime.sk\/arduino\/index.php\/produkt\/smart-touch-wall-control-light-switch-crystal-glass-panel-1-gang-1-way\/"]}]},{"@type":"ImageObject","inLanguage":"sk-SK","@id":"https:\/\/www.onetimenexttime.sk\/arduino\/index.php\/produkt\/smart-touch-wall-control-light-switch-crystal-glass-panel-1-gang-1-way\/#primaryimage","url":"https:\/\/www.onetimenexttime.sk\/arduino\/wp-content\/uploads\/2021\/11\/68.jpg","contentUrl":"https:\/\/www.onetimenexttime.sk\/arduino\/wp-content\/uploads\/2021\/11\/68.jpg","width":478,"height":483},{"@type":"BreadcrumbList","@id":"https:\/\/www.onetimenexttime.sk\/arduino\/index.php\/produkt\/smart-touch-wall-control-light-switch-crystal-glass-panel-1-gang-1-way\/#breadcrumb","itemListElement":[{"@type":"ListItem","position":1,"name":"Domov","item":"https:\/\/www.onetimenexttime.sk\/arduino\/"},{"@type":"ListItem","position":2,"name":"Obchod","item":"https:\/\/www.onetimenexttime.sk\/arduino\/"},{"@type":"ListItem","position":3,"name":"Smart Touch Wall Control Light Switch Crystal Glass Panel 1 Gang 1 Way"}]},{"@type":"WebSite","@id":"https:\/\/www.onetimenexttime.sk\/arduino\/#website","url":"https:\/\/www.onetimenexttime.sk\/arduino\/","name":"Arduino e-shop","description":"Home Assistant","potentialAction":[{"@type":"SearchAction","target":{"@type":"EntryPoint","urlTemplate":"https:\/\/www.onetimenexttime.sk\/arduino\/?s={search_term_string}"},"query-input":{"@type":"PropertyValueSpecification","valueRequired":true,"valueName":"search_term_string"}}],"inLanguage":"sk-SK"}]}},"_links":{"self":[{"href":"https:\/\/www.onetimenexttime.sk\/arduino\/index.php\/wp-json\/wp\/v2\/product\/986"}],"collection":[{"href":"https:\/\/www.onetimenexttime.sk\/arduino\/index.php\/wp-json\/wp\/v2\/product"}],"about":[{"href":"https:\/\/www.onetimenexttime.sk\/arduino\/index.php\/wp-json\/wp\/v2\/types\/product"}],"wp:featuredmedia":[{"embeddable":true,"href":"https:\/\/www.onetimenexttime.sk\/arduino\/index.php\/wp-json\/wp\/v2\/media\/987"}],"wp:attachment":[{"href":"https:\/\/www.onetimenexttime.sk\/arduino\/index.php\/wp-json\/wp\/v2\/media?parent=986"}],"wp:term":[{"taxonomy":"product_cat","embeddable":true,"href":"https:\/\/www.onetimenexttime.sk\/arduino\/index.php\/wp-json\/wp\/v2\/product_cat?post=986"},{"taxonomy":"product_tag","embeddable":true,"href":"https:\/\/www.onetimenexttime.sk\/arduino\/index.php\/wp-json\/wp\/v2\/product_tag?post=986"}],"curies":[{"name":"wp","href":"https:\/\/api.w.org\/{rel}","templated":true}]}}