{"id":98,"date":"2021-10-17T21:20:47","date_gmt":"2021-10-17T19:20:47","guid":{"rendered":"https:\/\/www.onetimenexttime.sk\/arduino\/?post_type=product&#038;p=98"},"modified":"2021-10-18T11:17:32","modified_gmt":"2021-10-18T09:17:32","slug":"12v-led-display-automation-digital-delay-timer-control-switch-relay-module-integrated-circuits","status":"publish","type":"product","link":"https:\/\/www.onetimenexttime.sk\/arduino\/index.php\/produkt\/12v-led-display-automation-digital-delay-timer-control-switch-relay-module-integrated-circuits\/","title":{"rendered":"12V LED Display Automation Digital Delay Timer Control Switch Relay Module Integrated Circuits"},"content":{"rendered":"<p>Jedn\u00e1 sa o modul \u010dasova\u010da oneskorenia s vysok\u00fdm v\u00fdkonom, ktor\u00fd je pohodln\u00fd a praktick\u00fd pre pou\u017e\u00edvate\u013eov.<\/p>\n<p>Vlastnosti:<br \/>\nNov\u00e9 vylep\u0161enia na zjednodu\u0161enie, sp\u013a\u0148aj\u00face potreby pou\u017e\u00edvate\u013eov.<br \/>\nZv\u00fd\u0161te funkciu sp\u00e4tn\u00e9ho chodu zdroja nap\u00e1jania.<br \/>\nPou\u017eitie opto izolovan\u00e9ho vstupu a v\u00fdstupu, vylep\u0161en\u00e1 schopnos\u0165 a spotreba proti ru\u0161eniu.<br \/>\nPosledn\u00e9 parametre nastavenia je mo\u017en\u00e9 ulo\u017ei\u0165 do pam\u00e4te po vypnut\u00ed.<br \/>\nSign\u00e1lny koncov\u00fd nap\u00e4\u0165ov\u00fd sign\u00e1l je mo\u017en\u00e9 udr\u017eiava\u0165 dlho.<br \/>\nNa zaistenie stability priemyselnej dosky plo\u0161n\u00fdch spojov.<\/p>\n<p>Vo\u013eba pracovn\u00fdch re\u017eimov: po zapnut\u00ed dlho stla\u010dte K1 na 2 sekundy, potom zvo\u013ete re\u017eimy: P1 ~ 4.<br \/>\nP-1: Monostabiln\u00e9 oneskorenie spustenia, sign\u00e1l na spustenie rel\u00e9, \u010das uplynul, rel\u00e9 sa odpoj\u00ed;<br \/>\nP-2: Spustenie sign\u00e1lu a odpo\u010d\u00edtavanie za\u010dne, T1 sekundy potom, rel\u00e9 rozopne T2 sekundy, potom sa zopne;<br \/>\nP-3: Otvorte T1 sekundy, odpojte T2 sekundy, nekone\u010dn\u00e1 slu\u010dka. U\u017e\u00edvatelia m\u00f4\u017eu nastavi\u0165 \u010das rel\u00e9 T1 a T2;<br \/>\nP-4: Rel\u00e9 sa rozopne, ke\u010f sa spust\u00ed sign\u00e1l, ke\u010f sp\u00fa\u0161\u0165ac\u00ed sign\u00e1l zmizne, za\u010dne sa digit\u00e1lne odpo\u010d\u00edtavanie a rel\u00e9 sa zopne, ke\u010f vypr\u0161\u00ed \u010das.<\/p>\n<p>Technick\u00e9 \u00fadaje:<br \/>\n\u010casov\u00fd rozsah (nastavite\u013en\u00fd): 0,1 ~ 99,9 sek\u00fand; 1 ~ 999 sek\u00fand; 1 ~ 999 min\u00fat<br \/>\nPracovn\u00e9 nap\u00e4tie: DC 12V<br \/>\nSign\u00e1lne nap\u00e4tie: DC 4 ~ 20V<br \/>\nV\u00fdstupn\u00e1 kapacita: M\u00f4\u017ee ovl\u00e1da\u0165 z\u00e1\u0165a\u017e v r\u00e1mci DC 30V 10A alebo AC 220V 10A<br \/>\nStatick\u00fd pr\u00fad: 20mA<br \/>\nPracovn\u00fd pr\u00fad: 50mA<br \/>\nPracovn\u00e1 teplota: -40 ~ 85 \u00b0 C<br \/>\nVe\u013ekos\u0165 PCB: 64 * 35 * 18 mm \/ 2,52 * 1,4 * 0,7 palca (L * W * H)<br \/>\nHmotnos\u0165 PCB: 25 g \/ 0,89 oz<\/p>\n","protected":false},"excerpt":{"rendered":"<p>Jedn\u00e1 sa o modul \u010dasova\u010da oneskorenia s vysok\u00fdm v\u00fdkonom, ktor\u00fd je pohodln\u00fd a praktick\u00fd pre pou\u017e\u00edvate\u013eov. Vlastnosti: Nov\u00e9 vylep\u0161enia na&hellip;<\/p>\n","protected":false},"featured_media":99,"template":"","meta":{"_monsterinsights_skip_tracking":false,"_monsterinsights_sitenote_active":false,"_monsterinsights_sitenote_note":"","_monsterinsights_sitenote_category":0},"product_cat":[16,17,21,19],"product_tag":[],"class_list":{"0":"post-98","1":"product","2":"type-product","3":"status-publish","4":"has-post-thumbnail","6":"product_cat-ard","7":"product_cat-modul","8":"product_cat-pw","9":"product_cat-rele","11":"first","12":"instock","13":"shipping-taxable","14":"purchasable","15":"product-type-simple"},"yoast_head":"<!-- This site is optimized with the Yoast SEO plugin v23.6 - https:\/\/yoast.com\/wordpress\/plugins\/seo\/ -->\n<title>12V LED Display Automation Digital Delay Timer Control Switch Relay Module Integrated Circuits - Arduino e-shop<\/title>\n<meta name=\"robots\" content=\"index, follow, max-snippet:-1, max-image-preview:large, max-video-preview:-1\" \/>\n<link rel=\"canonical\" href=\"https:\/\/www.onetimenexttime.sk\/arduino\/index.php\/produkt\/12v-led-display-automation-digital-delay-timer-control-switch-relay-module-integrated-circuits\/\" \/>\n<meta property=\"og:locale\" content=\"sk_SK\" \/>\n<meta property=\"og:type\" content=\"article\" \/>\n<meta property=\"og:title\" content=\"12V LED Display Automation Digital Delay Timer Control Switch Relay Module Integrated Circuits - Arduino e-shop\" \/>\n<meta property=\"og:description\" content=\"Jedn\u00e1 sa o modul \u010dasova\u010da oneskorenia s vysok\u00fdm v\u00fdkonom, ktor\u00fd je pohodln\u00fd a praktick\u00fd pre pou\u017e\u00edvate\u013eov. Vlastnosti: Nov\u00e9 vylep\u0161enia na&hellip;\" \/>\n<meta property=\"og:url\" content=\"https:\/\/www.onetimenexttime.sk\/arduino\/index.php\/produkt\/12v-led-display-automation-digital-delay-timer-control-switch-relay-module-integrated-circuits\/\" \/>\n<meta property=\"og:site_name\" content=\"Arduino e-shop\" \/>\n<meta property=\"article:modified_time\" content=\"2021-10-18T09:17:32+00:00\" \/>\n<meta property=\"og:image\" content=\"https:\/\/www.onetimenexttime.sk\/arduino\/wp-content\/uploads\/2021\/10\/305.jpg\" \/>\n\t<meta property=\"og:image:width\" content=\"596\" \/>\n\t<meta property=\"og:image:height\" content=\"595\" \/>\n\t<meta property=\"og:image:type\" content=\"image\/jpeg\" \/>\n<meta name=\"twitter:card\" content=\"summary_large_image\" \/>\n<meta name=\"twitter:label1\" content=\"Predpokladan\u00fd \u010das \u010d\u00edtania\" \/>\n\t<meta name=\"twitter:data1\" content=\"1 min\u00fata\" \/>\n<script type=\"application\/ld+json\" class=\"yoast-schema-graph\">{\"@context\":\"https:\/\/schema.org\",\"@graph\":[{\"@type\":\"WebPage\",\"@id\":\"https:\/\/www.onetimenexttime.sk\/arduino\/index.php\/produkt\/12v-led-display-automation-digital-delay-timer-control-switch-relay-module-integrated-circuits\/\",\"url\":\"https:\/\/www.onetimenexttime.sk\/arduino\/index.php\/produkt\/12v-led-display-automation-digital-delay-timer-control-switch-relay-module-integrated-circuits\/\",\"name\":\"12V LED Display Automation Digital Delay Timer Control Switch Relay Module Integrated Circuits - Arduino e-shop\",\"isPartOf\":{\"@id\":\"https:\/\/www.onetimenexttime.sk\/arduino\/#website\"},\"primaryImageOfPage\":{\"@id\":\"https:\/\/www.onetimenexttime.sk\/arduino\/index.php\/produkt\/12v-led-display-automation-digital-delay-timer-control-switch-relay-module-integrated-circuits\/#primaryimage\"},\"image\":{\"@id\":\"https:\/\/www.onetimenexttime.sk\/arduino\/index.php\/produkt\/12v-led-display-automation-digital-delay-timer-control-switch-relay-module-integrated-circuits\/#primaryimage\"},\"thumbnailUrl\":\"https:\/\/www.onetimenexttime.sk\/arduino\/wp-content\/uploads\/2021\/10\/305.jpg\",\"datePublished\":\"2021-10-17T19:20:47+00:00\",\"dateModified\":\"2021-10-18T09:17:32+00:00\",\"breadcrumb\":{\"@id\":\"https:\/\/www.onetimenexttime.sk\/arduino\/index.php\/produkt\/12v-led-display-automation-digital-delay-timer-control-switch-relay-module-integrated-circuits\/#breadcrumb\"},\"inLanguage\":\"sk-SK\",\"potentialAction\":[{\"@type\":\"ReadAction\",\"target\":[\"https:\/\/www.onetimenexttime.sk\/arduino\/index.php\/produkt\/12v-led-display-automation-digital-delay-timer-control-switch-relay-module-integrated-circuits\/\"]}]},{\"@type\":\"ImageObject\",\"inLanguage\":\"sk-SK\",\"@id\":\"https:\/\/www.onetimenexttime.sk\/arduino\/index.php\/produkt\/12v-led-display-automation-digital-delay-timer-control-switch-relay-module-integrated-circuits\/#primaryimage\",\"url\":\"https:\/\/www.onetimenexttime.sk\/arduino\/wp-content\/uploads\/2021\/10\/305.jpg\",\"contentUrl\":\"https:\/\/www.onetimenexttime.sk\/arduino\/wp-content\/uploads\/2021\/10\/305.jpg\",\"width\":596,\"height\":595},{\"@type\":\"BreadcrumbList\",\"@id\":\"https:\/\/www.onetimenexttime.sk\/arduino\/index.php\/produkt\/12v-led-display-automation-digital-delay-timer-control-switch-relay-module-integrated-circuits\/#breadcrumb\",\"itemListElement\":[{\"@type\":\"ListItem\",\"position\":1,\"name\":\"Domov\",\"item\":\"https:\/\/www.onetimenexttime.sk\/arduino\/\"},{\"@type\":\"ListItem\",\"position\":2,\"name\":\"Obchod\",\"item\":\"https:\/\/www.onetimenexttime.sk\/arduino\/\"},{\"@type\":\"ListItem\",\"position\":3,\"name\":\"12V LED Display Automation Digital Delay Timer Control Switch Relay Module Integrated Circuits\"}]},{\"@type\":\"WebSite\",\"@id\":\"https:\/\/www.onetimenexttime.sk\/arduino\/#website\",\"url\":\"https:\/\/www.onetimenexttime.sk\/arduino\/\",\"name\":\"Arduino e-shop\",\"description\":\"Home Assistant\",\"potentialAction\":[{\"@type\":\"SearchAction\",\"target\":{\"@type\":\"EntryPoint\",\"urlTemplate\":\"https:\/\/www.onetimenexttime.sk\/arduino\/?s={search_term_string}\"},\"query-input\":{\"@type\":\"PropertyValueSpecification\",\"valueRequired\":true,\"valueName\":\"search_term_string\"}}],\"inLanguage\":\"sk-SK\"}]}<\/script>\n<!-- \/ Yoast SEO plugin. -->","yoast_head_json":{"title":"12V LED Display Automation Digital Delay Timer Control Switch Relay Module Integrated Circuits - Arduino e-shop","robots":{"index":"index","follow":"follow","max-snippet":"max-snippet:-1","max-image-preview":"max-image-preview:large","max-video-preview":"max-video-preview:-1"},"canonical":"https:\/\/www.onetimenexttime.sk\/arduino\/index.php\/produkt\/12v-led-display-automation-digital-delay-timer-control-switch-relay-module-integrated-circuits\/","og_locale":"sk_SK","og_type":"article","og_title":"12V LED Display Automation Digital Delay Timer Control Switch Relay Module Integrated Circuits - Arduino e-shop","og_description":"Jedn\u00e1 sa o modul \u010dasova\u010da oneskorenia s vysok\u00fdm v\u00fdkonom, ktor\u00fd je pohodln\u00fd a praktick\u00fd pre pou\u017e\u00edvate\u013eov. Vlastnosti: Nov\u00e9 vylep\u0161enia na&hellip;","og_url":"https:\/\/www.onetimenexttime.sk\/arduino\/index.php\/produkt\/12v-led-display-automation-digital-delay-timer-control-switch-relay-module-integrated-circuits\/","og_site_name":"Arduino e-shop","article_modified_time":"2021-10-18T09:17:32+00:00","og_image":[{"width":596,"height":595,"url":"https:\/\/www.onetimenexttime.sk\/arduino\/wp-content\/uploads\/2021\/10\/305.jpg","type":"image\/jpeg"}],"twitter_card":"summary_large_image","twitter_misc":{"Predpokladan\u00fd \u010das \u010d\u00edtania":"1 min\u00fata"},"schema":{"@context":"https:\/\/schema.org","@graph":[{"@type":"WebPage","@id":"https:\/\/www.onetimenexttime.sk\/arduino\/index.php\/produkt\/12v-led-display-automation-digital-delay-timer-control-switch-relay-module-integrated-circuits\/","url":"https:\/\/www.onetimenexttime.sk\/arduino\/index.php\/produkt\/12v-led-display-automation-digital-delay-timer-control-switch-relay-module-integrated-circuits\/","name":"12V LED Display Automation Digital Delay Timer Control Switch Relay Module Integrated Circuits - Arduino e-shop","isPartOf":{"@id":"https:\/\/www.onetimenexttime.sk\/arduino\/#website"},"primaryImageOfPage":{"@id":"https:\/\/www.onetimenexttime.sk\/arduino\/index.php\/produkt\/12v-led-display-automation-digital-delay-timer-control-switch-relay-module-integrated-circuits\/#primaryimage"},"image":{"@id":"https:\/\/www.onetimenexttime.sk\/arduino\/index.php\/produkt\/12v-led-display-automation-digital-delay-timer-control-switch-relay-module-integrated-circuits\/#primaryimage"},"thumbnailUrl":"https:\/\/www.onetimenexttime.sk\/arduino\/wp-content\/uploads\/2021\/10\/305.jpg","datePublished":"2021-10-17T19:20:47+00:00","dateModified":"2021-10-18T09:17:32+00:00","breadcrumb":{"@id":"https:\/\/www.onetimenexttime.sk\/arduino\/index.php\/produkt\/12v-led-display-automation-digital-delay-timer-control-switch-relay-module-integrated-circuits\/#breadcrumb"},"inLanguage":"sk-SK","potentialAction":[{"@type":"ReadAction","target":["https:\/\/www.onetimenexttime.sk\/arduino\/index.php\/produkt\/12v-led-display-automation-digital-delay-timer-control-switch-relay-module-integrated-circuits\/"]}]},{"@type":"ImageObject","inLanguage":"sk-SK","@id":"https:\/\/www.onetimenexttime.sk\/arduino\/index.php\/produkt\/12v-led-display-automation-digital-delay-timer-control-switch-relay-module-integrated-circuits\/#primaryimage","url":"https:\/\/www.onetimenexttime.sk\/arduino\/wp-content\/uploads\/2021\/10\/305.jpg","contentUrl":"https:\/\/www.onetimenexttime.sk\/arduino\/wp-content\/uploads\/2021\/10\/305.jpg","width":596,"height":595},{"@type":"BreadcrumbList","@id":"https:\/\/www.onetimenexttime.sk\/arduino\/index.php\/produkt\/12v-led-display-automation-digital-delay-timer-control-switch-relay-module-integrated-circuits\/#breadcrumb","itemListElement":[{"@type":"ListItem","position":1,"name":"Domov","item":"https:\/\/www.onetimenexttime.sk\/arduino\/"},{"@type":"ListItem","position":2,"name":"Obchod","item":"https:\/\/www.onetimenexttime.sk\/arduino\/"},{"@type":"ListItem","position":3,"name":"12V LED Display Automation Digital Delay Timer Control Switch Relay Module Integrated Circuits"}]},{"@type":"WebSite","@id":"https:\/\/www.onetimenexttime.sk\/arduino\/#website","url":"https:\/\/www.onetimenexttime.sk\/arduino\/","name":"Arduino e-shop","description":"Home Assistant","potentialAction":[{"@type":"SearchAction","target":{"@type":"EntryPoint","urlTemplate":"https:\/\/www.onetimenexttime.sk\/arduino\/?s={search_term_string}"},"query-input":{"@type":"PropertyValueSpecification","valueRequired":true,"valueName":"search_term_string"}}],"inLanguage":"sk-SK"}]}},"_links":{"self":[{"href":"https:\/\/www.onetimenexttime.sk\/arduino\/index.php\/wp-json\/wp\/v2\/product\/98"}],"collection":[{"href":"https:\/\/www.onetimenexttime.sk\/arduino\/index.php\/wp-json\/wp\/v2\/product"}],"about":[{"href":"https:\/\/www.onetimenexttime.sk\/arduino\/index.php\/wp-json\/wp\/v2\/types\/product"}],"wp:featuredmedia":[{"embeddable":true,"href":"https:\/\/www.onetimenexttime.sk\/arduino\/index.php\/wp-json\/wp\/v2\/media\/99"}],"wp:attachment":[{"href":"https:\/\/www.onetimenexttime.sk\/arduino\/index.php\/wp-json\/wp\/v2\/media?parent=98"}],"wp:term":[{"taxonomy":"product_cat","embeddable":true,"href":"https:\/\/www.onetimenexttime.sk\/arduino\/index.php\/wp-json\/wp\/v2\/product_cat?post=98"},{"taxonomy":"product_tag","embeddable":true,"href":"https:\/\/www.onetimenexttime.sk\/arduino\/index.php\/wp-json\/wp\/v2\/product_tag?post=98"}],"curies":[{"name":"wp","href":"https:\/\/api.w.org\/{rel}","templated":true}]}}