{"id":969,"date":"2021-11-04T17:38:03","date_gmt":"2021-11-04T16:38:03","guid":{"rendered":"https:\/\/www.onetimenexttime.sk\/arduino\/?post_type=product&#038;p=969"},"modified":"2021-11-04T17:44:31","modified_gmt":"2021-11-04T16:44:31","slug":"8-ports-network-swich-10-100mbps-lan-rj45-switcher-fast-ethernet-hub-mdi-full-half-duplex-exchange-ac-prower-adapter-eu-us-2","status":"publish","type":"product","link":"https:\/\/www.onetimenexttime.sk\/arduino\/index.php\/produkt\/8-ports-network-swich-10-100mbps-lan-rj45-switcher-fast-ethernet-hub-mdi-full-half-duplex-exchange-ac-prower-adapter-eu-us-2\/","title":{"rendered":"8 Ports Network Swich 10\/100Mbps LAN RJ45 Switcher Fast Ethernet Hub MDI Full\/Half duplex exchange + AC Prower Adapter EU US"},"content":{"rendered":"<h2>2100mAh Adapt\u00e9r dom\u00e1cej nab\u00edja\u010dky do steny E\u00da Z\u00e1suvka Nap\u00e1jac\u00ed panel Dvojit\u00fd port USB YB114-SZ<\/h2>\n<p>Vlastnosti:<br \/>\n1. 100% \u00faplne nov\u00fd a vysoko kvalitn\u00fd n\u00e1stenn\u00fd z\u00e1suvkov\u00fd panel.<br \/>\n2. N\u00e1stenn\u00e1 nab\u00edja\u010dka sa pou\u017e\u00edva na nap\u00e1janie mobiln\u00fdch telef\u00f3nov, digit\u00e1lnych produktov alebo in\u00fdch elektrick\u00fdch zariaden\u00ed.<br \/>\n3. \u010co sa t\u00fdka tejto \u0161peci\u00e1lnej n\u00e1stennej z\u00e1suvky, na pl\u00e1\u0161ti sa nach\u00e1dza du\u00e1lne rozhranie USB a z\u00e1suvka s dvomi hrotmi.<br \/>\n4. Dok\u00e1\u017ee uspokoji\u0165 potreby nab\u00edjania r\u00f4znych zariaden\u00ed, ako napr\u00edklad iPad a tablet PC. 2,1A Max.<br \/>\n5. Tento v\u00fdrobok by mal in\u0161talova\u0165 profesion\u00e1lny elektrik\u00e1r pod\u013ea n\u00e1vodu na in\u0161tal\u00e1ciu (je s\u00fa\u010das\u0165ou balenia).<br \/>\n6. Univerz\u00e1lne sa pou\u017e\u00edva na mnoh\u00fdch miestach, ako je hotel, re\u0161taur\u00e1cia, domov, verejn\u00e9 miesta, pre pohodlie z\u00e1kazn\u00edkov pri nab\u00edjan\u00ed digit\u00e1lnych produktov.<\/p>\n<p>Technick\u00e9 \u00fadaje:<br \/>\n1. S 2 portami USB.<br \/>\n2. USB v\u00fdstup: celkom 5V 2,1A.<br \/>\n3. Vstup: 220~240V~50\/60Hz,0,4A<br \/>\n4. Menovit\u00e9 nap\u00e4tie (nap\u00e4tia): 250VAC\/50Hz<br \/>\n5. Menovit\u00fd pr\u00fad: 16A<br \/>\n6. Zabezpe\u010denie uzemnenia: S uzem\u0148ovac\u00edm kontaktom<br \/>\n7. Stupe\u0148 ochrany pred \u00farazom elektrick\u00fdm pr\u00fadom: So zv\u00fd\u0161enou ochranou<br \/>\n8. Typ svoriek: Skrutkov\u00e9<br \/>\n9. Existencia uz\u00e1veru: S<br \/>\n10.Po\u010det p\u00f3lov: 2P + E<br \/>\n11. Rozmer: 86 mm x 86 mm x 40 mm<br \/>\n12.Farba: Biela<\/p>\n<p>Balenie obsahuje:<br \/>\n1 x n\u00e1stenn\u00fd nab\u00edjac\u00ed adapt\u00e9r<br \/>\n1 x N\u00e1vod na in\u0161tal\u00e1ciu<\/p>\n","protected":false},"excerpt":{"rendered":"<p>2100mAh Adapt\u00e9r dom\u00e1cej nab\u00edja\u010dky do steny E\u00da Z\u00e1suvka Nap\u00e1jac\u00ed panel Dvojit\u00fd port USB YB114-SZ Vlastnosti: 1. 100% \u00faplne nov\u00fd a&hellip;<\/p>\n","protected":false},"featured_media":971,"template":"","meta":{"_monsterinsights_skip_tracking":false,"_monsterinsights_sitenote_active":false,"_monsterinsights_sitenote_note":"","_monsterinsights_sitenote_category":0},"product_cat":[50,40],"product_tag":[],"class_list":{"0":"post-969","1":"product","2":"type-product","3":"status-publish","4":"has-post-thumbnail","6":"product_cat-pc","7":"product_cat-wifi-2","9":"first","10":"instock","11":"shipping-taxable","12":"purchasable","13":"product-type-simple"},"yoast_head":"<!-- This site is optimized with the Yoast SEO plugin v23.6 - https:\/\/yoast.com\/wordpress\/plugins\/seo\/ -->\n<title>8 Ports Network Swich 10\/100Mbps LAN RJ45 Switcher Fast Ethernet Hub MDI Full\/Half duplex exchange + AC Prower Adapter EU US - Arduino e-shop<\/title>\n<meta name=\"robots\" content=\"index, follow, max-snippet:-1, max-image-preview:large, max-video-preview:-1\" \/>\n<link rel=\"canonical\" href=\"https:\/\/www.onetimenexttime.sk\/arduino\/index.php\/produkt\/8-ports-network-swich-10-100mbps-lan-rj45-switcher-fast-ethernet-hub-mdi-full-half-duplex-exchange-ac-prower-adapter-eu-us-2\/\" \/>\n<meta property=\"og:locale\" content=\"sk_SK\" \/>\n<meta property=\"og:type\" content=\"article\" \/>\n<meta property=\"og:title\" content=\"8 Ports Network Swich 10\/100Mbps LAN RJ45 Switcher Fast Ethernet Hub MDI Full\/Half duplex exchange + AC Prower Adapter EU US - Arduino e-shop\" \/>\n<meta property=\"og:description\" content=\"2100mAh Adapt\u00e9r dom\u00e1cej nab\u00edja\u010dky do steny E\u00da Z\u00e1suvka Nap\u00e1jac\u00ed panel Dvojit\u00fd port USB YB114-SZ Vlastnosti: 1. 100% \u00faplne nov\u00fd a&hellip;\" \/>\n<meta property=\"og:url\" content=\"https:\/\/www.onetimenexttime.sk\/arduino\/index.php\/produkt\/8-ports-network-swich-10-100mbps-lan-rj45-switcher-fast-ethernet-hub-mdi-full-half-duplex-exchange-ac-prower-adapter-eu-us-2\/\" \/>\n<meta property=\"og:site_name\" content=\"Arduino e-shop\" \/>\n<meta property=\"article:modified_time\" content=\"2021-11-04T16:44:31+00:00\" \/>\n<meta property=\"og:image\" content=\"https:\/\/www.onetimenexttime.sk\/arduino\/wp-content\/uploads\/2021\/11\/72-1.jpg\" \/>\n\t<meta property=\"og:image:width\" content=\"506\" \/>\n\t<meta property=\"og:image:height\" content=\"505\" \/>\n\t<meta property=\"og:image:type\" content=\"image\/jpeg\" \/>\n<meta name=\"twitter:card\" content=\"summary_large_image\" \/>\n<meta name=\"twitter:label1\" content=\"Predpokladan\u00fd \u010das \u010d\u00edtania\" \/>\n\t<meta name=\"twitter:data1\" content=\"1 min\u00fata\" \/>\n<script type=\"application\/ld+json\" class=\"yoast-schema-graph\">{\"@context\":\"https:\/\/schema.org\",\"@graph\":[{\"@type\":\"WebPage\",\"@id\":\"https:\/\/www.onetimenexttime.sk\/arduino\/index.php\/produkt\/8-ports-network-swich-10-100mbps-lan-rj45-switcher-fast-ethernet-hub-mdi-full-half-duplex-exchange-ac-prower-adapter-eu-us-2\/\",\"url\":\"https:\/\/www.onetimenexttime.sk\/arduino\/index.php\/produkt\/8-ports-network-swich-10-100mbps-lan-rj45-switcher-fast-ethernet-hub-mdi-full-half-duplex-exchange-ac-prower-adapter-eu-us-2\/\",\"name\":\"8 Ports Network Swich 10\/100Mbps LAN RJ45 Switcher Fast Ethernet Hub MDI Full\/Half duplex exchange + AC Prower Adapter EU US - Arduino e-shop\",\"isPartOf\":{\"@id\":\"https:\/\/www.onetimenexttime.sk\/arduino\/#website\"},\"primaryImageOfPage\":{\"@id\":\"https:\/\/www.onetimenexttime.sk\/arduino\/index.php\/produkt\/8-ports-network-swich-10-100mbps-lan-rj45-switcher-fast-ethernet-hub-mdi-full-half-duplex-exchange-ac-prower-adapter-eu-us-2\/#primaryimage\"},\"image\":{\"@id\":\"https:\/\/www.onetimenexttime.sk\/arduino\/index.php\/produkt\/8-ports-network-swich-10-100mbps-lan-rj45-switcher-fast-ethernet-hub-mdi-full-half-duplex-exchange-ac-prower-adapter-eu-us-2\/#primaryimage\"},\"thumbnailUrl\":\"https:\/\/www.onetimenexttime.sk\/arduino\/wp-content\/uploads\/2021\/11\/72-1.jpg\",\"datePublished\":\"2021-11-04T16:38:03+00:00\",\"dateModified\":\"2021-11-04T16:44:31+00:00\",\"breadcrumb\":{\"@id\":\"https:\/\/www.onetimenexttime.sk\/arduino\/index.php\/produkt\/8-ports-network-swich-10-100mbps-lan-rj45-switcher-fast-ethernet-hub-mdi-full-half-duplex-exchange-ac-prower-adapter-eu-us-2\/#breadcrumb\"},\"inLanguage\":\"sk-SK\",\"potentialAction\":[{\"@type\":\"ReadAction\",\"target\":[\"https:\/\/www.onetimenexttime.sk\/arduino\/index.php\/produkt\/8-ports-network-swich-10-100mbps-lan-rj45-switcher-fast-ethernet-hub-mdi-full-half-duplex-exchange-ac-prower-adapter-eu-us-2\/\"]}]},{\"@type\":\"ImageObject\",\"inLanguage\":\"sk-SK\",\"@id\":\"https:\/\/www.onetimenexttime.sk\/arduino\/index.php\/produkt\/8-ports-network-swich-10-100mbps-lan-rj45-switcher-fast-ethernet-hub-mdi-full-half-duplex-exchange-ac-prower-adapter-eu-us-2\/#primaryimage\",\"url\":\"https:\/\/www.onetimenexttime.sk\/arduino\/wp-content\/uploads\/2021\/11\/72-1.jpg\",\"contentUrl\":\"https:\/\/www.onetimenexttime.sk\/arduino\/wp-content\/uploads\/2021\/11\/72-1.jpg\",\"width\":506,\"height\":505},{\"@type\":\"BreadcrumbList\",\"@id\":\"https:\/\/www.onetimenexttime.sk\/arduino\/index.php\/produkt\/8-ports-network-swich-10-100mbps-lan-rj45-switcher-fast-ethernet-hub-mdi-full-half-duplex-exchange-ac-prower-adapter-eu-us-2\/#breadcrumb\",\"itemListElement\":[{\"@type\":\"ListItem\",\"position\":1,\"name\":\"Domov\",\"item\":\"https:\/\/www.onetimenexttime.sk\/arduino\/\"},{\"@type\":\"ListItem\",\"position\":2,\"name\":\"Obchod\",\"item\":\"https:\/\/www.onetimenexttime.sk\/arduino\/\"},{\"@type\":\"ListItem\",\"position\":3,\"name\":\"8 Ports Network Swich 10\/100Mbps LAN RJ45 Switcher Fast Ethernet Hub MDI Full\/Half duplex exchange + AC Prower Adapter EU US\"}]},{\"@type\":\"WebSite\",\"@id\":\"https:\/\/www.onetimenexttime.sk\/arduino\/#website\",\"url\":\"https:\/\/www.onetimenexttime.sk\/arduino\/\",\"name\":\"Arduino e-shop\",\"description\":\"Home Assistant\",\"potentialAction\":[{\"@type\":\"SearchAction\",\"target\":{\"@type\":\"EntryPoint\",\"urlTemplate\":\"https:\/\/www.onetimenexttime.sk\/arduino\/?s={search_term_string}\"},\"query-input\":{\"@type\":\"PropertyValueSpecification\",\"valueRequired\":true,\"valueName\":\"search_term_string\"}}],\"inLanguage\":\"sk-SK\"}]}<\/script>\n<!-- \/ Yoast SEO plugin. -->","yoast_head_json":{"title":"8 Ports Network Swich 10\/100Mbps LAN RJ45 Switcher Fast Ethernet Hub MDI Full\/Half duplex exchange + AC Prower Adapter EU US - Arduino e-shop","robots":{"index":"index","follow":"follow","max-snippet":"max-snippet:-1","max-image-preview":"max-image-preview:large","max-video-preview":"max-video-preview:-1"},"canonical":"https:\/\/www.onetimenexttime.sk\/arduino\/index.php\/produkt\/8-ports-network-swich-10-100mbps-lan-rj45-switcher-fast-ethernet-hub-mdi-full-half-duplex-exchange-ac-prower-adapter-eu-us-2\/","og_locale":"sk_SK","og_type":"article","og_title":"8 Ports Network Swich 10\/100Mbps LAN RJ45 Switcher Fast Ethernet Hub MDI Full\/Half duplex exchange + AC Prower Adapter EU US - Arduino e-shop","og_description":"2100mAh Adapt\u00e9r dom\u00e1cej nab\u00edja\u010dky do steny E\u00da Z\u00e1suvka Nap\u00e1jac\u00ed panel Dvojit\u00fd port USB YB114-SZ Vlastnosti: 1. 100% \u00faplne nov\u00fd a&hellip;","og_url":"https:\/\/www.onetimenexttime.sk\/arduino\/index.php\/produkt\/8-ports-network-swich-10-100mbps-lan-rj45-switcher-fast-ethernet-hub-mdi-full-half-duplex-exchange-ac-prower-adapter-eu-us-2\/","og_site_name":"Arduino e-shop","article_modified_time":"2021-11-04T16:44:31+00:00","og_image":[{"width":506,"height":505,"url":"https:\/\/www.onetimenexttime.sk\/arduino\/wp-content\/uploads\/2021\/11\/72-1.jpg","type":"image\/jpeg"}],"twitter_card":"summary_large_image","twitter_misc":{"Predpokladan\u00fd \u010das \u010d\u00edtania":"1 min\u00fata"},"schema":{"@context":"https:\/\/schema.org","@graph":[{"@type":"WebPage","@id":"https:\/\/www.onetimenexttime.sk\/arduino\/index.php\/produkt\/8-ports-network-swich-10-100mbps-lan-rj45-switcher-fast-ethernet-hub-mdi-full-half-duplex-exchange-ac-prower-adapter-eu-us-2\/","url":"https:\/\/www.onetimenexttime.sk\/arduino\/index.php\/produkt\/8-ports-network-swich-10-100mbps-lan-rj45-switcher-fast-ethernet-hub-mdi-full-half-duplex-exchange-ac-prower-adapter-eu-us-2\/","name":"8 Ports Network Swich 10\/100Mbps LAN RJ45 Switcher Fast Ethernet Hub MDI Full\/Half duplex exchange + AC Prower Adapter EU US - Arduino e-shop","isPartOf":{"@id":"https:\/\/www.onetimenexttime.sk\/arduino\/#website"},"primaryImageOfPage":{"@id":"https:\/\/www.onetimenexttime.sk\/arduino\/index.php\/produkt\/8-ports-network-swich-10-100mbps-lan-rj45-switcher-fast-ethernet-hub-mdi-full-half-duplex-exchange-ac-prower-adapter-eu-us-2\/#primaryimage"},"image":{"@id":"https:\/\/www.onetimenexttime.sk\/arduino\/index.php\/produkt\/8-ports-network-swich-10-100mbps-lan-rj45-switcher-fast-ethernet-hub-mdi-full-half-duplex-exchange-ac-prower-adapter-eu-us-2\/#primaryimage"},"thumbnailUrl":"https:\/\/www.onetimenexttime.sk\/arduino\/wp-content\/uploads\/2021\/11\/72-1.jpg","datePublished":"2021-11-04T16:38:03+00:00","dateModified":"2021-11-04T16:44:31+00:00","breadcrumb":{"@id":"https:\/\/www.onetimenexttime.sk\/arduino\/index.php\/produkt\/8-ports-network-swich-10-100mbps-lan-rj45-switcher-fast-ethernet-hub-mdi-full-half-duplex-exchange-ac-prower-adapter-eu-us-2\/#breadcrumb"},"inLanguage":"sk-SK","potentialAction":[{"@type":"ReadAction","target":["https:\/\/www.onetimenexttime.sk\/arduino\/index.php\/produkt\/8-ports-network-swich-10-100mbps-lan-rj45-switcher-fast-ethernet-hub-mdi-full-half-duplex-exchange-ac-prower-adapter-eu-us-2\/"]}]},{"@type":"ImageObject","inLanguage":"sk-SK","@id":"https:\/\/www.onetimenexttime.sk\/arduino\/index.php\/produkt\/8-ports-network-swich-10-100mbps-lan-rj45-switcher-fast-ethernet-hub-mdi-full-half-duplex-exchange-ac-prower-adapter-eu-us-2\/#primaryimage","url":"https:\/\/www.onetimenexttime.sk\/arduino\/wp-content\/uploads\/2021\/11\/72-1.jpg","contentUrl":"https:\/\/www.onetimenexttime.sk\/arduino\/wp-content\/uploads\/2021\/11\/72-1.jpg","width":506,"height":505},{"@type":"BreadcrumbList","@id":"https:\/\/www.onetimenexttime.sk\/arduino\/index.php\/produkt\/8-ports-network-swich-10-100mbps-lan-rj45-switcher-fast-ethernet-hub-mdi-full-half-duplex-exchange-ac-prower-adapter-eu-us-2\/#breadcrumb","itemListElement":[{"@type":"ListItem","position":1,"name":"Domov","item":"https:\/\/www.onetimenexttime.sk\/arduino\/"},{"@type":"ListItem","position":2,"name":"Obchod","item":"https:\/\/www.onetimenexttime.sk\/arduino\/"},{"@type":"ListItem","position":3,"name":"8 Ports Network Swich 10\/100Mbps LAN RJ45 Switcher Fast Ethernet Hub MDI Full\/Half duplex exchange + AC Prower Adapter EU US"}]},{"@type":"WebSite","@id":"https:\/\/www.onetimenexttime.sk\/arduino\/#website","url":"https:\/\/www.onetimenexttime.sk\/arduino\/","name":"Arduino e-shop","description":"Home Assistant","potentialAction":[{"@type":"SearchAction","target":{"@type":"EntryPoint","urlTemplate":"https:\/\/www.onetimenexttime.sk\/arduino\/?s={search_term_string}"},"query-input":{"@type":"PropertyValueSpecification","valueRequired":true,"valueName":"search_term_string"}}],"inLanguage":"sk-SK"}]}},"_links":{"self":[{"href":"https:\/\/www.onetimenexttime.sk\/arduino\/index.php\/wp-json\/wp\/v2\/product\/969"}],"collection":[{"href":"https:\/\/www.onetimenexttime.sk\/arduino\/index.php\/wp-json\/wp\/v2\/product"}],"about":[{"href":"https:\/\/www.onetimenexttime.sk\/arduino\/index.php\/wp-json\/wp\/v2\/types\/product"}],"wp:featuredmedia":[{"embeddable":true,"href":"https:\/\/www.onetimenexttime.sk\/arduino\/index.php\/wp-json\/wp\/v2\/media\/971"}],"wp:attachment":[{"href":"https:\/\/www.onetimenexttime.sk\/arduino\/index.php\/wp-json\/wp\/v2\/media?parent=969"}],"wp:term":[{"taxonomy":"product_cat","embeddable":true,"href":"https:\/\/www.onetimenexttime.sk\/arduino\/index.php\/wp-json\/wp\/v2\/product_cat?post=969"},{"taxonomy":"product_tag","embeddable":true,"href":"https:\/\/www.onetimenexttime.sk\/arduino\/index.php\/wp-json\/wp\/v2\/product_tag?post=969"}],"curies":[{"name":"wp","href":"https:\/\/api.w.org\/{rel}","templated":true}]}}