{"id":967,"date":"2021-11-04T17:32:19","date_gmt":"2021-11-04T16:32:19","guid":{"rendered":"https:\/\/www.onetimenexttime.sk\/arduino\/?post_type=product&#038;p=967"},"modified":"2021-11-04T17:35:09","modified_gmt":"2021-11-04T16:35:09","slug":"8-ports-network-swich-10-100mbps-lan-rj45-switcher-fast-ethernet-hub-mdi-full-half-duplex-exchange-ac-prower-adapter-eu-us","status":"publish","type":"product","link":"https:\/\/www.onetimenexttime.sk\/arduino\/index.php\/produkt\/8-ports-network-swich-10-100mbps-lan-rj45-switcher-fast-ethernet-hub-mdi-full-half-duplex-exchange-ac-prower-adapter-eu-us\/","title":{"rendered":"8 Ports Network Swich 10\/100Mbps LAN RJ45 Switcher Fast Ethernet Hub MDI Full\/Half duplex exchange + AC Prower Adapter EU US"},"content":{"rendered":"<h2>8 portov sie\u0165ov\u00fd prep\u00edna\u010d 10\/100 Mb\/s LAN RJ45 prep\u00edna\u010d Fast Ethernet Hub MDI Full\/Half duplex v\u00fdmena AC + nap\u00e1jac\u00ed adapt\u00e9r EU US<\/h2>\n<p>&nbsp;<\/p>\n<p>Sie\u0165ov\u00fd prep\u00edna\u010d 8 portov 10\/100 Mbps LAN RJ45 prep\u00edna\u010d Fast Ethernet Hub MDI Full\/Half duplex v\u00fdmena AC adapt\u00e9r EU US<br \/>\nHlavn\u00e9 parametre:<br \/>\nTyp produktu: Ethernetov\u00fd prep\u00edna\u010d<br \/>\nPrenosov\u00e1 r\u00fdchlos\u0165: 10\/100 Mbps<\/p>\n<p>Parametre portu:<br \/>\n\u0160trukt\u00fara portu: nemodul\u00e1rna<br \/>\nPo\u010det portov: 8<br \/>\nPopis portu: 8 portov 10\/100 Mbps<br \/>\nRe\u017eim prenosu: plne\/polovi\u010dn\u00fd duplex adapt\u00edvny<\/p>\n<p>Pr\u00edslu\u0161enstvo:<br \/>\n1 x 8 portov\u00fd sie\u0165ov\u00fd prep\u00edna\u010d 120 x60 x20\u00a0 mm<br \/>\n1 x DC nap\u00e1jac\u00ed adapt\u00e9r<\/p>\n","protected":false},"excerpt":{"rendered":"<p>8 portov sie\u0165ov\u00fd prep\u00edna\u010d 10\/100 Mb\/s LAN RJ45 prep\u00edna\u010d Fast Ethernet Hub MDI Full\/Half duplex v\u00fdmena AC + nap\u00e1jac\u00ed adapt\u00e9r&hellip;<\/p>\n","protected":false},"featured_media":968,"template":"","meta":{"_monsterinsights_skip_tracking":false,"_monsterinsights_sitenote_active":false,"_monsterinsights_sitenote_note":"","_monsterinsights_sitenote_category":0},"product_cat":[59,50,40],"product_tag":[],"class_list":{"0":"post-967","1":"product","2":"type-product","3":"status-publish","4":"has-post-thumbnail","6":"product_cat-lan-cable","7":"product_cat-pc","8":"product_cat-wifi-2","10":"first","11":"instock","12":"shipping-taxable","13":"purchasable","14":"product-type-simple"},"yoast_head":"<!-- This site is optimized with the Yoast SEO plugin v23.6 - https:\/\/yoast.com\/wordpress\/plugins\/seo\/ -->\n<title>8 Ports Network Swich 10\/100Mbps LAN RJ45 Switcher Fast Ethernet Hub MDI Full\/Half duplex exchange + AC Prower Adapter EU US - Arduino e-shop<\/title>\n<meta name=\"robots\" content=\"index, follow, max-snippet:-1, max-image-preview:large, max-video-preview:-1\" \/>\n<link rel=\"canonical\" href=\"https:\/\/www.onetimenexttime.sk\/arduino\/index.php\/produkt\/8-ports-network-swich-10-100mbps-lan-rj45-switcher-fast-ethernet-hub-mdi-full-half-duplex-exchange-ac-prower-adapter-eu-us\/\" \/>\n<meta property=\"og:locale\" content=\"sk_SK\" \/>\n<meta property=\"og:type\" content=\"article\" \/>\n<meta property=\"og:title\" content=\"8 Ports Network Swich 10\/100Mbps LAN RJ45 Switcher Fast Ethernet Hub MDI Full\/Half duplex exchange + AC Prower Adapter EU US - Arduino e-shop\" \/>\n<meta property=\"og:description\" content=\"8 portov sie\u0165ov\u00fd prep\u00edna\u010d 10\/100 Mb\/s LAN RJ45 prep\u00edna\u010d Fast Ethernet Hub MDI Full\/Half duplex v\u00fdmena AC + nap\u00e1jac\u00ed adapt\u00e9r&hellip;\" \/>\n<meta property=\"og:url\" content=\"https:\/\/www.onetimenexttime.sk\/arduino\/index.php\/produkt\/8-ports-network-swich-10-100mbps-lan-rj45-switcher-fast-ethernet-hub-mdi-full-half-duplex-exchange-ac-prower-adapter-eu-us\/\" \/>\n<meta property=\"og:site_name\" content=\"Arduino e-shop\" \/>\n<meta property=\"article:modified_time\" content=\"2021-11-04T16:35:09+00:00\" \/>\n<meta property=\"og:image\" content=\"https:\/\/www.onetimenexttime.sk\/arduino\/wp-content\/uploads\/2021\/11\/73.jpg\" \/>\n\t<meta property=\"og:image:width\" content=\"800\" \/>\n\t<meta property=\"og:image:height\" content=\"800\" \/>\n\t<meta property=\"og:image:type\" content=\"image\/jpeg\" \/>\n<meta name=\"twitter:card\" content=\"summary_large_image\" \/>\n<meta name=\"twitter:label1\" content=\"Predpokladan\u00fd \u010das \u010d\u00edtania\" \/>\n\t<meta name=\"twitter:data1\" content=\"1 min\u00fata\" \/>\n<script type=\"application\/ld+json\" class=\"yoast-schema-graph\">{\"@context\":\"https:\/\/schema.org\",\"@graph\":[{\"@type\":\"WebPage\",\"@id\":\"https:\/\/www.onetimenexttime.sk\/arduino\/index.php\/produkt\/8-ports-network-swich-10-100mbps-lan-rj45-switcher-fast-ethernet-hub-mdi-full-half-duplex-exchange-ac-prower-adapter-eu-us\/\",\"url\":\"https:\/\/www.onetimenexttime.sk\/arduino\/index.php\/produkt\/8-ports-network-swich-10-100mbps-lan-rj45-switcher-fast-ethernet-hub-mdi-full-half-duplex-exchange-ac-prower-adapter-eu-us\/\",\"name\":\"8 Ports Network Swich 10\/100Mbps LAN RJ45 Switcher Fast Ethernet Hub MDI Full\/Half duplex exchange + AC Prower Adapter EU US - Arduino e-shop\",\"isPartOf\":{\"@id\":\"https:\/\/www.onetimenexttime.sk\/arduino\/#website\"},\"primaryImageOfPage\":{\"@id\":\"https:\/\/www.onetimenexttime.sk\/arduino\/index.php\/produkt\/8-ports-network-swich-10-100mbps-lan-rj45-switcher-fast-ethernet-hub-mdi-full-half-duplex-exchange-ac-prower-adapter-eu-us\/#primaryimage\"},\"image\":{\"@id\":\"https:\/\/www.onetimenexttime.sk\/arduino\/index.php\/produkt\/8-ports-network-swich-10-100mbps-lan-rj45-switcher-fast-ethernet-hub-mdi-full-half-duplex-exchange-ac-prower-adapter-eu-us\/#primaryimage\"},\"thumbnailUrl\":\"https:\/\/www.onetimenexttime.sk\/arduino\/wp-content\/uploads\/2021\/11\/73.jpg\",\"datePublished\":\"2021-11-04T16:32:19+00:00\",\"dateModified\":\"2021-11-04T16:35:09+00:00\",\"breadcrumb\":{\"@id\":\"https:\/\/www.onetimenexttime.sk\/arduino\/index.php\/produkt\/8-ports-network-swich-10-100mbps-lan-rj45-switcher-fast-ethernet-hub-mdi-full-half-duplex-exchange-ac-prower-adapter-eu-us\/#breadcrumb\"},\"inLanguage\":\"sk-SK\",\"potentialAction\":[{\"@type\":\"ReadAction\",\"target\":[\"https:\/\/www.onetimenexttime.sk\/arduino\/index.php\/produkt\/8-ports-network-swich-10-100mbps-lan-rj45-switcher-fast-ethernet-hub-mdi-full-half-duplex-exchange-ac-prower-adapter-eu-us\/\"]}]},{\"@type\":\"ImageObject\",\"inLanguage\":\"sk-SK\",\"@id\":\"https:\/\/www.onetimenexttime.sk\/arduino\/index.php\/produkt\/8-ports-network-swich-10-100mbps-lan-rj45-switcher-fast-ethernet-hub-mdi-full-half-duplex-exchange-ac-prower-adapter-eu-us\/#primaryimage\",\"url\":\"https:\/\/www.onetimenexttime.sk\/arduino\/wp-content\/uploads\/2021\/11\/73.jpg\",\"contentUrl\":\"https:\/\/www.onetimenexttime.sk\/arduino\/wp-content\/uploads\/2021\/11\/73.jpg\",\"width\":800,\"height\":800},{\"@type\":\"BreadcrumbList\",\"@id\":\"https:\/\/www.onetimenexttime.sk\/arduino\/index.php\/produkt\/8-ports-network-swich-10-100mbps-lan-rj45-switcher-fast-ethernet-hub-mdi-full-half-duplex-exchange-ac-prower-adapter-eu-us\/#breadcrumb\",\"itemListElement\":[{\"@type\":\"ListItem\",\"position\":1,\"name\":\"Domov\",\"item\":\"https:\/\/www.onetimenexttime.sk\/arduino\/\"},{\"@type\":\"ListItem\",\"position\":2,\"name\":\"Obchod\",\"item\":\"https:\/\/www.onetimenexttime.sk\/arduino\/\"},{\"@type\":\"ListItem\",\"position\":3,\"name\":\"8 Ports Network Swich 10\/100Mbps LAN RJ45 Switcher Fast Ethernet Hub MDI Full\/Half duplex exchange + AC Prower Adapter EU US\"}]},{\"@type\":\"WebSite\",\"@id\":\"https:\/\/www.onetimenexttime.sk\/arduino\/#website\",\"url\":\"https:\/\/www.onetimenexttime.sk\/arduino\/\",\"name\":\"Arduino e-shop\",\"description\":\"Home Assistant\",\"potentialAction\":[{\"@type\":\"SearchAction\",\"target\":{\"@type\":\"EntryPoint\",\"urlTemplate\":\"https:\/\/www.onetimenexttime.sk\/arduino\/?s={search_term_string}\"},\"query-input\":{\"@type\":\"PropertyValueSpecification\",\"valueRequired\":true,\"valueName\":\"search_term_string\"}}],\"inLanguage\":\"sk-SK\"}]}<\/script>\n<!-- \/ Yoast SEO plugin. -->","yoast_head_json":{"title":"8 Ports Network Swich 10\/100Mbps LAN RJ45 Switcher Fast Ethernet Hub MDI Full\/Half duplex exchange + AC Prower Adapter EU US - Arduino e-shop","robots":{"index":"index","follow":"follow","max-snippet":"max-snippet:-1","max-image-preview":"max-image-preview:large","max-video-preview":"max-video-preview:-1"},"canonical":"https:\/\/www.onetimenexttime.sk\/arduino\/index.php\/produkt\/8-ports-network-swich-10-100mbps-lan-rj45-switcher-fast-ethernet-hub-mdi-full-half-duplex-exchange-ac-prower-adapter-eu-us\/","og_locale":"sk_SK","og_type":"article","og_title":"8 Ports Network Swich 10\/100Mbps LAN RJ45 Switcher Fast Ethernet Hub MDI Full\/Half duplex exchange + AC Prower Adapter EU US - Arduino e-shop","og_description":"8 portov sie\u0165ov\u00fd prep\u00edna\u010d 10\/100 Mb\/s LAN RJ45 prep\u00edna\u010d Fast Ethernet Hub MDI Full\/Half duplex v\u00fdmena AC + nap\u00e1jac\u00ed adapt\u00e9r&hellip;","og_url":"https:\/\/www.onetimenexttime.sk\/arduino\/index.php\/produkt\/8-ports-network-swich-10-100mbps-lan-rj45-switcher-fast-ethernet-hub-mdi-full-half-duplex-exchange-ac-prower-adapter-eu-us\/","og_site_name":"Arduino e-shop","article_modified_time":"2021-11-04T16:35:09+00:00","og_image":[{"width":800,"height":800,"url":"https:\/\/www.onetimenexttime.sk\/arduino\/wp-content\/uploads\/2021\/11\/73.jpg","type":"image\/jpeg"}],"twitter_card":"summary_large_image","twitter_misc":{"Predpokladan\u00fd \u010das \u010d\u00edtania":"1 min\u00fata"},"schema":{"@context":"https:\/\/schema.org","@graph":[{"@type":"WebPage","@id":"https:\/\/www.onetimenexttime.sk\/arduino\/index.php\/produkt\/8-ports-network-swich-10-100mbps-lan-rj45-switcher-fast-ethernet-hub-mdi-full-half-duplex-exchange-ac-prower-adapter-eu-us\/","url":"https:\/\/www.onetimenexttime.sk\/arduino\/index.php\/produkt\/8-ports-network-swich-10-100mbps-lan-rj45-switcher-fast-ethernet-hub-mdi-full-half-duplex-exchange-ac-prower-adapter-eu-us\/","name":"8 Ports Network Swich 10\/100Mbps LAN RJ45 Switcher Fast Ethernet Hub MDI Full\/Half duplex exchange + AC Prower Adapter EU US - Arduino e-shop","isPartOf":{"@id":"https:\/\/www.onetimenexttime.sk\/arduino\/#website"},"primaryImageOfPage":{"@id":"https:\/\/www.onetimenexttime.sk\/arduino\/index.php\/produkt\/8-ports-network-swich-10-100mbps-lan-rj45-switcher-fast-ethernet-hub-mdi-full-half-duplex-exchange-ac-prower-adapter-eu-us\/#primaryimage"},"image":{"@id":"https:\/\/www.onetimenexttime.sk\/arduino\/index.php\/produkt\/8-ports-network-swich-10-100mbps-lan-rj45-switcher-fast-ethernet-hub-mdi-full-half-duplex-exchange-ac-prower-adapter-eu-us\/#primaryimage"},"thumbnailUrl":"https:\/\/www.onetimenexttime.sk\/arduino\/wp-content\/uploads\/2021\/11\/73.jpg","datePublished":"2021-11-04T16:32:19+00:00","dateModified":"2021-11-04T16:35:09+00:00","breadcrumb":{"@id":"https:\/\/www.onetimenexttime.sk\/arduino\/index.php\/produkt\/8-ports-network-swich-10-100mbps-lan-rj45-switcher-fast-ethernet-hub-mdi-full-half-duplex-exchange-ac-prower-adapter-eu-us\/#breadcrumb"},"inLanguage":"sk-SK","potentialAction":[{"@type":"ReadAction","target":["https:\/\/www.onetimenexttime.sk\/arduino\/index.php\/produkt\/8-ports-network-swich-10-100mbps-lan-rj45-switcher-fast-ethernet-hub-mdi-full-half-duplex-exchange-ac-prower-adapter-eu-us\/"]}]},{"@type":"ImageObject","inLanguage":"sk-SK","@id":"https:\/\/www.onetimenexttime.sk\/arduino\/index.php\/produkt\/8-ports-network-swich-10-100mbps-lan-rj45-switcher-fast-ethernet-hub-mdi-full-half-duplex-exchange-ac-prower-adapter-eu-us\/#primaryimage","url":"https:\/\/www.onetimenexttime.sk\/arduino\/wp-content\/uploads\/2021\/11\/73.jpg","contentUrl":"https:\/\/www.onetimenexttime.sk\/arduino\/wp-content\/uploads\/2021\/11\/73.jpg","width":800,"height":800},{"@type":"BreadcrumbList","@id":"https:\/\/www.onetimenexttime.sk\/arduino\/index.php\/produkt\/8-ports-network-swich-10-100mbps-lan-rj45-switcher-fast-ethernet-hub-mdi-full-half-duplex-exchange-ac-prower-adapter-eu-us\/#breadcrumb","itemListElement":[{"@type":"ListItem","position":1,"name":"Domov","item":"https:\/\/www.onetimenexttime.sk\/arduino\/"},{"@type":"ListItem","position":2,"name":"Obchod","item":"https:\/\/www.onetimenexttime.sk\/arduino\/"},{"@type":"ListItem","position":3,"name":"8 Ports Network Swich 10\/100Mbps LAN RJ45 Switcher Fast Ethernet Hub MDI Full\/Half duplex exchange + AC Prower Adapter EU US"}]},{"@type":"WebSite","@id":"https:\/\/www.onetimenexttime.sk\/arduino\/#website","url":"https:\/\/www.onetimenexttime.sk\/arduino\/","name":"Arduino e-shop","description":"Home Assistant","potentialAction":[{"@type":"SearchAction","target":{"@type":"EntryPoint","urlTemplate":"https:\/\/www.onetimenexttime.sk\/arduino\/?s={search_term_string}"},"query-input":{"@type":"PropertyValueSpecification","valueRequired":true,"valueName":"search_term_string"}}],"inLanguage":"sk-SK"}]}},"_links":{"self":[{"href":"https:\/\/www.onetimenexttime.sk\/arduino\/index.php\/wp-json\/wp\/v2\/product\/967"}],"collection":[{"href":"https:\/\/www.onetimenexttime.sk\/arduino\/index.php\/wp-json\/wp\/v2\/product"}],"about":[{"href":"https:\/\/www.onetimenexttime.sk\/arduino\/index.php\/wp-json\/wp\/v2\/types\/product"}],"wp:featuredmedia":[{"embeddable":true,"href":"https:\/\/www.onetimenexttime.sk\/arduino\/index.php\/wp-json\/wp\/v2\/media\/968"}],"wp:attachment":[{"href":"https:\/\/www.onetimenexttime.sk\/arduino\/index.php\/wp-json\/wp\/v2\/media?parent=967"}],"wp:term":[{"taxonomy":"product_cat","embeddable":true,"href":"https:\/\/www.onetimenexttime.sk\/arduino\/index.php\/wp-json\/wp\/v2\/product_cat?post=967"},{"taxonomy":"product_tag","embeddable":true,"href":"https:\/\/www.onetimenexttime.sk\/arduino\/index.php\/wp-json\/wp\/v2\/product_tag?post=967"}],"curies":[{"name":"wp","href":"https:\/\/api.w.org\/{rel}","templated":true}]}}