{"id":960,"date":"2021-11-02T11:56:30","date_gmt":"2021-11-02T10:56:30","guid":{"rendered":"https:\/\/www.onetimenexttime.sk\/arduino\/?post_type=product&#038;p=960"},"modified":"2021-11-02T12:07:26","modified_gmt":"2021-11-02T11:07:26","slug":"ac-220v-1500w-electronic-motor-speed-controller-switch-regulation-fan-control","status":"publish","type":"product","link":"https:\/\/www.onetimenexttime.sk\/arduino\/index.php\/produkt\/ac-220v-1500w-electronic-motor-speed-controller-switch-regulation-fan-control\/","title":{"rendered":"AC 220V 1500W Electronic Motor Speed Controller Switch Regulation Fan control"},"content":{"rendered":"<h2>AC 220V 1500W Elektronick\u00fd regul\u00e1tor ot\u00e1\u010dok motora Regul\u00e1cia sp\u00edna\u010da Ovl\u00e1danie ventil\u00e1tora<\/h2>\n<p>Je to prep\u00edna\u010d riadenia r\u00fdchlosti striedav\u00e9ho motora<br \/>\n2 k\u00e1blov\u00e9 pripojenie, plynul\u00fd regul\u00e1tor ot\u00e1\u010dok, prevodov\u00fd hriade\u013e, nepretr\u017eit\u00e1 prev\u00e1dzka, jednof\u00e1zov\u00fd.<br \/>\nPou\u017e\u00edva sa pre obr\u00e1bacie stroje, textiln\u00e9 stroje, zariadenia, dopravn\u00e9 stroje, tla\u010diarensk\u00e9 mechanizmy, potravin\u00e1rske stroje, predajn\u00e9 automaty, baliace stroje, gumovacie stroje at\u010f.<\/p>\n<p><strong>Vlastnosti:<\/strong><br \/>\nNap\u00e4tie: 200V-260V<br \/>\nV\u00fdkon: 1500W<br \/>\nPrev\u00e1dzkov\u00e1 frekvencia: 50-60 Hz<br \/>\nMateri\u00e1l: kov, hlin\u00edk, PCB<\/p>\n","protected":false},"excerpt":{"rendered":"<p>AC 220V 1500W Elektronick\u00fd regul\u00e1tor ot\u00e1\u010dok motora Regul\u00e1cia sp\u00edna\u010da Ovl\u00e1danie ventil\u00e1tora Je to prep\u00edna\u010d riadenia r\u00fdchlosti striedav\u00e9ho motora 2 k\u00e1blov\u00e9&hellip;<\/p>\n","protected":false},"featured_media":961,"template":"","meta":{"_monsterinsights_skip_tracking":false,"_monsterinsights_sitenote_active":false,"_monsterinsights_sitenote_note":"","_monsterinsights_sitenote_category":0},"product_cat":[15,16,46,52,21],"product_tag":[],"class_list":{"0":"post-960","1":"product","2":"type-product","3":"status-publish","4":"has-post-thumbnail","6":"product_cat-nd","7":"product_cat-ard","8":"product_cat-motor","9":"product_cat-motor-modul","10":"product_cat-pw","12":"first","13":"instock","14":"shipping-taxable","15":"purchasable","16":"product-type-simple"},"yoast_head":"<!-- This site is optimized with the Yoast SEO plugin v23.6 - https:\/\/yoast.com\/wordpress\/plugins\/seo\/ -->\n<title>AC 220V 1500W Electronic Motor Speed Controller Switch Regulation Fan control - Arduino e-shop<\/title>\n<meta name=\"robots\" content=\"index, follow, max-snippet:-1, max-image-preview:large, max-video-preview:-1\" \/>\n<link rel=\"canonical\" href=\"https:\/\/www.onetimenexttime.sk\/arduino\/index.php\/produkt\/ac-220v-1500w-electronic-motor-speed-controller-switch-regulation-fan-control\/\" \/>\n<meta property=\"og:locale\" content=\"sk_SK\" \/>\n<meta property=\"og:type\" content=\"article\" \/>\n<meta property=\"og:title\" content=\"AC 220V 1500W Electronic Motor Speed Controller Switch Regulation Fan control - Arduino e-shop\" \/>\n<meta property=\"og:description\" content=\"AC 220V 1500W Elektronick\u00fd regul\u00e1tor ot\u00e1\u010dok motora Regul\u00e1cia sp\u00edna\u010da Ovl\u00e1danie ventil\u00e1tora Je to prep\u00edna\u010d riadenia r\u00fdchlosti striedav\u00e9ho motora 2 k\u00e1blov\u00e9&hellip;\" \/>\n<meta property=\"og:url\" content=\"https:\/\/www.onetimenexttime.sk\/arduino\/index.php\/produkt\/ac-220v-1500w-electronic-motor-speed-controller-switch-regulation-fan-control\/\" \/>\n<meta property=\"og:site_name\" content=\"Arduino e-shop\" \/>\n<meta property=\"article:modified_time\" content=\"2021-11-02T11:07:26+00:00\" \/>\n<meta property=\"og:image\" content=\"https:\/\/www.onetimenexttime.sk\/arduino\/wp-content\/uploads\/2021\/11\/1019-1.jpg\" \/>\n\t<meta property=\"og:image:width\" content=\"504\" \/>\n\t<meta property=\"og:image:height\" content=\"505\" \/>\n\t<meta property=\"og:image:type\" content=\"image\/jpeg\" \/>\n<meta name=\"twitter:card\" content=\"summary_large_image\" \/>\n<meta name=\"twitter:label1\" content=\"Predpokladan\u00fd \u010das \u010d\u00edtania\" \/>\n\t<meta name=\"twitter:data1\" content=\"1 min\u00fata\" \/>\n<script type=\"application\/ld+json\" class=\"yoast-schema-graph\">{\"@context\":\"https:\/\/schema.org\",\"@graph\":[{\"@type\":\"WebPage\",\"@id\":\"https:\/\/www.onetimenexttime.sk\/arduino\/index.php\/produkt\/ac-220v-1500w-electronic-motor-speed-controller-switch-regulation-fan-control\/\",\"url\":\"https:\/\/www.onetimenexttime.sk\/arduino\/index.php\/produkt\/ac-220v-1500w-electronic-motor-speed-controller-switch-regulation-fan-control\/\",\"name\":\"AC 220V 1500W Electronic Motor Speed Controller Switch Regulation Fan control - Arduino e-shop\",\"isPartOf\":{\"@id\":\"https:\/\/www.onetimenexttime.sk\/arduino\/#website\"},\"primaryImageOfPage\":{\"@id\":\"https:\/\/www.onetimenexttime.sk\/arduino\/index.php\/produkt\/ac-220v-1500w-electronic-motor-speed-controller-switch-regulation-fan-control\/#primaryimage\"},\"image\":{\"@id\":\"https:\/\/www.onetimenexttime.sk\/arduino\/index.php\/produkt\/ac-220v-1500w-electronic-motor-speed-controller-switch-regulation-fan-control\/#primaryimage\"},\"thumbnailUrl\":\"https:\/\/www.onetimenexttime.sk\/arduino\/wp-content\/uploads\/2021\/11\/1019-1.jpg\",\"datePublished\":\"2021-11-02T10:56:30+00:00\",\"dateModified\":\"2021-11-02T11:07:26+00:00\",\"breadcrumb\":{\"@id\":\"https:\/\/www.onetimenexttime.sk\/arduino\/index.php\/produkt\/ac-220v-1500w-electronic-motor-speed-controller-switch-regulation-fan-control\/#breadcrumb\"},\"inLanguage\":\"sk-SK\",\"potentialAction\":[{\"@type\":\"ReadAction\",\"target\":[\"https:\/\/www.onetimenexttime.sk\/arduino\/index.php\/produkt\/ac-220v-1500w-electronic-motor-speed-controller-switch-regulation-fan-control\/\"]}]},{\"@type\":\"ImageObject\",\"inLanguage\":\"sk-SK\",\"@id\":\"https:\/\/www.onetimenexttime.sk\/arduino\/index.php\/produkt\/ac-220v-1500w-electronic-motor-speed-controller-switch-regulation-fan-control\/#primaryimage\",\"url\":\"https:\/\/www.onetimenexttime.sk\/arduino\/wp-content\/uploads\/2021\/11\/1019-1.jpg\",\"contentUrl\":\"https:\/\/www.onetimenexttime.sk\/arduino\/wp-content\/uploads\/2021\/11\/1019-1.jpg\",\"width\":504,\"height\":505},{\"@type\":\"BreadcrumbList\",\"@id\":\"https:\/\/www.onetimenexttime.sk\/arduino\/index.php\/produkt\/ac-220v-1500w-electronic-motor-speed-controller-switch-regulation-fan-control\/#breadcrumb\",\"itemListElement\":[{\"@type\":\"ListItem\",\"position\":1,\"name\":\"Domov\",\"item\":\"https:\/\/www.onetimenexttime.sk\/arduino\/\"},{\"@type\":\"ListItem\",\"position\":2,\"name\":\"Obchod\",\"item\":\"https:\/\/www.onetimenexttime.sk\/arduino\/\"},{\"@type\":\"ListItem\",\"position\":3,\"name\":\"AC 220V 1500W Electronic Motor Speed Controller Switch Regulation Fan control\"}]},{\"@type\":\"WebSite\",\"@id\":\"https:\/\/www.onetimenexttime.sk\/arduino\/#website\",\"url\":\"https:\/\/www.onetimenexttime.sk\/arduino\/\",\"name\":\"Arduino e-shop\",\"description\":\"Home Assistant\",\"potentialAction\":[{\"@type\":\"SearchAction\",\"target\":{\"@type\":\"EntryPoint\",\"urlTemplate\":\"https:\/\/www.onetimenexttime.sk\/arduino\/?s={search_term_string}\"},\"query-input\":{\"@type\":\"PropertyValueSpecification\",\"valueRequired\":true,\"valueName\":\"search_term_string\"}}],\"inLanguage\":\"sk-SK\"}]}<\/script>\n<!-- \/ Yoast SEO plugin. -->","yoast_head_json":{"title":"AC 220V 1500W Electronic Motor Speed Controller Switch Regulation Fan control - Arduino e-shop","robots":{"index":"index","follow":"follow","max-snippet":"max-snippet:-1","max-image-preview":"max-image-preview:large","max-video-preview":"max-video-preview:-1"},"canonical":"https:\/\/www.onetimenexttime.sk\/arduino\/index.php\/produkt\/ac-220v-1500w-electronic-motor-speed-controller-switch-regulation-fan-control\/","og_locale":"sk_SK","og_type":"article","og_title":"AC 220V 1500W Electronic Motor Speed Controller Switch Regulation Fan control - Arduino e-shop","og_description":"AC 220V 1500W Elektronick\u00fd regul\u00e1tor ot\u00e1\u010dok motora Regul\u00e1cia sp\u00edna\u010da Ovl\u00e1danie ventil\u00e1tora Je to prep\u00edna\u010d riadenia r\u00fdchlosti striedav\u00e9ho motora 2 k\u00e1blov\u00e9&hellip;","og_url":"https:\/\/www.onetimenexttime.sk\/arduino\/index.php\/produkt\/ac-220v-1500w-electronic-motor-speed-controller-switch-regulation-fan-control\/","og_site_name":"Arduino e-shop","article_modified_time":"2021-11-02T11:07:26+00:00","og_image":[{"width":504,"height":505,"url":"https:\/\/www.onetimenexttime.sk\/arduino\/wp-content\/uploads\/2021\/11\/1019-1.jpg","type":"image\/jpeg"}],"twitter_card":"summary_large_image","twitter_misc":{"Predpokladan\u00fd \u010das \u010d\u00edtania":"1 min\u00fata"},"schema":{"@context":"https:\/\/schema.org","@graph":[{"@type":"WebPage","@id":"https:\/\/www.onetimenexttime.sk\/arduino\/index.php\/produkt\/ac-220v-1500w-electronic-motor-speed-controller-switch-regulation-fan-control\/","url":"https:\/\/www.onetimenexttime.sk\/arduino\/index.php\/produkt\/ac-220v-1500w-electronic-motor-speed-controller-switch-regulation-fan-control\/","name":"AC 220V 1500W Electronic Motor Speed Controller Switch Regulation Fan control - Arduino e-shop","isPartOf":{"@id":"https:\/\/www.onetimenexttime.sk\/arduino\/#website"},"primaryImageOfPage":{"@id":"https:\/\/www.onetimenexttime.sk\/arduino\/index.php\/produkt\/ac-220v-1500w-electronic-motor-speed-controller-switch-regulation-fan-control\/#primaryimage"},"image":{"@id":"https:\/\/www.onetimenexttime.sk\/arduino\/index.php\/produkt\/ac-220v-1500w-electronic-motor-speed-controller-switch-regulation-fan-control\/#primaryimage"},"thumbnailUrl":"https:\/\/www.onetimenexttime.sk\/arduino\/wp-content\/uploads\/2021\/11\/1019-1.jpg","datePublished":"2021-11-02T10:56:30+00:00","dateModified":"2021-11-02T11:07:26+00:00","breadcrumb":{"@id":"https:\/\/www.onetimenexttime.sk\/arduino\/index.php\/produkt\/ac-220v-1500w-electronic-motor-speed-controller-switch-regulation-fan-control\/#breadcrumb"},"inLanguage":"sk-SK","potentialAction":[{"@type":"ReadAction","target":["https:\/\/www.onetimenexttime.sk\/arduino\/index.php\/produkt\/ac-220v-1500w-electronic-motor-speed-controller-switch-regulation-fan-control\/"]}]},{"@type":"ImageObject","inLanguage":"sk-SK","@id":"https:\/\/www.onetimenexttime.sk\/arduino\/index.php\/produkt\/ac-220v-1500w-electronic-motor-speed-controller-switch-regulation-fan-control\/#primaryimage","url":"https:\/\/www.onetimenexttime.sk\/arduino\/wp-content\/uploads\/2021\/11\/1019-1.jpg","contentUrl":"https:\/\/www.onetimenexttime.sk\/arduino\/wp-content\/uploads\/2021\/11\/1019-1.jpg","width":504,"height":505},{"@type":"BreadcrumbList","@id":"https:\/\/www.onetimenexttime.sk\/arduino\/index.php\/produkt\/ac-220v-1500w-electronic-motor-speed-controller-switch-regulation-fan-control\/#breadcrumb","itemListElement":[{"@type":"ListItem","position":1,"name":"Domov","item":"https:\/\/www.onetimenexttime.sk\/arduino\/"},{"@type":"ListItem","position":2,"name":"Obchod","item":"https:\/\/www.onetimenexttime.sk\/arduino\/"},{"@type":"ListItem","position":3,"name":"AC 220V 1500W Electronic Motor Speed Controller Switch Regulation Fan control"}]},{"@type":"WebSite","@id":"https:\/\/www.onetimenexttime.sk\/arduino\/#website","url":"https:\/\/www.onetimenexttime.sk\/arduino\/","name":"Arduino e-shop","description":"Home Assistant","potentialAction":[{"@type":"SearchAction","target":{"@type":"EntryPoint","urlTemplate":"https:\/\/www.onetimenexttime.sk\/arduino\/?s={search_term_string}"},"query-input":{"@type":"PropertyValueSpecification","valueRequired":true,"valueName":"search_term_string"}}],"inLanguage":"sk-SK"}]}},"_links":{"self":[{"href":"https:\/\/www.onetimenexttime.sk\/arduino\/index.php\/wp-json\/wp\/v2\/product\/960"}],"collection":[{"href":"https:\/\/www.onetimenexttime.sk\/arduino\/index.php\/wp-json\/wp\/v2\/product"}],"about":[{"href":"https:\/\/www.onetimenexttime.sk\/arduino\/index.php\/wp-json\/wp\/v2\/types\/product"}],"wp:featuredmedia":[{"embeddable":true,"href":"https:\/\/www.onetimenexttime.sk\/arduino\/index.php\/wp-json\/wp\/v2\/media\/961"}],"wp:attachment":[{"href":"https:\/\/www.onetimenexttime.sk\/arduino\/index.php\/wp-json\/wp\/v2\/media?parent=960"}],"wp:term":[{"taxonomy":"product_cat","embeddable":true,"href":"https:\/\/www.onetimenexttime.sk\/arduino\/index.php\/wp-json\/wp\/v2\/product_cat?post=960"},{"taxonomy":"product_tag","embeddable":true,"href":"https:\/\/www.onetimenexttime.sk\/arduino\/index.php\/wp-json\/wp\/v2\/product_tag?post=960"}],"curies":[{"name":"wp","href":"https:\/\/api.w.org\/{rel}","templated":true}]}}