{"id":957,"date":"2021-11-02T11:51:15","date_gmt":"2021-11-02T10:51:15","guid":{"rendered":"https:\/\/www.onetimenexttime.sk\/arduino\/?post_type=product&#038;p=957"},"modified":"2021-11-02T11:54:01","modified_gmt":"2021-11-02T10:54:01","slug":"ly6w-green-12v-lead-acid-battery-capacity-indicator-lcd-battery-capacity-tester","status":"publish","type":"product","link":"https:\/\/www.onetimenexttime.sk\/arduino\/index.php\/produkt\/ly6w-green-12v-lead-acid-battery-capacity-indicator-lcd-battery-capacity-tester\/","title":{"rendered":"LY6W Green 12V Lead Acid Battery Capacity Indicator LCD Battery Capacity Tester"},"content":{"rendered":"<h2>LY6W Zelen\u00fd 12V indik\u00e1tor kapacity olovenej bat\u00e9rie LCD Tester kapacity bat\u00e9rie<\/h2>\n<p>Displej: LCD<br \/>\nPredvolen\u00e9: 12V oloven\u00e9<br \/>\nFarba podsvietenia: zelen\u00e1<br \/>\nPrev\u00e1dzkov\u00fd pr\u00fad: &lt;5,0 ma&gt;<br \/>\nPrev\u00e1dzkov\u00e9 nap\u00e4tie:8-63V<br \/>\nTeplotn\u00fd rozsah: 0 \u2103 ~ 40 \u2103<br \/>\nPo\u017eiadan\u00e9:<br \/>\nOloven\u00e1 bat\u00e9ria 12V,24V,36V,48V<br \/>\nL\u00edtium-i\u00f3nov\u00e1 bat\u00e9ria: 3\u010dl\u00e1nky\uff5e15\u010dl\u00e1nky<br \/>\n1. Tester kapacity sa pou\u017e\u00edva pre 3~15\u010dl\u00e1nkov\u00fa l\u00edtium-i\u00f3nov\u00fa bat\u00e9riu (8~63V) a oloven\u00fa bat\u00e9riu (12~48V), l\u00edtium-\u017eelezofosf\u00e1tov\u00e1 bat\u00e9ria nie je vhodn\u00e1.<br \/>\n2. \u010eal\u0161ie \u0161pecifik\u00e1cie (1 bunka, 2 bunky a viac ako 15 buniek) by sa mali prisp\u00f4sobi\u0165 a \u0161pecifik\u00e1cie sa nedaj\u00fa upravi\u0165.<br \/>\n3. predvolen\u00e9: 12V oloven\u00e9, pou\u017e\u00edvatelia si m\u00f4\u017eu vybra\u0165 vhodn\u00fa \u0161pecifik\u00e1ciu pomocou tla\u010didla na zadnej strane<br \/>\n\u00daprava \u0161pecifik\u00e1cie:<br \/>\n1. Pri vyp\u00ednan\u00ed stla\u010dte a podr\u017ete tla\u010didlo dole na zadnej strane a potom zapnite.<br \/>\n2.LCD zobrazuje s\u00fa\u010dasn\u00fa \u0161pecifik\u00e1ciu.<br \/>\n3. Pomocou tla\u010didiel nadol a nahor upravte \u0161pecifik\u00e1cie, vyberte vhodn\u00fa \u0161pecifik\u00e1ciu, ktor\u00fa potrebujete, potom ho vypnite a zapnite.<br \/>\n4. Tester bude fungova\u0165 norm\u00e1lne (zodpoved\u00e1 k\u00f3d pod\u013ea ni\u017e\u0161ie uveden\u00e9ho formul\u00e1ra).<br \/>\nPripojenie:<br \/>\nTester poskytuje konektor pozost\u00e1vaj\u00faci zo z\u00e1str\u010dky, \u010diernej \u010diary a \u010dervenej \u010diary. Pripojte \u010diernu \u010diaru k z\u00e1poru, \u010derven\u00fa \u010diaru k kladn\u00e9mu p\u00f3lu, z\u00e1str\u010dku k z\u00e1suvke testera. Potom zapnite alebo zapnite vyp\u00edna\u010d, bude to fungova\u0165.<br \/>\nPozor a z\u00e1ruka:<br \/>\nTester nem\u00f4\u017ee by\u0165 dlhodobo vystaven\u00fd slnku. Pri pou\u017e\u00edvan\u00ed alebo skladovan\u00ed udr\u017eujte teplotu vy\u0161\u0161iu ako -20 \u2103 a ni\u017e\u0161iu ako 60 \u2103, inak to skr\u00e1ti \u017eivotnos\u0165 LCD.<br \/>\nVe\u013ekos\u0165: 5,5 x 2,3 cm \/ 2,17 x 0,91 palca<br \/>\nPozn\u00e1mka:<br \/>\nPros\u00edm, povo\u013ete 1-3 mm chybu kv\u00f4li manu\u00e1lnemu meraniu. pls sa uistite, \u017ee v\u00e1m to nevad\u00ed sk\u00f4r, ako pon\u00faknete.<br \/>\nVzh\u013eadom na rozdiel medzi r\u00f4znymi monitormi nemus\u00ed obr\u00e1zok odr\u00e1\u017ea\u0165 skuto\u010dn\u00fa farbu polo\u017eky. \u010eakujeme!<\/p>\n<p>Balenie obsahuje:<br \/>\n1x 12V indik\u00e1tor kapacity olovenej bat\u00e9rie<br \/>\n2x skrutky<br \/>\n1x K\u00e1bel<\/p>\n","protected":false},"excerpt":{"rendered":"<p>LY6W Zelen\u00fd 12V indik\u00e1tor kapacity olovenej bat\u00e9rie LCD Tester kapacity bat\u00e9rie Displej: LCD Predvolen\u00e9: 12V oloven\u00e9 Farba podsvietenia: zelen\u00e1 Prev\u00e1dzkov\u00fd&hellip;<\/p>\n","protected":false},"featured_media":959,"template":"","meta":{"_monsterinsights_skip_tracking":false,"_monsterinsights_sitenote_active":false,"_monsterinsights_sitenote_note":"","_monsterinsights_sitenote_category":0},"product_cat":[25,21,58],"product_tag":[],"class_list":{"0":"post-957","1":"product","2":"type-product","3":"status-publish","4":"has-post-thumbnail","6":"product_cat-display","7":"product_cat-pw","8":"product_cat-tester","10":"first","11":"instock","12":"sale","13":"shipping-taxable","14":"purchasable","15":"product-type-simple"},"yoast_head":"<!-- This site is optimized with the Yoast SEO plugin v23.6 - https:\/\/yoast.com\/wordpress\/plugins\/seo\/ -->\n<title>LY6W Green 12V Lead Acid Battery Capacity Indicator LCD Battery Capacity Tester - Arduino e-shop<\/title>\n<meta name=\"robots\" content=\"index, follow, max-snippet:-1, max-image-preview:large, max-video-preview:-1\" \/>\n<link rel=\"canonical\" href=\"https:\/\/www.onetimenexttime.sk\/arduino\/index.php\/produkt\/ly6w-green-12v-lead-acid-battery-capacity-indicator-lcd-battery-capacity-tester\/\" \/>\n<meta property=\"og:locale\" content=\"sk_SK\" \/>\n<meta property=\"og:type\" content=\"article\" \/>\n<meta property=\"og:title\" content=\"LY6W Green 12V Lead Acid Battery Capacity Indicator LCD Battery Capacity Tester - Arduino e-shop\" \/>\n<meta property=\"og:description\" content=\"LY6W Zelen\u00fd 12V indik\u00e1tor kapacity olovenej bat\u00e9rie LCD Tester kapacity bat\u00e9rie Displej: LCD Predvolen\u00e9: 12V oloven\u00e9 Farba podsvietenia: zelen\u00e1 Prev\u00e1dzkov\u00fd&hellip;\" \/>\n<meta property=\"og:url\" content=\"https:\/\/www.onetimenexttime.sk\/arduino\/index.php\/produkt\/ly6w-green-12v-lead-acid-battery-capacity-indicator-lcd-battery-capacity-tester\/\" \/>\n<meta property=\"og:site_name\" content=\"Arduino e-shop\" \/>\n<meta property=\"article:modified_time\" content=\"2021-11-02T10:54:01+00:00\" \/>\n<meta property=\"og:image\" content=\"https:\/\/www.onetimenexttime.sk\/arduino\/wp-content\/uploads\/2021\/11\/74.jpg\" \/>\n\t<meta property=\"og:image:width\" content=\"504\" \/>\n\t<meta property=\"og:image:height\" content=\"505\" \/>\n\t<meta property=\"og:image:type\" content=\"image\/jpeg\" \/>\n<meta name=\"twitter:card\" content=\"summary_large_image\" \/>\n<meta name=\"twitter:label1\" content=\"Predpokladan\u00fd \u010das \u010d\u00edtania\" \/>\n\t<meta name=\"twitter:data1\" content=\"2 min\u00faty\" \/>\n<script type=\"application\/ld+json\" class=\"yoast-schema-graph\">{\"@context\":\"https:\/\/schema.org\",\"@graph\":[{\"@type\":\"WebPage\",\"@id\":\"https:\/\/www.onetimenexttime.sk\/arduino\/index.php\/produkt\/ly6w-green-12v-lead-acid-battery-capacity-indicator-lcd-battery-capacity-tester\/\",\"url\":\"https:\/\/www.onetimenexttime.sk\/arduino\/index.php\/produkt\/ly6w-green-12v-lead-acid-battery-capacity-indicator-lcd-battery-capacity-tester\/\",\"name\":\"LY6W Green 12V Lead Acid Battery Capacity Indicator LCD Battery Capacity Tester - Arduino e-shop\",\"isPartOf\":{\"@id\":\"https:\/\/www.onetimenexttime.sk\/arduino\/#website\"},\"primaryImageOfPage\":{\"@id\":\"https:\/\/www.onetimenexttime.sk\/arduino\/index.php\/produkt\/ly6w-green-12v-lead-acid-battery-capacity-indicator-lcd-battery-capacity-tester\/#primaryimage\"},\"image\":{\"@id\":\"https:\/\/www.onetimenexttime.sk\/arduino\/index.php\/produkt\/ly6w-green-12v-lead-acid-battery-capacity-indicator-lcd-battery-capacity-tester\/#primaryimage\"},\"thumbnailUrl\":\"https:\/\/www.onetimenexttime.sk\/arduino\/wp-content\/uploads\/2021\/11\/74.jpg\",\"datePublished\":\"2021-11-02T10:51:15+00:00\",\"dateModified\":\"2021-11-02T10:54:01+00:00\",\"breadcrumb\":{\"@id\":\"https:\/\/www.onetimenexttime.sk\/arduino\/index.php\/produkt\/ly6w-green-12v-lead-acid-battery-capacity-indicator-lcd-battery-capacity-tester\/#breadcrumb\"},\"inLanguage\":\"sk-SK\",\"potentialAction\":[{\"@type\":\"ReadAction\",\"target\":[\"https:\/\/www.onetimenexttime.sk\/arduino\/index.php\/produkt\/ly6w-green-12v-lead-acid-battery-capacity-indicator-lcd-battery-capacity-tester\/\"]}]},{\"@type\":\"ImageObject\",\"inLanguage\":\"sk-SK\",\"@id\":\"https:\/\/www.onetimenexttime.sk\/arduino\/index.php\/produkt\/ly6w-green-12v-lead-acid-battery-capacity-indicator-lcd-battery-capacity-tester\/#primaryimage\",\"url\":\"https:\/\/www.onetimenexttime.sk\/arduino\/wp-content\/uploads\/2021\/11\/74.jpg\",\"contentUrl\":\"https:\/\/www.onetimenexttime.sk\/arduino\/wp-content\/uploads\/2021\/11\/74.jpg\",\"width\":504,\"height\":505},{\"@type\":\"BreadcrumbList\",\"@id\":\"https:\/\/www.onetimenexttime.sk\/arduino\/index.php\/produkt\/ly6w-green-12v-lead-acid-battery-capacity-indicator-lcd-battery-capacity-tester\/#breadcrumb\",\"itemListElement\":[{\"@type\":\"ListItem\",\"position\":1,\"name\":\"Domov\",\"item\":\"https:\/\/www.onetimenexttime.sk\/arduino\/\"},{\"@type\":\"ListItem\",\"position\":2,\"name\":\"Obchod\",\"item\":\"https:\/\/www.onetimenexttime.sk\/arduino\/\"},{\"@type\":\"ListItem\",\"position\":3,\"name\":\"LY6W Green 12V Lead Acid Battery Capacity Indicator LCD Battery Capacity Tester\"}]},{\"@type\":\"WebSite\",\"@id\":\"https:\/\/www.onetimenexttime.sk\/arduino\/#website\",\"url\":\"https:\/\/www.onetimenexttime.sk\/arduino\/\",\"name\":\"Arduino e-shop\",\"description\":\"Home Assistant\",\"potentialAction\":[{\"@type\":\"SearchAction\",\"target\":{\"@type\":\"EntryPoint\",\"urlTemplate\":\"https:\/\/www.onetimenexttime.sk\/arduino\/?s={search_term_string}\"},\"query-input\":{\"@type\":\"PropertyValueSpecification\",\"valueRequired\":true,\"valueName\":\"search_term_string\"}}],\"inLanguage\":\"sk-SK\"}]}<\/script>\n<!-- \/ Yoast SEO plugin. -->","yoast_head_json":{"title":"LY6W Green 12V Lead Acid Battery Capacity Indicator LCD Battery Capacity Tester - Arduino e-shop","robots":{"index":"index","follow":"follow","max-snippet":"max-snippet:-1","max-image-preview":"max-image-preview:large","max-video-preview":"max-video-preview:-1"},"canonical":"https:\/\/www.onetimenexttime.sk\/arduino\/index.php\/produkt\/ly6w-green-12v-lead-acid-battery-capacity-indicator-lcd-battery-capacity-tester\/","og_locale":"sk_SK","og_type":"article","og_title":"LY6W Green 12V Lead Acid Battery Capacity Indicator LCD Battery Capacity Tester - Arduino e-shop","og_description":"LY6W Zelen\u00fd 12V indik\u00e1tor kapacity olovenej bat\u00e9rie LCD Tester kapacity bat\u00e9rie Displej: LCD Predvolen\u00e9: 12V oloven\u00e9 Farba podsvietenia: zelen\u00e1 Prev\u00e1dzkov\u00fd&hellip;","og_url":"https:\/\/www.onetimenexttime.sk\/arduino\/index.php\/produkt\/ly6w-green-12v-lead-acid-battery-capacity-indicator-lcd-battery-capacity-tester\/","og_site_name":"Arduino e-shop","article_modified_time":"2021-11-02T10:54:01+00:00","og_image":[{"width":504,"height":505,"url":"https:\/\/www.onetimenexttime.sk\/arduino\/wp-content\/uploads\/2021\/11\/74.jpg","type":"image\/jpeg"}],"twitter_card":"summary_large_image","twitter_misc":{"Predpokladan\u00fd \u010das \u010d\u00edtania":"2 min\u00faty"},"schema":{"@context":"https:\/\/schema.org","@graph":[{"@type":"WebPage","@id":"https:\/\/www.onetimenexttime.sk\/arduino\/index.php\/produkt\/ly6w-green-12v-lead-acid-battery-capacity-indicator-lcd-battery-capacity-tester\/","url":"https:\/\/www.onetimenexttime.sk\/arduino\/index.php\/produkt\/ly6w-green-12v-lead-acid-battery-capacity-indicator-lcd-battery-capacity-tester\/","name":"LY6W Green 12V Lead Acid Battery Capacity Indicator LCD Battery Capacity Tester - Arduino e-shop","isPartOf":{"@id":"https:\/\/www.onetimenexttime.sk\/arduino\/#website"},"primaryImageOfPage":{"@id":"https:\/\/www.onetimenexttime.sk\/arduino\/index.php\/produkt\/ly6w-green-12v-lead-acid-battery-capacity-indicator-lcd-battery-capacity-tester\/#primaryimage"},"image":{"@id":"https:\/\/www.onetimenexttime.sk\/arduino\/index.php\/produkt\/ly6w-green-12v-lead-acid-battery-capacity-indicator-lcd-battery-capacity-tester\/#primaryimage"},"thumbnailUrl":"https:\/\/www.onetimenexttime.sk\/arduino\/wp-content\/uploads\/2021\/11\/74.jpg","datePublished":"2021-11-02T10:51:15+00:00","dateModified":"2021-11-02T10:54:01+00:00","breadcrumb":{"@id":"https:\/\/www.onetimenexttime.sk\/arduino\/index.php\/produkt\/ly6w-green-12v-lead-acid-battery-capacity-indicator-lcd-battery-capacity-tester\/#breadcrumb"},"inLanguage":"sk-SK","potentialAction":[{"@type":"ReadAction","target":["https:\/\/www.onetimenexttime.sk\/arduino\/index.php\/produkt\/ly6w-green-12v-lead-acid-battery-capacity-indicator-lcd-battery-capacity-tester\/"]}]},{"@type":"ImageObject","inLanguage":"sk-SK","@id":"https:\/\/www.onetimenexttime.sk\/arduino\/index.php\/produkt\/ly6w-green-12v-lead-acid-battery-capacity-indicator-lcd-battery-capacity-tester\/#primaryimage","url":"https:\/\/www.onetimenexttime.sk\/arduino\/wp-content\/uploads\/2021\/11\/74.jpg","contentUrl":"https:\/\/www.onetimenexttime.sk\/arduino\/wp-content\/uploads\/2021\/11\/74.jpg","width":504,"height":505},{"@type":"BreadcrumbList","@id":"https:\/\/www.onetimenexttime.sk\/arduino\/index.php\/produkt\/ly6w-green-12v-lead-acid-battery-capacity-indicator-lcd-battery-capacity-tester\/#breadcrumb","itemListElement":[{"@type":"ListItem","position":1,"name":"Domov","item":"https:\/\/www.onetimenexttime.sk\/arduino\/"},{"@type":"ListItem","position":2,"name":"Obchod","item":"https:\/\/www.onetimenexttime.sk\/arduino\/"},{"@type":"ListItem","position":3,"name":"LY6W Green 12V Lead Acid Battery Capacity Indicator LCD Battery Capacity Tester"}]},{"@type":"WebSite","@id":"https:\/\/www.onetimenexttime.sk\/arduino\/#website","url":"https:\/\/www.onetimenexttime.sk\/arduino\/","name":"Arduino e-shop","description":"Home Assistant","potentialAction":[{"@type":"SearchAction","target":{"@type":"EntryPoint","urlTemplate":"https:\/\/www.onetimenexttime.sk\/arduino\/?s={search_term_string}"},"query-input":{"@type":"PropertyValueSpecification","valueRequired":true,"valueName":"search_term_string"}}],"inLanguage":"sk-SK"}]}},"_links":{"self":[{"href":"https:\/\/www.onetimenexttime.sk\/arduino\/index.php\/wp-json\/wp\/v2\/product\/957"}],"collection":[{"href":"https:\/\/www.onetimenexttime.sk\/arduino\/index.php\/wp-json\/wp\/v2\/product"}],"about":[{"href":"https:\/\/www.onetimenexttime.sk\/arduino\/index.php\/wp-json\/wp\/v2\/types\/product"}],"wp:featuredmedia":[{"embeddable":true,"href":"https:\/\/www.onetimenexttime.sk\/arduino\/index.php\/wp-json\/wp\/v2\/media\/959"}],"wp:attachment":[{"href":"https:\/\/www.onetimenexttime.sk\/arduino\/index.php\/wp-json\/wp\/v2\/media?parent=957"}],"wp:term":[{"taxonomy":"product_cat","embeddable":true,"href":"https:\/\/www.onetimenexttime.sk\/arduino\/index.php\/wp-json\/wp\/v2\/product_cat?post=957"},{"taxonomy":"product_tag","embeddable":true,"href":"https:\/\/www.onetimenexttime.sk\/arduino\/index.php\/wp-json\/wp\/v2\/product_tag?post=957"}],"curies":[{"name":"wp","href":"https:\/\/api.w.org\/{rel}","templated":true}]}}