{"id":953,"date":"2021-11-02T11:40:24","date_gmt":"2021-11-02T10:40:24","guid":{"rendered":"https:\/\/www.onetimenexttime.sk\/arduino\/?post_type=product&#038;p=953"},"modified":"2021-11-16T06:11:03","modified_gmt":"2021-11-16T05:11:03","slug":"ds18b20-temperature-sensor-module-temperature-measurement-module","status":"publish","type":"product","link":"https:\/\/www.onetimenexttime.sk\/arduino\/index.php\/produkt\/ds18b20-temperature-sensor-module-temperature-measurement-module\/","title":{"rendered":"DS18B20 Temperature Sensor Module Temperature Measurement Module"},"content":{"rendered":"<h2>DS18B20 Modul sn\u00edma\u010da teploty Modul merania teploty ( bez \u010dipu )<\/h2>\n<p>&nbsp;<\/p>\n<p>Ve\u013ekos\u0165: 1,9 x 1,5 cm (pribli\u017ene)<br \/>\nPozn\u00e1mka: Je to len \u0161t\u00edt modulu DS18B20, nezah\u0155\u0148a \u010dip DS18B20.<\/p>\n<p>&nbsp;<\/p>\n<p>Data download <a>http:\/\/www.kuaipan.cn\/file\/id_61649243307245828.html<\/a><\/p>\n<p>Data download <a>http:\/\/115.com\/file\/cltah1lk<\/a>#<\/p>\n<p>&nbsp;<\/p>\n","protected":false},"excerpt":{"rendered":"<p>DS18B20 Modul sn\u00edma\u010da teploty Modul merania teploty ( bez \u010dipu ) &nbsp; Ve\u013ekos\u0165: 1,9 x 1,5 cm (pribli\u017ene) Pozn\u00e1mka: Je&hellip;<\/p>\n","protected":false},"featured_media":954,"template":"","meta":{"_monsterinsights_skip_tracking":false,"_monsterinsights_sitenote_active":false,"_monsterinsights_sitenote_note":"","_monsterinsights_sitenote_category":0},"product_cat":[69,47],"product_tag":[],"class_list":{"0":"post-953","1":"product","2":"type-product","3":"status-publish","4":"has-post-thumbnail","6":"product_cat-sensors","7":"product_cat-teplota","9":"first","10":"instock","11":"shipping-taxable","12":"purchasable","13":"product-type-simple"},"yoast_head":"<!-- This site is optimized with the Yoast SEO plugin v23.6 - https:\/\/yoast.com\/wordpress\/plugins\/seo\/ -->\n<title>DS18B20 Temperature Sensor Module Temperature Measurement Module - Arduino e-shop<\/title>\n<meta name=\"robots\" content=\"index, follow, max-snippet:-1, max-image-preview:large, max-video-preview:-1\" \/>\n<link rel=\"canonical\" href=\"https:\/\/www.onetimenexttime.sk\/arduino\/index.php\/produkt\/ds18b20-temperature-sensor-module-temperature-measurement-module\/\" \/>\n<meta property=\"og:locale\" content=\"sk_SK\" \/>\n<meta property=\"og:type\" content=\"article\" \/>\n<meta property=\"og:title\" content=\"DS18B20 Temperature Sensor Module Temperature Measurement Module - Arduino e-shop\" \/>\n<meta property=\"og:description\" content=\"DS18B20 Modul sn\u00edma\u010da teploty Modul merania teploty ( bez \u010dipu ) &nbsp; Ve\u013ekos\u0165: 1,9 x 1,5 cm (pribli\u017ene) Pozn\u00e1mka: Je&hellip;\" \/>\n<meta property=\"og:url\" content=\"https:\/\/www.onetimenexttime.sk\/arduino\/index.php\/produkt\/ds18b20-temperature-sensor-module-temperature-measurement-module\/\" \/>\n<meta property=\"og:site_name\" content=\"Arduino e-shop\" \/>\n<meta property=\"article:modified_time\" content=\"2021-11-16T05:11:03+00:00\" \/>\n<meta property=\"og:image\" content=\"https:\/\/www.onetimenexttime.sk\/arduino\/wp-content\/uploads\/2021\/11\/1719.jpg\" \/>\n\t<meta property=\"og:image:width\" content=\"504\" \/>\n\t<meta property=\"og:image:height\" content=\"505\" \/>\n\t<meta property=\"og:image:type\" content=\"image\/jpeg\" \/>\n<meta name=\"twitter:card\" content=\"summary_large_image\" \/>\n<meta name=\"twitter:label1\" content=\"Predpokladan\u00fd \u010das \u010d\u00edtania\" \/>\n\t<meta name=\"twitter:data1\" content=\"1 min\u00fata\" \/>\n<script type=\"application\/ld+json\" class=\"yoast-schema-graph\">{\"@context\":\"https:\/\/schema.org\",\"@graph\":[{\"@type\":\"WebPage\",\"@id\":\"https:\/\/www.onetimenexttime.sk\/arduino\/index.php\/produkt\/ds18b20-temperature-sensor-module-temperature-measurement-module\/\",\"url\":\"https:\/\/www.onetimenexttime.sk\/arduino\/index.php\/produkt\/ds18b20-temperature-sensor-module-temperature-measurement-module\/\",\"name\":\"DS18B20 Temperature Sensor Module Temperature Measurement Module - Arduino e-shop\",\"isPartOf\":{\"@id\":\"https:\/\/www.onetimenexttime.sk\/arduino\/#website\"},\"primaryImageOfPage\":{\"@id\":\"https:\/\/www.onetimenexttime.sk\/arduino\/index.php\/produkt\/ds18b20-temperature-sensor-module-temperature-measurement-module\/#primaryimage\"},\"image\":{\"@id\":\"https:\/\/www.onetimenexttime.sk\/arduino\/index.php\/produkt\/ds18b20-temperature-sensor-module-temperature-measurement-module\/#primaryimage\"},\"thumbnailUrl\":\"https:\/\/www.onetimenexttime.sk\/arduino\/wp-content\/uploads\/2021\/11\/1719.jpg\",\"datePublished\":\"2021-11-02T10:40:24+00:00\",\"dateModified\":\"2021-11-16T05:11:03+00:00\",\"breadcrumb\":{\"@id\":\"https:\/\/www.onetimenexttime.sk\/arduino\/index.php\/produkt\/ds18b20-temperature-sensor-module-temperature-measurement-module\/#breadcrumb\"},\"inLanguage\":\"sk-SK\",\"potentialAction\":[{\"@type\":\"ReadAction\",\"target\":[\"https:\/\/www.onetimenexttime.sk\/arduino\/index.php\/produkt\/ds18b20-temperature-sensor-module-temperature-measurement-module\/\"]}]},{\"@type\":\"ImageObject\",\"inLanguage\":\"sk-SK\",\"@id\":\"https:\/\/www.onetimenexttime.sk\/arduino\/index.php\/produkt\/ds18b20-temperature-sensor-module-temperature-measurement-module\/#primaryimage\",\"url\":\"https:\/\/www.onetimenexttime.sk\/arduino\/wp-content\/uploads\/2021\/11\/1719.jpg\",\"contentUrl\":\"https:\/\/www.onetimenexttime.sk\/arduino\/wp-content\/uploads\/2021\/11\/1719.jpg\",\"width\":504,\"height\":505},{\"@type\":\"BreadcrumbList\",\"@id\":\"https:\/\/www.onetimenexttime.sk\/arduino\/index.php\/produkt\/ds18b20-temperature-sensor-module-temperature-measurement-module\/#breadcrumb\",\"itemListElement\":[{\"@type\":\"ListItem\",\"position\":1,\"name\":\"Domov\",\"item\":\"https:\/\/www.onetimenexttime.sk\/arduino\/\"},{\"@type\":\"ListItem\",\"position\":2,\"name\":\"Obchod\",\"item\":\"https:\/\/www.onetimenexttime.sk\/arduino\/\"},{\"@type\":\"ListItem\",\"position\":3,\"name\":\"DS18B20 Temperature Sensor Module Temperature Measurement Module\"}]},{\"@type\":\"WebSite\",\"@id\":\"https:\/\/www.onetimenexttime.sk\/arduino\/#website\",\"url\":\"https:\/\/www.onetimenexttime.sk\/arduino\/\",\"name\":\"Arduino e-shop\",\"description\":\"Home Assistant\",\"potentialAction\":[{\"@type\":\"SearchAction\",\"target\":{\"@type\":\"EntryPoint\",\"urlTemplate\":\"https:\/\/www.onetimenexttime.sk\/arduino\/?s={search_term_string}\"},\"query-input\":{\"@type\":\"PropertyValueSpecification\",\"valueRequired\":true,\"valueName\":\"search_term_string\"}}],\"inLanguage\":\"sk-SK\"}]}<\/script>\n<!-- \/ Yoast SEO plugin. -->","yoast_head_json":{"title":"DS18B20 Temperature Sensor Module Temperature Measurement Module - Arduino e-shop","robots":{"index":"index","follow":"follow","max-snippet":"max-snippet:-1","max-image-preview":"max-image-preview:large","max-video-preview":"max-video-preview:-1"},"canonical":"https:\/\/www.onetimenexttime.sk\/arduino\/index.php\/produkt\/ds18b20-temperature-sensor-module-temperature-measurement-module\/","og_locale":"sk_SK","og_type":"article","og_title":"DS18B20 Temperature Sensor Module Temperature Measurement Module - Arduino e-shop","og_description":"DS18B20 Modul sn\u00edma\u010da teploty Modul merania teploty ( bez \u010dipu ) &nbsp; Ve\u013ekos\u0165: 1,9 x 1,5 cm (pribli\u017ene) Pozn\u00e1mka: Je&hellip;","og_url":"https:\/\/www.onetimenexttime.sk\/arduino\/index.php\/produkt\/ds18b20-temperature-sensor-module-temperature-measurement-module\/","og_site_name":"Arduino e-shop","article_modified_time":"2021-11-16T05:11:03+00:00","og_image":[{"width":504,"height":505,"url":"https:\/\/www.onetimenexttime.sk\/arduino\/wp-content\/uploads\/2021\/11\/1719.jpg","type":"image\/jpeg"}],"twitter_card":"summary_large_image","twitter_misc":{"Predpokladan\u00fd \u010das \u010d\u00edtania":"1 min\u00fata"},"schema":{"@context":"https:\/\/schema.org","@graph":[{"@type":"WebPage","@id":"https:\/\/www.onetimenexttime.sk\/arduino\/index.php\/produkt\/ds18b20-temperature-sensor-module-temperature-measurement-module\/","url":"https:\/\/www.onetimenexttime.sk\/arduino\/index.php\/produkt\/ds18b20-temperature-sensor-module-temperature-measurement-module\/","name":"DS18B20 Temperature Sensor Module Temperature Measurement Module - Arduino e-shop","isPartOf":{"@id":"https:\/\/www.onetimenexttime.sk\/arduino\/#website"},"primaryImageOfPage":{"@id":"https:\/\/www.onetimenexttime.sk\/arduino\/index.php\/produkt\/ds18b20-temperature-sensor-module-temperature-measurement-module\/#primaryimage"},"image":{"@id":"https:\/\/www.onetimenexttime.sk\/arduino\/index.php\/produkt\/ds18b20-temperature-sensor-module-temperature-measurement-module\/#primaryimage"},"thumbnailUrl":"https:\/\/www.onetimenexttime.sk\/arduino\/wp-content\/uploads\/2021\/11\/1719.jpg","datePublished":"2021-11-02T10:40:24+00:00","dateModified":"2021-11-16T05:11:03+00:00","breadcrumb":{"@id":"https:\/\/www.onetimenexttime.sk\/arduino\/index.php\/produkt\/ds18b20-temperature-sensor-module-temperature-measurement-module\/#breadcrumb"},"inLanguage":"sk-SK","potentialAction":[{"@type":"ReadAction","target":["https:\/\/www.onetimenexttime.sk\/arduino\/index.php\/produkt\/ds18b20-temperature-sensor-module-temperature-measurement-module\/"]}]},{"@type":"ImageObject","inLanguage":"sk-SK","@id":"https:\/\/www.onetimenexttime.sk\/arduino\/index.php\/produkt\/ds18b20-temperature-sensor-module-temperature-measurement-module\/#primaryimage","url":"https:\/\/www.onetimenexttime.sk\/arduino\/wp-content\/uploads\/2021\/11\/1719.jpg","contentUrl":"https:\/\/www.onetimenexttime.sk\/arduino\/wp-content\/uploads\/2021\/11\/1719.jpg","width":504,"height":505},{"@type":"BreadcrumbList","@id":"https:\/\/www.onetimenexttime.sk\/arduino\/index.php\/produkt\/ds18b20-temperature-sensor-module-temperature-measurement-module\/#breadcrumb","itemListElement":[{"@type":"ListItem","position":1,"name":"Domov","item":"https:\/\/www.onetimenexttime.sk\/arduino\/"},{"@type":"ListItem","position":2,"name":"Obchod","item":"https:\/\/www.onetimenexttime.sk\/arduino\/"},{"@type":"ListItem","position":3,"name":"DS18B20 Temperature Sensor Module Temperature Measurement Module"}]},{"@type":"WebSite","@id":"https:\/\/www.onetimenexttime.sk\/arduino\/#website","url":"https:\/\/www.onetimenexttime.sk\/arduino\/","name":"Arduino e-shop","description":"Home Assistant","potentialAction":[{"@type":"SearchAction","target":{"@type":"EntryPoint","urlTemplate":"https:\/\/www.onetimenexttime.sk\/arduino\/?s={search_term_string}"},"query-input":{"@type":"PropertyValueSpecification","valueRequired":true,"valueName":"search_term_string"}}],"inLanguage":"sk-SK"}]}},"_links":{"self":[{"href":"https:\/\/www.onetimenexttime.sk\/arduino\/index.php\/wp-json\/wp\/v2\/product\/953"}],"collection":[{"href":"https:\/\/www.onetimenexttime.sk\/arduino\/index.php\/wp-json\/wp\/v2\/product"}],"about":[{"href":"https:\/\/www.onetimenexttime.sk\/arduino\/index.php\/wp-json\/wp\/v2\/types\/product"}],"wp:featuredmedia":[{"embeddable":true,"href":"https:\/\/www.onetimenexttime.sk\/arduino\/index.php\/wp-json\/wp\/v2\/media\/954"}],"wp:attachment":[{"href":"https:\/\/www.onetimenexttime.sk\/arduino\/index.php\/wp-json\/wp\/v2\/media?parent=953"}],"wp:term":[{"taxonomy":"product_cat","embeddable":true,"href":"https:\/\/www.onetimenexttime.sk\/arduino\/index.php\/wp-json\/wp\/v2\/product_cat?post=953"},{"taxonomy":"product_tag","embeddable":true,"href":"https:\/\/www.onetimenexttime.sk\/arduino\/index.php\/wp-json\/wp\/v2\/product_tag?post=953"}],"curies":[{"name":"wp","href":"https:\/\/api.w.org\/{rel}","templated":true}]}}