{"id":950,"date":"2021-11-01T20:51:29","date_gmt":"2021-11-01T19:51:29","guid":{"rendered":"https:\/\/www.onetimenexttime.sk\/arduino\/?post_type=product&#038;p=950"},"modified":"2021-11-01T20:54:38","modified_gmt":"2021-11-01T19:54:38","slug":"electronic-electromagnetic-radiation-detector-digital-emf-meter-frequency-tester-for-home-office-computer-monitors-50mhz-2000mhz","status":"publish","type":"product","link":"https:\/\/www.onetimenexttime.sk\/arduino\/index.php\/produkt\/electronic-electromagnetic-radiation-detector-digital-emf-meter-frequency-tester-for-home-office-computer-monitors-50mhz-2000mhz\/","title":{"rendered":"Electronic Electromagnetic Radiation Detector Digital EMF Meter Frequency Tester For Home Office Computer Monitors 50MHz-2000MHz"},"content":{"rendered":"<h2>Elektronick\u00fd detektor elektromagnetick\u00e9ho \u017eiarenia Digit\u00e1lny EMF Meter Frekven\u010dn\u00fd tester pre dom\u00e1ce kancel\u00e1rske po\u010d\u00edta\u010dov\u00e9 monitory 50MHz-2000MHz<\/h2>\n<p>Skvel\u00e9 pre dom\u00e1cnos\u0165, kancel\u00e1riu, po\u010d\u00edta\u010dov\u00fa miestnos\u0165, kontroln\u00fa miestnos\u0165, elektrick\u00e9 vedenie, k\u00e1ble, monitory at\u010f.<br \/>\nZmerajte elektromagnetick\u00e9 \u017eiarenie z po\u010d\u00edta\u010dov, kop\u00edrok, faxov, klimatiz\u00e1ci\u00ed, chladni\u010diek at\u010f.<\/p>\n<p>Technick\u00e9 \u00fadaje:<br \/>\n\u00dadaje na displeji: tri displeje z polotekut\u00fdch kry\u0161t\u00e1lov, maxim\u00e1lne \u010d\u00edtanie pri n\u00edzkej frekvencii 1999 V\/M \/ vysok\u00e1 frekvencia 1999 \u03bcW\/cm2<br \/>\n\u00darove\u0148: n\u00edzkofrekven\u010dn\u00fd V\/m, vysokofrekven\u010dn\u00fd: -\u03bcW\/cm2<br \/>\n\u010casov\u00e9 intervaly merania: 0,4 sekundy<br \/>\nPracovn\u00e9 nap\u00e4tie: 9V (nie je s\u00fa\u010das\u0165ou balenia)<br \/>\nFrekven\u010dn\u00fd rozsah: 50MHz-2000MHz<br \/>\nPracovn\u00e1 teplota: -15\u00b0C a\u017e 60\u00b0C<br \/>\nRozmer: 132 x 69 x 29 mm<\/p>\n","protected":false},"excerpt":{"rendered":"<p>Elektronick\u00fd detektor elektromagnetick\u00e9ho \u017eiarenia Digit\u00e1lny EMF Meter Frekven\u010dn\u00fd tester pre dom\u00e1ce kancel\u00e1rske po\u010d\u00edta\u010dov\u00e9 monitory 50MHz-2000MHz Skvel\u00e9 pre dom\u00e1cnos\u0165, kancel\u00e1riu, po\u010d\u00edta\u010dov\u00fa&hellip;<\/p>\n","protected":false},"featured_media":951,"template":"","meta":{"_monsterinsights_skip_tracking":false,"_monsterinsights_sitenote_active":false,"_monsterinsights_sitenote_note":"","_monsterinsights_sitenote_category":0},"product_cat":[39,43,50,42,58,41,40],"product_tag":[],"class_list":{"0":"post-950","1":"product","2":"type-product","3":"status-publish","4":"has-post-thumbnail","6":"product_cat-mobil-gsm","7":"product_cat-office","8":"product_cat-pc","9":"product_cat-smart","10":"product_cat-tester","11":"product_cat-tv-2","12":"product_cat-wifi-2","14":"first","15":"instock","16":"shipping-taxable","17":"purchasable","18":"product-type-simple"},"yoast_head":"<!-- This site is optimized with the Yoast SEO plugin v23.6 - https:\/\/yoast.com\/wordpress\/plugins\/seo\/ -->\n<title>Electronic Electromagnetic Radiation Detector Digital EMF Meter Frequency Tester For Home Office Computer Monitors 50MHz-2000MHz - Arduino e-shop<\/title>\n<meta name=\"robots\" content=\"index, follow, max-snippet:-1, max-image-preview:large, max-video-preview:-1\" \/>\n<link rel=\"canonical\" href=\"https:\/\/www.onetimenexttime.sk\/arduino\/index.php\/produkt\/electronic-electromagnetic-radiation-detector-digital-emf-meter-frequency-tester-for-home-office-computer-monitors-50mhz-2000mhz\/\" \/>\n<meta property=\"og:locale\" content=\"sk_SK\" \/>\n<meta property=\"og:type\" content=\"article\" \/>\n<meta property=\"og:title\" content=\"Electronic Electromagnetic Radiation Detector Digital EMF Meter Frequency Tester For Home Office Computer Monitors 50MHz-2000MHz - Arduino e-shop\" \/>\n<meta property=\"og:description\" content=\"Elektronick\u00fd detektor elektromagnetick\u00e9ho \u017eiarenia Digit\u00e1lny EMF Meter Frekven\u010dn\u00fd tester pre dom\u00e1ce kancel\u00e1rske po\u010d\u00edta\u010dov\u00e9 monitory 50MHz-2000MHz Skvel\u00e9 pre dom\u00e1cnos\u0165, kancel\u00e1riu, po\u010d\u00edta\u010dov\u00fa&hellip;\" \/>\n<meta property=\"og:url\" content=\"https:\/\/www.onetimenexttime.sk\/arduino\/index.php\/produkt\/electronic-electromagnetic-radiation-detector-digital-emf-meter-frequency-tester-for-home-office-computer-monitors-50mhz-2000mhz\/\" \/>\n<meta property=\"og:site_name\" content=\"Arduino e-shop\" \/>\n<meta property=\"article:modified_time\" content=\"2021-11-01T19:54:38+00:00\" \/>\n<meta property=\"og:image\" content=\"https:\/\/www.onetimenexttime.sk\/arduino\/wp-content\/uploads\/2021\/11\/75.jpg\" \/>\n\t<meta property=\"og:image:width\" content=\"500\" \/>\n\t<meta property=\"og:image:height\" content=\"501\" \/>\n\t<meta property=\"og:image:type\" content=\"image\/jpeg\" \/>\n<meta name=\"twitter:card\" content=\"summary_large_image\" \/>\n<meta name=\"twitter:label1\" content=\"Predpokladan\u00fd \u010das \u010d\u00edtania\" \/>\n\t<meta name=\"twitter:data1\" content=\"1 min\u00fata\" \/>\n<script type=\"application\/ld+json\" class=\"yoast-schema-graph\">{\"@context\":\"https:\/\/schema.org\",\"@graph\":[{\"@type\":\"WebPage\",\"@id\":\"https:\/\/www.onetimenexttime.sk\/arduino\/index.php\/produkt\/electronic-electromagnetic-radiation-detector-digital-emf-meter-frequency-tester-for-home-office-computer-monitors-50mhz-2000mhz\/\",\"url\":\"https:\/\/www.onetimenexttime.sk\/arduino\/index.php\/produkt\/electronic-electromagnetic-radiation-detector-digital-emf-meter-frequency-tester-for-home-office-computer-monitors-50mhz-2000mhz\/\",\"name\":\"Electronic Electromagnetic Radiation Detector Digital EMF Meter Frequency Tester For Home Office Computer Monitors 50MHz-2000MHz - Arduino e-shop\",\"isPartOf\":{\"@id\":\"https:\/\/www.onetimenexttime.sk\/arduino\/#website\"},\"primaryImageOfPage\":{\"@id\":\"https:\/\/www.onetimenexttime.sk\/arduino\/index.php\/produkt\/electronic-electromagnetic-radiation-detector-digital-emf-meter-frequency-tester-for-home-office-computer-monitors-50mhz-2000mhz\/#primaryimage\"},\"image\":{\"@id\":\"https:\/\/www.onetimenexttime.sk\/arduino\/index.php\/produkt\/electronic-electromagnetic-radiation-detector-digital-emf-meter-frequency-tester-for-home-office-computer-monitors-50mhz-2000mhz\/#primaryimage\"},\"thumbnailUrl\":\"https:\/\/www.onetimenexttime.sk\/arduino\/wp-content\/uploads\/2021\/11\/75.jpg\",\"datePublished\":\"2021-11-01T19:51:29+00:00\",\"dateModified\":\"2021-11-01T19:54:38+00:00\",\"breadcrumb\":{\"@id\":\"https:\/\/www.onetimenexttime.sk\/arduino\/index.php\/produkt\/electronic-electromagnetic-radiation-detector-digital-emf-meter-frequency-tester-for-home-office-computer-monitors-50mhz-2000mhz\/#breadcrumb\"},\"inLanguage\":\"sk-SK\",\"potentialAction\":[{\"@type\":\"ReadAction\",\"target\":[\"https:\/\/www.onetimenexttime.sk\/arduino\/index.php\/produkt\/electronic-electromagnetic-radiation-detector-digital-emf-meter-frequency-tester-for-home-office-computer-monitors-50mhz-2000mhz\/\"]}]},{\"@type\":\"ImageObject\",\"inLanguage\":\"sk-SK\",\"@id\":\"https:\/\/www.onetimenexttime.sk\/arduino\/index.php\/produkt\/electronic-electromagnetic-radiation-detector-digital-emf-meter-frequency-tester-for-home-office-computer-monitors-50mhz-2000mhz\/#primaryimage\",\"url\":\"https:\/\/www.onetimenexttime.sk\/arduino\/wp-content\/uploads\/2021\/11\/75.jpg\",\"contentUrl\":\"https:\/\/www.onetimenexttime.sk\/arduino\/wp-content\/uploads\/2021\/11\/75.jpg\",\"width\":500,\"height\":501},{\"@type\":\"BreadcrumbList\",\"@id\":\"https:\/\/www.onetimenexttime.sk\/arduino\/index.php\/produkt\/electronic-electromagnetic-radiation-detector-digital-emf-meter-frequency-tester-for-home-office-computer-monitors-50mhz-2000mhz\/#breadcrumb\",\"itemListElement\":[{\"@type\":\"ListItem\",\"position\":1,\"name\":\"Domov\",\"item\":\"https:\/\/www.onetimenexttime.sk\/arduino\/\"},{\"@type\":\"ListItem\",\"position\":2,\"name\":\"Obchod\",\"item\":\"https:\/\/www.onetimenexttime.sk\/arduino\/\"},{\"@type\":\"ListItem\",\"position\":3,\"name\":\"Electronic Electromagnetic Radiation Detector Digital EMF Meter Frequency Tester For Home Office Computer Monitors 50MHz-2000MHz\"}]},{\"@type\":\"WebSite\",\"@id\":\"https:\/\/www.onetimenexttime.sk\/arduino\/#website\",\"url\":\"https:\/\/www.onetimenexttime.sk\/arduino\/\",\"name\":\"Arduino e-shop\",\"description\":\"Home Assistant\",\"potentialAction\":[{\"@type\":\"SearchAction\",\"target\":{\"@type\":\"EntryPoint\",\"urlTemplate\":\"https:\/\/www.onetimenexttime.sk\/arduino\/?s={search_term_string}\"},\"query-input\":{\"@type\":\"PropertyValueSpecification\",\"valueRequired\":true,\"valueName\":\"search_term_string\"}}],\"inLanguage\":\"sk-SK\"}]}<\/script>\n<!-- \/ Yoast SEO plugin. -->","yoast_head_json":{"title":"Electronic Electromagnetic Radiation Detector Digital EMF Meter Frequency Tester For Home Office Computer Monitors 50MHz-2000MHz - Arduino e-shop","robots":{"index":"index","follow":"follow","max-snippet":"max-snippet:-1","max-image-preview":"max-image-preview:large","max-video-preview":"max-video-preview:-1"},"canonical":"https:\/\/www.onetimenexttime.sk\/arduino\/index.php\/produkt\/electronic-electromagnetic-radiation-detector-digital-emf-meter-frequency-tester-for-home-office-computer-monitors-50mhz-2000mhz\/","og_locale":"sk_SK","og_type":"article","og_title":"Electronic Electromagnetic Radiation Detector Digital EMF Meter Frequency Tester For Home Office Computer Monitors 50MHz-2000MHz - Arduino e-shop","og_description":"Elektronick\u00fd detektor elektromagnetick\u00e9ho \u017eiarenia Digit\u00e1lny EMF Meter Frekven\u010dn\u00fd tester pre dom\u00e1ce kancel\u00e1rske po\u010d\u00edta\u010dov\u00e9 monitory 50MHz-2000MHz Skvel\u00e9 pre dom\u00e1cnos\u0165, kancel\u00e1riu, po\u010d\u00edta\u010dov\u00fa&hellip;","og_url":"https:\/\/www.onetimenexttime.sk\/arduino\/index.php\/produkt\/electronic-electromagnetic-radiation-detector-digital-emf-meter-frequency-tester-for-home-office-computer-monitors-50mhz-2000mhz\/","og_site_name":"Arduino e-shop","article_modified_time":"2021-11-01T19:54:38+00:00","og_image":[{"width":500,"height":501,"url":"https:\/\/www.onetimenexttime.sk\/arduino\/wp-content\/uploads\/2021\/11\/75.jpg","type":"image\/jpeg"}],"twitter_card":"summary_large_image","twitter_misc":{"Predpokladan\u00fd \u010das \u010d\u00edtania":"1 min\u00fata"},"schema":{"@context":"https:\/\/schema.org","@graph":[{"@type":"WebPage","@id":"https:\/\/www.onetimenexttime.sk\/arduino\/index.php\/produkt\/electronic-electromagnetic-radiation-detector-digital-emf-meter-frequency-tester-for-home-office-computer-monitors-50mhz-2000mhz\/","url":"https:\/\/www.onetimenexttime.sk\/arduino\/index.php\/produkt\/electronic-electromagnetic-radiation-detector-digital-emf-meter-frequency-tester-for-home-office-computer-monitors-50mhz-2000mhz\/","name":"Electronic Electromagnetic Radiation Detector Digital EMF Meter Frequency Tester For Home Office Computer Monitors 50MHz-2000MHz - Arduino e-shop","isPartOf":{"@id":"https:\/\/www.onetimenexttime.sk\/arduino\/#website"},"primaryImageOfPage":{"@id":"https:\/\/www.onetimenexttime.sk\/arduino\/index.php\/produkt\/electronic-electromagnetic-radiation-detector-digital-emf-meter-frequency-tester-for-home-office-computer-monitors-50mhz-2000mhz\/#primaryimage"},"image":{"@id":"https:\/\/www.onetimenexttime.sk\/arduino\/index.php\/produkt\/electronic-electromagnetic-radiation-detector-digital-emf-meter-frequency-tester-for-home-office-computer-monitors-50mhz-2000mhz\/#primaryimage"},"thumbnailUrl":"https:\/\/www.onetimenexttime.sk\/arduino\/wp-content\/uploads\/2021\/11\/75.jpg","datePublished":"2021-11-01T19:51:29+00:00","dateModified":"2021-11-01T19:54:38+00:00","breadcrumb":{"@id":"https:\/\/www.onetimenexttime.sk\/arduino\/index.php\/produkt\/electronic-electromagnetic-radiation-detector-digital-emf-meter-frequency-tester-for-home-office-computer-monitors-50mhz-2000mhz\/#breadcrumb"},"inLanguage":"sk-SK","potentialAction":[{"@type":"ReadAction","target":["https:\/\/www.onetimenexttime.sk\/arduino\/index.php\/produkt\/electronic-electromagnetic-radiation-detector-digital-emf-meter-frequency-tester-for-home-office-computer-monitors-50mhz-2000mhz\/"]}]},{"@type":"ImageObject","inLanguage":"sk-SK","@id":"https:\/\/www.onetimenexttime.sk\/arduino\/index.php\/produkt\/electronic-electromagnetic-radiation-detector-digital-emf-meter-frequency-tester-for-home-office-computer-monitors-50mhz-2000mhz\/#primaryimage","url":"https:\/\/www.onetimenexttime.sk\/arduino\/wp-content\/uploads\/2021\/11\/75.jpg","contentUrl":"https:\/\/www.onetimenexttime.sk\/arduino\/wp-content\/uploads\/2021\/11\/75.jpg","width":500,"height":501},{"@type":"BreadcrumbList","@id":"https:\/\/www.onetimenexttime.sk\/arduino\/index.php\/produkt\/electronic-electromagnetic-radiation-detector-digital-emf-meter-frequency-tester-for-home-office-computer-monitors-50mhz-2000mhz\/#breadcrumb","itemListElement":[{"@type":"ListItem","position":1,"name":"Domov","item":"https:\/\/www.onetimenexttime.sk\/arduino\/"},{"@type":"ListItem","position":2,"name":"Obchod","item":"https:\/\/www.onetimenexttime.sk\/arduino\/"},{"@type":"ListItem","position":3,"name":"Electronic Electromagnetic Radiation Detector Digital EMF Meter Frequency Tester For Home Office Computer Monitors 50MHz-2000MHz"}]},{"@type":"WebSite","@id":"https:\/\/www.onetimenexttime.sk\/arduino\/#website","url":"https:\/\/www.onetimenexttime.sk\/arduino\/","name":"Arduino e-shop","description":"Home Assistant","potentialAction":[{"@type":"SearchAction","target":{"@type":"EntryPoint","urlTemplate":"https:\/\/www.onetimenexttime.sk\/arduino\/?s={search_term_string}"},"query-input":{"@type":"PropertyValueSpecification","valueRequired":true,"valueName":"search_term_string"}}],"inLanguage":"sk-SK"}]}},"_links":{"self":[{"href":"https:\/\/www.onetimenexttime.sk\/arduino\/index.php\/wp-json\/wp\/v2\/product\/950"}],"collection":[{"href":"https:\/\/www.onetimenexttime.sk\/arduino\/index.php\/wp-json\/wp\/v2\/product"}],"about":[{"href":"https:\/\/www.onetimenexttime.sk\/arduino\/index.php\/wp-json\/wp\/v2\/types\/product"}],"wp:featuredmedia":[{"embeddable":true,"href":"https:\/\/www.onetimenexttime.sk\/arduino\/index.php\/wp-json\/wp\/v2\/media\/951"}],"wp:attachment":[{"href":"https:\/\/www.onetimenexttime.sk\/arduino\/index.php\/wp-json\/wp\/v2\/media?parent=950"}],"wp:term":[{"taxonomy":"product_cat","embeddable":true,"href":"https:\/\/www.onetimenexttime.sk\/arduino\/index.php\/wp-json\/wp\/v2\/product_cat?post=950"},{"taxonomy":"product_tag","embeddable":true,"href":"https:\/\/www.onetimenexttime.sk\/arduino\/index.php\/wp-json\/wp\/v2\/product_tag?post=950"}],"curies":[{"name":"wp","href":"https:\/\/api.w.org\/{rel}","templated":true}]}}