{"id":948,"date":"2021-11-01T20:45:47","date_gmt":"2021-11-01T19:45:47","guid":{"rendered":"https:\/\/www.onetimenexttime.sk\/arduino\/?post_type=product&#038;p=948"},"modified":"2021-11-01T20:48:19","modified_gmt":"2021-11-01T19:48:19","slug":"parallel-charging-board-balance-charge-plate-up-to-6-packs-2-6s-lipo-life-lion-battery-for-imax-b6-b6ac-b8-charger","status":"publish","type":"product","link":"https:\/\/www.onetimenexttime.sk\/arduino\/index.php\/produkt\/parallel-charging-board-balance-charge-plate-up-to-6-packs-2-6s-lipo-life-lion-battery-for-imax-b6-b6ac-b8-charger\/","title":{"rendered":"Parallel Charging Board Balance charge Plate Up to 6 packs 2-6s Lipo LiFe Lion Battery For iMAX B6 B6AC B8 Charger"},"content":{"rendered":"<h2>Paraleln\u00e1 nab\u00edjacia doska Balan\u010dn\u00e1 nab\u00edjacia doska A\u017e 6 balen\u00ed 2-6 s Lipo LiFe Lion bat\u00e9ria Pre nab\u00edja\u010dku iMAX B6 B6AC B8<\/h2>\n<p>Bunka: 2~6S<br \/>\nNap\u00e4tie: 0~22,2VDC<br \/>\nMaxim\u00e1lny pr\u00fad: 30A<br \/>\nBat\u00e9ria: 6 balen\u00ed rovnakej kapacity a po\u010dtu \u010dl\u00e1nkov<br \/>\nKonektor: T konektor<\/p>\n<p>Tento produkt sa pou\u017e\u00edva na s\u00fa\u010dasn\u00e9 paraleln\u00e9 nab\u00edjanie viacer\u00fdch l\u00edtiov\u00fdch bat\u00e9ri\u00ed (vr\u00e1tane typov LiPo, LiFe a Li-ion).<\/p>\n<p>Hlavn\u00e9 rysy:<br \/>\nPohodln\u00e9 nab\u00edjanie a vyva\u017eovanie a\u017e \u0161iestich l\u00edtiov\u00fdch bat\u00e9ri\u00ed s\u00fa\u010dasne pri pou\u017eit\u00ed s \u200b\u200bbalan\u010dnou nab\u00edja\u010dkou.<br \/>\n\u010cas nab\u00edjania sa v\u00fdrazne skr\u00e1ti, preto\u017ee v\u0161etky bat\u00e9rie s\u00fa vyv\u00e1\u017een\u00e9 s\u00fa\u010dasne, namiesto toho, aby sa vyva\u017eovali bat\u00e9rie jeden po druhom.<br \/>\nDok\u00e1\u017ee v\u00fdrazne ur\u00fdchli\u0165 r\u00fdchlos\u0165 nab\u00edjania bat\u00e9rie. Ak vezmeme ako pr\u00edklad \u0161es\u0165 2,2 Ah LiPo bat\u00e9ri\u00ed, ak sa s\u00faprava nab\u00edja jedna po druhej r\u00fdchlos\u0165ou 1C (2,2 A), zvy\u010dajne to bude trva\u0165 pribli\u017ene \u0161es\u0165 hod\u00edn. Pri pou\u017eit\u00ed paralelnej nab\u00edjacej dosky na nab\u00edjanie v\u0161etk\u00fdch bat\u00e9ri\u00ed s\u00fa\u010dasne je mo\u017en\u00e9 r\u00fdchlos\u0165 nab\u00edjania nastavi\u0165 na 13,2 A (2,2 x 6 = 13,2 A) a \u00fapln\u00e9 nabitie a vyv\u00e1\u017eenie bat\u00e9ri\u00ed bude trva\u0165 len jednu hodinu.<\/p>\n<p>Obsah balenia:<br \/>\n1 sada x 2-6s paraleln\u00e1 nab\u00edjacia doska (T konektor)<br \/>\n1 ks X English Munual<\/p>\n","protected":false},"excerpt":{"rendered":"<p>Paraleln\u00e1 nab\u00edjacia doska Balan\u010dn\u00e1 nab\u00edjacia doska A\u017e 6 balen\u00ed 2-6 s Lipo LiFe Lion bat\u00e9ria Pre nab\u00edja\u010dku iMAX B6 B6AC&hellip;<\/p>\n","protected":false},"featured_media":949,"template":"","meta":{"_monsterinsights_skip_tracking":false,"_monsterinsights_sitenote_active":false,"_monsterinsights_sitenote_note":"","_monsterinsights_sitenote_category":0},"product_cat":[21,58],"product_tag":[],"class_list":{"0":"post-948","1":"product","2":"type-product","3":"status-publish","4":"has-post-thumbnail","6":"product_cat-pw","7":"product_cat-tester","9":"first","10":"instock","11":"sale","12":"shipping-taxable","13":"purchasable","14":"product-type-simple"},"yoast_head":"<!-- This site is optimized with the Yoast SEO plugin v23.6 - https:\/\/yoast.com\/wordpress\/plugins\/seo\/ -->\n<title>Parallel Charging Board Balance charge Plate Up to 6 packs 2-6s Lipo LiFe Lion Battery For iMAX B6 B6AC B8 Charger - Arduino e-shop<\/title>\n<meta name=\"robots\" content=\"index, follow, max-snippet:-1, max-image-preview:large, max-video-preview:-1\" \/>\n<link rel=\"canonical\" href=\"https:\/\/www.onetimenexttime.sk\/arduino\/index.php\/produkt\/parallel-charging-board-balance-charge-plate-up-to-6-packs-2-6s-lipo-life-lion-battery-for-imax-b6-b6ac-b8-charger\/\" \/>\n<meta property=\"og:locale\" content=\"sk_SK\" \/>\n<meta property=\"og:type\" content=\"article\" \/>\n<meta property=\"og:title\" content=\"Parallel Charging Board Balance charge Plate Up to 6 packs 2-6s Lipo LiFe Lion Battery For iMAX B6 B6AC B8 Charger - Arduino e-shop\" \/>\n<meta property=\"og:description\" content=\"Paraleln\u00e1 nab\u00edjacia doska Balan\u010dn\u00e1 nab\u00edjacia doska A\u017e 6 balen\u00ed 2-6 s Lipo LiFe Lion bat\u00e9ria Pre nab\u00edja\u010dku iMAX B6 B6AC&hellip;\" \/>\n<meta property=\"og:url\" content=\"https:\/\/www.onetimenexttime.sk\/arduino\/index.php\/produkt\/parallel-charging-board-balance-charge-plate-up-to-6-packs-2-6s-lipo-life-lion-battery-for-imax-b6-b6ac-b8-charger\/\" \/>\n<meta property=\"og:site_name\" content=\"Arduino e-shop\" \/>\n<meta property=\"article:modified_time\" content=\"2021-11-01T19:48:19+00:00\" \/>\n<meta property=\"og:image\" content=\"https:\/\/www.onetimenexttime.sk\/arduino\/wp-content\/uploads\/2021\/11\/76.jpg\" \/>\n\t<meta property=\"og:image:width\" content=\"500\" \/>\n\t<meta property=\"og:image:height\" content=\"501\" \/>\n\t<meta property=\"og:image:type\" content=\"image\/jpeg\" \/>\n<meta name=\"twitter:card\" content=\"summary_large_image\" \/>\n<meta name=\"twitter:label1\" content=\"Predpokladan\u00fd \u010das \u010d\u00edtania\" \/>\n\t<meta name=\"twitter:data1\" content=\"1 min\u00fata\" \/>\n<script type=\"application\/ld+json\" class=\"yoast-schema-graph\">{\"@context\":\"https:\/\/schema.org\",\"@graph\":[{\"@type\":\"WebPage\",\"@id\":\"https:\/\/www.onetimenexttime.sk\/arduino\/index.php\/produkt\/parallel-charging-board-balance-charge-plate-up-to-6-packs-2-6s-lipo-life-lion-battery-for-imax-b6-b6ac-b8-charger\/\",\"url\":\"https:\/\/www.onetimenexttime.sk\/arduino\/index.php\/produkt\/parallel-charging-board-balance-charge-plate-up-to-6-packs-2-6s-lipo-life-lion-battery-for-imax-b6-b6ac-b8-charger\/\",\"name\":\"Parallel Charging Board Balance charge Plate Up to 6 packs 2-6s Lipo LiFe Lion Battery For iMAX B6 B6AC B8 Charger - Arduino e-shop\",\"isPartOf\":{\"@id\":\"https:\/\/www.onetimenexttime.sk\/arduino\/#website\"},\"primaryImageOfPage\":{\"@id\":\"https:\/\/www.onetimenexttime.sk\/arduino\/index.php\/produkt\/parallel-charging-board-balance-charge-plate-up-to-6-packs-2-6s-lipo-life-lion-battery-for-imax-b6-b6ac-b8-charger\/#primaryimage\"},\"image\":{\"@id\":\"https:\/\/www.onetimenexttime.sk\/arduino\/index.php\/produkt\/parallel-charging-board-balance-charge-plate-up-to-6-packs-2-6s-lipo-life-lion-battery-for-imax-b6-b6ac-b8-charger\/#primaryimage\"},\"thumbnailUrl\":\"https:\/\/www.onetimenexttime.sk\/arduino\/wp-content\/uploads\/2021\/11\/76.jpg\",\"datePublished\":\"2021-11-01T19:45:47+00:00\",\"dateModified\":\"2021-11-01T19:48:19+00:00\",\"breadcrumb\":{\"@id\":\"https:\/\/www.onetimenexttime.sk\/arduino\/index.php\/produkt\/parallel-charging-board-balance-charge-plate-up-to-6-packs-2-6s-lipo-life-lion-battery-for-imax-b6-b6ac-b8-charger\/#breadcrumb\"},\"inLanguage\":\"sk-SK\",\"potentialAction\":[{\"@type\":\"ReadAction\",\"target\":[\"https:\/\/www.onetimenexttime.sk\/arduino\/index.php\/produkt\/parallel-charging-board-balance-charge-plate-up-to-6-packs-2-6s-lipo-life-lion-battery-for-imax-b6-b6ac-b8-charger\/\"]}]},{\"@type\":\"ImageObject\",\"inLanguage\":\"sk-SK\",\"@id\":\"https:\/\/www.onetimenexttime.sk\/arduino\/index.php\/produkt\/parallel-charging-board-balance-charge-plate-up-to-6-packs-2-6s-lipo-life-lion-battery-for-imax-b6-b6ac-b8-charger\/#primaryimage\",\"url\":\"https:\/\/www.onetimenexttime.sk\/arduino\/wp-content\/uploads\/2021\/11\/76.jpg\",\"contentUrl\":\"https:\/\/www.onetimenexttime.sk\/arduino\/wp-content\/uploads\/2021\/11\/76.jpg\",\"width\":500,\"height\":501},{\"@type\":\"BreadcrumbList\",\"@id\":\"https:\/\/www.onetimenexttime.sk\/arduino\/index.php\/produkt\/parallel-charging-board-balance-charge-plate-up-to-6-packs-2-6s-lipo-life-lion-battery-for-imax-b6-b6ac-b8-charger\/#breadcrumb\",\"itemListElement\":[{\"@type\":\"ListItem\",\"position\":1,\"name\":\"Domov\",\"item\":\"https:\/\/www.onetimenexttime.sk\/arduino\/\"},{\"@type\":\"ListItem\",\"position\":2,\"name\":\"Obchod\",\"item\":\"https:\/\/www.onetimenexttime.sk\/arduino\/\"},{\"@type\":\"ListItem\",\"position\":3,\"name\":\"Parallel Charging Board Balance charge Plate Up to 6 packs 2-6s Lipo LiFe Lion Battery For iMAX B6 B6AC B8 Charger\"}]},{\"@type\":\"WebSite\",\"@id\":\"https:\/\/www.onetimenexttime.sk\/arduino\/#website\",\"url\":\"https:\/\/www.onetimenexttime.sk\/arduino\/\",\"name\":\"Arduino e-shop\",\"description\":\"Home Assistant\",\"potentialAction\":[{\"@type\":\"SearchAction\",\"target\":{\"@type\":\"EntryPoint\",\"urlTemplate\":\"https:\/\/www.onetimenexttime.sk\/arduino\/?s={search_term_string}\"},\"query-input\":{\"@type\":\"PropertyValueSpecification\",\"valueRequired\":true,\"valueName\":\"search_term_string\"}}],\"inLanguage\":\"sk-SK\"}]}<\/script>\n<!-- \/ Yoast SEO plugin. -->","yoast_head_json":{"title":"Parallel Charging Board Balance charge Plate Up to 6 packs 2-6s Lipo LiFe Lion Battery For iMAX B6 B6AC B8 Charger - Arduino e-shop","robots":{"index":"index","follow":"follow","max-snippet":"max-snippet:-1","max-image-preview":"max-image-preview:large","max-video-preview":"max-video-preview:-1"},"canonical":"https:\/\/www.onetimenexttime.sk\/arduino\/index.php\/produkt\/parallel-charging-board-balance-charge-plate-up-to-6-packs-2-6s-lipo-life-lion-battery-for-imax-b6-b6ac-b8-charger\/","og_locale":"sk_SK","og_type":"article","og_title":"Parallel Charging Board Balance charge Plate Up to 6 packs 2-6s Lipo LiFe Lion Battery For iMAX B6 B6AC B8 Charger - Arduino e-shop","og_description":"Paraleln\u00e1 nab\u00edjacia doska Balan\u010dn\u00e1 nab\u00edjacia doska A\u017e 6 balen\u00ed 2-6 s Lipo LiFe Lion bat\u00e9ria Pre nab\u00edja\u010dku iMAX B6 B6AC&hellip;","og_url":"https:\/\/www.onetimenexttime.sk\/arduino\/index.php\/produkt\/parallel-charging-board-balance-charge-plate-up-to-6-packs-2-6s-lipo-life-lion-battery-for-imax-b6-b6ac-b8-charger\/","og_site_name":"Arduino e-shop","article_modified_time":"2021-11-01T19:48:19+00:00","og_image":[{"width":500,"height":501,"url":"https:\/\/www.onetimenexttime.sk\/arduino\/wp-content\/uploads\/2021\/11\/76.jpg","type":"image\/jpeg"}],"twitter_card":"summary_large_image","twitter_misc":{"Predpokladan\u00fd \u010das \u010d\u00edtania":"1 min\u00fata"},"schema":{"@context":"https:\/\/schema.org","@graph":[{"@type":"WebPage","@id":"https:\/\/www.onetimenexttime.sk\/arduino\/index.php\/produkt\/parallel-charging-board-balance-charge-plate-up-to-6-packs-2-6s-lipo-life-lion-battery-for-imax-b6-b6ac-b8-charger\/","url":"https:\/\/www.onetimenexttime.sk\/arduino\/index.php\/produkt\/parallel-charging-board-balance-charge-plate-up-to-6-packs-2-6s-lipo-life-lion-battery-for-imax-b6-b6ac-b8-charger\/","name":"Parallel Charging Board Balance charge Plate Up to 6 packs 2-6s Lipo LiFe Lion Battery For iMAX B6 B6AC B8 Charger - Arduino e-shop","isPartOf":{"@id":"https:\/\/www.onetimenexttime.sk\/arduino\/#website"},"primaryImageOfPage":{"@id":"https:\/\/www.onetimenexttime.sk\/arduino\/index.php\/produkt\/parallel-charging-board-balance-charge-plate-up-to-6-packs-2-6s-lipo-life-lion-battery-for-imax-b6-b6ac-b8-charger\/#primaryimage"},"image":{"@id":"https:\/\/www.onetimenexttime.sk\/arduino\/index.php\/produkt\/parallel-charging-board-balance-charge-plate-up-to-6-packs-2-6s-lipo-life-lion-battery-for-imax-b6-b6ac-b8-charger\/#primaryimage"},"thumbnailUrl":"https:\/\/www.onetimenexttime.sk\/arduino\/wp-content\/uploads\/2021\/11\/76.jpg","datePublished":"2021-11-01T19:45:47+00:00","dateModified":"2021-11-01T19:48:19+00:00","breadcrumb":{"@id":"https:\/\/www.onetimenexttime.sk\/arduino\/index.php\/produkt\/parallel-charging-board-balance-charge-plate-up-to-6-packs-2-6s-lipo-life-lion-battery-for-imax-b6-b6ac-b8-charger\/#breadcrumb"},"inLanguage":"sk-SK","potentialAction":[{"@type":"ReadAction","target":["https:\/\/www.onetimenexttime.sk\/arduino\/index.php\/produkt\/parallel-charging-board-balance-charge-plate-up-to-6-packs-2-6s-lipo-life-lion-battery-for-imax-b6-b6ac-b8-charger\/"]}]},{"@type":"ImageObject","inLanguage":"sk-SK","@id":"https:\/\/www.onetimenexttime.sk\/arduino\/index.php\/produkt\/parallel-charging-board-balance-charge-plate-up-to-6-packs-2-6s-lipo-life-lion-battery-for-imax-b6-b6ac-b8-charger\/#primaryimage","url":"https:\/\/www.onetimenexttime.sk\/arduino\/wp-content\/uploads\/2021\/11\/76.jpg","contentUrl":"https:\/\/www.onetimenexttime.sk\/arduino\/wp-content\/uploads\/2021\/11\/76.jpg","width":500,"height":501},{"@type":"BreadcrumbList","@id":"https:\/\/www.onetimenexttime.sk\/arduino\/index.php\/produkt\/parallel-charging-board-balance-charge-plate-up-to-6-packs-2-6s-lipo-life-lion-battery-for-imax-b6-b6ac-b8-charger\/#breadcrumb","itemListElement":[{"@type":"ListItem","position":1,"name":"Domov","item":"https:\/\/www.onetimenexttime.sk\/arduino\/"},{"@type":"ListItem","position":2,"name":"Obchod","item":"https:\/\/www.onetimenexttime.sk\/arduino\/"},{"@type":"ListItem","position":3,"name":"Parallel Charging Board Balance charge Plate Up to 6 packs 2-6s Lipo LiFe Lion Battery For iMAX B6 B6AC B8 Charger"}]},{"@type":"WebSite","@id":"https:\/\/www.onetimenexttime.sk\/arduino\/#website","url":"https:\/\/www.onetimenexttime.sk\/arduino\/","name":"Arduino e-shop","description":"Home Assistant","potentialAction":[{"@type":"SearchAction","target":{"@type":"EntryPoint","urlTemplate":"https:\/\/www.onetimenexttime.sk\/arduino\/?s={search_term_string}"},"query-input":{"@type":"PropertyValueSpecification","valueRequired":true,"valueName":"search_term_string"}}],"inLanguage":"sk-SK"}]}},"_links":{"self":[{"href":"https:\/\/www.onetimenexttime.sk\/arduino\/index.php\/wp-json\/wp\/v2\/product\/948"}],"collection":[{"href":"https:\/\/www.onetimenexttime.sk\/arduino\/index.php\/wp-json\/wp\/v2\/product"}],"about":[{"href":"https:\/\/www.onetimenexttime.sk\/arduino\/index.php\/wp-json\/wp\/v2\/types\/product"}],"wp:featuredmedia":[{"embeddable":true,"href":"https:\/\/www.onetimenexttime.sk\/arduino\/index.php\/wp-json\/wp\/v2\/media\/949"}],"wp:attachment":[{"href":"https:\/\/www.onetimenexttime.sk\/arduino\/index.php\/wp-json\/wp\/v2\/media?parent=948"}],"wp:term":[{"taxonomy":"product_cat","embeddable":true,"href":"https:\/\/www.onetimenexttime.sk\/arduino\/index.php\/wp-json\/wp\/v2\/product_cat?post=948"},{"taxonomy":"product_tag","embeddable":true,"href":"https:\/\/www.onetimenexttime.sk\/arduino\/index.php\/wp-json\/wp\/v2\/product_tag?post=948"}],"curies":[{"name":"wp","href":"https:\/\/api.w.org\/{rel}","templated":true}]}}