{"id":944,"date":"2021-11-01T20:38:02","date_gmt":"2021-11-01T19:38:02","guid":{"rendered":"https:\/\/www.onetimenexttime.sk\/arduino\/?post_type=product&#038;p=944"},"modified":"2021-11-01T20:44:00","modified_gmt":"2021-11-01T19:44:00","slug":"mini-handy-2150ma-led-tester-test-box-for-light-emitting-diode-bulb-lamp-whosaledropship","status":"publish","type":"product","link":"https:\/\/www.onetimenexttime.sk\/arduino\/index.php\/produkt\/mini-handy-2150ma-led-tester-test-box-for-light-emitting-diode-bulb-lamp-whosaledropship\/","title":{"rendered":"Mini Handy 2~150mA LED Tester Test Box for Light-emitting Diode Bulb Lamp Whosale&#038;Dropship"},"content":{"rendered":"<h2>Mini praktick\u00fd 2 ~ 150 mA tester LED testovacieho boxu pre \u017eiarovku s di\u00f3dami vy\u017earuj\u00facou svetlo<\/h2>\n<p>&nbsp;<\/p>\n<p>Materi\u00e1l: Plast<\/p>\n<p>Farba: Biela<\/p>\n<p>&nbsp;<\/p>\n<p>Praktick\u00e9 zariadenie na testovanie LED di\u00f3d. Jednoducho zapojte LED do spr\u00e1vnych otvorov (v\u0161etky s\u00fa ozna\u010den\u00e9) a stla\u010den\u00edm tla\u010didla uvid\u00edte jeho jas, farbu osvetlenia at\u010f.<\/p>\n<p>Praktick\u00e9 zariadenie na testovanie LED di\u00f3d (2-150mA)<\/p>\n<p>Jednoducho zapojte LED di\u00f3du do spr\u00e1vnych otvorov (v\u0161etky s\u00fa ozna\u010den\u00e9) a stla\u010den\u00edm tla\u010didla otestujte jej jas, farbu osvetlenia at\u010f.<\/p>\n<p>Horn\u00fd rad je pre 2-kol\u00edkov\u00e9 LED di\u00f3dy s pr\u00fadmi od 2mA do 30mA<\/p>\n<p>Spodn\u00fd rad je pre 4-kol\u00edkov\u00e9 LED di\u00f3dy (piranha LED) s pr\u00fadmi v rozsahu od 20 mA do 150 mA<\/p>\n<p>\u013dahk\u00fd a kompaktn\u00fd<\/p>\n<p>Nap\u00e1janie 9V bat\u00e9riou (nie je s\u00fa\u010das\u0165ou balenia)<\/p>\n<p>Ve\u013ekos\u0165 polo\u017eky (D*\u0160*V): Pribl. 8 x 5,5 x 2,2 cm \/ 3,15&#8243; x 2,16&#8243; x 0,87&#8243;<\/p>\n","protected":false},"excerpt":{"rendered":"<p>Mini praktick\u00fd 2 ~ 150 mA tester LED testovacieho boxu pre \u017eiarovku s di\u00f3dami vy\u017earuj\u00facou svetlo &nbsp; Materi\u00e1l: Plast Farba:&hellip;<\/p>\n","protected":false},"featured_media":945,"template":"","meta":{"_monsterinsights_skip_tracking":false,"_monsterinsights_sitenote_active":false,"_monsterinsights_sitenote_note":"","_monsterinsights_sitenote_category":0},"product_cat":[58],"product_tag":[],"class_list":{"0":"post-944","1":"product","2":"type-product","3":"status-publish","4":"has-post-thumbnail","6":"product_cat-tester","8":"first","9":"instock","10":"sale","11":"shipping-taxable","12":"purchasable","13":"product-type-simple"},"yoast_head":"<!-- This site is optimized with the Yoast SEO plugin v23.6 - https:\/\/yoast.com\/wordpress\/plugins\/seo\/ -->\n<title>Mini Handy 2~150mA LED Tester Test Box for Light-emitting Diode Bulb Lamp Whosale&amp;Dropship - Arduino e-shop<\/title>\n<meta name=\"robots\" content=\"index, follow, max-snippet:-1, max-image-preview:large, max-video-preview:-1\" \/>\n<link rel=\"canonical\" href=\"https:\/\/www.onetimenexttime.sk\/arduino\/index.php\/produkt\/mini-handy-2150ma-led-tester-test-box-for-light-emitting-diode-bulb-lamp-whosaledropship\/\" \/>\n<meta property=\"og:locale\" content=\"sk_SK\" \/>\n<meta property=\"og:type\" content=\"article\" \/>\n<meta property=\"og:title\" content=\"Mini Handy 2~150mA LED Tester Test Box for Light-emitting Diode Bulb Lamp Whosale&amp;Dropship - Arduino e-shop\" \/>\n<meta property=\"og:description\" content=\"Mini praktick\u00fd 2 ~ 150 mA tester LED testovacieho boxu pre \u017eiarovku s di\u00f3dami vy\u017earuj\u00facou svetlo &nbsp; Materi\u00e1l: Plast Farba:&hellip;\" \/>\n<meta property=\"og:url\" content=\"https:\/\/www.onetimenexttime.sk\/arduino\/index.php\/produkt\/mini-handy-2150ma-led-tester-test-box-for-light-emitting-diode-bulb-lamp-whosaledropship\/\" \/>\n<meta property=\"og:site_name\" content=\"Arduino e-shop\" \/>\n<meta property=\"article:modified_time\" content=\"2021-11-01T19:44:00+00:00\" \/>\n<meta property=\"og:image\" content=\"https:\/\/www.onetimenexttime.sk\/arduino\/wp-content\/uploads\/2021\/11\/77-2.jpg\" \/>\n\t<meta property=\"og:image:width\" content=\"500\" \/>\n\t<meta property=\"og:image:height\" content=\"501\" \/>\n\t<meta property=\"og:image:type\" content=\"image\/jpeg\" \/>\n<meta name=\"twitter:card\" content=\"summary_large_image\" \/>\n<meta name=\"twitter:label1\" content=\"Predpokladan\u00fd \u010das \u010d\u00edtania\" \/>\n\t<meta name=\"twitter:data1\" content=\"1 min\u00fata\" \/>\n<script type=\"application\/ld+json\" class=\"yoast-schema-graph\">{\"@context\":\"https:\/\/schema.org\",\"@graph\":[{\"@type\":\"WebPage\",\"@id\":\"https:\/\/www.onetimenexttime.sk\/arduino\/index.php\/produkt\/mini-handy-2150ma-led-tester-test-box-for-light-emitting-diode-bulb-lamp-whosaledropship\/\",\"url\":\"https:\/\/www.onetimenexttime.sk\/arduino\/index.php\/produkt\/mini-handy-2150ma-led-tester-test-box-for-light-emitting-diode-bulb-lamp-whosaledropship\/\",\"name\":\"Mini Handy 2~150mA LED Tester Test Box for Light-emitting Diode Bulb Lamp Whosale&Dropship - Arduino e-shop\",\"isPartOf\":{\"@id\":\"https:\/\/www.onetimenexttime.sk\/arduino\/#website\"},\"primaryImageOfPage\":{\"@id\":\"https:\/\/www.onetimenexttime.sk\/arduino\/index.php\/produkt\/mini-handy-2150ma-led-tester-test-box-for-light-emitting-diode-bulb-lamp-whosaledropship\/#primaryimage\"},\"image\":{\"@id\":\"https:\/\/www.onetimenexttime.sk\/arduino\/index.php\/produkt\/mini-handy-2150ma-led-tester-test-box-for-light-emitting-diode-bulb-lamp-whosaledropship\/#primaryimage\"},\"thumbnailUrl\":\"https:\/\/www.onetimenexttime.sk\/arduino\/wp-content\/uploads\/2021\/11\/77-2.jpg\",\"datePublished\":\"2021-11-01T19:38:02+00:00\",\"dateModified\":\"2021-11-01T19:44:00+00:00\",\"breadcrumb\":{\"@id\":\"https:\/\/www.onetimenexttime.sk\/arduino\/index.php\/produkt\/mini-handy-2150ma-led-tester-test-box-for-light-emitting-diode-bulb-lamp-whosaledropship\/#breadcrumb\"},\"inLanguage\":\"sk-SK\",\"potentialAction\":[{\"@type\":\"ReadAction\",\"target\":[\"https:\/\/www.onetimenexttime.sk\/arduino\/index.php\/produkt\/mini-handy-2150ma-led-tester-test-box-for-light-emitting-diode-bulb-lamp-whosaledropship\/\"]}]},{\"@type\":\"ImageObject\",\"inLanguage\":\"sk-SK\",\"@id\":\"https:\/\/www.onetimenexttime.sk\/arduino\/index.php\/produkt\/mini-handy-2150ma-led-tester-test-box-for-light-emitting-diode-bulb-lamp-whosaledropship\/#primaryimage\",\"url\":\"https:\/\/www.onetimenexttime.sk\/arduino\/wp-content\/uploads\/2021\/11\/77-2.jpg\",\"contentUrl\":\"https:\/\/www.onetimenexttime.sk\/arduino\/wp-content\/uploads\/2021\/11\/77-2.jpg\",\"width\":500,\"height\":501},{\"@type\":\"BreadcrumbList\",\"@id\":\"https:\/\/www.onetimenexttime.sk\/arduino\/index.php\/produkt\/mini-handy-2150ma-led-tester-test-box-for-light-emitting-diode-bulb-lamp-whosaledropship\/#breadcrumb\",\"itemListElement\":[{\"@type\":\"ListItem\",\"position\":1,\"name\":\"Domov\",\"item\":\"https:\/\/www.onetimenexttime.sk\/arduino\/\"},{\"@type\":\"ListItem\",\"position\":2,\"name\":\"Obchod\",\"item\":\"https:\/\/www.onetimenexttime.sk\/arduino\/\"},{\"@type\":\"ListItem\",\"position\":3,\"name\":\"Mini Handy 2~150mA LED Tester Test Box for Light-emitting Diode Bulb Lamp Whosale&#038;Dropship\"}]},{\"@type\":\"WebSite\",\"@id\":\"https:\/\/www.onetimenexttime.sk\/arduino\/#website\",\"url\":\"https:\/\/www.onetimenexttime.sk\/arduino\/\",\"name\":\"Arduino e-shop\",\"description\":\"Home Assistant\",\"potentialAction\":[{\"@type\":\"SearchAction\",\"target\":{\"@type\":\"EntryPoint\",\"urlTemplate\":\"https:\/\/www.onetimenexttime.sk\/arduino\/?s={search_term_string}\"},\"query-input\":{\"@type\":\"PropertyValueSpecification\",\"valueRequired\":true,\"valueName\":\"search_term_string\"}}],\"inLanguage\":\"sk-SK\"}]}<\/script>\n<!-- \/ Yoast SEO plugin. -->","yoast_head_json":{"title":"Mini Handy 2~150mA LED Tester Test Box for Light-emitting Diode Bulb Lamp Whosale&Dropship - Arduino e-shop","robots":{"index":"index","follow":"follow","max-snippet":"max-snippet:-1","max-image-preview":"max-image-preview:large","max-video-preview":"max-video-preview:-1"},"canonical":"https:\/\/www.onetimenexttime.sk\/arduino\/index.php\/produkt\/mini-handy-2150ma-led-tester-test-box-for-light-emitting-diode-bulb-lamp-whosaledropship\/","og_locale":"sk_SK","og_type":"article","og_title":"Mini Handy 2~150mA LED Tester Test Box for Light-emitting Diode Bulb Lamp Whosale&Dropship - Arduino e-shop","og_description":"Mini praktick\u00fd 2 ~ 150 mA tester LED testovacieho boxu pre \u017eiarovku s di\u00f3dami vy\u017earuj\u00facou svetlo &nbsp; Materi\u00e1l: Plast Farba:&hellip;","og_url":"https:\/\/www.onetimenexttime.sk\/arduino\/index.php\/produkt\/mini-handy-2150ma-led-tester-test-box-for-light-emitting-diode-bulb-lamp-whosaledropship\/","og_site_name":"Arduino e-shop","article_modified_time":"2021-11-01T19:44:00+00:00","og_image":[{"width":500,"height":501,"url":"https:\/\/www.onetimenexttime.sk\/arduino\/wp-content\/uploads\/2021\/11\/77-2.jpg","type":"image\/jpeg"}],"twitter_card":"summary_large_image","twitter_misc":{"Predpokladan\u00fd \u010das \u010d\u00edtania":"1 min\u00fata"},"schema":{"@context":"https:\/\/schema.org","@graph":[{"@type":"WebPage","@id":"https:\/\/www.onetimenexttime.sk\/arduino\/index.php\/produkt\/mini-handy-2150ma-led-tester-test-box-for-light-emitting-diode-bulb-lamp-whosaledropship\/","url":"https:\/\/www.onetimenexttime.sk\/arduino\/index.php\/produkt\/mini-handy-2150ma-led-tester-test-box-for-light-emitting-diode-bulb-lamp-whosaledropship\/","name":"Mini Handy 2~150mA LED Tester Test Box for Light-emitting Diode Bulb Lamp Whosale&Dropship - Arduino e-shop","isPartOf":{"@id":"https:\/\/www.onetimenexttime.sk\/arduino\/#website"},"primaryImageOfPage":{"@id":"https:\/\/www.onetimenexttime.sk\/arduino\/index.php\/produkt\/mini-handy-2150ma-led-tester-test-box-for-light-emitting-diode-bulb-lamp-whosaledropship\/#primaryimage"},"image":{"@id":"https:\/\/www.onetimenexttime.sk\/arduino\/index.php\/produkt\/mini-handy-2150ma-led-tester-test-box-for-light-emitting-diode-bulb-lamp-whosaledropship\/#primaryimage"},"thumbnailUrl":"https:\/\/www.onetimenexttime.sk\/arduino\/wp-content\/uploads\/2021\/11\/77-2.jpg","datePublished":"2021-11-01T19:38:02+00:00","dateModified":"2021-11-01T19:44:00+00:00","breadcrumb":{"@id":"https:\/\/www.onetimenexttime.sk\/arduino\/index.php\/produkt\/mini-handy-2150ma-led-tester-test-box-for-light-emitting-diode-bulb-lamp-whosaledropship\/#breadcrumb"},"inLanguage":"sk-SK","potentialAction":[{"@type":"ReadAction","target":["https:\/\/www.onetimenexttime.sk\/arduino\/index.php\/produkt\/mini-handy-2150ma-led-tester-test-box-for-light-emitting-diode-bulb-lamp-whosaledropship\/"]}]},{"@type":"ImageObject","inLanguage":"sk-SK","@id":"https:\/\/www.onetimenexttime.sk\/arduino\/index.php\/produkt\/mini-handy-2150ma-led-tester-test-box-for-light-emitting-diode-bulb-lamp-whosaledropship\/#primaryimage","url":"https:\/\/www.onetimenexttime.sk\/arduino\/wp-content\/uploads\/2021\/11\/77-2.jpg","contentUrl":"https:\/\/www.onetimenexttime.sk\/arduino\/wp-content\/uploads\/2021\/11\/77-2.jpg","width":500,"height":501},{"@type":"BreadcrumbList","@id":"https:\/\/www.onetimenexttime.sk\/arduino\/index.php\/produkt\/mini-handy-2150ma-led-tester-test-box-for-light-emitting-diode-bulb-lamp-whosaledropship\/#breadcrumb","itemListElement":[{"@type":"ListItem","position":1,"name":"Domov","item":"https:\/\/www.onetimenexttime.sk\/arduino\/"},{"@type":"ListItem","position":2,"name":"Obchod","item":"https:\/\/www.onetimenexttime.sk\/arduino\/"},{"@type":"ListItem","position":3,"name":"Mini Handy 2~150mA LED Tester Test Box for Light-emitting Diode Bulb Lamp Whosale&#038;Dropship"}]},{"@type":"WebSite","@id":"https:\/\/www.onetimenexttime.sk\/arduino\/#website","url":"https:\/\/www.onetimenexttime.sk\/arduino\/","name":"Arduino e-shop","description":"Home Assistant","potentialAction":[{"@type":"SearchAction","target":{"@type":"EntryPoint","urlTemplate":"https:\/\/www.onetimenexttime.sk\/arduino\/?s={search_term_string}"},"query-input":{"@type":"PropertyValueSpecification","valueRequired":true,"valueName":"search_term_string"}}],"inLanguage":"sk-SK"}]}},"_links":{"self":[{"href":"https:\/\/www.onetimenexttime.sk\/arduino\/index.php\/wp-json\/wp\/v2\/product\/944"}],"collection":[{"href":"https:\/\/www.onetimenexttime.sk\/arduino\/index.php\/wp-json\/wp\/v2\/product"}],"about":[{"href":"https:\/\/www.onetimenexttime.sk\/arduino\/index.php\/wp-json\/wp\/v2\/types\/product"}],"wp:featuredmedia":[{"embeddable":true,"href":"https:\/\/www.onetimenexttime.sk\/arduino\/index.php\/wp-json\/wp\/v2\/media\/945"}],"wp:attachment":[{"href":"https:\/\/www.onetimenexttime.sk\/arduino\/index.php\/wp-json\/wp\/v2\/media?parent=944"}],"wp:term":[{"taxonomy":"product_cat","embeddable":true,"href":"https:\/\/www.onetimenexttime.sk\/arduino\/index.php\/wp-json\/wp\/v2\/product_cat?post=944"},{"taxonomy":"product_tag","embeddable":true,"href":"https:\/\/www.onetimenexttime.sk\/arduino\/index.php\/wp-json\/wp\/v2\/product_tag?post=944"}],"curies":[{"name":"wp","href":"https:\/\/api.w.org\/{rel}","templated":true}]}}