{"id":941,"date":"2021-11-01T20:33:14","date_gmt":"2021-11-01T19:33:14","guid":{"rendered":"https:\/\/www.onetimenexttime.sk\/arduino\/?post_type=product&#038;p=941"},"modified":"2021-11-01T20:37:11","modified_gmt":"2021-11-01T19:37:11","slug":"ipega-backlight-alcohol-tester-with-voice-alarm-function-pg-si021-for-samsung-galaxy-s4-note2-note3-xiaomi-htc","status":"publish","type":"product","link":"https:\/\/www.onetimenexttime.sk\/arduino\/index.php\/produkt\/ipega-backlight-alcohol-tester-with-voice-alarm-function-pg-si021-for-samsung-galaxy-s4-note2-note3-xiaomi-htc\/","title":{"rendered":"iPega Backlight Alcohol Tester with Voice Alarm Function PG-SI021 For Samsung Galaxy S4\/Note2\/Note3\/Xiaomi\/HTC"},"content":{"rendered":"<h2>Alkohol tester podsvietenia iPega s funkciou hlasov\u00e9ho alarmu PG-SI021 pre Samsung Galaxy S4\/Note2\/Note3\/Xiaomi\/HTC<\/h2>\n<p>&nbsp;<\/p>\n<p>Produkt je alkohol tester navrhnut\u00fd pre Samsung i9500, m\u00e1 mal\u00fd, n\u00e1dhern\u00fd a jemn\u00fd dizajn, tak\u017ee sa tak \u013eahko pren\u00e1\u0161a!<\/p>\n<p>-Kompatibiln\u00fd typ i9300\/i9190\/note2\/note3\/Galaxy nexus\/SONY ST25i\/SONY ST26ii\/HTC ONE X a \u010fal\u0161ie.<\/p>\n<p>&#8211; Prijatie novej technol\u00f3gie detekcie plynu, ktor\u00e1 dok\u00e1\u017ee zisti\u0165 skuto\u010dnej\u0161\u00ed obsah alkoholu v plyne<\/p>\n<p>-Digit\u00e1lny LCD displej a obrazovka s farebn\u00fdm podsvieten\u00edm m\u00f4\u017eu urobi\u0165 detekciu okul\u00e1rnej\u0161ou a efekt\u00edvnej\u0161ou<\/p>\n<p>-Jedine\u010dn\u00fd detektor dok\u00e1\u017ee efekt\u00edvne identifikova\u0165 cigarety, kolu, k\u00e1vov\u00e9 pachy a zabr\u00e1ni\u0165 tomu, aby nealkoholov\u00fd plyn ru\u0161il v\u00fdsledok detekcie.<\/p>\n<p>&#8211; s funkciou hlasov\u00e9ho alarmu, ke\u010f je obsah alkoholu nadmern\u00fd, bzu\u010diak automaticky upozorn\u00ed<\/p>\n<p>-Je nap\u00e1jan\u00fd telef\u00f3nom, sta\u010d\u00ed ho pripoji\u0165 k telef\u00f3nu a pou\u017ei\u0165 ho.<\/p>\n<p>&#8211; Nie je potrebn\u00e9 pou\u017e\u00edva\u0165 f\u00faka\u010dku, sta\u010d\u00ed f\u00faka\u0165 do vzduchov\u00e9ho otvoru, tento sp\u00f4sob je zdrav\u00fd a \u010dist\u00fd.<\/p>\n<p>&nbsp;<\/p>\n<p><strong>Pou\u017e\u00edvate\u013esk\u00e1 pr\u00edru\u010dka<\/strong><\/p>\n<p>1. pros\u00edm pripojte tento produkt k i9500, potom odomknite i9500, potom stla\u010dte vyp\u00edna\u010d testera na dlh\u00fa dobu, k\u00fdm tester nezaznie kr\u00e1tke bzu\u010danie, s\u00fa\u010dasne sa na LCD obrazovke zobraz\u00ed zelen\u00fd indik\u00e1tor zhody.<\/p>\n<p>2. stav &#8220;zahriatie&#8221; Presko\u010dte \u010d\u00edslo z 10 na 0, dokon\u010d\u00ed sa proces predhrievania<\/p>\n<p>3. ke\u010f odpo\u010d\u00edtajte 10 sek\u00fand, nechajte \u00fasta bl\u00edzko p\u00f3rov pod testerom a f\u00faknite do vzduchov\u00e9ho otvoru a vyd\u00fdchnite do senzora na 3 a\u017e 5 sek\u00fand, po dokon\u010den\u00ed odpo\u010d\u00edtavania sa na displeji zobraz\u00ed v\u00fdsledok testu. alkohol alebo obsah alkoholu norm\u00e1lny, obrazovka LCD zostane zelen\u00e1<\/p>\n<p>5. Ak spr\u00e1va o teste dosiahne rozsah uveden\u00fd ni\u017e\u0161ie, obrazovka LCD sa zmen\u00ed na \u017elt\u00fa a zobraz\u00ed sa \u201eUpozornenie\u201c.<\/p>\n<p>0,02 % BAC (alebo 0,2 g\/l) a\u017e 0,05 % BAC (alebo 0,5 g\/l)<\/p>\n<p>6. Ak spr\u00e1va o teste dosiahne rozsah uveden\u00fd ni\u017e\u0161ie, obrazovka LCD sa zmen\u00ed na \u010derven\u00fa a zobraz\u00ed sa \u201eNebezpe\u010denstvo\u201c, bzu\u010diak bude varova\u0165<\/p>\n<p>viac ako 0,05 % BAC (alebo 0,5 g\/l)<\/p>\n<p>viac ako 0,08 % BAC (alebo 0,8 g\/l)<\/p>\n","protected":false},"excerpt":{"rendered":"<p>Alkohol tester podsvietenia iPega s funkciou hlasov\u00e9ho alarmu PG-SI021 pre Samsung Galaxy S4\/Note2\/Note3\/Xiaomi\/HTC &nbsp; Produkt je alkohol tester navrhnut\u00fd pre&hellip;<\/p>\n","protected":false},"featured_media":942,"template":"","meta":{"_monsterinsights_skip_tracking":false,"_monsterinsights_sitenote_active":false,"_monsterinsights_sitenote_note":"","_monsterinsights_sitenote_category":0},"product_cat":[38,58],"product_tag":[],"class_list":{"0":"post-941","1":"product","2":"type-product","3":"status-publish","4":"has-post-thumbnail","6":"product_cat-auto","7":"product_cat-tester","9":"first","10":"instock","11":"sale","12":"shipping-taxable","13":"purchasable","14":"product-type-simple"},"yoast_head":"<!-- This site is optimized with the Yoast SEO plugin v23.6 - https:\/\/yoast.com\/wordpress\/plugins\/seo\/ -->\n<title>iPega Backlight Alcohol Tester with Voice Alarm Function PG-SI021 For Samsung Galaxy S4\/Note2\/Note3\/Xiaomi\/HTC - Arduino e-shop<\/title>\n<meta name=\"robots\" content=\"index, follow, max-snippet:-1, max-image-preview:large, max-video-preview:-1\" \/>\n<link rel=\"canonical\" href=\"https:\/\/www.onetimenexttime.sk\/arduino\/index.php\/produkt\/ipega-backlight-alcohol-tester-with-voice-alarm-function-pg-si021-for-samsung-galaxy-s4-note2-note3-xiaomi-htc\/\" \/>\n<meta property=\"og:locale\" content=\"sk_SK\" \/>\n<meta property=\"og:type\" content=\"article\" \/>\n<meta property=\"og:title\" content=\"iPega Backlight Alcohol Tester with Voice Alarm Function PG-SI021 For Samsung Galaxy S4\/Note2\/Note3\/Xiaomi\/HTC - Arduino e-shop\" \/>\n<meta property=\"og:description\" content=\"Alkohol tester podsvietenia iPega s funkciou hlasov\u00e9ho alarmu PG-SI021 pre Samsung Galaxy S4\/Note2\/Note3\/Xiaomi\/HTC &nbsp; Produkt je alkohol tester navrhnut\u00fd pre&hellip;\" \/>\n<meta property=\"og:url\" content=\"https:\/\/www.onetimenexttime.sk\/arduino\/index.php\/produkt\/ipega-backlight-alcohol-tester-with-voice-alarm-function-pg-si021-for-samsung-galaxy-s4-note2-note3-xiaomi-htc\/\" \/>\n<meta property=\"og:site_name\" content=\"Arduino e-shop\" \/>\n<meta property=\"article:modified_time\" content=\"2021-11-01T19:37:11+00:00\" \/>\n<meta property=\"og:image\" content=\"https:\/\/www.onetimenexttime.sk\/arduino\/wp-content\/uploads\/2021\/11\/78-1.jpg\" \/>\n\t<meta property=\"og:image:width\" content=\"500\" \/>\n\t<meta property=\"og:image:height\" content=\"501\" \/>\n\t<meta property=\"og:image:type\" content=\"image\/jpeg\" \/>\n<meta name=\"twitter:card\" content=\"summary_large_image\" \/>\n<meta name=\"twitter:label1\" content=\"Predpokladan\u00fd \u010das \u010d\u00edtania\" \/>\n\t<meta name=\"twitter:data1\" content=\"2 min\u00faty\" \/>\n<script type=\"application\/ld+json\" class=\"yoast-schema-graph\">{\"@context\":\"https:\/\/schema.org\",\"@graph\":[{\"@type\":\"WebPage\",\"@id\":\"https:\/\/www.onetimenexttime.sk\/arduino\/index.php\/produkt\/ipega-backlight-alcohol-tester-with-voice-alarm-function-pg-si021-for-samsung-galaxy-s4-note2-note3-xiaomi-htc\/\",\"url\":\"https:\/\/www.onetimenexttime.sk\/arduino\/index.php\/produkt\/ipega-backlight-alcohol-tester-with-voice-alarm-function-pg-si021-for-samsung-galaxy-s4-note2-note3-xiaomi-htc\/\",\"name\":\"iPega Backlight Alcohol Tester with Voice Alarm Function PG-SI021 For Samsung Galaxy S4\/Note2\/Note3\/Xiaomi\/HTC - Arduino e-shop\",\"isPartOf\":{\"@id\":\"https:\/\/www.onetimenexttime.sk\/arduino\/#website\"},\"primaryImageOfPage\":{\"@id\":\"https:\/\/www.onetimenexttime.sk\/arduino\/index.php\/produkt\/ipega-backlight-alcohol-tester-with-voice-alarm-function-pg-si021-for-samsung-galaxy-s4-note2-note3-xiaomi-htc\/#primaryimage\"},\"image\":{\"@id\":\"https:\/\/www.onetimenexttime.sk\/arduino\/index.php\/produkt\/ipega-backlight-alcohol-tester-with-voice-alarm-function-pg-si021-for-samsung-galaxy-s4-note2-note3-xiaomi-htc\/#primaryimage\"},\"thumbnailUrl\":\"https:\/\/www.onetimenexttime.sk\/arduino\/wp-content\/uploads\/2021\/11\/78-1.jpg\",\"datePublished\":\"2021-11-01T19:33:14+00:00\",\"dateModified\":\"2021-11-01T19:37:11+00:00\",\"breadcrumb\":{\"@id\":\"https:\/\/www.onetimenexttime.sk\/arduino\/index.php\/produkt\/ipega-backlight-alcohol-tester-with-voice-alarm-function-pg-si021-for-samsung-galaxy-s4-note2-note3-xiaomi-htc\/#breadcrumb\"},\"inLanguage\":\"sk-SK\",\"potentialAction\":[{\"@type\":\"ReadAction\",\"target\":[\"https:\/\/www.onetimenexttime.sk\/arduino\/index.php\/produkt\/ipega-backlight-alcohol-tester-with-voice-alarm-function-pg-si021-for-samsung-galaxy-s4-note2-note3-xiaomi-htc\/\"]}]},{\"@type\":\"ImageObject\",\"inLanguage\":\"sk-SK\",\"@id\":\"https:\/\/www.onetimenexttime.sk\/arduino\/index.php\/produkt\/ipega-backlight-alcohol-tester-with-voice-alarm-function-pg-si021-for-samsung-galaxy-s4-note2-note3-xiaomi-htc\/#primaryimage\",\"url\":\"https:\/\/www.onetimenexttime.sk\/arduino\/wp-content\/uploads\/2021\/11\/78-1.jpg\",\"contentUrl\":\"https:\/\/www.onetimenexttime.sk\/arduino\/wp-content\/uploads\/2021\/11\/78-1.jpg\",\"width\":500,\"height\":501},{\"@type\":\"BreadcrumbList\",\"@id\":\"https:\/\/www.onetimenexttime.sk\/arduino\/index.php\/produkt\/ipega-backlight-alcohol-tester-with-voice-alarm-function-pg-si021-for-samsung-galaxy-s4-note2-note3-xiaomi-htc\/#breadcrumb\",\"itemListElement\":[{\"@type\":\"ListItem\",\"position\":1,\"name\":\"Domov\",\"item\":\"https:\/\/www.onetimenexttime.sk\/arduino\/\"},{\"@type\":\"ListItem\",\"position\":2,\"name\":\"Obchod\",\"item\":\"https:\/\/www.onetimenexttime.sk\/arduino\/\"},{\"@type\":\"ListItem\",\"position\":3,\"name\":\"iPega Backlight Alcohol Tester with Voice Alarm Function PG-SI021 For Samsung Galaxy S4\/Note2\/Note3\/Xiaomi\/HTC\"}]},{\"@type\":\"WebSite\",\"@id\":\"https:\/\/www.onetimenexttime.sk\/arduino\/#website\",\"url\":\"https:\/\/www.onetimenexttime.sk\/arduino\/\",\"name\":\"Arduino e-shop\",\"description\":\"Home Assistant\",\"potentialAction\":[{\"@type\":\"SearchAction\",\"target\":{\"@type\":\"EntryPoint\",\"urlTemplate\":\"https:\/\/www.onetimenexttime.sk\/arduino\/?s={search_term_string}\"},\"query-input\":{\"@type\":\"PropertyValueSpecification\",\"valueRequired\":true,\"valueName\":\"search_term_string\"}}],\"inLanguage\":\"sk-SK\"}]}<\/script>\n<!-- \/ Yoast SEO plugin. -->","yoast_head_json":{"title":"iPega Backlight Alcohol Tester with Voice Alarm Function PG-SI021 For Samsung Galaxy S4\/Note2\/Note3\/Xiaomi\/HTC - Arduino e-shop","robots":{"index":"index","follow":"follow","max-snippet":"max-snippet:-1","max-image-preview":"max-image-preview:large","max-video-preview":"max-video-preview:-1"},"canonical":"https:\/\/www.onetimenexttime.sk\/arduino\/index.php\/produkt\/ipega-backlight-alcohol-tester-with-voice-alarm-function-pg-si021-for-samsung-galaxy-s4-note2-note3-xiaomi-htc\/","og_locale":"sk_SK","og_type":"article","og_title":"iPega Backlight Alcohol Tester with Voice Alarm Function PG-SI021 For Samsung Galaxy S4\/Note2\/Note3\/Xiaomi\/HTC - Arduino e-shop","og_description":"Alkohol tester podsvietenia iPega s funkciou hlasov\u00e9ho alarmu PG-SI021 pre Samsung Galaxy S4\/Note2\/Note3\/Xiaomi\/HTC &nbsp; Produkt je alkohol tester navrhnut\u00fd pre&hellip;","og_url":"https:\/\/www.onetimenexttime.sk\/arduino\/index.php\/produkt\/ipega-backlight-alcohol-tester-with-voice-alarm-function-pg-si021-for-samsung-galaxy-s4-note2-note3-xiaomi-htc\/","og_site_name":"Arduino e-shop","article_modified_time":"2021-11-01T19:37:11+00:00","og_image":[{"width":500,"height":501,"url":"https:\/\/www.onetimenexttime.sk\/arduino\/wp-content\/uploads\/2021\/11\/78-1.jpg","type":"image\/jpeg"}],"twitter_card":"summary_large_image","twitter_misc":{"Predpokladan\u00fd \u010das \u010d\u00edtania":"2 min\u00faty"},"schema":{"@context":"https:\/\/schema.org","@graph":[{"@type":"WebPage","@id":"https:\/\/www.onetimenexttime.sk\/arduino\/index.php\/produkt\/ipega-backlight-alcohol-tester-with-voice-alarm-function-pg-si021-for-samsung-galaxy-s4-note2-note3-xiaomi-htc\/","url":"https:\/\/www.onetimenexttime.sk\/arduino\/index.php\/produkt\/ipega-backlight-alcohol-tester-with-voice-alarm-function-pg-si021-for-samsung-galaxy-s4-note2-note3-xiaomi-htc\/","name":"iPega Backlight Alcohol Tester with Voice Alarm Function PG-SI021 For Samsung Galaxy S4\/Note2\/Note3\/Xiaomi\/HTC - Arduino e-shop","isPartOf":{"@id":"https:\/\/www.onetimenexttime.sk\/arduino\/#website"},"primaryImageOfPage":{"@id":"https:\/\/www.onetimenexttime.sk\/arduino\/index.php\/produkt\/ipega-backlight-alcohol-tester-with-voice-alarm-function-pg-si021-for-samsung-galaxy-s4-note2-note3-xiaomi-htc\/#primaryimage"},"image":{"@id":"https:\/\/www.onetimenexttime.sk\/arduino\/index.php\/produkt\/ipega-backlight-alcohol-tester-with-voice-alarm-function-pg-si021-for-samsung-galaxy-s4-note2-note3-xiaomi-htc\/#primaryimage"},"thumbnailUrl":"https:\/\/www.onetimenexttime.sk\/arduino\/wp-content\/uploads\/2021\/11\/78-1.jpg","datePublished":"2021-11-01T19:33:14+00:00","dateModified":"2021-11-01T19:37:11+00:00","breadcrumb":{"@id":"https:\/\/www.onetimenexttime.sk\/arduino\/index.php\/produkt\/ipega-backlight-alcohol-tester-with-voice-alarm-function-pg-si021-for-samsung-galaxy-s4-note2-note3-xiaomi-htc\/#breadcrumb"},"inLanguage":"sk-SK","potentialAction":[{"@type":"ReadAction","target":["https:\/\/www.onetimenexttime.sk\/arduino\/index.php\/produkt\/ipega-backlight-alcohol-tester-with-voice-alarm-function-pg-si021-for-samsung-galaxy-s4-note2-note3-xiaomi-htc\/"]}]},{"@type":"ImageObject","inLanguage":"sk-SK","@id":"https:\/\/www.onetimenexttime.sk\/arduino\/index.php\/produkt\/ipega-backlight-alcohol-tester-with-voice-alarm-function-pg-si021-for-samsung-galaxy-s4-note2-note3-xiaomi-htc\/#primaryimage","url":"https:\/\/www.onetimenexttime.sk\/arduino\/wp-content\/uploads\/2021\/11\/78-1.jpg","contentUrl":"https:\/\/www.onetimenexttime.sk\/arduino\/wp-content\/uploads\/2021\/11\/78-1.jpg","width":500,"height":501},{"@type":"BreadcrumbList","@id":"https:\/\/www.onetimenexttime.sk\/arduino\/index.php\/produkt\/ipega-backlight-alcohol-tester-with-voice-alarm-function-pg-si021-for-samsung-galaxy-s4-note2-note3-xiaomi-htc\/#breadcrumb","itemListElement":[{"@type":"ListItem","position":1,"name":"Domov","item":"https:\/\/www.onetimenexttime.sk\/arduino\/"},{"@type":"ListItem","position":2,"name":"Obchod","item":"https:\/\/www.onetimenexttime.sk\/arduino\/"},{"@type":"ListItem","position":3,"name":"iPega Backlight Alcohol Tester with Voice Alarm Function PG-SI021 For Samsung Galaxy S4\/Note2\/Note3\/Xiaomi\/HTC"}]},{"@type":"WebSite","@id":"https:\/\/www.onetimenexttime.sk\/arduino\/#website","url":"https:\/\/www.onetimenexttime.sk\/arduino\/","name":"Arduino e-shop","description":"Home Assistant","potentialAction":[{"@type":"SearchAction","target":{"@type":"EntryPoint","urlTemplate":"https:\/\/www.onetimenexttime.sk\/arduino\/?s={search_term_string}"},"query-input":{"@type":"PropertyValueSpecification","valueRequired":true,"valueName":"search_term_string"}}],"inLanguage":"sk-SK"}]}},"_links":{"self":[{"href":"https:\/\/www.onetimenexttime.sk\/arduino\/index.php\/wp-json\/wp\/v2\/product\/941"}],"collection":[{"href":"https:\/\/www.onetimenexttime.sk\/arduino\/index.php\/wp-json\/wp\/v2\/product"}],"about":[{"href":"https:\/\/www.onetimenexttime.sk\/arduino\/index.php\/wp-json\/wp\/v2\/types\/product"}],"wp:featuredmedia":[{"embeddable":true,"href":"https:\/\/www.onetimenexttime.sk\/arduino\/index.php\/wp-json\/wp\/v2\/media\/942"}],"wp:attachment":[{"href":"https:\/\/www.onetimenexttime.sk\/arduino\/index.php\/wp-json\/wp\/v2\/media?parent=941"}],"wp:term":[{"taxonomy":"product_cat","embeddable":true,"href":"https:\/\/www.onetimenexttime.sk\/arduino\/index.php\/wp-json\/wp\/v2\/product_cat?post=941"},{"taxonomy":"product_tag","embeddable":true,"href":"https:\/\/www.onetimenexttime.sk\/arduino\/index.php\/wp-json\/wp\/v2\/product_tag?post=941"}],"curies":[{"name":"wp","href":"https:\/\/api.w.org\/{rel}","templated":true}]}}