{"id":94,"date":"2021-10-17T21:11:23","date_gmt":"2021-10-17T19:11:23","guid":{"rendered":"https:\/\/www.onetimenexttime.sk\/arduino\/?post_type=product&#038;p=94"},"modified":"2021-10-18T09:33:04","modified_gmt":"2021-10-18T07:33:04","slug":"4-channel-relay-shield-module-electronic-5v","status":"publish","type":"product","link":"https:\/\/www.onetimenexttime.sk\/arduino\/index.php\/produkt\/4-channel-relay-shield-module-electronic-5v\/","title":{"rendered":"4 Channel Relay Shield Module Electronic 5V"},"content":{"rendered":"<p>Rel\u00e9ov\u00fd \u0161t\u00edt (tj. 5V Quad Relay Module) je mal\u00e9 pr\u00fadov\u00e9 zariadenie na riadenie sign\u00e1lu, be\u017ene pou\u017e\u00edvan\u00e9 elektronick\u00fd modul, umo\u017e\u0148uj\u00face v syst\u00e9me SCM \u0161iroko pou\u017e\u00edva\u0165 vysoko v\u00fdkonn\u00e9 jedno\u010dipov\u00e9 riadiace zariadenia na vytv\u00e1ranie projektov inteligentnej dom\u00e1cnosti; a m\u00f4\u017eu by\u0165 priamo zapojen\u00e9 do kompatibiln\u00e9ho s Arduino pou\u017eit\u00edm r\u00f4znych typov z\u00e1kladn\u00fdch dosiek, \u010d\u00edm sa odstr\u00e1nia probl\u00e9my s prepojovac\u00edm k\u00e1blom.<\/p>\n<p>Vlastnosti modulu s\u00fa nasleduj\u00face:<br \/>\n1. \u0160tandard pre rozhrania a tvar Arduino Shield<br \/>\n2. M\u00f4\u017eete pokra\u010dova\u0165 v stohovan\u00ed \u010fal\u0161\u00edch roz\u0161iruj\u00facich dosiek For Arduino<br \/>\n3. 3 otvory na polohovanie skrutiek M3 pre jednoduch\u00fa in\u0161tal\u00e1ciu<br \/>\n4. Norm\u00e1lne otvoren\u00fd kontakt kontaktu vysok\u00e9ho pohonu (5 V alebo 3,3 V)<br \/>\n5. Palubn\u00fd indik\u00e1tor rel\u00e9 (\u010derven\u00fd)<br \/>\n\u0160peci\u00e1lna pozn\u00e1mka: Pri pou\u017eit\u00ed dosky For Arduino, ktor\u00e1 je k nej pripojen\u00e1, preto\u017ee je rozhranie USB extr\u00e9mne vysok\u00e9, by ste sa mali vyhn\u00fa\u0165 zelen\u00fdm termin\u00e1lom, ktor\u00e9 s\u00fa skr\u00e1ten\u00e9 v jeho pl\u00e1\u0161ti.<\/p>\n<p>Rozhranie rel\u00e9ov\u00e9ho \u0161t\u00edtu: (posledn\u00e1 uk\u00e1\u017eka obr\u00e1zku)<\/p>\n<p>Rel\u00e9: rel\u00e9 Sky-5V DC, model HJR-4102-L-5V, ktor\u00e9 rel\u00e91 v mene 1. rel\u00e9, druh\u00e9ho a tak \u010falej.<\/p>\n<p>Rozhranie nap\u00e1jania: Nap\u00e1jacie rozhranie 5 V DC<\/p>\n<p>Indik\u00e1tor: \u0161tyri svetl\u00e1 s\u00fa \u010derven\u00e9, ke\u010f je rel\u00e9 vysoko, pr\u00edslu\u0161n\u00fd indik\u00e1tor sa rozsvieti.<\/p>\n<p>Rel\u00e9ov\u00e9 svorky: K zariadeniu je mo\u017en\u00e9 pripoji\u0165 termin\u00e1l vysok\u00e9ho v\u00fdkonu, vysok\u00e9ho pr\u00fadu vysok\u00e9ho nap\u00e4tia. 1. stopa (t.j. NOx) je norm\u00e1lne otvoren\u00fd kol\u00edk, kol\u00edk NCx je norm\u00e1lne zatvoren\u00fd, COMx je be\u017en\u00fd, tj. Ke\u010f rel\u00e9 nie je nap\u00e1jan\u00e9, NOx a COMx sa rozpojia medzi dvoma kol\u00edkmi, spojen\u00edm NCx a COMx; Ke\u010f s\u00fa na riadiacom sign\u00e1lovom pine rel\u00e9 (x) vysok\u00e9 rel\u00e9 pohonu, otvor\u00ed sa spojenie NOx a COMx medzi NCx a COMx.<\/p>\n","protected":false},"excerpt":{"rendered":"<p>Rel\u00e9ov\u00fd \u0161t\u00edt (tj. 5V Quad Relay Module) je mal\u00e9 pr\u00fadov\u00e9 zariadenie na riadenie sign\u00e1lu, be\u017ene pou\u017e\u00edvan\u00e9 elektronick\u00fd modul, umo\u017e\u0148uj\u00face v&hellip;<\/p>\n","protected":false},"featured_media":95,"template":"","meta":{"_monsterinsights_skip_tracking":false,"_monsterinsights_sitenote_active":false,"_monsterinsights_sitenote_note":"","_monsterinsights_sitenote_category":0},"product_cat":[16,17],"product_tag":[],"class_list":{"0":"post-94","1":"product","2":"type-product","3":"status-publish","4":"has-post-thumbnail","6":"product_cat-ard","7":"product_cat-modul","9":"first","10":"instock","11":"sale","12":"shipping-taxable","13":"purchasable","14":"product-type-simple"},"yoast_head":"<!-- This site is optimized with the Yoast SEO plugin v23.6 - https:\/\/yoast.com\/wordpress\/plugins\/seo\/ -->\n<title>4 Channel Relay Shield Module Electronic 5V - Arduino e-shop<\/title>\n<meta name=\"robots\" content=\"index, follow, max-snippet:-1, max-image-preview:large, max-video-preview:-1\" \/>\n<link rel=\"canonical\" href=\"https:\/\/www.onetimenexttime.sk\/arduino\/index.php\/produkt\/4-channel-relay-shield-module-electronic-5v\/\" \/>\n<meta property=\"og:locale\" content=\"sk_SK\" \/>\n<meta property=\"og:type\" content=\"article\" \/>\n<meta property=\"og:title\" content=\"4 Channel Relay Shield Module Electronic 5V - Arduino e-shop\" \/>\n<meta property=\"og:description\" content=\"Rel\u00e9ov\u00fd \u0161t\u00edt (tj. 5V Quad Relay Module) je mal\u00e9 pr\u00fadov\u00e9 zariadenie na riadenie sign\u00e1lu, be\u017ene pou\u017e\u00edvan\u00e9 elektronick\u00fd modul, umo\u017e\u0148uj\u00face v&hellip;\" \/>\n<meta property=\"og:url\" content=\"https:\/\/www.onetimenexttime.sk\/arduino\/index.php\/produkt\/4-channel-relay-shield-module-electronic-5v\/\" \/>\n<meta property=\"og:site_name\" content=\"Arduino e-shop\" \/>\n<meta property=\"article:modified_time\" content=\"2021-10-18T07:33:04+00:00\" \/>\n<meta property=\"og:image\" content=\"https:\/\/www.onetimenexttime.sk\/arduino\/wp-content\/uploads\/2021\/10\/231.jpg\" \/>\n\t<meta property=\"og:image:width\" content=\"596\" \/>\n\t<meta property=\"og:image:height\" content=\"595\" \/>\n\t<meta property=\"og:image:type\" content=\"image\/jpeg\" \/>\n<meta name=\"twitter:card\" content=\"summary_large_image\" \/>\n<meta name=\"twitter:label1\" content=\"Predpokladan\u00fd \u010das \u010d\u00edtania\" \/>\n\t<meta name=\"twitter:data1\" content=\"2 min\u00faty\" \/>\n<script type=\"application\/ld+json\" class=\"yoast-schema-graph\">{\"@context\":\"https:\/\/schema.org\",\"@graph\":[{\"@type\":\"WebPage\",\"@id\":\"https:\/\/www.onetimenexttime.sk\/arduino\/index.php\/produkt\/4-channel-relay-shield-module-electronic-5v\/\",\"url\":\"https:\/\/www.onetimenexttime.sk\/arduino\/index.php\/produkt\/4-channel-relay-shield-module-electronic-5v\/\",\"name\":\"4 Channel Relay Shield Module Electronic 5V - Arduino e-shop\",\"isPartOf\":{\"@id\":\"https:\/\/www.onetimenexttime.sk\/arduino\/#website\"},\"primaryImageOfPage\":{\"@id\":\"https:\/\/www.onetimenexttime.sk\/arduino\/index.php\/produkt\/4-channel-relay-shield-module-electronic-5v\/#primaryimage\"},\"image\":{\"@id\":\"https:\/\/www.onetimenexttime.sk\/arduino\/index.php\/produkt\/4-channel-relay-shield-module-electronic-5v\/#primaryimage\"},\"thumbnailUrl\":\"https:\/\/www.onetimenexttime.sk\/arduino\/wp-content\/uploads\/2021\/10\/231.jpg\",\"datePublished\":\"2021-10-17T19:11:23+00:00\",\"dateModified\":\"2021-10-18T07:33:04+00:00\",\"breadcrumb\":{\"@id\":\"https:\/\/www.onetimenexttime.sk\/arduino\/index.php\/produkt\/4-channel-relay-shield-module-electronic-5v\/#breadcrumb\"},\"inLanguage\":\"sk-SK\",\"potentialAction\":[{\"@type\":\"ReadAction\",\"target\":[\"https:\/\/www.onetimenexttime.sk\/arduino\/index.php\/produkt\/4-channel-relay-shield-module-electronic-5v\/\"]}]},{\"@type\":\"ImageObject\",\"inLanguage\":\"sk-SK\",\"@id\":\"https:\/\/www.onetimenexttime.sk\/arduino\/index.php\/produkt\/4-channel-relay-shield-module-electronic-5v\/#primaryimage\",\"url\":\"https:\/\/www.onetimenexttime.sk\/arduino\/wp-content\/uploads\/2021\/10\/231.jpg\",\"contentUrl\":\"https:\/\/www.onetimenexttime.sk\/arduino\/wp-content\/uploads\/2021\/10\/231.jpg\",\"width\":596,\"height\":595},{\"@type\":\"BreadcrumbList\",\"@id\":\"https:\/\/www.onetimenexttime.sk\/arduino\/index.php\/produkt\/4-channel-relay-shield-module-electronic-5v\/#breadcrumb\",\"itemListElement\":[{\"@type\":\"ListItem\",\"position\":1,\"name\":\"Domov\",\"item\":\"https:\/\/www.onetimenexttime.sk\/arduino\/\"},{\"@type\":\"ListItem\",\"position\":2,\"name\":\"Obchod\",\"item\":\"https:\/\/www.onetimenexttime.sk\/arduino\/\"},{\"@type\":\"ListItem\",\"position\":3,\"name\":\"4 Channel Relay Shield Module Electronic 5V\"}]},{\"@type\":\"WebSite\",\"@id\":\"https:\/\/www.onetimenexttime.sk\/arduino\/#website\",\"url\":\"https:\/\/www.onetimenexttime.sk\/arduino\/\",\"name\":\"Arduino e-shop\",\"description\":\"Home Assistant\",\"potentialAction\":[{\"@type\":\"SearchAction\",\"target\":{\"@type\":\"EntryPoint\",\"urlTemplate\":\"https:\/\/www.onetimenexttime.sk\/arduino\/?s={search_term_string}\"},\"query-input\":{\"@type\":\"PropertyValueSpecification\",\"valueRequired\":true,\"valueName\":\"search_term_string\"}}],\"inLanguage\":\"sk-SK\"}]}<\/script>\n<!-- \/ Yoast SEO plugin. -->","yoast_head_json":{"title":"4 Channel Relay Shield Module Electronic 5V - Arduino e-shop","robots":{"index":"index","follow":"follow","max-snippet":"max-snippet:-1","max-image-preview":"max-image-preview:large","max-video-preview":"max-video-preview:-1"},"canonical":"https:\/\/www.onetimenexttime.sk\/arduino\/index.php\/produkt\/4-channel-relay-shield-module-electronic-5v\/","og_locale":"sk_SK","og_type":"article","og_title":"4 Channel Relay Shield Module Electronic 5V - Arduino e-shop","og_description":"Rel\u00e9ov\u00fd \u0161t\u00edt (tj. 5V Quad Relay Module) je mal\u00e9 pr\u00fadov\u00e9 zariadenie na riadenie sign\u00e1lu, be\u017ene pou\u017e\u00edvan\u00e9 elektronick\u00fd modul, umo\u017e\u0148uj\u00face v&hellip;","og_url":"https:\/\/www.onetimenexttime.sk\/arduino\/index.php\/produkt\/4-channel-relay-shield-module-electronic-5v\/","og_site_name":"Arduino e-shop","article_modified_time":"2021-10-18T07:33:04+00:00","og_image":[{"width":596,"height":595,"url":"https:\/\/www.onetimenexttime.sk\/arduino\/wp-content\/uploads\/2021\/10\/231.jpg","type":"image\/jpeg"}],"twitter_card":"summary_large_image","twitter_misc":{"Predpokladan\u00fd \u010das \u010d\u00edtania":"2 min\u00faty"},"schema":{"@context":"https:\/\/schema.org","@graph":[{"@type":"WebPage","@id":"https:\/\/www.onetimenexttime.sk\/arduino\/index.php\/produkt\/4-channel-relay-shield-module-electronic-5v\/","url":"https:\/\/www.onetimenexttime.sk\/arduino\/index.php\/produkt\/4-channel-relay-shield-module-electronic-5v\/","name":"4 Channel Relay Shield Module Electronic 5V - Arduino e-shop","isPartOf":{"@id":"https:\/\/www.onetimenexttime.sk\/arduino\/#website"},"primaryImageOfPage":{"@id":"https:\/\/www.onetimenexttime.sk\/arduino\/index.php\/produkt\/4-channel-relay-shield-module-electronic-5v\/#primaryimage"},"image":{"@id":"https:\/\/www.onetimenexttime.sk\/arduino\/index.php\/produkt\/4-channel-relay-shield-module-electronic-5v\/#primaryimage"},"thumbnailUrl":"https:\/\/www.onetimenexttime.sk\/arduino\/wp-content\/uploads\/2021\/10\/231.jpg","datePublished":"2021-10-17T19:11:23+00:00","dateModified":"2021-10-18T07:33:04+00:00","breadcrumb":{"@id":"https:\/\/www.onetimenexttime.sk\/arduino\/index.php\/produkt\/4-channel-relay-shield-module-electronic-5v\/#breadcrumb"},"inLanguage":"sk-SK","potentialAction":[{"@type":"ReadAction","target":["https:\/\/www.onetimenexttime.sk\/arduino\/index.php\/produkt\/4-channel-relay-shield-module-electronic-5v\/"]}]},{"@type":"ImageObject","inLanguage":"sk-SK","@id":"https:\/\/www.onetimenexttime.sk\/arduino\/index.php\/produkt\/4-channel-relay-shield-module-electronic-5v\/#primaryimage","url":"https:\/\/www.onetimenexttime.sk\/arduino\/wp-content\/uploads\/2021\/10\/231.jpg","contentUrl":"https:\/\/www.onetimenexttime.sk\/arduino\/wp-content\/uploads\/2021\/10\/231.jpg","width":596,"height":595},{"@type":"BreadcrumbList","@id":"https:\/\/www.onetimenexttime.sk\/arduino\/index.php\/produkt\/4-channel-relay-shield-module-electronic-5v\/#breadcrumb","itemListElement":[{"@type":"ListItem","position":1,"name":"Domov","item":"https:\/\/www.onetimenexttime.sk\/arduino\/"},{"@type":"ListItem","position":2,"name":"Obchod","item":"https:\/\/www.onetimenexttime.sk\/arduino\/"},{"@type":"ListItem","position":3,"name":"4 Channel Relay Shield Module Electronic 5V"}]},{"@type":"WebSite","@id":"https:\/\/www.onetimenexttime.sk\/arduino\/#website","url":"https:\/\/www.onetimenexttime.sk\/arduino\/","name":"Arduino e-shop","description":"Home Assistant","potentialAction":[{"@type":"SearchAction","target":{"@type":"EntryPoint","urlTemplate":"https:\/\/www.onetimenexttime.sk\/arduino\/?s={search_term_string}"},"query-input":{"@type":"PropertyValueSpecification","valueRequired":true,"valueName":"search_term_string"}}],"inLanguage":"sk-SK"}]}},"_links":{"self":[{"href":"https:\/\/www.onetimenexttime.sk\/arduino\/index.php\/wp-json\/wp\/v2\/product\/94"}],"collection":[{"href":"https:\/\/www.onetimenexttime.sk\/arduino\/index.php\/wp-json\/wp\/v2\/product"}],"about":[{"href":"https:\/\/www.onetimenexttime.sk\/arduino\/index.php\/wp-json\/wp\/v2\/types\/product"}],"wp:featuredmedia":[{"embeddable":true,"href":"https:\/\/www.onetimenexttime.sk\/arduino\/index.php\/wp-json\/wp\/v2\/media\/95"}],"wp:attachment":[{"href":"https:\/\/www.onetimenexttime.sk\/arduino\/index.php\/wp-json\/wp\/v2\/media?parent=94"}],"wp:term":[{"taxonomy":"product_cat","embeddable":true,"href":"https:\/\/www.onetimenexttime.sk\/arduino\/index.php\/wp-json\/wp\/v2\/product_cat?post=94"},{"taxonomy":"product_tag","embeddable":true,"href":"https:\/\/www.onetimenexttime.sk\/arduino\/index.php\/wp-json\/wp\/v2\/product_tag?post=94"}],"curies":[{"name":"wp","href":"https:\/\/api.w.org\/{rel}","templated":true}]}}