{"id":922,"date":"2021-11-01T20:04:53","date_gmt":"2021-11-01T19:04:53","guid":{"rendered":"https:\/\/www.onetimenexttime.sk\/arduino\/?post_type=product&#038;p=922"},"modified":"2021-11-01T20:08:24","modified_gmt":"2021-11-01T19:08:24","slug":"tl-900-2-5-99999rpm-digital-laser-tachometer-non-contact-tacho-meter-rpm-speed-tester","status":"publish","type":"product","link":"https:\/\/www.onetimenexttime.sk\/arduino\/index.php\/produkt\/tl-900-2-5-99999rpm-digital-laser-tachometer-non-contact-tacho-meter-rpm-speed-tester\/","title":{"rendered":"TL-900 2.5-99999RPM Digital Laser Tachometer Non-Contact Tacho Meter RPM Speed Tester"},"content":{"rendered":"<h2>TL-900 2,5-99999RPM digit\u00e1lny laserov\u00fd tachometer Bezkontaktn\u00fd tachometer na meranie r\u00fdchlosti ot\u00e1\u010dok<\/h2>\n<p>&nbsp;<\/p>\n<p>Tento tachometer je vysoko kvalitn\u00fd pr\u00edstroj na meranie ot\u00e1\u010dok za min\u00fatu (RPM) so \u0161irok\u00fdm rozsahom merania a vysok\u00fdm rozl\u00ed\u0161en\u00edm. Vyzna\u010duje sa vysokou presnos\u0165ou merania, r\u00fdchlym \u010dasom merania a dlhou detek\u010dnou vzdialenos\u0165ou a\u017e 500 mm (20 palcov) s laserom. Tento tachometer sa ve\u013emi \u013eahko pou\u017e\u00edva prilo\u017een\u00edm reflexnej p\u00e1sky (s\u00fa\u010das\u0165 balenia) na cie\u013eov\u00fd objekt a potom namierte na zna\u010dku laserov\u00fdm l\u00fa\u010dom. Tento tachometer m\u00e1 \u0161irok\u00fa \u0161k\u00e1lu aplik\u00e1ci\u00ed, ako je meranie ot\u00e1\u010dok stroja, motorov, kolies, s\u00fastruhu na rezanie kovov alebo dreva at\u010f.<\/p>\n<p><strong>Vlastnosti:<\/strong><br \/>\n1.Bezkontaktn\u00fd ru\u010dn\u00fd digit\u00e1lny tachometer so stabiln\u00fdm v\u00fdkonom.<br \/>\n2.Automatick\u00e9 a manu\u00e1lne re\u017eimy merania pre v\u00fdber.<br \/>\n3. \u0160irok\u00fd rozsah merania (2,5 a\u017e 99999 RPM) a vysok\u00e9 rozl\u00ed\u0161enie.<br \/>\n4.MAX.\/MIN.\/PR. funkcia zaznamen\u00e1vania hodn\u00f4t.<br \/>\n5. Funkcia podr\u017eania \u00fadajov, z\u00e1znam a vyvolanie \u00fadajov (60 meran\u00ed).<br \/>\n6.LCD obrazovka s bielym podsvieten\u00edm, \u013eahko \u010ditate\u013en\u00e1.<br \/>\n7.Schopn\u00e9 mera\u0165 vo vzdialenosti 2-20 palcov (50-500 mm).<br \/>\n8. Automatick\u00e9 a manu\u00e1lne vypnutie.<br \/>\n9. Indik\u00e1cia slabej bat\u00e9rie.<\/p>\n<p><strong>Technick\u00e9 \u00fadaje:<\/strong><br \/>\nFarba: Modr\u00e1<br \/>\nMateri\u00e1l: ABS plast<br \/>\nVe\u013ekos\u0165 produktu: 145 * 85 * 35 mm \/ 5,71 * 3,35 * 1,38 &#8221;<br \/>\nHmotnos\u0165 produktu: 90 g<br \/>\nRozsah merania: 2,5-99999 RPM<br \/>\nRozl\u00ed\u0161enie: 0,1 RPM pri 2,5~999,9 RPM; 1RPM pri 1000~99999RPM<br \/>\nPresnos\u0165: \u00b10,02%+1 \u010d\u00edslica<br \/>\nMeracia vzdialenos\u0165: 50~500mm \/ 2~20in<br \/>\n\u010cas vzorkovania: 0,5 s (nad 120 ot.\/min.)<br \/>\nKapacita d\u00e1tov\u00e9ho \u00falo\u017eiska: 60 \u010d\u00edtan\u00ed<br \/>\nAutomatick\u00e9 vypnutie: Po 20 sekund\u00e1ch<br \/>\nPrev\u00e1dzkov\u00e1 teplota: 0 a\u017e 50 \u2103 (32 a\u017e 122 \u2109)<br \/>\nPrev\u00e1dzkov\u00e1 vlhkos\u0165: 10 a\u017e 90 % RH<br \/>\nSkladovacia teplota: -10 a\u017e 60 \u2103 (14 a\u017e 140 \u2109)<br \/>\nSkladovacia vlhkos\u0165: 10 a\u017e 75 % RH<br \/>\nNap\u00e1janie: 1 * 9V 6F22 bat\u00e9ria (nie je s\u00fa\u010das\u0165ou balenia)<\/p>\n<p><strong>Pozn\u00e1mka:<\/strong><br \/>\n1. Pred meran\u00edm mus\u00edte nalepi\u0165 reflexn\u00fa p\u00e1sku na cie\u013eov\u00fd objekt.<br \/>\n2. Nesmerujte laserov\u00fd l\u00fa\u010d priamo do o\u010d\u00ed; Odpor\u00fa\u010daj\u00fa sa ochrann\u00e9 okuliare.<br \/>\n3. Nepou\u017e\u00edvajte ho v bl\u00edzkosti v\u00fdbu\u0161n\u00fdch plynov alebo v in\u00fdch potenci\u00e1lne v\u00fdbu\u0161n\u00fdch priestoroch.<\/p>\n","protected":false},"excerpt":{"rendered":"<p>TL-900 2,5-99999RPM digit\u00e1lny laserov\u00fd tachometer Bezkontaktn\u00fd tachometer na meranie r\u00fdchlosti ot\u00e1\u010dok &nbsp; Tento tachometer je vysoko kvalitn\u00fd pr\u00edstroj na meranie&hellip;<\/p>\n","protected":false},"featured_media":923,"template":"","meta":{"_monsterinsights_skip_tracking":false,"_monsterinsights_sitenote_active":false,"_monsterinsights_sitenote_note":"","_monsterinsights_sitenote_category":0},"product_cat":[58],"product_tag":[],"class_list":{"0":"post-922","1":"product","2":"type-product","3":"status-publish","4":"has-post-thumbnail","6":"product_cat-tester","8":"first","9":"instock","10":"shipping-taxable","11":"purchasable","12":"product-type-simple"},"yoast_head":"<!-- This site is optimized with the Yoast SEO plugin v23.6 - https:\/\/yoast.com\/wordpress\/plugins\/seo\/ -->\n<title>TL-900 2.5-99999RPM Digital Laser Tachometer Non-Contact Tacho Meter RPM Speed Tester - Arduino e-shop<\/title>\n<meta name=\"robots\" content=\"index, follow, max-snippet:-1, max-image-preview:large, max-video-preview:-1\" \/>\n<link rel=\"canonical\" href=\"https:\/\/www.onetimenexttime.sk\/arduino\/index.php\/produkt\/tl-900-2-5-99999rpm-digital-laser-tachometer-non-contact-tacho-meter-rpm-speed-tester\/\" \/>\n<meta property=\"og:locale\" content=\"sk_SK\" \/>\n<meta property=\"og:type\" content=\"article\" \/>\n<meta property=\"og:title\" content=\"TL-900 2.5-99999RPM Digital Laser Tachometer Non-Contact Tacho Meter RPM Speed Tester - Arduino e-shop\" \/>\n<meta property=\"og:description\" content=\"TL-900 2,5-99999RPM digit\u00e1lny laserov\u00fd tachometer Bezkontaktn\u00fd tachometer na meranie r\u00fdchlosti ot\u00e1\u010dok &nbsp; Tento tachometer je vysoko kvalitn\u00fd pr\u00edstroj na meranie&hellip;\" \/>\n<meta property=\"og:url\" content=\"https:\/\/www.onetimenexttime.sk\/arduino\/index.php\/produkt\/tl-900-2-5-99999rpm-digital-laser-tachometer-non-contact-tacho-meter-rpm-speed-tester\/\" \/>\n<meta property=\"og:site_name\" content=\"Arduino e-shop\" \/>\n<meta property=\"article:modified_time\" content=\"2021-11-01T19:08:24+00:00\" \/>\n<meta property=\"og:image\" content=\"https:\/\/www.onetimenexttime.sk\/arduino\/wp-content\/uploads\/2021\/11\/83.jpg\" \/>\n\t<meta property=\"og:image:width\" content=\"500\" \/>\n\t<meta property=\"og:image:height\" content=\"501\" \/>\n\t<meta property=\"og:image:type\" content=\"image\/jpeg\" \/>\n<meta name=\"twitter:card\" content=\"summary_large_image\" \/>\n<meta name=\"twitter:label1\" content=\"Predpokladan\u00fd \u010das \u010d\u00edtania\" \/>\n\t<meta name=\"twitter:data1\" content=\"1 min\u00fata\" \/>\n<script type=\"application\/ld+json\" class=\"yoast-schema-graph\">{\"@context\":\"https:\/\/schema.org\",\"@graph\":[{\"@type\":\"WebPage\",\"@id\":\"https:\/\/www.onetimenexttime.sk\/arduino\/index.php\/produkt\/tl-900-2-5-99999rpm-digital-laser-tachometer-non-contact-tacho-meter-rpm-speed-tester\/\",\"url\":\"https:\/\/www.onetimenexttime.sk\/arduino\/index.php\/produkt\/tl-900-2-5-99999rpm-digital-laser-tachometer-non-contact-tacho-meter-rpm-speed-tester\/\",\"name\":\"TL-900 2.5-99999RPM Digital Laser Tachometer Non-Contact Tacho Meter RPM Speed Tester - Arduino e-shop\",\"isPartOf\":{\"@id\":\"https:\/\/www.onetimenexttime.sk\/arduino\/#website\"},\"primaryImageOfPage\":{\"@id\":\"https:\/\/www.onetimenexttime.sk\/arduino\/index.php\/produkt\/tl-900-2-5-99999rpm-digital-laser-tachometer-non-contact-tacho-meter-rpm-speed-tester\/#primaryimage\"},\"image\":{\"@id\":\"https:\/\/www.onetimenexttime.sk\/arduino\/index.php\/produkt\/tl-900-2-5-99999rpm-digital-laser-tachometer-non-contact-tacho-meter-rpm-speed-tester\/#primaryimage\"},\"thumbnailUrl\":\"https:\/\/www.onetimenexttime.sk\/arduino\/wp-content\/uploads\/2021\/11\/83.jpg\",\"datePublished\":\"2021-11-01T19:04:53+00:00\",\"dateModified\":\"2021-11-01T19:08:24+00:00\",\"breadcrumb\":{\"@id\":\"https:\/\/www.onetimenexttime.sk\/arduino\/index.php\/produkt\/tl-900-2-5-99999rpm-digital-laser-tachometer-non-contact-tacho-meter-rpm-speed-tester\/#breadcrumb\"},\"inLanguage\":\"sk-SK\",\"potentialAction\":[{\"@type\":\"ReadAction\",\"target\":[\"https:\/\/www.onetimenexttime.sk\/arduino\/index.php\/produkt\/tl-900-2-5-99999rpm-digital-laser-tachometer-non-contact-tacho-meter-rpm-speed-tester\/\"]}]},{\"@type\":\"ImageObject\",\"inLanguage\":\"sk-SK\",\"@id\":\"https:\/\/www.onetimenexttime.sk\/arduino\/index.php\/produkt\/tl-900-2-5-99999rpm-digital-laser-tachometer-non-contact-tacho-meter-rpm-speed-tester\/#primaryimage\",\"url\":\"https:\/\/www.onetimenexttime.sk\/arduino\/wp-content\/uploads\/2021\/11\/83.jpg\",\"contentUrl\":\"https:\/\/www.onetimenexttime.sk\/arduino\/wp-content\/uploads\/2021\/11\/83.jpg\",\"width\":500,\"height\":501},{\"@type\":\"BreadcrumbList\",\"@id\":\"https:\/\/www.onetimenexttime.sk\/arduino\/index.php\/produkt\/tl-900-2-5-99999rpm-digital-laser-tachometer-non-contact-tacho-meter-rpm-speed-tester\/#breadcrumb\",\"itemListElement\":[{\"@type\":\"ListItem\",\"position\":1,\"name\":\"Domov\",\"item\":\"https:\/\/www.onetimenexttime.sk\/arduino\/\"},{\"@type\":\"ListItem\",\"position\":2,\"name\":\"Obchod\",\"item\":\"https:\/\/www.onetimenexttime.sk\/arduino\/\"},{\"@type\":\"ListItem\",\"position\":3,\"name\":\"TL-900 2.5-99999RPM Digital Laser Tachometer Non-Contact Tacho Meter RPM Speed Tester\"}]},{\"@type\":\"WebSite\",\"@id\":\"https:\/\/www.onetimenexttime.sk\/arduino\/#website\",\"url\":\"https:\/\/www.onetimenexttime.sk\/arduino\/\",\"name\":\"Arduino e-shop\",\"description\":\"Home Assistant\",\"potentialAction\":[{\"@type\":\"SearchAction\",\"target\":{\"@type\":\"EntryPoint\",\"urlTemplate\":\"https:\/\/www.onetimenexttime.sk\/arduino\/?s={search_term_string}\"},\"query-input\":{\"@type\":\"PropertyValueSpecification\",\"valueRequired\":true,\"valueName\":\"search_term_string\"}}],\"inLanguage\":\"sk-SK\"}]}<\/script>\n<!-- \/ Yoast SEO plugin. -->","yoast_head_json":{"title":"TL-900 2.5-99999RPM Digital Laser Tachometer Non-Contact Tacho Meter RPM Speed Tester - Arduino e-shop","robots":{"index":"index","follow":"follow","max-snippet":"max-snippet:-1","max-image-preview":"max-image-preview:large","max-video-preview":"max-video-preview:-1"},"canonical":"https:\/\/www.onetimenexttime.sk\/arduino\/index.php\/produkt\/tl-900-2-5-99999rpm-digital-laser-tachometer-non-contact-tacho-meter-rpm-speed-tester\/","og_locale":"sk_SK","og_type":"article","og_title":"TL-900 2.5-99999RPM Digital Laser Tachometer Non-Contact Tacho Meter RPM Speed Tester - Arduino e-shop","og_description":"TL-900 2,5-99999RPM digit\u00e1lny laserov\u00fd tachometer Bezkontaktn\u00fd tachometer na meranie r\u00fdchlosti ot\u00e1\u010dok &nbsp; Tento tachometer je vysoko kvalitn\u00fd pr\u00edstroj na meranie&hellip;","og_url":"https:\/\/www.onetimenexttime.sk\/arduino\/index.php\/produkt\/tl-900-2-5-99999rpm-digital-laser-tachometer-non-contact-tacho-meter-rpm-speed-tester\/","og_site_name":"Arduino e-shop","article_modified_time":"2021-11-01T19:08:24+00:00","og_image":[{"width":500,"height":501,"url":"https:\/\/www.onetimenexttime.sk\/arduino\/wp-content\/uploads\/2021\/11\/83.jpg","type":"image\/jpeg"}],"twitter_card":"summary_large_image","twitter_misc":{"Predpokladan\u00fd \u010das \u010d\u00edtania":"1 min\u00fata"},"schema":{"@context":"https:\/\/schema.org","@graph":[{"@type":"WebPage","@id":"https:\/\/www.onetimenexttime.sk\/arduino\/index.php\/produkt\/tl-900-2-5-99999rpm-digital-laser-tachometer-non-contact-tacho-meter-rpm-speed-tester\/","url":"https:\/\/www.onetimenexttime.sk\/arduino\/index.php\/produkt\/tl-900-2-5-99999rpm-digital-laser-tachometer-non-contact-tacho-meter-rpm-speed-tester\/","name":"TL-900 2.5-99999RPM Digital Laser Tachometer Non-Contact Tacho Meter RPM Speed Tester - Arduino e-shop","isPartOf":{"@id":"https:\/\/www.onetimenexttime.sk\/arduino\/#website"},"primaryImageOfPage":{"@id":"https:\/\/www.onetimenexttime.sk\/arduino\/index.php\/produkt\/tl-900-2-5-99999rpm-digital-laser-tachometer-non-contact-tacho-meter-rpm-speed-tester\/#primaryimage"},"image":{"@id":"https:\/\/www.onetimenexttime.sk\/arduino\/index.php\/produkt\/tl-900-2-5-99999rpm-digital-laser-tachometer-non-contact-tacho-meter-rpm-speed-tester\/#primaryimage"},"thumbnailUrl":"https:\/\/www.onetimenexttime.sk\/arduino\/wp-content\/uploads\/2021\/11\/83.jpg","datePublished":"2021-11-01T19:04:53+00:00","dateModified":"2021-11-01T19:08:24+00:00","breadcrumb":{"@id":"https:\/\/www.onetimenexttime.sk\/arduino\/index.php\/produkt\/tl-900-2-5-99999rpm-digital-laser-tachometer-non-contact-tacho-meter-rpm-speed-tester\/#breadcrumb"},"inLanguage":"sk-SK","potentialAction":[{"@type":"ReadAction","target":["https:\/\/www.onetimenexttime.sk\/arduino\/index.php\/produkt\/tl-900-2-5-99999rpm-digital-laser-tachometer-non-contact-tacho-meter-rpm-speed-tester\/"]}]},{"@type":"ImageObject","inLanguage":"sk-SK","@id":"https:\/\/www.onetimenexttime.sk\/arduino\/index.php\/produkt\/tl-900-2-5-99999rpm-digital-laser-tachometer-non-contact-tacho-meter-rpm-speed-tester\/#primaryimage","url":"https:\/\/www.onetimenexttime.sk\/arduino\/wp-content\/uploads\/2021\/11\/83.jpg","contentUrl":"https:\/\/www.onetimenexttime.sk\/arduino\/wp-content\/uploads\/2021\/11\/83.jpg","width":500,"height":501},{"@type":"BreadcrumbList","@id":"https:\/\/www.onetimenexttime.sk\/arduino\/index.php\/produkt\/tl-900-2-5-99999rpm-digital-laser-tachometer-non-contact-tacho-meter-rpm-speed-tester\/#breadcrumb","itemListElement":[{"@type":"ListItem","position":1,"name":"Domov","item":"https:\/\/www.onetimenexttime.sk\/arduino\/"},{"@type":"ListItem","position":2,"name":"Obchod","item":"https:\/\/www.onetimenexttime.sk\/arduino\/"},{"@type":"ListItem","position":3,"name":"TL-900 2.5-99999RPM Digital Laser Tachometer Non-Contact Tacho Meter RPM Speed Tester"}]},{"@type":"WebSite","@id":"https:\/\/www.onetimenexttime.sk\/arduino\/#website","url":"https:\/\/www.onetimenexttime.sk\/arduino\/","name":"Arduino e-shop","description":"Home Assistant","potentialAction":[{"@type":"SearchAction","target":{"@type":"EntryPoint","urlTemplate":"https:\/\/www.onetimenexttime.sk\/arduino\/?s={search_term_string}"},"query-input":{"@type":"PropertyValueSpecification","valueRequired":true,"valueName":"search_term_string"}}],"inLanguage":"sk-SK"}]}},"_links":{"self":[{"href":"https:\/\/www.onetimenexttime.sk\/arduino\/index.php\/wp-json\/wp\/v2\/product\/922"}],"collection":[{"href":"https:\/\/www.onetimenexttime.sk\/arduino\/index.php\/wp-json\/wp\/v2\/product"}],"about":[{"href":"https:\/\/www.onetimenexttime.sk\/arduino\/index.php\/wp-json\/wp\/v2\/types\/product"}],"wp:featuredmedia":[{"embeddable":true,"href":"https:\/\/www.onetimenexttime.sk\/arduino\/index.php\/wp-json\/wp\/v2\/media\/923"}],"wp:attachment":[{"href":"https:\/\/www.onetimenexttime.sk\/arduino\/index.php\/wp-json\/wp\/v2\/media?parent=922"}],"wp:term":[{"taxonomy":"product_cat","embeddable":true,"href":"https:\/\/www.onetimenexttime.sk\/arduino\/index.php\/wp-json\/wp\/v2\/product_cat?post=922"},{"taxonomy":"product_tag","embeddable":true,"href":"https:\/\/www.onetimenexttime.sk\/arduino\/index.php\/wp-json\/wp\/v2\/product_tag?post=922"}],"curies":[{"name":"wp","href":"https:\/\/api.w.org\/{rel}","templated":true}]}}