{"id":920,"date":"2021-11-01T19:59:05","date_gmt":"2021-11-01T18:59:05","guid":{"rendered":"https:\/\/www.onetimenexttime.sk\/arduino\/?post_type=product&#038;p=920"},"modified":"2021-11-01T20:03:54","modified_gmt":"2021-11-01T19:03:54","slug":"function-signal-generator-sine-triangle-square-output-1hz-1mhz-signal-generator-adjustable-frequency-amplitude-xr2206","status":"publish","type":"product","link":"https:\/\/www.onetimenexttime.sk\/arduino\/index.php\/produkt\/function-signal-generator-sine-triangle-square-output-1hz-1mhz-signal-generator-adjustable-frequency-amplitude-xr2206\/","title":{"rendered":"Function Signal Generator Sine\/Triangle\/Square Output 1Hz-1MHz Signal Generator Adjustable Frequency Amplitude XR2206"},"content":{"rendered":"<h2>Gener\u00e1tor funk\u010dn\u00e9ho sign\u00e1lu S\u00ednusov\u00fd\/trojuholn\u00edkov\u00fd\/\u0161tvorcov\u00fd v\u00fdstup 1Hz-1MHz Gener\u00e1tor sign\u00e1lu Nastavite\u013en\u00e1 frekven\u010dn\u00e1 amplit\u00fada XR2206<\/h2>\n<p>&nbsp;<\/p>\n<p>Nap\u00e1janie: 9-12V DC vstup<br \/>\nPriebehy: \u0161tvorec, s\u00ednus a trojuholn\u00edk<br \/>\nImpedancia: 600 Ohm + 10%<br \/>\nFrekvencia: 1Hz &#8211; 1MHz<br \/>\nS\u00cdNUSOV\u00c1 VLNA<br \/>\nAmplit\u00fada: 0 &#8211; 3V na 9V DC vstupe<br \/>\nSkreslenie: menej ako 1 % (pri 1 kHz)<br \/>\nPlochos\u0165: +0,05dB 1Hz &#8211; 100kHz<br \/>\n\u0160tvorcov\u00e1 vlna<br \/>\nAmplit\u00fada: 8V (bez z\u00e1\u0165a\u017ee) na 9V DC vstupe<br \/>\nDoba n\u00e1behu: Menej ako 50 ns (pri 1 kHz)<br \/>\n\u010cas p\u00e1du: Menej ako 30 ns (pri 1 kHz)<br \/>\nSymetria: menej ako 5 % (pri 1 kHz)<br \/>\nTROJUHOLN\u00cdKOV\u00c1 VLNA<br \/>\nAmplit\u00fada: 0 &#8211; 3V na 9V DC vstupe<br \/>\nLinearita: Menej ako 1 % (do 100 kHz) 10 mA<\/p>\n<p>&nbsp;<\/p>\n<p>Z\u00e1suvka prepojky<strong> J1<\/strong>, v\u00fdstup s\u00ednusov\u00fdch s\u00ednusov\u00fdch svoriek modrej SIN\/TRI (pozn\u00e1mka J1, J2 m\u00f4\u017ee vlo\u017ei\u0165 len jednu z nich)<\/p>\n<p>Z\u00e1suvka prepojky<strong> J2,<\/strong> v\u00fdstup modr\u00fdch svoriek SIN\/TRI s trojuholn\u00edkovou vlnou (pozn\u00e1mka J1, J2 m\u00f4\u017ee vlo\u017ei\u0165 len jednu z nich)<\/p>\n<p><strong>SQU :<\/strong> V\u00fdstupn\u00fd impulz modr\u00fdch svoriek<\/p>\n<p><strong>AMP:<\/strong> Nastavenie amplit\u00fady s\u00ednusoidy, trojuholn\u00edkovej vlny<\/p>\n<p><strong>FINE:<\/strong> Jemn\u00e9 nastavenie frekvencie<\/p>\n<p><strong>Coarse :<\/strong> Frekvencia hrub\u00e9ho nastavenia<\/p>\n<p>&nbsp;<\/p>\n","protected":false},"excerpt":{"rendered":"<p>Gener\u00e1tor funk\u010dn\u00e9ho sign\u00e1lu S\u00ednusov\u00fd\/trojuholn\u00edkov\u00fd\/\u0161tvorcov\u00fd v\u00fdstup 1Hz-1MHz Gener\u00e1tor sign\u00e1lu Nastavite\u013en\u00e1 frekven\u010dn\u00e1 amplit\u00fada XR2206 &nbsp; Nap\u00e1janie: 9-12V DC vstup Priebehy: \u0161tvorec, s\u00ednus&hellip;<\/p>\n","protected":false},"featured_media":921,"template":"","meta":{"_monsterinsights_skip_tracking":false,"_monsterinsights_sitenote_active":false,"_monsterinsights_sitenote_note":"","_monsterinsights_sitenote_category":0},"product_cat":[58],"product_tag":[],"class_list":{"0":"post-920","1":"product","2":"type-product","3":"status-publish","4":"has-post-thumbnail","6":"product_cat-tester","8":"first","9":"instock","10":"sale","11":"shipping-taxable","12":"purchasable","13":"product-type-simple"},"yoast_head":"<!-- This site is optimized with the Yoast SEO plugin v23.6 - https:\/\/yoast.com\/wordpress\/plugins\/seo\/ -->\n<title>Function Signal Generator Sine\/Triangle\/Square Output 1Hz-1MHz Signal Generator Adjustable Frequency Amplitude XR2206 - Arduino e-shop<\/title>\n<meta name=\"robots\" content=\"index, follow, max-snippet:-1, max-image-preview:large, max-video-preview:-1\" \/>\n<link rel=\"canonical\" href=\"https:\/\/www.onetimenexttime.sk\/arduino\/index.php\/produkt\/function-signal-generator-sine-triangle-square-output-1hz-1mhz-signal-generator-adjustable-frequency-amplitude-xr2206\/\" \/>\n<meta property=\"og:locale\" content=\"sk_SK\" \/>\n<meta property=\"og:type\" content=\"article\" \/>\n<meta property=\"og:title\" content=\"Function Signal Generator Sine\/Triangle\/Square Output 1Hz-1MHz Signal Generator Adjustable Frequency Amplitude XR2206 - Arduino e-shop\" \/>\n<meta property=\"og:description\" content=\"Gener\u00e1tor funk\u010dn\u00e9ho sign\u00e1lu S\u00ednusov\u00fd\/trojuholn\u00edkov\u00fd\/\u0161tvorcov\u00fd v\u00fdstup 1Hz-1MHz Gener\u00e1tor sign\u00e1lu Nastavite\u013en\u00e1 frekven\u010dn\u00e1 amplit\u00fada XR2206 &nbsp; Nap\u00e1janie: 9-12V DC vstup Priebehy: \u0161tvorec, s\u00ednus&hellip;\" \/>\n<meta property=\"og:url\" content=\"https:\/\/www.onetimenexttime.sk\/arduino\/index.php\/produkt\/function-signal-generator-sine-triangle-square-output-1hz-1mhz-signal-generator-adjustable-frequency-amplitude-xr2206\/\" \/>\n<meta property=\"og:site_name\" content=\"Arduino e-shop\" \/>\n<meta property=\"article:modified_time\" content=\"2021-11-01T19:03:54+00:00\" \/>\n<meta property=\"og:image\" content=\"https:\/\/www.onetimenexttime.sk\/arduino\/wp-content\/uploads\/2021\/11\/84.jpg\" \/>\n\t<meta property=\"og:image:width\" content=\"500\" \/>\n\t<meta property=\"og:image:height\" content=\"501\" \/>\n\t<meta property=\"og:image:type\" content=\"image\/jpeg\" \/>\n<meta name=\"twitter:card\" content=\"summary_large_image\" \/>\n<meta name=\"twitter:label1\" content=\"Predpokladan\u00fd \u010das \u010d\u00edtania\" \/>\n\t<meta name=\"twitter:data1\" content=\"1 min\u00fata\" \/>\n<script type=\"application\/ld+json\" class=\"yoast-schema-graph\">{\"@context\":\"https:\/\/schema.org\",\"@graph\":[{\"@type\":\"WebPage\",\"@id\":\"https:\/\/www.onetimenexttime.sk\/arduino\/index.php\/produkt\/function-signal-generator-sine-triangle-square-output-1hz-1mhz-signal-generator-adjustable-frequency-amplitude-xr2206\/\",\"url\":\"https:\/\/www.onetimenexttime.sk\/arduino\/index.php\/produkt\/function-signal-generator-sine-triangle-square-output-1hz-1mhz-signal-generator-adjustable-frequency-amplitude-xr2206\/\",\"name\":\"Function Signal Generator Sine\/Triangle\/Square Output 1Hz-1MHz Signal Generator Adjustable Frequency Amplitude XR2206 - Arduino e-shop\",\"isPartOf\":{\"@id\":\"https:\/\/www.onetimenexttime.sk\/arduino\/#website\"},\"primaryImageOfPage\":{\"@id\":\"https:\/\/www.onetimenexttime.sk\/arduino\/index.php\/produkt\/function-signal-generator-sine-triangle-square-output-1hz-1mhz-signal-generator-adjustable-frequency-amplitude-xr2206\/#primaryimage\"},\"image\":{\"@id\":\"https:\/\/www.onetimenexttime.sk\/arduino\/index.php\/produkt\/function-signal-generator-sine-triangle-square-output-1hz-1mhz-signal-generator-adjustable-frequency-amplitude-xr2206\/#primaryimage\"},\"thumbnailUrl\":\"https:\/\/www.onetimenexttime.sk\/arduino\/wp-content\/uploads\/2021\/11\/84.jpg\",\"datePublished\":\"2021-11-01T18:59:05+00:00\",\"dateModified\":\"2021-11-01T19:03:54+00:00\",\"breadcrumb\":{\"@id\":\"https:\/\/www.onetimenexttime.sk\/arduino\/index.php\/produkt\/function-signal-generator-sine-triangle-square-output-1hz-1mhz-signal-generator-adjustable-frequency-amplitude-xr2206\/#breadcrumb\"},\"inLanguage\":\"sk-SK\",\"potentialAction\":[{\"@type\":\"ReadAction\",\"target\":[\"https:\/\/www.onetimenexttime.sk\/arduino\/index.php\/produkt\/function-signal-generator-sine-triangle-square-output-1hz-1mhz-signal-generator-adjustable-frequency-amplitude-xr2206\/\"]}]},{\"@type\":\"ImageObject\",\"inLanguage\":\"sk-SK\",\"@id\":\"https:\/\/www.onetimenexttime.sk\/arduino\/index.php\/produkt\/function-signal-generator-sine-triangle-square-output-1hz-1mhz-signal-generator-adjustable-frequency-amplitude-xr2206\/#primaryimage\",\"url\":\"https:\/\/www.onetimenexttime.sk\/arduino\/wp-content\/uploads\/2021\/11\/84.jpg\",\"contentUrl\":\"https:\/\/www.onetimenexttime.sk\/arduino\/wp-content\/uploads\/2021\/11\/84.jpg\",\"width\":500,\"height\":501},{\"@type\":\"BreadcrumbList\",\"@id\":\"https:\/\/www.onetimenexttime.sk\/arduino\/index.php\/produkt\/function-signal-generator-sine-triangle-square-output-1hz-1mhz-signal-generator-adjustable-frequency-amplitude-xr2206\/#breadcrumb\",\"itemListElement\":[{\"@type\":\"ListItem\",\"position\":1,\"name\":\"Domov\",\"item\":\"https:\/\/www.onetimenexttime.sk\/arduino\/\"},{\"@type\":\"ListItem\",\"position\":2,\"name\":\"Obchod\",\"item\":\"https:\/\/www.onetimenexttime.sk\/arduino\/\"},{\"@type\":\"ListItem\",\"position\":3,\"name\":\"Function Signal Generator Sine\/Triangle\/Square Output 1Hz-1MHz Signal Generator Adjustable Frequency Amplitude XR2206\"}]},{\"@type\":\"WebSite\",\"@id\":\"https:\/\/www.onetimenexttime.sk\/arduino\/#website\",\"url\":\"https:\/\/www.onetimenexttime.sk\/arduino\/\",\"name\":\"Arduino e-shop\",\"description\":\"Home Assistant\",\"potentialAction\":[{\"@type\":\"SearchAction\",\"target\":{\"@type\":\"EntryPoint\",\"urlTemplate\":\"https:\/\/www.onetimenexttime.sk\/arduino\/?s={search_term_string}\"},\"query-input\":{\"@type\":\"PropertyValueSpecification\",\"valueRequired\":true,\"valueName\":\"search_term_string\"}}],\"inLanguage\":\"sk-SK\"}]}<\/script>\n<!-- \/ Yoast SEO plugin. -->","yoast_head_json":{"title":"Function Signal Generator Sine\/Triangle\/Square Output 1Hz-1MHz Signal Generator Adjustable Frequency Amplitude XR2206 - Arduino e-shop","robots":{"index":"index","follow":"follow","max-snippet":"max-snippet:-1","max-image-preview":"max-image-preview:large","max-video-preview":"max-video-preview:-1"},"canonical":"https:\/\/www.onetimenexttime.sk\/arduino\/index.php\/produkt\/function-signal-generator-sine-triangle-square-output-1hz-1mhz-signal-generator-adjustable-frequency-amplitude-xr2206\/","og_locale":"sk_SK","og_type":"article","og_title":"Function Signal Generator Sine\/Triangle\/Square Output 1Hz-1MHz Signal Generator Adjustable Frequency Amplitude XR2206 - Arduino e-shop","og_description":"Gener\u00e1tor funk\u010dn\u00e9ho sign\u00e1lu S\u00ednusov\u00fd\/trojuholn\u00edkov\u00fd\/\u0161tvorcov\u00fd v\u00fdstup 1Hz-1MHz Gener\u00e1tor sign\u00e1lu Nastavite\u013en\u00e1 frekven\u010dn\u00e1 amplit\u00fada XR2206 &nbsp; Nap\u00e1janie: 9-12V DC vstup Priebehy: \u0161tvorec, s\u00ednus&hellip;","og_url":"https:\/\/www.onetimenexttime.sk\/arduino\/index.php\/produkt\/function-signal-generator-sine-triangle-square-output-1hz-1mhz-signal-generator-adjustable-frequency-amplitude-xr2206\/","og_site_name":"Arduino e-shop","article_modified_time":"2021-11-01T19:03:54+00:00","og_image":[{"width":500,"height":501,"url":"https:\/\/www.onetimenexttime.sk\/arduino\/wp-content\/uploads\/2021\/11\/84.jpg","type":"image\/jpeg"}],"twitter_card":"summary_large_image","twitter_misc":{"Predpokladan\u00fd \u010das \u010d\u00edtania":"1 min\u00fata"},"schema":{"@context":"https:\/\/schema.org","@graph":[{"@type":"WebPage","@id":"https:\/\/www.onetimenexttime.sk\/arduino\/index.php\/produkt\/function-signal-generator-sine-triangle-square-output-1hz-1mhz-signal-generator-adjustable-frequency-amplitude-xr2206\/","url":"https:\/\/www.onetimenexttime.sk\/arduino\/index.php\/produkt\/function-signal-generator-sine-triangle-square-output-1hz-1mhz-signal-generator-adjustable-frequency-amplitude-xr2206\/","name":"Function Signal Generator Sine\/Triangle\/Square Output 1Hz-1MHz Signal Generator Adjustable Frequency Amplitude XR2206 - Arduino e-shop","isPartOf":{"@id":"https:\/\/www.onetimenexttime.sk\/arduino\/#website"},"primaryImageOfPage":{"@id":"https:\/\/www.onetimenexttime.sk\/arduino\/index.php\/produkt\/function-signal-generator-sine-triangle-square-output-1hz-1mhz-signal-generator-adjustable-frequency-amplitude-xr2206\/#primaryimage"},"image":{"@id":"https:\/\/www.onetimenexttime.sk\/arduino\/index.php\/produkt\/function-signal-generator-sine-triangle-square-output-1hz-1mhz-signal-generator-adjustable-frequency-amplitude-xr2206\/#primaryimage"},"thumbnailUrl":"https:\/\/www.onetimenexttime.sk\/arduino\/wp-content\/uploads\/2021\/11\/84.jpg","datePublished":"2021-11-01T18:59:05+00:00","dateModified":"2021-11-01T19:03:54+00:00","breadcrumb":{"@id":"https:\/\/www.onetimenexttime.sk\/arduino\/index.php\/produkt\/function-signal-generator-sine-triangle-square-output-1hz-1mhz-signal-generator-adjustable-frequency-amplitude-xr2206\/#breadcrumb"},"inLanguage":"sk-SK","potentialAction":[{"@type":"ReadAction","target":["https:\/\/www.onetimenexttime.sk\/arduino\/index.php\/produkt\/function-signal-generator-sine-triangle-square-output-1hz-1mhz-signal-generator-adjustable-frequency-amplitude-xr2206\/"]}]},{"@type":"ImageObject","inLanguage":"sk-SK","@id":"https:\/\/www.onetimenexttime.sk\/arduino\/index.php\/produkt\/function-signal-generator-sine-triangle-square-output-1hz-1mhz-signal-generator-adjustable-frequency-amplitude-xr2206\/#primaryimage","url":"https:\/\/www.onetimenexttime.sk\/arduino\/wp-content\/uploads\/2021\/11\/84.jpg","contentUrl":"https:\/\/www.onetimenexttime.sk\/arduino\/wp-content\/uploads\/2021\/11\/84.jpg","width":500,"height":501},{"@type":"BreadcrumbList","@id":"https:\/\/www.onetimenexttime.sk\/arduino\/index.php\/produkt\/function-signal-generator-sine-triangle-square-output-1hz-1mhz-signal-generator-adjustable-frequency-amplitude-xr2206\/#breadcrumb","itemListElement":[{"@type":"ListItem","position":1,"name":"Domov","item":"https:\/\/www.onetimenexttime.sk\/arduino\/"},{"@type":"ListItem","position":2,"name":"Obchod","item":"https:\/\/www.onetimenexttime.sk\/arduino\/"},{"@type":"ListItem","position":3,"name":"Function Signal Generator Sine\/Triangle\/Square Output 1Hz-1MHz Signal Generator Adjustable Frequency Amplitude XR2206"}]},{"@type":"WebSite","@id":"https:\/\/www.onetimenexttime.sk\/arduino\/#website","url":"https:\/\/www.onetimenexttime.sk\/arduino\/","name":"Arduino e-shop","description":"Home Assistant","potentialAction":[{"@type":"SearchAction","target":{"@type":"EntryPoint","urlTemplate":"https:\/\/www.onetimenexttime.sk\/arduino\/?s={search_term_string}"},"query-input":{"@type":"PropertyValueSpecification","valueRequired":true,"valueName":"search_term_string"}}],"inLanguage":"sk-SK"}]}},"_links":{"self":[{"href":"https:\/\/www.onetimenexttime.sk\/arduino\/index.php\/wp-json\/wp\/v2\/product\/920"}],"collection":[{"href":"https:\/\/www.onetimenexttime.sk\/arduino\/index.php\/wp-json\/wp\/v2\/product"}],"about":[{"href":"https:\/\/www.onetimenexttime.sk\/arduino\/index.php\/wp-json\/wp\/v2\/types\/product"}],"wp:featuredmedia":[{"embeddable":true,"href":"https:\/\/www.onetimenexttime.sk\/arduino\/index.php\/wp-json\/wp\/v2\/media\/921"}],"wp:attachment":[{"href":"https:\/\/www.onetimenexttime.sk\/arduino\/index.php\/wp-json\/wp\/v2\/media?parent=920"}],"wp:term":[{"taxonomy":"product_cat","embeddable":true,"href":"https:\/\/www.onetimenexttime.sk\/arduino\/index.php\/wp-json\/wp\/v2\/product_cat?post=920"},{"taxonomy":"product_tag","embeddable":true,"href":"https:\/\/www.onetimenexttime.sk\/arduino\/index.php\/wp-json\/wp\/v2\/product_tag?post=920"}],"curies":[{"name":"wp","href":"https:\/\/api.w.org\/{rel}","templated":true}]}}