{"id":92,"date":"2021-10-17T21:07:50","date_gmt":"2021-10-17T19:07:50","guid":{"rendered":"https:\/\/www.onetimenexttime.sk\/arduino\/?post_type=product&#038;p=92"},"modified":"2021-10-17T21:10:39","modified_gmt":"2021-10-17T19:10:39","slug":"8-channel-el-shield-for-arduino-uno-r3-mega-r3","status":"publish","type":"product","link":"https:\/\/www.onetimenexttime.sk\/arduino\/index.php\/produkt\/8-channel-el-shield-for-arduino-uno-r3-mega-r3\/","title":{"rendered":"8-Channel EL Shield for Arduino UNO R3 Mega R3"},"content":{"rendered":"<p>Vodi\u010d EL je flexibiln\u00fd plastov\u00fd k\u00e1bel, ktor\u00fd pri pou\u017eit\u00ed vysokonap\u00e4\u0165ov\u00e9ho striedav\u00e9ho pr\u00fadu jasne \u017eiari. Je k dispoz\u00edcii v mnoh\u00fdch farb\u00e1ch so studen\u00fdm chladen\u00edm a vy\u017eaduje ve\u013emi mal\u00fd pr\u00fad, ale pr\u00e1ca s n\u00edm m\u00f4\u017ee by\u0165 n\u00e1ro\u010dn\u00e1 kv\u00f4li po\u017eiadavk\u00e1m na vysok\u00e9 nap\u00e4tie. Elecrow EL Shield v\u00e1m umo\u017e\u0148uje implementova\u0165 a\u017e 8 kan\u00e1lov dr\u00f4tov alebo p\u00e1siem EL do v\u00e1\u0161ho projektu a poskytuje v\u00e1m rie\u0161enie na ovl\u00e1danie k\u00e1blov EL. S Arduino alebo Crowduino budete m\u00f4c\u0165 ovl\u00e1da\u0165 8 zariaden\u00ed EL s\u00fa\u010dasne a oddelene. Met\u00f3da ovl\u00e1dania je tak\u00e1 jednoduch\u00e1 ako ovl\u00e1danie LED di\u00f3dy. Poh\u00e1\u0148an\u00fd PWM, m\u00f4\u017ee vytv\u00e1ra\u0165 farebn\u00fd a kvetinov\u00fd efekt ovl\u00e1dan\u00edm ka\u017ed\u00e9ho vodi\u010da EL pod\u013ea va\u0161ich vlastn\u00fdch programov.<\/p>\n<p>Tento \u0161t\u00edt je dod\u00e1van\u00fd so 4 kusmi k\u00e1blov\u00fdch adapt\u00e9rov EL, ktor\u00e9 v\u00e1m pom\u00f4\u017eu pripoji\u0165 \u0161tandardn\u00e9 k\u00e1ble EL k tomuto \u0161t\u00edtu. Samozrejme si m\u00f4\u017eete k\u00fapi\u0165 viac na ovl\u00e1danie a\u017e 8 kan\u00e1lov. Upozor\u0148ujeme, \u017ee pre tento \u0161t\u00edt EL je potrebn\u00fd 5V invertor. K dispoz\u00edcii je tie\u017e 8-kan\u00e1lov\u00e1 s\u00faprava EL Shield Kit, ktor\u00e1 obsahuje v\u0161etky moduly potrebn\u00e9 pre projekt dr\u00f4tu EL<\/p>\n","protected":false},"excerpt":{"rendered":"<p>Vodi\u010d EL je flexibiln\u00fd plastov\u00fd k\u00e1bel, ktor\u00fd pri pou\u017eit\u00ed vysokonap\u00e4\u0165ov\u00e9ho striedav\u00e9ho pr\u00fadu jasne \u017eiari. Je k dispoz\u00edcii v mnoh\u00fdch farb\u00e1ch&hellip;<\/p>\n","protected":false},"featured_media":93,"template":"","meta":{"_monsterinsights_skip_tracking":false,"_monsterinsights_sitenote_active":false,"_monsterinsights_sitenote_note":"","_monsterinsights_sitenote_category":0},"product_cat":[16,17],"product_tag":[],"class_list":{"0":"post-92","1":"product","2":"type-product","3":"status-publish","4":"has-post-thumbnail","6":"product_cat-ard","7":"product_cat-modul","9":"first","10":"instock","11":"sale","12":"shipping-taxable","13":"purchasable","14":"product-type-simple"},"yoast_head":"<!-- This site is optimized with the Yoast SEO plugin v23.6 - https:\/\/yoast.com\/wordpress\/plugins\/seo\/ -->\n<title>8-Channel EL Shield for Arduino UNO R3 Mega R3 - Arduino e-shop<\/title>\n<meta name=\"robots\" content=\"index, follow, max-snippet:-1, max-image-preview:large, max-video-preview:-1\" \/>\n<link rel=\"canonical\" href=\"https:\/\/www.onetimenexttime.sk\/arduino\/index.php\/produkt\/8-channel-el-shield-for-arduino-uno-r3-mega-r3\/\" \/>\n<meta property=\"og:locale\" content=\"sk_SK\" \/>\n<meta property=\"og:type\" content=\"article\" \/>\n<meta property=\"og:title\" content=\"8-Channel EL Shield for Arduino UNO R3 Mega R3 - Arduino e-shop\" \/>\n<meta property=\"og:description\" content=\"Vodi\u010d EL je flexibiln\u00fd plastov\u00fd k\u00e1bel, ktor\u00fd pri pou\u017eit\u00ed vysokonap\u00e4\u0165ov\u00e9ho striedav\u00e9ho pr\u00fadu jasne \u017eiari. Je k dispoz\u00edcii v mnoh\u00fdch farb\u00e1ch&hellip;\" \/>\n<meta property=\"og:url\" content=\"https:\/\/www.onetimenexttime.sk\/arduino\/index.php\/produkt\/8-channel-el-shield-for-arduino-uno-r3-mega-r3\/\" \/>\n<meta property=\"og:site_name\" content=\"Arduino e-shop\" \/>\n<meta property=\"article:modified_time\" content=\"2021-10-17T19:10:39+00:00\" \/>\n<meta property=\"og:image\" content=\"https:\/\/www.onetimenexttime.sk\/arduino\/wp-content\/uploads\/2021\/10\/232.jpg\" \/>\n\t<meta property=\"og:image:width\" content=\"596\" \/>\n\t<meta property=\"og:image:height\" content=\"595\" \/>\n\t<meta property=\"og:image:type\" content=\"image\/jpeg\" \/>\n<meta name=\"twitter:card\" content=\"summary_large_image\" \/>\n<meta name=\"twitter:label1\" content=\"Predpokladan\u00fd \u010das \u010d\u00edtania\" \/>\n\t<meta name=\"twitter:data1\" content=\"1 min\u00fata\" \/>\n<script type=\"application\/ld+json\" class=\"yoast-schema-graph\">{\"@context\":\"https:\/\/schema.org\",\"@graph\":[{\"@type\":\"WebPage\",\"@id\":\"https:\/\/www.onetimenexttime.sk\/arduino\/index.php\/produkt\/8-channel-el-shield-for-arduino-uno-r3-mega-r3\/\",\"url\":\"https:\/\/www.onetimenexttime.sk\/arduino\/index.php\/produkt\/8-channel-el-shield-for-arduino-uno-r3-mega-r3\/\",\"name\":\"8-Channel EL Shield for Arduino UNO R3 Mega R3 - Arduino e-shop\",\"isPartOf\":{\"@id\":\"https:\/\/www.onetimenexttime.sk\/arduino\/#website\"},\"primaryImageOfPage\":{\"@id\":\"https:\/\/www.onetimenexttime.sk\/arduino\/index.php\/produkt\/8-channel-el-shield-for-arduino-uno-r3-mega-r3\/#primaryimage\"},\"image\":{\"@id\":\"https:\/\/www.onetimenexttime.sk\/arduino\/index.php\/produkt\/8-channel-el-shield-for-arduino-uno-r3-mega-r3\/#primaryimage\"},\"thumbnailUrl\":\"https:\/\/www.onetimenexttime.sk\/arduino\/wp-content\/uploads\/2021\/10\/232.jpg\",\"datePublished\":\"2021-10-17T19:07:50+00:00\",\"dateModified\":\"2021-10-17T19:10:39+00:00\",\"breadcrumb\":{\"@id\":\"https:\/\/www.onetimenexttime.sk\/arduino\/index.php\/produkt\/8-channel-el-shield-for-arduino-uno-r3-mega-r3\/#breadcrumb\"},\"inLanguage\":\"sk-SK\",\"potentialAction\":[{\"@type\":\"ReadAction\",\"target\":[\"https:\/\/www.onetimenexttime.sk\/arduino\/index.php\/produkt\/8-channel-el-shield-for-arduino-uno-r3-mega-r3\/\"]}]},{\"@type\":\"ImageObject\",\"inLanguage\":\"sk-SK\",\"@id\":\"https:\/\/www.onetimenexttime.sk\/arduino\/index.php\/produkt\/8-channel-el-shield-for-arduino-uno-r3-mega-r3\/#primaryimage\",\"url\":\"https:\/\/www.onetimenexttime.sk\/arduino\/wp-content\/uploads\/2021\/10\/232.jpg\",\"contentUrl\":\"https:\/\/www.onetimenexttime.sk\/arduino\/wp-content\/uploads\/2021\/10\/232.jpg\",\"width\":596,\"height\":595},{\"@type\":\"BreadcrumbList\",\"@id\":\"https:\/\/www.onetimenexttime.sk\/arduino\/index.php\/produkt\/8-channel-el-shield-for-arduino-uno-r3-mega-r3\/#breadcrumb\",\"itemListElement\":[{\"@type\":\"ListItem\",\"position\":1,\"name\":\"Domov\",\"item\":\"https:\/\/www.onetimenexttime.sk\/arduino\/\"},{\"@type\":\"ListItem\",\"position\":2,\"name\":\"Obchod\",\"item\":\"https:\/\/www.onetimenexttime.sk\/arduino\/\"},{\"@type\":\"ListItem\",\"position\":3,\"name\":\"8-Channel EL Shield for Arduino UNO R3 Mega R3\"}]},{\"@type\":\"WebSite\",\"@id\":\"https:\/\/www.onetimenexttime.sk\/arduino\/#website\",\"url\":\"https:\/\/www.onetimenexttime.sk\/arduino\/\",\"name\":\"Arduino e-shop\",\"description\":\"Home Assistant\",\"potentialAction\":[{\"@type\":\"SearchAction\",\"target\":{\"@type\":\"EntryPoint\",\"urlTemplate\":\"https:\/\/www.onetimenexttime.sk\/arduino\/?s={search_term_string}\"},\"query-input\":{\"@type\":\"PropertyValueSpecification\",\"valueRequired\":true,\"valueName\":\"search_term_string\"}}],\"inLanguage\":\"sk-SK\"}]}<\/script>\n<!-- \/ Yoast SEO plugin. -->","yoast_head_json":{"title":"8-Channel EL Shield for Arduino UNO R3 Mega R3 - Arduino e-shop","robots":{"index":"index","follow":"follow","max-snippet":"max-snippet:-1","max-image-preview":"max-image-preview:large","max-video-preview":"max-video-preview:-1"},"canonical":"https:\/\/www.onetimenexttime.sk\/arduino\/index.php\/produkt\/8-channel-el-shield-for-arduino-uno-r3-mega-r3\/","og_locale":"sk_SK","og_type":"article","og_title":"8-Channel EL Shield for Arduino UNO R3 Mega R3 - Arduino e-shop","og_description":"Vodi\u010d EL je flexibiln\u00fd plastov\u00fd k\u00e1bel, ktor\u00fd pri pou\u017eit\u00ed vysokonap\u00e4\u0165ov\u00e9ho striedav\u00e9ho pr\u00fadu jasne \u017eiari. Je k dispoz\u00edcii v mnoh\u00fdch farb\u00e1ch&hellip;","og_url":"https:\/\/www.onetimenexttime.sk\/arduino\/index.php\/produkt\/8-channel-el-shield-for-arduino-uno-r3-mega-r3\/","og_site_name":"Arduino e-shop","article_modified_time":"2021-10-17T19:10:39+00:00","og_image":[{"width":596,"height":595,"url":"https:\/\/www.onetimenexttime.sk\/arduino\/wp-content\/uploads\/2021\/10\/232.jpg","type":"image\/jpeg"}],"twitter_card":"summary_large_image","twitter_misc":{"Predpokladan\u00fd \u010das \u010d\u00edtania":"1 min\u00fata"},"schema":{"@context":"https:\/\/schema.org","@graph":[{"@type":"WebPage","@id":"https:\/\/www.onetimenexttime.sk\/arduino\/index.php\/produkt\/8-channel-el-shield-for-arduino-uno-r3-mega-r3\/","url":"https:\/\/www.onetimenexttime.sk\/arduino\/index.php\/produkt\/8-channel-el-shield-for-arduino-uno-r3-mega-r3\/","name":"8-Channel EL Shield for Arduino UNO R3 Mega R3 - Arduino e-shop","isPartOf":{"@id":"https:\/\/www.onetimenexttime.sk\/arduino\/#website"},"primaryImageOfPage":{"@id":"https:\/\/www.onetimenexttime.sk\/arduino\/index.php\/produkt\/8-channel-el-shield-for-arduino-uno-r3-mega-r3\/#primaryimage"},"image":{"@id":"https:\/\/www.onetimenexttime.sk\/arduino\/index.php\/produkt\/8-channel-el-shield-for-arduino-uno-r3-mega-r3\/#primaryimage"},"thumbnailUrl":"https:\/\/www.onetimenexttime.sk\/arduino\/wp-content\/uploads\/2021\/10\/232.jpg","datePublished":"2021-10-17T19:07:50+00:00","dateModified":"2021-10-17T19:10:39+00:00","breadcrumb":{"@id":"https:\/\/www.onetimenexttime.sk\/arduino\/index.php\/produkt\/8-channel-el-shield-for-arduino-uno-r3-mega-r3\/#breadcrumb"},"inLanguage":"sk-SK","potentialAction":[{"@type":"ReadAction","target":["https:\/\/www.onetimenexttime.sk\/arduino\/index.php\/produkt\/8-channel-el-shield-for-arduino-uno-r3-mega-r3\/"]}]},{"@type":"ImageObject","inLanguage":"sk-SK","@id":"https:\/\/www.onetimenexttime.sk\/arduino\/index.php\/produkt\/8-channel-el-shield-for-arduino-uno-r3-mega-r3\/#primaryimage","url":"https:\/\/www.onetimenexttime.sk\/arduino\/wp-content\/uploads\/2021\/10\/232.jpg","contentUrl":"https:\/\/www.onetimenexttime.sk\/arduino\/wp-content\/uploads\/2021\/10\/232.jpg","width":596,"height":595},{"@type":"BreadcrumbList","@id":"https:\/\/www.onetimenexttime.sk\/arduino\/index.php\/produkt\/8-channel-el-shield-for-arduino-uno-r3-mega-r3\/#breadcrumb","itemListElement":[{"@type":"ListItem","position":1,"name":"Domov","item":"https:\/\/www.onetimenexttime.sk\/arduino\/"},{"@type":"ListItem","position":2,"name":"Obchod","item":"https:\/\/www.onetimenexttime.sk\/arduino\/"},{"@type":"ListItem","position":3,"name":"8-Channel EL Shield for Arduino UNO R3 Mega R3"}]},{"@type":"WebSite","@id":"https:\/\/www.onetimenexttime.sk\/arduino\/#website","url":"https:\/\/www.onetimenexttime.sk\/arduino\/","name":"Arduino e-shop","description":"Home Assistant","potentialAction":[{"@type":"SearchAction","target":{"@type":"EntryPoint","urlTemplate":"https:\/\/www.onetimenexttime.sk\/arduino\/?s={search_term_string}"},"query-input":{"@type":"PropertyValueSpecification","valueRequired":true,"valueName":"search_term_string"}}],"inLanguage":"sk-SK"}]}},"_links":{"self":[{"href":"https:\/\/www.onetimenexttime.sk\/arduino\/index.php\/wp-json\/wp\/v2\/product\/92"}],"collection":[{"href":"https:\/\/www.onetimenexttime.sk\/arduino\/index.php\/wp-json\/wp\/v2\/product"}],"about":[{"href":"https:\/\/www.onetimenexttime.sk\/arduino\/index.php\/wp-json\/wp\/v2\/types\/product"}],"wp:featuredmedia":[{"embeddable":true,"href":"https:\/\/www.onetimenexttime.sk\/arduino\/index.php\/wp-json\/wp\/v2\/media\/93"}],"wp:attachment":[{"href":"https:\/\/www.onetimenexttime.sk\/arduino\/index.php\/wp-json\/wp\/v2\/media?parent=92"}],"wp:term":[{"taxonomy":"product_cat","embeddable":true,"href":"https:\/\/www.onetimenexttime.sk\/arduino\/index.php\/wp-json\/wp\/v2\/product_cat?post=92"},{"taxonomy":"product_tag","embeddable":true,"href":"https:\/\/www.onetimenexttime.sk\/arduino\/index.php\/wp-json\/wp\/v2\/product_tag?post=92"}],"curies":[{"name":"wp","href":"https:\/\/api.w.org\/{rel}","templated":true}]}}