{"id":918,"date":"2021-11-01T19:53:42","date_gmt":"2021-11-01T18:53:42","guid":{"rendered":"https:\/\/www.onetimenexttime.sk\/arduino\/?post_type=product&#038;p=918"},"modified":"2021-11-01T19:56:58","modified_gmt":"2021-11-01T18:56:58","slug":"high-frequency-response-dtl-ttl-logic-probe-logic-pulser-analyzer-probe-circuit-tester-test-detect-tool-kit-instant-indication","status":"publish","type":"product","link":"https:\/\/www.onetimenexttime.sk\/arduino\/index.php\/produkt\/high-frequency-response-dtl-ttl-logic-probe-logic-pulser-analyzer-probe-circuit-tester-test-detect-tool-kit-instant-indication\/","title":{"rendered":"High Frequency Response DTL TTL LOGIC PROBE Logic Pulser Analyzer Probe Circuit Tester Test Detect Tool Kit Instant Indication"},"content":{"rendered":"<h2>Vysokofrekven\u010dn\u00e1 odozva DTL TTL LOGICK\u00c1 SONDA Logick\u00fd impulzn\u00fd analyz\u00e1tor sondy Tester obvodu Tester Sada n\u00e1strojov na detekciu Okam\u017eit\u00e1 indik\u00e1cia<\/h2>\n<p>&nbsp;<\/p>\n<p>\u0160ikovn\u00e9, r\u00fdchle a jednoduch\u00e9<br \/>\nPre DTL, TTL a CMOS<br \/>\nVysokofrekven\u010dn\u00e1 odozva<br \/>\nOkam\u017eit\u00e1 indik\u00e1cia<br \/>\nFunkcia pulznej pam\u00e4te<br \/>\nPou\u017eitie:<br \/>\n1. Pripojte \u010cERVEN\u00da svorku na svorku + a \u010cIERNU svorku na svorku &#8211; nap\u00e1jacieho zdroja testovan\u00e9ho obvodu. Nap\u00e1jacie nap\u00e4tie by nemalo presiahnu\u0165 18V DC<br \/>\n2. Pre TTL a DTL nastavte horn\u00fd prep\u00edna\u010d na stranu ozna\u010den\u00fa \u201eTIL\u201c<br \/>\nV pr\u00edpade CMOS nastavte horn\u00fd prep\u00edna\u010d na stranu ozna\u010den\u00fa \u201eCMOS\u201c a pripojte kol\u00edk sondy k bodu, ktor\u00fd chcete testova\u0165. LED di\u00f3dy bud\u00fa indikova\u0165 jeho logick\u00e9 stavy:<br \/>\nA: V\u0160ETKY LED VYPNUT\u00c9 &#8211; Vysok\u00e1 impedancia<br \/>\nB: \u010cERVEN\u00c1 LED Svieti &#8211; Vysok\u00fd stav (1)<br \/>\nC: Zelen\u00e1 LED svieti &#8211; n\u00edzky stav (0)<br \/>\nD: Oran\u017eov\u00e1 LED svieti &#8211; pulzuje<br \/>\n3. Pre sn\u00edmanie a ukladanie impulzu alebo prechodu \u00farovne nastavte spodn\u00fd prep\u00edna\u010d najsk\u00f4r na stranu ozna\u010den\u00fa &#8220;PULSE&#8221;. Spojte kol\u00edk sondy s bodom, ktor\u00fd chcete testova\u0165. LED di\u00f3dy bud\u00fa indikova\u0165 z\u00e1kladn\u00fd stav. Potom nastavte spodn\u00fd prep\u00edna\u010d na stranu ozna\u010den\u00fa \u201eMEM\u201c. Oran\u017eov\u00e1 LED sa rozsvieti, ke\u010f sa zist\u00ed ak\u00fdko\u013evek impulz alebo prechod medzi \u00farov\u0148ou. Smer impulzu v porovnan\u00ed s p\u00f4vodn\u00fdm z\u00e1kladn\u00fdm stavom je ur\u010den\u00fd. Po pou\u017eit\u00ed resetujte logick\u00fa sondu nastaven\u00edm spodn\u00e9ho prep\u00edna\u010da sp\u00e4\u0165 na stranu ozna\u010den\u00fa \u201ePULSE\u201c<\/p>\n","protected":false},"excerpt":{"rendered":"<p>Vysokofrekven\u010dn\u00e1 odozva DTL TTL LOGICK\u00c1 SONDA Logick\u00fd impulzn\u00fd analyz\u00e1tor sondy Tester obvodu Tester Sada n\u00e1strojov na detekciu Okam\u017eit\u00e1 indik\u00e1cia &nbsp;&hellip;<\/p>\n","protected":false},"featured_media":919,"template":"","meta":{"_monsterinsights_skip_tracking":false,"_monsterinsights_sitenote_active":false,"_monsterinsights_sitenote_note":"","_monsterinsights_sitenote_category":0},"product_cat":[58],"product_tag":[],"class_list":{"0":"post-918","1":"product","2":"type-product","3":"status-publish","4":"has-post-thumbnail","6":"product_cat-tester","8":"first","9":"instock","10":"shipping-taxable","11":"purchasable","12":"product-type-simple"},"yoast_head":"<!-- This site is optimized with the Yoast SEO plugin v23.6 - https:\/\/yoast.com\/wordpress\/plugins\/seo\/ -->\n<title>High Frequency Response DTL TTL LOGIC PROBE Logic Pulser Analyzer Probe Circuit Tester Test Detect Tool Kit Instant Indication - Arduino e-shop<\/title>\n<meta name=\"robots\" content=\"index, follow, max-snippet:-1, max-image-preview:large, max-video-preview:-1\" \/>\n<link rel=\"canonical\" href=\"https:\/\/www.onetimenexttime.sk\/arduino\/index.php\/produkt\/high-frequency-response-dtl-ttl-logic-probe-logic-pulser-analyzer-probe-circuit-tester-test-detect-tool-kit-instant-indication\/\" \/>\n<meta property=\"og:locale\" content=\"sk_SK\" \/>\n<meta property=\"og:type\" content=\"article\" \/>\n<meta property=\"og:title\" content=\"High Frequency Response DTL TTL LOGIC PROBE Logic Pulser Analyzer Probe Circuit Tester Test Detect Tool Kit Instant Indication - Arduino e-shop\" \/>\n<meta property=\"og:description\" content=\"Vysokofrekven\u010dn\u00e1 odozva DTL TTL LOGICK\u00c1 SONDA Logick\u00fd impulzn\u00fd analyz\u00e1tor sondy Tester obvodu Tester Sada n\u00e1strojov na detekciu Okam\u017eit\u00e1 indik\u00e1cia &nbsp;&hellip;\" \/>\n<meta property=\"og:url\" content=\"https:\/\/www.onetimenexttime.sk\/arduino\/index.php\/produkt\/high-frequency-response-dtl-ttl-logic-probe-logic-pulser-analyzer-probe-circuit-tester-test-detect-tool-kit-instant-indication\/\" \/>\n<meta property=\"og:site_name\" content=\"Arduino e-shop\" \/>\n<meta property=\"article:modified_time\" content=\"2021-11-01T18:56:58+00:00\" \/>\n<meta property=\"og:image\" content=\"https:\/\/www.onetimenexttime.sk\/arduino\/wp-content\/uploads\/2021\/11\/85.jpg\" \/>\n\t<meta property=\"og:image:width\" content=\"500\" \/>\n\t<meta property=\"og:image:height\" content=\"501\" \/>\n\t<meta property=\"og:image:type\" content=\"image\/jpeg\" \/>\n<meta name=\"twitter:card\" content=\"summary_large_image\" \/>\n<meta name=\"twitter:label1\" content=\"Predpokladan\u00fd \u010das \u010d\u00edtania\" \/>\n\t<meta name=\"twitter:data1\" content=\"1 min\u00fata\" \/>\n<script type=\"application\/ld+json\" class=\"yoast-schema-graph\">{\"@context\":\"https:\/\/schema.org\",\"@graph\":[{\"@type\":\"WebPage\",\"@id\":\"https:\/\/www.onetimenexttime.sk\/arduino\/index.php\/produkt\/high-frequency-response-dtl-ttl-logic-probe-logic-pulser-analyzer-probe-circuit-tester-test-detect-tool-kit-instant-indication\/\",\"url\":\"https:\/\/www.onetimenexttime.sk\/arduino\/index.php\/produkt\/high-frequency-response-dtl-ttl-logic-probe-logic-pulser-analyzer-probe-circuit-tester-test-detect-tool-kit-instant-indication\/\",\"name\":\"High Frequency Response DTL TTL LOGIC PROBE Logic Pulser Analyzer Probe Circuit Tester Test Detect Tool Kit Instant Indication - Arduino e-shop\",\"isPartOf\":{\"@id\":\"https:\/\/www.onetimenexttime.sk\/arduino\/#website\"},\"primaryImageOfPage\":{\"@id\":\"https:\/\/www.onetimenexttime.sk\/arduino\/index.php\/produkt\/high-frequency-response-dtl-ttl-logic-probe-logic-pulser-analyzer-probe-circuit-tester-test-detect-tool-kit-instant-indication\/#primaryimage\"},\"image\":{\"@id\":\"https:\/\/www.onetimenexttime.sk\/arduino\/index.php\/produkt\/high-frequency-response-dtl-ttl-logic-probe-logic-pulser-analyzer-probe-circuit-tester-test-detect-tool-kit-instant-indication\/#primaryimage\"},\"thumbnailUrl\":\"https:\/\/www.onetimenexttime.sk\/arduino\/wp-content\/uploads\/2021\/11\/85.jpg\",\"datePublished\":\"2021-11-01T18:53:42+00:00\",\"dateModified\":\"2021-11-01T18:56:58+00:00\",\"breadcrumb\":{\"@id\":\"https:\/\/www.onetimenexttime.sk\/arduino\/index.php\/produkt\/high-frequency-response-dtl-ttl-logic-probe-logic-pulser-analyzer-probe-circuit-tester-test-detect-tool-kit-instant-indication\/#breadcrumb\"},\"inLanguage\":\"sk-SK\",\"potentialAction\":[{\"@type\":\"ReadAction\",\"target\":[\"https:\/\/www.onetimenexttime.sk\/arduino\/index.php\/produkt\/high-frequency-response-dtl-ttl-logic-probe-logic-pulser-analyzer-probe-circuit-tester-test-detect-tool-kit-instant-indication\/\"]}]},{\"@type\":\"ImageObject\",\"inLanguage\":\"sk-SK\",\"@id\":\"https:\/\/www.onetimenexttime.sk\/arduino\/index.php\/produkt\/high-frequency-response-dtl-ttl-logic-probe-logic-pulser-analyzer-probe-circuit-tester-test-detect-tool-kit-instant-indication\/#primaryimage\",\"url\":\"https:\/\/www.onetimenexttime.sk\/arduino\/wp-content\/uploads\/2021\/11\/85.jpg\",\"contentUrl\":\"https:\/\/www.onetimenexttime.sk\/arduino\/wp-content\/uploads\/2021\/11\/85.jpg\",\"width\":500,\"height\":501},{\"@type\":\"BreadcrumbList\",\"@id\":\"https:\/\/www.onetimenexttime.sk\/arduino\/index.php\/produkt\/high-frequency-response-dtl-ttl-logic-probe-logic-pulser-analyzer-probe-circuit-tester-test-detect-tool-kit-instant-indication\/#breadcrumb\",\"itemListElement\":[{\"@type\":\"ListItem\",\"position\":1,\"name\":\"Domov\",\"item\":\"https:\/\/www.onetimenexttime.sk\/arduino\/\"},{\"@type\":\"ListItem\",\"position\":2,\"name\":\"Obchod\",\"item\":\"https:\/\/www.onetimenexttime.sk\/arduino\/\"},{\"@type\":\"ListItem\",\"position\":3,\"name\":\"High Frequency Response DTL TTL LOGIC PROBE Logic Pulser Analyzer Probe Circuit Tester Test Detect Tool Kit Instant Indication\"}]},{\"@type\":\"WebSite\",\"@id\":\"https:\/\/www.onetimenexttime.sk\/arduino\/#website\",\"url\":\"https:\/\/www.onetimenexttime.sk\/arduino\/\",\"name\":\"Arduino e-shop\",\"description\":\"Home Assistant\",\"potentialAction\":[{\"@type\":\"SearchAction\",\"target\":{\"@type\":\"EntryPoint\",\"urlTemplate\":\"https:\/\/www.onetimenexttime.sk\/arduino\/?s={search_term_string}\"},\"query-input\":{\"@type\":\"PropertyValueSpecification\",\"valueRequired\":true,\"valueName\":\"search_term_string\"}}],\"inLanguage\":\"sk-SK\"}]}<\/script>\n<!-- \/ Yoast SEO plugin. -->","yoast_head_json":{"title":"High Frequency Response DTL TTL LOGIC PROBE Logic Pulser Analyzer Probe Circuit Tester Test Detect Tool Kit Instant Indication - Arduino e-shop","robots":{"index":"index","follow":"follow","max-snippet":"max-snippet:-1","max-image-preview":"max-image-preview:large","max-video-preview":"max-video-preview:-1"},"canonical":"https:\/\/www.onetimenexttime.sk\/arduino\/index.php\/produkt\/high-frequency-response-dtl-ttl-logic-probe-logic-pulser-analyzer-probe-circuit-tester-test-detect-tool-kit-instant-indication\/","og_locale":"sk_SK","og_type":"article","og_title":"High Frequency Response DTL TTL LOGIC PROBE Logic Pulser Analyzer Probe Circuit Tester Test Detect Tool Kit Instant Indication - Arduino e-shop","og_description":"Vysokofrekven\u010dn\u00e1 odozva DTL TTL LOGICK\u00c1 SONDA Logick\u00fd impulzn\u00fd analyz\u00e1tor sondy Tester obvodu Tester Sada n\u00e1strojov na detekciu Okam\u017eit\u00e1 indik\u00e1cia &nbsp;&hellip;","og_url":"https:\/\/www.onetimenexttime.sk\/arduino\/index.php\/produkt\/high-frequency-response-dtl-ttl-logic-probe-logic-pulser-analyzer-probe-circuit-tester-test-detect-tool-kit-instant-indication\/","og_site_name":"Arduino e-shop","article_modified_time":"2021-11-01T18:56:58+00:00","og_image":[{"width":500,"height":501,"url":"https:\/\/www.onetimenexttime.sk\/arduino\/wp-content\/uploads\/2021\/11\/85.jpg","type":"image\/jpeg"}],"twitter_card":"summary_large_image","twitter_misc":{"Predpokladan\u00fd \u010das \u010d\u00edtania":"1 min\u00fata"},"schema":{"@context":"https:\/\/schema.org","@graph":[{"@type":"WebPage","@id":"https:\/\/www.onetimenexttime.sk\/arduino\/index.php\/produkt\/high-frequency-response-dtl-ttl-logic-probe-logic-pulser-analyzer-probe-circuit-tester-test-detect-tool-kit-instant-indication\/","url":"https:\/\/www.onetimenexttime.sk\/arduino\/index.php\/produkt\/high-frequency-response-dtl-ttl-logic-probe-logic-pulser-analyzer-probe-circuit-tester-test-detect-tool-kit-instant-indication\/","name":"High Frequency Response DTL TTL LOGIC PROBE Logic Pulser Analyzer Probe Circuit Tester Test Detect Tool Kit Instant Indication - Arduino e-shop","isPartOf":{"@id":"https:\/\/www.onetimenexttime.sk\/arduino\/#website"},"primaryImageOfPage":{"@id":"https:\/\/www.onetimenexttime.sk\/arduino\/index.php\/produkt\/high-frequency-response-dtl-ttl-logic-probe-logic-pulser-analyzer-probe-circuit-tester-test-detect-tool-kit-instant-indication\/#primaryimage"},"image":{"@id":"https:\/\/www.onetimenexttime.sk\/arduino\/index.php\/produkt\/high-frequency-response-dtl-ttl-logic-probe-logic-pulser-analyzer-probe-circuit-tester-test-detect-tool-kit-instant-indication\/#primaryimage"},"thumbnailUrl":"https:\/\/www.onetimenexttime.sk\/arduino\/wp-content\/uploads\/2021\/11\/85.jpg","datePublished":"2021-11-01T18:53:42+00:00","dateModified":"2021-11-01T18:56:58+00:00","breadcrumb":{"@id":"https:\/\/www.onetimenexttime.sk\/arduino\/index.php\/produkt\/high-frequency-response-dtl-ttl-logic-probe-logic-pulser-analyzer-probe-circuit-tester-test-detect-tool-kit-instant-indication\/#breadcrumb"},"inLanguage":"sk-SK","potentialAction":[{"@type":"ReadAction","target":["https:\/\/www.onetimenexttime.sk\/arduino\/index.php\/produkt\/high-frequency-response-dtl-ttl-logic-probe-logic-pulser-analyzer-probe-circuit-tester-test-detect-tool-kit-instant-indication\/"]}]},{"@type":"ImageObject","inLanguage":"sk-SK","@id":"https:\/\/www.onetimenexttime.sk\/arduino\/index.php\/produkt\/high-frequency-response-dtl-ttl-logic-probe-logic-pulser-analyzer-probe-circuit-tester-test-detect-tool-kit-instant-indication\/#primaryimage","url":"https:\/\/www.onetimenexttime.sk\/arduino\/wp-content\/uploads\/2021\/11\/85.jpg","contentUrl":"https:\/\/www.onetimenexttime.sk\/arduino\/wp-content\/uploads\/2021\/11\/85.jpg","width":500,"height":501},{"@type":"BreadcrumbList","@id":"https:\/\/www.onetimenexttime.sk\/arduino\/index.php\/produkt\/high-frequency-response-dtl-ttl-logic-probe-logic-pulser-analyzer-probe-circuit-tester-test-detect-tool-kit-instant-indication\/#breadcrumb","itemListElement":[{"@type":"ListItem","position":1,"name":"Domov","item":"https:\/\/www.onetimenexttime.sk\/arduino\/"},{"@type":"ListItem","position":2,"name":"Obchod","item":"https:\/\/www.onetimenexttime.sk\/arduino\/"},{"@type":"ListItem","position":3,"name":"High Frequency Response DTL TTL LOGIC PROBE Logic Pulser Analyzer Probe Circuit Tester Test Detect Tool Kit Instant Indication"}]},{"@type":"WebSite","@id":"https:\/\/www.onetimenexttime.sk\/arduino\/#website","url":"https:\/\/www.onetimenexttime.sk\/arduino\/","name":"Arduino e-shop","description":"Home Assistant","potentialAction":[{"@type":"SearchAction","target":{"@type":"EntryPoint","urlTemplate":"https:\/\/www.onetimenexttime.sk\/arduino\/?s={search_term_string}"},"query-input":{"@type":"PropertyValueSpecification","valueRequired":true,"valueName":"search_term_string"}}],"inLanguage":"sk-SK"}]}},"_links":{"self":[{"href":"https:\/\/www.onetimenexttime.sk\/arduino\/index.php\/wp-json\/wp\/v2\/product\/918"}],"collection":[{"href":"https:\/\/www.onetimenexttime.sk\/arduino\/index.php\/wp-json\/wp\/v2\/product"}],"about":[{"href":"https:\/\/www.onetimenexttime.sk\/arduino\/index.php\/wp-json\/wp\/v2\/types\/product"}],"wp:featuredmedia":[{"embeddable":true,"href":"https:\/\/www.onetimenexttime.sk\/arduino\/index.php\/wp-json\/wp\/v2\/media\/919"}],"wp:attachment":[{"href":"https:\/\/www.onetimenexttime.sk\/arduino\/index.php\/wp-json\/wp\/v2\/media?parent=918"}],"wp:term":[{"taxonomy":"product_cat","embeddable":true,"href":"https:\/\/www.onetimenexttime.sk\/arduino\/index.php\/wp-json\/wp\/v2\/product_cat?post=918"},{"taxonomy":"product_tag","embeddable":true,"href":"https:\/\/www.onetimenexttime.sk\/arduino\/index.php\/wp-json\/wp\/v2\/product_tag?post=918"}],"curies":[{"name":"wp","href":"https:\/\/api.w.org\/{rel}","templated":true}]}}