{"id":916,"date":"2021-11-01T19:50:47","date_gmt":"2021-11-01T18:50:47","guid":{"rendered":"https:\/\/www.onetimenexttime.sk\/arduino\/?post_type=product&#038;p=916"},"modified":"2021-11-01T19:53:38","modified_gmt":"2021-11-01T18:53:38","slug":"12v-digital-with-6-led-lights-display-battery-testers-alternator-car-vehicle-diagnostic-tool-for-car-motorcycle-circuit-tester","status":"publish","type":"product","link":"https:\/\/www.onetimenexttime.sk\/arduino\/index.php\/produkt\/12v-digital-with-6-led-lights-display-battery-testers-alternator-car-vehicle-diagnostic-tool-for-car-motorcycle-circuit-tester\/","title":{"rendered":"12V Digital with 6 LED Lights Display Battery Testers Alternator Car Vehicle Diagnostic Tool For Car Motorcycle circuit tester"},"content":{"rendered":"<h2>12V digit\u00e1lny so 6 LED svetlami Displej Testery bat\u00e9ri\u00ed Altern\u00e1tor Diagnostick\u00fd n\u00e1stroj automobilov\u00fdch vozidiel Pre tester obvodov automobilov\u00fdch motocyklov<\/h2>\n<p>12V tester autobat\u00e9ri\u00ed so 6 LED testovac\u00edmi svetielkami na displeji<br \/>\nVlastnosti testera bat\u00e9ri\u00ed Tirol:<br \/>\n. Kontrola stavu altern\u00e1tora.<br \/>\n. Kontrola stavu bat\u00e9rie.<br \/>\n. Displej pre\u0165a\u017eenia bat\u00e9rie.<br \/>\n. 6-LED displej, preh\u013eadne zobrazuje stav altern\u00e1tora a bat\u00e9rie.<br \/>\n. Dve testovacie spony pre bezpe\u010dn\u00fa a jednoduch\u00fa obsluhu.<br \/>\n. Mal\u00e1 ve\u013ekos\u0165 a n\u00edzka hmotnos\u0165, pohodln\u00e9 nosenie.<br \/>\n. Vhodn\u00e9 pre auto, motocykel at\u010f.<br \/>\n. Vhodn\u00e9 pre 12V oloven\u00e9 bat\u00e9rie, bat\u00e9rie s pevnou strechou, vyb\u00edjacie bat\u00e9rie a bez\u00fadr\u017ebov\u00e9 bat\u00e9rie. odoln\u00e9 izolovan\u00e9 svorky.<br \/>\n. Jednoduch\u00e9 a bezpe\u010dn\u00e9 pou\u017eitie, \u017eiadne iskrenie.<br \/>\n. S dobr\u00fdm \u010dipom vo vn\u00fatri nie je \u013eahk\u00e9 zahria\u0165 sa na povrchu.<br \/>\nBat\u00e9ria 6 LED svetiel:<br \/>\nKontrola stavu altern\u00e1tora:<br \/>\nPrv\u00e1 kontrolka (\u010derven\u00e1): Porucha<br \/>\nDruh\u00e9 svetlo (zelen\u00e9): Dobre<br \/>\nTretie svetlo (zelen\u00e9): Plne<br \/>\nKontrola stavu bat\u00e9rie<br \/>\nPrv\u00e9 svetlo (\u017elt\u00e9): Stredn\u00e9<br \/>\nDruh\u00e9 svetlo (\u010derven\u00e9): N\u00edzke<br \/>\nTretie svetlo (zelen\u00e9): OK<br \/>\n\u0160pecifik\u00e1cia testera bat\u00e9ri\u00ed Ancel BST100:<br \/>\nPo\u010det LED: 6 (2 \u010derven\u00e9, 3 zelen\u00e9 a 1 \u017elt\u00e1)<br \/>\nMateri\u00e1l dr\u00f4tu: 0,06 milimetrov \u0161tvorcov\u00fdch medi<br \/>\nMax. nap\u00e4tie a pr\u00fad: 12V 15A<br \/>\nD\u013a\u017eka dr\u00f4tu: 25 cm \/ 9,84 palca<br \/>\nVe\u013ekos\u0165 testera bat\u00e9rie: 12 * 5,2 * 1,8 cm \/ 4,7 * 2 * 0,7 palca<br \/>\nModel: T16897<br \/>\nVlastnosti: Prenosn\u00fd<br \/>\nFunkcie: Zlep\u0161enie bezpe\u010dnosti jazdy<\/p>\n","protected":false},"excerpt":{"rendered":"<p>12V digit\u00e1lny so 6 LED svetlami Displej Testery bat\u00e9ri\u00ed Altern\u00e1tor Diagnostick\u00fd n\u00e1stroj automobilov\u00fdch vozidiel Pre tester obvodov automobilov\u00fdch motocyklov 12V&hellip;<\/p>\n","protected":false},"featured_media":917,"template":"","meta":{"_monsterinsights_skip_tracking":false,"_monsterinsights_sitenote_active":false,"_monsterinsights_sitenote_note":"","_monsterinsights_sitenote_category":0},"product_cat":[38,58],"product_tag":[],"class_list":{"0":"post-916","1":"product","2":"type-product","3":"status-publish","4":"has-post-thumbnail","6":"product_cat-auto","7":"product_cat-tester","9":"first","10":"instock","11":"shipping-taxable","12":"purchasable","13":"product-type-simple"},"yoast_head":"<!-- This site is optimized with the Yoast SEO plugin v23.6 - https:\/\/yoast.com\/wordpress\/plugins\/seo\/ -->\n<title>12V Digital with 6 LED Lights Display Battery Testers Alternator Car Vehicle Diagnostic Tool For Car Motorcycle circuit tester - Arduino e-shop<\/title>\n<meta name=\"robots\" content=\"index, follow, max-snippet:-1, max-image-preview:large, max-video-preview:-1\" \/>\n<link rel=\"canonical\" href=\"https:\/\/www.onetimenexttime.sk\/arduino\/index.php\/produkt\/12v-digital-with-6-led-lights-display-battery-testers-alternator-car-vehicle-diagnostic-tool-for-car-motorcycle-circuit-tester\/\" \/>\n<meta property=\"og:locale\" content=\"sk_SK\" \/>\n<meta property=\"og:type\" content=\"article\" \/>\n<meta property=\"og:title\" content=\"12V Digital with 6 LED Lights Display Battery Testers Alternator Car Vehicle Diagnostic Tool For Car Motorcycle circuit tester - Arduino e-shop\" \/>\n<meta property=\"og:description\" content=\"12V digit\u00e1lny so 6 LED svetlami Displej Testery bat\u00e9ri\u00ed Altern\u00e1tor Diagnostick\u00fd n\u00e1stroj automobilov\u00fdch vozidiel Pre tester obvodov automobilov\u00fdch motocyklov 12V&hellip;\" \/>\n<meta property=\"og:url\" content=\"https:\/\/www.onetimenexttime.sk\/arduino\/index.php\/produkt\/12v-digital-with-6-led-lights-display-battery-testers-alternator-car-vehicle-diagnostic-tool-for-car-motorcycle-circuit-tester\/\" \/>\n<meta property=\"og:site_name\" content=\"Arduino e-shop\" \/>\n<meta property=\"article:modified_time\" content=\"2021-11-01T18:53:38+00:00\" \/>\n<meta property=\"og:image\" content=\"https:\/\/www.onetimenexttime.sk\/arduino\/wp-content\/uploads\/2021\/11\/86.jpg\" \/>\n\t<meta property=\"og:image:width\" content=\"500\" \/>\n\t<meta property=\"og:image:height\" content=\"501\" \/>\n\t<meta property=\"og:image:type\" content=\"image\/jpeg\" \/>\n<meta name=\"twitter:card\" content=\"summary_large_image\" \/>\n<meta name=\"twitter:label1\" content=\"Predpokladan\u00fd \u010das \u010d\u00edtania\" \/>\n\t<meta name=\"twitter:data1\" content=\"1 min\u00fata\" \/>\n<script type=\"application\/ld+json\" class=\"yoast-schema-graph\">{\"@context\":\"https:\/\/schema.org\",\"@graph\":[{\"@type\":\"WebPage\",\"@id\":\"https:\/\/www.onetimenexttime.sk\/arduino\/index.php\/produkt\/12v-digital-with-6-led-lights-display-battery-testers-alternator-car-vehicle-diagnostic-tool-for-car-motorcycle-circuit-tester\/\",\"url\":\"https:\/\/www.onetimenexttime.sk\/arduino\/index.php\/produkt\/12v-digital-with-6-led-lights-display-battery-testers-alternator-car-vehicle-diagnostic-tool-for-car-motorcycle-circuit-tester\/\",\"name\":\"12V Digital with 6 LED Lights Display Battery Testers Alternator Car Vehicle Diagnostic Tool For Car Motorcycle circuit tester - Arduino e-shop\",\"isPartOf\":{\"@id\":\"https:\/\/www.onetimenexttime.sk\/arduino\/#website\"},\"primaryImageOfPage\":{\"@id\":\"https:\/\/www.onetimenexttime.sk\/arduino\/index.php\/produkt\/12v-digital-with-6-led-lights-display-battery-testers-alternator-car-vehicle-diagnostic-tool-for-car-motorcycle-circuit-tester\/#primaryimage\"},\"image\":{\"@id\":\"https:\/\/www.onetimenexttime.sk\/arduino\/index.php\/produkt\/12v-digital-with-6-led-lights-display-battery-testers-alternator-car-vehicle-diagnostic-tool-for-car-motorcycle-circuit-tester\/#primaryimage\"},\"thumbnailUrl\":\"https:\/\/www.onetimenexttime.sk\/arduino\/wp-content\/uploads\/2021\/11\/86.jpg\",\"datePublished\":\"2021-11-01T18:50:47+00:00\",\"dateModified\":\"2021-11-01T18:53:38+00:00\",\"breadcrumb\":{\"@id\":\"https:\/\/www.onetimenexttime.sk\/arduino\/index.php\/produkt\/12v-digital-with-6-led-lights-display-battery-testers-alternator-car-vehicle-diagnostic-tool-for-car-motorcycle-circuit-tester\/#breadcrumb\"},\"inLanguage\":\"sk-SK\",\"potentialAction\":[{\"@type\":\"ReadAction\",\"target\":[\"https:\/\/www.onetimenexttime.sk\/arduino\/index.php\/produkt\/12v-digital-with-6-led-lights-display-battery-testers-alternator-car-vehicle-diagnostic-tool-for-car-motorcycle-circuit-tester\/\"]}]},{\"@type\":\"ImageObject\",\"inLanguage\":\"sk-SK\",\"@id\":\"https:\/\/www.onetimenexttime.sk\/arduino\/index.php\/produkt\/12v-digital-with-6-led-lights-display-battery-testers-alternator-car-vehicle-diagnostic-tool-for-car-motorcycle-circuit-tester\/#primaryimage\",\"url\":\"https:\/\/www.onetimenexttime.sk\/arduino\/wp-content\/uploads\/2021\/11\/86.jpg\",\"contentUrl\":\"https:\/\/www.onetimenexttime.sk\/arduino\/wp-content\/uploads\/2021\/11\/86.jpg\",\"width\":500,\"height\":501},{\"@type\":\"BreadcrumbList\",\"@id\":\"https:\/\/www.onetimenexttime.sk\/arduino\/index.php\/produkt\/12v-digital-with-6-led-lights-display-battery-testers-alternator-car-vehicle-diagnostic-tool-for-car-motorcycle-circuit-tester\/#breadcrumb\",\"itemListElement\":[{\"@type\":\"ListItem\",\"position\":1,\"name\":\"Domov\",\"item\":\"https:\/\/www.onetimenexttime.sk\/arduino\/\"},{\"@type\":\"ListItem\",\"position\":2,\"name\":\"Obchod\",\"item\":\"https:\/\/www.onetimenexttime.sk\/arduino\/\"},{\"@type\":\"ListItem\",\"position\":3,\"name\":\"12V Digital with 6 LED Lights Display Battery Testers Alternator Car Vehicle Diagnostic Tool For Car Motorcycle circuit tester\"}]},{\"@type\":\"WebSite\",\"@id\":\"https:\/\/www.onetimenexttime.sk\/arduino\/#website\",\"url\":\"https:\/\/www.onetimenexttime.sk\/arduino\/\",\"name\":\"Arduino e-shop\",\"description\":\"Home Assistant\",\"potentialAction\":[{\"@type\":\"SearchAction\",\"target\":{\"@type\":\"EntryPoint\",\"urlTemplate\":\"https:\/\/www.onetimenexttime.sk\/arduino\/?s={search_term_string}\"},\"query-input\":{\"@type\":\"PropertyValueSpecification\",\"valueRequired\":true,\"valueName\":\"search_term_string\"}}],\"inLanguage\":\"sk-SK\"}]}<\/script>\n<!-- \/ Yoast SEO plugin. -->","yoast_head_json":{"title":"12V Digital with 6 LED Lights Display Battery Testers Alternator Car Vehicle Diagnostic Tool For Car Motorcycle circuit tester - Arduino e-shop","robots":{"index":"index","follow":"follow","max-snippet":"max-snippet:-1","max-image-preview":"max-image-preview:large","max-video-preview":"max-video-preview:-1"},"canonical":"https:\/\/www.onetimenexttime.sk\/arduino\/index.php\/produkt\/12v-digital-with-6-led-lights-display-battery-testers-alternator-car-vehicle-diagnostic-tool-for-car-motorcycle-circuit-tester\/","og_locale":"sk_SK","og_type":"article","og_title":"12V Digital with 6 LED Lights Display Battery Testers Alternator Car Vehicle Diagnostic Tool For Car Motorcycle circuit tester - Arduino e-shop","og_description":"12V digit\u00e1lny so 6 LED svetlami Displej Testery bat\u00e9ri\u00ed Altern\u00e1tor Diagnostick\u00fd n\u00e1stroj automobilov\u00fdch vozidiel Pre tester obvodov automobilov\u00fdch motocyklov 12V&hellip;","og_url":"https:\/\/www.onetimenexttime.sk\/arduino\/index.php\/produkt\/12v-digital-with-6-led-lights-display-battery-testers-alternator-car-vehicle-diagnostic-tool-for-car-motorcycle-circuit-tester\/","og_site_name":"Arduino e-shop","article_modified_time":"2021-11-01T18:53:38+00:00","og_image":[{"width":500,"height":501,"url":"https:\/\/www.onetimenexttime.sk\/arduino\/wp-content\/uploads\/2021\/11\/86.jpg","type":"image\/jpeg"}],"twitter_card":"summary_large_image","twitter_misc":{"Predpokladan\u00fd \u010das \u010d\u00edtania":"1 min\u00fata"},"schema":{"@context":"https:\/\/schema.org","@graph":[{"@type":"WebPage","@id":"https:\/\/www.onetimenexttime.sk\/arduino\/index.php\/produkt\/12v-digital-with-6-led-lights-display-battery-testers-alternator-car-vehicle-diagnostic-tool-for-car-motorcycle-circuit-tester\/","url":"https:\/\/www.onetimenexttime.sk\/arduino\/index.php\/produkt\/12v-digital-with-6-led-lights-display-battery-testers-alternator-car-vehicle-diagnostic-tool-for-car-motorcycle-circuit-tester\/","name":"12V Digital with 6 LED Lights Display Battery Testers Alternator Car Vehicle Diagnostic Tool For Car Motorcycle circuit tester - Arduino e-shop","isPartOf":{"@id":"https:\/\/www.onetimenexttime.sk\/arduino\/#website"},"primaryImageOfPage":{"@id":"https:\/\/www.onetimenexttime.sk\/arduino\/index.php\/produkt\/12v-digital-with-6-led-lights-display-battery-testers-alternator-car-vehicle-diagnostic-tool-for-car-motorcycle-circuit-tester\/#primaryimage"},"image":{"@id":"https:\/\/www.onetimenexttime.sk\/arduino\/index.php\/produkt\/12v-digital-with-6-led-lights-display-battery-testers-alternator-car-vehicle-diagnostic-tool-for-car-motorcycle-circuit-tester\/#primaryimage"},"thumbnailUrl":"https:\/\/www.onetimenexttime.sk\/arduino\/wp-content\/uploads\/2021\/11\/86.jpg","datePublished":"2021-11-01T18:50:47+00:00","dateModified":"2021-11-01T18:53:38+00:00","breadcrumb":{"@id":"https:\/\/www.onetimenexttime.sk\/arduino\/index.php\/produkt\/12v-digital-with-6-led-lights-display-battery-testers-alternator-car-vehicle-diagnostic-tool-for-car-motorcycle-circuit-tester\/#breadcrumb"},"inLanguage":"sk-SK","potentialAction":[{"@type":"ReadAction","target":["https:\/\/www.onetimenexttime.sk\/arduino\/index.php\/produkt\/12v-digital-with-6-led-lights-display-battery-testers-alternator-car-vehicle-diagnostic-tool-for-car-motorcycle-circuit-tester\/"]}]},{"@type":"ImageObject","inLanguage":"sk-SK","@id":"https:\/\/www.onetimenexttime.sk\/arduino\/index.php\/produkt\/12v-digital-with-6-led-lights-display-battery-testers-alternator-car-vehicle-diagnostic-tool-for-car-motorcycle-circuit-tester\/#primaryimage","url":"https:\/\/www.onetimenexttime.sk\/arduino\/wp-content\/uploads\/2021\/11\/86.jpg","contentUrl":"https:\/\/www.onetimenexttime.sk\/arduino\/wp-content\/uploads\/2021\/11\/86.jpg","width":500,"height":501},{"@type":"BreadcrumbList","@id":"https:\/\/www.onetimenexttime.sk\/arduino\/index.php\/produkt\/12v-digital-with-6-led-lights-display-battery-testers-alternator-car-vehicle-diagnostic-tool-for-car-motorcycle-circuit-tester\/#breadcrumb","itemListElement":[{"@type":"ListItem","position":1,"name":"Domov","item":"https:\/\/www.onetimenexttime.sk\/arduino\/"},{"@type":"ListItem","position":2,"name":"Obchod","item":"https:\/\/www.onetimenexttime.sk\/arduino\/"},{"@type":"ListItem","position":3,"name":"12V Digital with 6 LED Lights Display Battery Testers Alternator Car Vehicle Diagnostic Tool For Car Motorcycle circuit tester"}]},{"@type":"WebSite","@id":"https:\/\/www.onetimenexttime.sk\/arduino\/#website","url":"https:\/\/www.onetimenexttime.sk\/arduino\/","name":"Arduino e-shop","description":"Home Assistant","potentialAction":[{"@type":"SearchAction","target":{"@type":"EntryPoint","urlTemplate":"https:\/\/www.onetimenexttime.sk\/arduino\/?s={search_term_string}"},"query-input":{"@type":"PropertyValueSpecification","valueRequired":true,"valueName":"search_term_string"}}],"inLanguage":"sk-SK"}]}},"_links":{"self":[{"href":"https:\/\/www.onetimenexttime.sk\/arduino\/index.php\/wp-json\/wp\/v2\/product\/916"}],"collection":[{"href":"https:\/\/www.onetimenexttime.sk\/arduino\/index.php\/wp-json\/wp\/v2\/product"}],"about":[{"href":"https:\/\/www.onetimenexttime.sk\/arduino\/index.php\/wp-json\/wp\/v2\/types\/product"}],"wp:featuredmedia":[{"embeddable":true,"href":"https:\/\/www.onetimenexttime.sk\/arduino\/index.php\/wp-json\/wp\/v2\/media\/917"}],"wp:attachment":[{"href":"https:\/\/www.onetimenexttime.sk\/arduino\/index.php\/wp-json\/wp\/v2\/media?parent=916"}],"wp:term":[{"taxonomy":"product_cat","embeddable":true,"href":"https:\/\/www.onetimenexttime.sk\/arduino\/index.php\/wp-json\/wp\/v2\/product_cat?post=916"},{"taxonomy":"product_tag","embeddable":true,"href":"https:\/\/www.onetimenexttime.sk\/arduino\/index.php\/wp-json\/wp\/v2\/product_tag?post=916"}],"curies":[{"name":"wp","href":"https:\/\/api.w.org\/{rel}","templated":true}]}}