{"id":906,"date":"2021-11-01T10:20:43","date_gmt":"2021-11-01T09:20:43","guid":{"rendered":"https:\/\/www.onetimenexttime.sk\/arduino\/?post_type=product&#038;p=906"},"modified":"2021-11-18T07:47:02","modified_gmt":"2021-11-18T06:47:02","slug":"power-amplifier-board-tda7297-dc-12v-digital-amplifier-two-channel-electronic-diy-audio","status":"publish","type":"product","link":"https:\/\/www.onetimenexttime.sk\/arduino\/index.php\/produkt\/power-amplifier-board-tda7297-dc-12v-digital-amplifier-two-channel-electronic-diy-audio\/","title":{"rendered":"Power amplifier board TDA7297  DC 12V digital amplifier two-channel"},"content":{"rendered":"<h2>V\u00fdkonov\u00fd zosil\u0148ova\u010d doska\u00a0 TDA7297\u00a0 DC 12V digit\u00e1lny zosil\u0148ova\u010d dvojkan\u00e1lov\u00fd elektronick\u00fd audio<\/h2>\n<p>&nbsp;<\/p>\n<p>V\u00fdhody tejto dosky: \u017eiadny aktu\u00e1lny n\u00e1razov\u00fd zvuk pri \u0161tarte, vysok\u00fd odstup sign\u00e1lu od \u0161umu, takmer \u017eiadny zvuk, ke\u010f je ucho bl\u00edzko reproduktora bez vstupu; kvalita zvuku je super &#8211; v\u00fd\u0161ky s\u00fa jemn\u00e9, m\u00e4kk\u00e9, prieh\u013eadn\u00e9, bez zjavnej drsnosti, basy s\u00fa siln\u00e9 a pln\u00e9, siln\u00e9 a vo\u013en\u00e9.<\/p>\n<p>\u0160pecifik\u00e1cia hotov\u00e9ho v\u00fdrobku: 34x29x25mm (d\u013a\u017eka x \u0161\u00edrka x v\u00fd\u0161ka)<br \/>\nJadrom dosky v\u00fdkonov\u00e9ho zosil\u0148ova\u010da je p\u00f4vodn\u00fd importovan\u00fd dvojkan\u00e1lov\u00fd \u010dip v\u00fdkonov\u00e9ho zosil\u0148ova\u010da TDA7297.<\/p>\n<p>Zdroj je ur\u010den\u00fd pre jednosmern\u00e9 nap\u00e1janie.<\/p>\n<p>M\u00f4\u017ee by\u0165 nap\u00e1jan\u00fd priamo 12V bat\u00e9riou.<\/p>\n<p>Rozsah nap\u00e4tia je 9-15V, odpor\u00fa\u010dan\u00e9 nap\u00e4tie je 12V, v\u00fdstupn\u00fd v\u00fdkon je do 15W+15W a \u0161pi\u010dkov\u00fd v\u00fdkon je do 30W+. 30W, zvuk je ve\u013emi mal\u00fd, ale super \u0161okuj\u00faci, vhodn\u00fd na ka\u017ed\u00fa pr\u00edle\u017eitos\u0165.<\/p>\n<p>Ultra mal\u00fd rozmer, vhodn\u00fd do ka\u017ed\u00e9ho priestoru.<\/p>\n<p>Nap\u00e4tie: DC 9-15V, odpor\u00fa\u010dan\u00e9 nap\u00e4tie 12V, pr\u00fad 2A alebo viac<\/p>\n<p><strong>V\u00fdkon: 15W+15W<\/strong><br \/>\nV\u00fdstupn\u00e1 impedancia: <strong>4-8 ohmov<\/strong><\/p>\n","protected":false},"excerpt":{"rendered":"<p>V\u00fdkonov\u00fd zosil\u0148ova\u010d doska\u00a0 TDA7297\u00a0 DC 12V digit\u00e1lny zosil\u0148ova\u010d dvojkan\u00e1lov\u00fd elektronick\u00fd audio &nbsp; V\u00fdhody tejto dosky: \u017eiadny aktu\u00e1lny n\u00e1razov\u00fd zvuk pri&hellip;<\/p>\n","protected":false},"featured_media":907,"template":"","meta":{"_monsterinsights_skip_tracking":false,"_monsterinsights_sitenote_active":false,"_monsterinsights_sitenote_note":"","_monsterinsights_sitenote_category":0},"product_cat":[16,23,56],"product_tag":[],"class_list":{"0":"post-906","1":"product","2":"type-product","3":"status-publish","4":"has-post-thumbnail","6":"product_cat-ard","7":"product_cat-audio-modul","8":"product_cat-audio","10":"first","11":"instock","12":"shipping-taxable","13":"purchasable","14":"product-type-simple"},"yoast_head":"<!-- This site is optimized with the Yoast SEO plugin v23.6 - https:\/\/yoast.com\/wordpress\/plugins\/seo\/ -->\n<title>Power amplifier board TDA7297 DC 12V digital amplifier two-channel - Arduino e-shop<\/title>\n<meta name=\"robots\" content=\"index, follow, max-snippet:-1, max-image-preview:large, max-video-preview:-1\" \/>\n<link rel=\"canonical\" href=\"https:\/\/www.onetimenexttime.sk\/arduino\/index.php\/produkt\/power-amplifier-board-tda7297-dc-12v-digital-amplifier-two-channel-electronic-diy-audio\/\" \/>\n<meta property=\"og:locale\" content=\"sk_SK\" \/>\n<meta property=\"og:type\" content=\"article\" \/>\n<meta property=\"og:title\" content=\"Power amplifier board TDA7297 DC 12V digital amplifier two-channel - Arduino e-shop\" \/>\n<meta property=\"og:description\" content=\"V\u00fdkonov\u00fd zosil\u0148ova\u010d doska\u00a0 TDA7297\u00a0 DC 12V digit\u00e1lny zosil\u0148ova\u010d dvojkan\u00e1lov\u00fd elektronick\u00fd audio &nbsp; V\u00fdhody tejto dosky: \u017eiadny aktu\u00e1lny n\u00e1razov\u00fd zvuk pri&hellip;\" \/>\n<meta property=\"og:url\" content=\"https:\/\/www.onetimenexttime.sk\/arduino\/index.php\/produkt\/power-amplifier-board-tda7297-dc-12v-digital-amplifier-two-channel-electronic-diy-audio\/\" \/>\n<meta property=\"og:site_name\" content=\"Arduino e-shop\" \/>\n<meta property=\"article:modified_time\" content=\"2021-11-18T06:47:02+00:00\" \/>\n<meta property=\"og:image\" content=\"https:\/\/www.onetimenexttime.sk\/arduino\/wp-content\/uploads\/2021\/11\/audio1.jpg\" \/>\n\t<meta property=\"og:image:width\" content=\"444\" \/>\n\t<meta property=\"og:image:height\" content=\"442\" \/>\n\t<meta property=\"og:image:type\" content=\"image\/jpeg\" \/>\n<meta name=\"twitter:card\" content=\"summary_large_image\" \/>\n<meta name=\"twitter:label1\" content=\"Predpokladan\u00fd \u010das \u010d\u00edtania\" \/>\n\t<meta name=\"twitter:data1\" content=\"1 min\u00fata\" \/>\n<script type=\"application\/ld+json\" class=\"yoast-schema-graph\">{\"@context\":\"https:\/\/schema.org\",\"@graph\":[{\"@type\":\"WebPage\",\"@id\":\"https:\/\/www.onetimenexttime.sk\/arduino\/index.php\/produkt\/power-amplifier-board-tda7297-dc-12v-digital-amplifier-two-channel-electronic-diy-audio\/\",\"url\":\"https:\/\/www.onetimenexttime.sk\/arduino\/index.php\/produkt\/power-amplifier-board-tda7297-dc-12v-digital-amplifier-two-channel-electronic-diy-audio\/\",\"name\":\"Power amplifier board TDA7297 DC 12V digital amplifier two-channel - Arduino e-shop\",\"isPartOf\":{\"@id\":\"https:\/\/www.onetimenexttime.sk\/arduino\/#website\"},\"primaryImageOfPage\":{\"@id\":\"https:\/\/www.onetimenexttime.sk\/arduino\/index.php\/produkt\/power-amplifier-board-tda7297-dc-12v-digital-amplifier-two-channel-electronic-diy-audio\/#primaryimage\"},\"image\":{\"@id\":\"https:\/\/www.onetimenexttime.sk\/arduino\/index.php\/produkt\/power-amplifier-board-tda7297-dc-12v-digital-amplifier-two-channel-electronic-diy-audio\/#primaryimage\"},\"thumbnailUrl\":\"https:\/\/www.onetimenexttime.sk\/arduino\/wp-content\/uploads\/2021\/11\/audio1.jpg\",\"datePublished\":\"2021-11-01T09:20:43+00:00\",\"dateModified\":\"2021-11-18T06:47:02+00:00\",\"breadcrumb\":{\"@id\":\"https:\/\/www.onetimenexttime.sk\/arduino\/index.php\/produkt\/power-amplifier-board-tda7297-dc-12v-digital-amplifier-two-channel-electronic-diy-audio\/#breadcrumb\"},\"inLanguage\":\"sk-SK\",\"potentialAction\":[{\"@type\":\"ReadAction\",\"target\":[\"https:\/\/www.onetimenexttime.sk\/arduino\/index.php\/produkt\/power-amplifier-board-tda7297-dc-12v-digital-amplifier-two-channel-electronic-diy-audio\/\"]}]},{\"@type\":\"ImageObject\",\"inLanguage\":\"sk-SK\",\"@id\":\"https:\/\/www.onetimenexttime.sk\/arduino\/index.php\/produkt\/power-amplifier-board-tda7297-dc-12v-digital-amplifier-two-channel-electronic-diy-audio\/#primaryimage\",\"url\":\"https:\/\/www.onetimenexttime.sk\/arduino\/wp-content\/uploads\/2021\/11\/audio1.jpg\",\"contentUrl\":\"https:\/\/www.onetimenexttime.sk\/arduino\/wp-content\/uploads\/2021\/11\/audio1.jpg\",\"width\":444,\"height\":442},{\"@type\":\"BreadcrumbList\",\"@id\":\"https:\/\/www.onetimenexttime.sk\/arduino\/index.php\/produkt\/power-amplifier-board-tda7297-dc-12v-digital-amplifier-two-channel-electronic-diy-audio\/#breadcrumb\",\"itemListElement\":[{\"@type\":\"ListItem\",\"position\":1,\"name\":\"Domov\",\"item\":\"https:\/\/www.onetimenexttime.sk\/arduino\/\"},{\"@type\":\"ListItem\",\"position\":2,\"name\":\"Obchod\",\"item\":\"https:\/\/www.onetimenexttime.sk\/arduino\/\"},{\"@type\":\"ListItem\",\"position\":3,\"name\":\"Power amplifier board TDA7297 DC 12V digital amplifier two-channel\"}]},{\"@type\":\"WebSite\",\"@id\":\"https:\/\/www.onetimenexttime.sk\/arduino\/#website\",\"url\":\"https:\/\/www.onetimenexttime.sk\/arduino\/\",\"name\":\"Arduino e-shop\",\"description\":\"Home Assistant\",\"potentialAction\":[{\"@type\":\"SearchAction\",\"target\":{\"@type\":\"EntryPoint\",\"urlTemplate\":\"https:\/\/www.onetimenexttime.sk\/arduino\/?s={search_term_string}\"},\"query-input\":{\"@type\":\"PropertyValueSpecification\",\"valueRequired\":true,\"valueName\":\"search_term_string\"}}],\"inLanguage\":\"sk-SK\"}]}<\/script>\n<!-- \/ Yoast SEO plugin. -->","yoast_head_json":{"title":"Power amplifier board TDA7297 DC 12V digital amplifier two-channel - Arduino e-shop","robots":{"index":"index","follow":"follow","max-snippet":"max-snippet:-1","max-image-preview":"max-image-preview:large","max-video-preview":"max-video-preview:-1"},"canonical":"https:\/\/www.onetimenexttime.sk\/arduino\/index.php\/produkt\/power-amplifier-board-tda7297-dc-12v-digital-amplifier-two-channel-electronic-diy-audio\/","og_locale":"sk_SK","og_type":"article","og_title":"Power amplifier board TDA7297 DC 12V digital amplifier two-channel - Arduino e-shop","og_description":"V\u00fdkonov\u00fd zosil\u0148ova\u010d doska\u00a0 TDA7297\u00a0 DC 12V digit\u00e1lny zosil\u0148ova\u010d dvojkan\u00e1lov\u00fd elektronick\u00fd audio &nbsp; V\u00fdhody tejto dosky: \u017eiadny aktu\u00e1lny n\u00e1razov\u00fd zvuk pri&hellip;","og_url":"https:\/\/www.onetimenexttime.sk\/arduino\/index.php\/produkt\/power-amplifier-board-tda7297-dc-12v-digital-amplifier-two-channel-electronic-diy-audio\/","og_site_name":"Arduino e-shop","article_modified_time":"2021-11-18T06:47:02+00:00","og_image":[{"width":444,"height":442,"url":"https:\/\/www.onetimenexttime.sk\/arduino\/wp-content\/uploads\/2021\/11\/audio1.jpg","type":"image\/jpeg"}],"twitter_card":"summary_large_image","twitter_misc":{"Predpokladan\u00fd \u010das \u010d\u00edtania":"1 min\u00fata"},"schema":{"@context":"https:\/\/schema.org","@graph":[{"@type":"WebPage","@id":"https:\/\/www.onetimenexttime.sk\/arduino\/index.php\/produkt\/power-amplifier-board-tda7297-dc-12v-digital-amplifier-two-channel-electronic-diy-audio\/","url":"https:\/\/www.onetimenexttime.sk\/arduino\/index.php\/produkt\/power-amplifier-board-tda7297-dc-12v-digital-amplifier-two-channel-electronic-diy-audio\/","name":"Power amplifier board TDA7297 DC 12V digital amplifier two-channel - Arduino e-shop","isPartOf":{"@id":"https:\/\/www.onetimenexttime.sk\/arduino\/#website"},"primaryImageOfPage":{"@id":"https:\/\/www.onetimenexttime.sk\/arduino\/index.php\/produkt\/power-amplifier-board-tda7297-dc-12v-digital-amplifier-two-channel-electronic-diy-audio\/#primaryimage"},"image":{"@id":"https:\/\/www.onetimenexttime.sk\/arduino\/index.php\/produkt\/power-amplifier-board-tda7297-dc-12v-digital-amplifier-two-channel-electronic-diy-audio\/#primaryimage"},"thumbnailUrl":"https:\/\/www.onetimenexttime.sk\/arduino\/wp-content\/uploads\/2021\/11\/audio1.jpg","datePublished":"2021-11-01T09:20:43+00:00","dateModified":"2021-11-18T06:47:02+00:00","breadcrumb":{"@id":"https:\/\/www.onetimenexttime.sk\/arduino\/index.php\/produkt\/power-amplifier-board-tda7297-dc-12v-digital-amplifier-two-channel-electronic-diy-audio\/#breadcrumb"},"inLanguage":"sk-SK","potentialAction":[{"@type":"ReadAction","target":["https:\/\/www.onetimenexttime.sk\/arduino\/index.php\/produkt\/power-amplifier-board-tda7297-dc-12v-digital-amplifier-two-channel-electronic-diy-audio\/"]}]},{"@type":"ImageObject","inLanguage":"sk-SK","@id":"https:\/\/www.onetimenexttime.sk\/arduino\/index.php\/produkt\/power-amplifier-board-tda7297-dc-12v-digital-amplifier-two-channel-electronic-diy-audio\/#primaryimage","url":"https:\/\/www.onetimenexttime.sk\/arduino\/wp-content\/uploads\/2021\/11\/audio1.jpg","contentUrl":"https:\/\/www.onetimenexttime.sk\/arduino\/wp-content\/uploads\/2021\/11\/audio1.jpg","width":444,"height":442},{"@type":"BreadcrumbList","@id":"https:\/\/www.onetimenexttime.sk\/arduino\/index.php\/produkt\/power-amplifier-board-tda7297-dc-12v-digital-amplifier-two-channel-electronic-diy-audio\/#breadcrumb","itemListElement":[{"@type":"ListItem","position":1,"name":"Domov","item":"https:\/\/www.onetimenexttime.sk\/arduino\/"},{"@type":"ListItem","position":2,"name":"Obchod","item":"https:\/\/www.onetimenexttime.sk\/arduino\/"},{"@type":"ListItem","position":3,"name":"Power amplifier board TDA7297 DC 12V digital amplifier two-channel"}]},{"@type":"WebSite","@id":"https:\/\/www.onetimenexttime.sk\/arduino\/#website","url":"https:\/\/www.onetimenexttime.sk\/arduino\/","name":"Arduino e-shop","description":"Home Assistant","potentialAction":[{"@type":"SearchAction","target":{"@type":"EntryPoint","urlTemplate":"https:\/\/www.onetimenexttime.sk\/arduino\/?s={search_term_string}"},"query-input":{"@type":"PropertyValueSpecification","valueRequired":true,"valueName":"search_term_string"}}],"inLanguage":"sk-SK"}]}},"_links":{"self":[{"href":"https:\/\/www.onetimenexttime.sk\/arduino\/index.php\/wp-json\/wp\/v2\/product\/906"}],"collection":[{"href":"https:\/\/www.onetimenexttime.sk\/arduino\/index.php\/wp-json\/wp\/v2\/product"}],"about":[{"href":"https:\/\/www.onetimenexttime.sk\/arduino\/index.php\/wp-json\/wp\/v2\/types\/product"}],"wp:featuredmedia":[{"embeddable":true,"href":"https:\/\/www.onetimenexttime.sk\/arduino\/index.php\/wp-json\/wp\/v2\/media\/907"}],"wp:attachment":[{"href":"https:\/\/www.onetimenexttime.sk\/arduino\/index.php\/wp-json\/wp\/v2\/media?parent=906"}],"wp:term":[{"taxonomy":"product_cat","embeddable":true,"href":"https:\/\/www.onetimenexttime.sk\/arduino\/index.php\/wp-json\/wp\/v2\/product_cat?post=906"},{"taxonomy":"product_tag","embeddable":true,"href":"https:\/\/www.onetimenexttime.sk\/arduino\/index.php\/wp-json\/wp\/v2\/product_tag?post=906"}],"curies":[{"name":"wp","href":"https:\/\/api.w.org\/{rel}","templated":true}]}}