{"id":903,"date":"2021-11-01T10:14:46","date_gmt":"2021-11-01T09:14:46","guid":{"rendered":"https:\/\/www.onetimenexttime.sk\/arduino\/?post_type=product&#038;p=903"},"modified":"2021-11-01T10:19:01","modified_gmt":"2021-11-01T09:19:01","slug":"wemos-gpio-reference-card-v1-0-0-for-raspberry-pi-model-b-pi-2-pi-3","status":"publish","type":"product","link":"https:\/\/www.onetimenexttime.sk\/arduino\/index.php\/produkt\/wemos-gpio-reference-card-v1-0-0-for-raspberry-pi-model-b-pi-2-pi-3\/","title":{"rendered":"WEMOS GPIO Reference Card V1.0.0 for Raspberry Pi Model B+\/Pi 2\/Pi 3"},"content":{"rendered":"<h2>Referen\u010dn\u00e1 karta WEMOS GPIO V1.0.0 pre Raspberry Pi Model B+\/Pi 2\/Pi 3<\/h2>\n","protected":false},"excerpt":{"rendered":"<p>Referen\u010dn\u00e1 karta WEMOS GPIO V1.0.0 pre Raspberry Pi Model B+\/Pi 2\/Pi 3<\/p>\n","protected":false},"featured_media":904,"template":"","meta":{"_monsterinsights_skip_tracking":false,"_monsterinsights_sitenote_active":false,"_monsterinsights_sitenote_note":"","_monsterinsights_sitenote_category":0},"product_cat":[16,17,48],"product_tag":[],"class_list":{"0":"post-903","1":"product","2":"type-product","3":"status-publish","4":"has-post-thumbnail","6":"product_cat-ard","7":"product_cat-modul","8":"product_cat-raspberry","10":"first","11":"instock","12":"shipping-taxable","13":"purchasable","14":"product-type-simple"},"yoast_head":"<!-- This site is optimized with the Yoast SEO plugin v23.6 - https:\/\/yoast.com\/wordpress\/plugins\/seo\/ -->\n<title>WEMOS GPIO Reference Card V1.0.0 for Raspberry Pi Model B+\/Pi 2\/Pi 3 - Arduino e-shop<\/title>\n<meta name=\"robots\" content=\"index, follow, max-snippet:-1, max-image-preview:large, max-video-preview:-1\" \/>\n<link rel=\"canonical\" href=\"https:\/\/www.onetimenexttime.sk\/arduino\/index.php\/produkt\/wemos-gpio-reference-card-v1-0-0-for-raspberry-pi-model-b-pi-2-pi-3\/\" \/>\n<meta property=\"og:locale\" content=\"sk_SK\" \/>\n<meta property=\"og:type\" content=\"article\" \/>\n<meta property=\"og:title\" content=\"WEMOS GPIO Reference Card V1.0.0 for Raspberry Pi Model B+\/Pi 2\/Pi 3 - Arduino e-shop\" \/>\n<meta property=\"og:description\" content=\"Referen\u010dn\u00e1 karta WEMOS GPIO V1.0.0 pre Raspberry Pi Model B+\/Pi 2\/Pi 3\" \/>\n<meta property=\"og:url\" content=\"https:\/\/www.onetimenexttime.sk\/arduino\/index.php\/produkt\/wemos-gpio-reference-card-v1-0-0-for-raspberry-pi-model-b-pi-2-pi-3\/\" \/>\n<meta property=\"og:site_name\" content=\"Arduino e-shop\" \/>\n<meta property=\"article:modified_time\" content=\"2021-11-01T09:19:01+00:00\" \/>\n<meta property=\"og:image\" content=\"https:\/\/www.onetimenexttime.sk\/arduino\/wp-content\/uploads\/2021\/11\/TTK1.jpg\" \/>\n\t<meta property=\"og:image:width\" content=\"444\" \/>\n\t<meta property=\"og:image:height\" content=\"442\" \/>\n\t<meta property=\"og:image:type\" content=\"image\/jpeg\" \/>\n<meta name=\"twitter:card\" content=\"summary_large_image\" \/>\n<meta name=\"twitter:label1\" content=\"Predpokladan\u00fd \u010das \u010d\u00edtania\" \/>\n\t<meta name=\"twitter:data1\" content=\"1 min\u00fata\" \/>\n<script type=\"application\/ld+json\" class=\"yoast-schema-graph\">{\"@context\":\"https:\/\/schema.org\",\"@graph\":[{\"@type\":\"WebPage\",\"@id\":\"https:\/\/www.onetimenexttime.sk\/arduino\/index.php\/produkt\/wemos-gpio-reference-card-v1-0-0-for-raspberry-pi-model-b-pi-2-pi-3\/\",\"url\":\"https:\/\/www.onetimenexttime.sk\/arduino\/index.php\/produkt\/wemos-gpio-reference-card-v1-0-0-for-raspberry-pi-model-b-pi-2-pi-3\/\",\"name\":\"WEMOS GPIO Reference Card V1.0.0 for Raspberry Pi Model B+\/Pi 2\/Pi 3 - Arduino e-shop\",\"isPartOf\":{\"@id\":\"https:\/\/www.onetimenexttime.sk\/arduino\/#website\"},\"primaryImageOfPage\":{\"@id\":\"https:\/\/www.onetimenexttime.sk\/arduino\/index.php\/produkt\/wemos-gpio-reference-card-v1-0-0-for-raspberry-pi-model-b-pi-2-pi-3\/#primaryimage\"},\"image\":{\"@id\":\"https:\/\/www.onetimenexttime.sk\/arduino\/index.php\/produkt\/wemos-gpio-reference-card-v1-0-0-for-raspberry-pi-model-b-pi-2-pi-3\/#primaryimage\"},\"thumbnailUrl\":\"https:\/\/www.onetimenexttime.sk\/arduino\/wp-content\/uploads\/2021\/11\/TTK1.jpg\",\"datePublished\":\"2021-11-01T09:14:46+00:00\",\"dateModified\":\"2021-11-01T09:19:01+00:00\",\"breadcrumb\":{\"@id\":\"https:\/\/www.onetimenexttime.sk\/arduino\/index.php\/produkt\/wemos-gpio-reference-card-v1-0-0-for-raspberry-pi-model-b-pi-2-pi-3\/#breadcrumb\"},\"inLanguage\":\"sk-SK\",\"potentialAction\":[{\"@type\":\"ReadAction\",\"target\":[\"https:\/\/www.onetimenexttime.sk\/arduino\/index.php\/produkt\/wemos-gpio-reference-card-v1-0-0-for-raspberry-pi-model-b-pi-2-pi-3\/\"]}]},{\"@type\":\"ImageObject\",\"inLanguage\":\"sk-SK\",\"@id\":\"https:\/\/www.onetimenexttime.sk\/arduino\/index.php\/produkt\/wemos-gpio-reference-card-v1-0-0-for-raspberry-pi-model-b-pi-2-pi-3\/#primaryimage\",\"url\":\"https:\/\/www.onetimenexttime.sk\/arduino\/wp-content\/uploads\/2021\/11\/TTK1.jpg\",\"contentUrl\":\"https:\/\/www.onetimenexttime.sk\/arduino\/wp-content\/uploads\/2021\/11\/TTK1.jpg\",\"width\":444,\"height\":442},{\"@type\":\"BreadcrumbList\",\"@id\":\"https:\/\/www.onetimenexttime.sk\/arduino\/index.php\/produkt\/wemos-gpio-reference-card-v1-0-0-for-raspberry-pi-model-b-pi-2-pi-3\/#breadcrumb\",\"itemListElement\":[{\"@type\":\"ListItem\",\"position\":1,\"name\":\"Domov\",\"item\":\"https:\/\/www.onetimenexttime.sk\/arduino\/\"},{\"@type\":\"ListItem\",\"position\":2,\"name\":\"Obchod\",\"item\":\"https:\/\/www.onetimenexttime.sk\/arduino\/\"},{\"@type\":\"ListItem\",\"position\":3,\"name\":\"WEMOS GPIO Reference Card V1.0.0 for Raspberry Pi Model B+\/Pi 2\/Pi 3\"}]},{\"@type\":\"WebSite\",\"@id\":\"https:\/\/www.onetimenexttime.sk\/arduino\/#website\",\"url\":\"https:\/\/www.onetimenexttime.sk\/arduino\/\",\"name\":\"Arduino e-shop\",\"description\":\"Home Assistant\",\"potentialAction\":[{\"@type\":\"SearchAction\",\"target\":{\"@type\":\"EntryPoint\",\"urlTemplate\":\"https:\/\/www.onetimenexttime.sk\/arduino\/?s={search_term_string}\"},\"query-input\":{\"@type\":\"PropertyValueSpecification\",\"valueRequired\":true,\"valueName\":\"search_term_string\"}}],\"inLanguage\":\"sk-SK\"}]}<\/script>\n<!-- \/ Yoast SEO plugin. -->","yoast_head_json":{"title":"WEMOS GPIO Reference Card V1.0.0 for Raspberry Pi Model B+\/Pi 2\/Pi 3 - Arduino e-shop","robots":{"index":"index","follow":"follow","max-snippet":"max-snippet:-1","max-image-preview":"max-image-preview:large","max-video-preview":"max-video-preview:-1"},"canonical":"https:\/\/www.onetimenexttime.sk\/arduino\/index.php\/produkt\/wemos-gpio-reference-card-v1-0-0-for-raspberry-pi-model-b-pi-2-pi-3\/","og_locale":"sk_SK","og_type":"article","og_title":"WEMOS GPIO Reference Card V1.0.0 for Raspberry Pi Model B+\/Pi 2\/Pi 3 - Arduino e-shop","og_description":"Referen\u010dn\u00e1 karta WEMOS GPIO V1.0.0 pre Raspberry Pi Model B+\/Pi 2\/Pi 3","og_url":"https:\/\/www.onetimenexttime.sk\/arduino\/index.php\/produkt\/wemos-gpio-reference-card-v1-0-0-for-raspberry-pi-model-b-pi-2-pi-3\/","og_site_name":"Arduino e-shop","article_modified_time":"2021-11-01T09:19:01+00:00","og_image":[{"width":444,"height":442,"url":"https:\/\/www.onetimenexttime.sk\/arduino\/wp-content\/uploads\/2021\/11\/TTK1.jpg","type":"image\/jpeg"}],"twitter_card":"summary_large_image","twitter_misc":{"Predpokladan\u00fd \u010das \u010d\u00edtania":"1 min\u00fata"},"schema":{"@context":"https:\/\/schema.org","@graph":[{"@type":"WebPage","@id":"https:\/\/www.onetimenexttime.sk\/arduino\/index.php\/produkt\/wemos-gpio-reference-card-v1-0-0-for-raspberry-pi-model-b-pi-2-pi-3\/","url":"https:\/\/www.onetimenexttime.sk\/arduino\/index.php\/produkt\/wemos-gpio-reference-card-v1-0-0-for-raspberry-pi-model-b-pi-2-pi-3\/","name":"WEMOS GPIO Reference Card V1.0.0 for Raspberry Pi Model B+\/Pi 2\/Pi 3 - Arduino e-shop","isPartOf":{"@id":"https:\/\/www.onetimenexttime.sk\/arduino\/#website"},"primaryImageOfPage":{"@id":"https:\/\/www.onetimenexttime.sk\/arduino\/index.php\/produkt\/wemos-gpio-reference-card-v1-0-0-for-raspberry-pi-model-b-pi-2-pi-3\/#primaryimage"},"image":{"@id":"https:\/\/www.onetimenexttime.sk\/arduino\/index.php\/produkt\/wemos-gpio-reference-card-v1-0-0-for-raspberry-pi-model-b-pi-2-pi-3\/#primaryimage"},"thumbnailUrl":"https:\/\/www.onetimenexttime.sk\/arduino\/wp-content\/uploads\/2021\/11\/TTK1.jpg","datePublished":"2021-11-01T09:14:46+00:00","dateModified":"2021-11-01T09:19:01+00:00","breadcrumb":{"@id":"https:\/\/www.onetimenexttime.sk\/arduino\/index.php\/produkt\/wemos-gpio-reference-card-v1-0-0-for-raspberry-pi-model-b-pi-2-pi-3\/#breadcrumb"},"inLanguage":"sk-SK","potentialAction":[{"@type":"ReadAction","target":["https:\/\/www.onetimenexttime.sk\/arduino\/index.php\/produkt\/wemos-gpio-reference-card-v1-0-0-for-raspberry-pi-model-b-pi-2-pi-3\/"]}]},{"@type":"ImageObject","inLanguage":"sk-SK","@id":"https:\/\/www.onetimenexttime.sk\/arduino\/index.php\/produkt\/wemos-gpio-reference-card-v1-0-0-for-raspberry-pi-model-b-pi-2-pi-3\/#primaryimage","url":"https:\/\/www.onetimenexttime.sk\/arduino\/wp-content\/uploads\/2021\/11\/TTK1.jpg","contentUrl":"https:\/\/www.onetimenexttime.sk\/arduino\/wp-content\/uploads\/2021\/11\/TTK1.jpg","width":444,"height":442},{"@type":"BreadcrumbList","@id":"https:\/\/www.onetimenexttime.sk\/arduino\/index.php\/produkt\/wemos-gpio-reference-card-v1-0-0-for-raspberry-pi-model-b-pi-2-pi-3\/#breadcrumb","itemListElement":[{"@type":"ListItem","position":1,"name":"Domov","item":"https:\/\/www.onetimenexttime.sk\/arduino\/"},{"@type":"ListItem","position":2,"name":"Obchod","item":"https:\/\/www.onetimenexttime.sk\/arduino\/"},{"@type":"ListItem","position":3,"name":"WEMOS GPIO Reference Card V1.0.0 for Raspberry Pi Model B+\/Pi 2\/Pi 3"}]},{"@type":"WebSite","@id":"https:\/\/www.onetimenexttime.sk\/arduino\/#website","url":"https:\/\/www.onetimenexttime.sk\/arduino\/","name":"Arduino e-shop","description":"Home Assistant","potentialAction":[{"@type":"SearchAction","target":{"@type":"EntryPoint","urlTemplate":"https:\/\/www.onetimenexttime.sk\/arduino\/?s={search_term_string}"},"query-input":{"@type":"PropertyValueSpecification","valueRequired":true,"valueName":"search_term_string"}}],"inLanguage":"sk-SK"}]}},"_links":{"self":[{"href":"https:\/\/www.onetimenexttime.sk\/arduino\/index.php\/wp-json\/wp\/v2\/product\/903"}],"collection":[{"href":"https:\/\/www.onetimenexttime.sk\/arduino\/index.php\/wp-json\/wp\/v2\/product"}],"about":[{"href":"https:\/\/www.onetimenexttime.sk\/arduino\/index.php\/wp-json\/wp\/v2\/types\/product"}],"wp:featuredmedia":[{"embeddable":true,"href":"https:\/\/www.onetimenexttime.sk\/arduino\/index.php\/wp-json\/wp\/v2\/media\/904"}],"wp:attachment":[{"href":"https:\/\/www.onetimenexttime.sk\/arduino\/index.php\/wp-json\/wp\/v2\/media?parent=903"}],"wp:term":[{"taxonomy":"product_cat","embeddable":true,"href":"https:\/\/www.onetimenexttime.sk\/arduino\/index.php\/wp-json\/wp\/v2\/product_cat?post=903"},{"taxonomy":"product_tag","embeddable":true,"href":"https:\/\/www.onetimenexttime.sk\/arduino\/index.php\/wp-json\/wp\/v2\/product_tag?post=903"}],"curies":[{"name":"wp","href":"https:\/\/api.w.org\/{rel}","templated":true}]}}