{"id":901,"date":"2021-11-01T10:09:21","date_gmt":"2021-11-01T09:09:21","guid":{"rendered":"https:\/\/www.onetimenexttime.sk\/arduino\/?post_type=product&#038;p=901"},"modified":"2021-11-18T17:25:26","modified_gmt":"2021-11-18T16:25:26","slug":"ch340c-ch340t-micro-usb-to-ttl-serial-port-isp-download-module-for-stm32-51-5v-3-3v-500ma","status":"publish","type":"product","link":"https:\/\/www.onetimenexttime.sk\/arduino\/index.php\/produkt\/ch340c-ch340t-micro-usb-to-ttl-serial-port-isp-download-module-for-stm32-51-5v-3-3v-500ma\/","title":{"rendered":"CH340C\/CH340T Micro USB to TTL Serial Port ISP Download Module For STM32 51 5V 3.3V 500mA"},"content":{"rendered":"<h2>CH340C\/CH340T Micro USB na TTL s\u00e9riov\u00fd port ISP modul na stiahnutie pre STM32 51 5 V 3,3 V 500 mA<\/h2>\n<p>&nbsp;<\/p>\n<p><strong>\u00davod:<\/strong><\/p>\n<p>Ve\u013emi mal\u00fd s\u00e9riov\u00fd modul USB na TTL, modul pou\u017e\u00edva rozhranie Micro USB, kompatibiln\u00e9 s d\u00e1tov\u00fdm k\u00e1blom pre Android, \u0161\u00edrkou modulu a \u0161\u00edrkou z\u00e1str\u010dky d\u00e1tov\u00e9ho k\u00e1bla pre Android, priamo vlo\u017een\u00fd do d\u00e1tovej linky Micro USB konektor na pou\u017eitie, ve\u013emi mal\u00fd a pohodln\u00e9. V porovnan\u00ed s pou\u017eit\u00edm sam\u010dieho konektora USB typu A priamo zapojen\u00e9ho do PC na module USB na TTL je tento modul na pripojenie v\u00fdvojovej dosky a in\u00fdch s\u00e9riov\u00fdch zariaden\u00ed pohodlnej\u0161\u00ed.<br \/>\nModul zalo\u017een\u00fd na \u010dipe CH340C a \u010dipe CH340G, CH340T je \u00faplne rovnak\u00fd. Modul m\u00f4\u017ee by\u0165 pou\u017eit\u00fd na podporu mikrokontrol\u00e9ra STC a inej podpory programu s\u00e9riov\u00e9ho s\u0165ahovania programu s\u0165ahovania mikrokontrol\u00e9ra alebo ako s\u00e9riov\u00e1 komunika\u010dn\u00e1 linka PC a mikrokontrol\u00e9ra, stabiln\u00e1 a spo\u013eahliv\u00e1.<\/p>\n<p><strong>Vlastnosti produktu:<\/strong><\/p>\n<p>1) \u010cip: CH340C<br \/>\n2) Prev\u00e1dzkov\u00e9 nap\u00e4tie: 5V alebo 3,3V<br \/>\n3) D\u00e1tov\u00e9 bity: 5 bitov, 6 bitov, 7 bitov, 8 bitov<br \/>\n4) stop bity: 1,2<br \/>\n5) Overenie: nep\u00e1rne, p\u00e1rne, nie, zna\u010dka, medzera<br \/>\n6) Prenosov\u00e1 r\u00fdchlos\u0165: 50 ~ 2 MHz<br \/>\n7) Poistka obmedzuj\u00faca pr\u00fad: 500 ma<br \/>\n8) Opera\u010dn\u00fd syst\u00e9m: Windows xp, win7,8,10<br \/>\n9) Prev\u00e1dzkov\u00e1 teplota: -40 \u00b0 ~ 85 \u00b0<br \/>\n10) Ve\u013ekos\u0165: 10,4 mm x 28,5 mm<\/p>\n<p><strong>1) IC vodi\u010da<\/strong><\/p>\n<p>CH340 je \u010dip adapt\u00e9ra USB zbernice na dosiahnutie portu USB na s\u00e9riov\u00fd alebo USB na tla\u010dov\u00fd port.<br \/>\nCH340 vstavan\u00fd nez\u00e1visl\u00fd transceiver buffer, podpora simplexnej, poloduplexnej alebo plne duplexnej asynchr\u00f3nnej s\u00e9riovej komunik\u00e1cie. S\u00e9riov\u00e9 d\u00e1ta zah\u0155\u0148aj\u00fa jeden \u0161tartovac\u00ed bit n\u00edzkej \u00farovne, 5, 6, 7 alebo 8 d\u00e1tov\u00fdch bitov, jeden alebo dva vysoko\u00farov\u0148ov\u00e9 stop bity a podporuj\u00fa nep\u00e1rnu paritu \/ p\u00e1rnu paritu \/ kontrolu pr\u00edznaku \/ pr\u00e1zdny test.<br \/>\nCH340 podporuje be\u017en\u00fa komunika\u010dn\u00fa prenosov\u00fa r\u00fdchlos\u0165: 50,75,100,110,134,5,150,300,600,900,1200,1800,2400,3600,4800,9600,14400,19200,360800,38t \/ RTI &amp; gt; a &amp; lt; RTI = 0,0 &gt; gt;<\/p>\n<p><strong>2) Nap\u00e1janie v\u00fdvojovej dosky<\/strong><\/p>\n<p>Nasleduj\u00face s\u00fa rovnak\u00e9 ako &#8221;<br \/>\n\u010cip CH340 podporuje nap\u00e1jacie nap\u00e4tie 5V alebo nap\u00e1jacie nap\u00e4tie 3,3V. Pri pou\u017eit\u00ed 5V prev\u00e1dzkov\u00e9ho nap\u00e4tia by mal ma\u0165 CH340 \u010dip VCC vstupn\u00fd zdroj nap\u00e1jania 5V a pin V3 by mal ma\u0165 extern\u00fa kapacitu 0,1uF v\u00fdkonov\u00e9ho odde\u013eovacieho kondenz\u00e1tora. Pri pou\u017eit\u00ed 3,3V prev\u00e1dzkov\u00e9ho nap\u00e4tia by mal by\u0165 V3 pin CH340 \u010dipu prepojen\u00fd s VCC kol\u00edkom, zatia\u013e \u010do extern\u00e9 nap\u00e1janie 3,3V vstupu a s CH340 \u010dipom pripojen\u00fdm k in\u00fdm obvodom nesmie prekro\u010di\u0165 prev\u00e1dzkov\u00e9 nap\u00e4tie 3,3V.<br \/>\nModul je \u0161tandardne nastaven\u00fd na 5V prev\u00e1dzkov\u00e9 nap\u00e4tie, nap\u00e4tie \u010dipu z USB rozhrania, ak chcete zmeni\u0165 na 3,3V prev\u00e1dzkov\u00e9 nap\u00e4tie, mus\u00edte modul z\u00e1lohova\u0165 5V, 3,3V bod v\u00fdberu pracovn\u00e9ho nap\u00e4tia pre prepnutie na stredn\u00fd bod a \u010fal\u0161\u00ed bod skratovan\u00fd . V tomto bode je potrebn\u00e9 VCC nohy na vstup modulu 3,3V nap\u00e1janie, modul m\u00f4\u017ee fungova\u0165.<\/p>\n","protected":false},"excerpt":{"rendered":"<p>CH340C\/CH340T Micro USB na TTL s\u00e9riov\u00fd port ISP modul na stiahnutie pre STM32 51 5 V 3,3 V 500 mA&hellip;<\/p>\n","protected":false},"featured_media":902,"template":"","meta":{"_monsterinsights_skip_tracking":false,"_monsterinsights_sitenote_active":false,"_monsterinsights_sitenote_note":"","_monsterinsights_sitenote_category":0},"product_cat":[16,80,17,30],"product_tag":[],"class_list":{"0":"post-901","1":"product","2":"type-product","3":"status-publish","4":"has-post-thumbnail","6":"product_cat-ard","7":"product_cat-i2c","8":"product_cat-modul","9":"product_cat-programovanie","11":"first","12":"instock","13":"shipping-taxable","14":"purchasable","15":"product-type-simple"},"yoast_head":"<!-- This site is optimized with the Yoast SEO plugin v23.6 - https:\/\/yoast.com\/wordpress\/plugins\/seo\/ -->\n<title>CH340C\/CH340T Micro USB to TTL Serial Port ISP Download Module For STM32 51 5V 3.3V 500mA - Arduino e-shop<\/title>\n<meta name=\"robots\" content=\"index, follow, max-snippet:-1, max-image-preview:large, max-video-preview:-1\" \/>\n<link rel=\"canonical\" href=\"https:\/\/www.onetimenexttime.sk\/arduino\/index.php\/produkt\/ch340c-ch340t-micro-usb-to-ttl-serial-port-isp-download-module-for-stm32-51-5v-3-3v-500ma\/\" \/>\n<meta property=\"og:locale\" content=\"sk_SK\" \/>\n<meta property=\"og:type\" content=\"article\" \/>\n<meta property=\"og:title\" content=\"CH340C\/CH340T Micro USB to TTL Serial Port ISP Download Module For STM32 51 5V 3.3V 500mA - Arduino e-shop\" \/>\n<meta property=\"og:description\" content=\"CH340C\/CH340T Micro USB na TTL s\u00e9riov\u00fd port ISP modul na stiahnutie pre STM32 51 5 V 3,3 V 500 mA&hellip;\" \/>\n<meta property=\"og:url\" content=\"https:\/\/www.onetimenexttime.sk\/arduino\/index.php\/produkt\/ch340c-ch340t-micro-usb-to-ttl-serial-port-isp-download-module-for-stm32-51-5v-3-3v-500ma\/\" \/>\n<meta property=\"og:site_name\" content=\"Arduino e-shop\" \/>\n<meta property=\"article:modified_time\" content=\"2021-11-18T16:25:26+00:00\" \/>\n<meta property=\"og:image\" content=\"https:\/\/www.onetimenexttime.sk\/arduino\/wp-content\/uploads\/2021\/11\/89.jpg\" \/>\n\t<meta property=\"og:image:width\" content=\"444\" \/>\n\t<meta property=\"og:image:height\" content=\"442\" \/>\n\t<meta property=\"og:image:type\" content=\"image\/jpeg\" \/>\n<meta name=\"twitter:card\" content=\"summary_large_image\" \/>\n<meta name=\"twitter:label1\" content=\"Predpokladan\u00fd \u010das \u010d\u00edtania\" \/>\n\t<meta name=\"twitter:data1\" content=\"2 min\u00faty\" \/>\n<script type=\"application\/ld+json\" class=\"yoast-schema-graph\">{\"@context\":\"https:\/\/schema.org\",\"@graph\":[{\"@type\":\"WebPage\",\"@id\":\"https:\/\/www.onetimenexttime.sk\/arduino\/index.php\/produkt\/ch340c-ch340t-micro-usb-to-ttl-serial-port-isp-download-module-for-stm32-51-5v-3-3v-500ma\/\",\"url\":\"https:\/\/www.onetimenexttime.sk\/arduino\/index.php\/produkt\/ch340c-ch340t-micro-usb-to-ttl-serial-port-isp-download-module-for-stm32-51-5v-3-3v-500ma\/\",\"name\":\"CH340C\/CH340T Micro USB to TTL Serial Port ISP Download Module For STM32 51 5V 3.3V 500mA - Arduino e-shop\",\"isPartOf\":{\"@id\":\"https:\/\/www.onetimenexttime.sk\/arduino\/#website\"},\"primaryImageOfPage\":{\"@id\":\"https:\/\/www.onetimenexttime.sk\/arduino\/index.php\/produkt\/ch340c-ch340t-micro-usb-to-ttl-serial-port-isp-download-module-for-stm32-51-5v-3-3v-500ma\/#primaryimage\"},\"image\":{\"@id\":\"https:\/\/www.onetimenexttime.sk\/arduino\/index.php\/produkt\/ch340c-ch340t-micro-usb-to-ttl-serial-port-isp-download-module-for-stm32-51-5v-3-3v-500ma\/#primaryimage\"},\"thumbnailUrl\":\"https:\/\/www.onetimenexttime.sk\/arduino\/wp-content\/uploads\/2021\/11\/89.jpg\",\"datePublished\":\"2021-11-01T09:09:21+00:00\",\"dateModified\":\"2021-11-18T16:25:26+00:00\",\"breadcrumb\":{\"@id\":\"https:\/\/www.onetimenexttime.sk\/arduino\/index.php\/produkt\/ch340c-ch340t-micro-usb-to-ttl-serial-port-isp-download-module-for-stm32-51-5v-3-3v-500ma\/#breadcrumb\"},\"inLanguage\":\"sk-SK\",\"potentialAction\":[{\"@type\":\"ReadAction\",\"target\":[\"https:\/\/www.onetimenexttime.sk\/arduino\/index.php\/produkt\/ch340c-ch340t-micro-usb-to-ttl-serial-port-isp-download-module-for-stm32-51-5v-3-3v-500ma\/\"]}]},{\"@type\":\"ImageObject\",\"inLanguage\":\"sk-SK\",\"@id\":\"https:\/\/www.onetimenexttime.sk\/arduino\/index.php\/produkt\/ch340c-ch340t-micro-usb-to-ttl-serial-port-isp-download-module-for-stm32-51-5v-3-3v-500ma\/#primaryimage\",\"url\":\"https:\/\/www.onetimenexttime.sk\/arduino\/wp-content\/uploads\/2021\/11\/89.jpg\",\"contentUrl\":\"https:\/\/www.onetimenexttime.sk\/arduino\/wp-content\/uploads\/2021\/11\/89.jpg\",\"width\":444,\"height\":442},{\"@type\":\"BreadcrumbList\",\"@id\":\"https:\/\/www.onetimenexttime.sk\/arduino\/index.php\/produkt\/ch340c-ch340t-micro-usb-to-ttl-serial-port-isp-download-module-for-stm32-51-5v-3-3v-500ma\/#breadcrumb\",\"itemListElement\":[{\"@type\":\"ListItem\",\"position\":1,\"name\":\"Domov\",\"item\":\"https:\/\/www.onetimenexttime.sk\/arduino\/\"},{\"@type\":\"ListItem\",\"position\":2,\"name\":\"Obchod\",\"item\":\"https:\/\/www.onetimenexttime.sk\/arduino\/\"},{\"@type\":\"ListItem\",\"position\":3,\"name\":\"CH340C\/CH340T Micro USB to TTL Serial Port ISP Download Module For STM32 51 5V 3.3V 500mA\"}]},{\"@type\":\"WebSite\",\"@id\":\"https:\/\/www.onetimenexttime.sk\/arduino\/#website\",\"url\":\"https:\/\/www.onetimenexttime.sk\/arduino\/\",\"name\":\"Arduino e-shop\",\"description\":\"Home Assistant\",\"potentialAction\":[{\"@type\":\"SearchAction\",\"target\":{\"@type\":\"EntryPoint\",\"urlTemplate\":\"https:\/\/www.onetimenexttime.sk\/arduino\/?s={search_term_string}\"},\"query-input\":{\"@type\":\"PropertyValueSpecification\",\"valueRequired\":true,\"valueName\":\"search_term_string\"}}],\"inLanguage\":\"sk-SK\"}]}<\/script>\n<!-- \/ Yoast SEO plugin. -->","yoast_head_json":{"title":"CH340C\/CH340T Micro USB to TTL Serial Port ISP Download Module For STM32 51 5V 3.3V 500mA - Arduino e-shop","robots":{"index":"index","follow":"follow","max-snippet":"max-snippet:-1","max-image-preview":"max-image-preview:large","max-video-preview":"max-video-preview:-1"},"canonical":"https:\/\/www.onetimenexttime.sk\/arduino\/index.php\/produkt\/ch340c-ch340t-micro-usb-to-ttl-serial-port-isp-download-module-for-stm32-51-5v-3-3v-500ma\/","og_locale":"sk_SK","og_type":"article","og_title":"CH340C\/CH340T Micro USB to TTL Serial Port ISP Download Module For STM32 51 5V 3.3V 500mA - Arduino e-shop","og_description":"CH340C\/CH340T Micro USB na TTL s\u00e9riov\u00fd port ISP modul na stiahnutie pre STM32 51 5 V 3,3 V 500 mA&hellip;","og_url":"https:\/\/www.onetimenexttime.sk\/arduino\/index.php\/produkt\/ch340c-ch340t-micro-usb-to-ttl-serial-port-isp-download-module-for-stm32-51-5v-3-3v-500ma\/","og_site_name":"Arduino e-shop","article_modified_time":"2021-11-18T16:25:26+00:00","og_image":[{"width":444,"height":442,"url":"https:\/\/www.onetimenexttime.sk\/arduino\/wp-content\/uploads\/2021\/11\/89.jpg","type":"image\/jpeg"}],"twitter_card":"summary_large_image","twitter_misc":{"Predpokladan\u00fd \u010das \u010d\u00edtania":"2 min\u00faty"},"schema":{"@context":"https:\/\/schema.org","@graph":[{"@type":"WebPage","@id":"https:\/\/www.onetimenexttime.sk\/arduino\/index.php\/produkt\/ch340c-ch340t-micro-usb-to-ttl-serial-port-isp-download-module-for-stm32-51-5v-3-3v-500ma\/","url":"https:\/\/www.onetimenexttime.sk\/arduino\/index.php\/produkt\/ch340c-ch340t-micro-usb-to-ttl-serial-port-isp-download-module-for-stm32-51-5v-3-3v-500ma\/","name":"CH340C\/CH340T Micro USB to TTL Serial Port ISP Download Module For STM32 51 5V 3.3V 500mA - Arduino e-shop","isPartOf":{"@id":"https:\/\/www.onetimenexttime.sk\/arduino\/#website"},"primaryImageOfPage":{"@id":"https:\/\/www.onetimenexttime.sk\/arduino\/index.php\/produkt\/ch340c-ch340t-micro-usb-to-ttl-serial-port-isp-download-module-for-stm32-51-5v-3-3v-500ma\/#primaryimage"},"image":{"@id":"https:\/\/www.onetimenexttime.sk\/arduino\/index.php\/produkt\/ch340c-ch340t-micro-usb-to-ttl-serial-port-isp-download-module-for-stm32-51-5v-3-3v-500ma\/#primaryimage"},"thumbnailUrl":"https:\/\/www.onetimenexttime.sk\/arduino\/wp-content\/uploads\/2021\/11\/89.jpg","datePublished":"2021-11-01T09:09:21+00:00","dateModified":"2021-11-18T16:25:26+00:00","breadcrumb":{"@id":"https:\/\/www.onetimenexttime.sk\/arduino\/index.php\/produkt\/ch340c-ch340t-micro-usb-to-ttl-serial-port-isp-download-module-for-stm32-51-5v-3-3v-500ma\/#breadcrumb"},"inLanguage":"sk-SK","potentialAction":[{"@type":"ReadAction","target":["https:\/\/www.onetimenexttime.sk\/arduino\/index.php\/produkt\/ch340c-ch340t-micro-usb-to-ttl-serial-port-isp-download-module-for-stm32-51-5v-3-3v-500ma\/"]}]},{"@type":"ImageObject","inLanguage":"sk-SK","@id":"https:\/\/www.onetimenexttime.sk\/arduino\/index.php\/produkt\/ch340c-ch340t-micro-usb-to-ttl-serial-port-isp-download-module-for-stm32-51-5v-3-3v-500ma\/#primaryimage","url":"https:\/\/www.onetimenexttime.sk\/arduino\/wp-content\/uploads\/2021\/11\/89.jpg","contentUrl":"https:\/\/www.onetimenexttime.sk\/arduino\/wp-content\/uploads\/2021\/11\/89.jpg","width":444,"height":442},{"@type":"BreadcrumbList","@id":"https:\/\/www.onetimenexttime.sk\/arduino\/index.php\/produkt\/ch340c-ch340t-micro-usb-to-ttl-serial-port-isp-download-module-for-stm32-51-5v-3-3v-500ma\/#breadcrumb","itemListElement":[{"@type":"ListItem","position":1,"name":"Domov","item":"https:\/\/www.onetimenexttime.sk\/arduino\/"},{"@type":"ListItem","position":2,"name":"Obchod","item":"https:\/\/www.onetimenexttime.sk\/arduino\/"},{"@type":"ListItem","position":3,"name":"CH340C\/CH340T Micro USB to TTL Serial Port ISP Download Module For STM32 51 5V 3.3V 500mA"}]},{"@type":"WebSite","@id":"https:\/\/www.onetimenexttime.sk\/arduino\/#website","url":"https:\/\/www.onetimenexttime.sk\/arduino\/","name":"Arduino e-shop","description":"Home Assistant","potentialAction":[{"@type":"SearchAction","target":{"@type":"EntryPoint","urlTemplate":"https:\/\/www.onetimenexttime.sk\/arduino\/?s={search_term_string}"},"query-input":{"@type":"PropertyValueSpecification","valueRequired":true,"valueName":"search_term_string"}}],"inLanguage":"sk-SK"}]}},"_links":{"self":[{"href":"https:\/\/www.onetimenexttime.sk\/arduino\/index.php\/wp-json\/wp\/v2\/product\/901"}],"collection":[{"href":"https:\/\/www.onetimenexttime.sk\/arduino\/index.php\/wp-json\/wp\/v2\/product"}],"about":[{"href":"https:\/\/www.onetimenexttime.sk\/arduino\/index.php\/wp-json\/wp\/v2\/types\/product"}],"wp:featuredmedia":[{"embeddable":true,"href":"https:\/\/www.onetimenexttime.sk\/arduino\/index.php\/wp-json\/wp\/v2\/media\/902"}],"wp:attachment":[{"href":"https:\/\/www.onetimenexttime.sk\/arduino\/index.php\/wp-json\/wp\/v2\/media?parent=901"}],"wp:term":[{"taxonomy":"product_cat","embeddable":true,"href":"https:\/\/www.onetimenexttime.sk\/arduino\/index.php\/wp-json\/wp\/v2\/product_cat?post=901"},{"taxonomy":"product_tag","embeddable":true,"href":"https:\/\/www.onetimenexttime.sk\/arduino\/index.php\/wp-json\/wp\/v2\/product_tag?post=901"}],"curies":[{"name":"wp","href":"https:\/\/api.w.org\/{rel}","templated":true}]}}