{"id":90,"date":"2021-10-17T21:04:25","date_gmt":"2021-10-17T19:04:25","guid":{"rendered":"https:\/\/www.onetimenexttime.sk\/arduino\/?post_type=product&#038;p=90"},"modified":"2021-10-17T21:07:23","modified_gmt":"2021-10-17T19:07:23","slug":"ne555flowing-light-led-module-cd4017-light-water","status":"publish","type":"product","link":"https:\/\/www.onetimenexttime.sk\/arduino\/index.php\/produkt\/ne555flowing-light-led-module-cd4017-light-water\/","title":{"rendered":"NE555+Flowing Light LED Module  CD4017 Light Water"},"content":{"rendered":"<p>Nap\u00e1jacie nap\u00e4tie: 2,5 &#8211; 14,5 V<\/p>\n<p>Tento bal\u00edk je hlavne desatinn\u00fdm obvodom a obvodom generovan\u00fdm hodinami, z jadra samobuden\u00e9ho v\u00fdkonu multivibr\u00e1tora NE555 cez R2, R3, R4 nab\u00edjanie kondenz\u00e1tora C1, C1 spusten\u00e9ho pri nab\u00edjan\u00ed, NE555 2 stopy st\u00e1le na n\u00edzkej \u00farovni, tak\u017ee v\u00fdstupn\u00fd kol\u00edk 3 sa zv\u00fd\u0161i pri nap\u00e1jan\u00ed cez R2, R3, R4 na nabitie C1 na 2\/3 nap\u00e1jacieho nap\u00e4tia, v\u00fdstupn\u00fd kol\u00edk 3 na \u00farovni od najvy\u0161\u0161ieho k najni\u017e\u0161iemu, NE555 vodiv\u00fd vn\u00fatorn\u00fd v\u00fdboj, kondenz\u00e1tor C1 a\u017e R4, R3, NE555 7 st\u00f4p vyb\u00edjajte, k\u00fdm nap\u00e4tie na C1 nie je men\u0161ie ako 1\/3 nap\u00e1jacieho nap\u00e4tia, NE555 a 3 st\u00f4p od najni\u017e\u0161ej po najvy\u0161\u0161iu. C1 a znova nabite tento cyklus oscil\u00e1ci\u00ed. \u010cas nab\u00edjania: 0,695 (R2 + R3 + R4) C1, \u010das vybitia: 0,695 (R4 + R3) C1, R4 je mo\u017en\u00e9 nastavi\u0165 tak, aby riadil v\u00fdstupn\u00fa frekvenciu oscil\u00e1tora, sign\u00e1l hodinov\u00e9ho kmitania sa aplikuje nepretr\u017eite NE555 CD4017 14 st\u00f4p, v\u00fdstupn\u00fd termin\u00e1l 10 je spojen\u00fd s LED di\u00f3dou CD4017 10, ke\u010f v\u00fdstupn\u00fd termin\u00e1l 10 oto\u010d\u00ed hodinov\u00fd sign\u00e1l generovan\u00fd CD4017, je aplikovan\u00fd na vysokej \u00farovni, D1 &#8211; D10 sa postupne rozsvietia, aby vytvorili efekt vodn\u00e9ho svetla.<\/p>\n<p>M\u00f4\u017eete nastavi\u0165 \u00fapravu prietoku LED di\u00f3dami R4<\/p>\n","protected":false},"excerpt":{"rendered":"<p>Nap\u00e1jacie nap\u00e4tie: 2,5 &#8211; 14,5 V Tento bal\u00edk je hlavne desatinn\u00fdm obvodom a obvodom generovan\u00fdm hodinami, z jadra samobuden\u00e9ho v\u00fdkonu&hellip;<\/p>\n","protected":false},"featured_media":91,"template":"","meta":{"_monsterinsights_skip_tracking":false,"_monsterinsights_sitenote_active":false,"_monsterinsights_sitenote_note":"","_monsterinsights_sitenote_category":0},"product_cat":[16,17],"product_tag":[],"class_list":{"0":"post-90","1":"product","2":"type-product","3":"status-publish","4":"has-post-thumbnail","6":"product_cat-ard","7":"product_cat-modul","9":"first","10":"instock","11":"sale","12":"shipping-taxable","13":"purchasable","14":"product-type-simple"},"yoast_head":"<!-- This site is optimized with the Yoast SEO plugin v23.6 - https:\/\/yoast.com\/wordpress\/plugins\/seo\/ -->\n<title>NE555+Flowing Light LED Module CD4017 Light Water - Arduino e-shop<\/title>\n<meta name=\"robots\" content=\"index, follow, max-snippet:-1, max-image-preview:large, max-video-preview:-1\" \/>\n<link rel=\"canonical\" href=\"https:\/\/www.onetimenexttime.sk\/arduino\/index.php\/produkt\/ne555flowing-light-led-module-cd4017-light-water\/\" \/>\n<meta property=\"og:locale\" content=\"sk_SK\" \/>\n<meta property=\"og:type\" content=\"article\" \/>\n<meta property=\"og:title\" content=\"NE555+Flowing Light LED Module CD4017 Light Water - Arduino e-shop\" \/>\n<meta property=\"og:description\" content=\"Nap\u00e1jacie nap\u00e4tie: 2,5 &#8211; 14,5 V Tento bal\u00edk je hlavne desatinn\u00fdm obvodom a obvodom generovan\u00fdm hodinami, z jadra samobuden\u00e9ho v\u00fdkonu&hellip;\" \/>\n<meta property=\"og:url\" content=\"https:\/\/www.onetimenexttime.sk\/arduino\/index.php\/produkt\/ne555flowing-light-led-module-cd4017-light-water\/\" \/>\n<meta property=\"og:site_name\" content=\"Arduino e-shop\" \/>\n<meta property=\"article:modified_time\" content=\"2021-10-17T19:07:23+00:00\" \/>\n<meta property=\"og:image\" content=\"https:\/\/www.onetimenexttime.sk\/arduino\/wp-content\/uploads\/2021\/10\/218.jpg\" \/>\n\t<meta property=\"og:image:width\" content=\"596\" \/>\n\t<meta property=\"og:image:height\" content=\"595\" \/>\n\t<meta property=\"og:image:type\" content=\"image\/jpeg\" \/>\n<meta name=\"twitter:card\" content=\"summary_large_image\" \/>\n<meta name=\"twitter:label1\" content=\"Predpokladan\u00fd \u010das \u010d\u00edtania\" \/>\n\t<meta name=\"twitter:data1\" content=\"1 min\u00fata\" \/>\n<script type=\"application\/ld+json\" class=\"yoast-schema-graph\">{\"@context\":\"https:\/\/schema.org\",\"@graph\":[{\"@type\":\"WebPage\",\"@id\":\"https:\/\/www.onetimenexttime.sk\/arduino\/index.php\/produkt\/ne555flowing-light-led-module-cd4017-light-water\/\",\"url\":\"https:\/\/www.onetimenexttime.sk\/arduino\/index.php\/produkt\/ne555flowing-light-led-module-cd4017-light-water\/\",\"name\":\"NE555+Flowing Light LED Module CD4017 Light Water - Arduino e-shop\",\"isPartOf\":{\"@id\":\"https:\/\/www.onetimenexttime.sk\/arduino\/#website\"},\"primaryImageOfPage\":{\"@id\":\"https:\/\/www.onetimenexttime.sk\/arduino\/index.php\/produkt\/ne555flowing-light-led-module-cd4017-light-water\/#primaryimage\"},\"image\":{\"@id\":\"https:\/\/www.onetimenexttime.sk\/arduino\/index.php\/produkt\/ne555flowing-light-led-module-cd4017-light-water\/#primaryimage\"},\"thumbnailUrl\":\"https:\/\/www.onetimenexttime.sk\/arduino\/wp-content\/uploads\/2021\/10\/218.jpg\",\"datePublished\":\"2021-10-17T19:04:25+00:00\",\"dateModified\":\"2021-10-17T19:07:23+00:00\",\"breadcrumb\":{\"@id\":\"https:\/\/www.onetimenexttime.sk\/arduino\/index.php\/produkt\/ne555flowing-light-led-module-cd4017-light-water\/#breadcrumb\"},\"inLanguage\":\"sk-SK\",\"potentialAction\":[{\"@type\":\"ReadAction\",\"target\":[\"https:\/\/www.onetimenexttime.sk\/arduino\/index.php\/produkt\/ne555flowing-light-led-module-cd4017-light-water\/\"]}]},{\"@type\":\"ImageObject\",\"inLanguage\":\"sk-SK\",\"@id\":\"https:\/\/www.onetimenexttime.sk\/arduino\/index.php\/produkt\/ne555flowing-light-led-module-cd4017-light-water\/#primaryimage\",\"url\":\"https:\/\/www.onetimenexttime.sk\/arduino\/wp-content\/uploads\/2021\/10\/218.jpg\",\"contentUrl\":\"https:\/\/www.onetimenexttime.sk\/arduino\/wp-content\/uploads\/2021\/10\/218.jpg\",\"width\":596,\"height\":595},{\"@type\":\"BreadcrumbList\",\"@id\":\"https:\/\/www.onetimenexttime.sk\/arduino\/index.php\/produkt\/ne555flowing-light-led-module-cd4017-light-water\/#breadcrumb\",\"itemListElement\":[{\"@type\":\"ListItem\",\"position\":1,\"name\":\"Domov\",\"item\":\"https:\/\/www.onetimenexttime.sk\/arduino\/\"},{\"@type\":\"ListItem\",\"position\":2,\"name\":\"Obchod\",\"item\":\"https:\/\/www.onetimenexttime.sk\/arduino\/\"},{\"@type\":\"ListItem\",\"position\":3,\"name\":\"NE555+Flowing Light LED Module CD4017 Light Water\"}]},{\"@type\":\"WebSite\",\"@id\":\"https:\/\/www.onetimenexttime.sk\/arduino\/#website\",\"url\":\"https:\/\/www.onetimenexttime.sk\/arduino\/\",\"name\":\"Arduino e-shop\",\"description\":\"Home Assistant\",\"potentialAction\":[{\"@type\":\"SearchAction\",\"target\":{\"@type\":\"EntryPoint\",\"urlTemplate\":\"https:\/\/www.onetimenexttime.sk\/arduino\/?s={search_term_string}\"},\"query-input\":{\"@type\":\"PropertyValueSpecification\",\"valueRequired\":true,\"valueName\":\"search_term_string\"}}],\"inLanguage\":\"sk-SK\"}]}<\/script>\n<!-- \/ Yoast SEO plugin. -->","yoast_head_json":{"title":"NE555+Flowing Light LED Module CD4017 Light Water - Arduino e-shop","robots":{"index":"index","follow":"follow","max-snippet":"max-snippet:-1","max-image-preview":"max-image-preview:large","max-video-preview":"max-video-preview:-1"},"canonical":"https:\/\/www.onetimenexttime.sk\/arduino\/index.php\/produkt\/ne555flowing-light-led-module-cd4017-light-water\/","og_locale":"sk_SK","og_type":"article","og_title":"NE555+Flowing Light LED Module CD4017 Light Water - Arduino e-shop","og_description":"Nap\u00e1jacie nap\u00e4tie: 2,5 &#8211; 14,5 V Tento bal\u00edk je hlavne desatinn\u00fdm obvodom a obvodom generovan\u00fdm hodinami, z jadra samobuden\u00e9ho v\u00fdkonu&hellip;","og_url":"https:\/\/www.onetimenexttime.sk\/arduino\/index.php\/produkt\/ne555flowing-light-led-module-cd4017-light-water\/","og_site_name":"Arduino e-shop","article_modified_time":"2021-10-17T19:07:23+00:00","og_image":[{"width":596,"height":595,"url":"https:\/\/www.onetimenexttime.sk\/arduino\/wp-content\/uploads\/2021\/10\/218.jpg","type":"image\/jpeg"}],"twitter_card":"summary_large_image","twitter_misc":{"Predpokladan\u00fd \u010das \u010d\u00edtania":"1 min\u00fata"},"schema":{"@context":"https:\/\/schema.org","@graph":[{"@type":"WebPage","@id":"https:\/\/www.onetimenexttime.sk\/arduino\/index.php\/produkt\/ne555flowing-light-led-module-cd4017-light-water\/","url":"https:\/\/www.onetimenexttime.sk\/arduino\/index.php\/produkt\/ne555flowing-light-led-module-cd4017-light-water\/","name":"NE555+Flowing Light LED Module CD4017 Light Water - Arduino e-shop","isPartOf":{"@id":"https:\/\/www.onetimenexttime.sk\/arduino\/#website"},"primaryImageOfPage":{"@id":"https:\/\/www.onetimenexttime.sk\/arduino\/index.php\/produkt\/ne555flowing-light-led-module-cd4017-light-water\/#primaryimage"},"image":{"@id":"https:\/\/www.onetimenexttime.sk\/arduino\/index.php\/produkt\/ne555flowing-light-led-module-cd4017-light-water\/#primaryimage"},"thumbnailUrl":"https:\/\/www.onetimenexttime.sk\/arduino\/wp-content\/uploads\/2021\/10\/218.jpg","datePublished":"2021-10-17T19:04:25+00:00","dateModified":"2021-10-17T19:07:23+00:00","breadcrumb":{"@id":"https:\/\/www.onetimenexttime.sk\/arduino\/index.php\/produkt\/ne555flowing-light-led-module-cd4017-light-water\/#breadcrumb"},"inLanguage":"sk-SK","potentialAction":[{"@type":"ReadAction","target":["https:\/\/www.onetimenexttime.sk\/arduino\/index.php\/produkt\/ne555flowing-light-led-module-cd4017-light-water\/"]}]},{"@type":"ImageObject","inLanguage":"sk-SK","@id":"https:\/\/www.onetimenexttime.sk\/arduino\/index.php\/produkt\/ne555flowing-light-led-module-cd4017-light-water\/#primaryimage","url":"https:\/\/www.onetimenexttime.sk\/arduino\/wp-content\/uploads\/2021\/10\/218.jpg","contentUrl":"https:\/\/www.onetimenexttime.sk\/arduino\/wp-content\/uploads\/2021\/10\/218.jpg","width":596,"height":595},{"@type":"BreadcrumbList","@id":"https:\/\/www.onetimenexttime.sk\/arduino\/index.php\/produkt\/ne555flowing-light-led-module-cd4017-light-water\/#breadcrumb","itemListElement":[{"@type":"ListItem","position":1,"name":"Domov","item":"https:\/\/www.onetimenexttime.sk\/arduino\/"},{"@type":"ListItem","position":2,"name":"Obchod","item":"https:\/\/www.onetimenexttime.sk\/arduino\/"},{"@type":"ListItem","position":3,"name":"NE555+Flowing Light LED Module CD4017 Light Water"}]},{"@type":"WebSite","@id":"https:\/\/www.onetimenexttime.sk\/arduino\/#website","url":"https:\/\/www.onetimenexttime.sk\/arduino\/","name":"Arduino e-shop","description":"Home Assistant","potentialAction":[{"@type":"SearchAction","target":{"@type":"EntryPoint","urlTemplate":"https:\/\/www.onetimenexttime.sk\/arduino\/?s={search_term_string}"},"query-input":{"@type":"PropertyValueSpecification","valueRequired":true,"valueName":"search_term_string"}}],"inLanguage":"sk-SK"}]}},"_links":{"self":[{"href":"https:\/\/www.onetimenexttime.sk\/arduino\/index.php\/wp-json\/wp\/v2\/product\/90"}],"collection":[{"href":"https:\/\/www.onetimenexttime.sk\/arduino\/index.php\/wp-json\/wp\/v2\/product"}],"about":[{"href":"https:\/\/www.onetimenexttime.sk\/arduino\/index.php\/wp-json\/wp\/v2\/types\/product"}],"wp:featuredmedia":[{"embeddable":true,"href":"https:\/\/www.onetimenexttime.sk\/arduino\/index.php\/wp-json\/wp\/v2\/media\/91"}],"wp:attachment":[{"href":"https:\/\/www.onetimenexttime.sk\/arduino\/index.php\/wp-json\/wp\/v2\/media?parent=90"}],"wp:term":[{"taxonomy":"product_cat","embeddable":true,"href":"https:\/\/www.onetimenexttime.sk\/arduino\/index.php\/wp-json\/wp\/v2\/product_cat?post=90"},{"taxonomy":"product_tag","embeddable":true,"href":"https:\/\/www.onetimenexttime.sk\/arduino\/index.php\/wp-json\/wp\/v2\/product_tag?post=90"}],"curies":[{"name":"wp","href":"https:\/\/api.w.org\/{rel}","templated":true}]}}