{"id":896,"date":"2021-11-01T09:54:54","date_gmt":"2021-11-01T08:54:54","guid":{"rendered":"https:\/\/www.onetimenexttime.sk\/arduino\/?post_type=product&#038;p=896"},"modified":"2024-02-23T08:02:02","modified_gmt":"2024-02-23T07:02:02","slug":"stm32f103c8t6-arm-mini-system-development-board-stm32-core-board-module-5v-wifi-esp8266-nrf24l01-ws1053-w5500-interface","status":"publish","type":"product","link":"https:\/\/www.onetimenexttime.sk\/arduino\/index.php\/produkt\/stm32f103c8t6-arm-mini-system-development-board-stm32-core-board-module-5v-wifi-esp8266-nrf24l01-ws1053-w5500-interface\/","title":{"rendered":"STM32F103C8T6 ARM Mini system Development Board STM32 Core Board Module 5V WIFI ESP8266 NRF24L01\/WS1053\/W5500 interface"},"content":{"rendered":"<p>&nbsp;<\/p>\n<div class=\"container\">\n<h1>STM32F103C8T6 ARM Mini Development Board<\/h1>\n<h2>Popis:<\/h2>\n<p>STM32F103C8T6 je mini v\u00fdvojov\u00e1 doska zalo\u017een\u00e1 na platforme ARM. Je vybaven\u00e1 r\u00f4znymi rozhraniami, vr\u00e1tane 5V WiFi ESP8266, NRF24L01, WS1053 a W5500.<\/p>\n<h2>Vlastnosti:<\/h2>\n<ul>\n<li>ARM Cortex-M3 procesor<\/li>\n<li>Rozhrania: 5V WiFi ESP8266, NRF24L01, WS1053, W5500<\/li>\n<li>Podpora pre r\u00f4zne v\u00fdvojov\u00e9 prostredia<\/li>\n<\/ul>\n<h2>\u0160pecifik\u00e1cie:<\/h2>\n<p>Podrobn\u00e9 technick\u00e9 \u0161pecifik\u00e1cie m\u00f4\u017eete n\u00e1js\u0165 na webov\u00fdch str\u00e1nkach v\u00fdrobcu.<\/p>\n<h2>Pr\u00edklady pou\u017eitia:<\/h2>\n<p>STM32F103C8T6 sa m\u00f4\u017ee pou\u017ei\u0165 na v\u00fdvoj r\u00f4znych embedded syst\u00e9mov, automatiz\u00e1ciu dom\u00e1cnosti, a \u010fal\u0161ie projekty, ktor\u00e9 vy\u017eaduj\u00fa spo\u013eahliv\u00fd a v\u00fdkonn\u00fd mikrokontrol\u00e9r.<\/p>\n<p>Zdroj inform\u00e1ci\u00ed o tomto zariaden\u00ed m\u00f4\u017eete n\u00e1js\u0165 na webov\u00fdch str\u00e1nkach v\u00fdrobcu alebo v komunitn\u00fdch f\u00f3rach.<\/p>\n<\/div>\n<p>&nbsp;<\/p>\n<p>&nbsp;<\/p>\n<p><a href=\"https:\/\/www.st.com\/en\/development-tools\/stm32-ides.html\">https:\/\/www.st.com\/en\/development-tools\/stm32-ides.html<\/a><\/p>\n<div class=\"st-container\">\n<div class=\"row st-row\">\n<div class=\"small-12 columns st-first-p-bold\">\n<p class=\"st-copy\"><span>32-bitov\u00e9 mikrokontrol\u00e9ry s jadrom ARM Cortex-M od STMicroelectronics STM32 s\u00fa podporovan\u00e9 \u0161irokou \u0161k\u00e1lou softv\u00e9rov\u00fdch integrovan\u00fdch v\u00fdvojov\u00fdch prostred\u00ed (IDE) s podporou C, C++, Pascal a JAVA a ladiacimi programami od STMicroelectronics a ve\u013ek\u00fdch tret\u00edch str\u00e1n (bezplatne dostupn\u00e9 verzie), ktor\u00e9 s\u00fa doplnen\u00e9 o n\u00e1stroje od ST umo\u017e\u0148uj\u00face konfigurova\u0165 a inicializova\u0165 MCU alebo sledova\u0165 jeho spr\u00e1vanie za behu.<\/span><\/p>\n<\/div>\n<\/div>\n<\/div>\n<div class=\"st-image-container st-image-container--fullwidth\">\n<div class=\"st-container\">\n<div class=\"st-text-and-title\">\n<p><span>STM32CubeIDE je v\u00fdvojov\u00fd n\u00e1stroj typu v\u0161etko v jednom pre viacero opera\u010dn\u00fdch syst\u00e9mov, ktor\u00fd je s\u00fa\u010das\u0165ou softv\u00e9rov\u00e9ho ekosyst\u00e9mu STM32Cube.<\/span><\/p>\n<div class=\"st-image-container\"><a title=\"N\u00e1zov\" href=\"https:\/\/www.st.com\/en\/development-tools\/stm32cubeide.html#\" data-reveal-id=\"img-folder\"><img decoding=\"async\" title=\"Fotografia dosky STM32CubeIde\" src=\"https:\/\/www.st.com\/bin\/ecommerce\/api\/image.PF267946.en.feature-description-include-personalized-no-cpn-medium.jpg\" \/><\/a><\/div>\n<p><span>STM32CubeIDE je pokro\u010dil\u00e1 v\u00fdvojov\u00e1 platforma C\/C++ s konfigur\u00e1ciou perif\u00e9rnych zariaden\u00ed, generovan\u00edm k\u00f3du, kompil\u00e1ciou k\u00f3du a funkciami ladenia pre mikrokontrol\u00e9ry a mikroprocesory STM32.\u00a0Je zalo\u017een\u00fd na Eclipse\u00a0<\/span><sup><span>\u00ae<\/span><\/sup><span>\u00a0\/CDT\u2122 framework a GCC toolchain pre v\u00fdvoj a GDB pre ladenie.\u00a0Umo\u017e\u0148uje integr\u00e1ciu stoviek existuj\u00facich doplnkov, ktor\u00e9 dop\u013a\u0148aj\u00fa funkcie Eclipse\u00a0<\/span><sup><span>\u00ae<\/span><\/sup><span>\u00a0IDE.<\/span><\/p>\n<p><span>STM32CubeIDE integruje funkcie konfigur\u00e1cie a vytv\u00e1rania projektov STM32 z STM32CubeMX, aby pon\u00fakal sk\u00fasenosti s n\u00e1strojmi v\u0161etko v jednom a \u0161etril \u010das na in\u0161tal\u00e1ciu a v\u00fdvoj.\u00a0Po v\u00fdbere pr\u00e1zdneho MCU alebo MPU STM32 alebo predkonfigurovan\u00e9ho mikrokontrol\u00e9ra alebo mikroprocesora z v\u00fdberu dosky alebo v\u00fdberu pr\u00edkladu sa vytvor\u00ed projekt a vygeneruje sa inicializa\u010dn\u00fd k\u00f3d.\u00a0Kedyko\u013evek po\u010das v\u00fdvoja sa u\u017e\u00edvate\u013e m\u00f4\u017ee vr\u00e1ti\u0165 k inicializ\u00e1cii a konfigur\u00e1cii perif\u00e9ri\u00ed alebo middlewaru a vygenerova\u0165 inicializa\u010dn\u00fd k\u00f3d bez dopadu na u\u017e\u00edvate\u013esk\u00fd k\u00f3d.<\/span><\/p>\n<p><span>STM32CubeIDE obsahuje analyz\u00e1tory zostavovania a z\u00e1sobn\u00edka, ktor\u00e9 pou\u017e\u00edvate\u013eovi poskytuj\u00fa u\u017eito\u010dn\u00e9 inform\u00e1cie o stave projektu a po\u017eiadavk\u00e1ch na pam\u00e4\u0165.<\/span><\/p>\n<p><span>STM32CubeIDE tie\u017e obsahuje \u0161tandardn\u00e9 a pokro\u010dil\u00e9 funkcie ladenia vr\u00e1tane zobrazenia registrov jadra CPU, pam\u00e4t\u00ed a registrov perif\u00e9rnych zariaden\u00ed, ako aj \u017eiv\u00e9 sledovanie premenn\u00fdch, rozhranie Serial Wire Viewer alebo analyz\u00e1tor por\u00fach.<\/span><\/p>\n<\/div>\n<\/div>\n<div id=\"section-1\" class=\"st-container\">\n<div class=\"st-container st-container--default st-container--no-padding\">\n<div class=\"row st-row\">\n<div class=\"small-12 columns\">\n<div class=\"st-accordion st-accordion--read-more\">\n<ul class=\"st-accordion__list\">\n<li class=\"st-accordion__item js-st-accordion-item st-accordion__item--active\">\n<div class=\"st-accordion__content js-st-accordion-content st-first-p-bold\">\n<div>\n<h3 id=\"st_all-features_sec-nav-tab\" class=\"st-h3 st-text--left\"><span>V\u0161etky funkcie<\/span><\/h3>\n<div class=\"row st-row st-features-description\">\n<div class=\"small-12 columns\" data-automation-col=\"left-features\">\n<ul class=\"st-list\" data-automation-description=\"features-description\">\n<li data-automation-text=\"feature-text\"><span>Integr\u00e1cia slu\u017eieb od STM32CubeMX:<\/span><span>Mikrokontrol\u00e9r STM32, mikroprocesor, v\u00fdvojov\u00e1 platforma a v\u00fdber pr\u00edkladu projektu<\/span><span>Konfigur\u00e1cia pinoutov, hod\u00edn, perif\u00e9rnych zariaden\u00ed a midlv\u00e9ru<\/span><span>Vytvorenie projektu a generovanie inicializa\u010dn\u00e9ho k\u00f3du<\/span><span>Softv\u00e9r a middleware doplnen\u00e9 o vylep\u0161en\u00e9 roz\u0161iruj\u00face bal\u00edky STM32Cube<\/span><\/li>\n<li data-automation-text=\"feature-text\"><span>Zalo\u017een\u00e9 na Eclipse\u00a0<\/span><sup><span>\u00ae<\/span><\/sup><span>\u00a0\/CDT\u2122, s podporou\u00a0doplnkov Eclipse\u00a0<\/span><sup><span>\u00ae , GNU C\/C++ pre Arm\u00a0<\/span><\/sup><sup><span>\u00ae<\/span><\/sup><span>\u00a0toolchain a GDB debugger<\/span><\/li>\n<li data-automation-text=\"feature-text\"><span>S\u00e9ria STM32MP1:<\/span><span>Podpora projektov OpenSTLinux: Linux<\/span><span>Podpora pre Linux<\/span><\/li>\n<li data-automation-text=\"feature-text\"><span>\u010eal\u0161ie pokro\u010dil\u00e9 funkcie ladenia vr\u00e1tane:<\/span><span>Poh\u013eady na jadro procesora, register perif\u00e9ri\u00ed a pam\u00e4\u0165<\/span><span>\u017div\u00fd variabiln\u00fd poh\u013ead na hodinky<\/span><span>Syst\u00e9mov\u00e1 anal\u00fdza a sledovanie v re\u00e1lnom \u010dase (SWV)<\/span><span>n\u00e1stroj na anal\u00fdzu ch\u00fdb CPU<\/span><span>Podpora ladenia s podporou RTOS vr\u00e1tane Azure<\/span><\/li>\n<li data-automation-text=\"feature-text\"><span>Podpora ladiacich sond ST-LINK (STMicroelectronics) a J-Link (SEGGER).<\/span><\/li>\n<li data-automation-text=\"feature-text\"><span>Import projektu z Atollic\u00a0<\/span><sup><span>\u00ae<\/span><\/sup><span>\u00a0TrueSTUDIO\u00a0<\/span><sup><span>\u00ae<\/span><\/sup><span>\u00a0a AC6 System Workbench pre STM32 (SW4STM32)<\/span><\/li>\n<li data-automation-text=\"feature-text\"><span>Podpora viacer\u00fdch opera\u010dn\u00fdch syst\u00e9mov: Windows\u00a0<\/span><sup><span>\u00ae<\/span><\/sup><span>\u00a0, Linux\u00a0<\/span><sup><span>\u00ae<\/span><\/sup><span>\u00a0a macOS\u00a0<\/span><sup><span>\u00ae<\/span><\/sup><span>\u00a0, len 64-bitov\u00e9 verzie<\/span><\/li>\n<\/ul>\n<\/div>\n<p>&nbsp;<\/p>\n<\/div>\n<\/div>\n<\/div>\n<\/li>\n<\/ul>\n<\/div>\n<\/div>\n<\/div>\n<\/div>\n<\/div>\n<\/div>\n<h2>STM32F103C8T6 ARM Mini system Development Board Modul z\u00e1kladnej dosky STM32 5V WIFI ESP8266 rozhranie NRF24L01\/WS1053\/W5500<\/h2>\n<p><img decoding=\"async\" src=\"https:\/\/ae01.alicdn.com\/kf\/H5cd6def2c5064d55922fef22b1feefdbE.jpg\" \/><\/p>\n<p><img decoding=\"async\" src=\"https:\/\/ae01.alicdn.com\/kf\/HTB18_DOXEzrK1RjSspmq6AOdFXaO.jpg\" \/><\/p>\n<p>&nbsp;<\/p>\n<p><img decoding=\"async\" src=\"https:\/\/ae01.alicdn.com\/kf\/HTB1jDYRXvjsK1Rjy1Xaq6zispXaw.jpg\" \/><\/p>\n<p>&nbsp;<\/p>\n<p>&nbsp;<\/p>\n<p><strong>Specification<\/strong>:<\/p>\n<div align=\"start\">1.Control Chip: STM32F103C8T6<\/div>\n<div align=\"start\">2.Operating Chip: 5V<\/div>\n<div align=\"start\">3.Extensible Interface: WIFI ESP8266\/NRF24L01\/WS1053 W5500 interface<\/div>\n<div align=\"start\" data-spm-anchor-id=\"a2g0o.detail.1000023.i1.1a691636rgNFha\">4.Flash: W25X16<\/div>\n<div align=\"start\" data-spm-anchor-id=\"a2g0o.detail.1000023.i2.1a691636rgNFha\">5.EEPROM: ATMEL24C02<\/div>\n<div align=\"start\" data-spm-anchor-id=\"a2g0o.detail.1000023.i2.1a691636rgNFha\"><\/div>\n<div align=\"start\" data-spm-anchor-id=\"a2g0o.detail.1000023.i2.1a691636rgNFha\"><\/div>\n<p><strong>N\u00e1zov zna\u010dky: \u200eBKL-DEV-BOARD-ARM-STM32F103C8T6<\/strong><\/p>\n<p>Nap\u00e1jacie nap\u00e4tie: 5V<br \/>\n\u010c\u00edslo modelu: Development Board<br \/>\nStav: Nov\u00e9<br \/>\nTyp: Logick\u00e9 integrovan\u00e9 obvody<br \/>\nis_customized: \u00c1no<br \/>\nPrev\u00e1dzkov\u00e1 teplota: -30 ~ 85 stup\u0148ov Celzia<br \/>\nAplik\u00e1cia: Development Board<br \/>\nPOZN\u00c1MKA: M\u00e1me dokumenty k v\u00e4\u010d\u0161ine produktov v na\u0161om obchode<\/p>\n<p>Ak ho potrebujete, kontaktujte n\u00e1s \ud83d\ude42<\/p>\n<p><strong>Predstavenie v\u00fdrobku:<\/strong><\/p>\n<p>1.Ovl\u00e1dac\u00ed \u010dip:STM32F103C8T6<br \/>\n2.Opera\u010dn\u00fd \u010dip: 5V<br \/>\n3. Roz\u0161\u00edrite\u013en\u00e9 rozhranie: WIFI ESP8266\/NRF24L01\/WS1053 rozhranie W5500<br \/>\n4. Blesk: W25X16<br \/>\n5.EEPROM:ATMEL24C02<\/p>\n<p>&nbsp;<\/p>\n<p>&nbsp;<\/p>\n<p><strong>Predstavenie produktu:\u00a0<\/strong><br \/>\n<strong>1.Ovl\u00e1dac\u00ed \u010dip:<\/strong>\u00a0STM32F103C8T6<br \/>\n<strong>2.Opera\u010dn\u00fd \u010dip:<\/strong>\u00a05V<br \/>\n<strong>3.Roz\u0161\u00edrite\u013en\u00e9 rozhranie:<\/strong>\u00a0WIFI ESP8266\/NRF24L01\/WS1053 Rozhranie W5500<br \/>\n<strong>4.Flash:<\/strong>\u00a0W25X16<br \/>\n<strong>5.EEPROM:<\/strong>\u00a0ATMEL24C<\/p>\n<p><strong>\u0160pecifik\u00e1cie<\/strong><br \/>\n<strong>Nap\u00e1jacie nap\u00e4tie:\u00a0<\/strong>\u00a0\u00a05V<br \/>\n<strong>\u010c\u00edslo modelu:<\/strong>\u00a0\u00a0\u00a0V\u00fdvojov\u00e1 doska<br \/>\n<strong>Stav:\u00a0<\/strong>\u00a0\u00a0Nov\u00fd<br \/>\n<strong>Typ:<\/strong>\u00a0\u00a0\u00a0Logick\u00e9 integrovan\u00e9 obvody<br \/>\n<strong>je_prisp\u00f4soben\u00e9:<\/strong>\u00a0\u00a0\u00a0\u00c1no<br \/>\n<strong>Prev\u00e1dzkov\u00e1 teplota:<\/strong>\u00a0\u00a0\u00a0-30~85 Celzia<br \/>\n<strong>Aplik\u00e1cia:\u00a0<\/strong>\u00a0\u00a0V\u00fdvojov\u00e1 doska<\/p>\n","protected":false},"excerpt":{"rendered":"<p>&nbsp; STM32F103C8T6 ARM Mini Development Board Popis: STM32F103C8T6 je mini v\u00fdvojov\u00e1 doska zalo\u017een\u00e1 na platforme ARM. Je vybaven\u00e1 r\u00f4znymi rozhraniami,&hellip;<\/p>\n","protected":false},"featured_media":897,"template":"","meta":{"_monsterinsights_skip_tracking":false,"_monsterinsights_sitenote_active":false,"_monsterinsights_sitenote_note":"","_monsterinsights_sitenote_category":0},"product_cat":[16,34,33,29],"product_tag":[],"class_list":{"0":"post-896","1":"product","2":"type-product","3":"status-publish","4":"has-post-thumbnail","6":"product_cat-ard","7":"product_cat-rf","8":"product_cat-wifi","9":"product_cat-wireless-transmission","11":"first","12":"instock","13":"shipping-taxable","14":"purchasable","15":"product-type-simple"},"yoast_head":"<!-- This site is optimized with the Yoast SEO plugin v23.6 - https:\/\/yoast.com\/wordpress\/plugins\/seo\/ -->\n<title>STM32F103C8T6 ARM Mini system Development Board STM32 Core Board Module 5V WIFI ESP8266 NRF24L01\/WS1053\/W5500 interface - Arduino e-shop<\/title>\n<meta name=\"robots\" content=\"index, follow, max-snippet:-1, max-image-preview:large, max-video-preview:-1\" \/>\n<link rel=\"canonical\" href=\"https:\/\/www.onetimenexttime.sk\/arduino\/index.php\/produkt\/stm32f103c8t6-arm-mini-system-development-board-stm32-core-board-module-5v-wifi-esp8266-nrf24l01-ws1053-w5500-interface\/\" \/>\n<meta property=\"og:locale\" content=\"sk_SK\" \/>\n<meta property=\"og:type\" content=\"article\" \/>\n<meta property=\"og:title\" content=\"STM32F103C8T6 ARM Mini system Development Board STM32 Core Board Module 5V WIFI ESP8266 NRF24L01\/WS1053\/W5500 interface - Arduino e-shop\" \/>\n<meta property=\"og:description\" content=\"&nbsp; STM32F103C8T6 ARM Mini Development Board Popis: STM32F103C8T6 je mini v\u00fdvojov\u00e1 doska zalo\u017een\u00e1 na platforme ARM. Je vybaven\u00e1 r\u00f4znymi rozhraniami,&hellip;\" \/>\n<meta property=\"og:url\" content=\"https:\/\/www.onetimenexttime.sk\/arduino\/index.php\/produkt\/stm32f103c8t6-arm-mini-system-development-board-stm32-core-board-module-5v-wifi-esp8266-nrf24l01-ws1053-w5500-interface\/\" \/>\n<meta property=\"og:site_name\" content=\"Arduino e-shop\" \/>\n<meta property=\"article:modified_time\" content=\"2024-02-23T07:02:02+00:00\" \/>\n<meta property=\"og:image\" content=\"https:\/\/www.onetimenexttime.sk\/arduino\/wp-content\/uploads\/2021\/11\/247.jpg\" \/>\n\t<meta property=\"og:image:width\" content=\"444\" \/>\n\t<meta property=\"og:image:height\" content=\"442\" \/>\n\t<meta property=\"og:image:type\" content=\"image\/jpeg\" \/>\n<meta name=\"twitter:card\" content=\"summary_large_image\" \/>\n<meta name=\"twitter:label1\" content=\"Predpokladan\u00fd \u010das \u010d\u00edtania\" \/>\n\t<meta name=\"twitter:data1\" content=\"4 min\u00faty\" \/>\n<script type=\"application\/ld+json\" class=\"yoast-schema-graph\">{\"@context\":\"https:\/\/schema.org\",\"@graph\":[{\"@type\":\"WebPage\",\"@id\":\"https:\/\/www.onetimenexttime.sk\/arduino\/index.php\/produkt\/stm32f103c8t6-arm-mini-system-development-board-stm32-core-board-module-5v-wifi-esp8266-nrf24l01-ws1053-w5500-interface\/\",\"url\":\"https:\/\/www.onetimenexttime.sk\/arduino\/index.php\/produkt\/stm32f103c8t6-arm-mini-system-development-board-stm32-core-board-module-5v-wifi-esp8266-nrf24l01-ws1053-w5500-interface\/\",\"name\":\"STM32F103C8T6 ARM Mini system Development Board STM32 Core Board Module 5V WIFI ESP8266 NRF24L01\/WS1053\/W5500 interface - Arduino e-shop\",\"isPartOf\":{\"@id\":\"https:\/\/www.onetimenexttime.sk\/arduino\/#website\"},\"primaryImageOfPage\":{\"@id\":\"https:\/\/www.onetimenexttime.sk\/arduino\/index.php\/produkt\/stm32f103c8t6-arm-mini-system-development-board-stm32-core-board-module-5v-wifi-esp8266-nrf24l01-ws1053-w5500-interface\/#primaryimage\"},\"image\":{\"@id\":\"https:\/\/www.onetimenexttime.sk\/arduino\/index.php\/produkt\/stm32f103c8t6-arm-mini-system-development-board-stm32-core-board-module-5v-wifi-esp8266-nrf24l01-ws1053-w5500-interface\/#primaryimage\"},\"thumbnailUrl\":\"https:\/\/www.onetimenexttime.sk\/arduino\/wp-content\/uploads\/2021\/11\/247.jpg\",\"datePublished\":\"2021-11-01T08:54:54+00:00\",\"dateModified\":\"2024-02-23T07:02:02+00:00\",\"breadcrumb\":{\"@id\":\"https:\/\/www.onetimenexttime.sk\/arduino\/index.php\/produkt\/stm32f103c8t6-arm-mini-system-development-board-stm32-core-board-module-5v-wifi-esp8266-nrf24l01-ws1053-w5500-interface\/#breadcrumb\"},\"inLanguage\":\"sk-SK\",\"potentialAction\":[{\"@type\":\"ReadAction\",\"target\":[\"https:\/\/www.onetimenexttime.sk\/arduino\/index.php\/produkt\/stm32f103c8t6-arm-mini-system-development-board-stm32-core-board-module-5v-wifi-esp8266-nrf24l01-ws1053-w5500-interface\/\"]}]},{\"@type\":\"ImageObject\",\"inLanguage\":\"sk-SK\",\"@id\":\"https:\/\/www.onetimenexttime.sk\/arduino\/index.php\/produkt\/stm32f103c8t6-arm-mini-system-development-board-stm32-core-board-module-5v-wifi-esp8266-nrf24l01-ws1053-w5500-interface\/#primaryimage\",\"url\":\"https:\/\/www.onetimenexttime.sk\/arduino\/wp-content\/uploads\/2021\/11\/247.jpg\",\"contentUrl\":\"https:\/\/www.onetimenexttime.sk\/arduino\/wp-content\/uploads\/2021\/11\/247.jpg\",\"width\":444,\"height\":442},{\"@type\":\"BreadcrumbList\",\"@id\":\"https:\/\/www.onetimenexttime.sk\/arduino\/index.php\/produkt\/stm32f103c8t6-arm-mini-system-development-board-stm32-core-board-module-5v-wifi-esp8266-nrf24l01-ws1053-w5500-interface\/#breadcrumb\",\"itemListElement\":[{\"@type\":\"ListItem\",\"position\":1,\"name\":\"Domov\",\"item\":\"https:\/\/www.onetimenexttime.sk\/arduino\/\"},{\"@type\":\"ListItem\",\"position\":2,\"name\":\"Obchod\",\"item\":\"https:\/\/www.onetimenexttime.sk\/arduino\/\"},{\"@type\":\"ListItem\",\"position\":3,\"name\":\"STM32F103C8T6 ARM Mini system Development Board STM32 Core Board Module 5V WIFI ESP8266 NRF24L01\/WS1053\/W5500 interface\"}]},{\"@type\":\"WebSite\",\"@id\":\"https:\/\/www.onetimenexttime.sk\/arduino\/#website\",\"url\":\"https:\/\/www.onetimenexttime.sk\/arduino\/\",\"name\":\"Arduino e-shop\",\"description\":\"Home Assistant\",\"potentialAction\":[{\"@type\":\"SearchAction\",\"target\":{\"@type\":\"EntryPoint\",\"urlTemplate\":\"https:\/\/www.onetimenexttime.sk\/arduino\/?s={search_term_string}\"},\"query-input\":{\"@type\":\"PropertyValueSpecification\",\"valueRequired\":true,\"valueName\":\"search_term_string\"}}],\"inLanguage\":\"sk-SK\"}]}<\/script>\n<!-- \/ Yoast SEO plugin. -->","yoast_head_json":{"title":"STM32F103C8T6 ARM Mini system Development Board STM32 Core Board Module 5V WIFI ESP8266 NRF24L01\/WS1053\/W5500 interface - Arduino e-shop","robots":{"index":"index","follow":"follow","max-snippet":"max-snippet:-1","max-image-preview":"max-image-preview:large","max-video-preview":"max-video-preview:-1"},"canonical":"https:\/\/www.onetimenexttime.sk\/arduino\/index.php\/produkt\/stm32f103c8t6-arm-mini-system-development-board-stm32-core-board-module-5v-wifi-esp8266-nrf24l01-ws1053-w5500-interface\/","og_locale":"sk_SK","og_type":"article","og_title":"STM32F103C8T6 ARM Mini system Development Board STM32 Core Board Module 5V WIFI ESP8266 NRF24L01\/WS1053\/W5500 interface - Arduino e-shop","og_description":"&nbsp; STM32F103C8T6 ARM Mini Development Board Popis: STM32F103C8T6 je mini v\u00fdvojov\u00e1 doska zalo\u017een\u00e1 na platforme ARM. Je vybaven\u00e1 r\u00f4znymi rozhraniami,&hellip;","og_url":"https:\/\/www.onetimenexttime.sk\/arduino\/index.php\/produkt\/stm32f103c8t6-arm-mini-system-development-board-stm32-core-board-module-5v-wifi-esp8266-nrf24l01-ws1053-w5500-interface\/","og_site_name":"Arduino e-shop","article_modified_time":"2024-02-23T07:02:02+00:00","og_image":[{"width":444,"height":442,"url":"https:\/\/www.onetimenexttime.sk\/arduino\/wp-content\/uploads\/2021\/11\/247.jpg","type":"image\/jpeg"}],"twitter_card":"summary_large_image","twitter_misc":{"Predpokladan\u00fd \u010das \u010d\u00edtania":"4 min\u00faty"},"schema":{"@context":"https:\/\/schema.org","@graph":[{"@type":"WebPage","@id":"https:\/\/www.onetimenexttime.sk\/arduino\/index.php\/produkt\/stm32f103c8t6-arm-mini-system-development-board-stm32-core-board-module-5v-wifi-esp8266-nrf24l01-ws1053-w5500-interface\/","url":"https:\/\/www.onetimenexttime.sk\/arduino\/index.php\/produkt\/stm32f103c8t6-arm-mini-system-development-board-stm32-core-board-module-5v-wifi-esp8266-nrf24l01-ws1053-w5500-interface\/","name":"STM32F103C8T6 ARM Mini system Development Board STM32 Core Board Module 5V WIFI ESP8266 NRF24L01\/WS1053\/W5500 interface - Arduino e-shop","isPartOf":{"@id":"https:\/\/www.onetimenexttime.sk\/arduino\/#website"},"primaryImageOfPage":{"@id":"https:\/\/www.onetimenexttime.sk\/arduino\/index.php\/produkt\/stm32f103c8t6-arm-mini-system-development-board-stm32-core-board-module-5v-wifi-esp8266-nrf24l01-ws1053-w5500-interface\/#primaryimage"},"image":{"@id":"https:\/\/www.onetimenexttime.sk\/arduino\/index.php\/produkt\/stm32f103c8t6-arm-mini-system-development-board-stm32-core-board-module-5v-wifi-esp8266-nrf24l01-ws1053-w5500-interface\/#primaryimage"},"thumbnailUrl":"https:\/\/www.onetimenexttime.sk\/arduino\/wp-content\/uploads\/2021\/11\/247.jpg","datePublished":"2021-11-01T08:54:54+00:00","dateModified":"2024-02-23T07:02:02+00:00","breadcrumb":{"@id":"https:\/\/www.onetimenexttime.sk\/arduino\/index.php\/produkt\/stm32f103c8t6-arm-mini-system-development-board-stm32-core-board-module-5v-wifi-esp8266-nrf24l01-ws1053-w5500-interface\/#breadcrumb"},"inLanguage":"sk-SK","potentialAction":[{"@type":"ReadAction","target":["https:\/\/www.onetimenexttime.sk\/arduino\/index.php\/produkt\/stm32f103c8t6-arm-mini-system-development-board-stm32-core-board-module-5v-wifi-esp8266-nrf24l01-ws1053-w5500-interface\/"]}]},{"@type":"ImageObject","inLanguage":"sk-SK","@id":"https:\/\/www.onetimenexttime.sk\/arduino\/index.php\/produkt\/stm32f103c8t6-arm-mini-system-development-board-stm32-core-board-module-5v-wifi-esp8266-nrf24l01-ws1053-w5500-interface\/#primaryimage","url":"https:\/\/www.onetimenexttime.sk\/arduino\/wp-content\/uploads\/2021\/11\/247.jpg","contentUrl":"https:\/\/www.onetimenexttime.sk\/arduino\/wp-content\/uploads\/2021\/11\/247.jpg","width":444,"height":442},{"@type":"BreadcrumbList","@id":"https:\/\/www.onetimenexttime.sk\/arduino\/index.php\/produkt\/stm32f103c8t6-arm-mini-system-development-board-stm32-core-board-module-5v-wifi-esp8266-nrf24l01-ws1053-w5500-interface\/#breadcrumb","itemListElement":[{"@type":"ListItem","position":1,"name":"Domov","item":"https:\/\/www.onetimenexttime.sk\/arduino\/"},{"@type":"ListItem","position":2,"name":"Obchod","item":"https:\/\/www.onetimenexttime.sk\/arduino\/"},{"@type":"ListItem","position":3,"name":"STM32F103C8T6 ARM Mini system Development Board STM32 Core Board Module 5V WIFI ESP8266 NRF24L01\/WS1053\/W5500 interface"}]},{"@type":"WebSite","@id":"https:\/\/www.onetimenexttime.sk\/arduino\/#website","url":"https:\/\/www.onetimenexttime.sk\/arduino\/","name":"Arduino e-shop","description":"Home Assistant","potentialAction":[{"@type":"SearchAction","target":{"@type":"EntryPoint","urlTemplate":"https:\/\/www.onetimenexttime.sk\/arduino\/?s={search_term_string}"},"query-input":{"@type":"PropertyValueSpecification","valueRequired":true,"valueName":"search_term_string"}}],"inLanguage":"sk-SK"}]}},"_links":{"self":[{"href":"https:\/\/www.onetimenexttime.sk\/arduino\/index.php\/wp-json\/wp\/v2\/product\/896"}],"collection":[{"href":"https:\/\/www.onetimenexttime.sk\/arduino\/index.php\/wp-json\/wp\/v2\/product"}],"about":[{"href":"https:\/\/www.onetimenexttime.sk\/arduino\/index.php\/wp-json\/wp\/v2\/types\/product"}],"wp:featuredmedia":[{"embeddable":true,"href":"https:\/\/www.onetimenexttime.sk\/arduino\/index.php\/wp-json\/wp\/v2\/media\/897"}],"wp:attachment":[{"href":"https:\/\/www.onetimenexttime.sk\/arduino\/index.php\/wp-json\/wp\/v2\/media?parent=896"}],"wp:term":[{"taxonomy":"product_cat","embeddable":true,"href":"https:\/\/www.onetimenexttime.sk\/arduino\/index.php\/wp-json\/wp\/v2\/product_cat?post=896"},{"taxonomy":"product_tag","embeddable":true,"href":"https:\/\/www.onetimenexttime.sk\/arduino\/index.php\/wp-json\/wp\/v2\/product_tag?post=896"}],"curies":[{"name":"wp","href":"https:\/\/api.w.org\/{rel}","templated":true}]}}