{"id":892,"date":"2021-10-31T22:56:02","date_gmt":"2021-10-31T21:56:02","guid":{"rendered":"https:\/\/www.onetimenexttime.sk\/arduino\/?post_type=product&#038;p=892"},"modified":"2024-02-23T08:04:33","modified_gmt":"2024-02-23T07:04:33","slug":"digital-adjustable-current-signal-generator-module-board-precision-to-0-1ma-frequency-generator-dc-12v-24v-4-20ma","status":"publish","type":"product","link":"https:\/\/www.onetimenexttime.sk\/arduino\/index.php\/produkt\/digital-adjustable-current-signal-generator-module-board-precision-to-0-1ma-frequency-generator-dc-12v-24v-4-20ma\/","title":{"rendered":"Digital Adjustable Current Signal Generator Module Board Precision to 0.1mA frequency generator DC 12V 24V 4-20mA"},"content":{"rendered":"<p>&nbsp;<\/p>\n<p>&nbsp;<\/p>\n<h1>Digit\u00e1lny nastavite\u013en\u00fd gener\u00e1tor sign\u00e1lu pr\u00fadu<\/h1>\n<table>\n<tbody>\n<tr>\n<th>Popis:<\/th>\n<td>Digit\u00e1lny nastavite\u013en\u00fd gener\u00e1tor sign\u00e1lu pr\u00fadu je modul dosky, ktor\u00fd umo\u017e\u0148uje generovanie sign\u00e1lu s nastavite\u013en\u00fdm pr\u00fadom. Je schopn\u00fd dosiahnu\u0165 presnos\u0165 a\u017e do 0,1 mA a pracova\u0165 pri nap\u00e1jac\u00edch napetiach 12V a\u017e 24V.<\/td>\n<\/tr>\n<tr>\n<th>Vlastnosti:<\/th>\n<td>&#8211; Nastavite\u013en\u00fd pr\u00fad<br \/>\n&#8211; Presnos\u0165 do 0,1 mA<br \/>\n&#8211; Pracovn\u00e9 nap\u00e4tie 12V a\u017e 24V<\/td>\n<\/tr>\n<tr>\n<th>\u0160pecifik\u00e1cie:<\/th>\n<td>Detaily o \u0161pecifik\u00e1ci\u00e1ch s\u00fa zvy\u010dajne uveden\u00e9 na str\u00e1nke v\u00fdrobcu alebo v dokument\u00e1cii k produktu.<\/td>\n<\/tr>\n<tr>\n<th>Pr\u00edklady pou\u017eitia:<\/th>\n<td>Digit\u00e1lny nastavite\u013en\u00fd gener\u00e1tor sign\u00e1lu pr\u00fadu sa \u010dasto pou\u017e\u00edva v r\u00f4znych laborat\u00f3rnych a v\u00fdvojov\u00fdch aplik\u00e1ci\u00e1ch, kde je potrebn\u00e9 generova\u0165 sign\u00e1l s presne definovan\u00fdm pr\u00fadom.<\/td>\n<\/tr>\n<tr>\n<th><\/th>\n<td><\/td>\n<\/tr>\n<tr>\n<th><\/th>\n<td><\/td>\n<\/tr>\n<\/tbody>\n<\/table>\n<p><a class=\"code-button\" href=\"#\">Skop\u00edrova\u0165 pr\u00edkladov\u00e9 k\u00f3dy<\/a><\/p>\n<p>&nbsp;<\/p>\n<h1>Digit\u00e1lny nastavite\u013en\u00fd modul sign\u00e1lu pr\u00fadu<\/h1>\n<table>\n<tbody>\n<tr>\n<th>Sekcia<\/th>\n<th>Popis<\/th>\n<\/tr>\n<tr>\n<td>Popis<\/td>\n<td>Digit\u00e1lny nastavite\u013en\u00fd modul sign\u00e1lu pr\u00fadu je zariadenie, ktor\u00e9 umo\u017e\u0148uje generovanie pr\u00fadov\u00fdch sign\u00e1lov s vysokou presnos\u0165ou a mo\u017enos\u0165ou nastavenia frekvencie.<\/td>\n<\/tr>\n<tr>\n<td>Vlastnosti<\/td>\n<td>\n<ul>\n<li>Precisionn\u00e9 generovanie pr\u00fadov\u00fdch sign\u00e1lov s presnos\u0165ou do 0,1 mA<\/li>\n<li>Mo\u017enos\u0165 nastavenia frekvencie<\/li>\n<li>Nap\u00e1janie: DC 12V alebo 24V<\/li>\n<li>Rozsah pr\u00fadu: 4-20mA<\/li>\n<\/ul>\n<\/td>\n<\/tr>\n<tr>\n<td>\u0160pecifik\u00e1cie<\/td>\n<td>Podrobn\u00e9 technick\u00e9 \u0161pecifik\u00e1cie s\u00fa k dispoz\u00edcii na z\u00e1klade konkr\u00e9tneho modelu a v\u00fdrobcu. \u010eal\u0161ie inform\u00e1cie n\u00e1jdete v dokument\u00e1cii k produktu.<\/td>\n<\/tr>\n<tr>\n<td>Pr\u00edklady pou\u017eitia<\/td>\n<td>Digit\u00e1lny nastavite\u013en\u00fd modul sign\u00e1lu pr\u00fadu sa \u010dasto pou\u017e\u00edva v automatiz\u00e1cii, meran\u00ed a regul\u00e1cii procesov, ako napr\u00edklad v priemyseln\u00fdch aplik\u00e1ci\u00e1ch, laborat\u00f3ri\u00e1ch a riaden\u00ed zariaden\u00ed.<\/td>\n<\/tr>\n<tr>\n<td><\/td>\n<td><\/td>\n<\/tr>\n<tr>\n<td><\/td>\n<td><\/td>\n<\/tr>\n<\/tbody>\n<\/table>\n<p><button class=\"copy-btn\">Skop\u00edrova\u0165 pr\u00edkladov\u00e9 k\u00f3dy<\/button><\/p>\n<p>&nbsp;<\/p>\n<h2>Digit\u00e1lny nastavite\u013en\u00fd pr\u00fadov\u00fd gener\u00e1tor Modulov\u00e1 doska s presnos\u0165ou na 0,1mA frekven\u010dn\u00fd gener\u00e1tor DC 12V 24V 4-20mA<\/h2>\n<p>Jednoduch\u00e9 pou\u017eitie a pripojenie dr\u00f4tu, dobr\u00fd v\u00fdkon.<br \/>\nOvl\u00e1danie gomb\u00edka, ihne\u010f po nastaven\u00ed v\u00fdstupu odozvy, bez oneskorenia.<br \/>\nNap\u00e1jac\u00ed port m\u00e1 ochranu proti polarite, nepo\u0161kod\u00ed komponenty pri reverznom nap\u00e1jan\u00ed.<br \/>\nNap\u00e1jacie nap\u00e4tie: DC 12V alebo 24V (tolerancia \u00b125%), celkov\u00fd v\u00fdkon&lt;1W.<br \/>\nRozsah v\u00fdstupnej z\u00e1\u0165a\u017eovej impedancie: 0-350 ohmov (DC12V); 0-800 ohmov (DC 24V).<br \/>\nTestovac\u00ed v\u00fdstup je norm\u00e1lny, m\u00f4\u017eete pou\u017ei\u0165 multimetrov\u00fa skratovan\u00fa svorku &#8220;4-20mA v\u00fdstup&#8221;.<br \/>\nM\u00f4\u017ee by\u0165 pou\u017eit\u00fd pre zdroje sign\u00e1lu, nastavenie ventilu, test v\u00fdstupn\u00e9ho mera\u010da, test sveteln\u00fdch di\u00f3d, anal\u00f3gov\u00fd vysiela\u010d.<\/p>\n<p><strong>Technick\u00e9 \u00fadaje:<\/strong><\/p>\n<p>Nap\u00e1janie: DC 12V alebo 24V<br \/>\nPr\u00fad: 4-20mA<br \/>\nCelkov\u00fd v\u00fdkon: &lt;1W<br \/>\nV\u00fdstupn\u00e1 z\u00e1\u0165a\u017eov\u00e1 impedancia: 0-350 ohmov (DC12V); 0-800 ohmov (DC 24V)<\/p>\n","protected":false},"excerpt":{"rendered":"<p>&nbsp; &nbsp; Digit\u00e1lny nastavite\u013en\u00fd gener\u00e1tor sign\u00e1lu pr\u00fadu Popis: Digit\u00e1lny nastavite\u013en\u00fd gener\u00e1tor sign\u00e1lu pr\u00fadu je modul dosky, ktor\u00fd umo\u017e\u0148uje generovanie sign\u00e1lu&hellip;<\/p>\n","protected":false},"featured_media":893,"template":"","meta":{"_monsterinsights_skip_tracking":false,"_monsterinsights_sitenote_active":false,"_monsterinsights_sitenote_note":"","_monsterinsights_sitenote_category":0},"product_cat":[16,21],"product_tag":[],"class_list":{"0":"post-892","1":"product","2":"type-product","3":"status-publish","4":"has-post-thumbnail","6":"product_cat-ard","7":"product_cat-pw","9":"first","10":"instock","11":"sale","12":"shipping-taxable","13":"purchasable","14":"product-type-simple"},"yoast_head":"<!-- This site is optimized with the Yoast SEO plugin v23.6 - https:\/\/yoast.com\/wordpress\/plugins\/seo\/ -->\n<title>Digital Adjustable Current Signal Generator Module Board Precision to 0.1mA frequency generator DC 12V 24V 4-20mA - Arduino e-shop<\/title>\n<meta name=\"robots\" content=\"index, follow, max-snippet:-1, max-image-preview:large, max-video-preview:-1\" \/>\n<link rel=\"canonical\" href=\"https:\/\/www.onetimenexttime.sk\/arduino\/index.php\/produkt\/digital-adjustable-current-signal-generator-module-board-precision-to-0-1ma-frequency-generator-dc-12v-24v-4-20ma\/\" \/>\n<meta property=\"og:locale\" content=\"sk_SK\" \/>\n<meta property=\"og:type\" content=\"article\" \/>\n<meta property=\"og:title\" content=\"Digital Adjustable Current Signal Generator Module Board Precision to 0.1mA frequency generator DC 12V 24V 4-20mA - Arduino e-shop\" \/>\n<meta property=\"og:description\" content=\"&nbsp; &nbsp; Digit\u00e1lny nastavite\u013en\u00fd gener\u00e1tor sign\u00e1lu pr\u00fadu Popis: Digit\u00e1lny nastavite\u013en\u00fd gener\u00e1tor sign\u00e1lu pr\u00fadu je modul dosky, ktor\u00fd umo\u017e\u0148uje generovanie sign\u00e1lu&hellip;\" \/>\n<meta property=\"og:url\" content=\"https:\/\/www.onetimenexttime.sk\/arduino\/index.php\/produkt\/digital-adjustable-current-signal-generator-module-board-precision-to-0-1ma-frequency-generator-dc-12v-24v-4-20ma\/\" \/>\n<meta property=\"og:site_name\" content=\"Arduino e-shop\" \/>\n<meta property=\"article:modified_time\" content=\"2024-02-23T07:04:33+00:00\" \/>\n<meta property=\"og:image\" content=\"https:\/\/www.onetimenexttime.sk\/arduino\/wp-content\/uploads\/2021\/10\/341.jpg\" \/>\n\t<meta property=\"og:image:width\" content=\"506\" \/>\n\t<meta property=\"og:image:height\" content=\"509\" \/>\n\t<meta property=\"og:image:type\" content=\"image\/jpeg\" \/>\n<meta name=\"twitter:card\" content=\"summary_large_image\" \/>\n<meta name=\"twitter:label1\" content=\"Predpokladan\u00fd \u010das \u010d\u00edtania\" \/>\n\t<meta name=\"twitter:data1\" content=\"2 min\u00faty\" \/>\n<script type=\"application\/ld+json\" class=\"yoast-schema-graph\">{\"@context\":\"https:\/\/schema.org\",\"@graph\":[{\"@type\":\"WebPage\",\"@id\":\"https:\/\/www.onetimenexttime.sk\/arduino\/index.php\/produkt\/digital-adjustable-current-signal-generator-module-board-precision-to-0-1ma-frequency-generator-dc-12v-24v-4-20ma\/\",\"url\":\"https:\/\/www.onetimenexttime.sk\/arduino\/index.php\/produkt\/digital-adjustable-current-signal-generator-module-board-precision-to-0-1ma-frequency-generator-dc-12v-24v-4-20ma\/\",\"name\":\"Digital Adjustable Current Signal Generator Module Board Precision to 0.1mA frequency generator DC 12V 24V 4-20mA - Arduino e-shop\",\"isPartOf\":{\"@id\":\"https:\/\/www.onetimenexttime.sk\/arduino\/#website\"},\"primaryImageOfPage\":{\"@id\":\"https:\/\/www.onetimenexttime.sk\/arduino\/index.php\/produkt\/digital-adjustable-current-signal-generator-module-board-precision-to-0-1ma-frequency-generator-dc-12v-24v-4-20ma\/#primaryimage\"},\"image\":{\"@id\":\"https:\/\/www.onetimenexttime.sk\/arduino\/index.php\/produkt\/digital-adjustable-current-signal-generator-module-board-precision-to-0-1ma-frequency-generator-dc-12v-24v-4-20ma\/#primaryimage\"},\"thumbnailUrl\":\"https:\/\/www.onetimenexttime.sk\/arduino\/wp-content\/uploads\/2021\/10\/341.jpg\",\"datePublished\":\"2021-10-31T21:56:02+00:00\",\"dateModified\":\"2024-02-23T07:04:33+00:00\",\"breadcrumb\":{\"@id\":\"https:\/\/www.onetimenexttime.sk\/arduino\/index.php\/produkt\/digital-adjustable-current-signal-generator-module-board-precision-to-0-1ma-frequency-generator-dc-12v-24v-4-20ma\/#breadcrumb\"},\"inLanguage\":\"sk-SK\",\"potentialAction\":[{\"@type\":\"ReadAction\",\"target\":[\"https:\/\/www.onetimenexttime.sk\/arduino\/index.php\/produkt\/digital-adjustable-current-signal-generator-module-board-precision-to-0-1ma-frequency-generator-dc-12v-24v-4-20ma\/\"]}]},{\"@type\":\"ImageObject\",\"inLanguage\":\"sk-SK\",\"@id\":\"https:\/\/www.onetimenexttime.sk\/arduino\/index.php\/produkt\/digital-adjustable-current-signal-generator-module-board-precision-to-0-1ma-frequency-generator-dc-12v-24v-4-20ma\/#primaryimage\",\"url\":\"https:\/\/www.onetimenexttime.sk\/arduino\/wp-content\/uploads\/2021\/10\/341.jpg\",\"contentUrl\":\"https:\/\/www.onetimenexttime.sk\/arduino\/wp-content\/uploads\/2021\/10\/341.jpg\",\"width\":506,\"height\":509},{\"@type\":\"BreadcrumbList\",\"@id\":\"https:\/\/www.onetimenexttime.sk\/arduino\/index.php\/produkt\/digital-adjustable-current-signal-generator-module-board-precision-to-0-1ma-frequency-generator-dc-12v-24v-4-20ma\/#breadcrumb\",\"itemListElement\":[{\"@type\":\"ListItem\",\"position\":1,\"name\":\"Domov\",\"item\":\"https:\/\/www.onetimenexttime.sk\/arduino\/\"},{\"@type\":\"ListItem\",\"position\":2,\"name\":\"Obchod\",\"item\":\"https:\/\/www.onetimenexttime.sk\/arduino\/\"},{\"@type\":\"ListItem\",\"position\":3,\"name\":\"Digital Adjustable Current Signal Generator Module Board Precision to 0.1mA frequency generator DC 12V 24V 4-20mA\"}]},{\"@type\":\"WebSite\",\"@id\":\"https:\/\/www.onetimenexttime.sk\/arduino\/#website\",\"url\":\"https:\/\/www.onetimenexttime.sk\/arduino\/\",\"name\":\"Arduino e-shop\",\"description\":\"Home Assistant\",\"potentialAction\":[{\"@type\":\"SearchAction\",\"target\":{\"@type\":\"EntryPoint\",\"urlTemplate\":\"https:\/\/www.onetimenexttime.sk\/arduino\/?s={search_term_string}\"},\"query-input\":{\"@type\":\"PropertyValueSpecification\",\"valueRequired\":true,\"valueName\":\"search_term_string\"}}],\"inLanguage\":\"sk-SK\"}]}<\/script>\n<!-- \/ Yoast SEO plugin. -->","yoast_head_json":{"title":"Digital Adjustable Current Signal Generator Module Board Precision to 0.1mA frequency generator DC 12V 24V 4-20mA - Arduino e-shop","robots":{"index":"index","follow":"follow","max-snippet":"max-snippet:-1","max-image-preview":"max-image-preview:large","max-video-preview":"max-video-preview:-1"},"canonical":"https:\/\/www.onetimenexttime.sk\/arduino\/index.php\/produkt\/digital-adjustable-current-signal-generator-module-board-precision-to-0-1ma-frequency-generator-dc-12v-24v-4-20ma\/","og_locale":"sk_SK","og_type":"article","og_title":"Digital Adjustable Current Signal Generator Module Board Precision to 0.1mA frequency generator DC 12V 24V 4-20mA - Arduino e-shop","og_description":"&nbsp; &nbsp; Digit\u00e1lny nastavite\u013en\u00fd gener\u00e1tor sign\u00e1lu pr\u00fadu Popis: Digit\u00e1lny nastavite\u013en\u00fd gener\u00e1tor sign\u00e1lu pr\u00fadu je modul dosky, ktor\u00fd umo\u017e\u0148uje generovanie sign\u00e1lu&hellip;","og_url":"https:\/\/www.onetimenexttime.sk\/arduino\/index.php\/produkt\/digital-adjustable-current-signal-generator-module-board-precision-to-0-1ma-frequency-generator-dc-12v-24v-4-20ma\/","og_site_name":"Arduino e-shop","article_modified_time":"2024-02-23T07:04:33+00:00","og_image":[{"width":506,"height":509,"url":"https:\/\/www.onetimenexttime.sk\/arduino\/wp-content\/uploads\/2021\/10\/341.jpg","type":"image\/jpeg"}],"twitter_card":"summary_large_image","twitter_misc":{"Predpokladan\u00fd \u010das \u010d\u00edtania":"2 min\u00faty"},"schema":{"@context":"https:\/\/schema.org","@graph":[{"@type":"WebPage","@id":"https:\/\/www.onetimenexttime.sk\/arduino\/index.php\/produkt\/digital-adjustable-current-signal-generator-module-board-precision-to-0-1ma-frequency-generator-dc-12v-24v-4-20ma\/","url":"https:\/\/www.onetimenexttime.sk\/arduino\/index.php\/produkt\/digital-adjustable-current-signal-generator-module-board-precision-to-0-1ma-frequency-generator-dc-12v-24v-4-20ma\/","name":"Digital Adjustable Current Signal Generator Module Board Precision to 0.1mA frequency generator DC 12V 24V 4-20mA - Arduino e-shop","isPartOf":{"@id":"https:\/\/www.onetimenexttime.sk\/arduino\/#website"},"primaryImageOfPage":{"@id":"https:\/\/www.onetimenexttime.sk\/arduino\/index.php\/produkt\/digital-adjustable-current-signal-generator-module-board-precision-to-0-1ma-frequency-generator-dc-12v-24v-4-20ma\/#primaryimage"},"image":{"@id":"https:\/\/www.onetimenexttime.sk\/arduino\/index.php\/produkt\/digital-adjustable-current-signal-generator-module-board-precision-to-0-1ma-frequency-generator-dc-12v-24v-4-20ma\/#primaryimage"},"thumbnailUrl":"https:\/\/www.onetimenexttime.sk\/arduino\/wp-content\/uploads\/2021\/10\/341.jpg","datePublished":"2021-10-31T21:56:02+00:00","dateModified":"2024-02-23T07:04:33+00:00","breadcrumb":{"@id":"https:\/\/www.onetimenexttime.sk\/arduino\/index.php\/produkt\/digital-adjustable-current-signal-generator-module-board-precision-to-0-1ma-frequency-generator-dc-12v-24v-4-20ma\/#breadcrumb"},"inLanguage":"sk-SK","potentialAction":[{"@type":"ReadAction","target":["https:\/\/www.onetimenexttime.sk\/arduino\/index.php\/produkt\/digital-adjustable-current-signal-generator-module-board-precision-to-0-1ma-frequency-generator-dc-12v-24v-4-20ma\/"]}]},{"@type":"ImageObject","inLanguage":"sk-SK","@id":"https:\/\/www.onetimenexttime.sk\/arduino\/index.php\/produkt\/digital-adjustable-current-signal-generator-module-board-precision-to-0-1ma-frequency-generator-dc-12v-24v-4-20ma\/#primaryimage","url":"https:\/\/www.onetimenexttime.sk\/arduino\/wp-content\/uploads\/2021\/10\/341.jpg","contentUrl":"https:\/\/www.onetimenexttime.sk\/arduino\/wp-content\/uploads\/2021\/10\/341.jpg","width":506,"height":509},{"@type":"BreadcrumbList","@id":"https:\/\/www.onetimenexttime.sk\/arduino\/index.php\/produkt\/digital-adjustable-current-signal-generator-module-board-precision-to-0-1ma-frequency-generator-dc-12v-24v-4-20ma\/#breadcrumb","itemListElement":[{"@type":"ListItem","position":1,"name":"Domov","item":"https:\/\/www.onetimenexttime.sk\/arduino\/"},{"@type":"ListItem","position":2,"name":"Obchod","item":"https:\/\/www.onetimenexttime.sk\/arduino\/"},{"@type":"ListItem","position":3,"name":"Digital Adjustable Current Signal Generator Module Board Precision to 0.1mA frequency generator DC 12V 24V 4-20mA"}]},{"@type":"WebSite","@id":"https:\/\/www.onetimenexttime.sk\/arduino\/#website","url":"https:\/\/www.onetimenexttime.sk\/arduino\/","name":"Arduino e-shop","description":"Home Assistant","potentialAction":[{"@type":"SearchAction","target":{"@type":"EntryPoint","urlTemplate":"https:\/\/www.onetimenexttime.sk\/arduino\/?s={search_term_string}"},"query-input":{"@type":"PropertyValueSpecification","valueRequired":true,"valueName":"search_term_string"}}],"inLanguage":"sk-SK"}]}},"_links":{"self":[{"href":"https:\/\/www.onetimenexttime.sk\/arduino\/index.php\/wp-json\/wp\/v2\/product\/892"}],"collection":[{"href":"https:\/\/www.onetimenexttime.sk\/arduino\/index.php\/wp-json\/wp\/v2\/product"}],"about":[{"href":"https:\/\/www.onetimenexttime.sk\/arduino\/index.php\/wp-json\/wp\/v2\/types\/product"}],"wp:featuredmedia":[{"embeddable":true,"href":"https:\/\/www.onetimenexttime.sk\/arduino\/index.php\/wp-json\/wp\/v2\/media\/893"}],"wp:attachment":[{"href":"https:\/\/www.onetimenexttime.sk\/arduino\/index.php\/wp-json\/wp\/v2\/media?parent=892"}],"wp:term":[{"taxonomy":"product_cat","embeddable":true,"href":"https:\/\/www.onetimenexttime.sk\/arduino\/index.php\/wp-json\/wp\/v2\/product_cat?post=892"},{"taxonomy":"product_tag","embeddable":true,"href":"https:\/\/www.onetimenexttime.sk\/arduino\/index.php\/wp-json\/wp\/v2\/product_tag?post=892"}],"curies":[{"name":"wp","href":"https:\/\/api.w.org\/{rel}","templated":true}]}}