{"id":885,"date":"2021-10-31T22:32:46","date_gmt":"2021-10-31T21:32:46","guid":{"rendered":"https:\/\/www.onetimenexttime.sk\/arduino\/?post_type=product&#038;p=885"},"modified":"2021-10-31T22:39:29","modified_gmt":"2021-10-31T21:39:29","slug":"1080p-mini-hdmi-to-vga-to-rca-av-adapter-converter-with-3-5mm-audio-cable-vga2av-cvbs-audio-to-pc-hdtv-video-converter","status":"publish","type":"product","link":"https:\/\/www.onetimenexttime.sk\/arduino\/index.php\/produkt\/1080p-mini-hdmi-to-vga-to-rca-av-adapter-converter-with-3-5mm-audio-cable-vga2av-cvbs-audio-to-pc-hdtv-video-converter\/","title":{"rendered":"1080P Mini HDMI to VGA to RCA AV Adapter Converter with 3.5mm Audio cable VGA2AV \/ CVBS + Audio to PC HDTV Video Converter"},"content":{"rendered":"<h2>1080P Mini HDMI na VGA na RCA AV konvertor AV s 3,5 mm audio k\u00e1blom VGA2AV \/ CVBS + Audio na PC HDTV Video konvertor<\/h2>\n<p>&nbsp;<\/p>\n<p>Zme\u0148te video\/zvukov\u00fd sign\u00e1l HDMI na kompozitn\u00fd video sign\u00e1l AV (CVBS) a stereof\u00f3nne zvukov\u00e9 sign\u00e1ly FL\/FR pri podpore ved\u013eaj\u0161\u00edch sign\u00e1lov syst\u00e9mu DVI konvertujte digit\u00e1lny sign\u00e1l HDMI na AUDIO anal\u00f3gov\u00fd stereof\u00f3nny zvuk prostredn\u00edctvom spracovania DAC.<\/p>\n<p>Vyu\u017e\u00edva najnov\u0161iu technol\u00f3giu spracovania videa, vylep\u0161uje obraz\/jas\/kontrastn\u00fd pomer\/farbu, jeho v\u00fdstupn\u00e1 prieh\u013eadnos\u0165 CVBS je \u00faplne \u010dist\u00e1.<\/p>\n<p>Prij\u00edma technol\u00f3giu 3D kompenz\u00e1cie, pom\u00e1ha efekt\u00edvne eliminova\u0165 chvenie a \u0165ahanie videa \/ Prij\u00edma technol\u00f3giu digit\u00e1lnych \u010dipov s n\u00edzkou spotrebou energie, generovanie n\u00edzkej teploty, stabiln\u00e1, 24-hodinov\u00e1 nepretr\u017eit\u00e1 pr\u00e1ca.<\/p>\n<p>Zme\u0148te vysok\u00fa kvalitu HDMI video sign\u00e1lu na norm\u00e1lny CVBS sign\u00e1l, aby ste mohli prehr\u00e1va\u0165 na TV, VHS VCR, DVD rekord\u00e9roch at\u010f.<\/p>\n<p>Automaticky identifikujte HDCP, priamo rozlomte KEY (HDCP) z predn\u00e9ho portu HDMI.<\/p>\n<p>Podporuje tie\u017e dva TV form\u00e1ty NTSC a PAL.<\/p>\n<p>\u0161pecifik\u00e1cia:<\/p>\n<p>Vstupn\u00fd port: 1 x \u0161tandardn\u00fd HDMI<br \/>\nV\u00fdstupn\u00fd port: 1 X 3RCA (\u017elt\u00fd\/biely\/\u010derven\u00fd)<br \/>\nRozl\u00ed\u0161enie vstupu HDMI: 1080p<br \/>\nV\u00fdstup CVBS: PAL \/ NTSC_M (NTSC_J)<br \/>\nVe\u013ekos\u0165: 66 X 55 X 20 mm (D * \u0160 * V)<br \/>\nHmotnos\u0165: 60g<\/p>\n<p>Obsah balenia:<\/p>\n<p>1 x Mini HDMI na AV prevodn\u00edk<br \/>\n1 x USB k\u00e1bel<br \/>\n1 x N\u00e1vod na pou\u017eitie<\/p>\n","protected":false},"excerpt":{"rendered":"<p>1080P Mini HDMI na VGA na RCA AV konvertor AV s 3,5 mm audio k\u00e1blom VGA2AV \/ CVBS + Audio&hellip;<\/p>\n","protected":false},"featured_media":888,"template":"","meta":{"_monsterinsights_skip_tracking":false,"_monsterinsights_sitenote_active":false,"_monsterinsights_sitenote_note":"","_monsterinsights_sitenote_category":0},"product_cat":[49,54,50],"product_tag":[],"class_list":{"0":"post-885","1":"product","2":"type-product","3":"status-publish","4":"has-post-thumbnail","6":"product_cat-cable","7":"product_cat-hdmi","8":"product_cat-pc","10":"first","11":"instock","12":"shipping-taxable","13":"purchasable","14":"product-type-simple"},"yoast_head":"<!-- This site is optimized with the Yoast SEO plugin v23.6 - https:\/\/yoast.com\/wordpress\/plugins\/seo\/ -->\n<title>1080P Mini HDMI to VGA to RCA AV Adapter Converter with 3.5mm Audio cable VGA2AV \/ CVBS + Audio to PC HDTV Video Converter - Arduino e-shop<\/title>\n<meta name=\"robots\" content=\"index, follow, max-snippet:-1, max-image-preview:large, max-video-preview:-1\" \/>\n<link rel=\"canonical\" href=\"https:\/\/www.onetimenexttime.sk\/arduino\/index.php\/produkt\/1080p-mini-hdmi-to-vga-to-rca-av-adapter-converter-with-3-5mm-audio-cable-vga2av-cvbs-audio-to-pc-hdtv-video-converter\/\" \/>\n<meta property=\"og:locale\" content=\"sk_SK\" \/>\n<meta property=\"og:type\" content=\"article\" \/>\n<meta property=\"og:title\" content=\"1080P Mini HDMI to VGA to RCA AV Adapter Converter with 3.5mm Audio cable VGA2AV \/ CVBS + Audio to PC HDTV Video Converter - Arduino e-shop\" \/>\n<meta property=\"og:description\" content=\"1080P Mini HDMI na VGA na RCA AV konvertor AV s 3,5 mm audio k\u00e1blom VGA2AV \/ CVBS + Audio&hellip;\" \/>\n<meta property=\"og:url\" content=\"https:\/\/www.onetimenexttime.sk\/arduino\/index.php\/produkt\/1080p-mini-hdmi-to-vga-to-rca-av-adapter-converter-with-3-5mm-audio-cable-vga2av-cvbs-audio-to-pc-hdtv-video-converter\/\" \/>\n<meta property=\"og:site_name\" content=\"Arduino e-shop\" \/>\n<meta property=\"article:modified_time\" content=\"2021-10-31T21:39:29+00:00\" \/>\n<meta property=\"og:image\" content=\"https:\/\/www.onetimenexttime.sk\/arduino\/wp-content\/uploads\/2021\/10\/650.jpg\" \/>\n\t<meta property=\"og:image:width\" content=\"529\" \/>\n\t<meta property=\"og:image:height\" content=\"529\" \/>\n\t<meta property=\"og:image:type\" content=\"image\/jpeg\" \/>\n<meta name=\"twitter:card\" content=\"summary_large_image\" \/>\n<meta name=\"twitter:label1\" content=\"Predpokladan\u00fd \u010das \u010d\u00edtania\" \/>\n\t<meta name=\"twitter:data1\" content=\"1 min\u00fata\" \/>\n<script type=\"application\/ld+json\" class=\"yoast-schema-graph\">{\"@context\":\"https:\/\/schema.org\",\"@graph\":[{\"@type\":\"WebPage\",\"@id\":\"https:\/\/www.onetimenexttime.sk\/arduino\/index.php\/produkt\/1080p-mini-hdmi-to-vga-to-rca-av-adapter-converter-with-3-5mm-audio-cable-vga2av-cvbs-audio-to-pc-hdtv-video-converter\/\",\"url\":\"https:\/\/www.onetimenexttime.sk\/arduino\/index.php\/produkt\/1080p-mini-hdmi-to-vga-to-rca-av-adapter-converter-with-3-5mm-audio-cable-vga2av-cvbs-audio-to-pc-hdtv-video-converter\/\",\"name\":\"1080P Mini HDMI to VGA to RCA AV Adapter Converter with 3.5mm Audio cable VGA2AV \/ CVBS + Audio to PC HDTV Video Converter - Arduino e-shop\",\"isPartOf\":{\"@id\":\"https:\/\/www.onetimenexttime.sk\/arduino\/#website\"},\"primaryImageOfPage\":{\"@id\":\"https:\/\/www.onetimenexttime.sk\/arduino\/index.php\/produkt\/1080p-mini-hdmi-to-vga-to-rca-av-adapter-converter-with-3-5mm-audio-cable-vga2av-cvbs-audio-to-pc-hdtv-video-converter\/#primaryimage\"},\"image\":{\"@id\":\"https:\/\/www.onetimenexttime.sk\/arduino\/index.php\/produkt\/1080p-mini-hdmi-to-vga-to-rca-av-adapter-converter-with-3-5mm-audio-cable-vga2av-cvbs-audio-to-pc-hdtv-video-converter\/#primaryimage\"},\"thumbnailUrl\":\"https:\/\/www.onetimenexttime.sk\/arduino\/wp-content\/uploads\/2021\/10\/650.jpg\",\"datePublished\":\"2021-10-31T21:32:46+00:00\",\"dateModified\":\"2021-10-31T21:39:29+00:00\",\"breadcrumb\":{\"@id\":\"https:\/\/www.onetimenexttime.sk\/arduino\/index.php\/produkt\/1080p-mini-hdmi-to-vga-to-rca-av-adapter-converter-with-3-5mm-audio-cable-vga2av-cvbs-audio-to-pc-hdtv-video-converter\/#breadcrumb\"},\"inLanguage\":\"sk-SK\",\"potentialAction\":[{\"@type\":\"ReadAction\",\"target\":[\"https:\/\/www.onetimenexttime.sk\/arduino\/index.php\/produkt\/1080p-mini-hdmi-to-vga-to-rca-av-adapter-converter-with-3-5mm-audio-cable-vga2av-cvbs-audio-to-pc-hdtv-video-converter\/\"]}]},{\"@type\":\"ImageObject\",\"inLanguage\":\"sk-SK\",\"@id\":\"https:\/\/www.onetimenexttime.sk\/arduino\/index.php\/produkt\/1080p-mini-hdmi-to-vga-to-rca-av-adapter-converter-with-3-5mm-audio-cable-vga2av-cvbs-audio-to-pc-hdtv-video-converter\/#primaryimage\",\"url\":\"https:\/\/www.onetimenexttime.sk\/arduino\/wp-content\/uploads\/2021\/10\/650.jpg\",\"contentUrl\":\"https:\/\/www.onetimenexttime.sk\/arduino\/wp-content\/uploads\/2021\/10\/650.jpg\",\"width\":529,\"height\":529},{\"@type\":\"BreadcrumbList\",\"@id\":\"https:\/\/www.onetimenexttime.sk\/arduino\/index.php\/produkt\/1080p-mini-hdmi-to-vga-to-rca-av-adapter-converter-with-3-5mm-audio-cable-vga2av-cvbs-audio-to-pc-hdtv-video-converter\/#breadcrumb\",\"itemListElement\":[{\"@type\":\"ListItem\",\"position\":1,\"name\":\"Domov\",\"item\":\"https:\/\/www.onetimenexttime.sk\/arduino\/\"},{\"@type\":\"ListItem\",\"position\":2,\"name\":\"Obchod\",\"item\":\"https:\/\/www.onetimenexttime.sk\/arduino\/\"},{\"@type\":\"ListItem\",\"position\":3,\"name\":\"1080P Mini HDMI to VGA to RCA AV Adapter Converter with 3.5mm Audio cable VGA2AV \/ CVBS + Audio to PC HDTV Video Converter\"}]},{\"@type\":\"WebSite\",\"@id\":\"https:\/\/www.onetimenexttime.sk\/arduino\/#website\",\"url\":\"https:\/\/www.onetimenexttime.sk\/arduino\/\",\"name\":\"Arduino e-shop\",\"description\":\"Home Assistant\",\"potentialAction\":[{\"@type\":\"SearchAction\",\"target\":{\"@type\":\"EntryPoint\",\"urlTemplate\":\"https:\/\/www.onetimenexttime.sk\/arduino\/?s={search_term_string}\"},\"query-input\":{\"@type\":\"PropertyValueSpecification\",\"valueRequired\":true,\"valueName\":\"search_term_string\"}}],\"inLanguage\":\"sk-SK\"}]}<\/script>\n<!-- \/ Yoast SEO plugin. -->","yoast_head_json":{"title":"1080P Mini HDMI to VGA to RCA AV Adapter Converter with 3.5mm Audio cable VGA2AV \/ CVBS + Audio to PC HDTV Video Converter - Arduino e-shop","robots":{"index":"index","follow":"follow","max-snippet":"max-snippet:-1","max-image-preview":"max-image-preview:large","max-video-preview":"max-video-preview:-1"},"canonical":"https:\/\/www.onetimenexttime.sk\/arduino\/index.php\/produkt\/1080p-mini-hdmi-to-vga-to-rca-av-adapter-converter-with-3-5mm-audio-cable-vga2av-cvbs-audio-to-pc-hdtv-video-converter\/","og_locale":"sk_SK","og_type":"article","og_title":"1080P Mini HDMI to VGA to RCA AV Adapter Converter with 3.5mm Audio cable VGA2AV \/ CVBS + Audio to PC HDTV Video Converter - Arduino e-shop","og_description":"1080P Mini HDMI na VGA na RCA AV konvertor AV s 3,5 mm audio k\u00e1blom VGA2AV \/ CVBS + Audio&hellip;","og_url":"https:\/\/www.onetimenexttime.sk\/arduino\/index.php\/produkt\/1080p-mini-hdmi-to-vga-to-rca-av-adapter-converter-with-3-5mm-audio-cable-vga2av-cvbs-audio-to-pc-hdtv-video-converter\/","og_site_name":"Arduino e-shop","article_modified_time":"2021-10-31T21:39:29+00:00","og_image":[{"width":529,"height":529,"url":"https:\/\/www.onetimenexttime.sk\/arduino\/wp-content\/uploads\/2021\/10\/650.jpg","type":"image\/jpeg"}],"twitter_card":"summary_large_image","twitter_misc":{"Predpokladan\u00fd \u010das \u010d\u00edtania":"1 min\u00fata"},"schema":{"@context":"https:\/\/schema.org","@graph":[{"@type":"WebPage","@id":"https:\/\/www.onetimenexttime.sk\/arduino\/index.php\/produkt\/1080p-mini-hdmi-to-vga-to-rca-av-adapter-converter-with-3-5mm-audio-cable-vga2av-cvbs-audio-to-pc-hdtv-video-converter\/","url":"https:\/\/www.onetimenexttime.sk\/arduino\/index.php\/produkt\/1080p-mini-hdmi-to-vga-to-rca-av-adapter-converter-with-3-5mm-audio-cable-vga2av-cvbs-audio-to-pc-hdtv-video-converter\/","name":"1080P Mini HDMI to VGA to RCA AV Adapter Converter with 3.5mm Audio cable VGA2AV \/ CVBS + Audio to PC HDTV Video Converter - Arduino e-shop","isPartOf":{"@id":"https:\/\/www.onetimenexttime.sk\/arduino\/#website"},"primaryImageOfPage":{"@id":"https:\/\/www.onetimenexttime.sk\/arduino\/index.php\/produkt\/1080p-mini-hdmi-to-vga-to-rca-av-adapter-converter-with-3-5mm-audio-cable-vga2av-cvbs-audio-to-pc-hdtv-video-converter\/#primaryimage"},"image":{"@id":"https:\/\/www.onetimenexttime.sk\/arduino\/index.php\/produkt\/1080p-mini-hdmi-to-vga-to-rca-av-adapter-converter-with-3-5mm-audio-cable-vga2av-cvbs-audio-to-pc-hdtv-video-converter\/#primaryimage"},"thumbnailUrl":"https:\/\/www.onetimenexttime.sk\/arduino\/wp-content\/uploads\/2021\/10\/650.jpg","datePublished":"2021-10-31T21:32:46+00:00","dateModified":"2021-10-31T21:39:29+00:00","breadcrumb":{"@id":"https:\/\/www.onetimenexttime.sk\/arduino\/index.php\/produkt\/1080p-mini-hdmi-to-vga-to-rca-av-adapter-converter-with-3-5mm-audio-cable-vga2av-cvbs-audio-to-pc-hdtv-video-converter\/#breadcrumb"},"inLanguage":"sk-SK","potentialAction":[{"@type":"ReadAction","target":["https:\/\/www.onetimenexttime.sk\/arduino\/index.php\/produkt\/1080p-mini-hdmi-to-vga-to-rca-av-adapter-converter-with-3-5mm-audio-cable-vga2av-cvbs-audio-to-pc-hdtv-video-converter\/"]}]},{"@type":"ImageObject","inLanguage":"sk-SK","@id":"https:\/\/www.onetimenexttime.sk\/arduino\/index.php\/produkt\/1080p-mini-hdmi-to-vga-to-rca-av-adapter-converter-with-3-5mm-audio-cable-vga2av-cvbs-audio-to-pc-hdtv-video-converter\/#primaryimage","url":"https:\/\/www.onetimenexttime.sk\/arduino\/wp-content\/uploads\/2021\/10\/650.jpg","contentUrl":"https:\/\/www.onetimenexttime.sk\/arduino\/wp-content\/uploads\/2021\/10\/650.jpg","width":529,"height":529},{"@type":"BreadcrumbList","@id":"https:\/\/www.onetimenexttime.sk\/arduino\/index.php\/produkt\/1080p-mini-hdmi-to-vga-to-rca-av-adapter-converter-with-3-5mm-audio-cable-vga2av-cvbs-audio-to-pc-hdtv-video-converter\/#breadcrumb","itemListElement":[{"@type":"ListItem","position":1,"name":"Domov","item":"https:\/\/www.onetimenexttime.sk\/arduino\/"},{"@type":"ListItem","position":2,"name":"Obchod","item":"https:\/\/www.onetimenexttime.sk\/arduino\/"},{"@type":"ListItem","position":3,"name":"1080P Mini HDMI to VGA to RCA AV Adapter Converter with 3.5mm Audio cable VGA2AV \/ CVBS + Audio to PC HDTV Video Converter"}]},{"@type":"WebSite","@id":"https:\/\/www.onetimenexttime.sk\/arduino\/#website","url":"https:\/\/www.onetimenexttime.sk\/arduino\/","name":"Arduino e-shop","description":"Home Assistant","potentialAction":[{"@type":"SearchAction","target":{"@type":"EntryPoint","urlTemplate":"https:\/\/www.onetimenexttime.sk\/arduino\/?s={search_term_string}"},"query-input":{"@type":"PropertyValueSpecification","valueRequired":true,"valueName":"search_term_string"}}],"inLanguage":"sk-SK"}]}},"_links":{"self":[{"href":"https:\/\/www.onetimenexttime.sk\/arduino\/index.php\/wp-json\/wp\/v2\/product\/885"}],"collection":[{"href":"https:\/\/www.onetimenexttime.sk\/arduino\/index.php\/wp-json\/wp\/v2\/product"}],"about":[{"href":"https:\/\/www.onetimenexttime.sk\/arduino\/index.php\/wp-json\/wp\/v2\/types\/product"}],"wp:featuredmedia":[{"embeddable":true,"href":"https:\/\/www.onetimenexttime.sk\/arduino\/index.php\/wp-json\/wp\/v2\/media\/888"}],"wp:attachment":[{"href":"https:\/\/www.onetimenexttime.sk\/arduino\/index.php\/wp-json\/wp\/v2\/media?parent=885"}],"wp:term":[{"taxonomy":"product_cat","embeddable":true,"href":"https:\/\/www.onetimenexttime.sk\/arduino\/index.php\/wp-json\/wp\/v2\/product_cat?post=885"},{"taxonomy":"product_tag","embeddable":true,"href":"https:\/\/www.onetimenexttime.sk\/arduino\/index.php\/wp-json\/wp\/v2\/product_tag?post=885"}],"curies":[{"name":"wp","href":"https:\/\/api.w.org\/{rel}","templated":true}]}}