{"id":881,"date":"2021-10-31T22:26:21","date_gmt":"2021-10-31T21:26:21","guid":{"rendered":"https:\/\/www.onetimenexttime.sk\/arduino\/?post_type=product&#038;p=881"},"modified":"2021-10-31T22:32:37","modified_gmt":"2021-10-31T21:32:37","slug":"digital-optical-toslink-spdif-coax-to-analog-rca-audio-converter-adapter","status":"publish","type":"product","link":"https:\/\/www.onetimenexttime.sk\/arduino\/index.php\/produkt\/digital-optical-toslink-spdif-coax-to-analog-rca-audio-converter-adapter\/","title":{"rendered":"Digital Optical Toslink SPDIF Coax To Analog RCA Audio Converter Adapter"},"content":{"rendered":"<h2>Digit\u00e1lny optick\u00fd adapt\u00e9r Toslink SPDIF Coax To Analog RCA Audio Converter<\/h2>\n<p><strong>Vlastnosti:<\/strong><\/p>\n<p>100% \u00daplne nov\u00fd a vysoko kvalitn\u00fd!<\/p>\n<p>Tento prevodn\u00edk digit\u00e1lneho zvuku na anal\u00f3gov\u00fd je ur\u010den\u00fd na dom\u00e1ce alebo profesion\u00e1lne prep\u00ednanie zvuku.<\/p>\n<p>Prev\u00e1dza koaxi\u00e1lne alebo toslink digit\u00e1lne audio sign\u00e1ly na anal\u00f3gov\u00e9 L\/R audio a je k dispoz\u00edcii na pripojenie k an<\/p>\n<p>extern\u00e9 zariadenie, napr\u00edklad zosil\u0148ova\u010d, cez \u0161tandardn\u00e9 RCA konektory.<\/p>\n<p>Konvertuje koaxi\u00e1lne alebo toslink digit\u00e1lne audio sign\u00e1ly na anal\u00f3gov\u00e9 L\/R audio a prip\u00e1ja sa k extern\u00e9mu zariadeniu, napr<\/p>\n<p>ako zosil\u0148ova\u010d cez \u0161tandardn\u00e9 RCA konektory<\/p>\n<p>Podporuje nekomprimovan\u00fd 2-kan\u00e1lov\u00fd v\u00fdstup digit\u00e1lneho audio sign\u00e1lu LPCM<\/p>\n<p>Podporuje vzorkovaciu frekvenciu pri 32, 44,1, 48 a 96 kHz<\/p>\n<p>24-bitov\u00fd prich\u00e1dzaj\u00faci bitov\u00fd tok S\/PDIF na \u013eavom a pravom kan\u00e1li<\/p>\n<p>Poskytuje prenos bez elektromagnetick\u00e9ho \u0161umu<\/p>\n<p>Jednoduch\u00e1 in\u0161tal\u00e1cia a jednoduch\u00e1 obsluha<\/p>\n<p>Kompaktn\u00e1 ve\u013ekos\u0165<\/p>\n<p><strong>Vlastnosti produktu:<\/strong><br \/>\nAplik\u00e1cia: Multim\u00e9di\u00e1<\/p>\n<p>Pohlavie: \u017dena-\u017dena<\/p>\n<p>Model: KG90 KG70<\/p>\n<p>Farba konektora: \u010dierna<\/p>\n<p>Vlastnosti produktu: Optick\u00e9 vl\u00e1kno<\/p>\n<p>Typ konektora: RCA<\/p>\n<p>Vstupn\u00fd zvuk: koaxi\u00e1lny alebo digit\u00e1lny zvuk Toslink<\/p>\n<p>V\u00fdstup zvuku: \u013d\/P zvuk<\/p>\n<p>Vstupn\u00fd audio konektor: Toslink, 1XRCA (koaxi\u00e1lny)<\/p>\n<p>V\u00fdstupn\u00fd audio konektor: 2XRCA R\/L<\/p>\n<p>Vzorkovacia frekvencia: 32, 44,1, 48 a 96 kHz<\/p>\n<p>Prev\u00e1dzkov\u00e1 teplota: 0~70\u00b0C<\/p>\n<p>Prev\u00e1dzkov\u00e1 vlhkos\u0165: 10%~85%RH (bez kondenz\u00e1cie)<\/p>\n<p>Extern\u00e9 nap\u00e1janie: 5V DC\/1A<\/p>\n<p>Pr\u00edkon: 0,5W<\/p>\n<p>Balen\u00e9: \u00e1no, op<\/p>\n<p>Technick\u00e9 \u00fadaje:<\/p>\n<p>Vstupn\u00fd zvuk: Koaxi\u00e1lne alebo Toslink digit\u00e1lne audio sign\u00e1ly na anal\u00f3gov\u00e9 L\/R audio<\/p>\n<p>V\u00fdstup zvuku: \u013d\/P zvuk<\/p>\n<p>Vstupn\u00fd audio konektor: 1 x Toslink, 1 x RCA (koaxi\u00e1lny)<\/p>\n<p>V\u00fdstupn\u00fd audio konektor: 2 x RCA (R\/L)<\/p>\n<p>Pr\u00edkon: AC 100-240V 50\/60Hz<\/p>\n<p>V\u00fdstup: DC 5V 1A<\/p>\n<p>Ve\u013ekos\u0165 produktu: 51 x 40 x 26 mm<\/p>\n<p><strong>Balenie obsahuje:<\/strong><\/p>\n<p>1 x prevodn\u00edk digit\u00e1lneho na anal\u00f3gov\u00fd zvuk<\/p>\n<p>1 x optick\u00fd k\u00e1bel<\/p>\n<p>1 x USB nap\u00e1jac\u00ed zdroj<\/p>\n","protected":false},"excerpt":{"rendered":"<p>Digit\u00e1lny optick\u00fd adapt\u00e9r Toslink SPDIF Coax To Analog RCA Audio Converter Vlastnosti: 100% \u00daplne nov\u00fd a vysoko kvalitn\u00fd! Tento prevodn\u00edk&hellip;<\/p>\n","protected":false},"featured_media":882,"template":"","meta":{"_monsterinsights_skip_tracking":false,"_monsterinsights_sitenote_active":false,"_monsterinsights_sitenote_note":"","_monsterinsights_sitenote_category":0},"product_cat":[49,50,53],"product_tag":[],"class_list":{"0":"post-881","1":"product","2":"type-product","3":"status-publish","4":"has-post-thumbnail","6":"product_cat-cable","7":"product_cat-pc","8":"product_cat-toslink","10":"first","11":"instock","12":"shipping-taxable","13":"purchasable","14":"product-type-simple"},"yoast_head":"<!-- This site is optimized with the Yoast SEO plugin v23.6 - https:\/\/yoast.com\/wordpress\/plugins\/seo\/ -->\n<title>Digital Optical Toslink SPDIF Coax To Analog RCA Audio Converter Adapter - Arduino e-shop<\/title>\n<meta name=\"robots\" content=\"index, follow, max-snippet:-1, max-image-preview:large, max-video-preview:-1\" \/>\n<link rel=\"canonical\" href=\"https:\/\/www.onetimenexttime.sk\/arduino\/index.php\/produkt\/digital-optical-toslink-spdif-coax-to-analog-rca-audio-converter-adapter\/\" \/>\n<meta property=\"og:locale\" content=\"sk_SK\" \/>\n<meta property=\"og:type\" content=\"article\" \/>\n<meta property=\"og:title\" content=\"Digital Optical Toslink SPDIF Coax To Analog RCA Audio Converter Adapter - Arduino e-shop\" \/>\n<meta property=\"og:description\" content=\"Digit\u00e1lny optick\u00fd adapt\u00e9r Toslink SPDIF Coax To Analog RCA Audio Converter Vlastnosti: 100% \u00daplne nov\u00fd a vysoko kvalitn\u00fd! Tento prevodn\u00edk&hellip;\" \/>\n<meta property=\"og:url\" content=\"https:\/\/www.onetimenexttime.sk\/arduino\/index.php\/produkt\/digital-optical-toslink-spdif-coax-to-analog-rca-audio-converter-adapter\/\" \/>\n<meta property=\"og:site_name\" content=\"Arduino e-shop\" \/>\n<meta property=\"article:modified_time\" content=\"2021-10-31T21:32:37+00:00\" \/>\n<meta property=\"og:image\" content=\"https:\/\/www.onetimenexttime.sk\/arduino\/wp-content\/uploads\/2021\/10\/630-1.jpg\" \/>\n\t<meta property=\"og:image:width\" content=\"529\" \/>\n\t<meta property=\"og:image:height\" content=\"529\" \/>\n\t<meta property=\"og:image:type\" content=\"image\/jpeg\" \/>\n<meta name=\"twitter:card\" content=\"summary_large_image\" \/>\n<meta name=\"twitter:label1\" content=\"Predpokladan\u00fd \u010das \u010d\u00edtania\" \/>\n\t<meta name=\"twitter:data1\" content=\"2 min\u00faty\" \/>\n<script type=\"application\/ld+json\" class=\"yoast-schema-graph\">{\"@context\":\"https:\/\/schema.org\",\"@graph\":[{\"@type\":\"WebPage\",\"@id\":\"https:\/\/www.onetimenexttime.sk\/arduino\/index.php\/produkt\/digital-optical-toslink-spdif-coax-to-analog-rca-audio-converter-adapter\/\",\"url\":\"https:\/\/www.onetimenexttime.sk\/arduino\/index.php\/produkt\/digital-optical-toslink-spdif-coax-to-analog-rca-audio-converter-adapter\/\",\"name\":\"Digital Optical Toslink SPDIF Coax To Analog RCA Audio Converter Adapter - Arduino e-shop\",\"isPartOf\":{\"@id\":\"https:\/\/www.onetimenexttime.sk\/arduino\/#website\"},\"primaryImageOfPage\":{\"@id\":\"https:\/\/www.onetimenexttime.sk\/arduino\/index.php\/produkt\/digital-optical-toslink-spdif-coax-to-analog-rca-audio-converter-adapter\/#primaryimage\"},\"image\":{\"@id\":\"https:\/\/www.onetimenexttime.sk\/arduino\/index.php\/produkt\/digital-optical-toslink-spdif-coax-to-analog-rca-audio-converter-adapter\/#primaryimage\"},\"thumbnailUrl\":\"https:\/\/www.onetimenexttime.sk\/arduino\/wp-content\/uploads\/2021\/10\/630-1.jpg\",\"datePublished\":\"2021-10-31T21:26:21+00:00\",\"dateModified\":\"2021-10-31T21:32:37+00:00\",\"breadcrumb\":{\"@id\":\"https:\/\/www.onetimenexttime.sk\/arduino\/index.php\/produkt\/digital-optical-toslink-spdif-coax-to-analog-rca-audio-converter-adapter\/#breadcrumb\"},\"inLanguage\":\"sk-SK\",\"potentialAction\":[{\"@type\":\"ReadAction\",\"target\":[\"https:\/\/www.onetimenexttime.sk\/arduino\/index.php\/produkt\/digital-optical-toslink-spdif-coax-to-analog-rca-audio-converter-adapter\/\"]}]},{\"@type\":\"ImageObject\",\"inLanguage\":\"sk-SK\",\"@id\":\"https:\/\/www.onetimenexttime.sk\/arduino\/index.php\/produkt\/digital-optical-toslink-spdif-coax-to-analog-rca-audio-converter-adapter\/#primaryimage\",\"url\":\"https:\/\/www.onetimenexttime.sk\/arduino\/wp-content\/uploads\/2021\/10\/630-1.jpg\",\"contentUrl\":\"https:\/\/www.onetimenexttime.sk\/arduino\/wp-content\/uploads\/2021\/10\/630-1.jpg\",\"width\":529,\"height\":529},{\"@type\":\"BreadcrumbList\",\"@id\":\"https:\/\/www.onetimenexttime.sk\/arduino\/index.php\/produkt\/digital-optical-toslink-spdif-coax-to-analog-rca-audio-converter-adapter\/#breadcrumb\",\"itemListElement\":[{\"@type\":\"ListItem\",\"position\":1,\"name\":\"Domov\",\"item\":\"https:\/\/www.onetimenexttime.sk\/arduino\/\"},{\"@type\":\"ListItem\",\"position\":2,\"name\":\"Obchod\",\"item\":\"https:\/\/www.onetimenexttime.sk\/arduino\/\"},{\"@type\":\"ListItem\",\"position\":3,\"name\":\"Digital Optical Toslink SPDIF Coax To Analog RCA Audio Converter Adapter\"}]},{\"@type\":\"WebSite\",\"@id\":\"https:\/\/www.onetimenexttime.sk\/arduino\/#website\",\"url\":\"https:\/\/www.onetimenexttime.sk\/arduino\/\",\"name\":\"Arduino e-shop\",\"description\":\"Home Assistant\",\"potentialAction\":[{\"@type\":\"SearchAction\",\"target\":{\"@type\":\"EntryPoint\",\"urlTemplate\":\"https:\/\/www.onetimenexttime.sk\/arduino\/?s={search_term_string}\"},\"query-input\":{\"@type\":\"PropertyValueSpecification\",\"valueRequired\":true,\"valueName\":\"search_term_string\"}}],\"inLanguage\":\"sk-SK\"}]}<\/script>\n<!-- \/ Yoast SEO plugin. -->","yoast_head_json":{"title":"Digital Optical Toslink SPDIF Coax To Analog RCA Audio Converter Adapter - Arduino e-shop","robots":{"index":"index","follow":"follow","max-snippet":"max-snippet:-1","max-image-preview":"max-image-preview:large","max-video-preview":"max-video-preview:-1"},"canonical":"https:\/\/www.onetimenexttime.sk\/arduino\/index.php\/produkt\/digital-optical-toslink-spdif-coax-to-analog-rca-audio-converter-adapter\/","og_locale":"sk_SK","og_type":"article","og_title":"Digital Optical Toslink SPDIF Coax To Analog RCA Audio Converter Adapter - Arduino e-shop","og_description":"Digit\u00e1lny optick\u00fd adapt\u00e9r Toslink SPDIF Coax To Analog RCA Audio Converter Vlastnosti: 100% \u00daplne nov\u00fd a vysoko kvalitn\u00fd! Tento prevodn\u00edk&hellip;","og_url":"https:\/\/www.onetimenexttime.sk\/arduino\/index.php\/produkt\/digital-optical-toslink-spdif-coax-to-analog-rca-audio-converter-adapter\/","og_site_name":"Arduino e-shop","article_modified_time":"2021-10-31T21:32:37+00:00","og_image":[{"width":529,"height":529,"url":"https:\/\/www.onetimenexttime.sk\/arduino\/wp-content\/uploads\/2021\/10\/630-1.jpg","type":"image\/jpeg"}],"twitter_card":"summary_large_image","twitter_misc":{"Predpokladan\u00fd \u010das \u010d\u00edtania":"2 min\u00faty"},"schema":{"@context":"https:\/\/schema.org","@graph":[{"@type":"WebPage","@id":"https:\/\/www.onetimenexttime.sk\/arduino\/index.php\/produkt\/digital-optical-toslink-spdif-coax-to-analog-rca-audio-converter-adapter\/","url":"https:\/\/www.onetimenexttime.sk\/arduino\/index.php\/produkt\/digital-optical-toslink-spdif-coax-to-analog-rca-audio-converter-adapter\/","name":"Digital Optical Toslink SPDIF Coax To Analog RCA Audio Converter Adapter - Arduino e-shop","isPartOf":{"@id":"https:\/\/www.onetimenexttime.sk\/arduino\/#website"},"primaryImageOfPage":{"@id":"https:\/\/www.onetimenexttime.sk\/arduino\/index.php\/produkt\/digital-optical-toslink-spdif-coax-to-analog-rca-audio-converter-adapter\/#primaryimage"},"image":{"@id":"https:\/\/www.onetimenexttime.sk\/arduino\/index.php\/produkt\/digital-optical-toslink-spdif-coax-to-analog-rca-audio-converter-adapter\/#primaryimage"},"thumbnailUrl":"https:\/\/www.onetimenexttime.sk\/arduino\/wp-content\/uploads\/2021\/10\/630-1.jpg","datePublished":"2021-10-31T21:26:21+00:00","dateModified":"2021-10-31T21:32:37+00:00","breadcrumb":{"@id":"https:\/\/www.onetimenexttime.sk\/arduino\/index.php\/produkt\/digital-optical-toslink-spdif-coax-to-analog-rca-audio-converter-adapter\/#breadcrumb"},"inLanguage":"sk-SK","potentialAction":[{"@type":"ReadAction","target":["https:\/\/www.onetimenexttime.sk\/arduino\/index.php\/produkt\/digital-optical-toslink-spdif-coax-to-analog-rca-audio-converter-adapter\/"]}]},{"@type":"ImageObject","inLanguage":"sk-SK","@id":"https:\/\/www.onetimenexttime.sk\/arduino\/index.php\/produkt\/digital-optical-toslink-spdif-coax-to-analog-rca-audio-converter-adapter\/#primaryimage","url":"https:\/\/www.onetimenexttime.sk\/arduino\/wp-content\/uploads\/2021\/10\/630-1.jpg","contentUrl":"https:\/\/www.onetimenexttime.sk\/arduino\/wp-content\/uploads\/2021\/10\/630-1.jpg","width":529,"height":529},{"@type":"BreadcrumbList","@id":"https:\/\/www.onetimenexttime.sk\/arduino\/index.php\/produkt\/digital-optical-toslink-spdif-coax-to-analog-rca-audio-converter-adapter\/#breadcrumb","itemListElement":[{"@type":"ListItem","position":1,"name":"Domov","item":"https:\/\/www.onetimenexttime.sk\/arduino\/"},{"@type":"ListItem","position":2,"name":"Obchod","item":"https:\/\/www.onetimenexttime.sk\/arduino\/"},{"@type":"ListItem","position":3,"name":"Digital Optical Toslink SPDIF Coax To Analog RCA Audio Converter Adapter"}]},{"@type":"WebSite","@id":"https:\/\/www.onetimenexttime.sk\/arduino\/#website","url":"https:\/\/www.onetimenexttime.sk\/arduino\/","name":"Arduino e-shop","description":"Home Assistant","potentialAction":[{"@type":"SearchAction","target":{"@type":"EntryPoint","urlTemplate":"https:\/\/www.onetimenexttime.sk\/arduino\/?s={search_term_string}"},"query-input":{"@type":"PropertyValueSpecification","valueRequired":true,"valueName":"search_term_string"}}],"inLanguage":"sk-SK"}]}},"_links":{"self":[{"href":"https:\/\/www.onetimenexttime.sk\/arduino\/index.php\/wp-json\/wp\/v2\/product\/881"}],"collection":[{"href":"https:\/\/www.onetimenexttime.sk\/arduino\/index.php\/wp-json\/wp\/v2\/product"}],"about":[{"href":"https:\/\/www.onetimenexttime.sk\/arduino\/index.php\/wp-json\/wp\/v2\/types\/product"}],"wp:featuredmedia":[{"embeddable":true,"href":"https:\/\/www.onetimenexttime.sk\/arduino\/index.php\/wp-json\/wp\/v2\/media\/882"}],"wp:attachment":[{"href":"https:\/\/www.onetimenexttime.sk\/arduino\/index.php\/wp-json\/wp\/v2\/media?parent=881"}],"wp:term":[{"taxonomy":"product_cat","embeddable":true,"href":"https:\/\/www.onetimenexttime.sk\/arduino\/index.php\/wp-json\/wp\/v2\/product_cat?post=881"},{"taxonomy":"product_tag","embeddable":true,"href":"https:\/\/www.onetimenexttime.sk\/arduino\/index.php\/wp-json\/wp\/v2\/product_tag?post=881"}],"curies":[{"name":"wp","href":"https:\/\/api.w.org\/{rel}","templated":true}]}}