{"id":873,"date":"2021-10-31T21:35:48","date_gmt":"2021-10-31T20:35:48","guid":{"rendered":"https:\/\/www.onetimenexttime.sk\/arduino\/?post_type=product&#038;p=873"},"modified":"2021-10-31T21:41:26","modified_gmt":"2021-10-31T20:41:26","slug":"ismaring-isd1820-recording-module-voice-module-the-voice-board-telediphone-module-board-with-microphones-loudspeaker","status":"publish","type":"product","link":"https:\/\/www.onetimenexttime.sk\/arduino\/index.php\/produkt\/ismaring-isd1820-recording-module-voice-module-the-voice-board-telediphone-module-board-with-microphones-loudspeaker\/","title":{"rendered":"iSmaring ISD1820 recording module voice module the voice board telediphone module board with Microphones + Loudspeaker"},"content":{"rendered":"<h2>Z\u00e1znamov\u00fd modul iSmaring ISD1820 hlasov\u00fd modul hlasov\u00e1 doska teledif\u00f3nneho modulu s mikrof\u00f3nmi + reproduktor<\/h2>\n<p><strong>Vlastnosti:<\/strong><br \/>\nHlavn\u00fd \u010dip: ISD1820<br \/>\nVe\u013ekos\u0165: 38 mm * 42,5 mm<br \/>\nPrev\u00e1dzkov\u00e9 nap\u00e4tie: 3 ~ 5 V DC<br \/>\nJednoduch\u00e9 pou\u017eitie 10 sek\u00fand hlasov\u00e9ho z\u00e1znamu<br \/>\nVysoko kvalitn\u00fd, prirodzen\u00fd hlas obnoven\u00fd<br \/>\nM\u00f4\u017ee by\u0165 2 ako propaganda modulu<br \/>\nSo slu\u010dkou, celosvetov\u00fdm prehr\u00e1van\u00edm, funkciou jednopriechodov\u00e9ho prehr\u00e1vania<br \/>\nDostupn\u00e9 ovl\u00e1danie mikrokontrol\u00e9ra<br \/>\nModul m\u00f4\u017ee priamo nap\u00e1ja\u0165 8 ohm 0,5 W mal\u00fd reproduktor<br \/>\nPrepravn\u00fd zoznam<br \/>\nModul ISD1820 (neobsahuje nylonov\u00fd st\u013apik): 1ks<br \/>\n&nbsp;<\/p>\n<p>Zvukov\u00fd z\u00e1znamn\u00edk a prehr\u00e1vacie zariadenie Doba nahr\u00e1vania \u010dipovej sady ISD1820 pribli\u017ene 8 &#8211; 20 sek\u00fand s 0,5 W reproduktorom a ovl\u00e1dan\u00edm mikrof\u00f3nu pomocou zabudovanej kl\u00e1vesnice Nahr\u00e1vanie a prehr\u00e1vanie je mo\u017en\u00e9 ovl\u00e1da\u0165 aj externe, napr\u00edklad prostredn\u00edctvom Raspberry Pi, Arduino alebo in\u00fdch mikrokontrol\u00e9rov a SBC.<\/p>\n<p>&nbsp;<\/p>\n","protected":false},"excerpt":{"rendered":"<p>Z\u00e1znamov\u00fd modul iSmaring ISD1820 hlasov\u00fd modul hlasov\u00e1 doska teledif\u00f3nneho modulu s mikrof\u00f3nmi + reproduktor Vlastnosti: Hlavn\u00fd \u010dip: ISD1820 Ve\u013ekos\u0165: 38&hellip;<\/p>\n","protected":false},"featured_media":875,"template":"","meta":{"_monsterinsights_skip_tracking":false,"_monsterinsights_sitenote_active":false,"_monsterinsights_sitenote_note":"","_monsterinsights_sitenote_category":0},"product_cat":[16,23],"product_tag":[],"class_list":{"0":"post-873","1":"product","2":"type-product","3":"status-publish","4":"has-post-thumbnail","6":"product_cat-ard","7":"product_cat-audio-modul","9":"first","10":"instock","11":"sale","12":"shipping-taxable","13":"purchasable","14":"product-type-simple"},"yoast_head":"<!-- This site is optimized with the Yoast SEO plugin v23.6 - https:\/\/yoast.com\/wordpress\/plugins\/seo\/ -->\n<title>iSmaring ISD1820 recording module voice module the voice board telediphone module board with Microphones + Loudspeaker - Arduino e-shop<\/title>\n<meta name=\"robots\" content=\"index, follow, max-snippet:-1, max-image-preview:large, max-video-preview:-1\" \/>\n<link rel=\"canonical\" href=\"https:\/\/www.onetimenexttime.sk\/arduino\/index.php\/produkt\/ismaring-isd1820-recording-module-voice-module-the-voice-board-telediphone-module-board-with-microphones-loudspeaker\/\" \/>\n<meta property=\"og:locale\" content=\"sk_SK\" \/>\n<meta property=\"og:type\" content=\"article\" \/>\n<meta property=\"og:title\" content=\"iSmaring ISD1820 recording module voice module the voice board telediphone module board with Microphones + Loudspeaker - Arduino e-shop\" \/>\n<meta property=\"og:description\" content=\"Z\u00e1znamov\u00fd modul iSmaring ISD1820 hlasov\u00fd modul hlasov\u00e1 doska teledif\u00f3nneho modulu s mikrof\u00f3nmi + reproduktor Vlastnosti: Hlavn\u00fd \u010dip: ISD1820 Ve\u013ekos\u0165: 38&hellip;\" \/>\n<meta property=\"og:url\" content=\"https:\/\/www.onetimenexttime.sk\/arduino\/index.php\/produkt\/ismaring-isd1820-recording-module-voice-module-the-voice-board-telediphone-module-board-with-microphones-loudspeaker\/\" \/>\n<meta property=\"og:site_name\" content=\"Arduino e-shop\" \/>\n<meta property=\"article:modified_time\" content=\"2021-10-31T20:41:26+00:00\" \/>\n<meta property=\"og:image\" content=\"https:\/\/www.onetimenexttime.sk\/arduino\/wp-content\/uploads\/2021\/10\/628.jpg\" \/>\n\t<meta property=\"og:image:width\" content=\"501\" \/>\n\t<meta property=\"og:image:height\" content=\"501\" \/>\n\t<meta property=\"og:image:type\" content=\"image\/jpeg\" \/>\n<meta name=\"twitter:card\" content=\"summary_large_image\" \/>\n<meta name=\"twitter:label1\" content=\"Predpokladan\u00fd \u010das \u010d\u00edtania\" \/>\n\t<meta name=\"twitter:data1\" content=\"1 min\u00fata\" \/>\n<script type=\"application\/ld+json\" class=\"yoast-schema-graph\">{\"@context\":\"https:\/\/schema.org\",\"@graph\":[{\"@type\":\"WebPage\",\"@id\":\"https:\/\/www.onetimenexttime.sk\/arduino\/index.php\/produkt\/ismaring-isd1820-recording-module-voice-module-the-voice-board-telediphone-module-board-with-microphones-loudspeaker\/\",\"url\":\"https:\/\/www.onetimenexttime.sk\/arduino\/index.php\/produkt\/ismaring-isd1820-recording-module-voice-module-the-voice-board-telediphone-module-board-with-microphones-loudspeaker\/\",\"name\":\"iSmaring ISD1820 recording module voice module the voice board telediphone module board with Microphones + Loudspeaker - Arduino e-shop\",\"isPartOf\":{\"@id\":\"https:\/\/www.onetimenexttime.sk\/arduino\/#website\"},\"primaryImageOfPage\":{\"@id\":\"https:\/\/www.onetimenexttime.sk\/arduino\/index.php\/produkt\/ismaring-isd1820-recording-module-voice-module-the-voice-board-telediphone-module-board-with-microphones-loudspeaker\/#primaryimage\"},\"image\":{\"@id\":\"https:\/\/www.onetimenexttime.sk\/arduino\/index.php\/produkt\/ismaring-isd1820-recording-module-voice-module-the-voice-board-telediphone-module-board-with-microphones-loudspeaker\/#primaryimage\"},\"thumbnailUrl\":\"https:\/\/www.onetimenexttime.sk\/arduino\/wp-content\/uploads\/2021\/10\/628.jpg\",\"datePublished\":\"2021-10-31T20:35:48+00:00\",\"dateModified\":\"2021-10-31T20:41:26+00:00\",\"breadcrumb\":{\"@id\":\"https:\/\/www.onetimenexttime.sk\/arduino\/index.php\/produkt\/ismaring-isd1820-recording-module-voice-module-the-voice-board-telediphone-module-board-with-microphones-loudspeaker\/#breadcrumb\"},\"inLanguage\":\"sk-SK\",\"potentialAction\":[{\"@type\":\"ReadAction\",\"target\":[\"https:\/\/www.onetimenexttime.sk\/arduino\/index.php\/produkt\/ismaring-isd1820-recording-module-voice-module-the-voice-board-telediphone-module-board-with-microphones-loudspeaker\/\"]}]},{\"@type\":\"ImageObject\",\"inLanguage\":\"sk-SK\",\"@id\":\"https:\/\/www.onetimenexttime.sk\/arduino\/index.php\/produkt\/ismaring-isd1820-recording-module-voice-module-the-voice-board-telediphone-module-board-with-microphones-loudspeaker\/#primaryimage\",\"url\":\"https:\/\/www.onetimenexttime.sk\/arduino\/wp-content\/uploads\/2021\/10\/628.jpg\",\"contentUrl\":\"https:\/\/www.onetimenexttime.sk\/arduino\/wp-content\/uploads\/2021\/10\/628.jpg\",\"width\":501,\"height\":501},{\"@type\":\"BreadcrumbList\",\"@id\":\"https:\/\/www.onetimenexttime.sk\/arduino\/index.php\/produkt\/ismaring-isd1820-recording-module-voice-module-the-voice-board-telediphone-module-board-with-microphones-loudspeaker\/#breadcrumb\",\"itemListElement\":[{\"@type\":\"ListItem\",\"position\":1,\"name\":\"Domov\",\"item\":\"https:\/\/www.onetimenexttime.sk\/arduino\/\"},{\"@type\":\"ListItem\",\"position\":2,\"name\":\"Obchod\",\"item\":\"https:\/\/www.onetimenexttime.sk\/arduino\/\"},{\"@type\":\"ListItem\",\"position\":3,\"name\":\"iSmaring ISD1820 recording module voice module the voice board telediphone module board with Microphones + Loudspeaker\"}]},{\"@type\":\"WebSite\",\"@id\":\"https:\/\/www.onetimenexttime.sk\/arduino\/#website\",\"url\":\"https:\/\/www.onetimenexttime.sk\/arduino\/\",\"name\":\"Arduino e-shop\",\"description\":\"Home Assistant\",\"potentialAction\":[{\"@type\":\"SearchAction\",\"target\":{\"@type\":\"EntryPoint\",\"urlTemplate\":\"https:\/\/www.onetimenexttime.sk\/arduino\/?s={search_term_string}\"},\"query-input\":{\"@type\":\"PropertyValueSpecification\",\"valueRequired\":true,\"valueName\":\"search_term_string\"}}],\"inLanguage\":\"sk-SK\"}]}<\/script>\n<!-- \/ Yoast SEO plugin. -->","yoast_head_json":{"title":"iSmaring ISD1820 recording module voice module the voice board telediphone module board with Microphones + Loudspeaker - Arduino e-shop","robots":{"index":"index","follow":"follow","max-snippet":"max-snippet:-1","max-image-preview":"max-image-preview:large","max-video-preview":"max-video-preview:-1"},"canonical":"https:\/\/www.onetimenexttime.sk\/arduino\/index.php\/produkt\/ismaring-isd1820-recording-module-voice-module-the-voice-board-telediphone-module-board-with-microphones-loudspeaker\/","og_locale":"sk_SK","og_type":"article","og_title":"iSmaring ISD1820 recording module voice module the voice board telediphone module board with Microphones + Loudspeaker - Arduino e-shop","og_description":"Z\u00e1znamov\u00fd modul iSmaring ISD1820 hlasov\u00fd modul hlasov\u00e1 doska teledif\u00f3nneho modulu s mikrof\u00f3nmi + reproduktor Vlastnosti: Hlavn\u00fd \u010dip: ISD1820 Ve\u013ekos\u0165: 38&hellip;","og_url":"https:\/\/www.onetimenexttime.sk\/arduino\/index.php\/produkt\/ismaring-isd1820-recording-module-voice-module-the-voice-board-telediphone-module-board-with-microphones-loudspeaker\/","og_site_name":"Arduino e-shop","article_modified_time":"2021-10-31T20:41:26+00:00","og_image":[{"width":501,"height":501,"url":"https:\/\/www.onetimenexttime.sk\/arduino\/wp-content\/uploads\/2021\/10\/628.jpg","type":"image\/jpeg"}],"twitter_card":"summary_large_image","twitter_misc":{"Predpokladan\u00fd \u010das \u010d\u00edtania":"1 min\u00fata"},"schema":{"@context":"https:\/\/schema.org","@graph":[{"@type":"WebPage","@id":"https:\/\/www.onetimenexttime.sk\/arduino\/index.php\/produkt\/ismaring-isd1820-recording-module-voice-module-the-voice-board-telediphone-module-board-with-microphones-loudspeaker\/","url":"https:\/\/www.onetimenexttime.sk\/arduino\/index.php\/produkt\/ismaring-isd1820-recording-module-voice-module-the-voice-board-telediphone-module-board-with-microphones-loudspeaker\/","name":"iSmaring ISD1820 recording module voice module the voice board telediphone module board with Microphones + Loudspeaker - Arduino e-shop","isPartOf":{"@id":"https:\/\/www.onetimenexttime.sk\/arduino\/#website"},"primaryImageOfPage":{"@id":"https:\/\/www.onetimenexttime.sk\/arduino\/index.php\/produkt\/ismaring-isd1820-recording-module-voice-module-the-voice-board-telediphone-module-board-with-microphones-loudspeaker\/#primaryimage"},"image":{"@id":"https:\/\/www.onetimenexttime.sk\/arduino\/index.php\/produkt\/ismaring-isd1820-recording-module-voice-module-the-voice-board-telediphone-module-board-with-microphones-loudspeaker\/#primaryimage"},"thumbnailUrl":"https:\/\/www.onetimenexttime.sk\/arduino\/wp-content\/uploads\/2021\/10\/628.jpg","datePublished":"2021-10-31T20:35:48+00:00","dateModified":"2021-10-31T20:41:26+00:00","breadcrumb":{"@id":"https:\/\/www.onetimenexttime.sk\/arduino\/index.php\/produkt\/ismaring-isd1820-recording-module-voice-module-the-voice-board-telediphone-module-board-with-microphones-loudspeaker\/#breadcrumb"},"inLanguage":"sk-SK","potentialAction":[{"@type":"ReadAction","target":["https:\/\/www.onetimenexttime.sk\/arduino\/index.php\/produkt\/ismaring-isd1820-recording-module-voice-module-the-voice-board-telediphone-module-board-with-microphones-loudspeaker\/"]}]},{"@type":"ImageObject","inLanguage":"sk-SK","@id":"https:\/\/www.onetimenexttime.sk\/arduino\/index.php\/produkt\/ismaring-isd1820-recording-module-voice-module-the-voice-board-telediphone-module-board-with-microphones-loudspeaker\/#primaryimage","url":"https:\/\/www.onetimenexttime.sk\/arduino\/wp-content\/uploads\/2021\/10\/628.jpg","contentUrl":"https:\/\/www.onetimenexttime.sk\/arduino\/wp-content\/uploads\/2021\/10\/628.jpg","width":501,"height":501},{"@type":"BreadcrumbList","@id":"https:\/\/www.onetimenexttime.sk\/arduino\/index.php\/produkt\/ismaring-isd1820-recording-module-voice-module-the-voice-board-telediphone-module-board-with-microphones-loudspeaker\/#breadcrumb","itemListElement":[{"@type":"ListItem","position":1,"name":"Domov","item":"https:\/\/www.onetimenexttime.sk\/arduino\/"},{"@type":"ListItem","position":2,"name":"Obchod","item":"https:\/\/www.onetimenexttime.sk\/arduino\/"},{"@type":"ListItem","position":3,"name":"iSmaring ISD1820 recording module voice module the voice board telediphone module board with Microphones + Loudspeaker"}]},{"@type":"WebSite","@id":"https:\/\/www.onetimenexttime.sk\/arduino\/#website","url":"https:\/\/www.onetimenexttime.sk\/arduino\/","name":"Arduino e-shop","description":"Home Assistant","potentialAction":[{"@type":"SearchAction","target":{"@type":"EntryPoint","urlTemplate":"https:\/\/www.onetimenexttime.sk\/arduino\/?s={search_term_string}"},"query-input":{"@type":"PropertyValueSpecification","valueRequired":true,"valueName":"search_term_string"}}],"inLanguage":"sk-SK"}]}},"_links":{"self":[{"href":"https:\/\/www.onetimenexttime.sk\/arduino\/index.php\/wp-json\/wp\/v2\/product\/873"}],"collection":[{"href":"https:\/\/www.onetimenexttime.sk\/arduino\/index.php\/wp-json\/wp\/v2\/product"}],"about":[{"href":"https:\/\/www.onetimenexttime.sk\/arduino\/index.php\/wp-json\/wp\/v2\/types\/product"}],"wp:featuredmedia":[{"embeddable":true,"href":"https:\/\/www.onetimenexttime.sk\/arduino\/index.php\/wp-json\/wp\/v2\/media\/875"}],"wp:attachment":[{"href":"https:\/\/www.onetimenexttime.sk\/arduino\/index.php\/wp-json\/wp\/v2\/media?parent=873"}],"wp:term":[{"taxonomy":"product_cat","embeddable":true,"href":"https:\/\/www.onetimenexttime.sk\/arduino\/index.php\/wp-json\/wp\/v2\/product_cat?post=873"},{"taxonomy":"product_tag","embeddable":true,"href":"https:\/\/www.onetimenexttime.sk\/arduino\/index.php\/wp-json\/wp\/v2\/product_tag?post=873"}],"curies":[{"name":"wp","href":"https:\/\/api.w.org\/{rel}","templated":true}]}}