{"id":866,"date":"2021-10-31T20:56:22","date_gmt":"2021-10-31T19:56:22","guid":{"rendered":"https:\/\/www.onetimenexttime.sk\/arduino\/?post_type=product&#038;p=866"},"modified":"2021-11-01T20:45:09","modified_gmt":"2021-11-01T19:45:09","slug":"vgate-elm327-usbobd-diagnostic-scanner-elm-327-obd2-vgate-elm-327-usb-obd2-diagnostic-tool","status":"publish","type":"product","link":"https:\/\/www.onetimenexttime.sk\/arduino\/index.php\/produkt\/vgate-elm327-usbobd-diagnostic-scanner-elm-327-obd2-vgate-elm-327-usb-obd2-diagnostic-tool\/","title":{"rendered":"Vgate ELM327 USBOBD Diagnostic Scanner ELM 327 OBD2 Vgate ELM 327 USB OBD2 Diagnostic Tool"},"content":{"rendered":"<h2>Diagnostick\u00fd skener Vgate ELM327 USBOBD ELM 327 OBD2 Diagnostick\u00fd n\u00e1stroj Vgate ELM 327 USB OBD2<\/h2>\n<p>&nbsp;<\/p>\n<p>Vgate ELM327 USB<\/p>\n<p><strong>Vlastnosti:<\/strong><\/p>\n<p>OBD SCAN je novovyvinut\u00fd bezdr\u00f4tov\u00fd skenovac\u00ed n\u00e1stroj. Podporuje v\u0161etky protokoly OBD-II<\/p>\n<p>&nbsp;<\/p>\n<p><strong>Automaticky<\/strong><\/p>\n<p>1.SAE J1850 PWM (41,6 kbaud)<\/p>\n<p>2.SAE J1850 VPW (10,4 kbaud)<\/p>\n<p>3.ISO9141-2 (5 baud init, 10,4 kbaud)<\/p>\n<p>4.ISO14230-4 KWP (5 baud init, 10,4 kbaud)<\/p>\n<p>5.ISO14230-4 KWP (r\u00fdchle spustenie, 10,4 kbaud)<\/p>\n<p>6.ISO15765-4 CAN (11-bitov\u00e9 ID, 500 kbaud)<\/p>\n<p>7.ISO15765-4 CAN (29-bitov\u00e9 ID, 500 kbaud)<\/p>\n<p>8.ISO15765-4 CAN (11-bitov\u00e9 ID, 250 kbaud)<\/p>\n<p>9.ISO15765-4 CAN(29-bitov\u00e9 ID, 250 kbaud)<\/p>\n<p>A.SAE J1939 CAN (29-bitov\u00e9 ID, 250*Kbaud)<\/p>\n<p>B.USER1 CAN(11*bitov\u00e9 ID, 125*Kbaud)<\/p>\n<p>C.USER2 CAN(11*bitov\u00e9 ID, 50*kbaud)<\/p>\n<p>*predvolen\u00e9 nastavenia (nastaven\u00e9 pou\u017e\u00edvate\u013eom)<\/p>\n<p>&nbsp;<\/p>\n<p>1. Funguje so v\u0161etk\u00fdmi vozidlami kompatibiln\u00fdmi s OBD-II<\/p>\n<p>2. Dod\u00e1van\u00fd softv\u00e9r pre Palm, PDA, Mobile<\/p>\n<p>3. Dod\u00e1van\u00fd softv\u00e9r pre Windows PC<\/p>\n<p>4. Dod\u00e1van\u00fd softv\u00e9r pre Windows Smartphone<\/p>\n<p>&nbsp;<\/p>\n<p><strong>Funkcie:<\/strong><\/p>\n<p>1. Pre\u010d\u00edtajte si diagnostick\u00e9 chybov\u00e9 k\u00f3dy, v\u0161eobecn\u00e9 aj \u0161pecifick\u00e9 pre v\u00fdrobcu, a zobrazte ich v\u00fdznam (viac ako 3000 defin\u00edci\u00ed v\u0161eobecn\u00fdch k\u00f3dov v datab\u00e1ze).<\/p>\n<p>2. Vyma\u017ete chybov\u00e9 k\u00f3dy a vypnite kontrolku MIL (kontrolka \u201eCheck Engine\u201c)<\/p>\n<p>3. Zobrazte aktu\u00e1lne \u00fadaje sn\u00edma\u010da, vr\u00e1tane:<\/p>\n<p>4. Ot\u00e1\u010dky motora<\/p>\n<p>5. Vypo\u010d\u00edtan\u00e1 hodnota za\u0165a\u017eenia<\/p>\n<p>6. Teplota chladiacej kvapaliny<\/p>\n<p>7. Stav palivov\u00e9ho syst\u00e9mu<\/p>\n<p>8. R\u00fdchlos\u0165 vozidla<\/p>\n<p>9. Kr\u00e1tkodob\u00e1 \u00faprava paliva<\/p>\n<p>10. Dlhodob\u00e1 \u00faprava paliva<\/p>\n<p>11. Tlak v sacom potrub\u00ed<\/p>\n<p>12. Predstih na\u010dasovania<\/p>\n<p>13. Teplota nas\u00e1van\u00e9ho vzduchu<\/p>\n<p>14. R\u00fdchlos\u0165 prietoku vzduchu<\/p>\n<p>15. Absol\u00fatna poloha plynu<\/p>\n<p>16.Nap\u00e4tie sn\u00edma\u010da kysl\u00edka\/s\u00favisiace kr\u00e1tkodob\u00e9 \u00fapravy paliva<\/p>\n<p>17. Stav palivov\u00e9ho syst\u00e9mu<\/p>\n<p>18. Tlak paliva<\/p>\n<p>19.Mnoho \u010fal\u0161\u00edch&#8230;<\/p>\n","protected":false},"excerpt":{"rendered":"<p>Diagnostick\u00fd skener Vgate ELM327 USBOBD ELM 327 OBD2 Diagnostick\u00fd n\u00e1stroj Vgate ELM 327 USB OBD2 &nbsp; Vgate ELM327 USB Vlastnosti:&hellip;<\/p>\n","protected":false},"featured_media":867,"template":"","meta":{"_monsterinsights_skip_tracking":false,"_monsterinsights_sitenote_active":false,"_monsterinsights_sitenote_note":"","_monsterinsights_sitenote_category":0},"product_cat":[38,49,58,51],"product_tag":[],"class_list":{"0":"post-866","1":"product","2":"type-product","3":"status-publish","4":"has-post-thumbnail","6":"product_cat-auto","7":"product_cat-cable","8":"product_cat-tester","9":"product_cat-usb","11":"first","12":"instock","13":"shipping-taxable","14":"purchasable","15":"product-type-simple"},"yoast_head":"<!-- This site is optimized with the Yoast SEO plugin v23.6 - https:\/\/yoast.com\/wordpress\/plugins\/seo\/ -->\n<title>Vgate ELM327 USBOBD Diagnostic Scanner ELM 327 OBD2 Vgate ELM 327 USB OBD2 Diagnostic Tool - Arduino e-shop<\/title>\n<meta name=\"robots\" content=\"index, follow, max-snippet:-1, max-image-preview:large, max-video-preview:-1\" \/>\n<link rel=\"canonical\" href=\"https:\/\/www.onetimenexttime.sk\/arduino\/index.php\/produkt\/vgate-elm327-usbobd-diagnostic-scanner-elm-327-obd2-vgate-elm-327-usb-obd2-diagnostic-tool\/\" \/>\n<meta property=\"og:locale\" content=\"sk_SK\" \/>\n<meta property=\"og:type\" content=\"article\" \/>\n<meta property=\"og:title\" content=\"Vgate ELM327 USBOBD Diagnostic Scanner ELM 327 OBD2 Vgate ELM 327 USB OBD2 Diagnostic Tool - Arduino e-shop\" \/>\n<meta property=\"og:description\" content=\"Diagnostick\u00fd skener Vgate ELM327 USBOBD ELM 327 OBD2 Diagnostick\u00fd n\u00e1stroj Vgate ELM 327 USB OBD2 &nbsp; Vgate ELM327 USB Vlastnosti:&hellip;\" \/>\n<meta property=\"og:url\" content=\"https:\/\/www.onetimenexttime.sk\/arduino\/index.php\/produkt\/vgate-elm327-usbobd-diagnostic-scanner-elm-327-obd2-vgate-elm-327-usb-obd2-diagnostic-tool\/\" \/>\n<meta property=\"og:site_name\" content=\"Arduino e-shop\" \/>\n<meta property=\"article:modified_time\" content=\"2021-11-01T19:45:09+00:00\" \/>\n<meta property=\"og:image\" content=\"https:\/\/www.onetimenexttime.sk\/arduino\/wp-content\/uploads\/2021\/10\/91.jpg\" \/>\n\t<meta property=\"og:image:width\" content=\"501\" \/>\n\t<meta property=\"og:image:height\" content=\"501\" \/>\n\t<meta property=\"og:image:type\" content=\"image\/jpeg\" \/>\n<meta name=\"twitter:card\" content=\"summary_large_image\" \/>\n<meta name=\"twitter:label1\" content=\"Predpokladan\u00fd \u010das \u010d\u00edtania\" \/>\n\t<meta name=\"twitter:data1\" content=\"2 min\u00faty\" \/>\n<script type=\"application\/ld+json\" class=\"yoast-schema-graph\">{\"@context\":\"https:\/\/schema.org\",\"@graph\":[{\"@type\":\"WebPage\",\"@id\":\"https:\/\/www.onetimenexttime.sk\/arduino\/index.php\/produkt\/vgate-elm327-usbobd-diagnostic-scanner-elm-327-obd2-vgate-elm-327-usb-obd2-diagnostic-tool\/\",\"url\":\"https:\/\/www.onetimenexttime.sk\/arduino\/index.php\/produkt\/vgate-elm327-usbobd-diagnostic-scanner-elm-327-obd2-vgate-elm-327-usb-obd2-diagnostic-tool\/\",\"name\":\"Vgate ELM327 USBOBD Diagnostic Scanner ELM 327 OBD2 Vgate ELM 327 USB OBD2 Diagnostic Tool - Arduino e-shop\",\"isPartOf\":{\"@id\":\"https:\/\/www.onetimenexttime.sk\/arduino\/#website\"},\"primaryImageOfPage\":{\"@id\":\"https:\/\/www.onetimenexttime.sk\/arduino\/index.php\/produkt\/vgate-elm327-usbobd-diagnostic-scanner-elm-327-obd2-vgate-elm-327-usb-obd2-diagnostic-tool\/#primaryimage\"},\"image\":{\"@id\":\"https:\/\/www.onetimenexttime.sk\/arduino\/index.php\/produkt\/vgate-elm327-usbobd-diagnostic-scanner-elm-327-obd2-vgate-elm-327-usb-obd2-diagnostic-tool\/#primaryimage\"},\"thumbnailUrl\":\"https:\/\/www.onetimenexttime.sk\/arduino\/wp-content\/uploads\/2021\/10\/91.jpg\",\"datePublished\":\"2021-10-31T19:56:22+00:00\",\"dateModified\":\"2021-11-01T19:45:09+00:00\",\"breadcrumb\":{\"@id\":\"https:\/\/www.onetimenexttime.sk\/arduino\/index.php\/produkt\/vgate-elm327-usbobd-diagnostic-scanner-elm-327-obd2-vgate-elm-327-usb-obd2-diagnostic-tool\/#breadcrumb\"},\"inLanguage\":\"sk-SK\",\"potentialAction\":[{\"@type\":\"ReadAction\",\"target\":[\"https:\/\/www.onetimenexttime.sk\/arduino\/index.php\/produkt\/vgate-elm327-usbobd-diagnostic-scanner-elm-327-obd2-vgate-elm-327-usb-obd2-diagnostic-tool\/\"]}]},{\"@type\":\"ImageObject\",\"inLanguage\":\"sk-SK\",\"@id\":\"https:\/\/www.onetimenexttime.sk\/arduino\/index.php\/produkt\/vgate-elm327-usbobd-diagnostic-scanner-elm-327-obd2-vgate-elm-327-usb-obd2-diagnostic-tool\/#primaryimage\",\"url\":\"https:\/\/www.onetimenexttime.sk\/arduino\/wp-content\/uploads\/2021\/10\/91.jpg\",\"contentUrl\":\"https:\/\/www.onetimenexttime.sk\/arduino\/wp-content\/uploads\/2021\/10\/91.jpg\",\"width\":501,\"height\":501},{\"@type\":\"BreadcrumbList\",\"@id\":\"https:\/\/www.onetimenexttime.sk\/arduino\/index.php\/produkt\/vgate-elm327-usbobd-diagnostic-scanner-elm-327-obd2-vgate-elm-327-usb-obd2-diagnostic-tool\/#breadcrumb\",\"itemListElement\":[{\"@type\":\"ListItem\",\"position\":1,\"name\":\"Domov\",\"item\":\"https:\/\/www.onetimenexttime.sk\/arduino\/\"},{\"@type\":\"ListItem\",\"position\":2,\"name\":\"Obchod\",\"item\":\"https:\/\/www.onetimenexttime.sk\/arduino\/\"},{\"@type\":\"ListItem\",\"position\":3,\"name\":\"Vgate ELM327 USBOBD Diagnostic Scanner ELM 327 OBD2 Vgate ELM 327 USB OBD2 Diagnostic Tool\"}]},{\"@type\":\"WebSite\",\"@id\":\"https:\/\/www.onetimenexttime.sk\/arduino\/#website\",\"url\":\"https:\/\/www.onetimenexttime.sk\/arduino\/\",\"name\":\"Arduino e-shop\",\"description\":\"Home Assistant\",\"potentialAction\":[{\"@type\":\"SearchAction\",\"target\":{\"@type\":\"EntryPoint\",\"urlTemplate\":\"https:\/\/www.onetimenexttime.sk\/arduino\/?s={search_term_string}\"},\"query-input\":{\"@type\":\"PropertyValueSpecification\",\"valueRequired\":true,\"valueName\":\"search_term_string\"}}],\"inLanguage\":\"sk-SK\"}]}<\/script>\n<!-- \/ Yoast SEO plugin. -->","yoast_head_json":{"title":"Vgate ELM327 USBOBD Diagnostic Scanner ELM 327 OBD2 Vgate ELM 327 USB OBD2 Diagnostic Tool - Arduino e-shop","robots":{"index":"index","follow":"follow","max-snippet":"max-snippet:-1","max-image-preview":"max-image-preview:large","max-video-preview":"max-video-preview:-1"},"canonical":"https:\/\/www.onetimenexttime.sk\/arduino\/index.php\/produkt\/vgate-elm327-usbobd-diagnostic-scanner-elm-327-obd2-vgate-elm-327-usb-obd2-diagnostic-tool\/","og_locale":"sk_SK","og_type":"article","og_title":"Vgate ELM327 USBOBD Diagnostic Scanner ELM 327 OBD2 Vgate ELM 327 USB OBD2 Diagnostic Tool - Arduino e-shop","og_description":"Diagnostick\u00fd skener Vgate ELM327 USBOBD ELM 327 OBD2 Diagnostick\u00fd n\u00e1stroj Vgate ELM 327 USB OBD2 &nbsp; Vgate ELM327 USB Vlastnosti:&hellip;","og_url":"https:\/\/www.onetimenexttime.sk\/arduino\/index.php\/produkt\/vgate-elm327-usbobd-diagnostic-scanner-elm-327-obd2-vgate-elm-327-usb-obd2-diagnostic-tool\/","og_site_name":"Arduino e-shop","article_modified_time":"2021-11-01T19:45:09+00:00","og_image":[{"width":501,"height":501,"url":"https:\/\/www.onetimenexttime.sk\/arduino\/wp-content\/uploads\/2021\/10\/91.jpg","type":"image\/jpeg"}],"twitter_card":"summary_large_image","twitter_misc":{"Predpokladan\u00fd \u010das \u010d\u00edtania":"2 min\u00faty"},"schema":{"@context":"https:\/\/schema.org","@graph":[{"@type":"WebPage","@id":"https:\/\/www.onetimenexttime.sk\/arduino\/index.php\/produkt\/vgate-elm327-usbobd-diagnostic-scanner-elm-327-obd2-vgate-elm-327-usb-obd2-diagnostic-tool\/","url":"https:\/\/www.onetimenexttime.sk\/arduino\/index.php\/produkt\/vgate-elm327-usbobd-diagnostic-scanner-elm-327-obd2-vgate-elm-327-usb-obd2-diagnostic-tool\/","name":"Vgate ELM327 USBOBD Diagnostic Scanner ELM 327 OBD2 Vgate ELM 327 USB OBD2 Diagnostic Tool - Arduino e-shop","isPartOf":{"@id":"https:\/\/www.onetimenexttime.sk\/arduino\/#website"},"primaryImageOfPage":{"@id":"https:\/\/www.onetimenexttime.sk\/arduino\/index.php\/produkt\/vgate-elm327-usbobd-diagnostic-scanner-elm-327-obd2-vgate-elm-327-usb-obd2-diagnostic-tool\/#primaryimage"},"image":{"@id":"https:\/\/www.onetimenexttime.sk\/arduino\/index.php\/produkt\/vgate-elm327-usbobd-diagnostic-scanner-elm-327-obd2-vgate-elm-327-usb-obd2-diagnostic-tool\/#primaryimage"},"thumbnailUrl":"https:\/\/www.onetimenexttime.sk\/arduino\/wp-content\/uploads\/2021\/10\/91.jpg","datePublished":"2021-10-31T19:56:22+00:00","dateModified":"2021-11-01T19:45:09+00:00","breadcrumb":{"@id":"https:\/\/www.onetimenexttime.sk\/arduino\/index.php\/produkt\/vgate-elm327-usbobd-diagnostic-scanner-elm-327-obd2-vgate-elm-327-usb-obd2-diagnostic-tool\/#breadcrumb"},"inLanguage":"sk-SK","potentialAction":[{"@type":"ReadAction","target":["https:\/\/www.onetimenexttime.sk\/arduino\/index.php\/produkt\/vgate-elm327-usbobd-diagnostic-scanner-elm-327-obd2-vgate-elm-327-usb-obd2-diagnostic-tool\/"]}]},{"@type":"ImageObject","inLanguage":"sk-SK","@id":"https:\/\/www.onetimenexttime.sk\/arduino\/index.php\/produkt\/vgate-elm327-usbobd-diagnostic-scanner-elm-327-obd2-vgate-elm-327-usb-obd2-diagnostic-tool\/#primaryimage","url":"https:\/\/www.onetimenexttime.sk\/arduino\/wp-content\/uploads\/2021\/10\/91.jpg","contentUrl":"https:\/\/www.onetimenexttime.sk\/arduino\/wp-content\/uploads\/2021\/10\/91.jpg","width":501,"height":501},{"@type":"BreadcrumbList","@id":"https:\/\/www.onetimenexttime.sk\/arduino\/index.php\/produkt\/vgate-elm327-usbobd-diagnostic-scanner-elm-327-obd2-vgate-elm-327-usb-obd2-diagnostic-tool\/#breadcrumb","itemListElement":[{"@type":"ListItem","position":1,"name":"Domov","item":"https:\/\/www.onetimenexttime.sk\/arduino\/"},{"@type":"ListItem","position":2,"name":"Obchod","item":"https:\/\/www.onetimenexttime.sk\/arduino\/"},{"@type":"ListItem","position":3,"name":"Vgate ELM327 USBOBD Diagnostic Scanner ELM 327 OBD2 Vgate ELM 327 USB OBD2 Diagnostic Tool"}]},{"@type":"WebSite","@id":"https:\/\/www.onetimenexttime.sk\/arduino\/#website","url":"https:\/\/www.onetimenexttime.sk\/arduino\/","name":"Arduino e-shop","description":"Home Assistant","potentialAction":[{"@type":"SearchAction","target":{"@type":"EntryPoint","urlTemplate":"https:\/\/www.onetimenexttime.sk\/arduino\/?s={search_term_string}"},"query-input":{"@type":"PropertyValueSpecification","valueRequired":true,"valueName":"search_term_string"}}],"inLanguage":"sk-SK"}]}},"_links":{"self":[{"href":"https:\/\/www.onetimenexttime.sk\/arduino\/index.php\/wp-json\/wp\/v2\/product\/866"}],"collection":[{"href":"https:\/\/www.onetimenexttime.sk\/arduino\/index.php\/wp-json\/wp\/v2\/product"}],"about":[{"href":"https:\/\/www.onetimenexttime.sk\/arduino\/index.php\/wp-json\/wp\/v2\/types\/product"}],"wp:featuredmedia":[{"embeddable":true,"href":"https:\/\/www.onetimenexttime.sk\/arduino\/index.php\/wp-json\/wp\/v2\/media\/867"}],"wp:attachment":[{"href":"https:\/\/www.onetimenexttime.sk\/arduino\/index.php\/wp-json\/wp\/v2\/media?parent=866"}],"wp:term":[{"taxonomy":"product_cat","embeddable":true,"href":"https:\/\/www.onetimenexttime.sk\/arduino\/index.php\/wp-json\/wp\/v2\/product_cat?post=866"},{"taxonomy":"product_tag","embeddable":true,"href":"https:\/\/www.onetimenexttime.sk\/arduino\/index.php\/wp-json\/wp\/v2\/product_tag?post=866"}],"curies":[{"name":"wp","href":"https:\/\/api.w.org\/{rel}","templated":true}]}}