{"id":862,"date":"2021-10-31T20:42:21","date_gmt":"2021-10-31T19:42:21","guid":{"rendered":"https:\/\/www.onetimenexttime.sk\/arduino\/?post_type=product&#038;p=862"},"modified":"2021-10-31T20:46:52","modified_gmt":"2021-10-31T19:46:52","slug":"universal-12v-3-in-1-car-auto-stereo-antenna-fm-radio-band-frequency-converter-fm-band-expander-frequency-converter","status":"publish","type":"product","link":"https:\/\/www.onetimenexttime.sk\/arduino\/index.php\/produkt\/universal-12v-3-in-1-car-auto-stereo-antenna-fm-radio-band-frequency-converter-fm-band-expander-frequency-converter\/","title":{"rendered":"Universal 12V 3 in 1 Car Auto Stereo Antenna FM Radio Band Frequency Converter FM Band EXpander Frequency Converter"},"content":{"rendered":"<h2>Univerz\u00e1lna 12V 3v1 Auto Stereo Ant\u00e9na FM R\u00e1dio P\u00e1smo Frekven\u010dn\u00fd meni\u010d FM P\u00e1smo EXpander Frekven\u010dn\u00fd meni\u010d<\/h2>\n<p>&nbsp;<\/p>\n<p><strong>Vlastnosti:<\/strong><br \/>\nJe vhodn\u00fd pre 76-90MHz Sony, Panasonic a in\u00e9 CD prehr\u00e1va\u010de;<br \/>\nDok\u00e1\u017ee konvertova\u0165 sign\u00e1l FM 92-106MHz a\u017e na 76-90MHz.<br \/>\nJednoduch\u00e1 in\u0161tal\u00e1cia;<\/p>\n<p><strong>Technick\u00e9 \u00fadaje:<\/strong><br \/>\nHmotnos\u0165 produktu: 74 g<br \/>\nVe\u013ekos\u0165 produktu: 65 x 20 x 20 mm\/2,56 x 0,79 x 0,79&#8243;<br \/>\nPracovn\u00e9 nap\u00e4tie: 12V<\/p>\n","protected":false},"excerpt":{"rendered":"<p>Univerz\u00e1lna 12V 3v1 Auto Stereo Ant\u00e9na FM R\u00e1dio P\u00e1smo Frekven\u010dn\u00fd meni\u010d FM P\u00e1smo EXpander Frekven\u010dn\u00fd meni\u010d &nbsp; Vlastnosti: Je vhodn\u00fd&hellip;<\/p>\n","protected":false},"featured_media":864,"template":"","meta":{"_monsterinsights_skip_tracking":false,"_monsterinsights_sitenote_active":false,"_monsterinsights_sitenote_note":"","_monsterinsights_sitenote_category":0},"product_cat":[38],"product_tag":[],"class_list":{"0":"post-862","1":"product","2":"type-product","3":"status-publish","4":"has-post-thumbnail","6":"product_cat-auto","8":"first","9":"instock","10":"shipping-taxable","11":"purchasable","12":"product-type-simple"},"yoast_head":"<!-- This site is optimized with the Yoast SEO plugin v23.6 - https:\/\/yoast.com\/wordpress\/plugins\/seo\/ -->\n<title>Universal 12V 3 in 1 Car Auto Stereo Antenna FM Radio Band Frequency Converter FM Band EXpander Frequency Converter - Arduino e-shop<\/title>\n<meta name=\"robots\" content=\"index, follow, max-snippet:-1, max-image-preview:large, max-video-preview:-1\" \/>\n<link rel=\"canonical\" href=\"https:\/\/www.onetimenexttime.sk\/arduino\/index.php\/produkt\/universal-12v-3-in-1-car-auto-stereo-antenna-fm-radio-band-frequency-converter-fm-band-expander-frequency-converter\/\" \/>\n<meta property=\"og:locale\" content=\"sk_SK\" \/>\n<meta property=\"og:type\" content=\"article\" \/>\n<meta property=\"og:title\" content=\"Universal 12V 3 in 1 Car Auto Stereo Antenna FM Radio Band Frequency Converter FM Band EXpander Frequency Converter - Arduino e-shop\" \/>\n<meta property=\"og:description\" content=\"Univerz\u00e1lna 12V 3v1 Auto Stereo Ant\u00e9na FM R\u00e1dio P\u00e1smo Frekven\u010dn\u00fd meni\u010d FM P\u00e1smo EXpander Frekven\u010dn\u00fd meni\u010d &nbsp; Vlastnosti: Je vhodn\u00fd&hellip;\" \/>\n<meta property=\"og:url\" content=\"https:\/\/www.onetimenexttime.sk\/arduino\/index.php\/produkt\/universal-12v-3-in-1-car-auto-stereo-antenna-fm-radio-band-frequency-converter-fm-band-expander-frequency-converter\/\" \/>\n<meta property=\"og:site_name\" content=\"Arduino e-shop\" \/>\n<meta property=\"article:modified_time\" content=\"2021-10-31T19:46:52+00:00\" \/>\n<meta property=\"og:image\" content=\"https:\/\/www.onetimenexttime.sk\/arduino\/wp-content\/uploads\/2021\/10\/92.jpg\" \/>\n\t<meta property=\"og:image:width\" content=\"501\" \/>\n\t<meta property=\"og:image:height\" content=\"501\" \/>\n\t<meta property=\"og:image:type\" content=\"image\/jpeg\" \/>\n<meta name=\"twitter:card\" content=\"summary_large_image\" \/>\n<meta name=\"twitter:label1\" content=\"Predpokladan\u00fd \u010das \u010d\u00edtania\" \/>\n\t<meta name=\"twitter:data1\" content=\"1 min\u00fata\" \/>\n<script type=\"application\/ld+json\" class=\"yoast-schema-graph\">{\"@context\":\"https:\/\/schema.org\",\"@graph\":[{\"@type\":\"WebPage\",\"@id\":\"https:\/\/www.onetimenexttime.sk\/arduino\/index.php\/produkt\/universal-12v-3-in-1-car-auto-stereo-antenna-fm-radio-band-frequency-converter-fm-band-expander-frequency-converter\/\",\"url\":\"https:\/\/www.onetimenexttime.sk\/arduino\/index.php\/produkt\/universal-12v-3-in-1-car-auto-stereo-antenna-fm-radio-band-frequency-converter-fm-band-expander-frequency-converter\/\",\"name\":\"Universal 12V 3 in 1 Car Auto Stereo Antenna FM Radio Band Frequency Converter FM Band EXpander Frequency Converter - Arduino e-shop\",\"isPartOf\":{\"@id\":\"https:\/\/www.onetimenexttime.sk\/arduino\/#website\"},\"primaryImageOfPage\":{\"@id\":\"https:\/\/www.onetimenexttime.sk\/arduino\/index.php\/produkt\/universal-12v-3-in-1-car-auto-stereo-antenna-fm-radio-band-frequency-converter-fm-band-expander-frequency-converter\/#primaryimage\"},\"image\":{\"@id\":\"https:\/\/www.onetimenexttime.sk\/arduino\/index.php\/produkt\/universal-12v-3-in-1-car-auto-stereo-antenna-fm-radio-band-frequency-converter-fm-band-expander-frequency-converter\/#primaryimage\"},\"thumbnailUrl\":\"https:\/\/www.onetimenexttime.sk\/arduino\/wp-content\/uploads\/2021\/10\/92.jpg\",\"datePublished\":\"2021-10-31T19:42:21+00:00\",\"dateModified\":\"2021-10-31T19:46:52+00:00\",\"breadcrumb\":{\"@id\":\"https:\/\/www.onetimenexttime.sk\/arduino\/index.php\/produkt\/universal-12v-3-in-1-car-auto-stereo-antenna-fm-radio-band-frequency-converter-fm-band-expander-frequency-converter\/#breadcrumb\"},\"inLanguage\":\"sk-SK\",\"potentialAction\":[{\"@type\":\"ReadAction\",\"target\":[\"https:\/\/www.onetimenexttime.sk\/arduino\/index.php\/produkt\/universal-12v-3-in-1-car-auto-stereo-antenna-fm-radio-band-frequency-converter-fm-band-expander-frequency-converter\/\"]}]},{\"@type\":\"ImageObject\",\"inLanguage\":\"sk-SK\",\"@id\":\"https:\/\/www.onetimenexttime.sk\/arduino\/index.php\/produkt\/universal-12v-3-in-1-car-auto-stereo-antenna-fm-radio-band-frequency-converter-fm-band-expander-frequency-converter\/#primaryimage\",\"url\":\"https:\/\/www.onetimenexttime.sk\/arduino\/wp-content\/uploads\/2021\/10\/92.jpg\",\"contentUrl\":\"https:\/\/www.onetimenexttime.sk\/arduino\/wp-content\/uploads\/2021\/10\/92.jpg\",\"width\":501,\"height\":501},{\"@type\":\"BreadcrumbList\",\"@id\":\"https:\/\/www.onetimenexttime.sk\/arduino\/index.php\/produkt\/universal-12v-3-in-1-car-auto-stereo-antenna-fm-radio-band-frequency-converter-fm-band-expander-frequency-converter\/#breadcrumb\",\"itemListElement\":[{\"@type\":\"ListItem\",\"position\":1,\"name\":\"Domov\",\"item\":\"https:\/\/www.onetimenexttime.sk\/arduino\/\"},{\"@type\":\"ListItem\",\"position\":2,\"name\":\"Obchod\",\"item\":\"https:\/\/www.onetimenexttime.sk\/arduino\/\"},{\"@type\":\"ListItem\",\"position\":3,\"name\":\"Universal 12V 3 in 1 Car Auto Stereo Antenna FM Radio Band Frequency Converter FM Band EXpander Frequency Converter\"}]},{\"@type\":\"WebSite\",\"@id\":\"https:\/\/www.onetimenexttime.sk\/arduino\/#website\",\"url\":\"https:\/\/www.onetimenexttime.sk\/arduino\/\",\"name\":\"Arduino e-shop\",\"description\":\"Home Assistant\",\"potentialAction\":[{\"@type\":\"SearchAction\",\"target\":{\"@type\":\"EntryPoint\",\"urlTemplate\":\"https:\/\/www.onetimenexttime.sk\/arduino\/?s={search_term_string}\"},\"query-input\":{\"@type\":\"PropertyValueSpecification\",\"valueRequired\":true,\"valueName\":\"search_term_string\"}}],\"inLanguage\":\"sk-SK\"}]}<\/script>\n<!-- \/ Yoast SEO plugin. -->","yoast_head_json":{"title":"Universal 12V 3 in 1 Car Auto Stereo Antenna FM Radio Band Frequency Converter FM Band EXpander Frequency Converter - Arduino e-shop","robots":{"index":"index","follow":"follow","max-snippet":"max-snippet:-1","max-image-preview":"max-image-preview:large","max-video-preview":"max-video-preview:-1"},"canonical":"https:\/\/www.onetimenexttime.sk\/arduino\/index.php\/produkt\/universal-12v-3-in-1-car-auto-stereo-antenna-fm-radio-band-frequency-converter-fm-band-expander-frequency-converter\/","og_locale":"sk_SK","og_type":"article","og_title":"Universal 12V 3 in 1 Car Auto Stereo Antenna FM Radio Band Frequency Converter FM Band EXpander Frequency Converter - Arduino e-shop","og_description":"Univerz\u00e1lna 12V 3v1 Auto Stereo Ant\u00e9na FM R\u00e1dio P\u00e1smo Frekven\u010dn\u00fd meni\u010d FM P\u00e1smo EXpander Frekven\u010dn\u00fd meni\u010d &nbsp; Vlastnosti: Je vhodn\u00fd&hellip;","og_url":"https:\/\/www.onetimenexttime.sk\/arduino\/index.php\/produkt\/universal-12v-3-in-1-car-auto-stereo-antenna-fm-radio-band-frequency-converter-fm-band-expander-frequency-converter\/","og_site_name":"Arduino e-shop","article_modified_time":"2021-10-31T19:46:52+00:00","og_image":[{"width":501,"height":501,"url":"https:\/\/www.onetimenexttime.sk\/arduino\/wp-content\/uploads\/2021\/10\/92.jpg","type":"image\/jpeg"}],"twitter_card":"summary_large_image","twitter_misc":{"Predpokladan\u00fd \u010das \u010d\u00edtania":"1 min\u00fata"},"schema":{"@context":"https:\/\/schema.org","@graph":[{"@type":"WebPage","@id":"https:\/\/www.onetimenexttime.sk\/arduino\/index.php\/produkt\/universal-12v-3-in-1-car-auto-stereo-antenna-fm-radio-band-frequency-converter-fm-band-expander-frequency-converter\/","url":"https:\/\/www.onetimenexttime.sk\/arduino\/index.php\/produkt\/universal-12v-3-in-1-car-auto-stereo-antenna-fm-radio-band-frequency-converter-fm-band-expander-frequency-converter\/","name":"Universal 12V 3 in 1 Car Auto Stereo Antenna FM Radio Band Frequency Converter FM Band EXpander Frequency Converter - Arduino e-shop","isPartOf":{"@id":"https:\/\/www.onetimenexttime.sk\/arduino\/#website"},"primaryImageOfPage":{"@id":"https:\/\/www.onetimenexttime.sk\/arduino\/index.php\/produkt\/universal-12v-3-in-1-car-auto-stereo-antenna-fm-radio-band-frequency-converter-fm-band-expander-frequency-converter\/#primaryimage"},"image":{"@id":"https:\/\/www.onetimenexttime.sk\/arduino\/index.php\/produkt\/universal-12v-3-in-1-car-auto-stereo-antenna-fm-radio-band-frequency-converter-fm-band-expander-frequency-converter\/#primaryimage"},"thumbnailUrl":"https:\/\/www.onetimenexttime.sk\/arduino\/wp-content\/uploads\/2021\/10\/92.jpg","datePublished":"2021-10-31T19:42:21+00:00","dateModified":"2021-10-31T19:46:52+00:00","breadcrumb":{"@id":"https:\/\/www.onetimenexttime.sk\/arduino\/index.php\/produkt\/universal-12v-3-in-1-car-auto-stereo-antenna-fm-radio-band-frequency-converter-fm-band-expander-frequency-converter\/#breadcrumb"},"inLanguage":"sk-SK","potentialAction":[{"@type":"ReadAction","target":["https:\/\/www.onetimenexttime.sk\/arduino\/index.php\/produkt\/universal-12v-3-in-1-car-auto-stereo-antenna-fm-radio-band-frequency-converter-fm-band-expander-frequency-converter\/"]}]},{"@type":"ImageObject","inLanguage":"sk-SK","@id":"https:\/\/www.onetimenexttime.sk\/arduino\/index.php\/produkt\/universal-12v-3-in-1-car-auto-stereo-antenna-fm-radio-band-frequency-converter-fm-band-expander-frequency-converter\/#primaryimage","url":"https:\/\/www.onetimenexttime.sk\/arduino\/wp-content\/uploads\/2021\/10\/92.jpg","contentUrl":"https:\/\/www.onetimenexttime.sk\/arduino\/wp-content\/uploads\/2021\/10\/92.jpg","width":501,"height":501},{"@type":"BreadcrumbList","@id":"https:\/\/www.onetimenexttime.sk\/arduino\/index.php\/produkt\/universal-12v-3-in-1-car-auto-stereo-antenna-fm-radio-band-frequency-converter-fm-band-expander-frequency-converter\/#breadcrumb","itemListElement":[{"@type":"ListItem","position":1,"name":"Domov","item":"https:\/\/www.onetimenexttime.sk\/arduino\/"},{"@type":"ListItem","position":2,"name":"Obchod","item":"https:\/\/www.onetimenexttime.sk\/arduino\/"},{"@type":"ListItem","position":3,"name":"Universal 12V 3 in 1 Car Auto Stereo Antenna FM Radio Band Frequency Converter FM Band EXpander Frequency Converter"}]},{"@type":"WebSite","@id":"https:\/\/www.onetimenexttime.sk\/arduino\/#website","url":"https:\/\/www.onetimenexttime.sk\/arduino\/","name":"Arduino e-shop","description":"Home Assistant","potentialAction":[{"@type":"SearchAction","target":{"@type":"EntryPoint","urlTemplate":"https:\/\/www.onetimenexttime.sk\/arduino\/?s={search_term_string}"},"query-input":{"@type":"PropertyValueSpecification","valueRequired":true,"valueName":"search_term_string"}}],"inLanguage":"sk-SK"}]}},"_links":{"self":[{"href":"https:\/\/www.onetimenexttime.sk\/arduino\/index.php\/wp-json\/wp\/v2\/product\/862"}],"collection":[{"href":"https:\/\/www.onetimenexttime.sk\/arduino\/index.php\/wp-json\/wp\/v2\/product"}],"about":[{"href":"https:\/\/www.onetimenexttime.sk\/arduino\/index.php\/wp-json\/wp\/v2\/types\/product"}],"wp:featuredmedia":[{"embeddable":true,"href":"https:\/\/www.onetimenexttime.sk\/arduino\/index.php\/wp-json\/wp\/v2\/media\/864"}],"wp:attachment":[{"href":"https:\/\/www.onetimenexttime.sk\/arduino\/index.php\/wp-json\/wp\/v2\/media?parent=862"}],"wp:term":[{"taxonomy":"product_cat","embeddable":true,"href":"https:\/\/www.onetimenexttime.sk\/arduino\/index.php\/wp-json\/wp\/v2\/product_cat?post=862"},{"taxonomy":"product_tag","embeddable":true,"href":"https:\/\/www.onetimenexttime.sk\/arduino\/index.php\/wp-json\/wp\/v2\/product_tag?post=862"}],"curies":[{"name":"wp","href":"https:\/\/api.w.org\/{rel}","templated":true}]}}