{"id":86,"date":"2021-10-17T20:57:34","date_gmt":"2021-10-17T18:57:34","guid":{"rendered":"https:\/\/www.onetimenexttime.sk\/arduino\/?post_type=product&#038;p=86"},"modified":"2024-02-22T22:23:06","modified_gmt":"2024-02-22T21:23:06","slug":"enc28j60-lan-ethernet-network-board-module-for-arduino-25mhz-crystal-avr-51-lpc-stm32-3-3v-3","status":"publish","type":"product","link":"https:\/\/www.onetimenexttime.sk\/arduino\/index.php\/produkt\/enc28j60-lan-ethernet-network-board-module-for-arduino-25mhz-crystal-avr-51-lpc-stm32-3-3v-3\/","title":{"rendered":"ENC28J60 LAN Ethernet Network Board Module for arduino 25MHZ Crystal AVR 51 LPC STM32 3.3V"},"content":{"rendered":"<p>&nbsp;<\/p>\n<h1>ENC28J60 LAN Ethernet Network Board Module for Arduino<\/h1>\n<h2>Popis<\/h2>\n<p>ENC28J60 LAN Ethernet Network Board Module je modul pre Arduino a in\u00e9 platformy, ktor\u00fd umo\u017e\u0148uje pripojenie k lok\u00e1lnej sieti cez Ethernet.<\/p>\n<h2>Vlastnosti<\/h2>\n<ul>\n<li>Podpora pre Arduino, AVR, 51, LPC, STM32 a \u010fal\u0161ie platformy<\/li>\n<li>Frekvencia: 25MHz<\/li>\n<li>Nap\u00e4tie: 3.3V<\/li>\n<\/ul>\n<h2>\u0160pecifik\u00e1cie<\/h2>\n<table>\n<tbody>\n<tr>\n<th>Vlastnos\u0165<\/th>\n<th>Hodnota<\/th>\n<\/tr>\n<tr>\n<td>Frekvencia<\/td>\n<td>25MHz<\/td>\n<\/tr>\n<tr>\n<td>Nap\u00e4tie<\/td>\n<td>3.3V<\/td>\n<\/tr>\n<\/tbody>\n<\/table>\n<h2>Pr\u00edklady pou\u017eitia<\/h2>\n<h3>Pr\u00edkladov\u00fd k\u00f3d pre Arduino<\/h3>\n<div class=\"code-container\"><code><br \/>\n\/\/ Pr\u00edkladov\u00fd k\u00f3d pre pripojenie k lok\u00e1lnej sieti<br \/>\n\/\/ s pou\u017eit\u00edm ENC28J60 modulu pre Arduino<br \/>\n\/\/ Vy\u017eaduje kni\u017enicu Ethernet.h<br \/>\n#include &lt;Ethernet.h&gt;<\/p>\n<p>byte mac[] = { 0xDE, 0xAD, 0xBE, 0xEF, 0xFE, 0xED };<br \/>\nIPAddress ip(192, 168, 1, 177);<br \/>\nEthernetServer server(80);<\/p>\n<p>void setup() {<br \/>\nEthernet.begin(mac, ip);<br \/>\nserver.begin();<br \/>\n}<\/p>\n<p>void loop() {<br \/>\n\/\/ k\u00f3d pre obsluhu po\u017eiadaviek<br \/>\n}<br \/>\n<\/code><br \/>\n<button class=\"copy-button\">Kop\u00edrova\u0165 k\u00f3d<\/button><\/div>\n<h3>Pr\u00edkladov\u00fd k\u00f3d pre ESPHome<\/h3>\n<div class=\"code-container\"><code><br \/>\n# Pr\u00edkladov\u00fd k\u00f3d pre pripojenie k lok\u00e1lnej sieti<br \/>\n# s pou\u017eit\u00edm ENC28J60 modulu pre ESPHome<br \/>\nethernet:<br \/>\ntype: LAN8720<br \/>\nmdc_pin: GPIO23<br \/>\nmdio_pin: GPIO18<br \/>\nclk_mode: GPIO0_IN<br \/>\nphy_addr: 0<\/p>\n<p>manual_ip:<br \/>\nstatic_ip: 10.0.0.42<br \/>\ngateway: 10.0.0.1<br \/>\nsubnet: 255.255.255.0<br \/>\n<\/code><br \/>\n<button class=\"copy-button\">Kop\u00edrova\u0165 k\u00f3d<\/button><\/div>\n<p><script>\n        function copyCode() {\n            var codeBlocks = document.querySelectorAll('.code-container code');\n            codeBlocks.forEach(function(codeBlock) {\n                navigator.clipboard.writeText(codeBlock.textContent);\n            });\n            alert(\"K\u00f3d bol skop\u00edrovan\u00fd do schr\u00e1nky.\");\n        }\n    <\/script><\/p>\n<h2>\u010cipov\u00e1 doska ENC28J60-I\/SO<\/h2>\n<p>\u010cipov\u00e1 doska 25MHz kry\u0161t\u00e1l.<\/p>\n<p>\u010cipov\u00e1 doska sie\u0165ov\u00e9ho rozhrania HR911105A.<\/p>\n<p>Kol\u00edk nap\u00e1jacieho zdroja 3,3 V.<\/p>\n<p>Ve\u013ekos\u0165: 5,9 cm x 3,5 cm &#8211; 2,32 palca x 1,38 palca.<\/p>\n<h2>Pripomienka ladenia:<\/h2>\n<ol>\n<li>IP adresa po\u010d\u00edta\u010da na sie\u0165ov\u00fd segment a modul, ako napr\u00edklad IP modul 192.168.1.2, po\u010d\u00edta\u010dov\u00e1 zostava IP: 192.168.1.3; 192.168.1 je \u010das\u0165 3;<\/li>\n<li>Prekr\u00ed\u017ete sie\u0165ov\u00fd k\u00e1bel pripojen\u00fd k \u00fastiu modulu po\u010d\u00edta\u010dovej siete a \u00fastiu; (to znamen\u00e1, \u017ee k\u00e1blov\u00e1 sie\u0165 1 3,2 kr\u00ed\u017e, a potom nech\u00e1pu, \u017ee existuj\u00fa obr\u00e1zky Baidu);<\/li>\n<li>Modul a pripojenie MCU by mali venova\u0165 pozornos\u0165 spojeniu ka\u017ed\u00e9ho vedenia je spo\u013eahliv\u00e9 (povrch nie je ani spojen\u00fd s dobr\u00fdm);<\/li>\n<li>A port MCU portu I, aby sa potvrdilo, \u017ee je spr\u00e1vny;<\/li>\n<li>Program rekompiluje, stiahne, potvrd\u00ed, \u010di sa m\u00e1 s\u0165ahova\u0165! STM32 a 51 IO<\/li>\n<\/ol>\n<h2>Pokyny na zapojenie:<\/h2>\n<p>############# Pripojenie STM32 ############<\/p>\n<p>Modul STM32f103VBT6 ENC28J60 alebo in\u00fd stm32<\/p>\n<ul>\n<li>PC10 &#8212;&#8212;&#8212;&#8211; RESET<\/li>\n<li>PC12 &#8212;&#8212;&#8212; CS \/\/ Re\u017eim pull-up v\u00fdstupu PC12<\/li>\n<li>\/\/ SPI1-<\/li>\n<li>PA5 &#8212;&#8212;&#8212;&#8211; SCK \/ \/ v\u00fdstupn\u00fd re\u017eim<\/li>\n<li>PA6 &#8212;&#8212;&#8212;&#8211; Vstupn\u00fd re\u017eim SO \/ \/<\/li>\n<li>PA7 &#8212;&#8212;&#8212;&#8211; SI \/ \/ v\u00fdstupn\u00fd re\u017eim<\/li>\n<\/ul>\n<p>####### Mikrokontrol\u00e9r 51 ############# \/\/ &#8212;&#8212;&#8212;&#8212;&#8212;&#8212;&#8212;&#8212;&#8212;&#8211; &#8212;-<\/p>\n<p>Zme\u0148te IP adresu a MAC adresu v uipopt.h<\/p>\n<p>192.168.1.100<\/p>\n<p>\/\/ &#8212;&#8212;&#8212;&#8212;&#8212;&#8212;&#8212;&#8212;&#8212;&#8212;&#8212; Konfigur\u00e1cia portu v spi.h.<\/p>\n<ul>\n<li>STC12C5A60S2 DIP OSC: 18,432Msbit CSN = P1^0; \/ \/ 28J60&#8211; CS (SS)<\/li>\n<li>Sbit SIN = P1^1; \/ \/ MOSI<\/li>\n<li>Sbit SON = P1^2; \/ \/ MISO<\/li>\n<li>Sbit SCKN = P1^3; \/ \/ SCK<\/li>\n<li>Sbit RSTN = P1^4; \/ \/ RST<\/li>\n<li>Sbit INTN = P3^3; \/ \/ INT<\/li>\n<\/ul>\n<p>&nbsp;<\/p>\n","protected":false},"excerpt":{"rendered":"<p>&nbsp; ENC28J60 LAN Ethernet Network Board Module for Arduino Popis ENC28J60 LAN Ethernet Network Board Module je modul pre Arduino&hellip;<\/p>\n","protected":false},"featured_media":87,"template":"","meta":{"_monsterinsights_skip_tracking":false,"_monsterinsights_sitenote_active":false,"_monsterinsights_sitenote_note":"","_monsterinsights_sitenote_category":0},"product_cat":[16,18],"product_tag":[],"class_list":{"0":"post-86","1":"product","2":"type-product","3":"status-publish","4":"has-post-thumbnail","6":"product_cat-ard","7":"product_cat-lan","9":"first","10":"instock","11":"shipping-taxable","12":"purchasable","13":"product-type-simple"},"yoast_head":"<!-- This site is optimized with the Yoast SEO plugin v23.6 - https:\/\/yoast.com\/wordpress\/plugins\/seo\/ -->\n<title>ENC28J60 LAN Ethernet Network Board Module for arduino 25MHZ Crystal AVR 51 LPC STM32 3.3V - Arduino e-shop<\/title>\n<meta name=\"robots\" content=\"index, follow, max-snippet:-1, max-image-preview:large, max-video-preview:-1\" \/>\n<link rel=\"canonical\" href=\"https:\/\/www.onetimenexttime.sk\/arduino\/index.php\/produkt\/enc28j60-lan-ethernet-network-board-module-for-arduino-25mhz-crystal-avr-51-lpc-stm32-3-3v-3\/\" \/>\n<meta property=\"og:locale\" content=\"sk_SK\" \/>\n<meta property=\"og:type\" content=\"article\" \/>\n<meta property=\"og:title\" content=\"ENC28J60 LAN Ethernet Network Board Module for arduino 25MHZ Crystal AVR 51 LPC STM32 3.3V - Arduino e-shop\" \/>\n<meta property=\"og:description\" content=\"&nbsp; ENC28J60 LAN Ethernet Network Board Module for Arduino Popis ENC28J60 LAN Ethernet Network Board Module je modul pre Arduino&hellip;\" \/>\n<meta property=\"og:url\" content=\"https:\/\/www.onetimenexttime.sk\/arduino\/index.php\/produkt\/enc28j60-lan-ethernet-network-board-module-for-arduino-25mhz-crystal-avr-51-lpc-stm32-3-3v-3\/\" \/>\n<meta property=\"og:site_name\" content=\"Arduino e-shop\" \/>\n<meta property=\"article:modified_time\" content=\"2024-02-22T21:23:06+00:00\" \/>\n<meta property=\"og:image\" content=\"https:\/\/www.onetimenexttime.sk\/arduino\/wp-content\/uploads\/2021\/10\/228.jpg\" \/>\n\t<meta property=\"og:image:width\" content=\"596\" \/>\n\t<meta property=\"og:image:height\" content=\"595\" \/>\n\t<meta property=\"og:image:type\" content=\"image\/jpeg\" \/>\n<meta name=\"twitter:card\" content=\"summary_large_image\" \/>\n<meta name=\"twitter:label1\" content=\"Predpokladan\u00fd \u010das \u010d\u00edtania\" \/>\n\t<meta name=\"twitter:data1\" content=\"2 min\u00faty\" \/>\n<script type=\"application\/ld+json\" class=\"yoast-schema-graph\">{\"@context\":\"https:\/\/schema.org\",\"@graph\":[{\"@type\":\"WebPage\",\"@id\":\"https:\/\/www.onetimenexttime.sk\/arduino\/index.php\/produkt\/enc28j60-lan-ethernet-network-board-module-for-arduino-25mhz-crystal-avr-51-lpc-stm32-3-3v-3\/\",\"url\":\"https:\/\/www.onetimenexttime.sk\/arduino\/index.php\/produkt\/enc28j60-lan-ethernet-network-board-module-for-arduino-25mhz-crystal-avr-51-lpc-stm32-3-3v-3\/\",\"name\":\"ENC28J60 LAN Ethernet Network Board Module for arduino 25MHZ Crystal AVR 51 LPC STM32 3.3V - Arduino e-shop\",\"isPartOf\":{\"@id\":\"https:\/\/www.onetimenexttime.sk\/arduino\/#website\"},\"primaryImageOfPage\":{\"@id\":\"https:\/\/www.onetimenexttime.sk\/arduino\/index.php\/produkt\/enc28j60-lan-ethernet-network-board-module-for-arduino-25mhz-crystal-avr-51-lpc-stm32-3-3v-3\/#primaryimage\"},\"image\":{\"@id\":\"https:\/\/www.onetimenexttime.sk\/arduino\/index.php\/produkt\/enc28j60-lan-ethernet-network-board-module-for-arduino-25mhz-crystal-avr-51-lpc-stm32-3-3v-3\/#primaryimage\"},\"thumbnailUrl\":\"https:\/\/www.onetimenexttime.sk\/arduino\/wp-content\/uploads\/2021\/10\/228.jpg\",\"datePublished\":\"2021-10-17T18:57:34+00:00\",\"dateModified\":\"2024-02-22T21:23:06+00:00\",\"breadcrumb\":{\"@id\":\"https:\/\/www.onetimenexttime.sk\/arduino\/index.php\/produkt\/enc28j60-lan-ethernet-network-board-module-for-arduino-25mhz-crystal-avr-51-lpc-stm32-3-3v-3\/#breadcrumb\"},\"inLanguage\":\"sk-SK\",\"potentialAction\":[{\"@type\":\"ReadAction\",\"target\":[\"https:\/\/www.onetimenexttime.sk\/arduino\/index.php\/produkt\/enc28j60-lan-ethernet-network-board-module-for-arduino-25mhz-crystal-avr-51-lpc-stm32-3-3v-3\/\"]}]},{\"@type\":\"ImageObject\",\"inLanguage\":\"sk-SK\",\"@id\":\"https:\/\/www.onetimenexttime.sk\/arduino\/index.php\/produkt\/enc28j60-lan-ethernet-network-board-module-for-arduino-25mhz-crystal-avr-51-lpc-stm32-3-3v-3\/#primaryimage\",\"url\":\"https:\/\/www.onetimenexttime.sk\/arduino\/wp-content\/uploads\/2021\/10\/228.jpg\",\"contentUrl\":\"https:\/\/www.onetimenexttime.sk\/arduino\/wp-content\/uploads\/2021\/10\/228.jpg\",\"width\":596,\"height\":595},{\"@type\":\"BreadcrumbList\",\"@id\":\"https:\/\/www.onetimenexttime.sk\/arduino\/index.php\/produkt\/enc28j60-lan-ethernet-network-board-module-for-arduino-25mhz-crystal-avr-51-lpc-stm32-3-3v-3\/#breadcrumb\",\"itemListElement\":[{\"@type\":\"ListItem\",\"position\":1,\"name\":\"Domov\",\"item\":\"https:\/\/www.onetimenexttime.sk\/arduino\/\"},{\"@type\":\"ListItem\",\"position\":2,\"name\":\"Obchod\",\"item\":\"https:\/\/www.onetimenexttime.sk\/arduino\/\"},{\"@type\":\"ListItem\",\"position\":3,\"name\":\"ENC28J60 LAN Ethernet Network Board Module for arduino 25MHZ Crystal AVR 51 LPC STM32 3.3V\"}]},{\"@type\":\"WebSite\",\"@id\":\"https:\/\/www.onetimenexttime.sk\/arduino\/#website\",\"url\":\"https:\/\/www.onetimenexttime.sk\/arduino\/\",\"name\":\"Arduino e-shop\",\"description\":\"Home Assistant\",\"potentialAction\":[{\"@type\":\"SearchAction\",\"target\":{\"@type\":\"EntryPoint\",\"urlTemplate\":\"https:\/\/www.onetimenexttime.sk\/arduino\/?s={search_term_string}\"},\"query-input\":{\"@type\":\"PropertyValueSpecification\",\"valueRequired\":true,\"valueName\":\"search_term_string\"}}],\"inLanguage\":\"sk-SK\"}]}<\/script>\n<!-- \/ Yoast SEO plugin. -->","yoast_head_json":{"title":"ENC28J60 LAN Ethernet Network Board Module for arduino 25MHZ Crystal AVR 51 LPC STM32 3.3V - Arduino e-shop","robots":{"index":"index","follow":"follow","max-snippet":"max-snippet:-1","max-image-preview":"max-image-preview:large","max-video-preview":"max-video-preview:-1"},"canonical":"https:\/\/www.onetimenexttime.sk\/arduino\/index.php\/produkt\/enc28j60-lan-ethernet-network-board-module-for-arduino-25mhz-crystal-avr-51-lpc-stm32-3-3v-3\/","og_locale":"sk_SK","og_type":"article","og_title":"ENC28J60 LAN Ethernet Network Board Module for arduino 25MHZ Crystal AVR 51 LPC STM32 3.3V - Arduino e-shop","og_description":"&nbsp; ENC28J60 LAN Ethernet Network Board Module for Arduino Popis ENC28J60 LAN Ethernet Network Board Module je modul pre Arduino&hellip;","og_url":"https:\/\/www.onetimenexttime.sk\/arduino\/index.php\/produkt\/enc28j60-lan-ethernet-network-board-module-for-arduino-25mhz-crystal-avr-51-lpc-stm32-3-3v-3\/","og_site_name":"Arduino e-shop","article_modified_time":"2024-02-22T21:23:06+00:00","og_image":[{"width":596,"height":595,"url":"https:\/\/www.onetimenexttime.sk\/arduino\/wp-content\/uploads\/2021\/10\/228.jpg","type":"image\/jpeg"}],"twitter_card":"summary_large_image","twitter_misc":{"Predpokladan\u00fd \u010das \u010d\u00edtania":"2 min\u00faty"},"schema":{"@context":"https:\/\/schema.org","@graph":[{"@type":"WebPage","@id":"https:\/\/www.onetimenexttime.sk\/arduino\/index.php\/produkt\/enc28j60-lan-ethernet-network-board-module-for-arduino-25mhz-crystal-avr-51-lpc-stm32-3-3v-3\/","url":"https:\/\/www.onetimenexttime.sk\/arduino\/index.php\/produkt\/enc28j60-lan-ethernet-network-board-module-for-arduino-25mhz-crystal-avr-51-lpc-stm32-3-3v-3\/","name":"ENC28J60 LAN Ethernet Network Board Module for arduino 25MHZ Crystal AVR 51 LPC STM32 3.3V - Arduino e-shop","isPartOf":{"@id":"https:\/\/www.onetimenexttime.sk\/arduino\/#website"},"primaryImageOfPage":{"@id":"https:\/\/www.onetimenexttime.sk\/arduino\/index.php\/produkt\/enc28j60-lan-ethernet-network-board-module-for-arduino-25mhz-crystal-avr-51-lpc-stm32-3-3v-3\/#primaryimage"},"image":{"@id":"https:\/\/www.onetimenexttime.sk\/arduino\/index.php\/produkt\/enc28j60-lan-ethernet-network-board-module-for-arduino-25mhz-crystal-avr-51-lpc-stm32-3-3v-3\/#primaryimage"},"thumbnailUrl":"https:\/\/www.onetimenexttime.sk\/arduino\/wp-content\/uploads\/2021\/10\/228.jpg","datePublished":"2021-10-17T18:57:34+00:00","dateModified":"2024-02-22T21:23:06+00:00","breadcrumb":{"@id":"https:\/\/www.onetimenexttime.sk\/arduino\/index.php\/produkt\/enc28j60-lan-ethernet-network-board-module-for-arduino-25mhz-crystal-avr-51-lpc-stm32-3-3v-3\/#breadcrumb"},"inLanguage":"sk-SK","potentialAction":[{"@type":"ReadAction","target":["https:\/\/www.onetimenexttime.sk\/arduino\/index.php\/produkt\/enc28j60-lan-ethernet-network-board-module-for-arduino-25mhz-crystal-avr-51-lpc-stm32-3-3v-3\/"]}]},{"@type":"ImageObject","inLanguage":"sk-SK","@id":"https:\/\/www.onetimenexttime.sk\/arduino\/index.php\/produkt\/enc28j60-lan-ethernet-network-board-module-for-arduino-25mhz-crystal-avr-51-lpc-stm32-3-3v-3\/#primaryimage","url":"https:\/\/www.onetimenexttime.sk\/arduino\/wp-content\/uploads\/2021\/10\/228.jpg","contentUrl":"https:\/\/www.onetimenexttime.sk\/arduino\/wp-content\/uploads\/2021\/10\/228.jpg","width":596,"height":595},{"@type":"BreadcrumbList","@id":"https:\/\/www.onetimenexttime.sk\/arduino\/index.php\/produkt\/enc28j60-lan-ethernet-network-board-module-for-arduino-25mhz-crystal-avr-51-lpc-stm32-3-3v-3\/#breadcrumb","itemListElement":[{"@type":"ListItem","position":1,"name":"Domov","item":"https:\/\/www.onetimenexttime.sk\/arduino\/"},{"@type":"ListItem","position":2,"name":"Obchod","item":"https:\/\/www.onetimenexttime.sk\/arduino\/"},{"@type":"ListItem","position":3,"name":"ENC28J60 LAN Ethernet Network Board Module for arduino 25MHZ Crystal AVR 51 LPC STM32 3.3V"}]},{"@type":"WebSite","@id":"https:\/\/www.onetimenexttime.sk\/arduino\/#website","url":"https:\/\/www.onetimenexttime.sk\/arduino\/","name":"Arduino e-shop","description":"Home Assistant","potentialAction":[{"@type":"SearchAction","target":{"@type":"EntryPoint","urlTemplate":"https:\/\/www.onetimenexttime.sk\/arduino\/?s={search_term_string}"},"query-input":{"@type":"PropertyValueSpecification","valueRequired":true,"valueName":"search_term_string"}}],"inLanguage":"sk-SK"}]}},"_links":{"self":[{"href":"https:\/\/www.onetimenexttime.sk\/arduino\/index.php\/wp-json\/wp\/v2\/product\/86"}],"collection":[{"href":"https:\/\/www.onetimenexttime.sk\/arduino\/index.php\/wp-json\/wp\/v2\/product"}],"about":[{"href":"https:\/\/www.onetimenexttime.sk\/arduino\/index.php\/wp-json\/wp\/v2\/types\/product"}],"wp:featuredmedia":[{"embeddable":true,"href":"https:\/\/www.onetimenexttime.sk\/arduino\/index.php\/wp-json\/wp\/v2\/media\/87"}],"wp:attachment":[{"href":"https:\/\/www.onetimenexttime.sk\/arduino\/index.php\/wp-json\/wp\/v2\/media?parent=86"}],"wp:term":[{"taxonomy":"product_cat","embeddable":true,"href":"https:\/\/www.onetimenexttime.sk\/arduino\/index.php\/wp-json\/wp\/v2\/product_cat?post=86"},{"taxonomy":"product_tag","embeddable":true,"href":"https:\/\/www.onetimenexttime.sk\/arduino\/index.php\/wp-json\/wp\/v2\/product_tag?post=86"}],"curies":[{"name":"wp","href":"https:\/\/api.w.org\/{rel}","templated":true}]}}