{"id":855,"date":"2021-10-31T20:26:31","date_gmt":"2021-10-31T19:26:31","guid":{"rendered":"https:\/\/www.onetimenexttime.sk\/arduino\/?post_type=product&#038;p=855"},"modified":"2021-11-01T19:46:39","modified_gmt":"2021-11-01T18:46:39","slug":"rich-multifunction-uno-r3-atmega328p-development-board-for-arduino-uno-r3-with-mp3-ds1307-rtc-temperature-touch-sensor-module","status":"publish","type":"product","link":"https:\/\/www.onetimenexttime.sk\/arduino\/index.php\/produkt\/rich-multifunction-uno-r3-atmega328p-development-board-for-arduino-uno-r3-with-mp3-ds1307-rtc-temperature-touch-sensor-module\/","title":{"rendered":"Rich Multifunction UNO R3 Atmega328P Development Board for Arduino UNO R3 with MP3 \/DS1307 RTC \/Temperature \/Touch Sensor module"},"content":{"rendered":"<h2>Bohat\u00e1 multifunk\u010dn\u00e1 v\u00fdvojov\u00e1 doska UNO R3 Atmega328P pre Arduino UNO R3 s modulom MP3 \/ DS1307 RTC \/ teploty \/ dotykov\u00e9ho senzora<\/h2>\n<p>OPEN-SMART Rich UNO R3, kompatibiln\u00fd s Ar duino UNO R3, je v\u00fdvojov\u00e1 doska ATMEGA328P s bohat\u00fdmi perif\u00e9riami. Medzi perif\u00e9rie patr\u00ed 4-miestny displej, hodiny DS1307, sn\u00edma\u010d teploty LM75, infra\u010derven\u00fd prij\u00edma\u010d, s\u00e9riov\u00fd MP3 prehr\u00e1va\u010d, sn\u00edma\u010d uhla nato\u010denia, 4-kan\u00e1lov\u00fd dotykov\u00fd sn\u00edma\u010d. Hardv\u00e9rov\u00e9 \u200b\u200bzdroje s\u00fa ve\u013emi bohat\u00e9, nepotrebuj\u00fa \u017eiadne k\u00e1ble DuPont a pou\u017eitie je ve\u013emi jednoduch\u00e9. Je ve\u013emi vhodn\u00fd pre \u0161tudentov Ar duino.<\/p>\n<p>4-miestny displej: 4-miestna trubica (0,36 palca), ktor\u00e1 dok\u00e1\u017ee zobrazi\u0165 bod hod\u00edn, potrebuje kol\u00edky D10\/D11 na ovl\u00e1danie a zobrazenie cel\u00e9ho \u010d\u00edsla, hod\u00edn, stopiek, sk\u00f3re at\u010f.<\/p>\n<p>Hodiny DS1307: zalo\u017een\u00e9 na vysoko presn\u00fdch hodin\u00e1ch re\u00e1lneho \u010dasu DS1307, rozhranie I2C, adresa je 0x68.<\/p>\n<p>Teplotn\u00fd sn\u00edma\u010d LM75: teplotn\u00fd sn\u00edma\u010d rozhrania I2C, nielen\u017ee m\u00f4\u017ee mera\u0165 teplotu, ale m\u00f4\u017ee tie\u017e nastavi\u0165 teplotu ochrany pred teplotou, adresa je 0x48.<\/p>\n<p>Infra\u010derven\u00fd prij\u00edma\u010d: pou\u017eite kol\u00edk D2, m\u00f4\u017ee prij\u00edma\u0165 modulovan\u00fd infra\u010derven\u00fd sign\u00e1l 38 kHz, ktor\u00fd odosiela modul IR vysiela\u010da a demodulova\u0165 ho na logick\u00fa \u00farove\u0148, a m\u00f4\u017ee doplni\u0165 infra\u010derven\u00e9 dia\u013ekov\u00e9 ovl\u00e1danie programom kodekov.<\/p>\n<p>S\u00e9riov\u00fd MP3: Modul hudobn\u00e9ho prehr\u00e1va\u010da MP3 je zalo\u017een\u00fd na vysokokvalitnom hudobnom \u010dipe MP3, pou\u017eite kol\u00edky D7 \/ D8 ako softv\u00e9rov\u00fd s\u00e9riov\u00fd port, m\u00f4\u017eete posiela\u0165 pr\u00edkazy na prep\u00ednanie skladieb, zmenu hlasitosti a re\u017eimu prehr\u00e1vania a \u010fal\u0161ie oper\u00e1cie.<\/p>\n<p>Sn\u00edma\u010d uhla nato\u010denia: 10K ohm nastavite\u013en\u00fd sn\u00edma\u010d uhla gomb\u00edka potenciometra, pou\u017eite kol\u00edk A0, mo\u017eno pou\u017ei\u0165 na nastavenie hlasitosti MP3, 4-miestne nastavenie jasu displeja.<\/p>\n<p>4-kan\u00e1lov\u00fd dotykov\u00fd senzor: kapacitn\u00fd dotykov\u00fd sp\u00edna\u010d, iba ke\u010f sa prstami dotknete zodpovedaj\u00facej polohy, pr\u00edslu\u0161n\u00fd kol\u00edk modulu (D3 \/ D4 \/ D5 \/ D6) bude ma\u0165 na v\u00fdstupe vysok\u00fa \u00farove\u0148, inak bude na v\u00fdstupe n\u00edzky.<\/p>\n<p>Vlastnosti:<\/p>\n<p>&#8211; Pou\u017eite bootloader UNO<\/p>\n<p>&#8211; Je 100% kompatibiln\u00fd s programom UNO R3, roz\u0161iruj\u00facimi \u0161t\u00edtmi, IDE.<\/p>\n<p>&#8211; Pou\u017eite USB konektor typu B s mont\u00e1\u017eou cez otvor, v s\u00falade s UNO R3, robustnos\u0165ou a dlhou \u017eivotnos\u0165ou.<\/p>\n<p>&#8211; Program m\u00f4\u017eete nap\u00e1li\u0165 s k\u00e1blom typu A samec na typ B samec.<\/p>\n<p>&#8211; Integrovan\u00e1 500mA resetovate\u013en\u00e1 poistka na ochranu nap\u00e1jania z USB portu a DC konektora s\u00fa\u010dasne.<\/p>\n<p>&#8211; \u010cip ovl\u00e1da\u010da rozhrania USB: CH340G, kompatibiln\u00fd s win7, win8, linux, MAC OS.<\/p>\n<p>&#8211; Mikrokontrol\u00e9r: Atmel ATmega328P<\/p>\n<p>&#8211; Pracovn\u00e9 nap\u00e4tie: 5V<\/p>\n<p>&#8211; IO logick\u00e9 nap\u00e4tie: 5V<\/p>\n<p>&#8211; Pracovn\u00fd pr\u00fad: 500 mA (Max)<\/p>\n<p>&#8211; Digit\u00e1lne I\/O kol\u00edky: 14 (z toho 6 poskytuje PWM v\u00fdstup)<\/p>\n<p>&#8211; Pam\u00e4\u0165 Flash: 32 KB, z toho 2 KB vyu\u017e\u00edva bootloader<\/p>\n<p>&#8211; SRAM: 2 kB<\/p>\n<p>&#8211; EEPROM: 1 kB<\/p>\n<p>&#8211; Frekvencia hod\u00edn: 16 MHz<\/p>\n<p>&#8211; Integrovan\u00fd DIP prep\u00edna\u010d, m\u00f4\u017eete odpoji\u0165 spojenie medzi perif\u00e9rnym modulom na doske a Atmega328P.<\/p>\n<p>&#8211; Integrovan\u00e9 rozhranie Ar duino Shield, m\u00f4\u017ee pripoji\u0165 kompatibiln\u00fd roz\u0161iruj\u00faci \u0161t\u00edt.<\/p>\n","protected":false},"excerpt":{"rendered":"<p>Bohat\u00e1 multifunk\u010dn\u00e1 v\u00fdvojov\u00e1 doska UNO R3 Atmega328P pre Arduino UNO R3 s modulom MP3 \/ DS1307 RTC \/ teploty \/&hellip;<\/p>\n","protected":false},"featured_media":856,"template":"","meta":{"_monsterinsights_skip_tracking":false,"_monsterinsights_sitenote_active":false,"_monsterinsights_sitenote_note":"","_monsterinsights_sitenote_category":0},"product_cat":[16,58],"product_tag":[],"class_list":{"0":"post-855","1":"product","2":"type-product","3":"status-publish","4":"has-post-thumbnail","6":"product_cat-ard","7":"product_cat-tester","9":"first","10":"instock","11":"sale","12":"shipping-taxable","13":"purchasable","14":"product-type-simple"},"yoast_head":"<!-- This site is optimized with the Yoast SEO plugin v23.6 - https:\/\/yoast.com\/wordpress\/plugins\/seo\/ -->\n<title>Rich Multifunction UNO R3 Atmega328P Development Board for Arduino UNO R3 with MP3 \/DS1307 RTC \/Temperature \/Touch Sensor module - Arduino e-shop<\/title>\n<meta name=\"robots\" content=\"index, follow, max-snippet:-1, max-image-preview:large, max-video-preview:-1\" \/>\n<link rel=\"canonical\" href=\"https:\/\/www.onetimenexttime.sk\/arduino\/index.php\/produkt\/rich-multifunction-uno-r3-atmega328p-development-board-for-arduino-uno-r3-with-mp3-ds1307-rtc-temperature-touch-sensor-module\/\" \/>\n<meta property=\"og:locale\" content=\"sk_SK\" \/>\n<meta property=\"og:type\" content=\"article\" \/>\n<meta property=\"og:title\" content=\"Rich Multifunction UNO R3 Atmega328P Development Board for Arduino UNO R3 with MP3 \/DS1307 RTC \/Temperature \/Touch Sensor module - Arduino e-shop\" \/>\n<meta property=\"og:description\" content=\"Bohat\u00e1 multifunk\u010dn\u00e1 v\u00fdvojov\u00e1 doska UNO R3 Atmega328P pre Arduino UNO R3 s modulom MP3 \/ DS1307 RTC \/ teploty \/&hellip;\" \/>\n<meta property=\"og:url\" content=\"https:\/\/www.onetimenexttime.sk\/arduino\/index.php\/produkt\/rich-multifunction-uno-r3-atmega328p-development-board-for-arduino-uno-r3-with-mp3-ds1307-rtc-temperature-touch-sensor-module\/\" \/>\n<meta property=\"og:site_name\" content=\"Arduino e-shop\" \/>\n<meta property=\"article:modified_time\" content=\"2021-11-01T18:46:39+00:00\" \/>\n<meta property=\"og:image\" content=\"https:\/\/www.onetimenexttime.sk\/arduino\/wp-content\/uploads\/2021\/10\/245.jpg\" \/>\n\t<meta property=\"og:image:width\" content=\"501\" \/>\n\t<meta property=\"og:image:height\" content=\"501\" \/>\n\t<meta property=\"og:image:type\" content=\"image\/jpeg\" \/>\n<meta name=\"twitter:card\" content=\"summary_large_image\" \/>\n<meta name=\"twitter:label1\" content=\"Predpokladan\u00fd \u010das \u010d\u00edtania\" \/>\n\t<meta name=\"twitter:data1\" content=\"2 min\u00faty\" \/>\n<script type=\"application\/ld+json\" class=\"yoast-schema-graph\">{\"@context\":\"https:\/\/schema.org\",\"@graph\":[{\"@type\":\"WebPage\",\"@id\":\"https:\/\/www.onetimenexttime.sk\/arduino\/index.php\/produkt\/rich-multifunction-uno-r3-atmega328p-development-board-for-arduino-uno-r3-with-mp3-ds1307-rtc-temperature-touch-sensor-module\/\",\"url\":\"https:\/\/www.onetimenexttime.sk\/arduino\/index.php\/produkt\/rich-multifunction-uno-r3-atmega328p-development-board-for-arduino-uno-r3-with-mp3-ds1307-rtc-temperature-touch-sensor-module\/\",\"name\":\"Rich Multifunction UNO R3 Atmega328P Development Board for Arduino UNO R3 with MP3 \/DS1307 RTC \/Temperature \/Touch Sensor module - Arduino e-shop\",\"isPartOf\":{\"@id\":\"https:\/\/www.onetimenexttime.sk\/arduino\/#website\"},\"primaryImageOfPage\":{\"@id\":\"https:\/\/www.onetimenexttime.sk\/arduino\/index.php\/produkt\/rich-multifunction-uno-r3-atmega328p-development-board-for-arduino-uno-r3-with-mp3-ds1307-rtc-temperature-touch-sensor-module\/#primaryimage\"},\"image\":{\"@id\":\"https:\/\/www.onetimenexttime.sk\/arduino\/index.php\/produkt\/rich-multifunction-uno-r3-atmega328p-development-board-for-arduino-uno-r3-with-mp3-ds1307-rtc-temperature-touch-sensor-module\/#primaryimage\"},\"thumbnailUrl\":\"https:\/\/www.onetimenexttime.sk\/arduino\/wp-content\/uploads\/2021\/10\/245.jpg\",\"datePublished\":\"2021-10-31T19:26:31+00:00\",\"dateModified\":\"2021-11-01T18:46:39+00:00\",\"breadcrumb\":{\"@id\":\"https:\/\/www.onetimenexttime.sk\/arduino\/index.php\/produkt\/rich-multifunction-uno-r3-atmega328p-development-board-for-arduino-uno-r3-with-mp3-ds1307-rtc-temperature-touch-sensor-module\/#breadcrumb\"},\"inLanguage\":\"sk-SK\",\"potentialAction\":[{\"@type\":\"ReadAction\",\"target\":[\"https:\/\/www.onetimenexttime.sk\/arduino\/index.php\/produkt\/rich-multifunction-uno-r3-atmega328p-development-board-for-arduino-uno-r3-with-mp3-ds1307-rtc-temperature-touch-sensor-module\/\"]}]},{\"@type\":\"ImageObject\",\"inLanguage\":\"sk-SK\",\"@id\":\"https:\/\/www.onetimenexttime.sk\/arduino\/index.php\/produkt\/rich-multifunction-uno-r3-atmega328p-development-board-for-arduino-uno-r3-with-mp3-ds1307-rtc-temperature-touch-sensor-module\/#primaryimage\",\"url\":\"https:\/\/www.onetimenexttime.sk\/arduino\/wp-content\/uploads\/2021\/10\/245.jpg\",\"contentUrl\":\"https:\/\/www.onetimenexttime.sk\/arduino\/wp-content\/uploads\/2021\/10\/245.jpg\",\"width\":501,\"height\":501},{\"@type\":\"BreadcrumbList\",\"@id\":\"https:\/\/www.onetimenexttime.sk\/arduino\/index.php\/produkt\/rich-multifunction-uno-r3-atmega328p-development-board-for-arduino-uno-r3-with-mp3-ds1307-rtc-temperature-touch-sensor-module\/#breadcrumb\",\"itemListElement\":[{\"@type\":\"ListItem\",\"position\":1,\"name\":\"Domov\",\"item\":\"https:\/\/www.onetimenexttime.sk\/arduino\/\"},{\"@type\":\"ListItem\",\"position\":2,\"name\":\"Obchod\",\"item\":\"https:\/\/www.onetimenexttime.sk\/arduino\/\"},{\"@type\":\"ListItem\",\"position\":3,\"name\":\"Rich Multifunction UNO R3 Atmega328P Development Board for Arduino UNO R3 with MP3 \/DS1307 RTC \/Temperature \/Touch Sensor module\"}]},{\"@type\":\"WebSite\",\"@id\":\"https:\/\/www.onetimenexttime.sk\/arduino\/#website\",\"url\":\"https:\/\/www.onetimenexttime.sk\/arduino\/\",\"name\":\"Arduino e-shop\",\"description\":\"Home Assistant\",\"potentialAction\":[{\"@type\":\"SearchAction\",\"target\":{\"@type\":\"EntryPoint\",\"urlTemplate\":\"https:\/\/www.onetimenexttime.sk\/arduino\/?s={search_term_string}\"},\"query-input\":{\"@type\":\"PropertyValueSpecification\",\"valueRequired\":true,\"valueName\":\"search_term_string\"}}],\"inLanguage\":\"sk-SK\"}]}<\/script>\n<!-- \/ Yoast SEO plugin. -->","yoast_head_json":{"title":"Rich Multifunction UNO R3 Atmega328P Development Board for Arduino UNO R3 with MP3 \/DS1307 RTC \/Temperature \/Touch Sensor module - Arduino e-shop","robots":{"index":"index","follow":"follow","max-snippet":"max-snippet:-1","max-image-preview":"max-image-preview:large","max-video-preview":"max-video-preview:-1"},"canonical":"https:\/\/www.onetimenexttime.sk\/arduino\/index.php\/produkt\/rich-multifunction-uno-r3-atmega328p-development-board-for-arduino-uno-r3-with-mp3-ds1307-rtc-temperature-touch-sensor-module\/","og_locale":"sk_SK","og_type":"article","og_title":"Rich Multifunction UNO R3 Atmega328P Development Board for Arduino UNO R3 with MP3 \/DS1307 RTC \/Temperature \/Touch Sensor module - Arduino e-shop","og_description":"Bohat\u00e1 multifunk\u010dn\u00e1 v\u00fdvojov\u00e1 doska UNO R3 Atmega328P pre Arduino UNO R3 s modulom MP3 \/ DS1307 RTC \/ teploty \/&hellip;","og_url":"https:\/\/www.onetimenexttime.sk\/arduino\/index.php\/produkt\/rich-multifunction-uno-r3-atmega328p-development-board-for-arduino-uno-r3-with-mp3-ds1307-rtc-temperature-touch-sensor-module\/","og_site_name":"Arduino e-shop","article_modified_time":"2021-11-01T18:46:39+00:00","og_image":[{"width":501,"height":501,"url":"https:\/\/www.onetimenexttime.sk\/arduino\/wp-content\/uploads\/2021\/10\/245.jpg","type":"image\/jpeg"}],"twitter_card":"summary_large_image","twitter_misc":{"Predpokladan\u00fd \u010das \u010d\u00edtania":"2 min\u00faty"},"schema":{"@context":"https:\/\/schema.org","@graph":[{"@type":"WebPage","@id":"https:\/\/www.onetimenexttime.sk\/arduino\/index.php\/produkt\/rich-multifunction-uno-r3-atmega328p-development-board-for-arduino-uno-r3-with-mp3-ds1307-rtc-temperature-touch-sensor-module\/","url":"https:\/\/www.onetimenexttime.sk\/arduino\/index.php\/produkt\/rich-multifunction-uno-r3-atmega328p-development-board-for-arduino-uno-r3-with-mp3-ds1307-rtc-temperature-touch-sensor-module\/","name":"Rich Multifunction UNO R3 Atmega328P Development Board for Arduino UNO R3 with MP3 \/DS1307 RTC \/Temperature \/Touch Sensor module - Arduino e-shop","isPartOf":{"@id":"https:\/\/www.onetimenexttime.sk\/arduino\/#website"},"primaryImageOfPage":{"@id":"https:\/\/www.onetimenexttime.sk\/arduino\/index.php\/produkt\/rich-multifunction-uno-r3-atmega328p-development-board-for-arduino-uno-r3-with-mp3-ds1307-rtc-temperature-touch-sensor-module\/#primaryimage"},"image":{"@id":"https:\/\/www.onetimenexttime.sk\/arduino\/index.php\/produkt\/rich-multifunction-uno-r3-atmega328p-development-board-for-arduino-uno-r3-with-mp3-ds1307-rtc-temperature-touch-sensor-module\/#primaryimage"},"thumbnailUrl":"https:\/\/www.onetimenexttime.sk\/arduino\/wp-content\/uploads\/2021\/10\/245.jpg","datePublished":"2021-10-31T19:26:31+00:00","dateModified":"2021-11-01T18:46:39+00:00","breadcrumb":{"@id":"https:\/\/www.onetimenexttime.sk\/arduino\/index.php\/produkt\/rich-multifunction-uno-r3-atmega328p-development-board-for-arduino-uno-r3-with-mp3-ds1307-rtc-temperature-touch-sensor-module\/#breadcrumb"},"inLanguage":"sk-SK","potentialAction":[{"@type":"ReadAction","target":["https:\/\/www.onetimenexttime.sk\/arduino\/index.php\/produkt\/rich-multifunction-uno-r3-atmega328p-development-board-for-arduino-uno-r3-with-mp3-ds1307-rtc-temperature-touch-sensor-module\/"]}]},{"@type":"ImageObject","inLanguage":"sk-SK","@id":"https:\/\/www.onetimenexttime.sk\/arduino\/index.php\/produkt\/rich-multifunction-uno-r3-atmega328p-development-board-for-arduino-uno-r3-with-mp3-ds1307-rtc-temperature-touch-sensor-module\/#primaryimage","url":"https:\/\/www.onetimenexttime.sk\/arduino\/wp-content\/uploads\/2021\/10\/245.jpg","contentUrl":"https:\/\/www.onetimenexttime.sk\/arduino\/wp-content\/uploads\/2021\/10\/245.jpg","width":501,"height":501},{"@type":"BreadcrumbList","@id":"https:\/\/www.onetimenexttime.sk\/arduino\/index.php\/produkt\/rich-multifunction-uno-r3-atmega328p-development-board-for-arduino-uno-r3-with-mp3-ds1307-rtc-temperature-touch-sensor-module\/#breadcrumb","itemListElement":[{"@type":"ListItem","position":1,"name":"Domov","item":"https:\/\/www.onetimenexttime.sk\/arduino\/"},{"@type":"ListItem","position":2,"name":"Obchod","item":"https:\/\/www.onetimenexttime.sk\/arduino\/"},{"@type":"ListItem","position":3,"name":"Rich Multifunction UNO R3 Atmega328P Development Board for Arduino UNO R3 with MP3 \/DS1307 RTC \/Temperature \/Touch Sensor module"}]},{"@type":"WebSite","@id":"https:\/\/www.onetimenexttime.sk\/arduino\/#website","url":"https:\/\/www.onetimenexttime.sk\/arduino\/","name":"Arduino e-shop","description":"Home Assistant","potentialAction":[{"@type":"SearchAction","target":{"@type":"EntryPoint","urlTemplate":"https:\/\/www.onetimenexttime.sk\/arduino\/?s={search_term_string}"},"query-input":{"@type":"PropertyValueSpecification","valueRequired":true,"valueName":"search_term_string"}}],"inLanguage":"sk-SK"}]}},"_links":{"self":[{"href":"https:\/\/www.onetimenexttime.sk\/arduino\/index.php\/wp-json\/wp\/v2\/product\/855"}],"collection":[{"href":"https:\/\/www.onetimenexttime.sk\/arduino\/index.php\/wp-json\/wp\/v2\/product"}],"about":[{"href":"https:\/\/www.onetimenexttime.sk\/arduino\/index.php\/wp-json\/wp\/v2\/types\/product"}],"wp:featuredmedia":[{"embeddable":true,"href":"https:\/\/www.onetimenexttime.sk\/arduino\/index.php\/wp-json\/wp\/v2\/media\/856"}],"wp:attachment":[{"href":"https:\/\/www.onetimenexttime.sk\/arduino\/index.php\/wp-json\/wp\/v2\/media?parent=855"}],"wp:term":[{"taxonomy":"product_cat","embeddable":true,"href":"https:\/\/www.onetimenexttime.sk\/arduino\/index.php\/wp-json\/wp\/v2\/product_cat?post=855"},{"taxonomy":"product_tag","embeddable":true,"href":"https:\/\/www.onetimenexttime.sk\/arduino\/index.php\/wp-json\/wp\/v2\/product_tag?post=855"}],"curies":[{"name":"wp","href":"https:\/\/api.w.org\/{rel}","templated":true}]}}