{"id":850,"date":"2021-10-31T20:17:55","date_gmt":"2021-10-31T19:17:55","guid":{"rendered":"https:\/\/www.onetimenexttime.sk\/arduino\/?post_type=product&#038;p=850"},"modified":"2021-10-31T20:22:24","modified_gmt":"2021-10-31T19:22:24","slug":"wireless-mouse-remote-control-controller-usb-receiver-ir-remote-control-for-loptop-pc-computer-center-windows-7-8-10-xp-vista","status":"publish","type":"product","link":"https:\/\/www.onetimenexttime.sk\/arduino\/index.php\/produkt\/wireless-mouse-remote-control-controller-usb-receiver-ir-remote-control-for-loptop-pc-computer-center-windows-7-8-10-xp-vista\/","title":{"rendered":"Wireless Mouse Remote Control Controller USB Receiver IR Remote Control for Loptop PC Computer Center Windows 7 8 10 Xp Vista"},"content":{"rendered":"<h2>Bezdr\u00f4tov\u00e1 my\u0161 Dia\u013ekov\u00fd ovl\u00e1da\u010d USB prij\u00edma\u010d IR dia\u013ekov\u00e9 ovl\u00e1danie pre laptop PC Po\u010d\u00edta\u010dov\u00e9 centrum Windows 7 8 10 Xp Vista<\/h2>\n<p><strong>Vlastnosti:<\/strong><\/p>\n<p>Tento produkt je po\u010d\u00edta\u010dov\u00fd dia\u013ekov\u00fd ovl\u00e1da\u010d so silnou funkciou. S t\u00fdm,<\/p>\n<p>po\u010d\u00favanie hudby, pozeranie filmu,<\/p>\n<p>a prehliadanie webov\u00fdch str\u00e1nok bude pohodlnej\u0161ie.<\/p>\n<p>Jednoduch\u00e9 pou\u017eitie, tenk\u00e9 a \u013eahko prenosn\u00e9.<\/p>\n<p>Plug and play, NEpotrebujete ovl\u00e1da\u010d.<\/p>\n<p>34 kl\u00e1ves + 3 kurzorov\u00e9 kl\u00e1vesy (umo\u017e\u0148uj\u00fa simulova\u0165 pohyb my\u0161i \u013eav\u00fdm a<\/p>\n<p>tla\u010didlom prav\u00e9ho kliknutia priamo z dia\u013ekov\u00e9ho ovl\u00e1da\u010da)<\/p>\n<p><strong>\u0160pecifik\u00e1cia:<\/strong><\/p>\n<p>\u010cist\u00e1 hmotnos\u0165: 0,062 kg \/ 2,2 oz<\/p>\n<p>Typ: PC dia\u013ekov\u00e9 ovl\u00e1danie<\/p>\n<p>Materi\u00e1l: ABS<\/p>\n<p>Podporovan\u00e9 OS Windows 2000 a vy\u0161\u0161ie \/ Windows CE \/ Windows XP \/ Windows<\/p>\n<p>MCE\/ Windows<\/p>\n<p>VISTA\/ Windows 7\/ Windows 8\/ Windows 10<\/p>\n<p>Maxim\u00e1lny dosah ovl\u00e1dania: 18 m \/ 59 st\u00f4p<\/p>\n<p>Dia\u013ekov\u00e1 bat\u00e9ria: 1 * CR2032 bat\u00e9ria (nie je s\u00fa\u010das\u0165ou balenia)<\/p>\n<p>D\u013a\u017eka k\u00e1bla prij\u00edma\u010da: Pribl. 70 cm \/ 27,5&#8243;<\/p>\n<p>Ve\u013ekos\u0165: 5,2 * 12,3 * 1,2 cm \/ 2,1 * 4,8 * 0,5 &#8221;<\/p>\n<p>Balenie obsahuje:<\/p>\n<p>1 * Dia\u013ekov\u00e9 ovl\u00e1danie<\/p>\n<p>1* USB prij\u00edma\u010d<\/p>\n<p>Kl\u00e1vesov\u00e1 skratka:<\/p>\n<p>K\u013e\u00fa\u010d A, B, C, D, Ka\u017ed\u00fd k\u013e\u00fa\u010d m\u00f4\u017ee otvori\u0165 3 proced\u00fary z defin\u00edcie<\/p>\n<p>Prehr\u00e1vajte m\u00e9di\u00e1 priamo z dia\u013ekov\u00e9ho ovl\u00e1da\u010da<\/p>\n<p>Ovl\u00e1dajte svoje funkcie m\u00e9di\u00ed DVD\/VCD\/MP3\/Audio priamo a jednoducho zo svojho<\/p>\n<p>Dia\u013ekov\u00e9 ovl\u00e1danie<\/p>\n<p>6 multimedi\u00e1lnych kl\u00e1vesov\u00fdch skratiek: Predch\u00e1dzaj\u00faci, \u010eal\u0161\u00ed, Prehra\u0165\/Pozastavi\u0165, Dozadu, Dopredu, Ovl\u00e1danie<\/p>\n<p>kurzor bez my\u0161i<\/p>\n<p>3 kl\u00e1vesy: Ovl\u00e1danie kurzora, \u013eav\u00e9 a prav\u00e9 tla\u010didlo<\/p>\n<p>Podporn\u00fd softv\u00e9r: WMP, Realplay, KMPlayer, TTplay, WinDVD, PowerDVD<\/p>\n<p>Aplik\u00e1cia: pre syst\u00e9m Windows 2000 a vy\u0161\u0161\u00ed \/ Windows CE \/ Windows XP \/ Windows<\/p>\n<p>MCE\/ Windows<\/p>\n<p>\u200bVISTA\/ Windows 7\/ Windows 8\/ Windows 10<\/p>\n","protected":false},"excerpt":{"rendered":"<p>Bezdr\u00f4tov\u00e1 my\u0161 Dia\u013ekov\u00fd ovl\u00e1da\u010d USB prij\u00edma\u010d IR dia\u013ekov\u00e9 ovl\u00e1danie pre laptop PC Po\u010d\u00edta\u010dov\u00e9 centrum Windows 7 8 10 Xp Vista&hellip;<\/p>\n","protected":false},"featured_media":851,"template":"","meta":{"_monsterinsights_skip_tracking":false,"_monsterinsights_sitenote_active":false,"_monsterinsights_sitenote_note":"","_monsterinsights_sitenote_category":0},"product_cat":[50],"product_tag":[],"class_list":{"0":"post-850","1":"product","2":"type-product","3":"status-publish","4":"has-post-thumbnail","6":"product_cat-pc","8":"first","9":"instock","10":"sale","11":"shipping-taxable","12":"purchasable","13":"product-type-simple"},"yoast_head":"<!-- This site is optimized with the Yoast SEO plugin v23.6 - https:\/\/yoast.com\/wordpress\/plugins\/seo\/ -->\n<title>Wireless Mouse Remote Control Controller USB Receiver IR Remote Control for Loptop PC Computer Center Windows 7 8 10 Xp Vista - Arduino e-shop<\/title>\n<meta name=\"robots\" content=\"index, follow, max-snippet:-1, max-image-preview:large, max-video-preview:-1\" \/>\n<link rel=\"canonical\" href=\"https:\/\/www.onetimenexttime.sk\/arduino\/index.php\/produkt\/wireless-mouse-remote-control-controller-usb-receiver-ir-remote-control-for-loptop-pc-computer-center-windows-7-8-10-xp-vista\/\" \/>\n<meta property=\"og:locale\" content=\"sk_SK\" \/>\n<meta property=\"og:type\" content=\"article\" \/>\n<meta property=\"og:title\" content=\"Wireless Mouse Remote Control Controller USB Receiver IR Remote Control for Loptop PC Computer Center Windows 7 8 10 Xp Vista - Arduino e-shop\" \/>\n<meta property=\"og:description\" content=\"Bezdr\u00f4tov\u00e1 my\u0161 Dia\u013ekov\u00fd ovl\u00e1da\u010d USB prij\u00edma\u010d IR dia\u013ekov\u00e9 ovl\u00e1danie pre laptop PC Po\u010d\u00edta\u010dov\u00e9 centrum Windows 7 8 10 Xp Vista&hellip;\" \/>\n<meta property=\"og:url\" content=\"https:\/\/www.onetimenexttime.sk\/arduino\/index.php\/produkt\/wireless-mouse-remote-control-controller-usb-receiver-ir-remote-control-for-loptop-pc-computer-center-windows-7-8-10-xp-vista\/\" \/>\n<meta property=\"og:site_name\" content=\"Arduino e-shop\" \/>\n<meta property=\"article:modified_time\" content=\"2021-10-31T19:22:24+00:00\" \/>\n<meta property=\"og:image\" content=\"https:\/\/www.onetimenexttime.sk\/arduino\/wp-content\/uploads\/2021\/10\/826-3.jpg\" \/>\n\t<meta property=\"og:image:width\" content=\"501\" \/>\n\t<meta property=\"og:image:height\" content=\"501\" \/>\n\t<meta property=\"og:image:type\" content=\"image\/jpeg\" \/>\n<meta name=\"twitter:card\" content=\"summary_large_image\" \/>\n<meta name=\"twitter:label1\" content=\"Predpokladan\u00fd \u010das \u010d\u00edtania\" \/>\n\t<meta name=\"twitter:data1\" content=\"2 min\u00faty\" \/>\n<script type=\"application\/ld+json\" class=\"yoast-schema-graph\">{\"@context\":\"https:\/\/schema.org\",\"@graph\":[{\"@type\":\"WebPage\",\"@id\":\"https:\/\/www.onetimenexttime.sk\/arduino\/index.php\/produkt\/wireless-mouse-remote-control-controller-usb-receiver-ir-remote-control-for-loptop-pc-computer-center-windows-7-8-10-xp-vista\/\",\"url\":\"https:\/\/www.onetimenexttime.sk\/arduino\/index.php\/produkt\/wireless-mouse-remote-control-controller-usb-receiver-ir-remote-control-for-loptop-pc-computer-center-windows-7-8-10-xp-vista\/\",\"name\":\"Wireless Mouse Remote Control Controller USB Receiver IR Remote Control for Loptop PC Computer Center Windows 7 8 10 Xp Vista - Arduino e-shop\",\"isPartOf\":{\"@id\":\"https:\/\/www.onetimenexttime.sk\/arduino\/#website\"},\"primaryImageOfPage\":{\"@id\":\"https:\/\/www.onetimenexttime.sk\/arduino\/index.php\/produkt\/wireless-mouse-remote-control-controller-usb-receiver-ir-remote-control-for-loptop-pc-computer-center-windows-7-8-10-xp-vista\/#primaryimage\"},\"image\":{\"@id\":\"https:\/\/www.onetimenexttime.sk\/arduino\/index.php\/produkt\/wireless-mouse-remote-control-controller-usb-receiver-ir-remote-control-for-loptop-pc-computer-center-windows-7-8-10-xp-vista\/#primaryimage\"},\"thumbnailUrl\":\"https:\/\/www.onetimenexttime.sk\/arduino\/wp-content\/uploads\/2021\/10\/826-3.jpg\",\"datePublished\":\"2021-10-31T19:17:55+00:00\",\"dateModified\":\"2021-10-31T19:22:24+00:00\",\"breadcrumb\":{\"@id\":\"https:\/\/www.onetimenexttime.sk\/arduino\/index.php\/produkt\/wireless-mouse-remote-control-controller-usb-receiver-ir-remote-control-for-loptop-pc-computer-center-windows-7-8-10-xp-vista\/#breadcrumb\"},\"inLanguage\":\"sk-SK\",\"potentialAction\":[{\"@type\":\"ReadAction\",\"target\":[\"https:\/\/www.onetimenexttime.sk\/arduino\/index.php\/produkt\/wireless-mouse-remote-control-controller-usb-receiver-ir-remote-control-for-loptop-pc-computer-center-windows-7-8-10-xp-vista\/\"]}]},{\"@type\":\"ImageObject\",\"inLanguage\":\"sk-SK\",\"@id\":\"https:\/\/www.onetimenexttime.sk\/arduino\/index.php\/produkt\/wireless-mouse-remote-control-controller-usb-receiver-ir-remote-control-for-loptop-pc-computer-center-windows-7-8-10-xp-vista\/#primaryimage\",\"url\":\"https:\/\/www.onetimenexttime.sk\/arduino\/wp-content\/uploads\/2021\/10\/826-3.jpg\",\"contentUrl\":\"https:\/\/www.onetimenexttime.sk\/arduino\/wp-content\/uploads\/2021\/10\/826-3.jpg\",\"width\":501,\"height\":501},{\"@type\":\"BreadcrumbList\",\"@id\":\"https:\/\/www.onetimenexttime.sk\/arduino\/index.php\/produkt\/wireless-mouse-remote-control-controller-usb-receiver-ir-remote-control-for-loptop-pc-computer-center-windows-7-8-10-xp-vista\/#breadcrumb\",\"itemListElement\":[{\"@type\":\"ListItem\",\"position\":1,\"name\":\"Domov\",\"item\":\"https:\/\/www.onetimenexttime.sk\/arduino\/\"},{\"@type\":\"ListItem\",\"position\":2,\"name\":\"Obchod\",\"item\":\"https:\/\/www.onetimenexttime.sk\/arduino\/\"},{\"@type\":\"ListItem\",\"position\":3,\"name\":\"Wireless Mouse Remote Control Controller USB Receiver IR Remote Control for Loptop PC Computer Center Windows 7 8 10 Xp Vista\"}]},{\"@type\":\"WebSite\",\"@id\":\"https:\/\/www.onetimenexttime.sk\/arduino\/#website\",\"url\":\"https:\/\/www.onetimenexttime.sk\/arduino\/\",\"name\":\"Arduino e-shop\",\"description\":\"Home Assistant\",\"potentialAction\":[{\"@type\":\"SearchAction\",\"target\":{\"@type\":\"EntryPoint\",\"urlTemplate\":\"https:\/\/www.onetimenexttime.sk\/arduino\/?s={search_term_string}\"},\"query-input\":{\"@type\":\"PropertyValueSpecification\",\"valueRequired\":true,\"valueName\":\"search_term_string\"}}],\"inLanguage\":\"sk-SK\"}]}<\/script>\n<!-- \/ Yoast SEO plugin. -->","yoast_head_json":{"title":"Wireless Mouse Remote Control Controller USB Receiver IR Remote Control for Loptop PC Computer Center Windows 7 8 10 Xp Vista - Arduino e-shop","robots":{"index":"index","follow":"follow","max-snippet":"max-snippet:-1","max-image-preview":"max-image-preview:large","max-video-preview":"max-video-preview:-1"},"canonical":"https:\/\/www.onetimenexttime.sk\/arduino\/index.php\/produkt\/wireless-mouse-remote-control-controller-usb-receiver-ir-remote-control-for-loptop-pc-computer-center-windows-7-8-10-xp-vista\/","og_locale":"sk_SK","og_type":"article","og_title":"Wireless Mouse Remote Control Controller USB Receiver IR Remote Control for Loptop PC Computer Center Windows 7 8 10 Xp Vista - Arduino e-shop","og_description":"Bezdr\u00f4tov\u00e1 my\u0161 Dia\u013ekov\u00fd ovl\u00e1da\u010d USB prij\u00edma\u010d IR dia\u013ekov\u00e9 ovl\u00e1danie pre laptop PC Po\u010d\u00edta\u010dov\u00e9 centrum Windows 7 8 10 Xp Vista&hellip;","og_url":"https:\/\/www.onetimenexttime.sk\/arduino\/index.php\/produkt\/wireless-mouse-remote-control-controller-usb-receiver-ir-remote-control-for-loptop-pc-computer-center-windows-7-8-10-xp-vista\/","og_site_name":"Arduino e-shop","article_modified_time":"2021-10-31T19:22:24+00:00","og_image":[{"width":501,"height":501,"url":"https:\/\/www.onetimenexttime.sk\/arduino\/wp-content\/uploads\/2021\/10\/826-3.jpg","type":"image\/jpeg"}],"twitter_card":"summary_large_image","twitter_misc":{"Predpokladan\u00fd \u010das \u010d\u00edtania":"2 min\u00faty"},"schema":{"@context":"https:\/\/schema.org","@graph":[{"@type":"WebPage","@id":"https:\/\/www.onetimenexttime.sk\/arduino\/index.php\/produkt\/wireless-mouse-remote-control-controller-usb-receiver-ir-remote-control-for-loptop-pc-computer-center-windows-7-8-10-xp-vista\/","url":"https:\/\/www.onetimenexttime.sk\/arduino\/index.php\/produkt\/wireless-mouse-remote-control-controller-usb-receiver-ir-remote-control-for-loptop-pc-computer-center-windows-7-8-10-xp-vista\/","name":"Wireless Mouse Remote Control Controller USB Receiver IR Remote Control for Loptop PC Computer Center Windows 7 8 10 Xp Vista - Arduino e-shop","isPartOf":{"@id":"https:\/\/www.onetimenexttime.sk\/arduino\/#website"},"primaryImageOfPage":{"@id":"https:\/\/www.onetimenexttime.sk\/arduino\/index.php\/produkt\/wireless-mouse-remote-control-controller-usb-receiver-ir-remote-control-for-loptop-pc-computer-center-windows-7-8-10-xp-vista\/#primaryimage"},"image":{"@id":"https:\/\/www.onetimenexttime.sk\/arduino\/index.php\/produkt\/wireless-mouse-remote-control-controller-usb-receiver-ir-remote-control-for-loptop-pc-computer-center-windows-7-8-10-xp-vista\/#primaryimage"},"thumbnailUrl":"https:\/\/www.onetimenexttime.sk\/arduino\/wp-content\/uploads\/2021\/10\/826-3.jpg","datePublished":"2021-10-31T19:17:55+00:00","dateModified":"2021-10-31T19:22:24+00:00","breadcrumb":{"@id":"https:\/\/www.onetimenexttime.sk\/arduino\/index.php\/produkt\/wireless-mouse-remote-control-controller-usb-receiver-ir-remote-control-for-loptop-pc-computer-center-windows-7-8-10-xp-vista\/#breadcrumb"},"inLanguage":"sk-SK","potentialAction":[{"@type":"ReadAction","target":["https:\/\/www.onetimenexttime.sk\/arduino\/index.php\/produkt\/wireless-mouse-remote-control-controller-usb-receiver-ir-remote-control-for-loptop-pc-computer-center-windows-7-8-10-xp-vista\/"]}]},{"@type":"ImageObject","inLanguage":"sk-SK","@id":"https:\/\/www.onetimenexttime.sk\/arduino\/index.php\/produkt\/wireless-mouse-remote-control-controller-usb-receiver-ir-remote-control-for-loptop-pc-computer-center-windows-7-8-10-xp-vista\/#primaryimage","url":"https:\/\/www.onetimenexttime.sk\/arduino\/wp-content\/uploads\/2021\/10\/826-3.jpg","contentUrl":"https:\/\/www.onetimenexttime.sk\/arduino\/wp-content\/uploads\/2021\/10\/826-3.jpg","width":501,"height":501},{"@type":"BreadcrumbList","@id":"https:\/\/www.onetimenexttime.sk\/arduino\/index.php\/produkt\/wireless-mouse-remote-control-controller-usb-receiver-ir-remote-control-for-loptop-pc-computer-center-windows-7-8-10-xp-vista\/#breadcrumb","itemListElement":[{"@type":"ListItem","position":1,"name":"Domov","item":"https:\/\/www.onetimenexttime.sk\/arduino\/"},{"@type":"ListItem","position":2,"name":"Obchod","item":"https:\/\/www.onetimenexttime.sk\/arduino\/"},{"@type":"ListItem","position":3,"name":"Wireless Mouse Remote Control Controller USB Receiver IR Remote Control for Loptop PC Computer Center Windows 7 8 10 Xp Vista"}]},{"@type":"WebSite","@id":"https:\/\/www.onetimenexttime.sk\/arduino\/#website","url":"https:\/\/www.onetimenexttime.sk\/arduino\/","name":"Arduino e-shop","description":"Home Assistant","potentialAction":[{"@type":"SearchAction","target":{"@type":"EntryPoint","urlTemplate":"https:\/\/www.onetimenexttime.sk\/arduino\/?s={search_term_string}"},"query-input":{"@type":"PropertyValueSpecification","valueRequired":true,"valueName":"search_term_string"}}],"inLanguage":"sk-SK"}]}},"_links":{"self":[{"href":"https:\/\/www.onetimenexttime.sk\/arduino\/index.php\/wp-json\/wp\/v2\/product\/850"}],"collection":[{"href":"https:\/\/www.onetimenexttime.sk\/arduino\/index.php\/wp-json\/wp\/v2\/product"}],"about":[{"href":"https:\/\/www.onetimenexttime.sk\/arduino\/index.php\/wp-json\/wp\/v2\/types\/product"}],"wp:featuredmedia":[{"embeddable":true,"href":"https:\/\/www.onetimenexttime.sk\/arduino\/index.php\/wp-json\/wp\/v2\/media\/851"}],"wp:attachment":[{"href":"https:\/\/www.onetimenexttime.sk\/arduino\/index.php\/wp-json\/wp\/v2\/media?parent=850"}],"wp:term":[{"taxonomy":"product_cat","embeddable":true,"href":"https:\/\/www.onetimenexttime.sk\/arduino\/index.php\/wp-json\/wp\/v2\/product_cat?post=850"},{"taxonomy":"product_tag","embeddable":true,"href":"https:\/\/www.onetimenexttime.sk\/arduino\/index.php\/wp-json\/wp\/v2\/product_tag?post=850"}],"curies":[{"name":"wp","href":"https:\/\/api.w.org\/{rel}","templated":true}]}}