{"id":845,"date":"2021-10-31T20:06:16","date_gmt":"2021-10-31T19:06:16","guid":{"rendered":"https:\/\/www.onetimenexttime.sk\/arduino\/?post_type=product&#038;p=845"},"modified":"2021-10-31T20:17:02","modified_gmt":"2021-10-31T19:17:02","slug":"mini-nvr-full-hd-4-channel-security-cctv-nvr-1080p-4ch-8ch-onvif-2-0-for-ip-camera-system-1080p-with-radiator-besder-free","status":"publish","type":"product","link":"https:\/\/www.onetimenexttime.sk\/arduino\/index.php\/produkt\/mini-nvr-full-hd-4-channel-security-cctv-nvr-1080p-4ch-8ch-onvif-2-0-for-ip-camera-system-1080p-with-radiator-besder-free\/","title":{"rendered":"Mini NVR Full HD 4 Channel Security CCTV NVR 1080P 4CH 8CH ONVIF 2.0 For IP Camera System 1080P With Radiator BESDER    +++ FREE +++"},"content":{"rendered":"<h2>BESDER Mini NVR Full HD 4 kan\u00e1lov\u00fd\u00a0 bezpe\u010dnostn\u00fd CCTV NVR 1080P 4CH 8CH ONVIF 2.0 pre IP kamerov\u00fd syst\u00e9m 1080P s radi\u00e1torom<\/h2>\n<h2><strong>+ ZADARMO jedena elektronika pokazen\u00e1 na s\u00fa\u010diastky<\/strong><\/h2>\n<p>BESDER Mini NVR Full HD 4\/8 kan\u00e1lov\u00e9 zabezpe\u010denie CCTV NVR 1080P ONVIF 2.0 pre IP kamerov\u00fd syst\u00e9m \u2013 Skvel\u00e9, ak potrebujete pripoji\u0165 viac ako jednu kameru (a\u017e 8) do v\u00e1\u0161ho bezpe\u010dnostn\u00e9ho syst\u00e9mu. Funguje s r\u00f4znymi typmi kamier, ktor\u00e9 podporuj\u00fa protokol ONVIF, najm\u00e4 s IP kamerou Besder ONVIF, ktor\u00fa n\u00e1jdete v na\u0161om obchode!<\/p>\n<p>Vlastnosti :<\/p>\n<p>1.H.264 Vysokoprofilov\u00fd kompresn\u00fd algoritmus ide\u00e1lny pre samostatn\u00e9 NVR<\/p>\n<p>2. \u017div\u00e9 zobrazenie v re\u00e1lnom \u010dase a\u017e do 4\/8 kamier<\/p>\n<p>3. Funkcia Pentaplex: na\u017eivo, nahr\u00e1vanie, prehr\u00e1vanie, z\u00e1lohovanie a vzdialen\u00fd pr\u00edstup;<\/p>\n<p>4.Podpora Dual-streams, aby bolo mobiln\u00e9 monitorovanie ve\u013emi jednoduch\u00e9, flexibiln\u00e9 pre sie\u0165ov\u00fd prenos<\/p>\n<p>5.Smart detekcia videa: detekcia pohybu, video slep\u00e1, strata videa<\/p>\n<p>6. Nastavenia inteligentn\u00e9ho fotoapar\u00e1tu: maskovanie s\u00fakromia, z\u00e1mok fotoapar\u00e1tu, nastavenie farieb a zobrazenie titulkov<\/p>\n<p>7.Easy met\u00f3dy z\u00e1lohovania: USB zariadenia, z\u00e1loha vzdialenej siete a klientskeho softv\u00e9ru<\/p>\n<p>8. Tipy na spustenie alarmu, bzu\u010diak, prednastaven\u00e9 PTZ, e-mail a nahr\u00e1vanie cez FTP<\/p>\n<p>9. Spr\u00e1va inteligentn\u00fdch pevn\u00fdch diskov: nefunk\u010dn\u00e9 hibern\u00e1cia HDD, alarm chybn\u00e9ho HDD, funkcia Raid<\/p>\n<p>10. V\u00fdkonn\u00fd sie\u0165ov\u00fd softv\u00e9r: vstavan\u00fd webov\u00fd server, multi-DVR klient a SMS sie\u0165ov\u00fd pr\u00edstup pre vzdialen\u00e9 \u017eiv\u00e9 sledovanie, nahr\u00e1vanie, prehr\u00e1vanie, nastavenie, stav syst\u00e9mu, denn\u00edk udalost\u00ed, e-mail a funkcia ftp<\/p>\n<p>11.Podpora DHCP \/ PPPOE \/ FTP \/ DNS \/ DDNS \/ NTP \/ E-mailov\u00fd alarm \/ Spr\u00e1va IP pr\u00e1v \/ IP vyh\u013ead\u00e1vanie \/ funkcie centra sie\u0165ov\u00e9ho alarmu, podpora webov\u00e9ho klienta, samostatn\u00e9ho klienta a SDK.<\/p>\n<p>12. So zvukov\u00fdm syst\u00e9mom pre ochrann\u00fd obvod, unik\u00e1tnou funkciou trojit\u00e9ho str\u00e1\u017eneho psa, ve\u013emi n\u00edzkou spotrebou energie, aby sa zabezpe\u010dilo, \u017ee zariadenie nebude nikdy zavesen\u00e9.<\/p>\n<p>V\u010faka jedine\u010dnej technol\u00f3gii \u010diernej skrinky m\u00f4\u017eete monitorova\u0165 cel\u00fd proces prev\u00e1dzky zariadenia a v\u00fdrazne zn\u00ed\u017ei\u0165 n\u00e1klady na \u00fadr\u017ebu.<\/p>\n<p>13.Povo\u013ete siln\u00fa viacsmern\u00fa synchroniz\u00e1ciu s max. 1\/4 kan\u00e1lov\u00fdm prehr\u00e1van\u00edm, realizujte nulov\u00e9 oneskorenie medzi prehr\u00e1vac\u00edmi kan\u00e1lmi<\/p>\n<p>14. Podpora \u0161tandardn\u00e9ho protokolu Onvif 2.0<\/p>\n<p>15.Skuto\u010dn\u00e9 P2P: Cloud: XMEYE.NET; APP: XMEYE<\/p>\n<p><strong>8 Channel NVR :<\/strong><\/p>\n<p>&nbsp;<\/p>\n<table border=\"1\" cellspacing=\"0\" cellpadding=\"0\">\n<tbody>\n<tr>\n<td rowspan=\"5\"><strong>Overview<\/strong><\/td>\n<td>Model<\/td>\n<td>BES-1008F<\/td>\n<\/tr>\n<tr>\n<td>Operating System<\/td>\n<td>Embedded LINUX\/ 3520D\u00a0Main Processor<\/td>\n<\/tr>\n<tr>\n<td>System Resources<\/td>\n<td>Pentaplex function:live,recording,playback,backup &amp; remote access<\/td>\n<\/tr>\n<tr>\n<td>Operation interface<\/td>\n<td>16-bit true color graphic menu operation interface, support mouse operation<\/td>\n<\/tr>\n<tr>\n<td>Preview<\/td>\n<td>\u00a01\/4\/8\/12<\/td>\n<\/tr>\n<tr>\n<td rowspan=\"6\"><strong>Video<\/strong><\/td>\n<td>Video Standards<\/td>\n<td>PAL 625 line,50 f\/s;NTSC 525 line,60 f\/s<\/td>\n<\/tr>\n<tr>\n<td>Video Compression<\/td>\n<td>H.264 High profile<\/td>\n<\/tr>\n<tr>\n<td>quality supervision<\/td>\n<td>Monitor: D1; VGA: high definition; HDMI: hd<\/td>\n<\/tr>\n<tr>\n<td>Video Recording<\/td>\n<td>1080P\/720P\/960H\/D1<\/td>\n<\/tr>\n<tr>\n<td><strong>Vidie input(IP)<\/strong><\/td>\n<td><strong>8*1080P\/12*960P<\/strong><\/td>\n<\/tr>\n<tr>\n<td>Motion Detection<\/td>\n<td><span style=\"font-family: arial, helvetica, sans-serif; font-size: medium;\">Supports\u00a0<\/span><\/p>\n<p><span style=\"font-family: arial, helvetica, sans-serif; font-size: medium;\">( Depends on Camera ,the front-end ip camera must have this function )<\/span><\/td>\n<\/tr>\n<tr>\n<td rowspan=\"2\"><strong>Audio<\/strong><\/td>\n<td>Audio Conpression<\/td>\n<td><span style=\"font-family: arial, helvetica, sans-serif; font-size: medium;\">G.711a<\/span><\/td>\n<\/tr>\n<tr>\n<td>Bidrectional Talk<\/td>\n<td>N\/A<\/td>\n<\/tr>\n<tr>\n<td rowspan=\"3\"><strong>Record &amp;<\/strong><\/p>\n<p><strong>Playback<\/strong><\/td>\n<td>Recording Mode<\/td>\n<td>Manual&gt;Alarm&gt;Dynamic&gt;Timing<\/td>\n<\/tr>\n<tr>\n<td><strong>Playback<\/strong><\/td>\n<td><strong>2*1080P\/4*960P<\/strong><\/td>\n<\/tr>\n<tr>\n<td>Search Mode<\/td>\n<td>Time\/Date,Alarm,Motion Detection &amp; exact search(accurate to second)<\/td>\n<\/tr>\n<tr>\n<td rowspan=\"3\"><strong>Storage &amp;<\/strong><\/p>\n<p><strong>Playback<\/strong><\/td>\n<td>Space Occupation<\/td>\n<td>Video: 1080p 40G\/day\/ch, 720p 20-30G\/day\/ch<\/p>\n<p>D1\u00a08-10G\/day\/ch<\/p>\n<p>Audio:691.2M\/day*channel<\/td>\n<\/tr>\n<tr>\n<td>Video saved<\/td>\n<td>Local HDD,network<\/td>\n<\/tr>\n<tr>\n<td>Backup Mode<\/td>\n<td>Network download\/Flash stick\/USB\/SATA<\/td>\n<\/tr>\n<tr>\n<td rowspan=\"11\"><strong>Interface<\/strong><\/td>\n<td>Video Input(bnc)<\/td>\n<td>N\/A<\/td>\n<\/tr>\n<tr>\n<td>Video Output<\/td>\n<td>1CH\u00a0VGA output, 1CH HDMI<\/td>\n<\/tr>\n<tr>\n<td>Audio Input<\/td>\n<td>N\/A<\/td>\n<\/tr>\n<tr>\n<td>Audio Output<\/td>\n<td>N\/A<\/td>\n<\/tr>\n<tr>\n<td>Alarm Input<\/td>\n<td>N\/A<\/td>\n<\/tr>\n<tr>\n<td>Relay Output<\/td>\n<td>N\/A<\/td>\n<\/tr>\n<tr>\n<td>Net Interface<\/td>\n<td>RJ-45 10M\/100M<\/td>\n<\/tr>\n<tr>\n<td>PTZ Control<\/td>\n<td>N\/A ( Operate in CMS software or Web interfact )<\/td>\n<\/tr>\n<tr>\n<td>3G\/WIFI<\/td>\n<td>N\/A<\/td>\n<\/tr>\n<tr>\n<td>USB Interface<\/td>\n<td>2* USB2.0 port for mouse and backup<\/td>\n<\/tr>\n<tr>\n<td>Hard Disk<\/td>\n<td>1 SATA port(Max 1 x 4T)<\/td>\n<\/tr>\n<tr>\n<td rowspan=\"3\"><strong>Environmental<\/strong><\/td>\n<td>Power Supply<\/td>\n<td>12V\/2A<\/td>\n<\/tr>\n<tr>\n<td>Dimension<\/td>\n<td>210x 200\u00a0x 40mm<\/td>\n<\/tr>\n<tr>\n<td>ONVIF<\/td>\n<td>Standard 2.0<\/p>\n<div><\/div>\n<\/td>\n<\/tr>\n<\/tbody>\n<\/table>\n<p>&nbsp;<\/p>\n<p>Rozl\u00ed\u0161enie videa:<br \/>\n1080P<br \/>\nTechnol\u00f3gia:<br \/>\nsie\u0165<br \/>\nTyp rozhrania pevn\u00e9ho disku:<br \/>\nSATA<br \/>\nVstupn\u00e9 video rozhranie:<br \/>\nHDMI<br \/>\nPodporovan\u00e9 mobiln\u00e9 syst\u00e9my:<br \/>\nOS iPhone<br \/>\nRe\u017eim IP:<br \/>\nStatick\u00e1 IP adresa<br \/>\nZdroj energie:<br \/>\nE\u00da<br \/>\nVideo \u0161tandard:<br \/>\nPAL<br \/>\nVideo v\u00fdstup:<br \/>\n1CH HDMI 1920X1080 60Hz<br \/>\nPodporovan\u00e9 opera\u010dn\u00e9 syst\u00e9my:<br \/>\nMicrosoft Windows 7<br \/>\nN\u00e1zov zna\u010dky:<br \/>\nBESDER<br \/>\nZvukov\u00fd v\u00fdstup:<br \/>\n\u017eiadne<br \/>\nVstavan\u00fd HDD:<br \/>\n\u017eiadne<br \/>\n\u010c\u00edslo modelu:<br \/>\nBES-1004\/8F<br \/>\nSie\u0165ov\u00e9 rozhranie:<br \/>\nRJ45 10\/100M<br \/>\nZvukov\u00fd vstup:<br \/>\nNie<br \/>\nTyp z\u00e1lohy:<br \/>\nUSB Flash Divers<br \/>\nObojsmern\u00fd zvuk:<br \/>\nNie<br \/>\nRozhodnutie:<br \/>\nFull HD 1080P<br \/>\nONVIF:<br \/>\n\u00c1no (ONVIF 2.0)<br \/>\nHlavn\u00fd procesor:<br \/>\nHI3520D Pre 4CH 8CH<br \/>\nVstup pre 4-kan\u00e1lov\u00fd NVR:<br \/>\n4*1080P\/8*960P\/8*D1<br \/>\nVstup pre 8-kan\u00e1lov\u00fd NVR:<br \/>\n8*1080P\/12*960P<br \/>\nPrehr\u00e1vanie:<br \/>\n2*1080P\/4*960 Pre 4CH ; 2*1080P\/4*960P\/4*720P Pre 8CH<br \/>\nV\u00fdkon:<br \/>\n1 * 1080P HDMI \/ 1 * VGA<br \/>\nrozmer:<br \/>\n21 cm (D) * 20 cm (\u0160) * 4 cm (V)<br \/>\nCista hmotnost:<br \/>\n420 g<\/p>\n","protected":false},"excerpt":{"rendered":"<p>BESDER Mini NVR Full HD 4 kan\u00e1lov\u00fd\u00a0 bezpe\u010dnostn\u00fd CCTV NVR 1080P 4CH 8CH ONVIF 2.0 pre IP kamerov\u00fd syst\u00e9m 1080P&hellip;<\/p>\n","protected":false},"featured_media":849,"template":"","meta":{"_monsterinsights_skip_tracking":false,"_monsterinsights_sitenote_active":false,"_monsterinsights_sitenote_note":"","_monsterinsights_sitenote_category":0},"product_cat":[16,28],"product_tag":[],"class_list":{"0":"post-845","1":"product","2":"type-product","3":"status-publish","4":"has-post-thumbnail","6":"product_cat-ard","7":"product_cat-kamera-modul","9":"first","10":"instock","11":"sale","12":"shipping-taxable","13":"purchasable","14":"product-type-simple"},"yoast_head":"<!-- This site is optimized with the Yoast SEO plugin v23.6 - https:\/\/yoast.com\/wordpress\/plugins\/seo\/ -->\n<title>Mini NVR Full HD 4 Channel Security CCTV NVR 1080P 4CH 8CH ONVIF 2.0 For IP Camera System 1080P With Radiator BESDER  +++ FREE +++ - Arduino e-shop<\/title>\n<meta name=\"robots\" content=\"index, follow, max-snippet:-1, max-image-preview:large, max-video-preview:-1\" \/>\n<link rel=\"canonical\" href=\"https:\/\/www.onetimenexttime.sk\/arduino\/index.php\/produkt\/mini-nvr-full-hd-4-channel-security-cctv-nvr-1080p-4ch-8ch-onvif-2-0-for-ip-camera-system-1080p-with-radiator-besder-free\/\" \/>\n<meta property=\"og:locale\" content=\"sk_SK\" \/>\n<meta property=\"og:type\" content=\"article\" \/>\n<meta property=\"og:title\" content=\"Mini NVR Full HD 4 Channel Security CCTV NVR 1080P 4CH 8CH ONVIF 2.0 For IP Camera System 1080P With Radiator BESDER  +++ FREE +++ - Arduino e-shop\" \/>\n<meta property=\"og:description\" content=\"BESDER Mini NVR Full HD 4 kan\u00e1lov\u00fd\u00a0 bezpe\u010dnostn\u00fd CCTV NVR 1080P 4CH 8CH ONVIF 2.0 pre IP kamerov\u00fd syst\u00e9m 1080P&hellip;\" \/>\n<meta property=\"og:url\" content=\"https:\/\/www.onetimenexttime.sk\/arduino\/index.php\/produkt\/mini-nvr-full-hd-4-channel-security-cctv-nvr-1080p-4ch-8ch-onvif-2-0-for-ip-camera-system-1080p-with-radiator-besder-free\/\" \/>\n<meta property=\"og:site_name\" content=\"Arduino e-shop\" \/>\n<meta property=\"article:modified_time\" content=\"2021-10-31T19:17:02+00:00\" \/>\n<meta property=\"og:image\" content=\"https:\/\/www.onetimenexttime.sk\/arduino\/wp-content\/uploads\/2021\/10\/825-9.jpg\" \/>\n\t<meta property=\"og:image:width\" content=\"501\" \/>\n\t<meta property=\"og:image:height\" content=\"501\" \/>\n\t<meta property=\"og:image:type\" content=\"image\/jpeg\" \/>\n<meta name=\"twitter:card\" content=\"summary_large_image\" \/>\n<meta name=\"twitter:label1\" content=\"Predpokladan\u00fd \u010das \u010d\u00edtania\" \/>\n\t<meta name=\"twitter:data1\" content=\"3 min\u00faty\" \/>\n<script type=\"application\/ld+json\" class=\"yoast-schema-graph\">{\"@context\":\"https:\/\/schema.org\",\"@graph\":[{\"@type\":\"WebPage\",\"@id\":\"https:\/\/www.onetimenexttime.sk\/arduino\/index.php\/produkt\/mini-nvr-full-hd-4-channel-security-cctv-nvr-1080p-4ch-8ch-onvif-2-0-for-ip-camera-system-1080p-with-radiator-besder-free\/\",\"url\":\"https:\/\/www.onetimenexttime.sk\/arduino\/index.php\/produkt\/mini-nvr-full-hd-4-channel-security-cctv-nvr-1080p-4ch-8ch-onvif-2-0-for-ip-camera-system-1080p-with-radiator-besder-free\/\",\"name\":\"Mini NVR Full HD 4 Channel Security CCTV NVR 1080P 4CH 8CH ONVIF 2.0 For IP Camera System 1080P With Radiator BESDER +++ FREE +++ - Arduino e-shop\",\"isPartOf\":{\"@id\":\"https:\/\/www.onetimenexttime.sk\/arduino\/#website\"},\"primaryImageOfPage\":{\"@id\":\"https:\/\/www.onetimenexttime.sk\/arduino\/index.php\/produkt\/mini-nvr-full-hd-4-channel-security-cctv-nvr-1080p-4ch-8ch-onvif-2-0-for-ip-camera-system-1080p-with-radiator-besder-free\/#primaryimage\"},\"image\":{\"@id\":\"https:\/\/www.onetimenexttime.sk\/arduino\/index.php\/produkt\/mini-nvr-full-hd-4-channel-security-cctv-nvr-1080p-4ch-8ch-onvif-2-0-for-ip-camera-system-1080p-with-radiator-besder-free\/#primaryimage\"},\"thumbnailUrl\":\"https:\/\/www.onetimenexttime.sk\/arduino\/wp-content\/uploads\/2021\/10\/825-9.jpg\",\"datePublished\":\"2021-10-31T19:06:16+00:00\",\"dateModified\":\"2021-10-31T19:17:02+00:00\",\"breadcrumb\":{\"@id\":\"https:\/\/www.onetimenexttime.sk\/arduino\/index.php\/produkt\/mini-nvr-full-hd-4-channel-security-cctv-nvr-1080p-4ch-8ch-onvif-2-0-for-ip-camera-system-1080p-with-radiator-besder-free\/#breadcrumb\"},\"inLanguage\":\"sk-SK\",\"potentialAction\":[{\"@type\":\"ReadAction\",\"target\":[\"https:\/\/www.onetimenexttime.sk\/arduino\/index.php\/produkt\/mini-nvr-full-hd-4-channel-security-cctv-nvr-1080p-4ch-8ch-onvif-2-0-for-ip-camera-system-1080p-with-radiator-besder-free\/\"]}]},{\"@type\":\"ImageObject\",\"inLanguage\":\"sk-SK\",\"@id\":\"https:\/\/www.onetimenexttime.sk\/arduino\/index.php\/produkt\/mini-nvr-full-hd-4-channel-security-cctv-nvr-1080p-4ch-8ch-onvif-2-0-for-ip-camera-system-1080p-with-radiator-besder-free\/#primaryimage\",\"url\":\"https:\/\/www.onetimenexttime.sk\/arduino\/wp-content\/uploads\/2021\/10\/825-9.jpg\",\"contentUrl\":\"https:\/\/www.onetimenexttime.sk\/arduino\/wp-content\/uploads\/2021\/10\/825-9.jpg\",\"width\":501,\"height\":501},{\"@type\":\"BreadcrumbList\",\"@id\":\"https:\/\/www.onetimenexttime.sk\/arduino\/index.php\/produkt\/mini-nvr-full-hd-4-channel-security-cctv-nvr-1080p-4ch-8ch-onvif-2-0-for-ip-camera-system-1080p-with-radiator-besder-free\/#breadcrumb\",\"itemListElement\":[{\"@type\":\"ListItem\",\"position\":1,\"name\":\"Domov\",\"item\":\"https:\/\/www.onetimenexttime.sk\/arduino\/\"},{\"@type\":\"ListItem\",\"position\":2,\"name\":\"Obchod\",\"item\":\"https:\/\/www.onetimenexttime.sk\/arduino\/\"},{\"@type\":\"ListItem\",\"position\":3,\"name\":\"Mini NVR Full HD 4 Channel Security CCTV NVR 1080P 4CH 8CH ONVIF 2.0 For IP Camera System 1080P With Radiator BESDER +++ FREE +++\"}]},{\"@type\":\"WebSite\",\"@id\":\"https:\/\/www.onetimenexttime.sk\/arduino\/#website\",\"url\":\"https:\/\/www.onetimenexttime.sk\/arduino\/\",\"name\":\"Arduino e-shop\",\"description\":\"Home Assistant\",\"potentialAction\":[{\"@type\":\"SearchAction\",\"target\":{\"@type\":\"EntryPoint\",\"urlTemplate\":\"https:\/\/www.onetimenexttime.sk\/arduino\/?s={search_term_string}\"},\"query-input\":{\"@type\":\"PropertyValueSpecification\",\"valueRequired\":true,\"valueName\":\"search_term_string\"}}],\"inLanguage\":\"sk-SK\"}]}<\/script>\n<!-- \/ Yoast SEO plugin. -->","yoast_head_json":{"title":"Mini NVR Full HD 4 Channel Security CCTV NVR 1080P 4CH 8CH ONVIF 2.0 For IP Camera System 1080P With Radiator BESDER  +++ FREE +++ - Arduino e-shop","robots":{"index":"index","follow":"follow","max-snippet":"max-snippet:-1","max-image-preview":"max-image-preview:large","max-video-preview":"max-video-preview:-1"},"canonical":"https:\/\/www.onetimenexttime.sk\/arduino\/index.php\/produkt\/mini-nvr-full-hd-4-channel-security-cctv-nvr-1080p-4ch-8ch-onvif-2-0-for-ip-camera-system-1080p-with-radiator-besder-free\/","og_locale":"sk_SK","og_type":"article","og_title":"Mini NVR Full HD 4 Channel Security CCTV NVR 1080P 4CH 8CH ONVIF 2.0 For IP Camera System 1080P With Radiator BESDER  +++ FREE +++ - Arduino e-shop","og_description":"BESDER Mini NVR Full HD 4 kan\u00e1lov\u00fd\u00a0 bezpe\u010dnostn\u00fd CCTV NVR 1080P 4CH 8CH ONVIF 2.0 pre IP kamerov\u00fd syst\u00e9m 1080P&hellip;","og_url":"https:\/\/www.onetimenexttime.sk\/arduino\/index.php\/produkt\/mini-nvr-full-hd-4-channel-security-cctv-nvr-1080p-4ch-8ch-onvif-2-0-for-ip-camera-system-1080p-with-radiator-besder-free\/","og_site_name":"Arduino e-shop","article_modified_time":"2021-10-31T19:17:02+00:00","og_image":[{"width":501,"height":501,"url":"https:\/\/www.onetimenexttime.sk\/arduino\/wp-content\/uploads\/2021\/10\/825-9.jpg","type":"image\/jpeg"}],"twitter_card":"summary_large_image","twitter_misc":{"Predpokladan\u00fd \u010das \u010d\u00edtania":"3 min\u00faty"},"schema":{"@context":"https:\/\/schema.org","@graph":[{"@type":"WebPage","@id":"https:\/\/www.onetimenexttime.sk\/arduino\/index.php\/produkt\/mini-nvr-full-hd-4-channel-security-cctv-nvr-1080p-4ch-8ch-onvif-2-0-for-ip-camera-system-1080p-with-radiator-besder-free\/","url":"https:\/\/www.onetimenexttime.sk\/arduino\/index.php\/produkt\/mini-nvr-full-hd-4-channel-security-cctv-nvr-1080p-4ch-8ch-onvif-2-0-for-ip-camera-system-1080p-with-radiator-besder-free\/","name":"Mini NVR Full HD 4 Channel Security CCTV NVR 1080P 4CH 8CH ONVIF 2.0 For IP Camera System 1080P With Radiator BESDER +++ FREE +++ - Arduino e-shop","isPartOf":{"@id":"https:\/\/www.onetimenexttime.sk\/arduino\/#website"},"primaryImageOfPage":{"@id":"https:\/\/www.onetimenexttime.sk\/arduino\/index.php\/produkt\/mini-nvr-full-hd-4-channel-security-cctv-nvr-1080p-4ch-8ch-onvif-2-0-for-ip-camera-system-1080p-with-radiator-besder-free\/#primaryimage"},"image":{"@id":"https:\/\/www.onetimenexttime.sk\/arduino\/index.php\/produkt\/mini-nvr-full-hd-4-channel-security-cctv-nvr-1080p-4ch-8ch-onvif-2-0-for-ip-camera-system-1080p-with-radiator-besder-free\/#primaryimage"},"thumbnailUrl":"https:\/\/www.onetimenexttime.sk\/arduino\/wp-content\/uploads\/2021\/10\/825-9.jpg","datePublished":"2021-10-31T19:06:16+00:00","dateModified":"2021-10-31T19:17:02+00:00","breadcrumb":{"@id":"https:\/\/www.onetimenexttime.sk\/arduino\/index.php\/produkt\/mini-nvr-full-hd-4-channel-security-cctv-nvr-1080p-4ch-8ch-onvif-2-0-for-ip-camera-system-1080p-with-radiator-besder-free\/#breadcrumb"},"inLanguage":"sk-SK","potentialAction":[{"@type":"ReadAction","target":["https:\/\/www.onetimenexttime.sk\/arduino\/index.php\/produkt\/mini-nvr-full-hd-4-channel-security-cctv-nvr-1080p-4ch-8ch-onvif-2-0-for-ip-camera-system-1080p-with-radiator-besder-free\/"]}]},{"@type":"ImageObject","inLanguage":"sk-SK","@id":"https:\/\/www.onetimenexttime.sk\/arduino\/index.php\/produkt\/mini-nvr-full-hd-4-channel-security-cctv-nvr-1080p-4ch-8ch-onvif-2-0-for-ip-camera-system-1080p-with-radiator-besder-free\/#primaryimage","url":"https:\/\/www.onetimenexttime.sk\/arduino\/wp-content\/uploads\/2021\/10\/825-9.jpg","contentUrl":"https:\/\/www.onetimenexttime.sk\/arduino\/wp-content\/uploads\/2021\/10\/825-9.jpg","width":501,"height":501},{"@type":"BreadcrumbList","@id":"https:\/\/www.onetimenexttime.sk\/arduino\/index.php\/produkt\/mini-nvr-full-hd-4-channel-security-cctv-nvr-1080p-4ch-8ch-onvif-2-0-for-ip-camera-system-1080p-with-radiator-besder-free\/#breadcrumb","itemListElement":[{"@type":"ListItem","position":1,"name":"Domov","item":"https:\/\/www.onetimenexttime.sk\/arduino\/"},{"@type":"ListItem","position":2,"name":"Obchod","item":"https:\/\/www.onetimenexttime.sk\/arduino\/"},{"@type":"ListItem","position":3,"name":"Mini NVR Full HD 4 Channel Security CCTV NVR 1080P 4CH 8CH ONVIF 2.0 For IP Camera System 1080P With Radiator BESDER +++ FREE +++"}]},{"@type":"WebSite","@id":"https:\/\/www.onetimenexttime.sk\/arduino\/#website","url":"https:\/\/www.onetimenexttime.sk\/arduino\/","name":"Arduino e-shop","description":"Home Assistant","potentialAction":[{"@type":"SearchAction","target":{"@type":"EntryPoint","urlTemplate":"https:\/\/www.onetimenexttime.sk\/arduino\/?s={search_term_string}"},"query-input":{"@type":"PropertyValueSpecification","valueRequired":true,"valueName":"search_term_string"}}],"inLanguage":"sk-SK"}]}},"_links":{"self":[{"href":"https:\/\/www.onetimenexttime.sk\/arduino\/index.php\/wp-json\/wp\/v2\/product\/845"}],"collection":[{"href":"https:\/\/www.onetimenexttime.sk\/arduino\/index.php\/wp-json\/wp\/v2\/product"}],"about":[{"href":"https:\/\/www.onetimenexttime.sk\/arduino\/index.php\/wp-json\/wp\/v2\/types\/product"}],"wp:featuredmedia":[{"embeddable":true,"href":"https:\/\/www.onetimenexttime.sk\/arduino\/index.php\/wp-json\/wp\/v2\/media\/849"}],"wp:attachment":[{"href":"https:\/\/www.onetimenexttime.sk\/arduino\/index.php\/wp-json\/wp\/v2\/media?parent=845"}],"wp:term":[{"taxonomy":"product_cat","embeddable":true,"href":"https:\/\/www.onetimenexttime.sk\/arduino\/index.php\/wp-json\/wp\/v2\/product_cat?post=845"},{"taxonomy":"product_tag","embeddable":true,"href":"https:\/\/www.onetimenexttime.sk\/arduino\/index.php\/wp-json\/wp\/v2\/product_tag?post=845"}],"curies":[{"name":"wp","href":"https:\/\/api.w.org\/{rel}","templated":true}]}}