{"id":842,"date":"2021-10-31T19:56:24","date_gmt":"2021-10-31T18:56:24","guid":{"rendered":"https:\/\/www.onetimenexttime.sk\/arduino\/?post_type=product&#038;p=842"},"modified":"2021-10-31T20:00:20","modified_gmt":"2021-10-31T19:00:20","slug":"raspberry-pi-3-model-b-40-pin-gpio-adapter-extension-board-1-to-3-40-pin-plate-module-gpio-adapter-for-orange-pi","status":"publish","type":"product","link":"https:\/\/www.onetimenexttime.sk\/arduino\/index.php\/produkt\/raspberry-pi-3-model-b-40-pin-gpio-adapter-extension-board-1-to-3-40-pin-plate-module-gpio-adapter-for-orange-pi\/","title":{"rendered":"Raspberry Pi 3 Model B 40 Pin GPIO Adapter Extension Board 1 to 3 40 Pin Plate Module GPIO Adapter for Orange Pi"},"content":{"rendered":"<h2>40-kol\u00edkov\u00fd adapt\u00e9r GPIO Roz\u0161iruj\u00faca doska 1 a\u017e 3 40-kol\u00edkov\u00fd plat\u0148ov\u00fd modul GPIO adapt\u00e9r pre Orange Pi Raspberry Pi 3 Model B<\/h2>\n<p>Raspberry Pi 4 Model B Roz\u0161iruj\u00faca doska GPIO 3 x 40 kol\u00edkov\u00fd modul GPIO adapt\u00e9rovej dosky pre Raspberry Pi 3 3B Plus 2B pre Orange Pi<\/p>\n<p><strong>Funkcia:<\/strong><\/p>\n<p>1. Univerz\u00e1lna roz\u0161iruj\u00faca doska GPIO, kompatibiln\u00e1 s po\u010d\u00edta\u010dmi raspberry pi 4B, 3B+, 3B, 2B, Orange Pi.<\/p>\n<p>2. Jeden riadkov\u00fd GPIO port sa m\u00f4\u017ee zmeni\u0165 na trojradov\u00fd GPIO port.<\/p>\n<p>3. Vysok\u00e1 kvalita a vysok\u00fd proces tla\u010de.<\/p>\n<p>4. U\u013eah\u010dite svoj projekt.<\/p>\n<p>5. Rozmer: 55*66mm<\/p>\n","protected":false},"excerpt":{"rendered":"<p>40-kol\u00edkov\u00fd adapt\u00e9r GPIO Roz\u0161iruj\u00faca doska 1 a\u017e 3 40-kol\u00edkov\u00fd plat\u0148ov\u00fd modul GPIO adapt\u00e9r pre Orange Pi Raspberry Pi 3 Model&hellip;<\/p>\n","protected":false},"featured_media":844,"template":"","meta":{"_monsterinsights_skip_tracking":false,"_monsterinsights_sitenote_active":false,"_monsterinsights_sitenote_note":"","_monsterinsights_sitenote_category":0},"product_cat":[16,17,48],"product_tag":[],"class_list":{"0":"post-842","1":"product","2":"type-product","3":"status-publish","4":"has-post-thumbnail","6":"product_cat-ard","7":"product_cat-modul","8":"product_cat-raspberry","10":"first","11":"instock","12":"shipping-taxable","13":"purchasable","14":"product-type-simple"},"yoast_head":"<!-- This site is optimized with the Yoast SEO plugin v23.6 - https:\/\/yoast.com\/wordpress\/plugins\/seo\/ -->\n<title>Raspberry Pi 3 Model B 40 Pin GPIO Adapter Extension Board 1 to 3 40 Pin Plate Module GPIO Adapter for Orange Pi - Arduino e-shop<\/title>\n<meta name=\"robots\" content=\"index, follow, max-snippet:-1, max-image-preview:large, max-video-preview:-1\" \/>\n<link rel=\"canonical\" href=\"https:\/\/www.onetimenexttime.sk\/arduino\/index.php\/produkt\/raspberry-pi-3-model-b-40-pin-gpio-adapter-extension-board-1-to-3-40-pin-plate-module-gpio-adapter-for-orange-pi\/\" \/>\n<meta property=\"og:locale\" content=\"sk_SK\" \/>\n<meta property=\"og:type\" content=\"article\" \/>\n<meta property=\"og:title\" content=\"Raspberry Pi 3 Model B 40 Pin GPIO Adapter Extension Board 1 to 3 40 Pin Plate Module GPIO Adapter for Orange Pi - Arduino e-shop\" \/>\n<meta property=\"og:description\" content=\"40-kol\u00edkov\u00fd adapt\u00e9r GPIO Roz\u0161iruj\u00faca doska 1 a\u017e 3 40-kol\u00edkov\u00fd plat\u0148ov\u00fd modul GPIO adapt\u00e9r pre Orange Pi Raspberry Pi 3 Model&hellip;\" \/>\n<meta property=\"og:url\" content=\"https:\/\/www.onetimenexttime.sk\/arduino\/index.php\/produkt\/raspberry-pi-3-model-b-40-pin-gpio-adapter-extension-board-1-to-3-40-pin-plate-module-gpio-adapter-for-orange-pi\/\" \/>\n<meta property=\"og:site_name\" content=\"Arduino e-shop\" \/>\n<meta property=\"article:modified_time\" content=\"2021-10-31T19:00:20+00:00\" \/>\n<meta property=\"og:image\" content=\"https:\/\/www.onetimenexttime.sk\/arduino\/wp-content\/uploads\/2021\/10\/244.jpg\" \/>\n\t<meta property=\"og:image:width\" content=\"501\" \/>\n\t<meta property=\"og:image:height\" content=\"501\" \/>\n\t<meta property=\"og:image:type\" content=\"image\/jpeg\" \/>\n<meta name=\"twitter:card\" content=\"summary_large_image\" \/>\n<meta name=\"twitter:label1\" content=\"Predpokladan\u00fd \u010das \u010d\u00edtania\" \/>\n\t<meta name=\"twitter:data1\" content=\"1 min\u00fata\" \/>\n<script type=\"application\/ld+json\" class=\"yoast-schema-graph\">{\"@context\":\"https:\/\/schema.org\",\"@graph\":[{\"@type\":\"WebPage\",\"@id\":\"https:\/\/www.onetimenexttime.sk\/arduino\/index.php\/produkt\/raspberry-pi-3-model-b-40-pin-gpio-adapter-extension-board-1-to-3-40-pin-plate-module-gpio-adapter-for-orange-pi\/\",\"url\":\"https:\/\/www.onetimenexttime.sk\/arduino\/index.php\/produkt\/raspberry-pi-3-model-b-40-pin-gpio-adapter-extension-board-1-to-3-40-pin-plate-module-gpio-adapter-for-orange-pi\/\",\"name\":\"Raspberry Pi 3 Model B 40 Pin GPIO Adapter Extension Board 1 to 3 40 Pin Plate Module GPIO Adapter for Orange Pi - Arduino e-shop\",\"isPartOf\":{\"@id\":\"https:\/\/www.onetimenexttime.sk\/arduino\/#website\"},\"primaryImageOfPage\":{\"@id\":\"https:\/\/www.onetimenexttime.sk\/arduino\/index.php\/produkt\/raspberry-pi-3-model-b-40-pin-gpio-adapter-extension-board-1-to-3-40-pin-plate-module-gpio-adapter-for-orange-pi\/#primaryimage\"},\"image\":{\"@id\":\"https:\/\/www.onetimenexttime.sk\/arduino\/index.php\/produkt\/raspberry-pi-3-model-b-40-pin-gpio-adapter-extension-board-1-to-3-40-pin-plate-module-gpio-adapter-for-orange-pi\/#primaryimage\"},\"thumbnailUrl\":\"https:\/\/www.onetimenexttime.sk\/arduino\/wp-content\/uploads\/2021\/10\/244.jpg\",\"datePublished\":\"2021-10-31T18:56:24+00:00\",\"dateModified\":\"2021-10-31T19:00:20+00:00\",\"breadcrumb\":{\"@id\":\"https:\/\/www.onetimenexttime.sk\/arduino\/index.php\/produkt\/raspberry-pi-3-model-b-40-pin-gpio-adapter-extension-board-1-to-3-40-pin-plate-module-gpio-adapter-for-orange-pi\/#breadcrumb\"},\"inLanguage\":\"sk-SK\",\"potentialAction\":[{\"@type\":\"ReadAction\",\"target\":[\"https:\/\/www.onetimenexttime.sk\/arduino\/index.php\/produkt\/raspberry-pi-3-model-b-40-pin-gpio-adapter-extension-board-1-to-3-40-pin-plate-module-gpio-adapter-for-orange-pi\/\"]}]},{\"@type\":\"ImageObject\",\"inLanguage\":\"sk-SK\",\"@id\":\"https:\/\/www.onetimenexttime.sk\/arduino\/index.php\/produkt\/raspberry-pi-3-model-b-40-pin-gpio-adapter-extension-board-1-to-3-40-pin-plate-module-gpio-adapter-for-orange-pi\/#primaryimage\",\"url\":\"https:\/\/www.onetimenexttime.sk\/arduino\/wp-content\/uploads\/2021\/10\/244.jpg\",\"contentUrl\":\"https:\/\/www.onetimenexttime.sk\/arduino\/wp-content\/uploads\/2021\/10\/244.jpg\",\"width\":501,\"height\":501},{\"@type\":\"BreadcrumbList\",\"@id\":\"https:\/\/www.onetimenexttime.sk\/arduino\/index.php\/produkt\/raspberry-pi-3-model-b-40-pin-gpio-adapter-extension-board-1-to-3-40-pin-plate-module-gpio-adapter-for-orange-pi\/#breadcrumb\",\"itemListElement\":[{\"@type\":\"ListItem\",\"position\":1,\"name\":\"Domov\",\"item\":\"https:\/\/www.onetimenexttime.sk\/arduino\/\"},{\"@type\":\"ListItem\",\"position\":2,\"name\":\"Obchod\",\"item\":\"https:\/\/www.onetimenexttime.sk\/arduino\/\"},{\"@type\":\"ListItem\",\"position\":3,\"name\":\"Raspberry Pi 3 Model B 40 Pin GPIO Adapter Extension Board 1 to 3 40 Pin Plate Module GPIO Adapter for Orange Pi\"}]},{\"@type\":\"WebSite\",\"@id\":\"https:\/\/www.onetimenexttime.sk\/arduino\/#website\",\"url\":\"https:\/\/www.onetimenexttime.sk\/arduino\/\",\"name\":\"Arduino e-shop\",\"description\":\"Home Assistant\",\"potentialAction\":[{\"@type\":\"SearchAction\",\"target\":{\"@type\":\"EntryPoint\",\"urlTemplate\":\"https:\/\/www.onetimenexttime.sk\/arduino\/?s={search_term_string}\"},\"query-input\":{\"@type\":\"PropertyValueSpecification\",\"valueRequired\":true,\"valueName\":\"search_term_string\"}}],\"inLanguage\":\"sk-SK\"}]}<\/script>\n<!-- \/ Yoast SEO plugin. -->","yoast_head_json":{"title":"Raspberry Pi 3 Model B 40 Pin GPIO Adapter Extension Board 1 to 3 40 Pin Plate Module GPIO Adapter for Orange Pi - Arduino e-shop","robots":{"index":"index","follow":"follow","max-snippet":"max-snippet:-1","max-image-preview":"max-image-preview:large","max-video-preview":"max-video-preview:-1"},"canonical":"https:\/\/www.onetimenexttime.sk\/arduino\/index.php\/produkt\/raspberry-pi-3-model-b-40-pin-gpio-adapter-extension-board-1-to-3-40-pin-plate-module-gpio-adapter-for-orange-pi\/","og_locale":"sk_SK","og_type":"article","og_title":"Raspberry Pi 3 Model B 40 Pin GPIO Adapter Extension Board 1 to 3 40 Pin Plate Module GPIO Adapter for Orange Pi - Arduino e-shop","og_description":"40-kol\u00edkov\u00fd adapt\u00e9r GPIO Roz\u0161iruj\u00faca doska 1 a\u017e 3 40-kol\u00edkov\u00fd plat\u0148ov\u00fd modul GPIO adapt\u00e9r pre Orange Pi Raspberry Pi 3 Model&hellip;","og_url":"https:\/\/www.onetimenexttime.sk\/arduino\/index.php\/produkt\/raspberry-pi-3-model-b-40-pin-gpio-adapter-extension-board-1-to-3-40-pin-plate-module-gpio-adapter-for-orange-pi\/","og_site_name":"Arduino e-shop","article_modified_time":"2021-10-31T19:00:20+00:00","og_image":[{"width":501,"height":501,"url":"https:\/\/www.onetimenexttime.sk\/arduino\/wp-content\/uploads\/2021\/10\/244.jpg","type":"image\/jpeg"}],"twitter_card":"summary_large_image","twitter_misc":{"Predpokladan\u00fd \u010das \u010d\u00edtania":"1 min\u00fata"},"schema":{"@context":"https:\/\/schema.org","@graph":[{"@type":"WebPage","@id":"https:\/\/www.onetimenexttime.sk\/arduino\/index.php\/produkt\/raspberry-pi-3-model-b-40-pin-gpio-adapter-extension-board-1-to-3-40-pin-plate-module-gpio-adapter-for-orange-pi\/","url":"https:\/\/www.onetimenexttime.sk\/arduino\/index.php\/produkt\/raspberry-pi-3-model-b-40-pin-gpio-adapter-extension-board-1-to-3-40-pin-plate-module-gpio-adapter-for-orange-pi\/","name":"Raspberry Pi 3 Model B 40 Pin GPIO Adapter Extension Board 1 to 3 40 Pin Plate Module GPIO Adapter for Orange Pi - Arduino e-shop","isPartOf":{"@id":"https:\/\/www.onetimenexttime.sk\/arduino\/#website"},"primaryImageOfPage":{"@id":"https:\/\/www.onetimenexttime.sk\/arduino\/index.php\/produkt\/raspberry-pi-3-model-b-40-pin-gpio-adapter-extension-board-1-to-3-40-pin-plate-module-gpio-adapter-for-orange-pi\/#primaryimage"},"image":{"@id":"https:\/\/www.onetimenexttime.sk\/arduino\/index.php\/produkt\/raspberry-pi-3-model-b-40-pin-gpio-adapter-extension-board-1-to-3-40-pin-plate-module-gpio-adapter-for-orange-pi\/#primaryimage"},"thumbnailUrl":"https:\/\/www.onetimenexttime.sk\/arduino\/wp-content\/uploads\/2021\/10\/244.jpg","datePublished":"2021-10-31T18:56:24+00:00","dateModified":"2021-10-31T19:00:20+00:00","breadcrumb":{"@id":"https:\/\/www.onetimenexttime.sk\/arduino\/index.php\/produkt\/raspberry-pi-3-model-b-40-pin-gpio-adapter-extension-board-1-to-3-40-pin-plate-module-gpio-adapter-for-orange-pi\/#breadcrumb"},"inLanguage":"sk-SK","potentialAction":[{"@type":"ReadAction","target":["https:\/\/www.onetimenexttime.sk\/arduino\/index.php\/produkt\/raspberry-pi-3-model-b-40-pin-gpio-adapter-extension-board-1-to-3-40-pin-plate-module-gpio-adapter-for-orange-pi\/"]}]},{"@type":"ImageObject","inLanguage":"sk-SK","@id":"https:\/\/www.onetimenexttime.sk\/arduino\/index.php\/produkt\/raspberry-pi-3-model-b-40-pin-gpio-adapter-extension-board-1-to-3-40-pin-plate-module-gpio-adapter-for-orange-pi\/#primaryimage","url":"https:\/\/www.onetimenexttime.sk\/arduino\/wp-content\/uploads\/2021\/10\/244.jpg","contentUrl":"https:\/\/www.onetimenexttime.sk\/arduino\/wp-content\/uploads\/2021\/10\/244.jpg","width":501,"height":501},{"@type":"BreadcrumbList","@id":"https:\/\/www.onetimenexttime.sk\/arduino\/index.php\/produkt\/raspberry-pi-3-model-b-40-pin-gpio-adapter-extension-board-1-to-3-40-pin-plate-module-gpio-adapter-for-orange-pi\/#breadcrumb","itemListElement":[{"@type":"ListItem","position":1,"name":"Domov","item":"https:\/\/www.onetimenexttime.sk\/arduino\/"},{"@type":"ListItem","position":2,"name":"Obchod","item":"https:\/\/www.onetimenexttime.sk\/arduino\/"},{"@type":"ListItem","position":3,"name":"Raspberry Pi 3 Model B 40 Pin GPIO Adapter Extension Board 1 to 3 40 Pin Plate Module GPIO Adapter for Orange Pi"}]},{"@type":"WebSite","@id":"https:\/\/www.onetimenexttime.sk\/arduino\/#website","url":"https:\/\/www.onetimenexttime.sk\/arduino\/","name":"Arduino e-shop","description":"Home Assistant","potentialAction":[{"@type":"SearchAction","target":{"@type":"EntryPoint","urlTemplate":"https:\/\/www.onetimenexttime.sk\/arduino\/?s={search_term_string}"},"query-input":{"@type":"PropertyValueSpecification","valueRequired":true,"valueName":"search_term_string"}}],"inLanguage":"sk-SK"}]}},"_links":{"self":[{"href":"https:\/\/www.onetimenexttime.sk\/arduino\/index.php\/wp-json\/wp\/v2\/product\/842"}],"collection":[{"href":"https:\/\/www.onetimenexttime.sk\/arduino\/index.php\/wp-json\/wp\/v2\/product"}],"about":[{"href":"https:\/\/www.onetimenexttime.sk\/arduino\/index.php\/wp-json\/wp\/v2\/types\/product"}],"wp:featuredmedia":[{"embeddable":true,"href":"https:\/\/www.onetimenexttime.sk\/arduino\/index.php\/wp-json\/wp\/v2\/media\/844"}],"wp:attachment":[{"href":"https:\/\/www.onetimenexttime.sk\/arduino\/index.php\/wp-json\/wp\/v2\/media?parent=842"}],"wp:term":[{"taxonomy":"product_cat","embeddable":true,"href":"https:\/\/www.onetimenexttime.sk\/arduino\/index.php\/wp-json\/wp\/v2\/product_cat?post=842"},{"taxonomy":"product_tag","embeddable":true,"href":"https:\/\/www.onetimenexttime.sk\/arduino\/index.php\/wp-json\/wp\/v2\/product_tag?post=842"}],"curies":[{"name":"wp","href":"https:\/\/api.w.org\/{rel}","templated":true}]}}