{"id":840,"date":"2021-10-31T19:37:48","date_gmt":"2021-10-31T18:37:48","guid":{"rendered":"https:\/\/www.onetimenexttime.sk\/arduino\/?post_type=product&#038;p=840"},"modified":"2021-11-18T19:16:58","modified_gmt":"2021-11-18T18:16:58","slug":"st-link-stlink-st-link-v2-mini-stm8-stm32-simulator-download-programmer-programming-with-cover","status":"publish","type":"product","link":"https:\/\/www.onetimenexttime.sk\/arduino\/index.php\/produkt\/st-link-stlink-st-link-v2-mini-stm8-stm32-simulator-download-programmer-programming-with-cover\/","title":{"rendered":"ST LINK Stlink ST-Link V2 Mini STM8 STM32 Simulator Download Programmer Programming With Cover"},"content":{"rendered":"<h2>ST LINK Stlink ST-Link V2 Mini STM8 Simul\u00e1tor STM32 Stiahnite si program\u00e1tor Programovanie s krytom<\/h2>\n<p>1. Podpora cel\u00e9ho rozsahu ladenia rozhrania STM32 SWD, jednoduch\u00e9 rozhranie (vr\u00e1tane nap\u00e1jania), r\u00fdchlos\u0165 4 riadkov, stabiln\u00e1 pr\u00e1ca;! Defin\u00edcia rozhrania shell priamo adresa Netreba \u010d\u00edta\u0165 in\u0161trukcie!<br \/>\n2, podporuje ladenie s\u0165ahovania v\u0161etk\u00fdch s\u00e9ri\u00ed STM8 SWIM (be\u017en\u00e9 v\u00fdvojov\u00e9 prostredie ako IAR, STVD at\u010f.) Podporovan\u00e9 s\u00fa Verzia softv\u00e9ru je nasledovn\u00e1.:<br \/>\nST &#8211; LINK Utility 2.0 a vy\u0161\u0161ie<br \/>\nSTVD 2 a vy\u0161\u0161ie<br \/>\nSTVP 3.2.3 a vy\u0161\u0161ie<br \/>\nIAR EWARM V6.20 a vy\u0161\u0161ie<br \/>\nIAR EWSTM8 V1.30 a vy\u0161\u0161ie<br \/>\nKEIL RVMDK V4.21 a vy\u0161\u0161ie<br \/>\n3. Automaticky podporte aktualiz\u00e1ciu firmv\u00e9ru, aby ste zabezpe\u010dili podporu produktov spolo\u010dnosti ST. Ke\u010f od\u00eddu, firmv\u00e9r bol aktualizovan\u00fd na najnov\u0161iu verziu V2. J17. S4.<br \/>\n4. Zv\u00fd\u0161te v\u00fdkon 5 V, v\u00fdstup m\u00f4\u017ee chr\u00e1ni\u0165 I \/ O port, nebojte sa chyby sp\u00f4sobi\u0165 po\u0161kodenie ST &#8211; LINK V2!<br \/>\n5. Jednoduch\u00e9 rozhranie na pou\u017eitie \u010dist\u00e9ho meden\u00e9ho pokovovania 2,54 rozstupov\u00fd roh, s 20 cm dupont linkou, dok\u00e1\u017ee rie\u0161i\u0165 r\u00f4zne poradie cie\u013eovej dosky, flexibiln\u00e9 pripojenie;<br \/>\n6. Na ochranu z\u00e1kladnej dosky pou\u017eite obal z hlin\u00edkovej zliatiny U disku, vhodn\u00fd na pren\u00e1\u0161anie, neboj\u00ed sa statickej elektriny, neboj\u00ed sa padania.<\/p>\n<p>Farba n\u00e1hodne odoslan\u00e1<br \/>\n1 x ST-Link V2 STM8 STM32 Emul\u00e1tor \/ Download \/ Program\u00e1tor<br \/>\n<strong>Popis produktu<\/strong><\/p>\n<p>1, pou\u017eitie hlin\u00edkovej zliatiny U-shell vybaven\u00e9 internou z\u00e1kladnou doskou, prenosn\u00e9, bezpe\u010dn\u00e9 a spo\u013eahliv\u00e9!<\/p>\n<p>2, defin\u00edcia rozhrania priamo v pl\u00e1\u0161ti ozna\u010den\u00e1, jasn\u00e1, pohodln\u00e1 a praktick\u00e1!<\/p>\n<p>3,5V, 3,3V v rovnakom \u010dase, tak\u017ee z\u00edskate cie\u013eov\u00fa dosku pav\u00fakov 5V a 3,3V<\/p>\n<p>4, \u0161krupinov\u00e9 znaky pomocou laserov\u00e9ho lasera, laserov\u00e9 grav\u00edrovanie, nikdy nezmizn\u00fa! Trvalo jasn\u00e9!<\/p>\n<p>5, intern\u00e1 z\u00e1kladn\u00e1 doska s 500MA resetovate\u013enou poistkou, \u00faplne ochr\u00e1ni va\u0161u drah\u00fa z\u00e1kladn\u00fa dosku po\u010d\u00edta\u010da!<\/p>\n<p>6, LED indik\u00e1tor, ktor\u00fd v\u00e1m umo\u017en\u00ed v\u017edy sledova\u0165 pracovn\u00fd stav ST-LINK V2!<\/p>\n<p>7, 4 s distribu\u010dnou l\u00edniou DuPont, tak\u017ee si m\u00f4\u017eete \u013eahko poradi\u0165 s r\u00f4znym porad\u00edm radov cie\u013eov\u00fdch dosiek!<\/p>\n<p>8, pou\u017eitie antistatick\u00fdch obalov\u00fdch vrec\u00fa\u0161ok, automatick\u00fd tesniaci stroj zape\u010daten\u00e9 balenie, bezpe\u010dn\u00e9 a spo\u013eahliv\u00e9, neboj\u00ed sa statickej elektriny, neboj\u00ed sa vody!<\/p>\n","protected":false},"excerpt":{"rendered":"<p>ST LINK Stlink ST-Link V2 Mini STM8 Simul\u00e1tor STM32 Stiahnite si program\u00e1tor Programovanie s krytom 1. Podpora cel\u00e9ho rozsahu ladenia&hellip;<\/p>\n","protected":false},"featured_media":841,"template":"","meta":{"_monsterinsights_skip_tracking":false,"_monsterinsights_sitenote_active":false,"_monsterinsights_sitenote_note":"","_monsterinsights_sitenote_category":0},"product_cat":[16,80,30],"product_tag":[],"class_list":{"0":"post-840","1":"product","2":"type-product","3":"status-publish","4":"has-post-thumbnail","6":"product_cat-ard","7":"product_cat-i2c","8":"product_cat-programovanie","10":"first","11":"instock","12":"sale","13":"shipping-taxable","14":"purchasable","15":"product-type-simple"},"yoast_head":"<!-- This site is optimized with the Yoast SEO plugin v23.6 - https:\/\/yoast.com\/wordpress\/plugins\/seo\/ -->\n<title>ST LINK Stlink ST-Link V2 Mini STM8 STM32 Simulator Download Programmer Programming With Cover - Arduino e-shop<\/title>\n<meta name=\"robots\" content=\"index, follow, max-snippet:-1, max-image-preview:large, max-video-preview:-1\" \/>\n<link rel=\"canonical\" href=\"https:\/\/www.onetimenexttime.sk\/arduino\/index.php\/produkt\/st-link-stlink-st-link-v2-mini-stm8-stm32-simulator-download-programmer-programming-with-cover\/\" \/>\n<meta property=\"og:locale\" content=\"sk_SK\" \/>\n<meta property=\"og:type\" content=\"article\" \/>\n<meta property=\"og:title\" content=\"ST LINK Stlink ST-Link V2 Mini STM8 STM32 Simulator Download Programmer Programming With Cover - Arduino e-shop\" \/>\n<meta property=\"og:description\" content=\"ST LINK Stlink ST-Link V2 Mini STM8 Simul\u00e1tor STM32 Stiahnite si program\u00e1tor Programovanie s krytom 1. Podpora cel\u00e9ho rozsahu ladenia&hellip;\" \/>\n<meta property=\"og:url\" content=\"https:\/\/www.onetimenexttime.sk\/arduino\/index.php\/produkt\/st-link-stlink-st-link-v2-mini-stm8-stm32-simulator-download-programmer-programming-with-cover\/\" \/>\n<meta property=\"og:site_name\" content=\"Arduino e-shop\" \/>\n<meta property=\"article:modified_time\" content=\"2021-11-18T18:16:58+00:00\" \/>\n<meta property=\"og:image\" content=\"https:\/\/www.onetimenexttime.sk\/arduino\/wp-content\/uploads\/2021\/10\/93-1.jpg\" \/>\n\t<meta property=\"og:image:width\" content=\"501\" \/>\n\t<meta property=\"og:image:height\" content=\"501\" \/>\n\t<meta property=\"og:image:type\" content=\"image\/jpeg\" \/>\n<meta name=\"twitter:card\" content=\"summary_large_image\" \/>\n<meta name=\"twitter:label1\" content=\"Predpokladan\u00fd \u010das \u010d\u00edtania\" \/>\n\t<meta name=\"twitter:data1\" content=\"2 min\u00faty\" \/>\n<script type=\"application\/ld+json\" class=\"yoast-schema-graph\">{\"@context\":\"https:\/\/schema.org\",\"@graph\":[{\"@type\":\"WebPage\",\"@id\":\"https:\/\/www.onetimenexttime.sk\/arduino\/index.php\/produkt\/st-link-stlink-st-link-v2-mini-stm8-stm32-simulator-download-programmer-programming-with-cover\/\",\"url\":\"https:\/\/www.onetimenexttime.sk\/arduino\/index.php\/produkt\/st-link-stlink-st-link-v2-mini-stm8-stm32-simulator-download-programmer-programming-with-cover\/\",\"name\":\"ST LINK Stlink ST-Link V2 Mini STM8 STM32 Simulator Download Programmer Programming With Cover - Arduino e-shop\",\"isPartOf\":{\"@id\":\"https:\/\/www.onetimenexttime.sk\/arduino\/#website\"},\"primaryImageOfPage\":{\"@id\":\"https:\/\/www.onetimenexttime.sk\/arduino\/index.php\/produkt\/st-link-stlink-st-link-v2-mini-stm8-stm32-simulator-download-programmer-programming-with-cover\/#primaryimage\"},\"image\":{\"@id\":\"https:\/\/www.onetimenexttime.sk\/arduino\/index.php\/produkt\/st-link-stlink-st-link-v2-mini-stm8-stm32-simulator-download-programmer-programming-with-cover\/#primaryimage\"},\"thumbnailUrl\":\"https:\/\/www.onetimenexttime.sk\/arduino\/wp-content\/uploads\/2021\/10\/93-1.jpg\",\"datePublished\":\"2021-10-31T18:37:48+00:00\",\"dateModified\":\"2021-11-18T18:16:58+00:00\",\"breadcrumb\":{\"@id\":\"https:\/\/www.onetimenexttime.sk\/arduino\/index.php\/produkt\/st-link-stlink-st-link-v2-mini-stm8-stm32-simulator-download-programmer-programming-with-cover\/#breadcrumb\"},\"inLanguage\":\"sk-SK\",\"potentialAction\":[{\"@type\":\"ReadAction\",\"target\":[\"https:\/\/www.onetimenexttime.sk\/arduino\/index.php\/produkt\/st-link-stlink-st-link-v2-mini-stm8-stm32-simulator-download-programmer-programming-with-cover\/\"]}]},{\"@type\":\"ImageObject\",\"inLanguage\":\"sk-SK\",\"@id\":\"https:\/\/www.onetimenexttime.sk\/arduino\/index.php\/produkt\/st-link-stlink-st-link-v2-mini-stm8-stm32-simulator-download-programmer-programming-with-cover\/#primaryimage\",\"url\":\"https:\/\/www.onetimenexttime.sk\/arduino\/wp-content\/uploads\/2021\/10\/93-1.jpg\",\"contentUrl\":\"https:\/\/www.onetimenexttime.sk\/arduino\/wp-content\/uploads\/2021\/10\/93-1.jpg\",\"width\":501,\"height\":501},{\"@type\":\"BreadcrumbList\",\"@id\":\"https:\/\/www.onetimenexttime.sk\/arduino\/index.php\/produkt\/st-link-stlink-st-link-v2-mini-stm8-stm32-simulator-download-programmer-programming-with-cover\/#breadcrumb\",\"itemListElement\":[{\"@type\":\"ListItem\",\"position\":1,\"name\":\"Domov\",\"item\":\"https:\/\/www.onetimenexttime.sk\/arduino\/\"},{\"@type\":\"ListItem\",\"position\":2,\"name\":\"Obchod\",\"item\":\"https:\/\/www.onetimenexttime.sk\/arduino\/\"},{\"@type\":\"ListItem\",\"position\":3,\"name\":\"ST LINK Stlink ST-Link V2 Mini STM8 STM32 Simulator Download Programmer Programming With Cover\"}]},{\"@type\":\"WebSite\",\"@id\":\"https:\/\/www.onetimenexttime.sk\/arduino\/#website\",\"url\":\"https:\/\/www.onetimenexttime.sk\/arduino\/\",\"name\":\"Arduino e-shop\",\"description\":\"Home Assistant\",\"potentialAction\":[{\"@type\":\"SearchAction\",\"target\":{\"@type\":\"EntryPoint\",\"urlTemplate\":\"https:\/\/www.onetimenexttime.sk\/arduino\/?s={search_term_string}\"},\"query-input\":{\"@type\":\"PropertyValueSpecification\",\"valueRequired\":true,\"valueName\":\"search_term_string\"}}],\"inLanguage\":\"sk-SK\"}]}<\/script>\n<!-- \/ Yoast SEO plugin. -->","yoast_head_json":{"title":"ST LINK Stlink ST-Link V2 Mini STM8 STM32 Simulator Download Programmer Programming With Cover - Arduino e-shop","robots":{"index":"index","follow":"follow","max-snippet":"max-snippet:-1","max-image-preview":"max-image-preview:large","max-video-preview":"max-video-preview:-1"},"canonical":"https:\/\/www.onetimenexttime.sk\/arduino\/index.php\/produkt\/st-link-stlink-st-link-v2-mini-stm8-stm32-simulator-download-programmer-programming-with-cover\/","og_locale":"sk_SK","og_type":"article","og_title":"ST LINK Stlink ST-Link V2 Mini STM8 STM32 Simulator Download Programmer Programming With Cover - Arduino e-shop","og_description":"ST LINK Stlink ST-Link V2 Mini STM8 Simul\u00e1tor STM32 Stiahnite si program\u00e1tor Programovanie s krytom 1. Podpora cel\u00e9ho rozsahu ladenia&hellip;","og_url":"https:\/\/www.onetimenexttime.sk\/arduino\/index.php\/produkt\/st-link-stlink-st-link-v2-mini-stm8-stm32-simulator-download-programmer-programming-with-cover\/","og_site_name":"Arduino e-shop","article_modified_time":"2021-11-18T18:16:58+00:00","og_image":[{"width":501,"height":501,"url":"https:\/\/www.onetimenexttime.sk\/arduino\/wp-content\/uploads\/2021\/10\/93-1.jpg","type":"image\/jpeg"}],"twitter_card":"summary_large_image","twitter_misc":{"Predpokladan\u00fd \u010das \u010d\u00edtania":"2 min\u00faty"},"schema":{"@context":"https:\/\/schema.org","@graph":[{"@type":"WebPage","@id":"https:\/\/www.onetimenexttime.sk\/arduino\/index.php\/produkt\/st-link-stlink-st-link-v2-mini-stm8-stm32-simulator-download-programmer-programming-with-cover\/","url":"https:\/\/www.onetimenexttime.sk\/arduino\/index.php\/produkt\/st-link-stlink-st-link-v2-mini-stm8-stm32-simulator-download-programmer-programming-with-cover\/","name":"ST LINK Stlink ST-Link V2 Mini STM8 STM32 Simulator Download Programmer Programming With Cover - Arduino e-shop","isPartOf":{"@id":"https:\/\/www.onetimenexttime.sk\/arduino\/#website"},"primaryImageOfPage":{"@id":"https:\/\/www.onetimenexttime.sk\/arduino\/index.php\/produkt\/st-link-stlink-st-link-v2-mini-stm8-stm32-simulator-download-programmer-programming-with-cover\/#primaryimage"},"image":{"@id":"https:\/\/www.onetimenexttime.sk\/arduino\/index.php\/produkt\/st-link-stlink-st-link-v2-mini-stm8-stm32-simulator-download-programmer-programming-with-cover\/#primaryimage"},"thumbnailUrl":"https:\/\/www.onetimenexttime.sk\/arduino\/wp-content\/uploads\/2021\/10\/93-1.jpg","datePublished":"2021-10-31T18:37:48+00:00","dateModified":"2021-11-18T18:16:58+00:00","breadcrumb":{"@id":"https:\/\/www.onetimenexttime.sk\/arduino\/index.php\/produkt\/st-link-stlink-st-link-v2-mini-stm8-stm32-simulator-download-programmer-programming-with-cover\/#breadcrumb"},"inLanguage":"sk-SK","potentialAction":[{"@type":"ReadAction","target":["https:\/\/www.onetimenexttime.sk\/arduino\/index.php\/produkt\/st-link-stlink-st-link-v2-mini-stm8-stm32-simulator-download-programmer-programming-with-cover\/"]}]},{"@type":"ImageObject","inLanguage":"sk-SK","@id":"https:\/\/www.onetimenexttime.sk\/arduino\/index.php\/produkt\/st-link-stlink-st-link-v2-mini-stm8-stm32-simulator-download-programmer-programming-with-cover\/#primaryimage","url":"https:\/\/www.onetimenexttime.sk\/arduino\/wp-content\/uploads\/2021\/10\/93-1.jpg","contentUrl":"https:\/\/www.onetimenexttime.sk\/arduino\/wp-content\/uploads\/2021\/10\/93-1.jpg","width":501,"height":501},{"@type":"BreadcrumbList","@id":"https:\/\/www.onetimenexttime.sk\/arduino\/index.php\/produkt\/st-link-stlink-st-link-v2-mini-stm8-stm32-simulator-download-programmer-programming-with-cover\/#breadcrumb","itemListElement":[{"@type":"ListItem","position":1,"name":"Domov","item":"https:\/\/www.onetimenexttime.sk\/arduino\/"},{"@type":"ListItem","position":2,"name":"Obchod","item":"https:\/\/www.onetimenexttime.sk\/arduino\/"},{"@type":"ListItem","position":3,"name":"ST LINK Stlink ST-Link V2 Mini STM8 STM32 Simulator Download Programmer Programming With Cover"}]},{"@type":"WebSite","@id":"https:\/\/www.onetimenexttime.sk\/arduino\/#website","url":"https:\/\/www.onetimenexttime.sk\/arduino\/","name":"Arduino e-shop","description":"Home Assistant","potentialAction":[{"@type":"SearchAction","target":{"@type":"EntryPoint","urlTemplate":"https:\/\/www.onetimenexttime.sk\/arduino\/?s={search_term_string}"},"query-input":{"@type":"PropertyValueSpecification","valueRequired":true,"valueName":"search_term_string"}}],"inLanguage":"sk-SK"}]}},"_links":{"self":[{"href":"https:\/\/www.onetimenexttime.sk\/arduino\/index.php\/wp-json\/wp\/v2\/product\/840"}],"collection":[{"href":"https:\/\/www.onetimenexttime.sk\/arduino\/index.php\/wp-json\/wp\/v2\/product"}],"about":[{"href":"https:\/\/www.onetimenexttime.sk\/arduino\/index.php\/wp-json\/wp\/v2\/types\/product"}],"wp:featuredmedia":[{"embeddable":true,"href":"https:\/\/www.onetimenexttime.sk\/arduino\/index.php\/wp-json\/wp\/v2\/media\/841"}],"wp:attachment":[{"href":"https:\/\/www.onetimenexttime.sk\/arduino\/index.php\/wp-json\/wp\/v2\/media?parent=840"}],"wp:term":[{"taxonomy":"product_cat","embeddable":true,"href":"https:\/\/www.onetimenexttime.sk\/arduino\/index.php\/wp-json\/wp\/v2\/product_cat?post=840"},{"taxonomy":"product_tag","embeddable":true,"href":"https:\/\/www.onetimenexttime.sk\/arduino\/index.php\/wp-json\/wp\/v2\/product_tag?post=840"}],"curies":[{"name":"wp","href":"https:\/\/api.w.org\/{rel}","templated":true}]}}