{"id":838,"date":"2021-10-31T19:23:14","date_gmt":"2021-10-31T18:23:14","guid":{"rendered":"https:\/\/www.onetimenexttime.sk\/arduino\/?post_type=product&#038;p=838"},"modified":"2021-10-31T20:39:05","modified_gmt":"2021-10-31T19:39:05","slug":"4-port-usb-3-0-hub-5gbps-high-quality-super-speed-usb-hub-splitter-adapter","status":"publish","type":"product","link":"https:\/\/www.onetimenexttime.sk\/arduino\/index.php\/produkt\/4-port-usb-3-0-hub-5gbps-high-quality-super-speed-usb-hub-splitter-adapter\/","title":{"rendered":"4 Port USB 3.0 Hub 5Gbps High Quality Super Speed USB Hub Splitter Adapter"},"content":{"rendered":"<h2>Rozbo\u010dova\u010d so 4-port USB 3.0\u00a0 5 Gb\/s Vysokokvalitn\u00fd rozbo\u010dova\u010d s rozbo\u010dova\u010dom Super Speed USB<\/h2>\n<p>&nbsp;<\/p>\n<p>Pridajte do svojho po\u010d\u00edta\u010da viac pomocou tohto praktick\u00e9ho rozbo\u010dova\u010da so 4 portami a pripojte v\u0161etky svoje ob\u013e\u00faben\u00e9 miniaplik\u00e1cie! Viacuhlov\u00e9 pripojenie u\u013eah\u010duje pr\u00edstup k \u0165a\u017eko dostupn\u00fdm portom! Tento rozbo\u010dova\u010d USB 3.0 so 4 portami jednoducho prid\u00e1 k po\u010d\u00edta\u010du super vysokor\u00fdchlostn\u00e9 porty. Jeho jemn\u00e1 text\u00fara a kompaktn\u00fd vzh\u013ead ho predur\u010duj\u00fa na r\u00f4zne pr\u00edle\u017eitosti. Ka\u017ed\u00fd port dostane kontrolku a prep\u00edna\u010d, v\u010faka \u010domu m\u00f4\u017eete pohodlne pozna\u0165 a ovl\u00e1da\u0165 pracovn\u00fd stav v\u0161etk\u00fdch portov. S najvy\u0161\u0161ou r\u00fdchlos\u0165ou 5G\/S m\u00f4\u017ee by\u0165 hub kompatibiln\u00fd s pre Win 8.1, Win 8,10, MAC at\u010f.<\/p>\n<p><strong>Vlastnosti:<\/strong><\/p>\n<p>&nbsp;<\/p>\n<p>Kompatibiln\u00e9 iba s notebookmi a PC<\/p>\n<p>Plug and Play, nie je potrebn\u00fd \u017eiadny ovl\u00e1da\u010d.<\/p>\n<p>4-portov\u00fd rozbo\u010dova\u010d USB 3.0 so super r\u00fdchlou prenosovou r\u00fdchlos\u0165ou a\u017e 5 Gbps.<\/p>\n<p>Zabudovan\u00e1 nadpr\u00fadov\u00e1 ochrana na ochranu pripojen\u00fdch zariaden\u00ed aj samotn\u00e9ho rozbo\u010dova\u010da pred nepredv\u00eddan\u00fdmi prep\u00e4tiami.<\/p>\n<p>Dostato\u010dn\u00fd v\u00fdkon pre r\u00f4zne zariadenia<\/p>\n<p>Toto je zariadenie Ultra Speed \u200b\u200bUSB 3.0, plne sp\u00e4tne kompatibiln\u00e9 so zariadeniami USB 1.1 a USB 2.0.<\/p>\n<p>Farba: \u010dierna a biela.<\/p>\n<p>Na prev\u00e1dzku nie je potrebn\u00e9 \u017eiadne extern\u00e9 nap\u00e1janie<\/p>\n<p>Podporuje hot swap.<\/p>\n<p>&#8211; D\u013a\u017eka k\u00e1bla: 30 cm<\/p>\n<p>Pre Windows 2000\/XP\/Vista\/Windows 7\/Windows 8\/Windows 10<\/p>\n<p>1 upstream a 4 downstream port USB.<\/p>\n<p>N\u00edzka hmotnos\u0165, mal\u00e9 rozmery, \u013eahk\u00e9 pren\u00e1\u0161anie.<\/p>\n<p>Pripoj a hraj<\/p>\n<p>&nbsp;<\/p>\n","protected":false},"excerpt":{"rendered":"<p>Rozbo\u010dova\u010d so 4-port USB 3.0\u00a0 5 Gb\/s Vysokokvalitn\u00fd rozbo\u010dova\u010d s rozbo\u010dova\u010dom Super Speed USB &nbsp; Pridajte do svojho po\u010d\u00edta\u010da viac&hellip;<\/p>\n","protected":false},"featured_media":839,"template":"","meta":{"_monsterinsights_skip_tracking":false,"_monsterinsights_sitenote_active":false,"_monsterinsights_sitenote_note":"","_monsterinsights_sitenote_category":0},"product_cat":[49,50,51],"product_tag":[],"class_list":{"0":"post-838","1":"product","2":"type-product","3":"status-publish","4":"has-post-thumbnail","6":"product_cat-cable","7":"product_cat-pc","8":"product_cat-usb","10":"first","11":"instock","12":"shipping-taxable","13":"purchasable","14":"product-type-simple"},"yoast_head":"<!-- This site is optimized with the Yoast SEO plugin v23.6 - https:\/\/yoast.com\/wordpress\/plugins\/seo\/ -->\n<title>4 Port USB 3.0 Hub 5Gbps High Quality Super Speed USB Hub Splitter Adapter - Arduino e-shop<\/title>\n<meta name=\"robots\" content=\"index, follow, max-snippet:-1, max-image-preview:large, max-video-preview:-1\" \/>\n<link rel=\"canonical\" href=\"https:\/\/www.onetimenexttime.sk\/arduino\/index.php\/produkt\/4-port-usb-3-0-hub-5gbps-high-quality-super-speed-usb-hub-splitter-adapter\/\" \/>\n<meta property=\"og:locale\" content=\"sk_SK\" \/>\n<meta property=\"og:type\" content=\"article\" \/>\n<meta property=\"og:title\" content=\"4 Port USB 3.0 Hub 5Gbps High Quality Super Speed USB Hub Splitter Adapter - Arduino e-shop\" \/>\n<meta property=\"og:description\" content=\"Rozbo\u010dova\u010d so 4-port USB 3.0\u00a0 5 Gb\/s Vysokokvalitn\u00fd rozbo\u010dova\u010d s rozbo\u010dova\u010dom Super Speed USB &nbsp; Pridajte do svojho po\u010d\u00edta\u010da viac&hellip;\" \/>\n<meta property=\"og:url\" content=\"https:\/\/www.onetimenexttime.sk\/arduino\/index.php\/produkt\/4-port-usb-3-0-hub-5gbps-high-quality-super-speed-usb-hub-splitter-adapter\/\" \/>\n<meta property=\"og:site_name\" content=\"Arduino e-shop\" \/>\n<meta property=\"article:modified_time\" content=\"2021-10-31T19:39:05+00:00\" \/>\n<meta property=\"og:image\" content=\"https:\/\/www.onetimenexttime.sk\/arduino\/wp-content\/uploads\/2021\/10\/kebidu.jpg\" \/>\n\t<meta property=\"og:image:width\" content=\"501\" \/>\n\t<meta property=\"og:image:height\" content=\"501\" \/>\n\t<meta property=\"og:image:type\" content=\"image\/jpeg\" \/>\n<meta name=\"twitter:card\" content=\"summary_large_image\" \/>\n<meta name=\"twitter:label1\" content=\"Predpokladan\u00fd \u010das \u010d\u00edtania\" \/>\n\t<meta name=\"twitter:data1\" content=\"1 min\u00fata\" \/>\n<script type=\"application\/ld+json\" class=\"yoast-schema-graph\">{\"@context\":\"https:\/\/schema.org\",\"@graph\":[{\"@type\":\"WebPage\",\"@id\":\"https:\/\/www.onetimenexttime.sk\/arduino\/index.php\/produkt\/4-port-usb-3-0-hub-5gbps-high-quality-super-speed-usb-hub-splitter-adapter\/\",\"url\":\"https:\/\/www.onetimenexttime.sk\/arduino\/index.php\/produkt\/4-port-usb-3-0-hub-5gbps-high-quality-super-speed-usb-hub-splitter-adapter\/\",\"name\":\"4 Port USB 3.0 Hub 5Gbps High Quality Super Speed USB Hub Splitter Adapter - Arduino e-shop\",\"isPartOf\":{\"@id\":\"https:\/\/www.onetimenexttime.sk\/arduino\/#website\"},\"primaryImageOfPage\":{\"@id\":\"https:\/\/www.onetimenexttime.sk\/arduino\/index.php\/produkt\/4-port-usb-3-0-hub-5gbps-high-quality-super-speed-usb-hub-splitter-adapter\/#primaryimage\"},\"image\":{\"@id\":\"https:\/\/www.onetimenexttime.sk\/arduino\/index.php\/produkt\/4-port-usb-3-0-hub-5gbps-high-quality-super-speed-usb-hub-splitter-adapter\/#primaryimage\"},\"thumbnailUrl\":\"https:\/\/www.onetimenexttime.sk\/arduino\/wp-content\/uploads\/2021\/10\/kebidu.jpg\",\"datePublished\":\"2021-10-31T18:23:14+00:00\",\"dateModified\":\"2021-10-31T19:39:05+00:00\",\"breadcrumb\":{\"@id\":\"https:\/\/www.onetimenexttime.sk\/arduino\/index.php\/produkt\/4-port-usb-3-0-hub-5gbps-high-quality-super-speed-usb-hub-splitter-adapter\/#breadcrumb\"},\"inLanguage\":\"sk-SK\",\"potentialAction\":[{\"@type\":\"ReadAction\",\"target\":[\"https:\/\/www.onetimenexttime.sk\/arduino\/index.php\/produkt\/4-port-usb-3-0-hub-5gbps-high-quality-super-speed-usb-hub-splitter-adapter\/\"]}]},{\"@type\":\"ImageObject\",\"inLanguage\":\"sk-SK\",\"@id\":\"https:\/\/www.onetimenexttime.sk\/arduino\/index.php\/produkt\/4-port-usb-3-0-hub-5gbps-high-quality-super-speed-usb-hub-splitter-adapter\/#primaryimage\",\"url\":\"https:\/\/www.onetimenexttime.sk\/arduino\/wp-content\/uploads\/2021\/10\/kebidu.jpg\",\"contentUrl\":\"https:\/\/www.onetimenexttime.sk\/arduino\/wp-content\/uploads\/2021\/10\/kebidu.jpg\",\"width\":501,\"height\":501},{\"@type\":\"BreadcrumbList\",\"@id\":\"https:\/\/www.onetimenexttime.sk\/arduino\/index.php\/produkt\/4-port-usb-3-0-hub-5gbps-high-quality-super-speed-usb-hub-splitter-adapter\/#breadcrumb\",\"itemListElement\":[{\"@type\":\"ListItem\",\"position\":1,\"name\":\"Domov\",\"item\":\"https:\/\/www.onetimenexttime.sk\/arduino\/\"},{\"@type\":\"ListItem\",\"position\":2,\"name\":\"Obchod\",\"item\":\"https:\/\/www.onetimenexttime.sk\/arduino\/\"},{\"@type\":\"ListItem\",\"position\":3,\"name\":\"4 Port USB 3.0 Hub 5Gbps High Quality Super Speed USB Hub Splitter Adapter\"}]},{\"@type\":\"WebSite\",\"@id\":\"https:\/\/www.onetimenexttime.sk\/arduino\/#website\",\"url\":\"https:\/\/www.onetimenexttime.sk\/arduino\/\",\"name\":\"Arduino e-shop\",\"description\":\"Home Assistant\",\"potentialAction\":[{\"@type\":\"SearchAction\",\"target\":{\"@type\":\"EntryPoint\",\"urlTemplate\":\"https:\/\/www.onetimenexttime.sk\/arduino\/?s={search_term_string}\"},\"query-input\":{\"@type\":\"PropertyValueSpecification\",\"valueRequired\":true,\"valueName\":\"search_term_string\"}}],\"inLanguage\":\"sk-SK\"}]}<\/script>\n<!-- \/ Yoast SEO plugin. -->","yoast_head_json":{"title":"4 Port USB 3.0 Hub 5Gbps High Quality Super Speed USB Hub Splitter Adapter - Arduino e-shop","robots":{"index":"index","follow":"follow","max-snippet":"max-snippet:-1","max-image-preview":"max-image-preview:large","max-video-preview":"max-video-preview:-1"},"canonical":"https:\/\/www.onetimenexttime.sk\/arduino\/index.php\/produkt\/4-port-usb-3-0-hub-5gbps-high-quality-super-speed-usb-hub-splitter-adapter\/","og_locale":"sk_SK","og_type":"article","og_title":"4 Port USB 3.0 Hub 5Gbps High Quality Super Speed USB Hub Splitter Adapter - Arduino e-shop","og_description":"Rozbo\u010dova\u010d so 4-port USB 3.0\u00a0 5 Gb\/s Vysokokvalitn\u00fd rozbo\u010dova\u010d s rozbo\u010dova\u010dom Super Speed USB &nbsp; Pridajte do svojho po\u010d\u00edta\u010da viac&hellip;","og_url":"https:\/\/www.onetimenexttime.sk\/arduino\/index.php\/produkt\/4-port-usb-3-0-hub-5gbps-high-quality-super-speed-usb-hub-splitter-adapter\/","og_site_name":"Arduino e-shop","article_modified_time":"2021-10-31T19:39:05+00:00","og_image":[{"width":501,"height":501,"url":"https:\/\/www.onetimenexttime.sk\/arduino\/wp-content\/uploads\/2021\/10\/kebidu.jpg","type":"image\/jpeg"}],"twitter_card":"summary_large_image","twitter_misc":{"Predpokladan\u00fd \u010das \u010d\u00edtania":"1 min\u00fata"},"schema":{"@context":"https:\/\/schema.org","@graph":[{"@type":"WebPage","@id":"https:\/\/www.onetimenexttime.sk\/arduino\/index.php\/produkt\/4-port-usb-3-0-hub-5gbps-high-quality-super-speed-usb-hub-splitter-adapter\/","url":"https:\/\/www.onetimenexttime.sk\/arduino\/index.php\/produkt\/4-port-usb-3-0-hub-5gbps-high-quality-super-speed-usb-hub-splitter-adapter\/","name":"4 Port USB 3.0 Hub 5Gbps High Quality Super Speed USB Hub Splitter Adapter - Arduino e-shop","isPartOf":{"@id":"https:\/\/www.onetimenexttime.sk\/arduino\/#website"},"primaryImageOfPage":{"@id":"https:\/\/www.onetimenexttime.sk\/arduino\/index.php\/produkt\/4-port-usb-3-0-hub-5gbps-high-quality-super-speed-usb-hub-splitter-adapter\/#primaryimage"},"image":{"@id":"https:\/\/www.onetimenexttime.sk\/arduino\/index.php\/produkt\/4-port-usb-3-0-hub-5gbps-high-quality-super-speed-usb-hub-splitter-adapter\/#primaryimage"},"thumbnailUrl":"https:\/\/www.onetimenexttime.sk\/arduino\/wp-content\/uploads\/2021\/10\/kebidu.jpg","datePublished":"2021-10-31T18:23:14+00:00","dateModified":"2021-10-31T19:39:05+00:00","breadcrumb":{"@id":"https:\/\/www.onetimenexttime.sk\/arduino\/index.php\/produkt\/4-port-usb-3-0-hub-5gbps-high-quality-super-speed-usb-hub-splitter-adapter\/#breadcrumb"},"inLanguage":"sk-SK","potentialAction":[{"@type":"ReadAction","target":["https:\/\/www.onetimenexttime.sk\/arduino\/index.php\/produkt\/4-port-usb-3-0-hub-5gbps-high-quality-super-speed-usb-hub-splitter-adapter\/"]}]},{"@type":"ImageObject","inLanguage":"sk-SK","@id":"https:\/\/www.onetimenexttime.sk\/arduino\/index.php\/produkt\/4-port-usb-3-0-hub-5gbps-high-quality-super-speed-usb-hub-splitter-adapter\/#primaryimage","url":"https:\/\/www.onetimenexttime.sk\/arduino\/wp-content\/uploads\/2021\/10\/kebidu.jpg","contentUrl":"https:\/\/www.onetimenexttime.sk\/arduino\/wp-content\/uploads\/2021\/10\/kebidu.jpg","width":501,"height":501},{"@type":"BreadcrumbList","@id":"https:\/\/www.onetimenexttime.sk\/arduino\/index.php\/produkt\/4-port-usb-3-0-hub-5gbps-high-quality-super-speed-usb-hub-splitter-adapter\/#breadcrumb","itemListElement":[{"@type":"ListItem","position":1,"name":"Domov","item":"https:\/\/www.onetimenexttime.sk\/arduino\/"},{"@type":"ListItem","position":2,"name":"Obchod","item":"https:\/\/www.onetimenexttime.sk\/arduino\/"},{"@type":"ListItem","position":3,"name":"4 Port USB 3.0 Hub 5Gbps High Quality Super Speed USB Hub Splitter Adapter"}]},{"@type":"WebSite","@id":"https:\/\/www.onetimenexttime.sk\/arduino\/#website","url":"https:\/\/www.onetimenexttime.sk\/arduino\/","name":"Arduino e-shop","description":"Home Assistant","potentialAction":[{"@type":"SearchAction","target":{"@type":"EntryPoint","urlTemplate":"https:\/\/www.onetimenexttime.sk\/arduino\/?s={search_term_string}"},"query-input":{"@type":"PropertyValueSpecification","valueRequired":true,"valueName":"search_term_string"}}],"inLanguage":"sk-SK"}]}},"_links":{"self":[{"href":"https:\/\/www.onetimenexttime.sk\/arduino\/index.php\/wp-json\/wp\/v2\/product\/838"}],"collection":[{"href":"https:\/\/www.onetimenexttime.sk\/arduino\/index.php\/wp-json\/wp\/v2\/product"}],"about":[{"href":"https:\/\/www.onetimenexttime.sk\/arduino\/index.php\/wp-json\/wp\/v2\/types\/product"}],"wp:featuredmedia":[{"embeddable":true,"href":"https:\/\/www.onetimenexttime.sk\/arduino\/index.php\/wp-json\/wp\/v2\/media\/839"}],"wp:attachment":[{"href":"https:\/\/www.onetimenexttime.sk\/arduino\/index.php\/wp-json\/wp\/v2\/media?parent=838"}],"wp:term":[{"taxonomy":"product_cat","embeddable":true,"href":"https:\/\/www.onetimenexttime.sk\/arduino\/index.php\/wp-json\/wp\/v2\/product_cat?post=838"},{"taxonomy":"product_tag","embeddable":true,"href":"https:\/\/www.onetimenexttime.sk\/arduino\/index.php\/wp-json\/wp\/v2\/product_tag?post=838"}],"curies":[{"name":"wp","href":"https:\/\/api.w.org\/{rel}","templated":true}]}}