{"id":832,"date":"2021-10-31T18:49:09","date_gmt":"2021-10-31T17:49:09","guid":{"rendered":"https:\/\/www.onetimenexttime.sk\/arduino\/?post_type=product&#038;p=832"},"modified":"2021-10-31T18:53:54","modified_gmt":"2021-10-31T17:53:54","slug":"dc-motor-12v-30000-rpm-electric-motor-rs550-gearbox-10-teeth","status":"publish","type":"product","link":"https:\/\/www.onetimenexttime.sk\/arduino\/index.php\/produkt\/dc-motor-12v-30000-rpm-electric-motor-rs550-gearbox-10-teeth\/","title":{"rendered":"DC Motor 12V 30000 RPM Electric Motor RS550 Gearbox 10 teeth"},"content":{"rendered":"<h2>Jednosmern\u00fd motor 12V 30000 ot.\/min pre deti Elektrick\u00e9 auto, RC jazda, detsk\u00e9 auto Elektromotor RS550 Prevodovka 10 zubov Motor<\/h2>\n<p>100% \u00faplne nov\u00fd a vysoko kvalitn\u00fd.<br \/>\nVysok\u00e1 r\u00fdchlos\u0165 30 000 ot\u00e1\u010dok za min\u00fatu, Mute.<br \/>\nVysok\u00e1 pevnos\u0165 a odolnos\u0165 proti opotrebovaniu<br \/>\nDeti jazdia na bicykloch na elektrickom aute Zadn\u00e1 motorov\u00e1 prevodovka V\u00fdmena n\u00e1hradn\u00e9ho dielu na \u0161peci\u00e1lne pou\u017eitie<\/p>\n<p>Technick\u00e9 \u00fadaje:<br \/>\nNap\u00e4tie: 12V<br \/>\not\u00e1\u010dky: 30 000 ot.\/min<br \/>\nPr\u00fad: 12A (max.)<br \/>\nV\u00fdstupn\u00fd v\u00fdkon: 45W<br \/>\nD\u013a\u017eka cca: 80 mm<br \/>\n\u0160\u00edrka cca: 35 mm<\/p>\n<p>Balenie obsahuje:<br \/>\n1\u00d7 motor<br \/>\n2\u00d7 Motorov\u00e9 prevody<\/p>\n","protected":false},"excerpt":{"rendered":"<p>Jednosmern\u00fd motor 12V 30000 ot.\/min pre deti Elektrick\u00e9 auto, RC jazda, detsk\u00e9 auto Elektromotor RS550 Prevodovka 10 zubov Motor 100%&hellip;<\/p>\n","protected":false},"featured_media":835,"template":"","meta":{"_monsterinsights_skip_tracking":false,"_monsterinsights_sitenote_active":false,"_monsterinsights_sitenote_note":"","_monsterinsights_sitenote_category":0},"product_cat":[15,46],"product_tag":[],"class_list":{"0":"post-832","1":"product","2":"type-product","3":"status-publish","4":"has-post-thumbnail","6":"product_cat-nd","7":"product_cat-motor","9":"first","10":"instock","11":"shipping-taxable","12":"purchasable","13":"product-type-simple"},"yoast_head":"<!-- This site is optimized with the Yoast SEO plugin v23.6 - https:\/\/yoast.com\/wordpress\/plugins\/seo\/ -->\n<title>DC Motor 12V 30000 RPM Electric Motor RS550 Gearbox 10 teeth - Arduino e-shop<\/title>\n<meta name=\"robots\" content=\"index, follow, max-snippet:-1, max-image-preview:large, max-video-preview:-1\" \/>\n<link rel=\"canonical\" href=\"https:\/\/www.onetimenexttime.sk\/arduino\/index.php\/produkt\/dc-motor-12v-30000-rpm-electric-motor-rs550-gearbox-10-teeth\/\" \/>\n<meta property=\"og:locale\" content=\"sk_SK\" \/>\n<meta property=\"og:type\" content=\"article\" \/>\n<meta property=\"og:title\" content=\"DC Motor 12V 30000 RPM Electric Motor RS550 Gearbox 10 teeth - Arduino e-shop\" \/>\n<meta property=\"og:description\" content=\"Jednosmern\u00fd motor 12V 30000 ot.\/min pre deti Elektrick\u00e9 auto, RC jazda, detsk\u00e9 auto Elektromotor RS550 Prevodovka 10 zubov Motor 100%&hellip;\" \/>\n<meta property=\"og:url\" content=\"https:\/\/www.onetimenexttime.sk\/arduino\/index.php\/produkt\/dc-motor-12v-30000-rpm-electric-motor-rs550-gearbox-10-teeth\/\" \/>\n<meta property=\"og:site_name\" content=\"Arduino e-shop\" \/>\n<meta property=\"article:modified_time\" content=\"2021-10-31T17:53:54+00:00\" \/>\n<meta property=\"og:image\" content=\"https:\/\/www.onetimenexttime.sk\/arduino\/wp-content\/uploads\/2021\/10\/1014.jpg\" \/>\n\t<meta property=\"og:image:width\" content=\"501\" \/>\n\t<meta property=\"og:image:height\" content=\"501\" \/>\n\t<meta property=\"og:image:type\" content=\"image\/jpeg\" \/>\n<meta name=\"twitter:card\" content=\"summary_large_image\" \/>\n<meta name=\"twitter:label1\" content=\"Predpokladan\u00fd \u010das \u010d\u00edtania\" \/>\n\t<meta name=\"twitter:data1\" content=\"1 min\u00fata\" \/>\n<script type=\"application\/ld+json\" class=\"yoast-schema-graph\">{\"@context\":\"https:\/\/schema.org\",\"@graph\":[{\"@type\":\"WebPage\",\"@id\":\"https:\/\/www.onetimenexttime.sk\/arduino\/index.php\/produkt\/dc-motor-12v-30000-rpm-electric-motor-rs550-gearbox-10-teeth\/\",\"url\":\"https:\/\/www.onetimenexttime.sk\/arduino\/index.php\/produkt\/dc-motor-12v-30000-rpm-electric-motor-rs550-gearbox-10-teeth\/\",\"name\":\"DC Motor 12V 30000 RPM Electric Motor RS550 Gearbox 10 teeth - Arduino e-shop\",\"isPartOf\":{\"@id\":\"https:\/\/www.onetimenexttime.sk\/arduino\/#website\"},\"primaryImageOfPage\":{\"@id\":\"https:\/\/www.onetimenexttime.sk\/arduino\/index.php\/produkt\/dc-motor-12v-30000-rpm-electric-motor-rs550-gearbox-10-teeth\/#primaryimage\"},\"image\":{\"@id\":\"https:\/\/www.onetimenexttime.sk\/arduino\/index.php\/produkt\/dc-motor-12v-30000-rpm-electric-motor-rs550-gearbox-10-teeth\/#primaryimage\"},\"thumbnailUrl\":\"https:\/\/www.onetimenexttime.sk\/arduino\/wp-content\/uploads\/2021\/10\/1014.jpg\",\"datePublished\":\"2021-10-31T17:49:09+00:00\",\"dateModified\":\"2021-10-31T17:53:54+00:00\",\"breadcrumb\":{\"@id\":\"https:\/\/www.onetimenexttime.sk\/arduino\/index.php\/produkt\/dc-motor-12v-30000-rpm-electric-motor-rs550-gearbox-10-teeth\/#breadcrumb\"},\"inLanguage\":\"sk-SK\",\"potentialAction\":[{\"@type\":\"ReadAction\",\"target\":[\"https:\/\/www.onetimenexttime.sk\/arduino\/index.php\/produkt\/dc-motor-12v-30000-rpm-electric-motor-rs550-gearbox-10-teeth\/\"]}]},{\"@type\":\"ImageObject\",\"inLanguage\":\"sk-SK\",\"@id\":\"https:\/\/www.onetimenexttime.sk\/arduino\/index.php\/produkt\/dc-motor-12v-30000-rpm-electric-motor-rs550-gearbox-10-teeth\/#primaryimage\",\"url\":\"https:\/\/www.onetimenexttime.sk\/arduino\/wp-content\/uploads\/2021\/10\/1014.jpg\",\"contentUrl\":\"https:\/\/www.onetimenexttime.sk\/arduino\/wp-content\/uploads\/2021\/10\/1014.jpg\",\"width\":501,\"height\":501},{\"@type\":\"BreadcrumbList\",\"@id\":\"https:\/\/www.onetimenexttime.sk\/arduino\/index.php\/produkt\/dc-motor-12v-30000-rpm-electric-motor-rs550-gearbox-10-teeth\/#breadcrumb\",\"itemListElement\":[{\"@type\":\"ListItem\",\"position\":1,\"name\":\"Domov\",\"item\":\"https:\/\/www.onetimenexttime.sk\/arduino\/\"},{\"@type\":\"ListItem\",\"position\":2,\"name\":\"Obchod\",\"item\":\"https:\/\/www.onetimenexttime.sk\/arduino\/\"},{\"@type\":\"ListItem\",\"position\":3,\"name\":\"DC Motor 12V 30000 RPM Electric Motor RS550 Gearbox 10 teeth\"}]},{\"@type\":\"WebSite\",\"@id\":\"https:\/\/www.onetimenexttime.sk\/arduino\/#website\",\"url\":\"https:\/\/www.onetimenexttime.sk\/arduino\/\",\"name\":\"Arduino e-shop\",\"description\":\"Home Assistant\",\"potentialAction\":[{\"@type\":\"SearchAction\",\"target\":{\"@type\":\"EntryPoint\",\"urlTemplate\":\"https:\/\/www.onetimenexttime.sk\/arduino\/?s={search_term_string}\"},\"query-input\":{\"@type\":\"PropertyValueSpecification\",\"valueRequired\":true,\"valueName\":\"search_term_string\"}}],\"inLanguage\":\"sk-SK\"}]}<\/script>\n<!-- \/ Yoast SEO plugin. -->","yoast_head_json":{"title":"DC Motor 12V 30000 RPM Electric Motor RS550 Gearbox 10 teeth - Arduino e-shop","robots":{"index":"index","follow":"follow","max-snippet":"max-snippet:-1","max-image-preview":"max-image-preview:large","max-video-preview":"max-video-preview:-1"},"canonical":"https:\/\/www.onetimenexttime.sk\/arduino\/index.php\/produkt\/dc-motor-12v-30000-rpm-electric-motor-rs550-gearbox-10-teeth\/","og_locale":"sk_SK","og_type":"article","og_title":"DC Motor 12V 30000 RPM Electric Motor RS550 Gearbox 10 teeth - Arduino e-shop","og_description":"Jednosmern\u00fd motor 12V 30000 ot.\/min pre deti Elektrick\u00e9 auto, RC jazda, detsk\u00e9 auto Elektromotor RS550 Prevodovka 10 zubov Motor 100%&hellip;","og_url":"https:\/\/www.onetimenexttime.sk\/arduino\/index.php\/produkt\/dc-motor-12v-30000-rpm-electric-motor-rs550-gearbox-10-teeth\/","og_site_name":"Arduino e-shop","article_modified_time":"2021-10-31T17:53:54+00:00","og_image":[{"width":501,"height":501,"url":"https:\/\/www.onetimenexttime.sk\/arduino\/wp-content\/uploads\/2021\/10\/1014.jpg","type":"image\/jpeg"}],"twitter_card":"summary_large_image","twitter_misc":{"Predpokladan\u00fd \u010das \u010d\u00edtania":"1 min\u00fata"},"schema":{"@context":"https:\/\/schema.org","@graph":[{"@type":"WebPage","@id":"https:\/\/www.onetimenexttime.sk\/arduino\/index.php\/produkt\/dc-motor-12v-30000-rpm-electric-motor-rs550-gearbox-10-teeth\/","url":"https:\/\/www.onetimenexttime.sk\/arduino\/index.php\/produkt\/dc-motor-12v-30000-rpm-electric-motor-rs550-gearbox-10-teeth\/","name":"DC Motor 12V 30000 RPM Electric Motor RS550 Gearbox 10 teeth - Arduino e-shop","isPartOf":{"@id":"https:\/\/www.onetimenexttime.sk\/arduino\/#website"},"primaryImageOfPage":{"@id":"https:\/\/www.onetimenexttime.sk\/arduino\/index.php\/produkt\/dc-motor-12v-30000-rpm-electric-motor-rs550-gearbox-10-teeth\/#primaryimage"},"image":{"@id":"https:\/\/www.onetimenexttime.sk\/arduino\/index.php\/produkt\/dc-motor-12v-30000-rpm-electric-motor-rs550-gearbox-10-teeth\/#primaryimage"},"thumbnailUrl":"https:\/\/www.onetimenexttime.sk\/arduino\/wp-content\/uploads\/2021\/10\/1014.jpg","datePublished":"2021-10-31T17:49:09+00:00","dateModified":"2021-10-31T17:53:54+00:00","breadcrumb":{"@id":"https:\/\/www.onetimenexttime.sk\/arduino\/index.php\/produkt\/dc-motor-12v-30000-rpm-electric-motor-rs550-gearbox-10-teeth\/#breadcrumb"},"inLanguage":"sk-SK","potentialAction":[{"@type":"ReadAction","target":["https:\/\/www.onetimenexttime.sk\/arduino\/index.php\/produkt\/dc-motor-12v-30000-rpm-electric-motor-rs550-gearbox-10-teeth\/"]}]},{"@type":"ImageObject","inLanguage":"sk-SK","@id":"https:\/\/www.onetimenexttime.sk\/arduino\/index.php\/produkt\/dc-motor-12v-30000-rpm-electric-motor-rs550-gearbox-10-teeth\/#primaryimage","url":"https:\/\/www.onetimenexttime.sk\/arduino\/wp-content\/uploads\/2021\/10\/1014.jpg","contentUrl":"https:\/\/www.onetimenexttime.sk\/arduino\/wp-content\/uploads\/2021\/10\/1014.jpg","width":501,"height":501},{"@type":"BreadcrumbList","@id":"https:\/\/www.onetimenexttime.sk\/arduino\/index.php\/produkt\/dc-motor-12v-30000-rpm-electric-motor-rs550-gearbox-10-teeth\/#breadcrumb","itemListElement":[{"@type":"ListItem","position":1,"name":"Domov","item":"https:\/\/www.onetimenexttime.sk\/arduino\/"},{"@type":"ListItem","position":2,"name":"Obchod","item":"https:\/\/www.onetimenexttime.sk\/arduino\/"},{"@type":"ListItem","position":3,"name":"DC Motor 12V 30000 RPM Electric Motor RS550 Gearbox 10 teeth"}]},{"@type":"WebSite","@id":"https:\/\/www.onetimenexttime.sk\/arduino\/#website","url":"https:\/\/www.onetimenexttime.sk\/arduino\/","name":"Arduino e-shop","description":"Home Assistant","potentialAction":[{"@type":"SearchAction","target":{"@type":"EntryPoint","urlTemplate":"https:\/\/www.onetimenexttime.sk\/arduino\/?s={search_term_string}"},"query-input":{"@type":"PropertyValueSpecification","valueRequired":true,"valueName":"search_term_string"}}],"inLanguage":"sk-SK"}]}},"_links":{"self":[{"href":"https:\/\/www.onetimenexttime.sk\/arduino\/index.php\/wp-json\/wp\/v2\/product\/832"}],"collection":[{"href":"https:\/\/www.onetimenexttime.sk\/arduino\/index.php\/wp-json\/wp\/v2\/product"}],"about":[{"href":"https:\/\/www.onetimenexttime.sk\/arduino\/index.php\/wp-json\/wp\/v2\/types\/product"}],"wp:featuredmedia":[{"embeddable":true,"href":"https:\/\/www.onetimenexttime.sk\/arduino\/index.php\/wp-json\/wp\/v2\/media\/835"}],"wp:attachment":[{"href":"https:\/\/www.onetimenexttime.sk\/arduino\/index.php\/wp-json\/wp\/v2\/media?parent=832"}],"wp:term":[{"taxonomy":"product_cat","embeddable":true,"href":"https:\/\/www.onetimenexttime.sk\/arduino\/index.php\/wp-json\/wp\/v2\/product_cat?post=832"},{"taxonomy":"product_tag","embeddable":true,"href":"https:\/\/www.onetimenexttime.sk\/arduino\/index.php\/wp-json\/wp\/v2\/product_tag?post=832"}],"curies":[{"name":"wp","href":"https:\/\/api.w.org\/{rel}","templated":true}]}}