{"id":830,"date":"2021-10-31T18:31:23","date_gmt":"2021-10-31T17:31:23","guid":{"rendered":"https:\/\/www.onetimenexttime.sk\/arduino\/?post_type=product&#038;p=830"},"modified":"2021-10-31T18:46:51","modified_gmt":"2021-10-31T17:46:51","slug":"gpio-expansion-board-raspberry-pi-shield-for-raspberry-pi-2-3-b-b-with-screws-for-raspberry-pi-3-model-b-diy-kit","status":"publish","type":"product","link":"https:\/\/www.onetimenexttime.sk\/arduino\/index.php\/produkt\/gpio-expansion-board-raspberry-pi-shield-for-raspberry-pi-2-3-b-b-with-screws-for-raspberry-pi-3-model-b-diy-kit\/","title":{"rendered":"GPIO Expansion Board Raspberry Pi Shield for Raspberry PI 2 3 B B+ With Screws for raspberry pi 3 model b"},"content":{"rendered":"<h2>Roz\u0161iruj\u00faca doska GPIO Raspberry Pi Shield pre Raspberry PI 2 3 B B+ so skrutkami pre malinov\u00fa pi 3 model b<\/h2>\n<p>Raspberry Pi 2 \/ 3 Model B Roz\u0161iruj\u00faca doska GPIO Multifunk\u010dn\u00e1 roz\u0161iruj\u00faca doska GPIO Pre PC Orange Pi Banana Pi M3\/Pro<br \/>\nPopis produktu<br \/>\nVysok\u00e1 kvalita a vysok\u00fd proces tla\u010de<br \/>\nUniverz\u00e1lna roz\u0161iruj\u00faca doska GPIO, kompatibiln\u00e1 s raspberry pi 3 &amp; Pi 2 &amp; Pi Model B<br \/>\nV\u010faka tomu je v\u00e1\u0161 experiment jednoduch\u0161\u00ed a pohodlnej\u0161\u00ed<br \/>\nVe\u013ekos\u0165: 65,3*56*24mm (D*\u0160*V)<br \/>\nHmotnos\u0165: 32g.<br \/>\nVe\u013ekos\u0165: 65,3 * 56 * 24 mm (D * \u0160 * V) Hmotnos\u0165: 32 g.<br \/>\nBalenie obsahuje:<br \/>\n1*Raspberry Pi 2\/3 Model B Roz\u0161iruj\u00faca doska GPIO Multifunk\u010dn\u00e1 roz\u0161iruj\u00faca doska GPIO<\/p>\n<p>&nbsp;<\/p>\n","protected":false},"excerpt":{"rendered":"<p>Roz\u0161iruj\u00faca doska GPIO Raspberry Pi Shield pre Raspberry PI 2 3 B B+ so skrutkami pre malinov\u00fa pi 3 model&hellip;<\/p>\n","protected":false},"featured_media":831,"template":"","meta":{"_monsterinsights_skip_tracking":false,"_monsterinsights_sitenote_active":false,"_monsterinsights_sitenote_note":"","_monsterinsights_sitenote_category":0},"product_cat":[16,17,48],"product_tag":[],"class_list":{"0":"post-830","1":"product","2":"type-product","3":"status-publish","4":"has-post-thumbnail","6":"product_cat-ard","7":"product_cat-modul","8":"product_cat-raspberry","10":"first","11":"instock","12":"shipping-taxable","13":"purchasable","14":"product-type-simple"},"yoast_head":"<!-- This site is optimized with the Yoast SEO plugin v23.6 - https:\/\/yoast.com\/wordpress\/plugins\/seo\/ -->\n<title>GPIO Expansion Board Raspberry Pi Shield for Raspberry PI 2 3 B B+ With Screws for raspberry pi 3 model b - Arduino e-shop<\/title>\n<meta name=\"robots\" content=\"index, follow, max-snippet:-1, max-image-preview:large, max-video-preview:-1\" \/>\n<link rel=\"canonical\" href=\"https:\/\/www.onetimenexttime.sk\/arduino\/index.php\/produkt\/gpio-expansion-board-raspberry-pi-shield-for-raspberry-pi-2-3-b-b-with-screws-for-raspberry-pi-3-model-b-diy-kit\/\" \/>\n<meta property=\"og:locale\" content=\"sk_SK\" \/>\n<meta property=\"og:type\" content=\"article\" \/>\n<meta property=\"og:title\" content=\"GPIO Expansion Board Raspberry Pi Shield for Raspberry PI 2 3 B B+ With Screws for raspberry pi 3 model b - Arduino e-shop\" \/>\n<meta property=\"og:description\" content=\"Roz\u0161iruj\u00faca doska GPIO Raspberry Pi Shield pre Raspberry PI 2 3 B B+ so skrutkami pre malinov\u00fa pi 3 model&hellip;\" \/>\n<meta property=\"og:url\" content=\"https:\/\/www.onetimenexttime.sk\/arduino\/index.php\/produkt\/gpio-expansion-board-raspberry-pi-shield-for-raspberry-pi-2-3-b-b-with-screws-for-raspberry-pi-3-model-b-diy-kit\/\" \/>\n<meta property=\"og:site_name\" content=\"Arduino e-shop\" \/>\n<meta property=\"article:modified_time\" content=\"2021-10-31T17:46:51+00:00\" \/>\n<meta property=\"og:image\" content=\"https:\/\/www.onetimenexttime.sk\/arduino\/wp-content\/uploads\/2021\/10\/290.jpg\" \/>\n\t<meta property=\"og:image:width\" content=\"501\" \/>\n\t<meta property=\"og:image:height\" content=\"501\" \/>\n\t<meta property=\"og:image:type\" content=\"image\/jpeg\" \/>\n<meta name=\"twitter:card\" content=\"summary_large_image\" \/>\n<meta name=\"twitter:label1\" content=\"Predpokladan\u00fd \u010das \u010d\u00edtania\" \/>\n\t<meta name=\"twitter:data1\" content=\"1 min\u00fata\" \/>\n<script type=\"application\/ld+json\" class=\"yoast-schema-graph\">{\"@context\":\"https:\/\/schema.org\",\"@graph\":[{\"@type\":\"WebPage\",\"@id\":\"https:\/\/www.onetimenexttime.sk\/arduino\/index.php\/produkt\/gpio-expansion-board-raspberry-pi-shield-for-raspberry-pi-2-3-b-b-with-screws-for-raspberry-pi-3-model-b-diy-kit\/\",\"url\":\"https:\/\/www.onetimenexttime.sk\/arduino\/index.php\/produkt\/gpio-expansion-board-raspberry-pi-shield-for-raspberry-pi-2-3-b-b-with-screws-for-raspberry-pi-3-model-b-diy-kit\/\",\"name\":\"GPIO Expansion Board Raspberry Pi Shield for Raspberry PI 2 3 B B+ With Screws for raspberry pi 3 model b - Arduino e-shop\",\"isPartOf\":{\"@id\":\"https:\/\/www.onetimenexttime.sk\/arduino\/#website\"},\"primaryImageOfPage\":{\"@id\":\"https:\/\/www.onetimenexttime.sk\/arduino\/index.php\/produkt\/gpio-expansion-board-raspberry-pi-shield-for-raspberry-pi-2-3-b-b-with-screws-for-raspberry-pi-3-model-b-diy-kit\/#primaryimage\"},\"image\":{\"@id\":\"https:\/\/www.onetimenexttime.sk\/arduino\/index.php\/produkt\/gpio-expansion-board-raspberry-pi-shield-for-raspberry-pi-2-3-b-b-with-screws-for-raspberry-pi-3-model-b-diy-kit\/#primaryimage\"},\"thumbnailUrl\":\"https:\/\/www.onetimenexttime.sk\/arduino\/wp-content\/uploads\/2021\/10\/290.jpg\",\"datePublished\":\"2021-10-31T17:31:23+00:00\",\"dateModified\":\"2021-10-31T17:46:51+00:00\",\"breadcrumb\":{\"@id\":\"https:\/\/www.onetimenexttime.sk\/arduino\/index.php\/produkt\/gpio-expansion-board-raspberry-pi-shield-for-raspberry-pi-2-3-b-b-with-screws-for-raspberry-pi-3-model-b-diy-kit\/#breadcrumb\"},\"inLanguage\":\"sk-SK\",\"potentialAction\":[{\"@type\":\"ReadAction\",\"target\":[\"https:\/\/www.onetimenexttime.sk\/arduino\/index.php\/produkt\/gpio-expansion-board-raspberry-pi-shield-for-raspberry-pi-2-3-b-b-with-screws-for-raspberry-pi-3-model-b-diy-kit\/\"]}]},{\"@type\":\"ImageObject\",\"inLanguage\":\"sk-SK\",\"@id\":\"https:\/\/www.onetimenexttime.sk\/arduino\/index.php\/produkt\/gpio-expansion-board-raspberry-pi-shield-for-raspberry-pi-2-3-b-b-with-screws-for-raspberry-pi-3-model-b-diy-kit\/#primaryimage\",\"url\":\"https:\/\/www.onetimenexttime.sk\/arduino\/wp-content\/uploads\/2021\/10\/290.jpg\",\"contentUrl\":\"https:\/\/www.onetimenexttime.sk\/arduino\/wp-content\/uploads\/2021\/10\/290.jpg\",\"width\":501,\"height\":501},{\"@type\":\"BreadcrumbList\",\"@id\":\"https:\/\/www.onetimenexttime.sk\/arduino\/index.php\/produkt\/gpio-expansion-board-raspberry-pi-shield-for-raspberry-pi-2-3-b-b-with-screws-for-raspberry-pi-3-model-b-diy-kit\/#breadcrumb\",\"itemListElement\":[{\"@type\":\"ListItem\",\"position\":1,\"name\":\"Domov\",\"item\":\"https:\/\/www.onetimenexttime.sk\/arduino\/\"},{\"@type\":\"ListItem\",\"position\":2,\"name\":\"Obchod\",\"item\":\"https:\/\/www.onetimenexttime.sk\/arduino\/\"},{\"@type\":\"ListItem\",\"position\":3,\"name\":\"GPIO Expansion Board Raspberry Pi Shield for Raspberry PI 2 3 B B+ With Screws for raspberry pi 3 model b\"}]},{\"@type\":\"WebSite\",\"@id\":\"https:\/\/www.onetimenexttime.sk\/arduino\/#website\",\"url\":\"https:\/\/www.onetimenexttime.sk\/arduino\/\",\"name\":\"Arduino e-shop\",\"description\":\"Home Assistant\",\"potentialAction\":[{\"@type\":\"SearchAction\",\"target\":{\"@type\":\"EntryPoint\",\"urlTemplate\":\"https:\/\/www.onetimenexttime.sk\/arduino\/?s={search_term_string}\"},\"query-input\":{\"@type\":\"PropertyValueSpecification\",\"valueRequired\":true,\"valueName\":\"search_term_string\"}}],\"inLanguage\":\"sk-SK\"}]}<\/script>\n<!-- \/ Yoast SEO plugin. -->","yoast_head_json":{"title":"GPIO Expansion Board Raspberry Pi Shield for Raspberry PI 2 3 B B+ With Screws for raspberry pi 3 model b - Arduino e-shop","robots":{"index":"index","follow":"follow","max-snippet":"max-snippet:-1","max-image-preview":"max-image-preview:large","max-video-preview":"max-video-preview:-1"},"canonical":"https:\/\/www.onetimenexttime.sk\/arduino\/index.php\/produkt\/gpio-expansion-board-raspberry-pi-shield-for-raspberry-pi-2-3-b-b-with-screws-for-raspberry-pi-3-model-b-diy-kit\/","og_locale":"sk_SK","og_type":"article","og_title":"GPIO Expansion Board Raspberry Pi Shield for Raspberry PI 2 3 B B+ With Screws for raspberry pi 3 model b - Arduino e-shop","og_description":"Roz\u0161iruj\u00faca doska GPIO Raspberry Pi Shield pre Raspberry PI 2 3 B B+ so skrutkami pre malinov\u00fa pi 3 model&hellip;","og_url":"https:\/\/www.onetimenexttime.sk\/arduino\/index.php\/produkt\/gpio-expansion-board-raspberry-pi-shield-for-raspberry-pi-2-3-b-b-with-screws-for-raspberry-pi-3-model-b-diy-kit\/","og_site_name":"Arduino e-shop","article_modified_time":"2021-10-31T17:46:51+00:00","og_image":[{"width":501,"height":501,"url":"https:\/\/www.onetimenexttime.sk\/arduino\/wp-content\/uploads\/2021\/10\/290.jpg","type":"image\/jpeg"}],"twitter_card":"summary_large_image","twitter_misc":{"Predpokladan\u00fd \u010das \u010d\u00edtania":"1 min\u00fata"},"schema":{"@context":"https:\/\/schema.org","@graph":[{"@type":"WebPage","@id":"https:\/\/www.onetimenexttime.sk\/arduino\/index.php\/produkt\/gpio-expansion-board-raspberry-pi-shield-for-raspberry-pi-2-3-b-b-with-screws-for-raspberry-pi-3-model-b-diy-kit\/","url":"https:\/\/www.onetimenexttime.sk\/arduino\/index.php\/produkt\/gpio-expansion-board-raspberry-pi-shield-for-raspberry-pi-2-3-b-b-with-screws-for-raspberry-pi-3-model-b-diy-kit\/","name":"GPIO Expansion Board Raspberry Pi Shield for Raspberry PI 2 3 B B+ With Screws for raspberry pi 3 model b - Arduino e-shop","isPartOf":{"@id":"https:\/\/www.onetimenexttime.sk\/arduino\/#website"},"primaryImageOfPage":{"@id":"https:\/\/www.onetimenexttime.sk\/arduino\/index.php\/produkt\/gpio-expansion-board-raspberry-pi-shield-for-raspberry-pi-2-3-b-b-with-screws-for-raspberry-pi-3-model-b-diy-kit\/#primaryimage"},"image":{"@id":"https:\/\/www.onetimenexttime.sk\/arduino\/index.php\/produkt\/gpio-expansion-board-raspberry-pi-shield-for-raspberry-pi-2-3-b-b-with-screws-for-raspberry-pi-3-model-b-diy-kit\/#primaryimage"},"thumbnailUrl":"https:\/\/www.onetimenexttime.sk\/arduino\/wp-content\/uploads\/2021\/10\/290.jpg","datePublished":"2021-10-31T17:31:23+00:00","dateModified":"2021-10-31T17:46:51+00:00","breadcrumb":{"@id":"https:\/\/www.onetimenexttime.sk\/arduino\/index.php\/produkt\/gpio-expansion-board-raspberry-pi-shield-for-raspberry-pi-2-3-b-b-with-screws-for-raspberry-pi-3-model-b-diy-kit\/#breadcrumb"},"inLanguage":"sk-SK","potentialAction":[{"@type":"ReadAction","target":["https:\/\/www.onetimenexttime.sk\/arduino\/index.php\/produkt\/gpio-expansion-board-raspberry-pi-shield-for-raspberry-pi-2-3-b-b-with-screws-for-raspberry-pi-3-model-b-diy-kit\/"]}]},{"@type":"ImageObject","inLanguage":"sk-SK","@id":"https:\/\/www.onetimenexttime.sk\/arduino\/index.php\/produkt\/gpio-expansion-board-raspberry-pi-shield-for-raspberry-pi-2-3-b-b-with-screws-for-raspberry-pi-3-model-b-diy-kit\/#primaryimage","url":"https:\/\/www.onetimenexttime.sk\/arduino\/wp-content\/uploads\/2021\/10\/290.jpg","contentUrl":"https:\/\/www.onetimenexttime.sk\/arduino\/wp-content\/uploads\/2021\/10\/290.jpg","width":501,"height":501},{"@type":"BreadcrumbList","@id":"https:\/\/www.onetimenexttime.sk\/arduino\/index.php\/produkt\/gpio-expansion-board-raspberry-pi-shield-for-raspberry-pi-2-3-b-b-with-screws-for-raspberry-pi-3-model-b-diy-kit\/#breadcrumb","itemListElement":[{"@type":"ListItem","position":1,"name":"Domov","item":"https:\/\/www.onetimenexttime.sk\/arduino\/"},{"@type":"ListItem","position":2,"name":"Obchod","item":"https:\/\/www.onetimenexttime.sk\/arduino\/"},{"@type":"ListItem","position":3,"name":"GPIO Expansion Board Raspberry Pi Shield for Raspberry PI 2 3 B B+ With Screws for raspberry pi 3 model b"}]},{"@type":"WebSite","@id":"https:\/\/www.onetimenexttime.sk\/arduino\/#website","url":"https:\/\/www.onetimenexttime.sk\/arduino\/","name":"Arduino e-shop","description":"Home Assistant","potentialAction":[{"@type":"SearchAction","target":{"@type":"EntryPoint","urlTemplate":"https:\/\/www.onetimenexttime.sk\/arduino\/?s={search_term_string}"},"query-input":{"@type":"PropertyValueSpecification","valueRequired":true,"valueName":"search_term_string"}}],"inLanguage":"sk-SK"}]}},"_links":{"self":[{"href":"https:\/\/www.onetimenexttime.sk\/arduino\/index.php\/wp-json\/wp\/v2\/product\/830"}],"collection":[{"href":"https:\/\/www.onetimenexttime.sk\/arduino\/index.php\/wp-json\/wp\/v2\/product"}],"about":[{"href":"https:\/\/www.onetimenexttime.sk\/arduino\/index.php\/wp-json\/wp\/v2\/types\/product"}],"wp:featuredmedia":[{"embeddable":true,"href":"https:\/\/www.onetimenexttime.sk\/arduino\/index.php\/wp-json\/wp\/v2\/media\/831"}],"wp:attachment":[{"href":"https:\/\/www.onetimenexttime.sk\/arduino\/index.php\/wp-json\/wp\/v2\/media?parent=830"}],"wp:term":[{"taxonomy":"product_cat","embeddable":true,"href":"https:\/\/www.onetimenexttime.sk\/arduino\/index.php\/wp-json\/wp\/v2\/product_cat?post=830"},{"taxonomy":"product_tag","embeddable":true,"href":"https:\/\/www.onetimenexttime.sk\/arduino\/index.php\/wp-json\/wp\/v2\/product_tag?post=830"}],"curies":[{"name":"wp","href":"https:\/\/api.w.org\/{rel}","templated":true}]}}