{"id":823,"date":"2021-10-31T17:22:31","date_gmt":"2021-10-31T16:22:31","guid":{"rendered":"https:\/\/www.onetimenexttime.sk\/arduino\/?post_type=product&#038;p=823"},"modified":"2021-10-31T18:23:41","modified_gmt":"2021-10-31T17:23:41","slug":"8-bit-led-8-bit-digital-tube-8-bit-key-tm1638-module-for-avr-arm-stm32","status":"publish","type":"product","link":"https:\/\/www.onetimenexttime.sk\/arduino\/index.php\/produkt\/8-bit-led-8-bit-digital-tube-8-bit-key-tm1638-module-for-avr-arm-stm32\/","title":{"rendered":"8-Bit LED 8-Bit Digital Tube 8-Bit Key TM1638 module for AVR ARM STM32"},"content":{"rendered":"<h2>8-bitov\u00fd LED 8-bitov\u00fd digit\u00e1lny elektr\u00f3nkov\u00fd 8-bitov\u00fd k\u013e\u00fa\u010d TM1638 modul pre AVR ARM STM32<\/h2>\n<p>Menovit\u00e9 nap\u00e4tie: DC12V<br \/>\nRozsah nap\u00e4tia: DC7,0 V-13,6 V<br \/>\nVstupn\u00fd v\u00fdkon: 0,24A<br \/>\nMenovit\u00e9 ot\u00e1\u010dky: 9500 ot.\/min<br \/>\nTeplotn\u00fd rozsah:-10.. 70 \u00b0C<br \/>\nO\u010dak\u00e1van\u00e1 \u017eivotnos\u0165: 25 \u00b0 C L10 pri o\u010dak\u00e1vanej \u017eivotnosti 50 000 hod\u00edn<br \/>\nLo\u017eiskov\u00e1 \u0161trukt\u00fara: bez\u00fadr\u017ebov\u00e9 dvojit\u00e9 gu\u013e\u00f4\u010dkov\u00e9 lo\u017eisk\u00e1<br \/>\nSmer rot\u00e1cie: vietor zo stentov umiest\u0148uje dukciu smerom k rotoru proti smeru hodinov\u00fdch ru\u010di\u010diek<br \/>\nSp\u00f4sob zapojenia: + \u010derveno-\u010dierny sign\u00e1l: modr\u00fd (modr\u00e1 \u010diara, r\u00fdchlos\u0165 linky alarmu, je potrebn\u00e9 venova\u0165 pozornos\u0165). Linka dlh\u00e1 asi 20 cm<br \/>\nNajv\u00e4\u010d\u0161\u00ed objem vzduchu: 26,8 m? \/ h<br \/>\nOchrana elektromotora: ochrana proti pre\u0165a\u017eeniu, ochrana proti nespr\u00e1vnej \u00farovni a ochrana proti blokovaciemu pr\u00fadu<br \/>\nMinim\u00e1lny tlak vetra : 0.. 120 Pa<br \/>\nIndex hluku: 41,9 dB (A)<br \/>\nMateri\u00e1l kvalitat\u00edvny materi\u00e1l: plast vystu\u017een\u00fd sklenen\u00fdmi vl\u00e1knami, PBT \u0161krupina, PA \u010depele<br \/>\nVysvetlenie funkcie: elektronick\u00e1 reverz\u00e1cia rotora jednosmern\u00fdch ventil\u00e1torov, kompletn\u00e9 elektronick\u00e9 komponenty smerov\u00e9ho riadenia<\/p>\n<p>&nbsp;<\/p>\n<p>Vr\u00e1tane nasleduj\u00facich zdrojov:<\/p>\n<p>1. 8 k\u013e\u00fa\u010d<br \/>\n2. 8 LED spolo\u010dn\u00e1 kat\u00f3da<br \/>\n3. 8 digit\u00e1lna elektr\u00f3nkov\u00e1 spolo\u010dn\u00e1 kat\u00f3da<\/p>\n<p>Na pohon digit\u00e1lnej LED trubice so spolo\u010dnou kat\u00f3dou pou\u017eite digit\u00e1lny elektr\u00f3nkov\u00fd hnac\u00ed \u010dip TM1638<\/p>\n<p>&nbsp;<\/p>\n<p>Ako sa pripoji\u0165:<br \/>\nNap\u00e1janie VCC GND 5V, I\/O port STB CLK DIO MCU<br \/>\nTento modul pre \u010dip TM1638, nastavuje vy\u0161\u0161ie uveden\u00e9 tri druhy spolo\u010dn\u00e9ho perif\u00e9rneho obvodu s jedn\u00fdm \u010dipom mikropo\u010d\u00edta\u010da, najv\u00e4\u010d\u0161ou charakteristikou je jednoducho vzia\u0165 mikrokontrol\u00e9r tri IO \u00fasta, ktor\u00e9 m\u00f4\u017eu riadi\u0165, skenovanie displeja a skenovanie k\u013e\u00fa\u010dov nepotrebuj\u00fa z\u00e1sah mikrokontrol\u00e9ra, sta\u010d\u00ed sa zaregistrova\u0165 ak chcete zobrazi\u0165 \u00fadaje s\u00favisiace s \u010d\u00edtan\u00edm a z\u00e1pisom alebo testovac\u00edmi tla\u010didlami, u\u0161etrite zdroje MCU. K\u00fapi\u0165 modul poskytuje pr\u00edklad programu.<\/p>\n<p>&nbsp;<\/p>\n<p>Sp\u00f4soby zapojenia:<br \/>\nVCC GND pripojen\u00e9 5V nap\u00e1janie, STB CLK DIO pripojen\u00fd mikrokontrol\u00e9r IO port.<\/p>\n<p>Balenie obsahuje:<\/p>\n<p>1 x 8-bitov\u00fd LED 8-bitov\u00fd digit\u00e1lny elektr\u00f3nkov\u00fd 8-bitov\u00fd modul displeja TM1638 pre AVR pre Arduino ARM (bez dupontov\u00e9ho k\u00e1bla)<\/p>\n<p>&nbsp;<\/p>\n<p>Hmotnos\u0165: 28 g<br \/>\nVe\u013ekos\u0165: 75 mm x 48 mm \/ 2,95 &#8220;x 1,89 &#8220;(palca) (pribli\u017ene)<\/p>\n","protected":false},"excerpt":{"rendered":"<p>8-bitov\u00fd LED 8-bitov\u00fd digit\u00e1lny elektr\u00f3nkov\u00fd 8-bitov\u00fd k\u013e\u00fa\u010d TM1638 modul pre AVR ARM STM32 Menovit\u00e9 nap\u00e4tie: DC12V Rozsah nap\u00e4tia: DC7,0 V-13,6&hellip;<\/p>\n","protected":false},"featured_media":829,"template":"","meta":{"_monsterinsights_skip_tracking":false,"_monsterinsights_sitenote_active":false,"_monsterinsights_sitenote_note":"","_monsterinsights_sitenote_category":0},"product_cat":[16,25,17],"product_tag":[],"class_list":{"0":"post-823","1":"product","2":"type-product","3":"status-publish","4":"has-post-thumbnail","6":"product_cat-ard","7":"product_cat-display","8":"product_cat-modul","10":"first","11":"instock","12":"sale","13":"shipping-taxable","14":"purchasable","15":"product-type-simple"},"yoast_head":"<!-- This site is optimized with the Yoast SEO plugin v23.6 - https:\/\/yoast.com\/wordpress\/plugins\/seo\/ -->\n<title>8-Bit LED 8-Bit Digital Tube 8-Bit Key TM1638 module for AVR ARM STM32 - Arduino e-shop<\/title>\n<meta name=\"robots\" content=\"index, follow, max-snippet:-1, max-image-preview:large, max-video-preview:-1\" \/>\n<link rel=\"canonical\" href=\"https:\/\/www.onetimenexttime.sk\/arduino\/index.php\/produkt\/8-bit-led-8-bit-digital-tube-8-bit-key-tm1638-module-for-avr-arm-stm32\/\" \/>\n<meta property=\"og:locale\" content=\"sk_SK\" \/>\n<meta property=\"og:type\" content=\"article\" \/>\n<meta property=\"og:title\" content=\"8-Bit LED 8-Bit Digital Tube 8-Bit Key TM1638 module for AVR ARM STM32 - Arduino e-shop\" \/>\n<meta property=\"og:description\" content=\"8-bitov\u00fd LED 8-bitov\u00fd digit\u00e1lny elektr\u00f3nkov\u00fd 8-bitov\u00fd k\u013e\u00fa\u010d TM1638 modul pre AVR ARM STM32 Menovit\u00e9 nap\u00e4tie: DC12V Rozsah nap\u00e4tia: DC7,0 V-13,6&hellip;\" \/>\n<meta property=\"og:url\" content=\"https:\/\/www.onetimenexttime.sk\/arduino\/index.php\/produkt\/8-bit-led-8-bit-digital-tube-8-bit-key-tm1638-module-for-avr-arm-stm32\/\" \/>\n<meta property=\"og:site_name\" content=\"Arduino e-shop\" \/>\n<meta property=\"article:modified_time\" content=\"2021-10-31T17:23:41+00:00\" \/>\n<meta property=\"og:image\" content=\"https:\/\/www.onetimenexttime.sk\/arduino\/wp-content\/uploads\/2021\/10\/93.jpg\" \/>\n\t<meta property=\"og:image:width\" content=\"501\" \/>\n\t<meta property=\"og:image:height\" content=\"501\" \/>\n\t<meta property=\"og:image:type\" content=\"image\/jpeg\" \/>\n<meta name=\"twitter:card\" content=\"summary_large_image\" \/>\n<meta name=\"twitter:label1\" content=\"Predpokladan\u00fd \u010das \u010d\u00edtania\" \/>\n\t<meta name=\"twitter:data1\" content=\"2 min\u00faty\" \/>\n<script type=\"application\/ld+json\" class=\"yoast-schema-graph\">{\"@context\":\"https:\/\/schema.org\",\"@graph\":[{\"@type\":\"WebPage\",\"@id\":\"https:\/\/www.onetimenexttime.sk\/arduino\/index.php\/produkt\/8-bit-led-8-bit-digital-tube-8-bit-key-tm1638-module-for-avr-arm-stm32\/\",\"url\":\"https:\/\/www.onetimenexttime.sk\/arduino\/index.php\/produkt\/8-bit-led-8-bit-digital-tube-8-bit-key-tm1638-module-for-avr-arm-stm32\/\",\"name\":\"8-Bit LED 8-Bit Digital Tube 8-Bit Key TM1638 module for AVR ARM STM32 - Arduino e-shop\",\"isPartOf\":{\"@id\":\"https:\/\/www.onetimenexttime.sk\/arduino\/#website\"},\"primaryImageOfPage\":{\"@id\":\"https:\/\/www.onetimenexttime.sk\/arduino\/index.php\/produkt\/8-bit-led-8-bit-digital-tube-8-bit-key-tm1638-module-for-avr-arm-stm32\/#primaryimage\"},\"image\":{\"@id\":\"https:\/\/www.onetimenexttime.sk\/arduino\/index.php\/produkt\/8-bit-led-8-bit-digital-tube-8-bit-key-tm1638-module-for-avr-arm-stm32\/#primaryimage\"},\"thumbnailUrl\":\"https:\/\/www.onetimenexttime.sk\/arduino\/wp-content\/uploads\/2021\/10\/93.jpg\",\"datePublished\":\"2021-10-31T16:22:31+00:00\",\"dateModified\":\"2021-10-31T17:23:41+00:00\",\"breadcrumb\":{\"@id\":\"https:\/\/www.onetimenexttime.sk\/arduino\/index.php\/produkt\/8-bit-led-8-bit-digital-tube-8-bit-key-tm1638-module-for-avr-arm-stm32\/#breadcrumb\"},\"inLanguage\":\"sk-SK\",\"potentialAction\":[{\"@type\":\"ReadAction\",\"target\":[\"https:\/\/www.onetimenexttime.sk\/arduino\/index.php\/produkt\/8-bit-led-8-bit-digital-tube-8-bit-key-tm1638-module-for-avr-arm-stm32\/\"]}]},{\"@type\":\"ImageObject\",\"inLanguage\":\"sk-SK\",\"@id\":\"https:\/\/www.onetimenexttime.sk\/arduino\/index.php\/produkt\/8-bit-led-8-bit-digital-tube-8-bit-key-tm1638-module-for-avr-arm-stm32\/#primaryimage\",\"url\":\"https:\/\/www.onetimenexttime.sk\/arduino\/wp-content\/uploads\/2021\/10\/93.jpg\",\"contentUrl\":\"https:\/\/www.onetimenexttime.sk\/arduino\/wp-content\/uploads\/2021\/10\/93.jpg\",\"width\":501,\"height\":501},{\"@type\":\"BreadcrumbList\",\"@id\":\"https:\/\/www.onetimenexttime.sk\/arduino\/index.php\/produkt\/8-bit-led-8-bit-digital-tube-8-bit-key-tm1638-module-for-avr-arm-stm32\/#breadcrumb\",\"itemListElement\":[{\"@type\":\"ListItem\",\"position\":1,\"name\":\"Domov\",\"item\":\"https:\/\/www.onetimenexttime.sk\/arduino\/\"},{\"@type\":\"ListItem\",\"position\":2,\"name\":\"Obchod\",\"item\":\"https:\/\/www.onetimenexttime.sk\/arduino\/\"},{\"@type\":\"ListItem\",\"position\":3,\"name\":\"8-Bit LED 8-Bit Digital Tube 8-Bit Key TM1638 module for AVR ARM STM32\"}]},{\"@type\":\"WebSite\",\"@id\":\"https:\/\/www.onetimenexttime.sk\/arduino\/#website\",\"url\":\"https:\/\/www.onetimenexttime.sk\/arduino\/\",\"name\":\"Arduino e-shop\",\"description\":\"Home Assistant\",\"potentialAction\":[{\"@type\":\"SearchAction\",\"target\":{\"@type\":\"EntryPoint\",\"urlTemplate\":\"https:\/\/www.onetimenexttime.sk\/arduino\/?s={search_term_string}\"},\"query-input\":{\"@type\":\"PropertyValueSpecification\",\"valueRequired\":true,\"valueName\":\"search_term_string\"}}],\"inLanguage\":\"sk-SK\"}]}<\/script>\n<!-- \/ Yoast SEO plugin. -->","yoast_head_json":{"title":"8-Bit LED 8-Bit Digital Tube 8-Bit Key TM1638 module for AVR ARM STM32 - Arduino e-shop","robots":{"index":"index","follow":"follow","max-snippet":"max-snippet:-1","max-image-preview":"max-image-preview:large","max-video-preview":"max-video-preview:-1"},"canonical":"https:\/\/www.onetimenexttime.sk\/arduino\/index.php\/produkt\/8-bit-led-8-bit-digital-tube-8-bit-key-tm1638-module-for-avr-arm-stm32\/","og_locale":"sk_SK","og_type":"article","og_title":"8-Bit LED 8-Bit Digital Tube 8-Bit Key TM1638 module for AVR ARM STM32 - Arduino e-shop","og_description":"8-bitov\u00fd LED 8-bitov\u00fd digit\u00e1lny elektr\u00f3nkov\u00fd 8-bitov\u00fd k\u013e\u00fa\u010d TM1638 modul pre AVR ARM STM32 Menovit\u00e9 nap\u00e4tie: DC12V Rozsah nap\u00e4tia: DC7,0 V-13,6&hellip;","og_url":"https:\/\/www.onetimenexttime.sk\/arduino\/index.php\/produkt\/8-bit-led-8-bit-digital-tube-8-bit-key-tm1638-module-for-avr-arm-stm32\/","og_site_name":"Arduino e-shop","article_modified_time":"2021-10-31T17:23:41+00:00","og_image":[{"width":501,"height":501,"url":"https:\/\/www.onetimenexttime.sk\/arduino\/wp-content\/uploads\/2021\/10\/93.jpg","type":"image\/jpeg"}],"twitter_card":"summary_large_image","twitter_misc":{"Predpokladan\u00fd \u010das \u010d\u00edtania":"2 min\u00faty"},"schema":{"@context":"https:\/\/schema.org","@graph":[{"@type":"WebPage","@id":"https:\/\/www.onetimenexttime.sk\/arduino\/index.php\/produkt\/8-bit-led-8-bit-digital-tube-8-bit-key-tm1638-module-for-avr-arm-stm32\/","url":"https:\/\/www.onetimenexttime.sk\/arduino\/index.php\/produkt\/8-bit-led-8-bit-digital-tube-8-bit-key-tm1638-module-for-avr-arm-stm32\/","name":"8-Bit LED 8-Bit Digital Tube 8-Bit Key TM1638 module for AVR ARM STM32 - Arduino e-shop","isPartOf":{"@id":"https:\/\/www.onetimenexttime.sk\/arduino\/#website"},"primaryImageOfPage":{"@id":"https:\/\/www.onetimenexttime.sk\/arduino\/index.php\/produkt\/8-bit-led-8-bit-digital-tube-8-bit-key-tm1638-module-for-avr-arm-stm32\/#primaryimage"},"image":{"@id":"https:\/\/www.onetimenexttime.sk\/arduino\/index.php\/produkt\/8-bit-led-8-bit-digital-tube-8-bit-key-tm1638-module-for-avr-arm-stm32\/#primaryimage"},"thumbnailUrl":"https:\/\/www.onetimenexttime.sk\/arduino\/wp-content\/uploads\/2021\/10\/93.jpg","datePublished":"2021-10-31T16:22:31+00:00","dateModified":"2021-10-31T17:23:41+00:00","breadcrumb":{"@id":"https:\/\/www.onetimenexttime.sk\/arduino\/index.php\/produkt\/8-bit-led-8-bit-digital-tube-8-bit-key-tm1638-module-for-avr-arm-stm32\/#breadcrumb"},"inLanguage":"sk-SK","potentialAction":[{"@type":"ReadAction","target":["https:\/\/www.onetimenexttime.sk\/arduino\/index.php\/produkt\/8-bit-led-8-bit-digital-tube-8-bit-key-tm1638-module-for-avr-arm-stm32\/"]}]},{"@type":"ImageObject","inLanguage":"sk-SK","@id":"https:\/\/www.onetimenexttime.sk\/arduino\/index.php\/produkt\/8-bit-led-8-bit-digital-tube-8-bit-key-tm1638-module-for-avr-arm-stm32\/#primaryimage","url":"https:\/\/www.onetimenexttime.sk\/arduino\/wp-content\/uploads\/2021\/10\/93.jpg","contentUrl":"https:\/\/www.onetimenexttime.sk\/arduino\/wp-content\/uploads\/2021\/10\/93.jpg","width":501,"height":501},{"@type":"BreadcrumbList","@id":"https:\/\/www.onetimenexttime.sk\/arduino\/index.php\/produkt\/8-bit-led-8-bit-digital-tube-8-bit-key-tm1638-module-for-avr-arm-stm32\/#breadcrumb","itemListElement":[{"@type":"ListItem","position":1,"name":"Domov","item":"https:\/\/www.onetimenexttime.sk\/arduino\/"},{"@type":"ListItem","position":2,"name":"Obchod","item":"https:\/\/www.onetimenexttime.sk\/arduino\/"},{"@type":"ListItem","position":3,"name":"8-Bit LED 8-Bit Digital Tube 8-Bit Key TM1638 module for AVR ARM STM32"}]},{"@type":"WebSite","@id":"https:\/\/www.onetimenexttime.sk\/arduino\/#website","url":"https:\/\/www.onetimenexttime.sk\/arduino\/","name":"Arduino e-shop","description":"Home Assistant","potentialAction":[{"@type":"SearchAction","target":{"@type":"EntryPoint","urlTemplate":"https:\/\/www.onetimenexttime.sk\/arduino\/?s={search_term_string}"},"query-input":{"@type":"PropertyValueSpecification","valueRequired":true,"valueName":"search_term_string"}}],"inLanguage":"sk-SK"}]}},"_links":{"self":[{"href":"https:\/\/www.onetimenexttime.sk\/arduino\/index.php\/wp-json\/wp\/v2\/product\/823"}],"collection":[{"href":"https:\/\/www.onetimenexttime.sk\/arduino\/index.php\/wp-json\/wp\/v2\/product"}],"about":[{"href":"https:\/\/www.onetimenexttime.sk\/arduino\/index.php\/wp-json\/wp\/v2\/types\/product"}],"wp:featuredmedia":[{"embeddable":true,"href":"https:\/\/www.onetimenexttime.sk\/arduino\/index.php\/wp-json\/wp\/v2\/media\/829"}],"wp:attachment":[{"href":"https:\/\/www.onetimenexttime.sk\/arduino\/index.php\/wp-json\/wp\/v2\/media?parent=823"}],"wp:term":[{"taxonomy":"product_cat","embeddable":true,"href":"https:\/\/www.onetimenexttime.sk\/arduino\/index.php\/wp-json\/wp\/v2\/product_cat?post=823"},{"taxonomy":"product_tag","embeddable":true,"href":"https:\/\/www.onetimenexttime.sk\/arduino\/index.php\/wp-json\/wp\/v2\/product_tag?post=823"}],"curies":[{"name":"wp","href":"https:\/\/api.w.org\/{rel}","templated":true}]}}