{"id":822,"date":"2021-10-31T17:21:33","date_gmt":"2021-10-31T16:21:33","guid":{"rendered":"https:\/\/www.onetimenexttime.sk\/arduino\/?post_type=product&#038;p=822"},"modified":"2021-10-31T17:37:40","modified_gmt":"2021-10-31T16:37:40","slug":"ahwvse-starlight-low-illumination-h-264-1080p-cctv-ip-camera-module-board-2-8-12mm-lens-with-lan-cable-cctv-camera","status":"publish","type":"product","link":"https:\/\/www.onetimenexttime.sk\/arduino\/index.php\/produkt\/ahwvse-starlight-low-illumination-h-264-1080p-cctv-ip-camera-module-board-2-8-12mm-lens-with-lan-cable-cctv-camera\/","title":{"rendered":"AHWVSE Starlight Low Illumination H.264 1080P CCTV IP camera module board 2.8-12mm Lens with LAN cable CCTV camera"},"content":{"rendered":"<h2>Infra\u010derven\u00e1\u00a0kamera\u00a0AHWVSE Starlight Low Illumination H.264 1080P CCTV IP kamerov\u00fd modul doska 2,8-12mm Objekt\u00edv s LAN k\u00e1blom CCTV<\/h2>\n<p>&nbsp;<\/p>\n<p>Vysok\u00e9 rozl\u00ed\u0161enie: 1080P (Full-HD)<br \/>\n\u0160peci\u00e1lne vlastnosti: Vodotesn\u00fd \/ odoln\u00fd vo\u010di poveternostn\u00fdm vplyvom<br \/>\nTechnol\u00f3gia: Infra\u010derven\u00e9<br \/>\nAkcia alarmu: Miestny alarm<br \/>\nMinim\u00e1lne osvetlenie (Lux): 60<br \/>\nPodporovan\u00e9 opera\u010dn\u00e9 syst\u00e9my: Windows 8, Windows XP, Windows 7, Windows Vista, Windows 98<br \/>\nSenzor: CMOS<br \/>\n\u0160t\u00fdl: Mini kamera<br \/>\nNap\u00e1janie (V): DC 12V\/2A<br \/>\nN\u00e1zov zna\u010dky: AHWVSE<br \/>\nTyp: IP kamera<br \/>\nSpotreba energie (W): 1,5 W<br \/>\nPripojenie: IP\/dr\u00f4tov\u00e1 sie\u0165<br \/>\nje prisp\u00f4soben\u00fd: \u00c1no<br \/>\n\u010c\u00edslo modelu: 612<br \/>\nObjekt\u00edv (mm): 3,6 mm<br \/>\nPodporovan\u00e9 mobiln\u00e9 syst\u00e9my: Android , OS iPhone<br \/>\nForm\u00e1t kompresie videa: H.264<br \/>\nSie\u0165ov\u00e9 rozhranie: Ethernetov\u00fd slot RJ-45 10\/100 Mb<br \/>\nIR vzdialenos\u0165 (m): 15-25 mil<br \/>\nir viedol: nulov\u00fd<br \/>\npozorovac\u00ed uhol (stupe\u0148): 60<\/p>\n<p>Starlight IP 1080P =\u00a0 1080P\u00a0IP kamerov\u00fd modul<\/p>\n","protected":false},"excerpt":{"rendered":"<p>Infra\u010derven\u00e1\u00a0kamera\u00a0AHWVSE Starlight Low Illumination H.264 1080P CCTV IP kamerov\u00fd modul doska 2,8-12mm Objekt\u00edv s LAN k\u00e1blom CCTV &nbsp; Vysok\u00e9 rozl\u00ed\u0161enie:&hellip;<\/p>\n","protected":false},"featured_media":828,"template":"","meta":{"_monsterinsights_skip_tracking":false,"_monsterinsights_sitenote_active":false,"_monsterinsights_sitenote_note":"","_monsterinsights_sitenote_category":0},"product_cat":[15,16,27,28,17,42],"product_tag":[],"class_list":{"0":"post-822","1":"product","2":"type-product","3":"status-publish","4":"has-post-thumbnail","6":"product_cat-nd","7":"product_cat-ard","8":"product_cat-kamera","9":"product_cat-kamera-modul","10":"product_cat-modul","11":"product_cat-smart","13":"first","14":"instock","15":"sale","16":"shipping-taxable","17":"purchasable","18":"product-type-simple"},"yoast_head":"<!-- This site is optimized with the Yoast SEO plugin v23.6 - https:\/\/yoast.com\/wordpress\/plugins\/seo\/ -->\n<title>AHWVSE Starlight Low Illumination H.264 1080P CCTV IP camera module board 2.8-12mm Lens with LAN cable CCTV camera - Arduino e-shop<\/title>\n<meta name=\"robots\" content=\"index, follow, max-snippet:-1, max-image-preview:large, max-video-preview:-1\" \/>\n<link rel=\"canonical\" href=\"https:\/\/www.onetimenexttime.sk\/arduino\/index.php\/produkt\/ahwvse-starlight-low-illumination-h-264-1080p-cctv-ip-camera-module-board-2-8-12mm-lens-with-lan-cable-cctv-camera\/\" \/>\n<meta property=\"og:locale\" content=\"sk_SK\" \/>\n<meta property=\"og:type\" content=\"article\" \/>\n<meta property=\"og:title\" content=\"AHWVSE Starlight Low Illumination H.264 1080P CCTV IP camera module board 2.8-12mm Lens with LAN cable CCTV camera - Arduino e-shop\" \/>\n<meta property=\"og:description\" content=\"Infra\u010derven\u00e1\u00a0kamera\u00a0AHWVSE Starlight Low Illumination H.264 1080P CCTV IP kamerov\u00fd modul doska 2,8-12mm Objekt\u00edv s LAN k\u00e1blom CCTV &nbsp; Vysok\u00e9 rozl\u00ed\u0161enie:&hellip;\" \/>\n<meta property=\"og:url\" content=\"https:\/\/www.onetimenexttime.sk\/arduino\/index.php\/produkt\/ahwvse-starlight-low-illumination-h-264-1080p-cctv-ip-camera-module-board-2-8-12mm-lens-with-lan-cable-cctv-camera\/\" \/>\n<meta property=\"og:site_name\" content=\"Arduino e-shop\" \/>\n<meta property=\"article:modified_time\" content=\"2021-10-31T16:37:40+00:00\" \/>\n<meta property=\"og:image\" content=\"https:\/\/www.onetimenexttime.sk\/arduino\/wp-content\/uploads\/2021\/10\/94.jpg\" \/>\n\t<meta property=\"og:image:width\" content=\"501\" \/>\n\t<meta property=\"og:image:height\" content=\"500\" \/>\n\t<meta property=\"og:image:type\" content=\"image\/jpeg\" \/>\n<meta name=\"twitter:card\" content=\"summary_large_image\" \/>\n<meta name=\"twitter:label1\" content=\"Predpokladan\u00fd \u010das \u010d\u00edtania\" \/>\n\t<meta name=\"twitter:data1\" content=\"1 min\u00fata\" \/>\n<script type=\"application\/ld+json\" class=\"yoast-schema-graph\">{\"@context\":\"https:\/\/schema.org\",\"@graph\":[{\"@type\":\"WebPage\",\"@id\":\"https:\/\/www.onetimenexttime.sk\/arduino\/index.php\/produkt\/ahwvse-starlight-low-illumination-h-264-1080p-cctv-ip-camera-module-board-2-8-12mm-lens-with-lan-cable-cctv-camera\/\",\"url\":\"https:\/\/www.onetimenexttime.sk\/arduino\/index.php\/produkt\/ahwvse-starlight-low-illumination-h-264-1080p-cctv-ip-camera-module-board-2-8-12mm-lens-with-lan-cable-cctv-camera\/\",\"name\":\"AHWVSE Starlight Low Illumination H.264 1080P CCTV IP camera module board 2.8-12mm Lens with LAN cable CCTV camera - Arduino e-shop\",\"isPartOf\":{\"@id\":\"https:\/\/www.onetimenexttime.sk\/arduino\/#website\"},\"primaryImageOfPage\":{\"@id\":\"https:\/\/www.onetimenexttime.sk\/arduino\/index.php\/produkt\/ahwvse-starlight-low-illumination-h-264-1080p-cctv-ip-camera-module-board-2-8-12mm-lens-with-lan-cable-cctv-camera\/#primaryimage\"},\"image\":{\"@id\":\"https:\/\/www.onetimenexttime.sk\/arduino\/index.php\/produkt\/ahwvse-starlight-low-illumination-h-264-1080p-cctv-ip-camera-module-board-2-8-12mm-lens-with-lan-cable-cctv-camera\/#primaryimage\"},\"thumbnailUrl\":\"https:\/\/www.onetimenexttime.sk\/arduino\/wp-content\/uploads\/2021\/10\/94.jpg\",\"datePublished\":\"2021-10-31T16:21:33+00:00\",\"dateModified\":\"2021-10-31T16:37:40+00:00\",\"breadcrumb\":{\"@id\":\"https:\/\/www.onetimenexttime.sk\/arduino\/index.php\/produkt\/ahwvse-starlight-low-illumination-h-264-1080p-cctv-ip-camera-module-board-2-8-12mm-lens-with-lan-cable-cctv-camera\/#breadcrumb\"},\"inLanguage\":\"sk-SK\",\"potentialAction\":[{\"@type\":\"ReadAction\",\"target\":[\"https:\/\/www.onetimenexttime.sk\/arduino\/index.php\/produkt\/ahwvse-starlight-low-illumination-h-264-1080p-cctv-ip-camera-module-board-2-8-12mm-lens-with-lan-cable-cctv-camera\/\"]}]},{\"@type\":\"ImageObject\",\"inLanguage\":\"sk-SK\",\"@id\":\"https:\/\/www.onetimenexttime.sk\/arduino\/index.php\/produkt\/ahwvse-starlight-low-illumination-h-264-1080p-cctv-ip-camera-module-board-2-8-12mm-lens-with-lan-cable-cctv-camera\/#primaryimage\",\"url\":\"https:\/\/www.onetimenexttime.sk\/arduino\/wp-content\/uploads\/2021\/10\/94.jpg\",\"contentUrl\":\"https:\/\/www.onetimenexttime.sk\/arduino\/wp-content\/uploads\/2021\/10\/94.jpg\",\"width\":501,\"height\":500},{\"@type\":\"BreadcrumbList\",\"@id\":\"https:\/\/www.onetimenexttime.sk\/arduino\/index.php\/produkt\/ahwvse-starlight-low-illumination-h-264-1080p-cctv-ip-camera-module-board-2-8-12mm-lens-with-lan-cable-cctv-camera\/#breadcrumb\",\"itemListElement\":[{\"@type\":\"ListItem\",\"position\":1,\"name\":\"Domov\",\"item\":\"https:\/\/www.onetimenexttime.sk\/arduino\/\"},{\"@type\":\"ListItem\",\"position\":2,\"name\":\"Obchod\",\"item\":\"https:\/\/www.onetimenexttime.sk\/arduino\/\"},{\"@type\":\"ListItem\",\"position\":3,\"name\":\"AHWVSE Starlight Low Illumination H.264 1080P CCTV IP camera module board 2.8-12mm Lens with LAN cable CCTV camera\"}]},{\"@type\":\"WebSite\",\"@id\":\"https:\/\/www.onetimenexttime.sk\/arduino\/#website\",\"url\":\"https:\/\/www.onetimenexttime.sk\/arduino\/\",\"name\":\"Arduino e-shop\",\"description\":\"Home Assistant\",\"potentialAction\":[{\"@type\":\"SearchAction\",\"target\":{\"@type\":\"EntryPoint\",\"urlTemplate\":\"https:\/\/www.onetimenexttime.sk\/arduino\/?s={search_term_string}\"},\"query-input\":{\"@type\":\"PropertyValueSpecification\",\"valueRequired\":true,\"valueName\":\"search_term_string\"}}],\"inLanguage\":\"sk-SK\"}]}<\/script>\n<!-- \/ Yoast SEO plugin. -->","yoast_head_json":{"title":"AHWVSE Starlight Low Illumination H.264 1080P CCTV IP camera module board 2.8-12mm Lens with LAN cable CCTV camera - Arduino e-shop","robots":{"index":"index","follow":"follow","max-snippet":"max-snippet:-1","max-image-preview":"max-image-preview:large","max-video-preview":"max-video-preview:-1"},"canonical":"https:\/\/www.onetimenexttime.sk\/arduino\/index.php\/produkt\/ahwvse-starlight-low-illumination-h-264-1080p-cctv-ip-camera-module-board-2-8-12mm-lens-with-lan-cable-cctv-camera\/","og_locale":"sk_SK","og_type":"article","og_title":"AHWVSE Starlight Low Illumination H.264 1080P CCTV IP camera module board 2.8-12mm Lens with LAN cable CCTV camera - Arduino e-shop","og_description":"Infra\u010derven\u00e1\u00a0kamera\u00a0AHWVSE Starlight Low Illumination H.264 1080P CCTV IP kamerov\u00fd modul doska 2,8-12mm Objekt\u00edv s LAN k\u00e1blom CCTV &nbsp; Vysok\u00e9 rozl\u00ed\u0161enie:&hellip;","og_url":"https:\/\/www.onetimenexttime.sk\/arduino\/index.php\/produkt\/ahwvse-starlight-low-illumination-h-264-1080p-cctv-ip-camera-module-board-2-8-12mm-lens-with-lan-cable-cctv-camera\/","og_site_name":"Arduino e-shop","article_modified_time":"2021-10-31T16:37:40+00:00","og_image":[{"width":501,"height":500,"url":"https:\/\/www.onetimenexttime.sk\/arduino\/wp-content\/uploads\/2021\/10\/94.jpg","type":"image\/jpeg"}],"twitter_card":"summary_large_image","twitter_misc":{"Predpokladan\u00fd \u010das \u010d\u00edtania":"1 min\u00fata"},"schema":{"@context":"https:\/\/schema.org","@graph":[{"@type":"WebPage","@id":"https:\/\/www.onetimenexttime.sk\/arduino\/index.php\/produkt\/ahwvse-starlight-low-illumination-h-264-1080p-cctv-ip-camera-module-board-2-8-12mm-lens-with-lan-cable-cctv-camera\/","url":"https:\/\/www.onetimenexttime.sk\/arduino\/index.php\/produkt\/ahwvse-starlight-low-illumination-h-264-1080p-cctv-ip-camera-module-board-2-8-12mm-lens-with-lan-cable-cctv-camera\/","name":"AHWVSE Starlight Low Illumination H.264 1080P CCTV IP camera module board 2.8-12mm Lens with LAN cable CCTV camera - Arduino e-shop","isPartOf":{"@id":"https:\/\/www.onetimenexttime.sk\/arduino\/#website"},"primaryImageOfPage":{"@id":"https:\/\/www.onetimenexttime.sk\/arduino\/index.php\/produkt\/ahwvse-starlight-low-illumination-h-264-1080p-cctv-ip-camera-module-board-2-8-12mm-lens-with-lan-cable-cctv-camera\/#primaryimage"},"image":{"@id":"https:\/\/www.onetimenexttime.sk\/arduino\/index.php\/produkt\/ahwvse-starlight-low-illumination-h-264-1080p-cctv-ip-camera-module-board-2-8-12mm-lens-with-lan-cable-cctv-camera\/#primaryimage"},"thumbnailUrl":"https:\/\/www.onetimenexttime.sk\/arduino\/wp-content\/uploads\/2021\/10\/94.jpg","datePublished":"2021-10-31T16:21:33+00:00","dateModified":"2021-10-31T16:37:40+00:00","breadcrumb":{"@id":"https:\/\/www.onetimenexttime.sk\/arduino\/index.php\/produkt\/ahwvse-starlight-low-illumination-h-264-1080p-cctv-ip-camera-module-board-2-8-12mm-lens-with-lan-cable-cctv-camera\/#breadcrumb"},"inLanguage":"sk-SK","potentialAction":[{"@type":"ReadAction","target":["https:\/\/www.onetimenexttime.sk\/arduino\/index.php\/produkt\/ahwvse-starlight-low-illumination-h-264-1080p-cctv-ip-camera-module-board-2-8-12mm-lens-with-lan-cable-cctv-camera\/"]}]},{"@type":"ImageObject","inLanguage":"sk-SK","@id":"https:\/\/www.onetimenexttime.sk\/arduino\/index.php\/produkt\/ahwvse-starlight-low-illumination-h-264-1080p-cctv-ip-camera-module-board-2-8-12mm-lens-with-lan-cable-cctv-camera\/#primaryimage","url":"https:\/\/www.onetimenexttime.sk\/arduino\/wp-content\/uploads\/2021\/10\/94.jpg","contentUrl":"https:\/\/www.onetimenexttime.sk\/arduino\/wp-content\/uploads\/2021\/10\/94.jpg","width":501,"height":500},{"@type":"BreadcrumbList","@id":"https:\/\/www.onetimenexttime.sk\/arduino\/index.php\/produkt\/ahwvse-starlight-low-illumination-h-264-1080p-cctv-ip-camera-module-board-2-8-12mm-lens-with-lan-cable-cctv-camera\/#breadcrumb","itemListElement":[{"@type":"ListItem","position":1,"name":"Domov","item":"https:\/\/www.onetimenexttime.sk\/arduino\/"},{"@type":"ListItem","position":2,"name":"Obchod","item":"https:\/\/www.onetimenexttime.sk\/arduino\/"},{"@type":"ListItem","position":3,"name":"AHWVSE Starlight Low Illumination H.264 1080P CCTV IP camera module board 2.8-12mm Lens with LAN cable CCTV camera"}]},{"@type":"WebSite","@id":"https:\/\/www.onetimenexttime.sk\/arduino\/#website","url":"https:\/\/www.onetimenexttime.sk\/arduino\/","name":"Arduino e-shop","description":"Home Assistant","potentialAction":[{"@type":"SearchAction","target":{"@type":"EntryPoint","urlTemplate":"https:\/\/www.onetimenexttime.sk\/arduino\/?s={search_term_string}"},"query-input":{"@type":"PropertyValueSpecification","valueRequired":true,"valueName":"search_term_string"}}],"inLanguage":"sk-SK"}]}},"_links":{"self":[{"href":"https:\/\/www.onetimenexttime.sk\/arduino\/index.php\/wp-json\/wp\/v2\/product\/822"}],"collection":[{"href":"https:\/\/www.onetimenexttime.sk\/arduino\/index.php\/wp-json\/wp\/v2\/product"}],"about":[{"href":"https:\/\/www.onetimenexttime.sk\/arduino\/index.php\/wp-json\/wp\/v2\/types\/product"}],"wp:featuredmedia":[{"embeddable":true,"href":"https:\/\/www.onetimenexttime.sk\/arduino\/index.php\/wp-json\/wp\/v2\/media\/828"}],"wp:attachment":[{"href":"https:\/\/www.onetimenexttime.sk\/arduino\/index.php\/wp-json\/wp\/v2\/media?parent=822"}],"wp:term":[{"taxonomy":"product_cat","embeddable":true,"href":"https:\/\/www.onetimenexttime.sk\/arduino\/index.php\/wp-json\/wp\/v2\/product_cat?post=822"},{"taxonomy":"product_tag","embeddable":true,"href":"https:\/\/www.onetimenexttime.sk\/arduino\/index.php\/wp-json\/wp\/v2\/product_tag?post=822"}],"curies":[{"name":"wp","href":"https:\/\/api.w.org\/{rel}","templated":true}]}}