{"id":817,"date":"2021-10-31T17:12:40","date_gmt":"2021-10-31T16:12:40","guid":{"rendered":"https:\/\/www.onetimenexttime.sk\/arduino\/?post_type=product&#038;p=817"},"modified":"2021-10-31T17:17:43","modified_gmt":"2021-10-31T16:17:43","slug":"hdmi-to-vga-adapter-male-to-famale-converter-adapter-1080p-digital-to-analog-video-audio-for-pc-laptop-tablet","status":"publish","type":"product","link":"https:\/\/www.onetimenexttime.sk\/arduino\/index.php\/produkt\/hdmi-to-vga-adapter-male-to-famale-converter-adapter-1080p-digital-to-analog-video-audio-for-pc-laptop-tablet\/","title":{"rendered":"HDMI to VGA Adapter Male To Famale Converter Adapter 1080P Digital to Analog Video Audio For PC Laptop Tablet"},"content":{"rendered":"<h2>Adapt\u00e9r HDMI na VGA Konvertorov\u00fd adapt\u00e9r mu\u017esk\u00e9ho a \u017eensk\u00e9ho pohlavia 1080P z digit\u00e1lneho na anal\u00f3gov\u00e9 video audio pre PC Laptop Tablet<\/h2>\n<p>Adapt\u00e9r HDMI verzus VGA mu\u017e verzus \u017eena, konvertor Audio video numerick\u00fd verzus anal\u00f3gov\u00fd 1080P HD pre PC, tablet<\/p>\n<p>Adapt\u00e9r HDMI verzus VGA vysokokvalitn\u00fd 1080P audio video numerick\u00fd verzus anal\u00f3gov\u00fd prenosn\u00fd po\u010d\u00edta\u010dov\u00fd tablet<\/p>\n<p>Rozmer chvosta: 4,5 cm * 4,5 cm * 1,5 cm<br \/>\nZadn\u00e1 strana: 2,8 cm * 2,0 cm * 1,0 cm<br \/>\nCelkov\u00e1 d\u013a\u017eka produktu: 26 cm<\/p>\n<p>Princ\u00edp vyu\u017eitia pre zariadenia s rozhran\u00edm HDKI pre pripojenie k perif\u00e9rii rozhrania VGA<br \/>\nPozn\u00e1mka: Jednosmern\u00e1 konverzia HDMI verzus VGA je spoplatnen\u00e1 a VGA verzus HDMI nie je spoplatnen\u00e1.<br \/>\n\u2765 Cena za prevod numerick\u00e9ho sign\u00e1lu a anal\u00f3gov\u00e9ho sign\u00e1lu<br \/>\n\u25b7Plug and play, r\u00fdchle pou\u017e\u00edvanie, jednoduch\u00e9 pou\u017e\u00edvanie, pas besoin de r\u00e9gler<br \/>\n\u25cf Puce de conversion int\u00e9gr\u00e9e, prize en charge de l&#8217;\u00e9change \u00e0 chaud.<br \/>\nAnalogick\u00e9 numerick\u00e9 konverzie v svete, vide\u00e1 s vysok\u00fdm rozl\u00ed\u0161en\u00edm HDMI haute vitesse peuvent \u00eatre convertis en signaux analogiques, permettant aux \u00e9crans ordinaires de resentir le frisson\u00e9ofinite d&#8217;une<br \/>\nPou\u017e\u00edva sa po\u010det konverzi\u00ed, konvertuje jedine\u010dn\u00fd sign\u00e1l HDMI a sign\u00e1l VGA, s\u00fabor procesu konverzie, ktor\u00fd nie je vylep\u0161en\u00fd alebo zosil\u0148uje sign\u00e1l a v\u00fdstup HDMI podporuje len 1080P, vstup a v\u00fdstup a v\u00fdstup s\u00fa\u010det zodpoved\u00e1.<\/p>\n","protected":false},"excerpt":{"rendered":"<p>Adapt\u00e9r HDMI na VGA Konvertorov\u00fd adapt\u00e9r mu\u017esk\u00e9ho a \u017eensk\u00e9ho pohlavia 1080P z digit\u00e1lneho na anal\u00f3gov\u00e9 video audio pre PC Laptop&hellip;<\/p>\n","protected":false},"featured_media":818,"template":"","meta":{"_monsterinsights_skip_tracking":false,"_monsterinsights_sitenote_active":false,"_monsterinsights_sitenote_note":"","_monsterinsights_sitenote_category":0},"product_cat":[36,41],"product_tag":[],"class_list":{"0":"post-817","1":"product","2":"type-product","3":"status-publish","4":"has-post-thumbnail","6":"product_cat-tv","7":"product_cat-tv-2","9":"first","10":"instock","11":"shipping-taxable","12":"purchasable","13":"product-type-simple"},"yoast_head":"<!-- This site is optimized with the Yoast SEO plugin v23.6 - https:\/\/yoast.com\/wordpress\/plugins\/seo\/ -->\n<title>HDMI to VGA Adapter Male To Famale Converter Adapter 1080P Digital to Analog Video Audio For PC Laptop Tablet - Arduino e-shop<\/title>\n<meta name=\"robots\" content=\"index, follow, max-snippet:-1, max-image-preview:large, max-video-preview:-1\" \/>\n<link rel=\"canonical\" href=\"https:\/\/www.onetimenexttime.sk\/arduino\/index.php\/produkt\/hdmi-to-vga-adapter-male-to-famale-converter-adapter-1080p-digital-to-analog-video-audio-for-pc-laptop-tablet\/\" \/>\n<meta property=\"og:locale\" content=\"sk_SK\" \/>\n<meta property=\"og:type\" content=\"article\" \/>\n<meta property=\"og:title\" content=\"HDMI to VGA Adapter Male To Famale Converter Adapter 1080P Digital to Analog Video Audio For PC Laptop Tablet - Arduino e-shop\" \/>\n<meta property=\"og:description\" content=\"Adapt\u00e9r HDMI na VGA Konvertorov\u00fd adapt\u00e9r mu\u017esk\u00e9ho a \u017eensk\u00e9ho pohlavia 1080P z digit\u00e1lneho na anal\u00f3gov\u00e9 video audio pre PC Laptop&hellip;\" \/>\n<meta property=\"og:url\" content=\"https:\/\/www.onetimenexttime.sk\/arduino\/index.php\/produkt\/hdmi-to-vga-adapter-male-to-famale-converter-adapter-1080p-digital-to-analog-video-audio-for-pc-laptop-tablet\/\" \/>\n<meta property=\"og:site_name\" content=\"Arduino e-shop\" \/>\n<meta property=\"article:modified_time\" content=\"2021-10-31T16:17:43+00:00\" \/>\n<meta property=\"og:image\" content=\"https:\/\/www.onetimenexttime.sk\/arduino\/wp-content\/uploads\/2021\/10\/95-1.jpg\" \/>\n\t<meta property=\"og:image:width\" content=\"501\" \/>\n\t<meta property=\"og:image:height\" content=\"500\" \/>\n\t<meta property=\"og:image:type\" content=\"image\/jpeg\" \/>\n<meta name=\"twitter:card\" content=\"summary_large_image\" \/>\n<meta name=\"twitter:label1\" content=\"Predpokladan\u00fd \u010das \u010d\u00edtania\" \/>\n\t<meta name=\"twitter:data1\" content=\"1 min\u00fata\" \/>\n<script type=\"application\/ld+json\" class=\"yoast-schema-graph\">{\"@context\":\"https:\/\/schema.org\",\"@graph\":[{\"@type\":\"WebPage\",\"@id\":\"https:\/\/www.onetimenexttime.sk\/arduino\/index.php\/produkt\/hdmi-to-vga-adapter-male-to-famale-converter-adapter-1080p-digital-to-analog-video-audio-for-pc-laptop-tablet\/\",\"url\":\"https:\/\/www.onetimenexttime.sk\/arduino\/index.php\/produkt\/hdmi-to-vga-adapter-male-to-famale-converter-adapter-1080p-digital-to-analog-video-audio-for-pc-laptop-tablet\/\",\"name\":\"HDMI to VGA Adapter Male To Famale Converter Adapter 1080P Digital to Analog Video Audio For PC Laptop Tablet - Arduino e-shop\",\"isPartOf\":{\"@id\":\"https:\/\/www.onetimenexttime.sk\/arduino\/#website\"},\"primaryImageOfPage\":{\"@id\":\"https:\/\/www.onetimenexttime.sk\/arduino\/index.php\/produkt\/hdmi-to-vga-adapter-male-to-famale-converter-adapter-1080p-digital-to-analog-video-audio-for-pc-laptop-tablet\/#primaryimage\"},\"image\":{\"@id\":\"https:\/\/www.onetimenexttime.sk\/arduino\/index.php\/produkt\/hdmi-to-vga-adapter-male-to-famale-converter-adapter-1080p-digital-to-analog-video-audio-for-pc-laptop-tablet\/#primaryimage\"},\"thumbnailUrl\":\"https:\/\/www.onetimenexttime.sk\/arduino\/wp-content\/uploads\/2021\/10\/95-1.jpg\",\"datePublished\":\"2021-10-31T16:12:40+00:00\",\"dateModified\":\"2021-10-31T16:17:43+00:00\",\"breadcrumb\":{\"@id\":\"https:\/\/www.onetimenexttime.sk\/arduino\/index.php\/produkt\/hdmi-to-vga-adapter-male-to-famale-converter-adapter-1080p-digital-to-analog-video-audio-for-pc-laptop-tablet\/#breadcrumb\"},\"inLanguage\":\"sk-SK\",\"potentialAction\":[{\"@type\":\"ReadAction\",\"target\":[\"https:\/\/www.onetimenexttime.sk\/arduino\/index.php\/produkt\/hdmi-to-vga-adapter-male-to-famale-converter-adapter-1080p-digital-to-analog-video-audio-for-pc-laptop-tablet\/\"]}]},{\"@type\":\"ImageObject\",\"inLanguage\":\"sk-SK\",\"@id\":\"https:\/\/www.onetimenexttime.sk\/arduino\/index.php\/produkt\/hdmi-to-vga-adapter-male-to-famale-converter-adapter-1080p-digital-to-analog-video-audio-for-pc-laptop-tablet\/#primaryimage\",\"url\":\"https:\/\/www.onetimenexttime.sk\/arduino\/wp-content\/uploads\/2021\/10\/95-1.jpg\",\"contentUrl\":\"https:\/\/www.onetimenexttime.sk\/arduino\/wp-content\/uploads\/2021\/10\/95-1.jpg\",\"width\":501,\"height\":500},{\"@type\":\"BreadcrumbList\",\"@id\":\"https:\/\/www.onetimenexttime.sk\/arduino\/index.php\/produkt\/hdmi-to-vga-adapter-male-to-famale-converter-adapter-1080p-digital-to-analog-video-audio-for-pc-laptop-tablet\/#breadcrumb\",\"itemListElement\":[{\"@type\":\"ListItem\",\"position\":1,\"name\":\"Domov\",\"item\":\"https:\/\/www.onetimenexttime.sk\/arduino\/\"},{\"@type\":\"ListItem\",\"position\":2,\"name\":\"Obchod\",\"item\":\"https:\/\/www.onetimenexttime.sk\/arduino\/\"},{\"@type\":\"ListItem\",\"position\":3,\"name\":\"HDMI to VGA Adapter Male To Famale Converter Adapter 1080P Digital to Analog Video Audio For PC Laptop Tablet\"}]},{\"@type\":\"WebSite\",\"@id\":\"https:\/\/www.onetimenexttime.sk\/arduino\/#website\",\"url\":\"https:\/\/www.onetimenexttime.sk\/arduino\/\",\"name\":\"Arduino e-shop\",\"description\":\"Home Assistant\",\"potentialAction\":[{\"@type\":\"SearchAction\",\"target\":{\"@type\":\"EntryPoint\",\"urlTemplate\":\"https:\/\/www.onetimenexttime.sk\/arduino\/?s={search_term_string}\"},\"query-input\":{\"@type\":\"PropertyValueSpecification\",\"valueRequired\":true,\"valueName\":\"search_term_string\"}}],\"inLanguage\":\"sk-SK\"}]}<\/script>\n<!-- \/ Yoast SEO plugin. -->","yoast_head_json":{"title":"HDMI to VGA Adapter Male To Famale Converter Adapter 1080P Digital to Analog Video Audio For PC Laptop Tablet - Arduino e-shop","robots":{"index":"index","follow":"follow","max-snippet":"max-snippet:-1","max-image-preview":"max-image-preview:large","max-video-preview":"max-video-preview:-1"},"canonical":"https:\/\/www.onetimenexttime.sk\/arduino\/index.php\/produkt\/hdmi-to-vga-adapter-male-to-famale-converter-adapter-1080p-digital-to-analog-video-audio-for-pc-laptop-tablet\/","og_locale":"sk_SK","og_type":"article","og_title":"HDMI to VGA Adapter Male To Famale Converter Adapter 1080P Digital to Analog Video Audio For PC Laptop Tablet - Arduino e-shop","og_description":"Adapt\u00e9r HDMI na VGA Konvertorov\u00fd adapt\u00e9r mu\u017esk\u00e9ho a \u017eensk\u00e9ho pohlavia 1080P z digit\u00e1lneho na anal\u00f3gov\u00e9 video audio pre PC Laptop&hellip;","og_url":"https:\/\/www.onetimenexttime.sk\/arduino\/index.php\/produkt\/hdmi-to-vga-adapter-male-to-famale-converter-adapter-1080p-digital-to-analog-video-audio-for-pc-laptop-tablet\/","og_site_name":"Arduino e-shop","article_modified_time":"2021-10-31T16:17:43+00:00","og_image":[{"width":501,"height":500,"url":"https:\/\/www.onetimenexttime.sk\/arduino\/wp-content\/uploads\/2021\/10\/95-1.jpg","type":"image\/jpeg"}],"twitter_card":"summary_large_image","twitter_misc":{"Predpokladan\u00fd \u010das \u010d\u00edtania":"1 min\u00fata"},"schema":{"@context":"https:\/\/schema.org","@graph":[{"@type":"WebPage","@id":"https:\/\/www.onetimenexttime.sk\/arduino\/index.php\/produkt\/hdmi-to-vga-adapter-male-to-famale-converter-adapter-1080p-digital-to-analog-video-audio-for-pc-laptop-tablet\/","url":"https:\/\/www.onetimenexttime.sk\/arduino\/index.php\/produkt\/hdmi-to-vga-adapter-male-to-famale-converter-adapter-1080p-digital-to-analog-video-audio-for-pc-laptop-tablet\/","name":"HDMI to VGA Adapter Male To Famale Converter Adapter 1080P Digital to Analog Video Audio For PC Laptop Tablet - Arduino e-shop","isPartOf":{"@id":"https:\/\/www.onetimenexttime.sk\/arduino\/#website"},"primaryImageOfPage":{"@id":"https:\/\/www.onetimenexttime.sk\/arduino\/index.php\/produkt\/hdmi-to-vga-adapter-male-to-famale-converter-adapter-1080p-digital-to-analog-video-audio-for-pc-laptop-tablet\/#primaryimage"},"image":{"@id":"https:\/\/www.onetimenexttime.sk\/arduino\/index.php\/produkt\/hdmi-to-vga-adapter-male-to-famale-converter-adapter-1080p-digital-to-analog-video-audio-for-pc-laptop-tablet\/#primaryimage"},"thumbnailUrl":"https:\/\/www.onetimenexttime.sk\/arduino\/wp-content\/uploads\/2021\/10\/95-1.jpg","datePublished":"2021-10-31T16:12:40+00:00","dateModified":"2021-10-31T16:17:43+00:00","breadcrumb":{"@id":"https:\/\/www.onetimenexttime.sk\/arduino\/index.php\/produkt\/hdmi-to-vga-adapter-male-to-famale-converter-adapter-1080p-digital-to-analog-video-audio-for-pc-laptop-tablet\/#breadcrumb"},"inLanguage":"sk-SK","potentialAction":[{"@type":"ReadAction","target":["https:\/\/www.onetimenexttime.sk\/arduino\/index.php\/produkt\/hdmi-to-vga-adapter-male-to-famale-converter-adapter-1080p-digital-to-analog-video-audio-for-pc-laptop-tablet\/"]}]},{"@type":"ImageObject","inLanguage":"sk-SK","@id":"https:\/\/www.onetimenexttime.sk\/arduino\/index.php\/produkt\/hdmi-to-vga-adapter-male-to-famale-converter-adapter-1080p-digital-to-analog-video-audio-for-pc-laptop-tablet\/#primaryimage","url":"https:\/\/www.onetimenexttime.sk\/arduino\/wp-content\/uploads\/2021\/10\/95-1.jpg","contentUrl":"https:\/\/www.onetimenexttime.sk\/arduino\/wp-content\/uploads\/2021\/10\/95-1.jpg","width":501,"height":500},{"@type":"BreadcrumbList","@id":"https:\/\/www.onetimenexttime.sk\/arduino\/index.php\/produkt\/hdmi-to-vga-adapter-male-to-famale-converter-adapter-1080p-digital-to-analog-video-audio-for-pc-laptop-tablet\/#breadcrumb","itemListElement":[{"@type":"ListItem","position":1,"name":"Domov","item":"https:\/\/www.onetimenexttime.sk\/arduino\/"},{"@type":"ListItem","position":2,"name":"Obchod","item":"https:\/\/www.onetimenexttime.sk\/arduino\/"},{"@type":"ListItem","position":3,"name":"HDMI to VGA Adapter Male To Famale Converter Adapter 1080P Digital to Analog Video Audio For PC Laptop Tablet"}]},{"@type":"WebSite","@id":"https:\/\/www.onetimenexttime.sk\/arduino\/#website","url":"https:\/\/www.onetimenexttime.sk\/arduino\/","name":"Arduino e-shop","description":"Home Assistant","potentialAction":[{"@type":"SearchAction","target":{"@type":"EntryPoint","urlTemplate":"https:\/\/www.onetimenexttime.sk\/arduino\/?s={search_term_string}"},"query-input":{"@type":"PropertyValueSpecification","valueRequired":true,"valueName":"search_term_string"}}],"inLanguage":"sk-SK"}]}},"_links":{"self":[{"href":"https:\/\/www.onetimenexttime.sk\/arduino\/index.php\/wp-json\/wp\/v2\/product\/817"}],"collection":[{"href":"https:\/\/www.onetimenexttime.sk\/arduino\/index.php\/wp-json\/wp\/v2\/product"}],"about":[{"href":"https:\/\/www.onetimenexttime.sk\/arduino\/index.php\/wp-json\/wp\/v2\/types\/product"}],"wp:featuredmedia":[{"embeddable":true,"href":"https:\/\/www.onetimenexttime.sk\/arduino\/index.php\/wp-json\/wp\/v2\/media\/818"}],"wp:attachment":[{"href":"https:\/\/www.onetimenexttime.sk\/arduino\/index.php\/wp-json\/wp\/v2\/media?parent=817"}],"wp:term":[{"taxonomy":"product_cat","embeddable":true,"href":"https:\/\/www.onetimenexttime.sk\/arduino\/index.php\/wp-json\/wp\/v2\/product_cat?post=817"},{"taxonomy":"product_tag","embeddable":true,"href":"https:\/\/www.onetimenexttime.sk\/arduino\/index.php\/wp-json\/wp\/v2\/product_tag?post=817"}],"curies":[{"name":"wp","href":"https:\/\/api.w.org\/{rel}","templated":true}]}}