{"id":806,"date":"2021-10-31T17:05:07","date_gmt":"2021-10-31T16:05:07","guid":{"rendered":"https:\/\/www.onetimenexttime.sk\/arduino\/?post_type=product&#038;p=806"},"modified":"2021-10-31T20:23:53","modified_gmt":"2021-10-31T19:23:53","slug":"edup-ralink-rt3070l-usb-wi-fi-adapter-802-11n-high-gain-wifi-antenna-high-power-long-distance-wifi-receiver-usb-ethernet-adapter","status":"publish","type":"product","link":"https:\/\/www.onetimenexttime.sk\/arduino\/index.php\/produkt\/edup-ralink-rt3070l-usb-wi-fi-adapter-802-11n-high-gain-wifi-antenna-high-power-long-distance-wifi-receiver-usb-ethernet-adapter\/","title":{"rendered":"Blueway N9100 Wi-Fi Password Cracking Decoder Free Wireless WiFi USB Adapter #H029#"},"content":{"rendered":"<h2>Blueway N9100 Wi-Fi dekod\u00e9r na prelomenie hesla Bezplatn\u00fd bezdr\u00f4tov\u00fd WiFi USB adapt\u00e9r #H029#<\/h2>\n<p>&nbsp;<\/p>\n<p>Materi\u00e1l: plast a kov<br \/>\nFarba: \u010cierna<br \/>\n\u00davod:<br \/>\nBezdr\u00f4tov\u00fd prij\u00edma\u010d wifi usb adapt\u00e9ra pre notebook a stoln\u00fd po\u010d\u00edta\u010d;<br \/>\nNajpred\u00e1vanej\u0161\u00ed a najpopul\u00e1rnej\u0161\u00ed model;<br \/>\nPrelomenie hesla (ale nie 100%);<br \/>\nZ\u00edskajte wifi zadarmo.<br \/>\nEkonomick\u00fd model.<br \/>\nBT5\/BT6\/BEINI vhodn\u00e9 ;<br \/>\nbeini, \u0161peci\u00e1lne na dek\u00f3dovanie hesla na \u0161ifrovanie WPA bezdr\u00f4tov\u00e9ho smerova\u010da (nie 100%, sta\u010d\u00ed to vysk\u00fa\u0161a\u0165);<br \/>\nAplik\u00e1cie:<br \/>\n1. Chcete prepoji\u0165 svoju sie\u0165 so svetom kdeko\u013evek bezdr\u00f4tovo a zadarmo (bez platby)?<br \/>\n2. Tento gadget sa \u0161peci\u00e1lne pou\u017e\u00edva na dek\u00f3dovanie hesla siete smerova\u010da, tak\u017ee si m\u00f4\u017eete bez ak\u00fdchko\u013evek n\u00e1kladov vychutna\u0165 sie\u0165 degagely.<br \/>\n3. Toto zariadenie pou\u017eite aj na pripojenie stoln\u00e9ho po\u010d\u00edta\u010da k bezdr\u00f4tov\u00e9mu smerova\u010du. Udr\u017eujte svoj pracovn\u00fd st\u00f4l mimo neporiadku k\u00e1blov doma alebo v kancel\u00e1rii.<br \/>\nPovo\u013ete bezplatn\u00e9 WiFi pripojenie, u\u0161etrite peniaze za mesa\u010dn\u00e9 predplatn\u00e9.<br \/>\nVysokov\u00fdkonn\u00e9 adapt\u00e9ry BlueWay BT-N9100 vyu\u017e\u00edvaj\u00fa \u010dipset Ralink 3070 a vysokov\u00fdkonn\u00fd zosil\u0148ova\u010d na zv\u00fd\u0161enie v\u00fdkonu produktu.<br \/>\nNastavenie externej v\u0161esmerovej ant\u00e9ny umo\u017e\u0148uje BLUEWAY adapt\u00e9ru prij\u00edma\u0165 silnej\u0161\u00ed sign\u00e1l. V pr\u00edpade in\u0161tal\u00e1cie \u0161t\u00edtu,<br \/>\n\u00faplne sa vyh\u00fdba siln\u00e9mu \u017eiareniu z vysokov\u00fdkonn\u00e9ho adapt\u00e9ra, preto\u017ee v\u00fdrazne zlep\u0161uje stabilitu..<br \/>\nKompatibiln\u00e9 s bezdr\u00f4tov\u00fdmi \u0161tandardmi IEEE 802.11n, 802.11b\/g\/n<br \/>\nFrekven\u010dn\u00e9 p\u00e1smo 2,4 GHz.MIMO (viacn\u00e1sobn\u00fd vstup, viacn\u00e1sobn\u00fd v\u00fdstup)<br \/>\nVyhovuje \u0161pecifik\u00e1ci\u00e1m Universal Serial Bus Rev.2.0<br \/>\nVysokor\u00fdchlostn\u00fd prenos TX D\u00e1tov\u00e1 r\u00fdchlos\u0165 a\u017e 150 Mbps<br \/>\nPodporuje WPS by S\/W<br \/>\nPodporuje bezdr\u00f4tov\u00e9 \u0161ifrovanie d\u00e1t pomocou 64\/128-bit WEP, WPA.WPA2, TKIP.AES<br \/>\n\u0160irok\u00e9 pokrytie<br \/>\nV s\u00falade s FCC Part 15.247 pre USA, ETS 300 328 pre Eur\u00f3pu<br \/>\nPodporuje ovl\u00e1da\u010d pre Windows 2000.XP 32\/64,Vista 32\/64,Windows 7\/8.pre Linux (2.4.\u00d7\/2.6.\u00d7).pre Mac (10.4\u00d7\/10.5\u00d7) Power PC&amp;PC.<br \/>\nModel radu 9100 3000 MW<br \/>\n\u0160tandardy Bezdr\u00f4tov\u00e9: \u0161tandard IEEE 802.11b\/g\/n USB 2.0<br \/>\nD\u00e1tov\u00e1 r\u00fdchlos\u0165 802.11b: a\u017e 11 Mbps 802.11g: a\u017e 54 Mbps 802.11n: a\u017e 150 Mbps<br \/>\nPodporovan\u00e9 OS Windows 2000, Windows XP, Windows Vista, Windows Linux 2.6, Mac 10.4, 10.5, 10.6 Podporuje S\/W AP<br \/>\nRozhranie USB 2.0 mini USB<br \/>\nTyp Attenna 1ks*2,4GHz RP-SMA konektor<br \/>\n\u010cipset Ralink 3070<br \/>\nJedna LED nap\u00e1janie\/stav, bezdr\u00f4tov\u00fd akt<br \/>\nAttenna 5dBi 2,4GHz Attenna<br \/>\nFrekven\u010dn\u00fd rozsah 2,412 ~ 2,483 GHz<br \/>\nKan\u00e1l 1~11 kan\u00e1lov (Severn\u00e1 Amerika) 1~13 kan\u00e1lov (v\u0161eobecn\u00e1 Eur\u00f3pa) 1~14 kan\u00e1lov (Japonsko)<br \/>\nV\u00fdstupn\u00fd v\u00fdkon 802.11b:33dbm\u00b11 802.11g:32 dbm\u00b11 802.11n(HT20):dbm\u00b11 802.11n(HT40):dbm\u00b11<br \/>\nCitlivos\u0165 11b:-92dBm 11g:-76dBm 11n:-73dBm@HT20 11n:70dBm@HT20<br \/>\nTyp modul\u00e1cie \u00fadajov BPSK, QPSK, CCK a OFDM<br \/>\nNap\u00e4tie: 5 V + 5 %<br \/>\nZabezpe\u010denie 1.WEP 64\/128 2.801.1*Podpora 3.Wi-Fi Protected Access (WPA) 4.WPA-PSK 5.WPA ll Podpora Cisco CCX 6.Prostredie<br \/>\nPrev\u00e1dzkov\u00e1 teplota 0\u00b0C~+50\u00b0C<br \/>\nSkladovanie: 10\u00b0C~+65\u00b0C<br \/>\nVlhkos\u0165<br \/>\n5%~98% nekondenzuj\u00face<br \/>\nVe\u013ekos\u0165: 8*6*1,2cm\/3,15&#8243;*2,36&#8243;*0,47&#8243; (D*\u0160*V)<br \/>\nMno\u017estvo: 1 sada<br \/>\nPozn\u00e1mka: Vzh\u013eadom na rozdiel medzi r\u00f4znymi monitormi nemus\u00ed obr\u00e1zok odr\u00e1\u017ea\u0165 skuto\u010dn\u00fa farbu polo\u017eky. \u010eakujem!<\/p>\n<p>Balenie obsahuje:<\/p>\n<p>1x Vysokov\u00fdkonn\u00fd USB bezdr\u00f4tov\u00fd wifi adapt\u00e9r<br \/>\n1x USB k\u00e1bel<br \/>\n2x ant\u00e9na<br \/>\n1x CD ovl\u00e1da\u010d<br \/>\n1x Sprievodca bezdr\u00f4tov\u00fdm dek\u00f3dovan\u00edm<\/p>\n","protected":false},"excerpt":{"rendered":"<p>Blueway N9100 Wi-Fi dekod\u00e9r na prelomenie hesla Bezplatn\u00fd bezdr\u00f4tov\u00fd WiFi USB adapt\u00e9r #H029# &nbsp; Materi\u00e1l: plast a kov Farba: \u010cierna&hellip;<\/p>\n","protected":false},"featured_media":821,"template":"","meta":{"_monsterinsights_skip_tracking":false,"_monsterinsights_sitenote_active":false,"_monsterinsights_sitenote_note":"","_monsterinsights_sitenote_category":0},"product_cat":[43,50,33,40],"product_tag":[],"class_list":{"0":"post-806","1":"product","2":"type-product","3":"status-publish","4":"has-post-thumbnail","6":"product_cat-office","7":"product_cat-pc","8":"product_cat-wifi","9":"product_cat-wifi-2","11":"first","12":"instock","13":"sale","14":"shipping-taxable","15":"purchasable","16":"product-type-simple"},"yoast_head":"<!-- This site is optimized with the Yoast SEO plugin v23.6 - https:\/\/yoast.com\/wordpress\/plugins\/seo\/ -->\n<title>Blueway N9100 Wi-Fi Password Cracking Decoder Free Wireless WiFi USB Adapter #H029# - Arduino e-shop<\/title>\n<meta name=\"robots\" content=\"index, follow, max-snippet:-1, max-image-preview:large, max-video-preview:-1\" \/>\n<link rel=\"canonical\" href=\"https:\/\/www.onetimenexttime.sk\/arduino\/index.php\/produkt\/edup-ralink-rt3070l-usb-wi-fi-adapter-802-11n-high-gain-wifi-antenna-high-power-long-distance-wifi-receiver-usb-ethernet-adapter\/\" \/>\n<meta property=\"og:locale\" content=\"sk_SK\" \/>\n<meta property=\"og:type\" content=\"article\" \/>\n<meta property=\"og:title\" content=\"Blueway N9100 Wi-Fi Password Cracking Decoder Free Wireless WiFi USB Adapter #H029# - Arduino e-shop\" \/>\n<meta property=\"og:description\" content=\"Blueway N9100 Wi-Fi dekod\u00e9r na prelomenie hesla Bezplatn\u00fd bezdr\u00f4tov\u00fd WiFi USB adapt\u00e9r #H029# &nbsp; Materi\u00e1l: plast a kov Farba: \u010cierna&hellip;\" \/>\n<meta property=\"og:url\" content=\"https:\/\/www.onetimenexttime.sk\/arduino\/index.php\/produkt\/edup-ralink-rt3070l-usb-wi-fi-adapter-802-11n-high-gain-wifi-antenna-high-power-long-distance-wifi-receiver-usb-ethernet-adapter\/\" \/>\n<meta property=\"og:site_name\" content=\"Arduino e-shop\" \/>\n<meta property=\"article:modified_time\" content=\"2021-10-31T19:23:53+00:00\" \/>\n<meta property=\"og:image\" content=\"https:\/\/www.onetimenexttime.sk\/arduino\/wp-content\/uploads\/2021\/10\/beini.jpg\" \/>\n\t<meta property=\"og:image:width\" content=\"501\" \/>\n\t<meta property=\"og:image:height\" content=\"500\" \/>\n\t<meta property=\"og:image:type\" content=\"image\/jpeg\" \/>\n<meta name=\"twitter:card\" content=\"summary_large_image\" \/>\n<meta name=\"twitter:label1\" content=\"Predpokladan\u00fd \u010das \u010d\u00edtania\" \/>\n\t<meta name=\"twitter:data1\" content=\"2 min\u00faty\" \/>\n<script type=\"application\/ld+json\" class=\"yoast-schema-graph\">{\"@context\":\"https:\/\/schema.org\",\"@graph\":[{\"@type\":\"WebPage\",\"@id\":\"https:\/\/www.onetimenexttime.sk\/arduino\/index.php\/produkt\/edup-ralink-rt3070l-usb-wi-fi-adapter-802-11n-high-gain-wifi-antenna-high-power-long-distance-wifi-receiver-usb-ethernet-adapter\/\",\"url\":\"https:\/\/www.onetimenexttime.sk\/arduino\/index.php\/produkt\/edup-ralink-rt3070l-usb-wi-fi-adapter-802-11n-high-gain-wifi-antenna-high-power-long-distance-wifi-receiver-usb-ethernet-adapter\/\",\"name\":\"Blueway N9100 Wi-Fi Password Cracking Decoder Free Wireless WiFi USB Adapter #H029# - Arduino e-shop\",\"isPartOf\":{\"@id\":\"https:\/\/www.onetimenexttime.sk\/arduino\/#website\"},\"primaryImageOfPage\":{\"@id\":\"https:\/\/www.onetimenexttime.sk\/arduino\/index.php\/produkt\/edup-ralink-rt3070l-usb-wi-fi-adapter-802-11n-high-gain-wifi-antenna-high-power-long-distance-wifi-receiver-usb-ethernet-adapter\/#primaryimage\"},\"image\":{\"@id\":\"https:\/\/www.onetimenexttime.sk\/arduino\/index.php\/produkt\/edup-ralink-rt3070l-usb-wi-fi-adapter-802-11n-high-gain-wifi-antenna-high-power-long-distance-wifi-receiver-usb-ethernet-adapter\/#primaryimage\"},\"thumbnailUrl\":\"https:\/\/www.onetimenexttime.sk\/arduino\/wp-content\/uploads\/2021\/10\/beini.jpg\",\"datePublished\":\"2021-10-31T16:05:07+00:00\",\"dateModified\":\"2021-10-31T19:23:53+00:00\",\"breadcrumb\":{\"@id\":\"https:\/\/www.onetimenexttime.sk\/arduino\/index.php\/produkt\/edup-ralink-rt3070l-usb-wi-fi-adapter-802-11n-high-gain-wifi-antenna-high-power-long-distance-wifi-receiver-usb-ethernet-adapter\/#breadcrumb\"},\"inLanguage\":\"sk-SK\",\"potentialAction\":[{\"@type\":\"ReadAction\",\"target\":[\"https:\/\/www.onetimenexttime.sk\/arduino\/index.php\/produkt\/edup-ralink-rt3070l-usb-wi-fi-adapter-802-11n-high-gain-wifi-antenna-high-power-long-distance-wifi-receiver-usb-ethernet-adapter\/\"]}]},{\"@type\":\"ImageObject\",\"inLanguage\":\"sk-SK\",\"@id\":\"https:\/\/www.onetimenexttime.sk\/arduino\/index.php\/produkt\/edup-ralink-rt3070l-usb-wi-fi-adapter-802-11n-high-gain-wifi-antenna-high-power-long-distance-wifi-receiver-usb-ethernet-adapter\/#primaryimage\",\"url\":\"https:\/\/www.onetimenexttime.sk\/arduino\/wp-content\/uploads\/2021\/10\/beini.jpg\",\"contentUrl\":\"https:\/\/www.onetimenexttime.sk\/arduino\/wp-content\/uploads\/2021\/10\/beini.jpg\",\"width\":501,\"height\":500},{\"@type\":\"BreadcrumbList\",\"@id\":\"https:\/\/www.onetimenexttime.sk\/arduino\/index.php\/produkt\/edup-ralink-rt3070l-usb-wi-fi-adapter-802-11n-high-gain-wifi-antenna-high-power-long-distance-wifi-receiver-usb-ethernet-adapter\/#breadcrumb\",\"itemListElement\":[{\"@type\":\"ListItem\",\"position\":1,\"name\":\"Domov\",\"item\":\"https:\/\/www.onetimenexttime.sk\/arduino\/\"},{\"@type\":\"ListItem\",\"position\":2,\"name\":\"Obchod\",\"item\":\"https:\/\/www.onetimenexttime.sk\/arduino\/\"},{\"@type\":\"ListItem\",\"position\":3,\"name\":\"Blueway N9100 Wi-Fi Password Cracking Decoder Free Wireless WiFi USB Adapter #H029#\"}]},{\"@type\":\"WebSite\",\"@id\":\"https:\/\/www.onetimenexttime.sk\/arduino\/#website\",\"url\":\"https:\/\/www.onetimenexttime.sk\/arduino\/\",\"name\":\"Arduino e-shop\",\"description\":\"Home Assistant\",\"potentialAction\":[{\"@type\":\"SearchAction\",\"target\":{\"@type\":\"EntryPoint\",\"urlTemplate\":\"https:\/\/www.onetimenexttime.sk\/arduino\/?s={search_term_string}\"},\"query-input\":{\"@type\":\"PropertyValueSpecification\",\"valueRequired\":true,\"valueName\":\"search_term_string\"}}],\"inLanguage\":\"sk-SK\"}]}<\/script>\n<!-- \/ Yoast SEO plugin. -->","yoast_head_json":{"title":"Blueway N9100 Wi-Fi Password Cracking Decoder Free Wireless WiFi USB Adapter #H029# - Arduino e-shop","robots":{"index":"index","follow":"follow","max-snippet":"max-snippet:-1","max-image-preview":"max-image-preview:large","max-video-preview":"max-video-preview:-1"},"canonical":"https:\/\/www.onetimenexttime.sk\/arduino\/index.php\/produkt\/edup-ralink-rt3070l-usb-wi-fi-adapter-802-11n-high-gain-wifi-antenna-high-power-long-distance-wifi-receiver-usb-ethernet-adapter\/","og_locale":"sk_SK","og_type":"article","og_title":"Blueway N9100 Wi-Fi Password Cracking Decoder Free Wireless WiFi USB Adapter #H029# - Arduino e-shop","og_description":"Blueway N9100 Wi-Fi dekod\u00e9r na prelomenie hesla Bezplatn\u00fd bezdr\u00f4tov\u00fd WiFi USB adapt\u00e9r #H029# &nbsp; Materi\u00e1l: plast a kov Farba: \u010cierna&hellip;","og_url":"https:\/\/www.onetimenexttime.sk\/arduino\/index.php\/produkt\/edup-ralink-rt3070l-usb-wi-fi-adapter-802-11n-high-gain-wifi-antenna-high-power-long-distance-wifi-receiver-usb-ethernet-adapter\/","og_site_name":"Arduino e-shop","article_modified_time":"2021-10-31T19:23:53+00:00","og_image":[{"width":501,"height":500,"url":"https:\/\/www.onetimenexttime.sk\/arduino\/wp-content\/uploads\/2021\/10\/beini.jpg","type":"image\/jpeg"}],"twitter_card":"summary_large_image","twitter_misc":{"Predpokladan\u00fd \u010das \u010d\u00edtania":"2 min\u00faty"},"schema":{"@context":"https:\/\/schema.org","@graph":[{"@type":"WebPage","@id":"https:\/\/www.onetimenexttime.sk\/arduino\/index.php\/produkt\/edup-ralink-rt3070l-usb-wi-fi-adapter-802-11n-high-gain-wifi-antenna-high-power-long-distance-wifi-receiver-usb-ethernet-adapter\/","url":"https:\/\/www.onetimenexttime.sk\/arduino\/index.php\/produkt\/edup-ralink-rt3070l-usb-wi-fi-adapter-802-11n-high-gain-wifi-antenna-high-power-long-distance-wifi-receiver-usb-ethernet-adapter\/","name":"Blueway N9100 Wi-Fi Password Cracking Decoder Free Wireless WiFi USB Adapter #H029# - Arduino e-shop","isPartOf":{"@id":"https:\/\/www.onetimenexttime.sk\/arduino\/#website"},"primaryImageOfPage":{"@id":"https:\/\/www.onetimenexttime.sk\/arduino\/index.php\/produkt\/edup-ralink-rt3070l-usb-wi-fi-adapter-802-11n-high-gain-wifi-antenna-high-power-long-distance-wifi-receiver-usb-ethernet-adapter\/#primaryimage"},"image":{"@id":"https:\/\/www.onetimenexttime.sk\/arduino\/index.php\/produkt\/edup-ralink-rt3070l-usb-wi-fi-adapter-802-11n-high-gain-wifi-antenna-high-power-long-distance-wifi-receiver-usb-ethernet-adapter\/#primaryimage"},"thumbnailUrl":"https:\/\/www.onetimenexttime.sk\/arduino\/wp-content\/uploads\/2021\/10\/beini.jpg","datePublished":"2021-10-31T16:05:07+00:00","dateModified":"2021-10-31T19:23:53+00:00","breadcrumb":{"@id":"https:\/\/www.onetimenexttime.sk\/arduino\/index.php\/produkt\/edup-ralink-rt3070l-usb-wi-fi-adapter-802-11n-high-gain-wifi-antenna-high-power-long-distance-wifi-receiver-usb-ethernet-adapter\/#breadcrumb"},"inLanguage":"sk-SK","potentialAction":[{"@type":"ReadAction","target":["https:\/\/www.onetimenexttime.sk\/arduino\/index.php\/produkt\/edup-ralink-rt3070l-usb-wi-fi-adapter-802-11n-high-gain-wifi-antenna-high-power-long-distance-wifi-receiver-usb-ethernet-adapter\/"]}]},{"@type":"ImageObject","inLanguage":"sk-SK","@id":"https:\/\/www.onetimenexttime.sk\/arduino\/index.php\/produkt\/edup-ralink-rt3070l-usb-wi-fi-adapter-802-11n-high-gain-wifi-antenna-high-power-long-distance-wifi-receiver-usb-ethernet-adapter\/#primaryimage","url":"https:\/\/www.onetimenexttime.sk\/arduino\/wp-content\/uploads\/2021\/10\/beini.jpg","contentUrl":"https:\/\/www.onetimenexttime.sk\/arduino\/wp-content\/uploads\/2021\/10\/beini.jpg","width":501,"height":500},{"@type":"BreadcrumbList","@id":"https:\/\/www.onetimenexttime.sk\/arduino\/index.php\/produkt\/edup-ralink-rt3070l-usb-wi-fi-adapter-802-11n-high-gain-wifi-antenna-high-power-long-distance-wifi-receiver-usb-ethernet-adapter\/#breadcrumb","itemListElement":[{"@type":"ListItem","position":1,"name":"Domov","item":"https:\/\/www.onetimenexttime.sk\/arduino\/"},{"@type":"ListItem","position":2,"name":"Obchod","item":"https:\/\/www.onetimenexttime.sk\/arduino\/"},{"@type":"ListItem","position":3,"name":"Blueway N9100 Wi-Fi Password Cracking Decoder Free Wireless WiFi USB Adapter #H029#"}]},{"@type":"WebSite","@id":"https:\/\/www.onetimenexttime.sk\/arduino\/#website","url":"https:\/\/www.onetimenexttime.sk\/arduino\/","name":"Arduino e-shop","description":"Home Assistant","potentialAction":[{"@type":"SearchAction","target":{"@type":"EntryPoint","urlTemplate":"https:\/\/www.onetimenexttime.sk\/arduino\/?s={search_term_string}"},"query-input":{"@type":"PropertyValueSpecification","valueRequired":true,"valueName":"search_term_string"}}],"inLanguage":"sk-SK"}]}},"_links":{"self":[{"href":"https:\/\/www.onetimenexttime.sk\/arduino\/index.php\/wp-json\/wp\/v2\/product\/806"}],"collection":[{"href":"https:\/\/www.onetimenexttime.sk\/arduino\/index.php\/wp-json\/wp\/v2\/product"}],"about":[{"href":"https:\/\/www.onetimenexttime.sk\/arduino\/index.php\/wp-json\/wp\/v2\/types\/product"}],"wp:featuredmedia":[{"embeddable":true,"href":"https:\/\/www.onetimenexttime.sk\/arduino\/index.php\/wp-json\/wp\/v2\/media\/821"}],"wp:attachment":[{"href":"https:\/\/www.onetimenexttime.sk\/arduino\/index.php\/wp-json\/wp\/v2\/media?parent=806"}],"wp:term":[{"taxonomy":"product_cat","embeddable":true,"href":"https:\/\/www.onetimenexttime.sk\/arduino\/index.php\/wp-json\/wp\/v2\/product_cat?post=806"},{"taxonomy":"product_tag","embeddable":true,"href":"https:\/\/www.onetimenexttime.sk\/arduino\/index.php\/wp-json\/wp\/v2\/product_tag?post=806"}],"curies":[{"name":"wp","href":"https:\/\/api.w.org\/{rel}","templated":true}]}}