{"id":804,"date":"2021-10-31T17:02:30","date_gmt":"2021-10-31T16:02:30","guid":{"rendered":"https:\/\/www.onetimenexttime.sk\/arduino\/?post_type=product&#038;p=804"},"modified":"2021-10-31T17:04:38","modified_gmt":"2021-10-31T16:04:38","slug":"freesat-satellit-finder-digital-aerial-terrestrial-tv-antenna-signal-power-strength-meter-pointer-tv-reception-with-compass","status":"publish","type":"product","link":"https:\/\/www.onetimenexttime.sk\/arduino\/index.php\/produkt\/freesat-satellit-finder-digital-aerial-terrestrial-tv-antenna-signal-power-strength-meter-pointer-tv-reception-with-compass\/","title":{"rendered":"FREESAT Satellit Finder Digital Aerial Terrestrial TV Antenna Signal Power Strength Meter Pointer TV Reception With Compass"},"content":{"rendered":"<h2>FREESAT satelitn\u00fd vyh\u013ead\u00e1va\u010d Digit\u00e1lna ant\u00e9na pozemn\u00e1 TV ant\u00e9na Sign\u00e1l v\u00fdkonu Mera\u010d sily Ukazovate\u013e TV Pr\u00edjem s kompasom<\/h2>\n<p>Vlastnosti:<\/p>\n<p>Kompas s funkciou ovl\u00e1dania \u00fatlmu \u013eahko lokalizuje satelitn\u00fd sign\u00e1l.<br \/>\nIn-line IF mera\u010d sily sign\u00e1lu. V\u00fdborn\u00e1 citlivos\u0165.<br \/>\nSkvel\u00e9 pre vzdialen\u00e9 satelitn\u00e9 ant\u00e9ny.<br \/>\nSp\u00e4tn\u00e1 v\u00e4zba \u010d\u00edsel intuit\u00edvne zobrazuje silu sign\u00e1lu.<br \/>\nVariabiln\u00e9 nastavenie citlivosti pre pr\u00e1cu s telev\u00edznymi ve\u017eami v bl\u00edzkosti aj na dia\u013eku.<\/p>\n<p>Popisy:<br \/>\nElegantn\u00fd exteri\u00e9r a pohodln\u00e9 nosenie.<br \/>\nKonektory odoln\u00e9 vo\u010di kor\u00f3zii.<br \/>\nMera\u010d sign\u00e1lu pre va\u0161u TV ant\u00e9nu RV.<\/p>\n<p>Technick\u00e9 \u00fadaje:<br \/>\nFarba: modr\u00e1<br \/>\nMateri\u00e1l: plast<br \/>\nFrekven\u010dn\u00fd rozsah: 170-860MHz<br \/>\nRozsah vstupnej \u00farovne: 65-95dBuv<br \/>\nNap\u00e1janie: 9-12V DC<br \/>\nModel: DT-01<\/p>\n<p>Balenie obsahuje:<br \/>\n1 x satelitn\u00fd vyh\u013ead\u00e1va\u010d<br \/>\n1 x anglick\u00fd n\u00e1vod na pou\u017eitie<br \/>\n1 x dr\u017eiak bat\u00e9rie<br \/>\n1 x nap\u00e1jac\u00ed k\u00e1bel<\/p>\n","protected":false},"excerpt":{"rendered":"<p>FREESAT satelitn\u00fd vyh\u013ead\u00e1va\u010d Digit\u00e1lna ant\u00e9na pozemn\u00e1 TV ant\u00e9na Sign\u00e1l v\u00fdkonu Mera\u010d sily Ukazovate\u013e TV Pr\u00edjem s kompasom Vlastnosti: Kompas s&hellip;<\/p>\n","protected":false},"featured_media":805,"template":"","meta":{"_monsterinsights_skip_tracking":false,"_monsterinsights_sitenote_active":false,"_monsterinsights_sitenote_note":"","_monsterinsights_sitenote_category":0},"product_cat":[35,36,41],"product_tag":[],"class_list":{"0":"post-804","1":"product","2":"type-product","3":"status-publish","4":"has-post-thumbnail","6":"product_cat-antena","7":"product_cat-tv","8":"product_cat-tv-2","10":"first","11":"instock","12":"shipping-taxable","13":"purchasable","14":"product-type-simple"},"yoast_head":"<!-- This site is optimized with the Yoast SEO plugin v23.6 - https:\/\/yoast.com\/wordpress\/plugins\/seo\/ -->\n<title>FREESAT Satellit Finder Digital Aerial Terrestrial TV Antenna Signal Power Strength Meter Pointer TV Reception With Compass - Arduino e-shop<\/title>\n<meta name=\"robots\" content=\"index, follow, max-snippet:-1, max-image-preview:large, max-video-preview:-1\" \/>\n<link rel=\"canonical\" href=\"https:\/\/www.onetimenexttime.sk\/arduino\/index.php\/produkt\/freesat-satellit-finder-digital-aerial-terrestrial-tv-antenna-signal-power-strength-meter-pointer-tv-reception-with-compass\/\" \/>\n<meta property=\"og:locale\" content=\"sk_SK\" \/>\n<meta property=\"og:type\" content=\"article\" \/>\n<meta property=\"og:title\" content=\"FREESAT Satellit Finder Digital Aerial Terrestrial TV Antenna Signal Power Strength Meter Pointer TV Reception With Compass - Arduino e-shop\" \/>\n<meta property=\"og:description\" content=\"FREESAT satelitn\u00fd vyh\u013ead\u00e1va\u010d Digit\u00e1lna ant\u00e9na pozemn\u00e1 TV ant\u00e9na Sign\u00e1l v\u00fdkonu Mera\u010d sily Ukazovate\u013e TV Pr\u00edjem s kompasom Vlastnosti: Kompas s&hellip;\" \/>\n<meta property=\"og:url\" content=\"https:\/\/www.onetimenexttime.sk\/arduino\/index.php\/produkt\/freesat-satellit-finder-digital-aerial-terrestrial-tv-antenna-signal-power-strength-meter-pointer-tv-reception-with-compass\/\" \/>\n<meta property=\"og:site_name\" content=\"Arduino e-shop\" \/>\n<meta property=\"article:modified_time\" content=\"2021-10-31T16:04:38+00:00\" \/>\n<meta property=\"og:image\" content=\"https:\/\/www.onetimenexttime.sk\/arduino\/wp-content\/uploads\/2021\/10\/97.jpg\" \/>\n\t<meta property=\"og:image:width\" content=\"501\" \/>\n\t<meta property=\"og:image:height\" content=\"500\" \/>\n\t<meta property=\"og:image:type\" content=\"image\/jpeg\" \/>\n<meta name=\"twitter:card\" content=\"summary_large_image\" \/>\n<meta name=\"twitter:label1\" content=\"Predpokladan\u00fd \u010das \u010d\u00edtania\" \/>\n\t<meta name=\"twitter:data1\" content=\"1 min\u00fata\" \/>\n<script type=\"application\/ld+json\" class=\"yoast-schema-graph\">{\"@context\":\"https:\/\/schema.org\",\"@graph\":[{\"@type\":\"WebPage\",\"@id\":\"https:\/\/www.onetimenexttime.sk\/arduino\/index.php\/produkt\/freesat-satellit-finder-digital-aerial-terrestrial-tv-antenna-signal-power-strength-meter-pointer-tv-reception-with-compass\/\",\"url\":\"https:\/\/www.onetimenexttime.sk\/arduino\/index.php\/produkt\/freesat-satellit-finder-digital-aerial-terrestrial-tv-antenna-signal-power-strength-meter-pointer-tv-reception-with-compass\/\",\"name\":\"FREESAT Satellit Finder Digital Aerial Terrestrial TV Antenna Signal Power Strength Meter Pointer TV Reception With Compass - Arduino e-shop\",\"isPartOf\":{\"@id\":\"https:\/\/www.onetimenexttime.sk\/arduino\/#website\"},\"primaryImageOfPage\":{\"@id\":\"https:\/\/www.onetimenexttime.sk\/arduino\/index.php\/produkt\/freesat-satellit-finder-digital-aerial-terrestrial-tv-antenna-signal-power-strength-meter-pointer-tv-reception-with-compass\/#primaryimage\"},\"image\":{\"@id\":\"https:\/\/www.onetimenexttime.sk\/arduino\/index.php\/produkt\/freesat-satellit-finder-digital-aerial-terrestrial-tv-antenna-signal-power-strength-meter-pointer-tv-reception-with-compass\/#primaryimage\"},\"thumbnailUrl\":\"https:\/\/www.onetimenexttime.sk\/arduino\/wp-content\/uploads\/2021\/10\/97.jpg\",\"datePublished\":\"2021-10-31T16:02:30+00:00\",\"dateModified\":\"2021-10-31T16:04:38+00:00\",\"breadcrumb\":{\"@id\":\"https:\/\/www.onetimenexttime.sk\/arduino\/index.php\/produkt\/freesat-satellit-finder-digital-aerial-terrestrial-tv-antenna-signal-power-strength-meter-pointer-tv-reception-with-compass\/#breadcrumb\"},\"inLanguage\":\"sk-SK\",\"potentialAction\":[{\"@type\":\"ReadAction\",\"target\":[\"https:\/\/www.onetimenexttime.sk\/arduino\/index.php\/produkt\/freesat-satellit-finder-digital-aerial-terrestrial-tv-antenna-signal-power-strength-meter-pointer-tv-reception-with-compass\/\"]}]},{\"@type\":\"ImageObject\",\"inLanguage\":\"sk-SK\",\"@id\":\"https:\/\/www.onetimenexttime.sk\/arduino\/index.php\/produkt\/freesat-satellit-finder-digital-aerial-terrestrial-tv-antenna-signal-power-strength-meter-pointer-tv-reception-with-compass\/#primaryimage\",\"url\":\"https:\/\/www.onetimenexttime.sk\/arduino\/wp-content\/uploads\/2021\/10\/97.jpg\",\"contentUrl\":\"https:\/\/www.onetimenexttime.sk\/arduino\/wp-content\/uploads\/2021\/10\/97.jpg\",\"width\":501,\"height\":500},{\"@type\":\"BreadcrumbList\",\"@id\":\"https:\/\/www.onetimenexttime.sk\/arduino\/index.php\/produkt\/freesat-satellit-finder-digital-aerial-terrestrial-tv-antenna-signal-power-strength-meter-pointer-tv-reception-with-compass\/#breadcrumb\",\"itemListElement\":[{\"@type\":\"ListItem\",\"position\":1,\"name\":\"Domov\",\"item\":\"https:\/\/www.onetimenexttime.sk\/arduino\/\"},{\"@type\":\"ListItem\",\"position\":2,\"name\":\"Obchod\",\"item\":\"https:\/\/www.onetimenexttime.sk\/arduino\/\"},{\"@type\":\"ListItem\",\"position\":3,\"name\":\"FREESAT Satellit Finder Digital Aerial Terrestrial TV Antenna Signal Power Strength Meter Pointer TV Reception With Compass\"}]},{\"@type\":\"WebSite\",\"@id\":\"https:\/\/www.onetimenexttime.sk\/arduino\/#website\",\"url\":\"https:\/\/www.onetimenexttime.sk\/arduino\/\",\"name\":\"Arduino e-shop\",\"description\":\"Home Assistant\",\"potentialAction\":[{\"@type\":\"SearchAction\",\"target\":{\"@type\":\"EntryPoint\",\"urlTemplate\":\"https:\/\/www.onetimenexttime.sk\/arduino\/?s={search_term_string}\"},\"query-input\":{\"@type\":\"PropertyValueSpecification\",\"valueRequired\":true,\"valueName\":\"search_term_string\"}}],\"inLanguage\":\"sk-SK\"}]}<\/script>\n<!-- \/ Yoast SEO plugin. -->","yoast_head_json":{"title":"FREESAT Satellit Finder Digital Aerial Terrestrial TV Antenna Signal Power Strength Meter Pointer TV Reception With Compass - Arduino e-shop","robots":{"index":"index","follow":"follow","max-snippet":"max-snippet:-1","max-image-preview":"max-image-preview:large","max-video-preview":"max-video-preview:-1"},"canonical":"https:\/\/www.onetimenexttime.sk\/arduino\/index.php\/produkt\/freesat-satellit-finder-digital-aerial-terrestrial-tv-antenna-signal-power-strength-meter-pointer-tv-reception-with-compass\/","og_locale":"sk_SK","og_type":"article","og_title":"FREESAT Satellit Finder Digital Aerial Terrestrial TV Antenna Signal Power Strength Meter Pointer TV Reception With Compass - Arduino e-shop","og_description":"FREESAT satelitn\u00fd vyh\u013ead\u00e1va\u010d Digit\u00e1lna ant\u00e9na pozemn\u00e1 TV ant\u00e9na Sign\u00e1l v\u00fdkonu Mera\u010d sily Ukazovate\u013e TV Pr\u00edjem s kompasom Vlastnosti: Kompas s&hellip;","og_url":"https:\/\/www.onetimenexttime.sk\/arduino\/index.php\/produkt\/freesat-satellit-finder-digital-aerial-terrestrial-tv-antenna-signal-power-strength-meter-pointer-tv-reception-with-compass\/","og_site_name":"Arduino e-shop","article_modified_time":"2021-10-31T16:04:38+00:00","og_image":[{"width":501,"height":500,"url":"https:\/\/www.onetimenexttime.sk\/arduino\/wp-content\/uploads\/2021\/10\/97.jpg","type":"image\/jpeg"}],"twitter_card":"summary_large_image","twitter_misc":{"Predpokladan\u00fd \u010das \u010d\u00edtania":"1 min\u00fata"},"schema":{"@context":"https:\/\/schema.org","@graph":[{"@type":"WebPage","@id":"https:\/\/www.onetimenexttime.sk\/arduino\/index.php\/produkt\/freesat-satellit-finder-digital-aerial-terrestrial-tv-antenna-signal-power-strength-meter-pointer-tv-reception-with-compass\/","url":"https:\/\/www.onetimenexttime.sk\/arduino\/index.php\/produkt\/freesat-satellit-finder-digital-aerial-terrestrial-tv-antenna-signal-power-strength-meter-pointer-tv-reception-with-compass\/","name":"FREESAT Satellit Finder Digital Aerial Terrestrial TV Antenna Signal Power Strength Meter Pointer TV Reception With Compass - Arduino e-shop","isPartOf":{"@id":"https:\/\/www.onetimenexttime.sk\/arduino\/#website"},"primaryImageOfPage":{"@id":"https:\/\/www.onetimenexttime.sk\/arduino\/index.php\/produkt\/freesat-satellit-finder-digital-aerial-terrestrial-tv-antenna-signal-power-strength-meter-pointer-tv-reception-with-compass\/#primaryimage"},"image":{"@id":"https:\/\/www.onetimenexttime.sk\/arduino\/index.php\/produkt\/freesat-satellit-finder-digital-aerial-terrestrial-tv-antenna-signal-power-strength-meter-pointer-tv-reception-with-compass\/#primaryimage"},"thumbnailUrl":"https:\/\/www.onetimenexttime.sk\/arduino\/wp-content\/uploads\/2021\/10\/97.jpg","datePublished":"2021-10-31T16:02:30+00:00","dateModified":"2021-10-31T16:04:38+00:00","breadcrumb":{"@id":"https:\/\/www.onetimenexttime.sk\/arduino\/index.php\/produkt\/freesat-satellit-finder-digital-aerial-terrestrial-tv-antenna-signal-power-strength-meter-pointer-tv-reception-with-compass\/#breadcrumb"},"inLanguage":"sk-SK","potentialAction":[{"@type":"ReadAction","target":["https:\/\/www.onetimenexttime.sk\/arduino\/index.php\/produkt\/freesat-satellit-finder-digital-aerial-terrestrial-tv-antenna-signal-power-strength-meter-pointer-tv-reception-with-compass\/"]}]},{"@type":"ImageObject","inLanguage":"sk-SK","@id":"https:\/\/www.onetimenexttime.sk\/arduino\/index.php\/produkt\/freesat-satellit-finder-digital-aerial-terrestrial-tv-antenna-signal-power-strength-meter-pointer-tv-reception-with-compass\/#primaryimage","url":"https:\/\/www.onetimenexttime.sk\/arduino\/wp-content\/uploads\/2021\/10\/97.jpg","contentUrl":"https:\/\/www.onetimenexttime.sk\/arduino\/wp-content\/uploads\/2021\/10\/97.jpg","width":501,"height":500},{"@type":"BreadcrumbList","@id":"https:\/\/www.onetimenexttime.sk\/arduino\/index.php\/produkt\/freesat-satellit-finder-digital-aerial-terrestrial-tv-antenna-signal-power-strength-meter-pointer-tv-reception-with-compass\/#breadcrumb","itemListElement":[{"@type":"ListItem","position":1,"name":"Domov","item":"https:\/\/www.onetimenexttime.sk\/arduino\/"},{"@type":"ListItem","position":2,"name":"Obchod","item":"https:\/\/www.onetimenexttime.sk\/arduino\/"},{"@type":"ListItem","position":3,"name":"FREESAT Satellit Finder Digital Aerial Terrestrial TV Antenna Signal Power Strength Meter Pointer TV Reception With Compass"}]},{"@type":"WebSite","@id":"https:\/\/www.onetimenexttime.sk\/arduino\/#website","url":"https:\/\/www.onetimenexttime.sk\/arduino\/","name":"Arduino e-shop","description":"Home Assistant","potentialAction":[{"@type":"SearchAction","target":{"@type":"EntryPoint","urlTemplate":"https:\/\/www.onetimenexttime.sk\/arduino\/?s={search_term_string}"},"query-input":{"@type":"PropertyValueSpecification","valueRequired":true,"valueName":"search_term_string"}}],"inLanguage":"sk-SK"}]}},"_links":{"self":[{"href":"https:\/\/www.onetimenexttime.sk\/arduino\/index.php\/wp-json\/wp\/v2\/product\/804"}],"collection":[{"href":"https:\/\/www.onetimenexttime.sk\/arduino\/index.php\/wp-json\/wp\/v2\/product"}],"about":[{"href":"https:\/\/www.onetimenexttime.sk\/arduino\/index.php\/wp-json\/wp\/v2\/types\/product"}],"wp:featuredmedia":[{"embeddable":true,"href":"https:\/\/www.onetimenexttime.sk\/arduino\/index.php\/wp-json\/wp\/v2\/media\/805"}],"wp:attachment":[{"href":"https:\/\/www.onetimenexttime.sk\/arduino\/index.php\/wp-json\/wp\/v2\/media?parent=804"}],"wp:term":[{"taxonomy":"product_cat","embeddable":true,"href":"https:\/\/www.onetimenexttime.sk\/arduino\/index.php\/wp-json\/wp\/v2\/product_cat?post=804"},{"taxonomy":"product_tag","embeddable":true,"href":"https:\/\/www.onetimenexttime.sk\/arduino\/index.php\/wp-json\/wp\/v2\/product_tag?post=804"}],"curies":[{"name":"wp","href":"https:\/\/api.w.org\/{rel}","templated":true}]}}