{"id":802,"date":"2021-10-31T16:58:12","date_gmt":"2021-10-31T15:58:12","guid":{"rendered":"https:\/\/www.onetimenexttime.sk\/arduino\/?post_type=product&#038;p=802"},"modified":"2021-10-31T17:02:15","modified_gmt":"2021-10-31T16:02:15","slug":"satellite-finder-alignment-signal-meter-receptor-for-sat-dish-tv-lnb-direc-digital-tv-signal-amplifier-satfinder","status":"publish","type":"product","link":"https:\/\/www.onetimenexttime.sk\/arduino\/index.php\/produkt\/satellite-finder-alignment-signal-meter-receptor-for-sat-dish-tv-lnb-direc-digital-tv-signal-amplifier-satfinder\/","title":{"rendered":"Satellite Finder Alignment Signal Meter Receptor For Sat Dish TV LNB Direc Digital TV Signal Amplifier Satfinder"},"content":{"rendered":"<h2>Zarovnanie satelitn\u00e9ho vyh\u013ead\u00e1va\u010da Signal Meter Receptor pre satelitn\u00fa TV LNB Direc Zosil\u0148ova\u010d digit\u00e1lneho TV sign\u00e1lu Satfinder<\/h2>\n<p>&nbsp;<\/p>\n<p>Origin\u00e1lny satelitn\u00fd vyh\u013ead\u00e1va\u010d N\u00e1js\u0165 zarovnanie Signal Meter Receptor Pre satelitn\u00fa TV LNB Direc Zosil\u0148ova\u010d digit\u00e1lneho TV sign\u00e1lu Satfinder<\/p>\n<p><strong>Vlastnosti:<\/strong><\/p>\n<p>1.Vstupn\u00e1 frekvencia: 950 MHz &#8211; 2150 MHz<br \/>\n2.Citlivos\u0165: 7dB<br \/>\n3.Vn\u00fatorn\u00e1 kontrolka 22 Khz<br \/>\n4. Kompatibiln\u00e9 so satelitn\u00fdmi syst\u00e9mami DirecTV, Dish Network a Free-to-Air<br \/>\n5.Audio t\u00f3n plus zobrazenie mera\u010da sily anal\u00f3gov\u00e9ho sign\u00e1lu<br \/>\n6. Osvetlen\u00fd displej mera\u010da pre pou\u017eitie v noci<br \/>\n7. N\u00edzka hmotnos\u0165 a vreckov\u00e1 ve\u013ekos\u0165<br \/>\n8.Umo\u017e\u0148uje v\u00e1m nastavi\u0165 alebo maximalizova\u0165 pr\u00edjem satelitn\u00e9ho sign\u00e1lu na parabole sami bez toho, aby v\u00e1m pom\u00e1hal priate\u013e alebo ste museli viackr\u00e1t cestova\u0165 na va\u0161u strechu<br \/>\nJednoduchos\u0165 pou\u017eitia. Praktick\u00fd n\u00e1stroj na zarovnanie akejko\u013evek satelitnej paraboly v priebehu nieko\u013ek\u00fdch min\u00fat<br \/>\n9. Nie je potrebn\u00e9 \u017eiadne extern\u00e9 nap\u00e1janie ani bat\u00e9rie. Nap\u00e1janie z v\u00e1\u0161ho satelitn\u00e9ho prij\u00edma\u010da<br \/>\nExtr\u00e9mne citliv\u00fd mera\u010d, ktor\u00fd indikuje ve\u013emi mal\u00e9 zmeny v sile sign\u00e1lu<\/p>\n","protected":false},"excerpt":{"rendered":"<p>Zarovnanie satelitn\u00e9ho vyh\u013ead\u00e1va\u010da Signal Meter Receptor pre satelitn\u00fa TV LNB Direc Zosil\u0148ova\u010d digit\u00e1lneho TV sign\u00e1lu Satfinder &nbsp; Origin\u00e1lny satelitn\u00fd vyh\u013ead\u00e1va\u010d&hellip;<\/p>\n","protected":false},"featured_media":803,"template":"","meta":{"_monsterinsights_skip_tracking":false,"_monsterinsights_sitenote_active":false,"_monsterinsights_sitenote_note":"","_monsterinsights_sitenote_category":0},"product_cat":[35,36,41],"product_tag":[],"class_list":{"0":"post-802","1":"product","2":"type-product","3":"status-publish","4":"has-post-thumbnail","6":"product_cat-antena","7":"product_cat-tv","8":"product_cat-tv-2","10":"first","11":"instock","12":"shipping-taxable","13":"purchasable","14":"product-type-simple"},"yoast_head":"<!-- This site is optimized with the Yoast SEO plugin v23.6 - https:\/\/yoast.com\/wordpress\/plugins\/seo\/ -->\n<title>Satellite Finder Alignment Signal Meter Receptor For Sat Dish TV LNB Direc Digital TV Signal Amplifier Satfinder - Arduino e-shop<\/title>\n<meta name=\"robots\" content=\"index, follow, max-snippet:-1, max-image-preview:large, max-video-preview:-1\" \/>\n<link rel=\"canonical\" href=\"https:\/\/www.onetimenexttime.sk\/arduino\/index.php\/produkt\/satellite-finder-alignment-signal-meter-receptor-for-sat-dish-tv-lnb-direc-digital-tv-signal-amplifier-satfinder\/\" \/>\n<meta property=\"og:locale\" content=\"sk_SK\" \/>\n<meta property=\"og:type\" content=\"article\" \/>\n<meta property=\"og:title\" content=\"Satellite Finder Alignment Signal Meter Receptor For Sat Dish TV LNB Direc Digital TV Signal Amplifier Satfinder - Arduino e-shop\" \/>\n<meta property=\"og:description\" content=\"Zarovnanie satelitn\u00e9ho vyh\u013ead\u00e1va\u010da Signal Meter Receptor pre satelitn\u00fa TV LNB Direc Zosil\u0148ova\u010d digit\u00e1lneho TV sign\u00e1lu Satfinder &nbsp; Origin\u00e1lny satelitn\u00fd vyh\u013ead\u00e1va\u010d&hellip;\" \/>\n<meta property=\"og:url\" content=\"https:\/\/www.onetimenexttime.sk\/arduino\/index.php\/produkt\/satellite-finder-alignment-signal-meter-receptor-for-sat-dish-tv-lnb-direc-digital-tv-signal-amplifier-satfinder\/\" \/>\n<meta property=\"og:site_name\" content=\"Arduino e-shop\" \/>\n<meta property=\"article:modified_time\" content=\"2021-10-31T16:02:15+00:00\" \/>\n<meta property=\"og:image\" content=\"https:\/\/www.onetimenexttime.sk\/arduino\/wp-content\/uploads\/2021\/10\/98.jpg\" \/>\n\t<meta property=\"og:image:width\" content=\"501\" \/>\n\t<meta property=\"og:image:height\" content=\"500\" \/>\n\t<meta property=\"og:image:type\" content=\"image\/jpeg\" \/>\n<meta name=\"twitter:card\" content=\"summary_large_image\" \/>\n<meta name=\"twitter:label1\" content=\"Predpokladan\u00fd \u010das \u010d\u00edtania\" \/>\n\t<meta name=\"twitter:data1\" content=\"1 min\u00fata\" \/>\n<script type=\"application\/ld+json\" class=\"yoast-schema-graph\">{\"@context\":\"https:\/\/schema.org\",\"@graph\":[{\"@type\":\"WebPage\",\"@id\":\"https:\/\/www.onetimenexttime.sk\/arduino\/index.php\/produkt\/satellite-finder-alignment-signal-meter-receptor-for-sat-dish-tv-lnb-direc-digital-tv-signal-amplifier-satfinder\/\",\"url\":\"https:\/\/www.onetimenexttime.sk\/arduino\/index.php\/produkt\/satellite-finder-alignment-signal-meter-receptor-for-sat-dish-tv-lnb-direc-digital-tv-signal-amplifier-satfinder\/\",\"name\":\"Satellite Finder Alignment Signal Meter Receptor For Sat Dish TV LNB Direc Digital TV Signal Amplifier Satfinder - Arduino e-shop\",\"isPartOf\":{\"@id\":\"https:\/\/www.onetimenexttime.sk\/arduino\/#website\"},\"primaryImageOfPage\":{\"@id\":\"https:\/\/www.onetimenexttime.sk\/arduino\/index.php\/produkt\/satellite-finder-alignment-signal-meter-receptor-for-sat-dish-tv-lnb-direc-digital-tv-signal-amplifier-satfinder\/#primaryimage\"},\"image\":{\"@id\":\"https:\/\/www.onetimenexttime.sk\/arduino\/index.php\/produkt\/satellite-finder-alignment-signal-meter-receptor-for-sat-dish-tv-lnb-direc-digital-tv-signal-amplifier-satfinder\/#primaryimage\"},\"thumbnailUrl\":\"https:\/\/www.onetimenexttime.sk\/arduino\/wp-content\/uploads\/2021\/10\/98.jpg\",\"datePublished\":\"2021-10-31T15:58:12+00:00\",\"dateModified\":\"2021-10-31T16:02:15+00:00\",\"breadcrumb\":{\"@id\":\"https:\/\/www.onetimenexttime.sk\/arduino\/index.php\/produkt\/satellite-finder-alignment-signal-meter-receptor-for-sat-dish-tv-lnb-direc-digital-tv-signal-amplifier-satfinder\/#breadcrumb\"},\"inLanguage\":\"sk-SK\",\"potentialAction\":[{\"@type\":\"ReadAction\",\"target\":[\"https:\/\/www.onetimenexttime.sk\/arduino\/index.php\/produkt\/satellite-finder-alignment-signal-meter-receptor-for-sat-dish-tv-lnb-direc-digital-tv-signal-amplifier-satfinder\/\"]}]},{\"@type\":\"ImageObject\",\"inLanguage\":\"sk-SK\",\"@id\":\"https:\/\/www.onetimenexttime.sk\/arduino\/index.php\/produkt\/satellite-finder-alignment-signal-meter-receptor-for-sat-dish-tv-lnb-direc-digital-tv-signal-amplifier-satfinder\/#primaryimage\",\"url\":\"https:\/\/www.onetimenexttime.sk\/arduino\/wp-content\/uploads\/2021\/10\/98.jpg\",\"contentUrl\":\"https:\/\/www.onetimenexttime.sk\/arduino\/wp-content\/uploads\/2021\/10\/98.jpg\",\"width\":501,\"height\":500},{\"@type\":\"BreadcrumbList\",\"@id\":\"https:\/\/www.onetimenexttime.sk\/arduino\/index.php\/produkt\/satellite-finder-alignment-signal-meter-receptor-for-sat-dish-tv-lnb-direc-digital-tv-signal-amplifier-satfinder\/#breadcrumb\",\"itemListElement\":[{\"@type\":\"ListItem\",\"position\":1,\"name\":\"Domov\",\"item\":\"https:\/\/www.onetimenexttime.sk\/arduino\/\"},{\"@type\":\"ListItem\",\"position\":2,\"name\":\"Obchod\",\"item\":\"https:\/\/www.onetimenexttime.sk\/arduino\/\"},{\"@type\":\"ListItem\",\"position\":3,\"name\":\"Satellite Finder Alignment Signal Meter Receptor For Sat Dish TV LNB Direc Digital TV Signal Amplifier Satfinder\"}]},{\"@type\":\"WebSite\",\"@id\":\"https:\/\/www.onetimenexttime.sk\/arduino\/#website\",\"url\":\"https:\/\/www.onetimenexttime.sk\/arduino\/\",\"name\":\"Arduino e-shop\",\"description\":\"Home Assistant\",\"potentialAction\":[{\"@type\":\"SearchAction\",\"target\":{\"@type\":\"EntryPoint\",\"urlTemplate\":\"https:\/\/www.onetimenexttime.sk\/arduino\/?s={search_term_string}\"},\"query-input\":{\"@type\":\"PropertyValueSpecification\",\"valueRequired\":true,\"valueName\":\"search_term_string\"}}],\"inLanguage\":\"sk-SK\"}]}<\/script>\n<!-- \/ Yoast SEO plugin. -->","yoast_head_json":{"title":"Satellite Finder Alignment Signal Meter Receptor For Sat Dish TV LNB Direc Digital TV Signal Amplifier Satfinder - Arduino e-shop","robots":{"index":"index","follow":"follow","max-snippet":"max-snippet:-1","max-image-preview":"max-image-preview:large","max-video-preview":"max-video-preview:-1"},"canonical":"https:\/\/www.onetimenexttime.sk\/arduino\/index.php\/produkt\/satellite-finder-alignment-signal-meter-receptor-for-sat-dish-tv-lnb-direc-digital-tv-signal-amplifier-satfinder\/","og_locale":"sk_SK","og_type":"article","og_title":"Satellite Finder Alignment Signal Meter Receptor For Sat Dish TV LNB Direc Digital TV Signal Amplifier Satfinder - Arduino e-shop","og_description":"Zarovnanie satelitn\u00e9ho vyh\u013ead\u00e1va\u010da Signal Meter Receptor pre satelitn\u00fa TV LNB Direc Zosil\u0148ova\u010d digit\u00e1lneho TV sign\u00e1lu Satfinder &nbsp; Origin\u00e1lny satelitn\u00fd vyh\u013ead\u00e1va\u010d&hellip;","og_url":"https:\/\/www.onetimenexttime.sk\/arduino\/index.php\/produkt\/satellite-finder-alignment-signal-meter-receptor-for-sat-dish-tv-lnb-direc-digital-tv-signal-amplifier-satfinder\/","og_site_name":"Arduino e-shop","article_modified_time":"2021-10-31T16:02:15+00:00","og_image":[{"width":501,"height":500,"url":"https:\/\/www.onetimenexttime.sk\/arduino\/wp-content\/uploads\/2021\/10\/98.jpg","type":"image\/jpeg"}],"twitter_card":"summary_large_image","twitter_misc":{"Predpokladan\u00fd \u010das \u010d\u00edtania":"1 min\u00fata"},"schema":{"@context":"https:\/\/schema.org","@graph":[{"@type":"WebPage","@id":"https:\/\/www.onetimenexttime.sk\/arduino\/index.php\/produkt\/satellite-finder-alignment-signal-meter-receptor-for-sat-dish-tv-lnb-direc-digital-tv-signal-amplifier-satfinder\/","url":"https:\/\/www.onetimenexttime.sk\/arduino\/index.php\/produkt\/satellite-finder-alignment-signal-meter-receptor-for-sat-dish-tv-lnb-direc-digital-tv-signal-amplifier-satfinder\/","name":"Satellite Finder Alignment Signal Meter Receptor For Sat Dish TV LNB Direc Digital TV Signal Amplifier Satfinder - Arduino e-shop","isPartOf":{"@id":"https:\/\/www.onetimenexttime.sk\/arduino\/#website"},"primaryImageOfPage":{"@id":"https:\/\/www.onetimenexttime.sk\/arduino\/index.php\/produkt\/satellite-finder-alignment-signal-meter-receptor-for-sat-dish-tv-lnb-direc-digital-tv-signal-amplifier-satfinder\/#primaryimage"},"image":{"@id":"https:\/\/www.onetimenexttime.sk\/arduino\/index.php\/produkt\/satellite-finder-alignment-signal-meter-receptor-for-sat-dish-tv-lnb-direc-digital-tv-signal-amplifier-satfinder\/#primaryimage"},"thumbnailUrl":"https:\/\/www.onetimenexttime.sk\/arduino\/wp-content\/uploads\/2021\/10\/98.jpg","datePublished":"2021-10-31T15:58:12+00:00","dateModified":"2021-10-31T16:02:15+00:00","breadcrumb":{"@id":"https:\/\/www.onetimenexttime.sk\/arduino\/index.php\/produkt\/satellite-finder-alignment-signal-meter-receptor-for-sat-dish-tv-lnb-direc-digital-tv-signal-amplifier-satfinder\/#breadcrumb"},"inLanguage":"sk-SK","potentialAction":[{"@type":"ReadAction","target":["https:\/\/www.onetimenexttime.sk\/arduino\/index.php\/produkt\/satellite-finder-alignment-signal-meter-receptor-for-sat-dish-tv-lnb-direc-digital-tv-signal-amplifier-satfinder\/"]}]},{"@type":"ImageObject","inLanguage":"sk-SK","@id":"https:\/\/www.onetimenexttime.sk\/arduino\/index.php\/produkt\/satellite-finder-alignment-signal-meter-receptor-for-sat-dish-tv-lnb-direc-digital-tv-signal-amplifier-satfinder\/#primaryimage","url":"https:\/\/www.onetimenexttime.sk\/arduino\/wp-content\/uploads\/2021\/10\/98.jpg","contentUrl":"https:\/\/www.onetimenexttime.sk\/arduino\/wp-content\/uploads\/2021\/10\/98.jpg","width":501,"height":500},{"@type":"BreadcrumbList","@id":"https:\/\/www.onetimenexttime.sk\/arduino\/index.php\/produkt\/satellite-finder-alignment-signal-meter-receptor-for-sat-dish-tv-lnb-direc-digital-tv-signal-amplifier-satfinder\/#breadcrumb","itemListElement":[{"@type":"ListItem","position":1,"name":"Domov","item":"https:\/\/www.onetimenexttime.sk\/arduino\/"},{"@type":"ListItem","position":2,"name":"Obchod","item":"https:\/\/www.onetimenexttime.sk\/arduino\/"},{"@type":"ListItem","position":3,"name":"Satellite Finder Alignment Signal Meter Receptor For Sat Dish TV LNB Direc Digital TV Signal Amplifier Satfinder"}]},{"@type":"WebSite","@id":"https:\/\/www.onetimenexttime.sk\/arduino\/#website","url":"https:\/\/www.onetimenexttime.sk\/arduino\/","name":"Arduino e-shop","description":"Home Assistant","potentialAction":[{"@type":"SearchAction","target":{"@type":"EntryPoint","urlTemplate":"https:\/\/www.onetimenexttime.sk\/arduino\/?s={search_term_string}"},"query-input":{"@type":"PropertyValueSpecification","valueRequired":true,"valueName":"search_term_string"}}],"inLanguage":"sk-SK"}]}},"_links":{"self":[{"href":"https:\/\/www.onetimenexttime.sk\/arduino\/index.php\/wp-json\/wp\/v2\/product\/802"}],"collection":[{"href":"https:\/\/www.onetimenexttime.sk\/arduino\/index.php\/wp-json\/wp\/v2\/product"}],"about":[{"href":"https:\/\/www.onetimenexttime.sk\/arduino\/index.php\/wp-json\/wp\/v2\/types\/product"}],"wp:featuredmedia":[{"embeddable":true,"href":"https:\/\/www.onetimenexttime.sk\/arduino\/index.php\/wp-json\/wp\/v2\/media\/803"}],"wp:attachment":[{"href":"https:\/\/www.onetimenexttime.sk\/arduino\/index.php\/wp-json\/wp\/v2\/media?parent=802"}],"wp:term":[{"taxonomy":"product_cat","embeddable":true,"href":"https:\/\/www.onetimenexttime.sk\/arduino\/index.php\/wp-json\/wp\/v2\/product_cat?post=802"},{"taxonomy":"product_tag","embeddable":true,"href":"https:\/\/www.onetimenexttime.sk\/arduino\/index.php\/wp-json\/wp\/v2\/product_tag?post=802"}],"curies":[{"name":"wp","href":"https:\/\/api.w.org\/{rel}","templated":true}]}}