{"id":782,"date":"2021-10-30T21:15:48","date_gmt":"2021-10-30T19:15:48","guid":{"rendered":"https:\/\/www.onetimenexttime.sk\/arduino\/?post_type=product&#038;p=782"},"modified":"2021-10-30T21:23:19","modified_gmt":"2021-10-30T19:23:19","slug":"digital-temperature-controller-thermostat-thermoregulator-incubator-relay-led-10a-heating-cooling-stc-1000-12v","status":"publish","type":"product","link":"https:\/\/www.onetimenexttime.sk\/arduino\/index.php\/produkt\/digital-temperature-controller-thermostat-thermoregulator-incubator-relay-led-10a-heating-cooling-stc-1000-12v\/","title":{"rendered":"Digital Temperature Controller Thermostat Thermoregulator incubator Relay LED 10A Heating Cooling STC-1000  12V"},"content":{"rendered":"<h2>Digit\u00e1lny regul\u00e1tor teploty Termostat Termoregul\u00e1tor inkub\u00e1tor Rel\u00e9 LED 10A K\u00farenie Chladenie STC-1000\u00a0 12V<\/h2>\n<p>Ketotek STC-1000 digit\u00e1lny regul\u00e1tor teploty Termostat Termoregul\u00e1tor pre inkub\u00e1tor Rel\u00e9 LED 10A 2 stupne K\u00farenie Chladenie 110V 220V 12V 24V nap\u00e1janie<\/p>\n<p>&nbsp;<\/p>\n<p>&nbsp;<\/p>\n<p>Prep\u00ednajte re\u017eimy medzi chladen\u00edm a teplom;<\/p>\n<p>Ovl\u00e1danie teploty nastaven\u00edm hodnoty nastavenia teploty a hodnoty rozdielu;<\/p>\n<p>Kalibr\u00e1cia teploty;<\/p>\n<p>Ochrana pred oneskoren\u00edm v\u00fdstupu riadenia chladenia;<\/p>\n<p>Alarm pri prekro\u010den\u00ed teploty alebo pri chybe sn\u00edma\u010da.<\/p>\n<p>V\u0161etky nastavenia parametrov je mo\u017en\u00e9 ulo\u017ei\u0165 po vypnut\u00ed.<\/p>\n<p>M\u00f4\u017ee by\u0165 pou\u017eit\u00fd pre dom\u00e1ce mrazni\u010dky, chladni\u010dky, priemyseln\u00e9 chladi\u010de, parn\u00edky, priemyseln\u00e9 zariadenia a in\u00e9 aplik\u00e1cie na regul\u00e1ciu teploty.<\/p>\n<p>&nbsp;<\/p>\n<div><strong>STC-1000<\/strong><\/div>\n<div><\/div>\n<table border=\"1\" cellspacing=\"0\" cellpadding=\"0\">\n<tbody>\n<tr>\n<td><strong>Code<\/strong><\/td>\n<td><strong>Function<\/strong><\/td>\n<td><strong>Set Range<\/strong><\/td>\n<td><strong>Default<\/strong><\/td>\n<\/tr>\n<tr>\n<td>\n<p align=\"left\"><strong>F1<\/strong><\/p>\n<\/td>\n<td>Temperature set value<\/td>\n<td>-50.0~99.9\u00b0C<\/td>\n<td>10.0\u00b0C<\/td>\n<\/tr>\n<tr>\n<td><strong>F2<\/strong><\/td>\n<td>Difference set value<\/td>\n<td>0.3~10.0\u00b0C<\/td>\n<td>0.5\u00b0C<\/td>\n<\/tr>\n<tr>\n<td><strong>F3<\/strong><\/td>\n<td>Compressor delay time<\/td>\n<td>1~10 minutes<\/td>\n<td>3 minutes<\/td>\n<\/tr>\n<tr>\n<td><strong>F4<\/strong><\/td>\n<td>Temperature calibration value<\/td>\n<td>-10.0\u00b0C~10.0\u00b0C<\/td>\n<td>0\u00b0C<\/td>\n<\/tr>\n<\/tbody>\n<\/table>\n<div><\/div>\n<div><\/div>\n<div>\n<table>\n<tbody>\n<tr>\n<td>\n<p style=\"font-weight: 400;\">\n<\/td>\n<td>\n<p style=\"font-weight: 400;\"><strong style=\"font-weight: 700 !important;\" data-spm-anchor-id=\"a2g0o.detail.1000023.i1.15df108aXbnXU4\">STC-1000<\/strong><\/p>\n<\/td>\n<\/tr>\n<tr>\n<td>\n<p style=\"font-weight: 400;\"><strong style=\"font-weight: 700 !important;\">Modes<\/strong><\/p>\n<\/td>\n<td colspan=\"2\">\n<p style=\"font-weight: 400;\">Heating and Cooling<\/p>\n<\/td>\n<\/tr>\n<tr>\n<td>\n<p style=\"font-weight: 400;\"><strong style=\"font-weight: 700 !important;\">Display<\/strong><\/p>\n<\/td>\n<td>\n<p style=\"font-weight: 400;\">\u00b0 C<\/p>\n<\/td>\n<td>\n<p style=\"font-weight: 400;\">\n<\/td>\n<\/tr>\n<tr>\n<td>\n<p style=\"font-weight: 400;\"><strong style=\"font-weight: 700 !important;\">High temperature<\/strong><\/p>\n<p style=\"font-weight: 400;\"><strong style=\"font-weight: 700 !important;\">alarm limit setting<\/strong><\/p>\n<\/td>\n<td>\n<p style=\"font-weight: 400;\">NO<\/p>\n<\/td>\n<td>\n<p style=\"font-weight: 400;\">\n<\/td>\n<\/tr>\n<tr>\n<td>\n<p style=\"font-weight: 400;\"><strong style=\"font-weight: 700 !important;\">Temperature measuring range<\/strong><\/p>\n<\/td>\n<td><\/td>\n<td><\/td>\n<\/tr>\n<tr>\n<td>\n<p style=\"font-weight: 400;\"><strong style=\"font-weight: 700 !important;\">Return difference Value:<\/strong><\/p>\n<\/td>\n<td>\n<p style=\"font-weight: 400;\">0.3~10.0\u00b0C<\/p>\n<\/td>\n<td>\n<p style=\"font-weight: 400;\">\n<\/td>\n<\/tr>\n<tr>\n<td>\n<p style=\"font-weight: 400;\"><strong style=\"font-weight: 700 !important;\">Resolution<\/strong><\/p>\n<\/td>\n<td>\n<p style=\"font-weight: 400;\">0.1 \u00b0 C<\/p>\n<\/td>\n<td>\n<p style=\"font-weight: 400;\">\n<\/td>\n<\/tr>\n<tr>\n<td>\n<p style=\"font-weight: 400;\"><strong style=\"font-weight: 700 !important;\">Accuracy<\/strong><\/p>\n<\/td>\n<td>\n<p style=\"font-weight: 400;\">+\/- 1\u00b0 C (-50 \u00b0 C ~ 70 \u00b0 C)<\/p>\n<\/td>\n<td>\n<p style=\"font-weight: 400;\">\n<\/td>\n<\/tr>\n<tr>\n<td>\n<p style=\"font-weight: 400;\"><strong style=\"font-weight: 700 !important;\">Power supply<\/strong><\/p>\n<\/td>\n<td>\n<p style=\"font-weight: 400;\">12VDC<\/p>\n<\/td>\n<td>\n<p style=\"font-weight: 400;\">\n<\/td>\n<\/tr>\n<tr>\n<td>\n<p style=\"font-weight: 400;\"><strong style=\"font-weight: 700 !important;\">Power Consumpption<\/strong><\/p>\n<\/td>\n<td colspan=\"2\">\n<p style=\"font-weight: 400;\">&lt;3W<\/p>\n<\/td>\n<\/tr>\n<tr>\n<td>\n<p style=\"font-weight: 400;\"><strong style=\"font-weight: 700 !important;\">Output Relay<\/strong><\/p>\n<\/td>\n<td colspan=\"2\">\n<p style=\"font-weight: 400;\">Two Relay\u00a0Cool 10A\/220VAC; Heat 10A\/220VAC<\/p>\n<\/td>\n<\/tr>\n<tr>\n<td>\n<p style=\"font-weight: 400;\"><strong style=\"font-weight: 700 !important;\">NTC sensor<\/strong><\/p>\n<\/td>\n<td colspan=\"2\">\n<p style=\"font-weight: 400;\">1m<\/p>\n<\/td>\n<\/tr>\n<tr>\n<td>\n<p style=\"font-weight: 400;\"><strong style=\"font-weight: 700 !important;\">Delay start and temperature calibration<\/strong><\/p>\n<\/td>\n<td colspan=\"2\">\n<p style=\"font-weight: 400;\">Yes<\/p>\n<\/td>\n<\/tr>\n<tr>\n<td>\n<p style=\"font-weight: 400;\"><strong style=\"font-weight: 700 !important;\">Size<\/strong><\/p>\n<\/td>\n<td colspan=\"2\">\n<p style=\"font-weight: 400;\">75mm(L)*34mm(W)*85mm(Depth)<\/p>\n<\/td>\n<\/tr>\n<tr>\n<td>\n<p style=\"font-weight: 400;\"><strong style=\"font-weight: 700 !important;\">Mounting Size<\/strong><\/p>\n<\/td>\n<td colspan=\"2\">\n<p style=\"font-weight: 400;\">71(L)*29(W)mm<\/p>\n<\/td>\n<\/tr>\n<\/tbody>\n<\/table>\n<\/div>\n<p>STC-1000 230VAC s 2m vodotesn\u00fdm senzorom, stabilnej\u0161\u00ed<\/p>\n","protected":false},"excerpt":{"rendered":"<p>Digit\u00e1lny regul\u00e1tor teploty Termostat Termoregul\u00e1tor inkub\u00e1tor Rel\u00e9 LED 10A K\u00farenie Chladenie STC-1000\u00a0 12V Ketotek STC-1000 digit\u00e1lny regul\u00e1tor teploty Termostat Termoregul\u00e1tor&hellip;<\/p>\n","protected":false},"featured_media":784,"template":"","meta":{"_monsterinsights_skip_tracking":false,"_monsterinsights_sitenote_active":false,"_monsterinsights_sitenote_note":"","_monsterinsights_sitenote_category":0},"product_cat":[47],"product_tag":[],"class_list":{"0":"post-782","1":"product","2":"type-product","3":"status-publish","4":"has-post-thumbnail","6":"product_cat-teplota","8":"first","9":"instock","10":"sale","11":"shipping-taxable","12":"purchasable","13":"product-type-simple"},"yoast_head":"<!-- This site is optimized with the Yoast SEO plugin v23.6 - https:\/\/yoast.com\/wordpress\/plugins\/seo\/ -->\n<title>Digital Temperature Controller Thermostat Thermoregulator incubator Relay LED 10A Heating Cooling STC-1000 12V - Arduino e-shop<\/title>\n<meta name=\"robots\" content=\"index, follow, max-snippet:-1, max-image-preview:large, max-video-preview:-1\" \/>\n<link rel=\"canonical\" href=\"https:\/\/www.onetimenexttime.sk\/arduino\/index.php\/produkt\/digital-temperature-controller-thermostat-thermoregulator-incubator-relay-led-10a-heating-cooling-stc-1000-12v\/\" \/>\n<meta property=\"og:locale\" content=\"sk_SK\" \/>\n<meta property=\"og:type\" content=\"article\" \/>\n<meta property=\"og:title\" content=\"Digital Temperature Controller Thermostat Thermoregulator incubator Relay LED 10A Heating Cooling STC-1000 12V - Arduino e-shop\" \/>\n<meta property=\"og:description\" content=\"Digit\u00e1lny regul\u00e1tor teploty Termostat Termoregul\u00e1tor inkub\u00e1tor Rel\u00e9 LED 10A K\u00farenie Chladenie STC-1000\u00a0 12V Ketotek STC-1000 digit\u00e1lny regul\u00e1tor teploty Termostat Termoregul\u00e1tor&hellip;\" \/>\n<meta property=\"og:url\" content=\"https:\/\/www.onetimenexttime.sk\/arduino\/index.php\/produkt\/digital-temperature-controller-thermostat-thermoregulator-incubator-relay-led-10a-heating-cooling-stc-1000-12v\/\" \/>\n<meta property=\"og:site_name\" content=\"Arduino e-shop\" \/>\n<meta property=\"article:modified_time\" content=\"2021-10-30T19:23:19+00:00\" \/>\n<meta property=\"og:image\" content=\"https:\/\/www.onetimenexttime.sk\/arduino\/wp-content\/uploads\/2021\/10\/1717.jpg\" \/>\n\t<meta property=\"og:image:width\" content=\"508\" \/>\n\t<meta property=\"og:image:height\" content=\"500\" \/>\n\t<meta property=\"og:image:type\" content=\"image\/jpeg\" \/>\n<meta name=\"twitter:card\" content=\"summary_large_image\" \/>\n<meta name=\"twitter:label1\" content=\"Predpokladan\u00fd \u010das \u010d\u00edtania\" \/>\n\t<meta name=\"twitter:data1\" content=\"1 min\u00fata\" \/>\n<script type=\"application\/ld+json\" class=\"yoast-schema-graph\">{\"@context\":\"https:\/\/schema.org\",\"@graph\":[{\"@type\":\"WebPage\",\"@id\":\"https:\/\/www.onetimenexttime.sk\/arduino\/index.php\/produkt\/digital-temperature-controller-thermostat-thermoregulator-incubator-relay-led-10a-heating-cooling-stc-1000-12v\/\",\"url\":\"https:\/\/www.onetimenexttime.sk\/arduino\/index.php\/produkt\/digital-temperature-controller-thermostat-thermoregulator-incubator-relay-led-10a-heating-cooling-stc-1000-12v\/\",\"name\":\"Digital Temperature Controller Thermostat Thermoregulator incubator Relay LED 10A Heating Cooling STC-1000 12V - Arduino e-shop\",\"isPartOf\":{\"@id\":\"https:\/\/www.onetimenexttime.sk\/arduino\/#website\"},\"primaryImageOfPage\":{\"@id\":\"https:\/\/www.onetimenexttime.sk\/arduino\/index.php\/produkt\/digital-temperature-controller-thermostat-thermoregulator-incubator-relay-led-10a-heating-cooling-stc-1000-12v\/#primaryimage\"},\"image\":{\"@id\":\"https:\/\/www.onetimenexttime.sk\/arduino\/index.php\/produkt\/digital-temperature-controller-thermostat-thermoregulator-incubator-relay-led-10a-heating-cooling-stc-1000-12v\/#primaryimage\"},\"thumbnailUrl\":\"https:\/\/www.onetimenexttime.sk\/arduino\/wp-content\/uploads\/2021\/10\/1717.jpg\",\"datePublished\":\"2021-10-30T19:15:48+00:00\",\"dateModified\":\"2021-10-30T19:23:19+00:00\",\"breadcrumb\":{\"@id\":\"https:\/\/www.onetimenexttime.sk\/arduino\/index.php\/produkt\/digital-temperature-controller-thermostat-thermoregulator-incubator-relay-led-10a-heating-cooling-stc-1000-12v\/#breadcrumb\"},\"inLanguage\":\"sk-SK\",\"potentialAction\":[{\"@type\":\"ReadAction\",\"target\":[\"https:\/\/www.onetimenexttime.sk\/arduino\/index.php\/produkt\/digital-temperature-controller-thermostat-thermoregulator-incubator-relay-led-10a-heating-cooling-stc-1000-12v\/\"]}]},{\"@type\":\"ImageObject\",\"inLanguage\":\"sk-SK\",\"@id\":\"https:\/\/www.onetimenexttime.sk\/arduino\/index.php\/produkt\/digital-temperature-controller-thermostat-thermoregulator-incubator-relay-led-10a-heating-cooling-stc-1000-12v\/#primaryimage\",\"url\":\"https:\/\/www.onetimenexttime.sk\/arduino\/wp-content\/uploads\/2021\/10\/1717.jpg\",\"contentUrl\":\"https:\/\/www.onetimenexttime.sk\/arduino\/wp-content\/uploads\/2021\/10\/1717.jpg\",\"width\":508,\"height\":500},{\"@type\":\"BreadcrumbList\",\"@id\":\"https:\/\/www.onetimenexttime.sk\/arduino\/index.php\/produkt\/digital-temperature-controller-thermostat-thermoregulator-incubator-relay-led-10a-heating-cooling-stc-1000-12v\/#breadcrumb\",\"itemListElement\":[{\"@type\":\"ListItem\",\"position\":1,\"name\":\"Domov\",\"item\":\"https:\/\/www.onetimenexttime.sk\/arduino\/\"},{\"@type\":\"ListItem\",\"position\":2,\"name\":\"Obchod\",\"item\":\"https:\/\/www.onetimenexttime.sk\/arduino\/\"},{\"@type\":\"ListItem\",\"position\":3,\"name\":\"Digital Temperature Controller Thermostat Thermoregulator incubator Relay LED 10A Heating Cooling STC-1000 12V\"}]},{\"@type\":\"WebSite\",\"@id\":\"https:\/\/www.onetimenexttime.sk\/arduino\/#website\",\"url\":\"https:\/\/www.onetimenexttime.sk\/arduino\/\",\"name\":\"Arduino e-shop\",\"description\":\"Home Assistant\",\"potentialAction\":[{\"@type\":\"SearchAction\",\"target\":{\"@type\":\"EntryPoint\",\"urlTemplate\":\"https:\/\/www.onetimenexttime.sk\/arduino\/?s={search_term_string}\"},\"query-input\":{\"@type\":\"PropertyValueSpecification\",\"valueRequired\":true,\"valueName\":\"search_term_string\"}}],\"inLanguage\":\"sk-SK\"}]}<\/script>\n<!-- \/ Yoast SEO plugin. -->","yoast_head_json":{"title":"Digital Temperature Controller Thermostat Thermoregulator incubator Relay LED 10A Heating Cooling STC-1000 12V - Arduino e-shop","robots":{"index":"index","follow":"follow","max-snippet":"max-snippet:-1","max-image-preview":"max-image-preview:large","max-video-preview":"max-video-preview:-1"},"canonical":"https:\/\/www.onetimenexttime.sk\/arduino\/index.php\/produkt\/digital-temperature-controller-thermostat-thermoregulator-incubator-relay-led-10a-heating-cooling-stc-1000-12v\/","og_locale":"sk_SK","og_type":"article","og_title":"Digital Temperature Controller Thermostat Thermoregulator incubator Relay LED 10A Heating Cooling STC-1000 12V - Arduino e-shop","og_description":"Digit\u00e1lny regul\u00e1tor teploty Termostat Termoregul\u00e1tor inkub\u00e1tor Rel\u00e9 LED 10A K\u00farenie Chladenie STC-1000\u00a0 12V Ketotek STC-1000 digit\u00e1lny regul\u00e1tor teploty Termostat Termoregul\u00e1tor&hellip;","og_url":"https:\/\/www.onetimenexttime.sk\/arduino\/index.php\/produkt\/digital-temperature-controller-thermostat-thermoregulator-incubator-relay-led-10a-heating-cooling-stc-1000-12v\/","og_site_name":"Arduino e-shop","article_modified_time":"2021-10-30T19:23:19+00:00","og_image":[{"width":508,"height":500,"url":"https:\/\/www.onetimenexttime.sk\/arduino\/wp-content\/uploads\/2021\/10\/1717.jpg","type":"image\/jpeg"}],"twitter_card":"summary_large_image","twitter_misc":{"Predpokladan\u00fd \u010das \u010d\u00edtania":"1 min\u00fata"},"schema":{"@context":"https:\/\/schema.org","@graph":[{"@type":"WebPage","@id":"https:\/\/www.onetimenexttime.sk\/arduino\/index.php\/produkt\/digital-temperature-controller-thermostat-thermoregulator-incubator-relay-led-10a-heating-cooling-stc-1000-12v\/","url":"https:\/\/www.onetimenexttime.sk\/arduino\/index.php\/produkt\/digital-temperature-controller-thermostat-thermoregulator-incubator-relay-led-10a-heating-cooling-stc-1000-12v\/","name":"Digital Temperature Controller Thermostat Thermoregulator incubator Relay LED 10A Heating Cooling STC-1000 12V - Arduino e-shop","isPartOf":{"@id":"https:\/\/www.onetimenexttime.sk\/arduino\/#website"},"primaryImageOfPage":{"@id":"https:\/\/www.onetimenexttime.sk\/arduino\/index.php\/produkt\/digital-temperature-controller-thermostat-thermoregulator-incubator-relay-led-10a-heating-cooling-stc-1000-12v\/#primaryimage"},"image":{"@id":"https:\/\/www.onetimenexttime.sk\/arduino\/index.php\/produkt\/digital-temperature-controller-thermostat-thermoregulator-incubator-relay-led-10a-heating-cooling-stc-1000-12v\/#primaryimage"},"thumbnailUrl":"https:\/\/www.onetimenexttime.sk\/arduino\/wp-content\/uploads\/2021\/10\/1717.jpg","datePublished":"2021-10-30T19:15:48+00:00","dateModified":"2021-10-30T19:23:19+00:00","breadcrumb":{"@id":"https:\/\/www.onetimenexttime.sk\/arduino\/index.php\/produkt\/digital-temperature-controller-thermostat-thermoregulator-incubator-relay-led-10a-heating-cooling-stc-1000-12v\/#breadcrumb"},"inLanguage":"sk-SK","potentialAction":[{"@type":"ReadAction","target":["https:\/\/www.onetimenexttime.sk\/arduino\/index.php\/produkt\/digital-temperature-controller-thermostat-thermoregulator-incubator-relay-led-10a-heating-cooling-stc-1000-12v\/"]}]},{"@type":"ImageObject","inLanguage":"sk-SK","@id":"https:\/\/www.onetimenexttime.sk\/arduino\/index.php\/produkt\/digital-temperature-controller-thermostat-thermoregulator-incubator-relay-led-10a-heating-cooling-stc-1000-12v\/#primaryimage","url":"https:\/\/www.onetimenexttime.sk\/arduino\/wp-content\/uploads\/2021\/10\/1717.jpg","contentUrl":"https:\/\/www.onetimenexttime.sk\/arduino\/wp-content\/uploads\/2021\/10\/1717.jpg","width":508,"height":500},{"@type":"BreadcrumbList","@id":"https:\/\/www.onetimenexttime.sk\/arduino\/index.php\/produkt\/digital-temperature-controller-thermostat-thermoregulator-incubator-relay-led-10a-heating-cooling-stc-1000-12v\/#breadcrumb","itemListElement":[{"@type":"ListItem","position":1,"name":"Domov","item":"https:\/\/www.onetimenexttime.sk\/arduino\/"},{"@type":"ListItem","position":2,"name":"Obchod","item":"https:\/\/www.onetimenexttime.sk\/arduino\/"},{"@type":"ListItem","position":3,"name":"Digital Temperature Controller Thermostat Thermoregulator incubator Relay LED 10A Heating Cooling STC-1000 12V"}]},{"@type":"WebSite","@id":"https:\/\/www.onetimenexttime.sk\/arduino\/#website","url":"https:\/\/www.onetimenexttime.sk\/arduino\/","name":"Arduino e-shop","description":"Home Assistant","potentialAction":[{"@type":"SearchAction","target":{"@type":"EntryPoint","urlTemplate":"https:\/\/www.onetimenexttime.sk\/arduino\/?s={search_term_string}"},"query-input":{"@type":"PropertyValueSpecification","valueRequired":true,"valueName":"search_term_string"}}],"inLanguage":"sk-SK"}]}},"_links":{"self":[{"href":"https:\/\/www.onetimenexttime.sk\/arduino\/index.php\/wp-json\/wp\/v2\/product\/782"}],"collection":[{"href":"https:\/\/www.onetimenexttime.sk\/arduino\/index.php\/wp-json\/wp\/v2\/product"}],"about":[{"href":"https:\/\/www.onetimenexttime.sk\/arduino\/index.php\/wp-json\/wp\/v2\/types\/product"}],"wp:featuredmedia":[{"embeddable":true,"href":"https:\/\/www.onetimenexttime.sk\/arduino\/index.php\/wp-json\/wp\/v2\/media\/784"}],"wp:attachment":[{"href":"https:\/\/www.onetimenexttime.sk\/arduino\/index.php\/wp-json\/wp\/v2\/media?parent=782"}],"wp:term":[{"taxonomy":"product_cat","embeddable":true,"href":"https:\/\/www.onetimenexttime.sk\/arduino\/index.php\/wp-json\/wp\/v2\/product_cat?post=782"},{"taxonomy":"product_tag","embeddable":true,"href":"https:\/\/www.onetimenexttime.sk\/arduino\/index.php\/wp-json\/wp\/v2\/product_tag?post=782"}],"curies":[{"name":"wp","href":"https:\/\/api.w.org\/{rel}","templated":true}]}}