{"id":78,"date":"2021-10-17T20:43:27","date_gmt":"2021-10-17T18:43:27","guid":{"rendered":"https:\/\/www.onetimenexttime.sk\/arduino\/?post_type=product&#038;p=78"},"modified":"2021-10-18T09:31:47","modified_gmt":"2021-10-18T07:31:47","slug":"2-relay-ethernet-relay-smart-home-remote-control-network-relay-remote-switch","status":"publish","type":"product","link":"https:\/\/www.onetimenexttime.sk\/arduino\/index.php\/produkt\/2-relay-ethernet-relay-smart-home-remote-control-network-relay-remote-switch\/","title":{"rendered":"2 Relay \/ Ethernet relay \/ smart home \/ remote control \/ network relay Remote Switch"},"content":{"rendered":"<p>2 10A rel\u00e9ov\u00fd ovl\u00e1da\u010d s norm\u00e1lne otvoren\u00fdmi a norm\u00e1lne zatvoren\u00fdmi v\u00fdstupmi na inteligentn\u00e9 ovl\u00e1danie dom\u00e1cnosti, sekund\u00e1rny v\u00fdvoj pomocou svetiel, motorov a in\u00e9ho elektrick\u00e9ho zariadenia na dia\u013ekov\u00e9 ovl\u00e1danie pomocou mobiln\u00e9ho telef\u00f3nu alebo po\u010d\u00edta\u010da a poskytuje zdrojov\u00fd k\u00f3d C ++. Spo\u013eahliv\u00e9 sie\u0165ov\u00e9 pripojenie, odpojenie \u00c1no, router sa re\u0161tartuje, obnov\u00ed sa spo\u013eahliv\u00e9 sie\u0165ov\u00e9 pripojenie, dia\u013ekov\u00e9 ovl\u00e1danie cez br\u00e1nu. Tento v\u00fdrobok nap\u00e1ja 5V, s dvojcestn\u00fdm norm\u00e1lne otvoren\u00fdm rel\u00e9ov\u00fdm v\u00fdstupom, bez norm\u00e1lne uzavret\u00e9ho v\u00fdstupu. Na n\u00e1kup s v\u00fdstupom NC je mo\u017en\u00e9 zvoli\u0165 in\u00fd produkt.<\/p>\n<p>Ve\u013emi jednoduch\u00fd ovl\u00e1dac\u00ed pr\u00edkaz<\/p>\n<p>Send on1 otv\u00e1ra prv\u00e9 rel\u00e9, send off1 zatv\u00e1ra prv\u00e9 rel\u00e9, druh\u00fd sp\u00f4sob ovl\u00e1dania rovnak\u00fdm sp\u00f4sobom. Send read1 read the first relay of the state, such as the return on1 represents the first road rel\u00e9, the relay returns off1 first release. Ovl\u00e1danie m\u00f4\u017eete oddiali\u0165, napr\u00edklad odoslanie 1: 02, zobrazenie rel\u00e9 dve sekundy po uvo\u013enen\u00ed, odoslanie: 12 znamen\u00e1, \u017ee rel\u00e9 je pod nap\u00e4t\u00edm 12 sek\u00fand po uvo\u013enen\u00ed, \u010do je najdlh\u0161ie 99 sekundov\u00e9 oneskorenie.<\/p>\n<p>Pou\u017eitie PropertyProduct<\/p>\n<p>M\u00f4\u017ee by\u0165 pou\u017eit\u00fd na riadenie pr\u00edstupu, zapnut\u00fd riadiaci po\u010d\u00edta\u010d, dia\u013ekov\u00e9 ovl\u00e1danie spotrebi\u010dov. M\u00f4\u017ee to by\u0165 mimo sie\u0165ov\u00e9ho ovl\u00e1da\u010da, dia\u013ekov\u00e9ho ovl\u00e1da\u010da.<\/p>\n","protected":false},"excerpt":{"rendered":"<p>2 10A rel\u00e9ov\u00fd ovl\u00e1da\u010d s norm\u00e1lne otvoren\u00fdmi a norm\u00e1lne zatvoren\u00fdmi v\u00fdstupmi na inteligentn\u00e9 ovl\u00e1danie dom\u00e1cnosti, sekund\u00e1rny v\u00fdvoj pomocou svetiel, motorov&hellip;<\/p>\n","protected":false},"featured_media":79,"template":"","meta":{"_monsterinsights_skip_tracking":false,"_monsterinsights_sitenote_active":false,"_monsterinsights_sitenote_note":"","_monsterinsights_sitenote_category":0},"product_cat":[16],"product_tag":[],"class_list":{"0":"post-78","1":"product","2":"type-product","3":"status-publish","4":"has-post-thumbnail","6":"product_cat-ard","8":"first","9":"instock","10":"sale","11":"shipping-taxable","12":"purchasable","13":"product-type-simple"},"yoast_head":"<!-- This site is optimized with the Yoast SEO plugin v23.6 - https:\/\/yoast.com\/wordpress\/plugins\/seo\/ -->\n<title>2 Relay \/ Ethernet relay \/ smart home \/ remote control \/ network relay Remote Switch - Arduino e-shop<\/title>\n<meta name=\"robots\" content=\"index, follow, max-snippet:-1, max-image-preview:large, max-video-preview:-1\" \/>\n<link rel=\"canonical\" href=\"https:\/\/www.onetimenexttime.sk\/arduino\/index.php\/produkt\/2-relay-ethernet-relay-smart-home-remote-control-network-relay-remote-switch\/\" \/>\n<meta property=\"og:locale\" content=\"sk_SK\" \/>\n<meta property=\"og:type\" content=\"article\" \/>\n<meta property=\"og:title\" content=\"2 Relay \/ Ethernet relay \/ smart home \/ remote control \/ network relay Remote Switch - Arduino e-shop\" \/>\n<meta property=\"og:description\" content=\"2 10A rel\u00e9ov\u00fd ovl\u00e1da\u010d s norm\u00e1lne otvoren\u00fdmi a norm\u00e1lne zatvoren\u00fdmi v\u00fdstupmi na inteligentn\u00e9 ovl\u00e1danie dom\u00e1cnosti, sekund\u00e1rny v\u00fdvoj pomocou svetiel, motorov&hellip;\" \/>\n<meta property=\"og:url\" content=\"https:\/\/www.onetimenexttime.sk\/arduino\/index.php\/produkt\/2-relay-ethernet-relay-smart-home-remote-control-network-relay-remote-switch\/\" \/>\n<meta property=\"og:site_name\" content=\"Arduino e-shop\" \/>\n<meta property=\"article:modified_time\" content=\"2021-10-18T07:31:47+00:00\" \/>\n<meta property=\"og:image\" content=\"https:\/\/www.onetimenexttime.sk\/arduino\/wp-content\/uploads\/2021\/10\/234.jpg\" \/>\n\t<meta property=\"og:image:width\" content=\"506\" \/>\n\t<meta property=\"og:image:height\" content=\"504\" \/>\n\t<meta property=\"og:image:type\" content=\"image\/jpeg\" \/>\n<meta name=\"twitter:card\" content=\"summary_large_image\" \/>\n<meta name=\"twitter:label1\" content=\"Predpokladan\u00fd \u010das \u010d\u00edtania\" \/>\n\t<meta name=\"twitter:data1\" content=\"1 min\u00fata\" \/>\n<script type=\"application\/ld+json\" class=\"yoast-schema-graph\">{\"@context\":\"https:\/\/schema.org\",\"@graph\":[{\"@type\":\"WebPage\",\"@id\":\"https:\/\/www.onetimenexttime.sk\/arduino\/index.php\/produkt\/2-relay-ethernet-relay-smart-home-remote-control-network-relay-remote-switch\/\",\"url\":\"https:\/\/www.onetimenexttime.sk\/arduino\/index.php\/produkt\/2-relay-ethernet-relay-smart-home-remote-control-network-relay-remote-switch\/\",\"name\":\"2 Relay \/ Ethernet relay \/ smart home \/ remote control \/ network relay Remote Switch - Arduino e-shop\",\"isPartOf\":{\"@id\":\"https:\/\/www.onetimenexttime.sk\/arduino\/#website\"},\"primaryImageOfPage\":{\"@id\":\"https:\/\/www.onetimenexttime.sk\/arduino\/index.php\/produkt\/2-relay-ethernet-relay-smart-home-remote-control-network-relay-remote-switch\/#primaryimage\"},\"image\":{\"@id\":\"https:\/\/www.onetimenexttime.sk\/arduino\/index.php\/produkt\/2-relay-ethernet-relay-smart-home-remote-control-network-relay-remote-switch\/#primaryimage\"},\"thumbnailUrl\":\"https:\/\/www.onetimenexttime.sk\/arduino\/wp-content\/uploads\/2021\/10\/234.jpg\",\"datePublished\":\"2021-10-17T18:43:27+00:00\",\"dateModified\":\"2021-10-18T07:31:47+00:00\",\"breadcrumb\":{\"@id\":\"https:\/\/www.onetimenexttime.sk\/arduino\/index.php\/produkt\/2-relay-ethernet-relay-smart-home-remote-control-network-relay-remote-switch\/#breadcrumb\"},\"inLanguage\":\"sk-SK\",\"potentialAction\":[{\"@type\":\"ReadAction\",\"target\":[\"https:\/\/www.onetimenexttime.sk\/arduino\/index.php\/produkt\/2-relay-ethernet-relay-smart-home-remote-control-network-relay-remote-switch\/\"]}]},{\"@type\":\"ImageObject\",\"inLanguage\":\"sk-SK\",\"@id\":\"https:\/\/www.onetimenexttime.sk\/arduino\/index.php\/produkt\/2-relay-ethernet-relay-smart-home-remote-control-network-relay-remote-switch\/#primaryimage\",\"url\":\"https:\/\/www.onetimenexttime.sk\/arduino\/wp-content\/uploads\/2021\/10\/234.jpg\",\"contentUrl\":\"https:\/\/www.onetimenexttime.sk\/arduino\/wp-content\/uploads\/2021\/10\/234.jpg\",\"width\":506,\"height\":504},{\"@type\":\"BreadcrumbList\",\"@id\":\"https:\/\/www.onetimenexttime.sk\/arduino\/index.php\/produkt\/2-relay-ethernet-relay-smart-home-remote-control-network-relay-remote-switch\/#breadcrumb\",\"itemListElement\":[{\"@type\":\"ListItem\",\"position\":1,\"name\":\"Domov\",\"item\":\"https:\/\/www.onetimenexttime.sk\/arduino\/\"},{\"@type\":\"ListItem\",\"position\":2,\"name\":\"Obchod\",\"item\":\"https:\/\/www.onetimenexttime.sk\/arduino\/\"},{\"@type\":\"ListItem\",\"position\":3,\"name\":\"2 Relay \/ Ethernet relay \/ smart home \/ remote control \/ network relay Remote Switch\"}]},{\"@type\":\"WebSite\",\"@id\":\"https:\/\/www.onetimenexttime.sk\/arduino\/#website\",\"url\":\"https:\/\/www.onetimenexttime.sk\/arduino\/\",\"name\":\"Arduino e-shop\",\"description\":\"Home Assistant\",\"potentialAction\":[{\"@type\":\"SearchAction\",\"target\":{\"@type\":\"EntryPoint\",\"urlTemplate\":\"https:\/\/www.onetimenexttime.sk\/arduino\/?s={search_term_string}\"},\"query-input\":{\"@type\":\"PropertyValueSpecification\",\"valueRequired\":true,\"valueName\":\"search_term_string\"}}],\"inLanguage\":\"sk-SK\"}]}<\/script>\n<!-- \/ Yoast SEO plugin. -->","yoast_head_json":{"title":"2 Relay \/ Ethernet relay \/ smart home \/ remote control \/ network relay Remote Switch - Arduino e-shop","robots":{"index":"index","follow":"follow","max-snippet":"max-snippet:-1","max-image-preview":"max-image-preview:large","max-video-preview":"max-video-preview:-1"},"canonical":"https:\/\/www.onetimenexttime.sk\/arduino\/index.php\/produkt\/2-relay-ethernet-relay-smart-home-remote-control-network-relay-remote-switch\/","og_locale":"sk_SK","og_type":"article","og_title":"2 Relay \/ Ethernet relay \/ smart home \/ remote control \/ network relay Remote Switch - Arduino e-shop","og_description":"2 10A rel\u00e9ov\u00fd ovl\u00e1da\u010d s norm\u00e1lne otvoren\u00fdmi a norm\u00e1lne zatvoren\u00fdmi v\u00fdstupmi na inteligentn\u00e9 ovl\u00e1danie dom\u00e1cnosti, sekund\u00e1rny v\u00fdvoj pomocou svetiel, motorov&hellip;","og_url":"https:\/\/www.onetimenexttime.sk\/arduino\/index.php\/produkt\/2-relay-ethernet-relay-smart-home-remote-control-network-relay-remote-switch\/","og_site_name":"Arduino e-shop","article_modified_time":"2021-10-18T07:31:47+00:00","og_image":[{"width":506,"height":504,"url":"https:\/\/www.onetimenexttime.sk\/arduino\/wp-content\/uploads\/2021\/10\/234.jpg","type":"image\/jpeg"}],"twitter_card":"summary_large_image","twitter_misc":{"Predpokladan\u00fd \u010das \u010d\u00edtania":"1 min\u00fata"},"schema":{"@context":"https:\/\/schema.org","@graph":[{"@type":"WebPage","@id":"https:\/\/www.onetimenexttime.sk\/arduino\/index.php\/produkt\/2-relay-ethernet-relay-smart-home-remote-control-network-relay-remote-switch\/","url":"https:\/\/www.onetimenexttime.sk\/arduino\/index.php\/produkt\/2-relay-ethernet-relay-smart-home-remote-control-network-relay-remote-switch\/","name":"2 Relay \/ Ethernet relay \/ smart home \/ remote control \/ network relay Remote Switch - Arduino e-shop","isPartOf":{"@id":"https:\/\/www.onetimenexttime.sk\/arduino\/#website"},"primaryImageOfPage":{"@id":"https:\/\/www.onetimenexttime.sk\/arduino\/index.php\/produkt\/2-relay-ethernet-relay-smart-home-remote-control-network-relay-remote-switch\/#primaryimage"},"image":{"@id":"https:\/\/www.onetimenexttime.sk\/arduino\/index.php\/produkt\/2-relay-ethernet-relay-smart-home-remote-control-network-relay-remote-switch\/#primaryimage"},"thumbnailUrl":"https:\/\/www.onetimenexttime.sk\/arduino\/wp-content\/uploads\/2021\/10\/234.jpg","datePublished":"2021-10-17T18:43:27+00:00","dateModified":"2021-10-18T07:31:47+00:00","breadcrumb":{"@id":"https:\/\/www.onetimenexttime.sk\/arduino\/index.php\/produkt\/2-relay-ethernet-relay-smart-home-remote-control-network-relay-remote-switch\/#breadcrumb"},"inLanguage":"sk-SK","potentialAction":[{"@type":"ReadAction","target":["https:\/\/www.onetimenexttime.sk\/arduino\/index.php\/produkt\/2-relay-ethernet-relay-smart-home-remote-control-network-relay-remote-switch\/"]}]},{"@type":"ImageObject","inLanguage":"sk-SK","@id":"https:\/\/www.onetimenexttime.sk\/arduino\/index.php\/produkt\/2-relay-ethernet-relay-smart-home-remote-control-network-relay-remote-switch\/#primaryimage","url":"https:\/\/www.onetimenexttime.sk\/arduino\/wp-content\/uploads\/2021\/10\/234.jpg","contentUrl":"https:\/\/www.onetimenexttime.sk\/arduino\/wp-content\/uploads\/2021\/10\/234.jpg","width":506,"height":504},{"@type":"BreadcrumbList","@id":"https:\/\/www.onetimenexttime.sk\/arduino\/index.php\/produkt\/2-relay-ethernet-relay-smart-home-remote-control-network-relay-remote-switch\/#breadcrumb","itemListElement":[{"@type":"ListItem","position":1,"name":"Domov","item":"https:\/\/www.onetimenexttime.sk\/arduino\/"},{"@type":"ListItem","position":2,"name":"Obchod","item":"https:\/\/www.onetimenexttime.sk\/arduino\/"},{"@type":"ListItem","position":3,"name":"2 Relay \/ Ethernet relay \/ smart home \/ remote control \/ network relay Remote Switch"}]},{"@type":"WebSite","@id":"https:\/\/www.onetimenexttime.sk\/arduino\/#website","url":"https:\/\/www.onetimenexttime.sk\/arduino\/","name":"Arduino e-shop","description":"Home Assistant","potentialAction":[{"@type":"SearchAction","target":{"@type":"EntryPoint","urlTemplate":"https:\/\/www.onetimenexttime.sk\/arduino\/?s={search_term_string}"},"query-input":{"@type":"PropertyValueSpecification","valueRequired":true,"valueName":"search_term_string"}}],"inLanguage":"sk-SK"}]}},"_links":{"self":[{"href":"https:\/\/www.onetimenexttime.sk\/arduino\/index.php\/wp-json\/wp\/v2\/product\/78"}],"collection":[{"href":"https:\/\/www.onetimenexttime.sk\/arduino\/index.php\/wp-json\/wp\/v2\/product"}],"about":[{"href":"https:\/\/www.onetimenexttime.sk\/arduino\/index.php\/wp-json\/wp\/v2\/types\/product"}],"wp:featuredmedia":[{"embeddable":true,"href":"https:\/\/www.onetimenexttime.sk\/arduino\/index.php\/wp-json\/wp\/v2\/media\/79"}],"wp:attachment":[{"href":"https:\/\/www.onetimenexttime.sk\/arduino\/index.php\/wp-json\/wp\/v2\/media?parent=78"}],"wp:term":[{"taxonomy":"product_cat","embeddable":true,"href":"https:\/\/www.onetimenexttime.sk\/arduino\/index.php\/wp-json\/wp\/v2\/product_cat?post=78"},{"taxonomy":"product_tag","embeddable":true,"href":"https:\/\/www.onetimenexttime.sk\/arduino\/index.php\/wp-json\/wp\/v2\/product_tag?post=78"}],"curies":[{"name":"wp","href":"https:\/\/api.w.org\/{rel}","templated":true}]}}