{"id":779,"date":"2021-10-30T21:07:03","date_gmt":"2021-10-30T19:07:03","guid":{"rendered":"https:\/\/www.onetimenexttime.sk\/arduino\/?post_type=product&#038;p=779"},"modified":"2021-10-30T21:13:23","modified_gmt":"2021-10-30T19:13:23","slug":"sms-command-control-gsm-smart-power-plug-socket-switch-outlet-with-temperature-sensor-usb-output-sim-card-slot","status":"publish","type":"product","link":"https:\/\/www.onetimenexttime.sk\/arduino\/index.php\/produkt\/sms-command-control-gsm-smart-power-plug-socket-switch-outlet-with-temperature-sensor-usb-output-sim-card-slot\/","title":{"rendered":"SMS Command Control GSM Smart Power Plug Socket Switch Outlet with Temperature sensor USB Output Sim Card Slot"},"content":{"rendered":"<h2>Ovl\u00e1danie SMS pr\u00edkazmi GSM Smart Power Plug Z\u00e1suvkov\u00fd prep\u00edna\u010d s teplotn\u00fdm senzorom V\u00fdstup USB Slot pre SIM kartu<\/h2>\n<p>T\u00e1to gsm z\u00e1suvka je zabudovan\u00e1 v GSM module, ktor\u00fd ovl\u00e1da z\u00e1suvku pomocou SMS pr\u00edkazu; pou\u017e\u00edvatelia m\u00f4\u017eu pou\u017e\u00edva\u0165 mobiln\u00fd telef\u00f3n na ovl\u00e1danie elektrick\u00fdch spotrebi\u010dov kedyko\u013evek a kdeko\u013evek, v\u010faka \u010domu s\u00fa dom\u00e1ce spotrebi\u010de inteligentnej\u0161ie.<\/p>\n<p>Pozn\u00e1mka: Tento produkt podporuje iba 2G sie\u0165.<br \/>\nNa\u0161a GSM z\u00e1suvka m\u00e1 dva typy:<br \/>\nTyp 1: anglick\u00e1 verzia&#8211;GSM z\u00e1suvka s anglick\u00fdmi sms<\/p>\n<p>Typ 2: Rusk\u00e1 verzia&#8211;GSM z\u00e1suvka s ruskou sms<\/p>\n<p>Z\u00e1kazn\u00edkom \u0161tandardne po\u0161leme typ z\u00e1str\u010dky E\u00da. Ak potrebujete in\u00fd typ z\u00e1str\u010dky, zanechajte n\u00e1m spr\u00e1vu. V\u010faka.<\/p>\n<p>Hlavn\u00e9 rysy<br \/>\nAk chcete pou\u017ei\u0165, vlo\u017ete SIM kartu GSM.<br \/>\nPodpora iba 2G siete.<br \/>\nOdosla\u0165 SMS pr\u00edkaz na ovl\u00e1danie z\u00e1suvky.<br \/>\nVr\u00e1tane teplotn\u00e9ho sn\u00edma\u010da.<br \/>\nFunkcia merania teploty.<br \/>\nFunkcia merania spotreby elektrickej energie.<br \/>\nM\u00f4\u017ee posla\u0165 sms pr\u00edkaz s dotazom, ko\u013eko elektriny spotrebuje.<br \/>\nOdosla\u0165 SMS upozornenie pri zapnut\u00ed a v\u00fdpadku pr\u00fadu.<br \/>\nKontrola oneskorenia a funkcia kontroly \u010dasovania.<br \/>\nVzdialen\u00fd dotaz na teplotu prostredia.<br \/>\nOvl\u00e1danie teploty a funkcia upozornen\u00ed sms.<br \/>\n(V r\u00e1mci \u0161pecifikovanej teploty, ak je mimo alebo pod rozsahom hodn\u00f4t, prestane fungova\u0165 a odo\u0161le sms upozornenie.)<br \/>\nM\u00f4\u017ee nastavi\u0165 1 hlavn\u00e9 \u010d\u00edslo a viacero rodinn\u00fdch \u010d\u00edsel.<br \/>\nJazyk SMS: rusk\u00fd alebo anglick\u00fd.<br \/>\nVhodn\u00e9 pre elektrick\u00e9 spotrebi\u010de do 2200W. M\u00f4\u017ee ovl\u00e1da\u0165 zariadenie max 10A.<br \/>\nJedno 5V USB v\u00fdstupn\u00e9 rozhranie.<br \/>\nM\u00f4\u017ee by\u0165 pou\u017eit\u00fd vo v\u00e4\u010d\u0161ine kraj\u00edn, ale nepodporuje CDMA.<br \/>\nVstavan\u00fd bzu\u010diak na v\u00fdzvu na zapnutie alebo vypnutie a v\u00fdzvu na poplach (m\u00f4\u017ee posla\u0165 pr\u00edkaz sms na zapnutie tejto funkcie<br \/>\nElektrick\u00fd parameter<\/p>\n<p>Rozsah vstupn\u00e9ho \/ v\u00fdstupn\u00e9ho nap\u00e4tia z\u00e1suvky: AC110 ~ 250V<br \/>\nInduk\u010dn\u00fd rozsah sn\u00edma\u010da teploty: -10 \u2103 ~ 50 \u2103<br \/>\nMaxim\u00e1lny pracovn\u00fd pr\u00fad z\u00e1\u0165a\u017ee: 10A<br \/>\nPracovn\u00fd pr\u00fad: 110 ~ 180 mA<br \/>\nPracovn\u00e1 teplota: -20 \u2103 ~ 55 \u2103<br \/>\nSkladovacia teplota: -20 \u2103 ~ 70 \u2103<br \/>\nMaxim\u00e1lna doba udr\u017eiavania super kondenz\u00e1tora: 15S-18S<\/p>\n<p>Baliaci zoznam<\/p>\n<p>1* GSM Smart z\u00e1suvka<br \/>\n1 * Sn\u00edma\u010d teploty<br \/>\n1 * Pou\u017e\u00edvate\u013esk\u00e1 pr\u00edru\u010dka<\/p>\n<p>&nbsp;<\/p>\n","protected":false},"excerpt":{"rendered":"<p>Ovl\u00e1danie SMS pr\u00edkazmi GSM Smart Power Plug Z\u00e1suvkov\u00fd prep\u00edna\u010d s teplotn\u00fdm senzorom V\u00fdstup USB Slot pre SIM kartu T\u00e1to gsm&hellip;<\/p>\n","protected":false},"featured_media":781,"template":"","meta":{"_monsterinsights_skip_tracking":false,"_monsterinsights_sitenote_active":false,"_monsterinsights_sitenote_note":"","_monsterinsights_sitenote_category":0},"product_cat":[39,43,42,44],"product_tag":[],"class_list":{"0":"post-779","1":"product","2":"type-product","3":"status-publish","4":"has-post-thumbnail","6":"product_cat-mobil-gsm","7":"product_cat-office","8":"product_cat-smart","9":"product_cat-svetlo","11":"first","12":"instock","13":"sale","14":"shipping-taxable","15":"purchasable","16":"product-type-simple"},"yoast_head":"<!-- This site is optimized with the Yoast SEO plugin v23.6 - https:\/\/yoast.com\/wordpress\/plugins\/seo\/ -->\n<title>SMS Command Control GSM Smart Power Plug Socket Switch Outlet with Temperature sensor USB Output Sim Card Slot - Arduino e-shop<\/title>\n<meta name=\"robots\" content=\"index, follow, max-snippet:-1, max-image-preview:large, max-video-preview:-1\" \/>\n<link rel=\"canonical\" href=\"https:\/\/www.onetimenexttime.sk\/arduino\/index.php\/produkt\/sms-command-control-gsm-smart-power-plug-socket-switch-outlet-with-temperature-sensor-usb-output-sim-card-slot\/\" \/>\n<meta property=\"og:locale\" content=\"sk_SK\" \/>\n<meta property=\"og:type\" content=\"article\" \/>\n<meta property=\"og:title\" content=\"SMS Command Control GSM Smart Power Plug Socket Switch Outlet with Temperature sensor USB Output Sim Card Slot - Arduino e-shop\" \/>\n<meta property=\"og:description\" content=\"Ovl\u00e1danie SMS pr\u00edkazmi GSM Smart Power Plug Z\u00e1suvkov\u00fd prep\u00edna\u010d s teplotn\u00fdm senzorom V\u00fdstup USB Slot pre SIM kartu T\u00e1to gsm&hellip;\" \/>\n<meta property=\"og:url\" content=\"https:\/\/www.onetimenexttime.sk\/arduino\/index.php\/produkt\/sms-command-control-gsm-smart-power-plug-socket-switch-outlet-with-temperature-sensor-usb-output-sim-card-slot\/\" \/>\n<meta property=\"og:site_name\" content=\"Arduino e-shop\" \/>\n<meta property=\"article:modified_time\" content=\"2021-10-30T19:13:23+00:00\" \/>\n<meta property=\"og:image\" content=\"https:\/\/www.onetimenexttime.sk\/arduino\/wp-content\/uploads\/2021\/10\/100.jpg\" \/>\n\t<meta property=\"og:image:width\" content=\"506\" \/>\n\t<meta property=\"og:image:height\" content=\"507\" \/>\n\t<meta property=\"og:image:type\" content=\"image\/jpeg\" \/>\n<meta name=\"twitter:card\" content=\"summary_large_image\" \/>\n<meta name=\"twitter:label1\" content=\"Predpokladan\u00fd \u010das \u010d\u00edtania\" \/>\n\t<meta name=\"twitter:data1\" content=\"2 min\u00faty\" \/>\n<script type=\"application\/ld+json\" class=\"yoast-schema-graph\">{\"@context\":\"https:\/\/schema.org\",\"@graph\":[{\"@type\":\"WebPage\",\"@id\":\"https:\/\/www.onetimenexttime.sk\/arduino\/index.php\/produkt\/sms-command-control-gsm-smart-power-plug-socket-switch-outlet-with-temperature-sensor-usb-output-sim-card-slot\/\",\"url\":\"https:\/\/www.onetimenexttime.sk\/arduino\/index.php\/produkt\/sms-command-control-gsm-smart-power-plug-socket-switch-outlet-with-temperature-sensor-usb-output-sim-card-slot\/\",\"name\":\"SMS Command Control GSM Smart Power Plug Socket Switch Outlet with Temperature sensor USB Output Sim Card Slot - Arduino e-shop\",\"isPartOf\":{\"@id\":\"https:\/\/www.onetimenexttime.sk\/arduino\/#website\"},\"primaryImageOfPage\":{\"@id\":\"https:\/\/www.onetimenexttime.sk\/arduino\/index.php\/produkt\/sms-command-control-gsm-smart-power-plug-socket-switch-outlet-with-temperature-sensor-usb-output-sim-card-slot\/#primaryimage\"},\"image\":{\"@id\":\"https:\/\/www.onetimenexttime.sk\/arduino\/index.php\/produkt\/sms-command-control-gsm-smart-power-plug-socket-switch-outlet-with-temperature-sensor-usb-output-sim-card-slot\/#primaryimage\"},\"thumbnailUrl\":\"https:\/\/www.onetimenexttime.sk\/arduino\/wp-content\/uploads\/2021\/10\/100.jpg\",\"datePublished\":\"2021-10-30T19:07:03+00:00\",\"dateModified\":\"2021-10-30T19:13:23+00:00\",\"breadcrumb\":{\"@id\":\"https:\/\/www.onetimenexttime.sk\/arduino\/index.php\/produkt\/sms-command-control-gsm-smart-power-plug-socket-switch-outlet-with-temperature-sensor-usb-output-sim-card-slot\/#breadcrumb\"},\"inLanguage\":\"sk-SK\",\"potentialAction\":[{\"@type\":\"ReadAction\",\"target\":[\"https:\/\/www.onetimenexttime.sk\/arduino\/index.php\/produkt\/sms-command-control-gsm-smart-power-plug-socket-switch-outlet-with-temperature-sensor-usb-output-sim-card-slot\/\"]}]},{\"@type\":\"ImageObject\",\"inLanguage\":\"sk-SK\",\"@id\":\"https:\/\/www.onetimenexttime.sk\/arduino\/index.php\/produkt\/sms-command-control-gsm-smart-power-plug-socket-switch-outlet-with-temperature-sensor-usb-output-sim-card-slot\/#primaryimage\",\"url\":\"https:\/\/www.onetimenexttime.sk\/arduino\/wp-content\/uploads\/2021\/10\/100.jpg\",\"contentUrl\":\"https:\/\/www.onetimenexttime.sk\/arduino\/wp-content\/uploads\/2021\/10\/100.jpg\",\"width\":506,\"height\":507},{\"@type\":\"BreadcrumbList\",\"@id\":\"https:\/\/www.onetimenexttime.sk\/arduino\/index.php\/produkt\/sms-command-control-gsm-smart-power-plug-socket-switch-outlet-with-temperature-sensor-usb-output-sim-card-slot\/#breadcrumb\",\"itemListElement\":[{\"@type\":\"ListItem\",\"position\":1,\"name\":\"Domov\",\"item\":\"https:\/\/www.onetimenexttime.sk\/arduino\/\"},{\"@type\":\"ListItem\",\"position\":2,\"name\":\"Obchod\",\"item\":\"https:\/\/www.onetimenexttime.sk\/arduino\/\"},{\"@type\":\"ListItem\",\"position\":3,\"name\":\"SMS Command Control GSM Smart Power Plug Socket Switch Outlet with Temperature sensor USB Output Sim Card Slot\"}]},{\"@type\":\"WebSite\",\"@id\":\"https:\/\/www.onetimenexttime.sk\/arduino\/#website\",\"url\":\"https:\/\/www.onetimenexttime.sk\/arduino\/\",\"name\":\"Arduino e-shop\",\"description\":\"Home Assistant\",\"potentialAction\":[{\"@type\":\"SearchAction\",\"target\":{\"@type\":\"EntryPoint\",\"urlTemplate\":\"https:\/\/www.onetimenexttime.sk\/arduino\/?s={search_term_string}\"},\"query-input\":{\"@type\":\"PropertyValueSpecification\",\"valueRequired\":true,\"valueName\":\"search_term_string\"}}],\"inLanguage\":\"sk-SK\"}]}<\/script>\n<!-- \/ Yoast SEO plugin. -->","yoast_head_json":{"title":"SMS Command Control GSM Smart Power Plug Socket Switch Outlet with Temperature sensor USB Output Sim Card Slot - Arduino e-shop","robots":{"index":"index","follow":"follow","max-snippet":"max-snippet:-1","max-image-preview":"max-image-preview:large","max-video-preview":"max-video-preview:-1"},"canonical":"https:\/\/www.onetimenexttime.sk\/arduino\/index.php\/produkt\/sms-command-control-gsm-smart-power-plug-socket-switch-outlet-with-temperature-sensor-usb-output-sim-card-slot\/","og_locale":"sk_SK","og_type":"article","og_title":"SMS Command Control GSM Smart Power Plug Socket Switch Outlet with Temperature sensor USB Output Sim Card Slot - Arduino e-shop","og_description":"Ovl\u00e1danie SMS pr\u00edkazmi GSM Smart Power Plug Z\u00e1suvkov\u00fd prep\u00edna\u010d s teplotn\u00fdm senzorom V\u00fdstup USB Slot pre SIM kartu T\u00e1to gsm&hellip;","og_url":"https:\/\/www.onetimenexttime.sk\/arduino\/index.php\/produkt\/sms-command-control-gsm-smart-power-plug-socket-switch-outlet-with-temperature-sensor-usb-output-sim-card-slot\/","og_site_name":"Arduino e-shop","article_modified_time":"2021-10-30T19:13:23+00:00","og_image":[{"width":506,"height":507,"url":"https:\/\/www.onetimenexttime.sk\/arduino\/wp-content\/uploads\/2021\/10\/100.jpg","type":"image\/jpeg"}],"twitter_card":"summary_large_image","twitter_misc":{"Predpokladan\u00fd \u010das \u010d\u00edtania":"2 min\u00faty"},"schema":{"@context":"https:\/\/schema.org","@graph":[{"@type":"WebPage","@id":"https:\/\/www.onetimenexttime.sk\/arduino\/index.php\/produkt\/sms-command-control-gsm-smart-power-plug-socket-switch-outlet-with-temperature-sensor-usb-output-sim-card-slot\/","url":"https:\/\/www.onetimenexttime.sk\/arduino\/index.php\/produkt\/sms-command-control-gsm-smart-power-plug-socket-switch-outlet-with-temperature-sensor-usb-output-sim-card-slot\/","name":"SMS Command Control GSM Smart Power Plug Socket Switch Outlet with Temperature sensor USB Output Sim Card Slot - Arduino e-shop","isPartOf":{"@id":"https:\/\/www.onetimenexttime.sk\/arduino\/#website"},"primaryImageOfPage":{"@id":"https:\/\/www.onetimenexttime.sk\/arduino\/index.php\/produkt\/sms-command-control-gsm-smart-power-plug-socket-switch-outlet-with-temperature-sensor-usb-output-sim-card-slot\/#primaryimage"},"image":{"@id":"https:\/\/www.onetimenexttime.sk\/arduino\/index.php\/produkt\/sms-command-control-gsm-smart-power-plug-socket-switch-outlet-with-temperature-sensor-usb-output-sim-card-slot\/#primaryimage"},"thumbnailUrl":"https:\/\/www.onetimenexttime.sk\/arduino\/wp-content\/uploads\/2021\/10\/100.jpg","datePublished":"2021-10-30T19:07:03+00:00","dateModified":"2021-10-30T19:13:23+00:00","breadcrumb":{"@id":"https:\/\/www.onetimenexttime.sk\/arduino\/index.php\/produkt\/sms-command-control-gsm-smart-power-plug-socket-switch-outlet-with-temperature-sensor-usb-output-sim-card-slot\/#breadcrumb"},"inLanguage":"sk-SK","potentialAction":[{"@type":"ReadAction","target":["https:\/\/www.onetimenexttime.sk\/arduino\/index.php\/produkt\/sms-command-control-gsm-smart-power-plug-socket-switch-outlet-with-temperature-sensor-usb-output-sim-card-slot\/"]}]},{"@type":"ImageObject","inLanguage":"sk-SK","@id":"https:\/\/www.onetimenexttime.sk\/arduino\/index.php\/produkt\/sms-command-control-gsm-smart-power-plug-socket-switch-outlet-with-temperature-sensor-usb-output-sim-card-slot\/#primaryimage","url":"https:\/\/www.onetimenexttime.sk\/arduino\/wp-content\/uploads\/2021\/10\/100.jpg","contentUrl":"https:\/\/www.onetimenexttime.sk\/arduino\/wp-content\/uploads\/2021\/10\/100.jpg","width":506,"height":507},{"@type":"BreadcrumbList","@id":"https:\/\/www.onetimenexttime.sk\/arduino\/index.php\/produkt\/sms-command-control-gsm-smart-power-plug-socket-switch-outlet-with-temperature-sensor-usb-output-sim-card-slot\/#breadcrumb","itemListElement":[{"@type":"ListItem","position":1,"name":"Domov","item":"https:\/\/www.onetimenexttime.sk\/arduino\/"},{"@type":"ListItem","position":2,"name":"Obchod","item":"https:\/\/www.onetimenexttime.sk\/arduino\/"},{"@type":"ListItem","position":3,"name":"SMS Command Control GSM Smart Power Plug Socket Switch Outlet with Temperature sensor USB Output Sim Card Slot"}]},{"@type":"WebSite","@id":"https:\/\/www.onetimenexttime.sk\/arduino\/#website","url":"https:\/\/www.onetimenexttime.sk\/arduino\/","name":"Arduino e-shop","description":"Home Assistant","potentialAction":[{"@type":"SearchAction","target":{"@type":"EntryPoint","urlTemplate":"https:\/\/www.onetimenexttime.sk\/arduino\/?s={search_term_string}"},"query-input":{"@type":"PropertyValueSpecification","valueRequired":true,"valueName":"search_term_string"}}],"inLanguage":"sk-SK"}]}},"_links":{"self":[{"href":"https:\/\/www.onetimenexttime.sk\/arduino\/index.php\/wp-json\/wp\/v2\/product\/779"}],"collection":[{"href":"https:\/\/www.onetimenexttime.sk\/arduino\/index.php\/wp-json\/wp\/v2\/product"}],"about":[{"href":"https:\/\/www.onetimenexttime.sk\/arduino\/index.php\/wp-json\/wp\/v2\/types\/product"}],"wp:featuredmedia":[{"embeddable":true,"href":"https:\/\/www.onetimenexttime.sk\/arduino\/index.php\/wp-json\/wp\/v2\/media\/781"}],"wp:attachment":[{"href":"https:\/\/www.onetimenexttime.sk\/arduino\/index.php\/wp-json\/wp\/v2\/media?parent=779"}],"wp:term":[{"taxonomy":"product_cat","embeddable":true,"href":"https:\/\/www.onetimenexttime.sk\/arduino\/index.php\/wp-json\/wp\/v2\/product_cat?post=779"},{"taxonomy":"product_tag","embeddable":true,"href":"https:\/\/www.onetimenexttime.sk\/arduino\/index.php\/wp-json\/wp\/v2\/product_tag?post=779"}],"curies":[{"name":"wp","href":"https:\/\/api.w.org\/{rel}","templated":true}]}}