{"id":776,"date":"2021-10-30T20:54:33","date_gmt":"2021-10-30T18:54:33","guid":{"rendered":"https:\/\/www.onetimenexttime.sk\/arduino\/?post_type=product&#038;p=776"},"modified":"2021-10-30T21:16:07","modified_gmt":"2021-10-30T19:16:07","slug":"rex-c100-digital-thermostat-temperature-controller-pid-thermometer-ssr-40da-solid-state-relay-k-thermocouple-probe-radiator","status":"publish","type":"product","link":"https:\/\/www.onetimenexttime.sk\/arduino\/index.php\/produkt\/rex-c100-digital-thermostat-temperature-controller-pid-thermometer-ssr-40da-solid-state-relay-k-thermocouple-probe-radiator\/","title":{"rendered":"REX-C100 Digital Thermostat Temperature Controller PID thermometer SSR 40DA solid state Relay K Thermocouple Probe radiator"},"content":{"rendered":"<h2>REX-C100 digit\u00e1lny termostat regul\u00e1tor teploty PID teplomer SSR 40DA polovodi\u010dov\u00e9 rel\u00e9 K Termo\u010dl\u00e1nok Sonda radi\u00e1tor<\/h2>\n<p><strong>Termostat:<\/strong><\/p>\n<p>Model produktu: REX-C100FK02-M(V)*AN (v tomto odkaze pred\u00e1vame v\u00fdstup SSR aj v\u00fdstup rel\u00e9)<br \/>\nV\u00fdstup: REL\u00c9 \/SSR<br \/>\nRozmery: pribli\u017ene 48 mm \u00d7 48 mm \u00d7 110 mm (APP)<br \/>\nPresnos\u0165 merania: \u00b10,5%FS<br \/>\nTolerancia kompenz\u00e1cie studen\u00e9ho konca: \u00b12 Celzia (m\u00f4\u017ee by\u0165 upraven\u00e1 softv\u00e9rom v 0~50 Celzia)<br \/>\nRozl\u00ed\u0161enie: 14 bit<br \/>\nVzorkovac\u00ed cyklus: 0,5 sek<br \/>\nProcesn\u00e1 hodnota (PV), Hodnota nastavenia (SV)<br \/>\nV\u00fdstup, alarm a samo\u010dinn\u00e9 ladenie m\u00f4\u017eu by\u0165 indikovan\u00e9: LED<br \/>\nOvl\u00e1danie PIN (vr\u00e1tane ON\/OFF, krokov\u00e9ho PID a kontinu\u00e1lneho PID)<br \/>\nSamoladiace ovl\u00e1danie<br \/>\nRel\u00e9ov\u00fd v\u00fdstup: kapacita kontaktu 250V AC 3A (odporov\u00e1 z\u00e1\u0165a\u017e)<br \/>\nV\u00fdstup funkcie alarmu: 2-cestn\u00fd<br \/>\nKapacita v\u00fdstupu: 250V AC 3A (odporov\u00e1 z\u00e1\u0165a\u017e)<br \/>\nHodnota nastavenia (SV): identick\u00e1 s rozsahom merania (PV)<br \/>\nProporcion\u00e1lne p\u00e1smo (P): 0 ~ cel\u00fd rozsah (ovl\u00e1danie ON\/OFF pri nastaven\u00ed na 0)<br \/>\nDetekt\u00edvny teplotn\u00fd rozsah: 0 a\u017e 400 Celzia<br \/>\nIzola\u010dn\u00fd odpor: &gt;50M ohm (500V DC)<br \/>\nIzola\u010dn\u00fd odpor: 1500V AC\/min<br \/>\nPr\u00edkon: 10 VA<br \/>\nServisn\u00e9 prostredie: 0~50 Celzia,<br \/>\nprostredie bez koroz\u00edvneho plynu 30~85% RH<br \/>\nNap\u00e1janie: AC100V&#8211;240V 50\/60HZ<br \/>\nTeplotn\u00fd rozsah: 0-1300C (termostat m\u00f4\u017ee pracova\u0165 maxim\u00e1lne pri 1300C, ale sn\u00edma\u010d vydr\u017e\u00ed iba 400&#8211;500C, ak chcete pracova\u0165 pri 1300C, je potrebn\u00fd lep\u0161\u00ed sn\u00edma\u010d)<\/p>\n<p><strong>K\u00e1bel termo\u010dl\u00e1nkovej sondy<\/strong><br \/>\n1. D\u013a\u017eka: 1M<br \/>\n2. Priemer sn\u00edma\u010da: 4,5 mm<br \/>\n3. Rozsah teploty: 0-400C<br \/>\n4.Vn\u00fatorn\u00e1 izol\u00e1cia: Sklolamin\u00e1t<br \/>\n5. Vonkaj\u0161ie tienenie: Izolovan\u00e9 tienenie<\/p>\n<p><strong>40A SSR rel\u00e9<\/strong><br \/>\n1.V\u00fdstupn\u00fd pr\u00fad:40A<br \/>\n2.Vstupn\u00e9 nap\u00e4tie:DC 3-32V<br \/>\n3.V\u00fdstupn\u00e9 nap\u00e4tie:24-380V AC<br \/>\n4. Rozsah v\u00fdstupn\u00e9ho nap\u00e4tia: \u0160tandardn\u00fd typ<\/p>\n","protected":false},"excerpt":{"rendered":"<p>REX-C100 digit\u00e1lny termostat regul\u00e1tor teploty PID teplomer SSR 40DA polovodi\u010dov\u00e9 rel\u00e9 K Termo\u010dl\u00e1nok Sonda radi\u00e1tor Termostat: Model produktu: REX-C100FK02-M(V)*AN (v&hellip;<\/p>\n","protected":false},"featured_media":777,"template":"","meta":{"_monsterinsights_skip_tracking":false,"_monsterinsights_sitenote_active":false,"_monsterinsights_sitenote_note":"","_monsterinsights_sitenote_category":0},"product_cat":[42,47],"product_tag":[],"class_list":{"0":"post-776","1":"product","2":"type-product","3":"status-publish","4":"has-post-thumbnail","6":"product_cat-smart","7":"product_cat-teplota","9":"first","10":"instock","11":"shipping-taxable","12":"purchasable","13":"product-type-simple"},"yoast_head":"<!-- This site is optimized with the Yoast SEO plugin v23.6 - https:\/\/yoast.com\/wordpress\/plugins\/seo\/ -->\n<title>REX-C100 Digital Thermostat Temperature Controller PID thermometer SSR 40DA solid state Relay K Thermocouple Probe radiator - Arduino e-shop<\/title>\n<meta name=\"robots\" content=\"index, follow, max-snippet:-1, max-image-preview:large, max-video-preview:-1\" \/>\n<link rel=\"canonical\" href=\"https:\/\/www.onetimenexttime.sk\/arduino\/index.php\/produkt\/rex-c100-digital-thermostat-temperature-controller-pid-thermometer-ssr-40da-solid-state-relay-k-thermocouple-probe-radiator\/\" \/>\n<meta property=\"og:locale\" content=\"sk_SK\" \/>\n<meta property=\"og:type\" content=\"article\" \/>\n<meta property=\"og:title\" content=\"REX-C100 Digital Thermostat Temperature Controller PID thermometer SSR 40DA solid state Relay K Thermocouple Probe radiator - Arduino e-shop\" \/>\n<meta property=\"og:description\" content=\"REX-C100 digit\u00e1lny termostat regul\u00e1tor teploty PID teplomer SSR 40DA polovodi\u010dov\u00e9 rel\u00e9 K Termo\u010dl\u00e1nok Sonda radi\u00e1tor Termostat: Model produktu: REX-C100FK02-M(V)*AN (v&hellip;\" \/>\n<meta property=\"og:url\" content=\"https:\/\/www.onetimenexttime.sk\/arduino\/index.php\/produkt\/rex-c100-digital-thermostat-temperature-controller-pid-thermometer-ssr-40da-solid-state-relay-k-thermocouple-probe-radiator\/\" \/>\n<meta property=\"og:site_name\" content=\"Arduino e-shop\" \/>\n<meta property=\"article:modified_time\" content=\"2021-10-30T19:16:07+00:00\" \/>\n<meta property=\"og:image\" content=\"https:\/\/www.onetimenexttime.sk\/arduino\/wp-content\/uploads\/2021\/10\/1716.jpg\" \/>\n\t<meta property=\"og:image:width\" content=\"506\" \/>\n\t<meta property=\"og:image:height\" content=\"507\" \/>\n\t<meta property=\"og:image:type\" content=\"image\/jpeg\" \/>\n<meta name=\"twitter:card\" content=\"summary_large_image\" \/>\n<meta name=\"twitter:label1\" content=\"Predpokladan\u00fd \u010das \u010d\u00edtania\" \/>\n\t<meta name=\"twitter:data1\" content=\"1 min\u00fata\" \/>\n<script type=\"application\/ld+json\" class=\"yoast-schema-graph\">{\"@context\":\"https:\/\/schema.org\",\"@graph\":[{\"@type\":\"WebPage\",\"@id\":\"https:\/\/www.onetimenexttime.sk\/arduino\/index.php\/produkt\/rex-c100-digital-thermostat-temperature-controller-pid-thermometer-ssr-40da-solid-state-relay-k-thermocouple-probe-radiator\/\",\"url\":\"https:\/\/www.onetimenexttime.sk\/arduino\/index.php\/produkt\/rex-c100-digital-thermostat-temperature-controller-pid-thermometer-ssr-40da-solid-state-relay-k-thermocouple-probe-radiator\/\",\"name\":\"REX-C100 Digital Thermostat Temperature Controller PID thermometer SSR 40DA solid state Relay K Thermocouple Probe radiator - Arduino e-shop\",\"isPartOf\":{\"@id\":\"https:\/\/www.onetimenexttime.sk\/arduino\/#website\"},\"primaryImageOfPage\":{\"@id\":\"https:\/\/www.onetimenexttime.sk\/arduino\/index.php\/produkt\/rex-c100-digital-thermostat-temperature-controller-pid-thermometer-ssr-40da-solid-state-relay-k-thermocouple-probe-radiator\/#primaryimage\"},\"image\":{\"@id\":\"https:\/\/www.onetimenexttime.sk\/arduino\/index.php\/produkt\/rex-c100-digital-thermostat-temperature-controller-pid-thermometer-ssr-40da-solid-state-relay-k-thermocouple-probe-radiator\/#primaryimage\"},\"thumbnailUrl\":\"https:\/\/www.onetimenexttime.sk\/arduino\/wp-content\/uploads\/2021\/10\/1716.jpg\",\"datePublished\":\"2021-10-30T18:54:33+00:00\",\"dateModified\":\"2021-10-30T19:16:07+00:00\",\"breadcrumb\":{\"@id\":\"https:\/\/www.onetimenexttime.sk\/arduino\/index.php\/produkt\/rex-c100-digital-thermostat-temperature-controller-pid-thermometer-ssr-40da-solid-state-relay-k-thermocouple-probe-radiator\/#breadcrumb\"},\"inLanguage\":\"sk-SK\",\"potentialAction\":[{\"@type\":\"ReadAction\",\"target\":[\"https:\/\/www.onetimenexttime.sk\/arduino\/index.php\/produkt\/rex-c100-digital-thermostat-temperature-controller-pid-thermometer-ssr-40da-solid-state-relay-k-thermocouple-probe-radiator\/\"]}]},{\"@type\":\"ImageObject\",\"inLanguage\":\"sk-SK\",\"@id\":\"https:\/\/www.onetimenexttime.sk\/arduino\/index.php\/produkt\/rex-c100-digital-thermostat-temperature-controller-pid-thermometer-ssr-40da-solid-state-relay-k-thermocouple-probe-radiator\/#primaryimage\",\"url\":\"https:\/\/www.onetimenexttime.sk\/arduino\/wp-content\/uploads\/2021\/10\/1716.jpg\",\"contentUrl\":\"https:\/\/www.onetimenexttime.sk\/arduino\/wp-content\/uploads\/2021\/10\/1716.jpg\",\"width\":506,\"height\":507},{\"@type\":\"BreadcrumbList\",\"@id\":\"https:\/\/www.onetimenexttime.sk\/arduino\/index.php\/produkt\/rex-c100-digital-thermostat-temperature-controller-pid-thermometer-ssr-40da-solid-state-relay-k-thermocouple-probe-radiator\/#breadcrumb\",\"itemListElement\":[{\"@type\":\"ListItem\",\"position\":1,\"name\":\"Domov\",\"item\":\"https:\/\/www.onetimenexttime.sk\/arduino\/\"},{\"@type\":\"ListItem\",\"position\":2,\"name\":\"Obchod\",\"item\":\"https:\/\/www.onetimenexttime.sk\/arduino\/\"},{\"@type\":\"ListItem\",\"position\":3,\"name\":\"REX-C100 Digital Thermostat Temperature Controller PID thermometer SSR 40DA solid state Relay K Thermocouple Probe radiator\"}]},{\"@type\":\"WebSite\",\"@id\":\"https:\/\/www.onetimenexttime.sk\/arduino\/#website\",\"url\":\"https:\/\/www.onetimenexttime.sk\/arduino\/\",\"name\":\"Arduino e-shop\",\"description\":\"Home Assistant\",\"potentialAction\":[{\"@type\":\"SearchAction\",\"target\":{\"@type\":\"EntryPoint\",\"urlTemplate\":\"https:\/\/www.onetimenexttime.sk\/arduino\/?s={search_term_string}\"},\"query-input\":{\"@type\":\"PropertyValueSpecification\",\"valueRequired\":true,\"valueName\":\"search_term_string\"}}],\"inLanguage\":\"sk-SK\"}]}<\/script>\n<!-- \/ Yoast SEO plugin. -->","yoast_head_json":{"title":"REX-C100 Digital Thermostat Temperature Controller PID thermometer SSR 40DA solid state Relay K Thermocouple Probe radiator - Arduino e-shop","robots":{"index":"index","follow":"follow","max-snippet":"max-snippet:-1","max-image-preview":"max-image-preview:large","max-video-preview":"max-video-preview:-1"},"canonical":"https:\/\/www.onetimenexttime.sk\/arduino\/index.php\/produkt\/rex-c100-digital-thermostat-temperature-controller-pid-thermometer-ssr-40da-solid-state-relay-k-thermocouple-probe-radiator\/","og_locale":"sk_SK","og_type":"article","og_title":"REX-C100 Digital Thermostat Temperature Controller PID thermometer SSR 40DA solid state Relay K Thermocouple Probe radiator - Arduino e-shop","og_description":"REX-C100 digit\u00e1lny termostat regul\u00e1tor teploty PID teplomer SSR 40DA polovodi\u010dov\u00e9 rel\u00e9 K Termo\u010dl\u00e1nok Sonda radi\u00e1tor Termostat: Model produktu: REX-C100FK02-M(V)*AN (v&hellip;","og_url":"https:\/\/www.onetimenexttime.sk\/arduino\/index.php\/produkt\/rex-c100-digital-thermostat-temperature-controller-pid-thermometer-ssr-40da-solid-state-relay-k-thermocouple-probe-radiator\/","og_site_name":"Arduino e-shop","article_modified_time":"2021-10-30T19:16:07+00:00","og_image":[{"width":506,"height":507,"url":"https:\/\/www.onetimenexttime.sk\/arduino\/wp-content\/uploads\/2021\/10\/1716.jpg","type":"image\/jpeg"}],"twitter_card":"summary_large_image","twitter_misc":{"Predpokladan\u00fd \u010das \u010d\u00edtania":"1 min\u00fata"},"schema":{"@context":"https:\/\/schema.org","@graph":[{"@type":"WebPage","@id":"https:\/\/www.onetimenexttime.sk\/arduino\/index.php\/produkt\/rex-c100-digital-thermostat-temperature-controller-pid-thermometer-ssr-40da-solid-state-relay-k-thermocouple-probe-radiator\/","url":"https:\/\/www.onetimenexttime.sk\/arduino\/index.php\/produkt\/rex-c100-digital-thermostat-temperature-controller-pid-thermometer-ssr-40da-solid-state-relay-k-thermocouple-probe-radiator\/","name":"REX-C100 Digital Thermostat Temperature Controller PID thermometer SSR 40DA solid state Relay K Thermocouple Probe radiator - Arduino e-shop","isPartOf":{"@id":"https:\/\/www.onetimenexttime.sk\/arduino\/#website"},"primaryImageOfPage":{"@id":"https:\/\/www.onetimenexttime.sk\/arduino\/index.php\/produkt\/rex-c100-digital-thermostat-temperature-controller-pid-thermometer-ssr-40da-solid-state-relay-k-thermocouple-probe-radiator\/#primaryimage"},"image":{"@id":"https:\/\/www.onetimenexttime.sk\/arduino\/index.php\/produkt\/rex-c100-digital-thermostat-temperature-controller-pid-thermometer-ssr-40da-solid-state-relay-k-thermocouple-probe-radiator\/#primaryimage"},"thumbnailUrl":"https:\/\/www.onetimenexttime.sk\/arduino\/wp-content\/uploads\/2021\/10\/1716.jpg","datePublished":"2021-10-30T18:54:33+00:00","dateModified":"2021-10-30T19:16:07+00:00","breadcrumb":{"@id":"https:\/\/www.onetimenexttime.sk\/arduino\/index.php\/produkt\/rex-c100-digital-thermostat-temperature-controller-pid-thermometer-ssr-40da-solid-state-relay-k-thermocouple-probe-radiator\/#breadcrumb"},"inLanguage":"sk-SK","potentialAction":[{"@type":"ReadAction","target":["https:\/\/www.onetimenexttime.sk\/arduino\/index.php\/produkt\/rex-c100-digital-thermostat-temperature-controller-pid-thermometer-ssr-40da-solid-state-relay-k-thermocouple-probe-radiator\/"]}]},{"@type":"ImageObject","inLanguage":"sk-SK","@id":"https:\/\/www.onetimenexttime.sk\/arduino\/index.php\/produkt\/rex-c100-digital-thermostat-temperature-controller-pid-thermometer-ssr-40da-solid-state-relay-k-thermocouple-probe-radiator\/#primaryimage","url":"https:\/\/www.onetimenexttime.sk\/arduino\/wp-content\/uploads\/2021\/10\/1716.jpg","contentUrl":"https:\/\/www.onetimenexttime.sk\/arduino\/wp-content\/uploads\/2021\/10\/1716.jpg","width":506,"height":507},{"@type":"BreadcrumbList","@id":"https:\/\/www.onetimenexttime.sk\/arduino\/index.php\/produkt\/rex-c100-digital-thermostat-temperature-controller-pid-thermometer-ssr-40da-solid-state-relay-k-thermocouple-probe-radiator\/#breadcrumb","itemListElement":[{"@type":"ListItem","position":1,"name":"Domov","item":"https:\/\/www.onetimenexttime.sk\/arduino\/"},{"@type":"ListItem","position":2,"name":"Obchod","item":"https:\/\/www.onetimenexttime.sk\/arduino\/"},{"@type":"ListItem","position":3,"name":"REX-C100 Digital Thermostat Temperature Controller PID thermometer SSR 40DA solid state Relay K Thermocouple Probe radiator"}]},{"@type":"WebSite","@id":"https:\/\/www.onetimenexttime.sk\/arduino\/#website","url":"https:\/\/www.onetimenexttime.sk\/arduino\/","name":"Arduino e-shop","description":"Home Assistant","potentialAction":[{"@type":"SearchAction","target":{"@type":"EntryPoint","urlTemplate":"https:\/\/www.onetimenexttime.sk\/arduino\/?s={search_term_string}"},"query-input":{"@type":"PropertyValueSpecification","valueRequired":true,"valueName":"search_term_string"}}],"inLanguage":"sk-SK"}]}},"_links":{"self":[{"href":"https:\/\/www.onetimenexttime.sk\/arduino\/index.php\/wp-json\/wp\/v2\/product\/776"}],"collection":[{"href":"https:\/\/www.onetimenexttime.sk\/arduino\/index.php\/wp-json\/wp\/v2\/product"}],"about":[{"href":"https:\/\/www.onetimenexttime.sk\/arduino\/index.php\/wp-json\/wp\/v2\/types\/product"}],"wp:featuredmedia":[{"embeddable":true,"href":"https:\/\/www.onetimenexttime.sk\/arduino\/index.php\/wp-json\/wp\/v2\/media\/777"}],"wp:attachment":[{"href":"https:\/\/www.onetimenexttime.sk\/arduino\/index.php\/wp-json\/wp\/v2\/media?parent=776"}],"wp:term":[{"taxonomy":"product_cat","embeddable":true,"href":"https:\/\/www.onetimenexttime.sk\/arduino\/index.php\/wp-json\/wp\/v2\/product_cat?post=776"},{"taxonomy":"product_tag","embeddable":true,"href":"https:\/\/www.onetimenexttime.sk\/arduino\/index.php\/wp-json\/wp\/v2\/product_tag?post=776"}],"curies":[{"name":"wp","href":"https:\/\/api.w.org\/{rel}","templated":true}]}}