{"id":774,"date":"2021-10-30T20:43:46","date_gmt":"2021-10-30T18:43:46","guid":{"rendered":"https:\/\/www.onetimenexttime.sk\/arduino\/?post_type=product&#038;p=774"},"modified":"2021-10-30T20:53:32","modified_gmt":"2021-10-30T18:53:32","slug":"aslong-a58sw31zys-high-quality-high-torque-low-noise-24v-dual-shaft-self-locking-dc-worm-gear-motor-for-robot","status":"publish","type":"product","link":"https:\/\/www.onetimenexttime.sk\/arduino\/index.php\/produkt\/aslong-a58sw31zys-high-quality-high-torque-low-noise-24v-dual-shaft-self-locking-dc-worm-gear-motor-for-robot\/","title":{"rendered":"ASLONG A58SW31ZYS high quality high torque low noise 24v dual shaft self-locking dc worm gear motor for robot"},"content":{"rendered":"<h2>ASLONG A58SW31ZYS vysoko kvalitn\u00fd vysok\u00fd kr\u00fatiaci moment s n\u00edzkou hlu\u010dnos\u0165ou 24V dvojhriade\u013eov\u00fd samosvorn\u00fd jednosmern\u00fd z\u00e1vitovkov\u00fd motor pre robota,<\/h2>\n<p>&nbsp;<\/p>\n<p>technick\u00e9 \u00fadaje<\/p>\n<p>1. \u0160tandardn\u00e9 prev\u00e1dzkov\u00e9 podmienky<br \/>\n1-1 Menovit\u00e9 nap\u00e4tie: 24V.<br \/>\n1-2 Smer ot\u00e1\u010dania: CW pri poh\u013eade zo strany v\u00fdstupn\u00e9ho hriade\u013ea<br \/>\n1-3 Prev\u00e1dzkov\u00e1 teplota a vlhkos\u0165: Teplotn\u00fd rozsah -10C~+50C, rozsah vlhkosti 30%~80%.<br \/>\n1-4Skladovacia teplota: Teplotn\u00fd rozsah -20C~+60C<br \/>\n2. Podmienky merania:<br \/>\n2-1 Poloha motora: Pri meran\u00ed umiestnite t horizont\u00e1lne<br \/>\n2-2Nap\u00e1janie: Regulovan\u00e9 jednosmern\u00e9 nap\u00e1janie<br \/>\n&#8212; R\u00fdchlos\u0165 bez za\u0165a\u017eenia: \u00a0470 ot.\/min.<br \/>\n&#8211;robotika, mal\u00e9 spotrebi\u010de, ventil\u00e1tor, elektrick\u00fd z\u00e1ves;<br \/>\n&#8211;Lek\u00e1rske \u010derpadlo, chirurgick\u00e9 n\u00e1stroje, lek\u00e1rske mie\u0161adlo, odstrediv\u00fd stroj; Elektrick\u00fd ventil, pohon, lek\u00e1rske zariadenie<br \/>\n&#8211;Elektrick\u00fd motor, n\u00edzky hluk, n\u00edzky pr\u00fad a \u017eiadna iskra.<br \/>\n&#8211;Reduk\u010dn\u00fd pomer:1\/17,1\/31,1\/50,1\/100,1\/290,1\/505.<\/p>\n","protected":false},"excerpt":{"rendered":"<p>ASLONG A58SW31ZYS vysoko kvalitn\u00fd vysok\u00fd kr\u00fatiaci moment s n\u00edzkou hlu\u010dnos\u0165ou 24V dvojhriade\u013eov\u00fd samosvorn\u00fd jednosmern\u00fd z\u00e1vitovkov\u00fd motor pre robota, &nbsp; technick\u00e9&hellip;<\/p>\n","protected":false},"featured_media":775,"template":"","meta":{"_monsterinsights_skip_tracking":false,"_monsterinsights_sitenote_active":false,"_monsterinsights_sitenote_note":"","_monsterinsights_sitenote_category":0},"product_cat":[46],"product_tag":[],"class_list":{"0":"post-774","1":"product","2":"type-product","3":"status-publish","4":"has-post-thumbnail","6":"product_cat-motor","8":"first","9":"instock","10":"sale","11":"shipping-taxable","12":"purchasable","13":"product-type-simple"},"yoast_head":"<!-- This site is optimized with the Yoast SEO plugin v23.6 - https:\/\/yoast.com\/wordpress\/plugins\/seo\/ -->\n<title>ASLONG A58SW31ZYS high quality high torque low noise 24v dual shaft self-locking dc worm gear motor for robot - Arduino e-shop<\/title>\n<meta name=\"robots\" content=\"index, follow, max-snippet:-1, max-image-preview:large, max-video-preview:-1\" \/>\n<link rel=\"canonical\" href=\"https:\/\/www.onetimenexttime.sk\/arduino\/index.php\/produkt\/aslong-a58sw31zys-high-quality-high-torque-low-noise-24v-dual-shaft-self-locking-dc-worm-gear-motor-for-robot\/\" \/>\n<meta property=\"og:locale\" content=\"sk_SK\" \/>\n<meta property=\"og:type\" content=\"article\" \/>\n<meta property=\"og:title\" content=\"ASLONG A58SW31ZYS high quality high torque low noise 24v dual shaft self-locking dc worm gear motor for robot - Arduino e-shop\" \/>\n<meta property=\"og:description\" content=\"ASLONG A58SW31ZYS vysoko kvalitn\u00fd vysok\u00fd kr\u00fatiaci moment s n\u00edzkou hlu\u010dnos\u0165ou 24V dvojhriade\u013eov\u00fd samosvorn\u00fd jednosmern\u00fd z\u00e1vitovkov\u00fd motor pre robota, &nbsp; technick\u00e9&hellip;\" \/>\n<meta property=\"og:url\" content=\"https:\/\/www.onetimenexttime.sk\/arduino\/index.php\/produkt\/aslong-a58sw31zys-high-quality-high-torque-low-noise-24v-dual-shaft-self-locking-dc-worm-gear-motor-for-robot\/\" \/>\n<meta property=\"og:site_name\" content=\"Arduino e-shop\" \/>\n<meta property=\"article:modified_time\" content=\"2021-10-30T18:53:32+00:00\" \/>\n<meta property=\"og:image\" content=\"https:\/\/www.onetimenexttime.sk\/arduino\/wp-content\/uploads\/2021\/10\/motot.jpg\" \/>\n\t<meta property=\"og:image:width\" content=\"506\" \/>\n\t<meta property=\"og:image:height\" content=\"507\" \/>\n\t<meta property=\"og:image:type\" content=\"image\/jpeg\" \/>\n<meta name=\"twitter:card\" content=\"summary_large_image\" \/>\n<meta name=\"twitter:label1\" content=\"Predpokladan\u00fd \u010das \u010d\u00edtania\" \/>\n\t<meta name=\"twitter:data1\" content=\"1 min\u00fata\" \/>\n<script type=\"application\/ld+json\" class=\"yoast-schema-graph\">{\"@context\":\"https:\/\/schema.org\",\"@graph\":[{\"@type\":\"WebPage\",\"@id\":\"https:\/\/www.onetimenexttime.sk\/arduino\/index.php\/produkt\/aslong-a58sw31zys-high-quality-high-torque-low-noise-24v-dual-shaft-self-locking-dc-worm-gear-motor-for-robot\/\",\"url\":\"https:\/\/www.onetimenexttime.sk\/arduino\/index.php\/produkt\/aslong-a58sw31zys-high-quality-high-torque-low-noise-24v-dual-shaft-self-locking-dc-worm-gear-motor-for-robot\/\",\"name\":\"ASLONG A58SW31ZYS high quality high torque low noise 24v dual shaft self-locking dc worm gear motor for robot - Arduino e-shop\",\"isPartOf\":{\"@id\":\"https:\/\/www.onetimenexttime.sk\/arduino\/#website\"},\"primaryImageOfPage\":{\"@id\":\"https:\/\/www.onetimenexttime.sk\/arduino\/index.php\/produkt\/aslong-a58sw31zys-high-quality-high-torque-low-noise-24v-dual-shaft-self-locking-dc-worm-gear-motor-for-robot\/#primaryimage\"},\"image\":{\"@id\":\"https:\/\/www.onetimenexttime.sk\/arduino\/index.php\/produkt\/aslong-a58sw31zys-high-quality-high-torque-low-noise-24v-dual-shaft-self-locking-dc-worm-gear-motor-for-robot\/#primaryimage\"},\"thumbnailUrl\":\"https:\/\/www.onetimenexttime.sk\/arduino\/wp-content\/uploads\/2021\/10\/motot.jpg\",\"datePublished\":\"2021-10-30T18:43:46+00:00\",\"dateModified\":\"2021-10-30T18:53:32+00:00\",\"breadcrumb\":{\"@id\":\"https:\/\/www.onetimenexttime.sk\/arduino\/index.php\/produkt\/aslong-a58sw31zys-high-quality-high-torque-low-noise-24v-dual-shaft-self-locking-dc-worm-gear-motor-for-robot\/#breadcrumb\"},\"inLanguage\":\"sk-SK\",\"potentialAction\":[{\"@type\":\"ReadAction\",\"target\":[\"https:\/\/www.onetimenexttime.sk\/arduino\/index.php\/produkt\/aslong-a58sw31zys-high-quality-high-torque-low-noise-24v-dual-shaft-self-locking-dc-worm-gear-motor-for-robot\/\"]}]},{\"@type\":\"ImageObject\",\"inLanguage\":\"sk-SK\",\"@id\":\"https:\/\/www.onetimenexttime.sk\/arduino\/index.php\/produkt\/aslong-a58sw31zys-high-quality-high-torque-low-noise-24v-dual-shaft-self-locking-dc-worm-gear-motor-for-robot\/#primaryimage\",\"url\":\"https:\/\/www.onetimenexttime.sk\/arduino\/wp-content\/uploads\/2021\/10\/motot.jpg\",\"contentUrl\":\"https:\/\/www.onetimenexttime.sk\/arduino\/wp-content\/uploads\/2021\/10\/motot.jpg\",\"width\":506,\"height\":507},{\"@type\":\"BreadcrumbList\",\"@id\":\"https:\/\/www.onetimenexttime.sk\/arduino\/index.php\/produkt\/aslong-a58sw31zys-high-quality-high-torque-low-noise-24v-dual-shaft-self-locking-dc-worm-gear-motor-for-robot\/#breadcrumb\",\"itemListElement\":[{\"@type\":\"ListItem\",\"position\":1,\"name\":\"Domov\",\"item\":\"https:\/\/www.onetimenexttime.sk\/arduino\/\"},{\"@type\":\"ListItem\",\"position\":2,\"name\":\"Obchod\",\"item\":\"https:\/\/www.onetimenexttime.sk\/arduino\/\"},{\"@type\":\"ListItem\",\"position\":3,\"name\":\"ASLONG A58SW31ZYS high quality high torque low noise 24v dual shaft self-locking dc worm gear motor for robot\"}]},{\"@type\":\"WebSite\",\"@id\":\"https:\/\/www.onetimenexttime.sk\/arduino\/#website\",\"url\":\"https:\/\/www.onetimenexttime.sk\/arduino\/\",\"name\":\"Arduino e-shop\",\"description\":\"Home Assistant\",\"potentialAction\":[{\"@type\":\"SearchAction\",\"target\":{\"@type\":\"EntryPoint\",\"urlTemplate\":\"https:\/\/www.onetimenexttime.sk\/arduino\/?s={search_term_string}\"},\"query-input\":{\"@type\":\"PropertyValueSpecification\",\"valueRequired\":true,\"valueName\":\"search_term_string\"}}],\"inLanguage\":\"sk-SK\"}]}<\/script>\n<!-- \/ Yoast SEO plugin. -->","yoast_head_json":{"title":"ASLONG A58SW31ZYS high quality high torque low noise 24v dual shaft self-locking dc worm gear motor for robot - Arduino e-shop","robots":{"index":"index","follow":"follow","max-snippet":"max-snippet:-1","max-image-preview":"max-image-preview:large","max-video-preview":"max-video-preview:-1"},"canonical":"https:\/\/www.onetimenexttime.sk\/arduino\/index.php\/produkt\/aslong-a58sw31zys-high-quality-high-torque-low-noise-24v-dual-shaft-self-locking-dc-worm-gear-motor-for-robot\/","og_locale":"sk_SK","og_type":"article","og_title":"ASLONG A58SW31ZYS high quality high torque low noise 24v dual shaft self-locking dc worm gear motor for robot - Arduino e-shop","og_description":"ASLONG A58SW31ZYS vysoko kvalitn\u00fd vysok\u00fd kr\u00fatiaci moment s n\u00edzkou hlu\u010dnos\u0165ou 24V dvojhriade\u013eov\u00fd samosvorn\u00fd jednosmern\u00fd z\u00e1vitovkov\u00fd motor pre robota, &nbsp; technick\u00e9&hellip;","og_url":"https:\/\/www.onetimenexttime.sk\/arduino\/index.php\/produkt\/aslong-a58sw31zys-high-quality-high-torque-low-noise-24v-dual-shaft-self-locking-dc-worm-gear-motor-for-robot\/","og_site_name":"Arduino e-shop","article_modified_time":"2021-10-30T18:53:32+00:00","og_image":[{"width":506,"height":507,"url":"https:\/\/www.onetimenexttime.sk\/arduino\/wp-content\/uploads\/2021\/10\/motot.jpg","type":"image\/jpeg"}],"twitter_card":"summary_large_image","twitter_misc":{"Predpokladan\u00fd \u010das \u010d\u00edtania":"1 min\u00fata"},"schema":{"@context":"https:\/\/schema.org","@graph":[{"@type":"WebPage","@id":"https:\/\/www.onetimenexttime.sk\/arduino\/index.php\/produkt\/aslong-a58sw31zys-high-quality-high-torque-low-noise-24v-dual-shaft-self-locking-dc-worm-gear-motor-for-robot\/","url":"https:\/\/www.onetimenexttime.sk\/arduino\/index.php\/produkt\/aslong-a58sw31zys-high-quality-high-torque-low-noise-24v-dual-shaft-self-locking-dc-worm-gear-motor-for-robot\/","name":"ASLONG A58SW31ZYS high quality high torque low noise 24v dual shaft self-locking dc worm gear motor for robot - Arduino e-shop","isPartOf":{"@id":"https:\/\/www.onetimenexttime.sk\/arduino\/#website"},"primaryImageOfPage":{"@id":"https:\/\/www.onetimenexttime.sk\/arduino\/index.php\/produkt\/aslong-a58sw31zys-high-quality-high-torque-low-noise-24v-dual-shaft-self-locking-dc-worm-gear-motor-for-robot\/#primaryimage"},"image":{"@id":"https:\/\/www.onetimenexttime.sk\/arduino\/index.php\/produkt\/aslong-a58sw31zys-high-quality-high-torque-low-noise-24v-dual-shaft-self-locking-dc-worm-gear-motor-for-robot\/#primaryimage"},"thumbnailUrl":"https:\/\/www.onetimenexttime.sk\/arduino\/wp-content\/uploads\/2021\/10\/motot.jpg","datePublished":"2021-10-30T18:43:46+00:00","dateModified":"2021-10-30T18:53:32+00:00","breadcrumb":{"@id":"https:\/\/www.onetimenexttime.sk\/arduino\/index.php\/produkt\/aslong-a58sw31zys-high-quality-high-torque-low-noise-24v-dual-shaft-self-locking-dc-worm-gear-motor-for-robot\/#breadcrumb"},"inLanguage":"sk-SK","potentialAction":[{"@type":"ReadAction","target":["https:\/\/www.onetimenexttime.sk\/arduino\/index.php\/produkt\/aslong-a58sw31zys-high-quality-high-torque-low-noise-24v-dual-shaft-self-locking-dc-worm-gear-motor-for-robot\/"]}]},{"@type":"ImageObject","inLanguage":"sk-SK","@id":"https:\/\/www.onetimenexttime.sk\/arduino\/index.php\/produkt\/aslong-a58sw31zys-high-quality-high-torque-low-noise-24v-dual-shaft-self-locking-dc-worm-gear-motor-for-robot\/#primaryimage","url":"https:\/\/www.onetimenexttime.sk\/arduino\/wp-content\/uploads\/2021\/10\/motot.jpg","contentUrl":"https:\/\/www.onetimenexttime.sk\/arduino\/wp-content\/uploads\/2021\/10\/motot.jpg","width":506,"height":507},{"@type":"BreadcrumbList","@id":"https:\/\/www.onetimenexttime.sk\/arduino\/index.php\/produkt\/aslong-a58sw31zys-high-quality-high-torque-low-noise-24v-dual-shaft-self-locking-dc-worm-gear-motor-for-robot\/#breadcrumb","itemListElement":[{"@type":"ListItem","position":1,"name":"Domov","item":"https:\/\/www.onetimenexttime.sk\/arduino\/"},{"@type":"ListItem","position":2,"name":"Obchod","item":"https:\/\/www.onetimenexttime.sk\/arduino\/"},{"@type":"ListItem","position":3,"name":"ASLONG A58SW31ZYS high quality high torque low noise 24v dual shaft self-locking dc worm gear motor for robot"}]},{"@type":"WebSite","@id":"https:\/\/www.onetimenexttime.sk\/arduino\/#website","url":"https:\/\/www.onetimenexttime.sk\/arduino\/","name":"Arduino e-shop","description":"Home Assistant","potentialAction":[{"@type":"SearchAction","target":{"@type":"EntryPoint","urlTemplate":"https:\/\/www.onetimenexttime.sk\/arduino\/?s={search_term_string}"},"query-input":{"@type":"PropertyValueSpecification","valueRequired":true,"valueName":"search_term_string"}}],"inLanguage":"sk-SK"}]}},"_links":{"self":[{"href":"https:\/\/www.onetimenexttime.sk\/arduino\/index.php\/wp-json\/wp\/v2\/product\/774"}],"collection":[{"href":"https:\/\/www.onetimenexttime.sk\/arduino\/index.php\/wp-json\/wp\/v2\/product"}],"about":[{"href":"https:\/\/www.onetimenexttime.sk\/arduino\/index.php\/wp-json\/wp\/v2\/types\/product"}],"wp:featuredmedia":[{"embeddable":true,"href":"https:\/\/www.onetimenexttime.sk\/arduino\/index.php\/wp-json\/wp\/v2\/media\/775"}],"wp:attachment":[{"href":"https:\/\/www.onetimenexttime.sk\/arduino\/index.php\/wp-json\/wp\/v2\/media?parent=774"}],"wp:term":[{"taxonomy":"product_cat","embeddable":true,"href":"https:\/\/www.onetimenexttime.sk\/arduino\/index.php\/wp-json\/wp\/v2\/product_cat?post=774"},{"taxonomy":"product_tag","embeddable":true,"href":"https:\/\/www.onetimenexttime.sk\/arduino\/index.php\/wp-json\/wp\/v2\/product_tag?post=774"}],"curies":[{"name":"wp","href":"https:\/\/api.w.org\/{rel}","templated":true}]}}