{"id":772,"date":"2021-10-30T20:34:10","date_gmt":"2021-10-30T18:34:10","guid":{"rendered":"https:\/\/www.onetimenexttime.sk\/arduino\/?post_type=product&#038;p=772"},"modified":"2021-10-30T20:40:26","modified_gmt":"2021-10-30T18:40:26","slug":"esp8266-esp-01-serial-wifi-wireless-adapter-module-3-3v-5v-esp01-breakout-pcb-adapters-compatible-for-arduino","status":"publish","type":"product","link":"https:\/\/www.onetimenexttime.sk\/arduino\/index.php\/produkt\/esp8266-esp-01-serial-wifi-wireless-adapter-module-3-3v-5v-esp01-breakout-pcb-adapters-compatible-for-arduino\/","title":{"rendered":"ESP8266 ESP-01 Serial WiFi Wireless Adapter Module 3.3V 5V Esp01 Breakout PCB Adapters Compatible For Arduino"},"content":{"rendered":"<h3>ESP8266 ESP-01 s\u00e9riov\u00fd WiFi modul bezdr\u00f4tov\u00e9ho adapt\u00e9ra 3,3 V 5 V Esp01 Breakout PCB adapt\u00e9ry kompatibiln\u00e9 pre Arduino<\/h3>\n<p>Popis:<\/p>\n<p>Adapt\u00e9rov\u00fd modul pre Wi-Fi modul ESP-01. Obvod regul\u00e1tora nap\u00e4tia 3,3 V a obvod na konverziu \u00farovne na palube m\u00f4\u017eu u\u013eah\u010di\u0165 pou\u017e\u00edvanie 5V mikrokontrol\u00e9ra s modulom Wi-Fi ESP-01.<br \/>\nPolo\u017eku je mo\u017en\u00e9 pou\u017ei\u0165 aj s doskou For Arduino UNO R3 alebo kompatibilnou doskou.<\/p>\n<p>Vlastnosti:<\/p>\n<p>Pracovn\u00e9 nap\u00e4tie: 4,5~5,5V (zabudovan\u00fd 3,3V regul\u00e1tor LDO)<br \/>\nPracovn\u00fd pr\u00fad: 0-240mA<br \/>\nNap\u00e4tie logiky rozhrania: 3,3V \/ 5V kompatibiln\u00e9 (obvod na posun \u00farovne na doske)<\/p>\n","protected":false},"excerpt":{"rendered":"<p>ESP8266 ESP-01 s\u00e9riov\u00fd WiFi modul bezdr\u00f4tov\u00e9ho adapt\u00e9ra 3,3 V 5 V Esp01 Breakout PCB adapt\u00e9ry kompatibiln\u00e9 pre Arduino Popis: Adapt\u00e9rov\u00fd&hellip;<\/p>\n","protected":false},"featured_media":773,"template":"","meta":{"_monsterinsights_skip_tracking":false,"_monsterinsights_sitenote_active":false,"_monsterinsights_sitenote_note":"","_monsterinsights_sitenote_category":0},"product_cat":[16,17],"product_tag":[],"class_list":{"0":"post-772","1":"product","2":"type-product","3":"status-publish","4":"has-post-thumbnail","6":"product_cat-ard","7":"product_cat-modul","9":"first","10":"instock","11":"shipping-taxable","12":"purchasable","13":"product-type-simple"},"yoast_head":"<!-- This site is optimized with the Yoast SEO plugin v23.6 - https:\/\/yoast.com\/wordpress\/plugins\/seo\/ -->\n<title>ESP8266 ESP-01 Serial WiFi Wireless Adapter Module 3.3V 5V Esp01 Breakout PCB Adapters Compatible For Arduino - Arduino e-shop<\/title>\n<meta name=\"robots\" content=\"index, follow, max-snippet:-1, max-image-preview:large, max-video-preview:-1\" \/>\n<link rel=\"canonical\" href=\"https:\/\/www.onetimenexttime.sk\/arduino\/index.php\/produkt\/esp8266-esp-01-serial-wifi-wireless-adapter-module-3-3v-5v-esp01-breakout-pcb-adapters-compatible-for-arduino\/\" \/>\n<meta property=\"og:locale\" content=\"sk_SK\" \/>\n<meta property=\"og:type\" content=\"article\" \/>\n<meta property=\"og:title\" content=\"ESP8266 ESP-01 Serial WiFi Wireless Adapter Module 3.3V 5V Esp01 Breakout PCB Adapters Compatible For Arduino - Arduino e-shop\" \/>\n<meta property=\"og:description\" content=\"ESP8266 ESP-01 s\u00e9riov\u00fd WiFi modul bezdr\u00f4tov\u00e9ho adapt\u00e9ra 3,3 V 5 V Esp01 Breakout PCB adapt\u00e9ry kompatibiln\u00e9 pre Arduino Popis: Adapt\u00e9rov\u00fd&hellip;\" \/>\n<meta property=\"og:url\" content=\"https:\/\/www.onetimenexttime.sk\/arduino\/index.php\/produkt\/esp8266-esp-01-serial-wifi-wireless-adapter-module-3-3v-5v-esp01-breakout-pcb-adapters-compatible-for-arduino\/\" \/>\n<meta property=\"og:site_name\" content=\"Arduino e-shop\" \/>\n<meta property=\"article:modified_time\" content=\"2021-10-30T18:40:26+00:00\" \/>\n<meta property=\"og:image\" content=\"https:\/\/www.onetimenexttime.sk\/arduino\/wp-content\/uploads\/2021\/10\/229.jpg\" \/>\n\t<meta property=\"og:image:width\" content=\"506\" \/>\n\t<meta property=\"og:image:height\" content=\"507\" \/>\n\t<meta property=\"og:image:type\" content=\"image\/jpeg\" \/>\n<meta name=\"twitter:card\" content=\"summary_large_image\" \/>\n<meta name=\"twitter:label1\" content=\"Predpokladan\u00fd \u010das \u010d\u00edtania\" \/>\n\t<meta name=\"twitter:data1\" content=\"1 min\u00fata\" \/>\n<script type=\"application\/ld+json\" class=\"yoast-schema-graph\">{\"@context\":\"https:\/\/schema.org\",\"@graph\":[{\"@type\":\"WebPage\",\"@id\":\"https:\/\/www.onetimenexttime.sk\/arduino\/index.php\/produkt\/esp8266-esp-01-serial-wifi-wireless-adapter-module-3-3v-5v-esp01-breakout-pcb-adapters-compatible-for-arduino\/\",\"url\":\"https:\/\/www.onetimenexttime.sk\/arduino\/index.php\/produkt\/esp8266-esp-01-serial-wifi-wireless-adapter-module-3-3v-5v-esp01-breakout-pcb-adapters-compatible-for-arduino\/\",\"name\":\"ESP8266 ESP-01 Serial WiFi Wireless Adapter Module 3.3V 5V Esp01 Breakout PCB Adapters Compatible For Arduino - Arduino e-shop\",\"isPartOf\":{\"@id\":\"https:\/\/www.onetimenexttime.sk\/arduino\/#website\"},\"primaryImageOfPage\":{\"@id\":\"https:\/\/www.onetimenexttime.sk\/arduino\/index.php\/produkt\/esp8266-esp-01-serial-wifi-wireless-adapter-module-3-3v-5v-esp01-breakout-pcb-adapters-compatible-for-arduino\/#primaryimage\"},\"image\":{\"@id\":\"https:\/\/www.onetimenexttime.sk\/arduino\/index.php\/produkt\/esp8266-esp-01-serial-wifi-wireless-adapter-module-3-3v-5v-esp01-breakout-pcb-adapters-compatible-for-arduino\/#primaryimage\"},\"thumbnailUrl\":\"https:\/\/www.onetimenexttime.sk\/arduino\/wp-content\/uploads\/2021\/10\/229.jpg\",\"datePublished\":\"2021-10-30T18:34:10+00:00\",\"dateModified\":\"2021-10-30T18:40:26+00:00\",\"breadcrumb\":{\"@id\":\"https:\/\/www.onetimenexttime.sk\/arduino\/index.php\/produkt\/esp8266-esp-01-serial-wifi-wireless-adapter-module-3-3v-5v-esp01-breakout-pcb-adapters-compatible-for-arduino\/#breadcrumb\"},\"inLanguage\":\"sk-SK\",\"potentialAction\":[{\"@type\":\"ReadAction\",\"target\":[\"https:\/\/www.onetimenexttime.sk\/arduino\/index.php\/produkt\/esp8266-esp-01-serial-wifi-wireless-adapter-module-3-3v-5v-esp01-breakout-pcb-adapters-compatible-for-arduino\/\"]}]},{\"@type\":\"ImageObject\",\"inLanguage\":\"sk-SK\",\"@id\":\"https:\/\/www.onetimenexttime.sk\/arduino\/index.php\/produkt\/esp8266-esp-01-serial-wifi-wireless-adapter-module-3-3v-5v-esp01-breakout-pcb-adapters-compatible-for-arduino\/#primaryimage\",\"url\":\"https:\/\/www.onetimenexttime.sk\/arduino\/wp-content\/uploads\/2021\/10\/229.jpg\",\"contentUrl\":\"https:\/\/www.onetimenexttime.sk\/arduino\/wp-content\/uploads\/2021\/10\/229.jpg\",\"width\":506,\"height\":507},{\"@type\":\"BreadcrumbList\",\"@id\":\"https:\/\/www.onetimenexttime.sk\/arduino\/index.php\/produkt\/esp8266-esp-01-serial-wifi-wireless-adapter-module-3-3v-5v-esp01-breakout-pcb-adapters-compatible-for-arduino\/#breadcrumb\",\"itemListElement\":[{\"@type\":\"ListItem\",\"position\":1,\"name\":\"Domov\",\"item\":\"https:\/\/www.onetimenexttime.sk\/arduino\/\"},{\"@type\":\"ListItem\",\"position\":2,\"name\":\"Obchod\",\"item\":\"https:\/\/www.onetimenexttime.sk\/arduino\/\"},{\"@type\":\"ListItem\",\"position\":3,\"name\":\"ESP8266 ESP-01 Serial WiFi Wireless Adapter Module 3.3V 5V Esp01 Breakout PCB Adapters Compatible For Arduino\"}]},{\"@type\":\"WebSite\",\"@id\":\"https:\/\/www.onetimenexttime.sk\/arduino\/#website\",\"url\":\"https:\/\/www.onetimenexttime.sk\/arduino\/\",\"name\":\"Arduino e-shop\",\"description\":\"Home Assistant\",\"potentialAction\":[{\"@type\":\"SearchAction\",\"target\":{\"@type\":\"EntryPoint\",\"urlTemplate\":\"https:\/\/www.onetimenexttime.sk\/arduino\/?s={search_term_string}\"},\"query-input\":{\"@type\":\"PropertyValueSpecification\",\"valueRequired\":true,\"valueName\":\"search_term_string\"}}],\"inLanguage\":\"sk-SK\"}]}<\/script>\n<!-- \/ Yoast SEO plugin. -->","yoast_head_json":{"title":"ESP8266 ESP-01 Serial WiFi Wireless Adapter Module 3.3V 5V Esp01 Breakout PCB Adapters Compatible For Arduino - Arduino e-shop","robots":{"index":"index","follow":"follow","max-snippet":"max-snippet:-1","max-image-preview":"max-image-preview:large","max-video-preview":"max-video-preview:-1"},"canonical":"https:\/\/www.onetimenexttime.sk\/arduino\/index.php\/produkt\/esp8266-esp-01-serial-wifi-wireless-adapter-module-3-3v-5v-esp01-breakout-pcb-adapters-compatible-for-arduino\/","og_locale":"sk_SK","og_type":"article","og_title":"ESP8266 ESP-01 Serial WiFi Wireless Adapter Module 3.3V 5V Esp01 Breakout PCB Adapters Compatible For Arduino - Arduino e-shop","og_description":"ESP8266 ESP-01 s\u00e9riov\u00fd WiFi modul bezdr\u00f4tov\u00e9ho adapt\u00e9ra 3,3 V 5 V Esp01 Breakout PCB adapt\u00e9ry kompatibiln\u00e9 pre Arduino Popis: Adapt\u00e9rov\u00fd&hellip;","og_url":"https:\/\/www.onetimenexttime.sk\/arduino\/index.php\/produkt\/esp8266-esp-01-serial-wifi-wireless-adapter-module-3-3v-5v-esp01-breakout-pcb-adapters-compatible-for-arduino\/","og_site_name":"Arduino e-shop","article_modified_time":"2021-10-30T18:40:26+00:00","og_image":[{"width":506,"height":507,"url":"https:\/\/www.onetimenexttime.sk\/arduino\/wp-content\/uploads\/2021\/10\/229.jpg","type":"image\/jpeg"}],"twitter_card":"summary_large_image","twitter_misc":{"Predpokladan\u00fd \u010das \u010d\u00edtania":"1 min\u00fata"},"schema":{"@context":"https:\/\/schema.org","@graph":[{"@type":"WebPage","@id":"https:\/\/www.onetimenexttime.sk\/arduino\/index.php\/produkt\/esp8266-esp-01-serial-wifi-wireless-adapter-module-3-3v-5v-esp01-breakout-pcb-adapters-compatible-for-arduino\/","url":"https:\/\/www.onetimenexttime.sk\/arduino\/index.php\/produkt\/esp8266-esp-01-serial-wifi-wireless-adapter-module-3-3v-5v-esp01-breakout-pcb-adapters-compatible-for-arduino\/","name":"ESP8266 ESP-01 Serial WiFi Wireless Adapter Module 3.3V 5V Esp01 Breakout PCB Adapters Compatible For Arduino - Arduino e-shop","isPartOf":{"@id":"https:\/\/www.onetimenexttime.sk\/arduino\/#website"},"primaryImageOfPage":{"@id":"https:\/\/www.onetimenexttime.sk\/arduino\/index.php\/produkt\/esp8266-esp-01-serial-wifi-wireless-adapter-module-3-3v-5v-esp01-breakout-pcb-adapters-compatible-for-arduino\/#primaryimage"},"image":{"@id":"https:\/\/www.onetimenexttime.sk\/arduino\/index.php\/produkt\/esp8266-esp-01-serial-wifi-wireless-adapter-module-3-3v-5v-esp01-breakout-pcb-adapters-compatible-for-arduino\/#primaryimage"},"thumbnailUrl":"https:\/\/www.onetimenexttime.sk\/arduino\/wp-content\/uploads\/2021\/10\/229.jpg","datePublished":"2021-10-30T18:34:10+00:00","dateModified":"2021-10-30T18:40:26+00:00","breadcrumb":{"@id":"https:\/\/www.onetimenexttime.sk\/arduino\/index.php\/produkt\/esp8266-esp-01-serial-wifi-wireless-adapter-module-3-3v-5v-esp01-breakout-pcb-adapters-compatible-for-arduino\/#breadcrumb"},"inLanguage":"sk-SK","potentialAction":[{"@type":"ReadAction","target":["https:\/\/www.onetimenexttime.sk\/arduino\/index.php\/produkt\/esp8266-esp-01-serial-wifi-wireless-adapter-module-3-3v-5v-esp01-breakout-pcb-adapters-compatible-for-arduino\/"]}]},{"@type":"ImageObject","inLanguage":"sk-SK","@id":"https:\/\/www.onetimenexttime.sk\/arduino\/index.php\/produkt\/esp8266-esp-01-serial-wifi-wireless-adapter-module-3-3v-5v-esp01-breakout-pcb-adapters-compatible-for-arduino\/#primaryimage","url":"https:\/\/www.onetimenexttime.sk\/arduino\/wp-content\/uploads\/2021\/10\/229.jpg","contentUrl":"https:\/\/www.onetimenexttime.sk\/arduino\/wp-content\/uploads\/2021\/10\/229.jpg","width":506,"height":507},{"@type":"BreadcrumbList","@id":"https:\/\/www.onetimenexttime.sk\/arduino\/index.php\/produkt\/esp8266-esp-01-serial-wifi-wireless-adapter-module-3-3v-5v-esp01-breakout-pcb-adapters-compatible-for-arduino\/#breadcrumb","itemListElement":[{"@type":"ListItem","position":1,"name":"Domov","item":"https:\/\/www.onetimenexttime.sk\/arduino\/"},{"@type":"ListItem","position":2,"name":"Obchod","item":"https:\/\/www.onetimenexttime.sk\/arduino\/"},{"@type":"ListItem","position":3,"name":"ESP8266 ESP-01 Serial WiFi Wireless Adapter Module 3.3V 5V Esp01 Breakout PCB Adapters Compatible For Arduino"}]},{"@type":"WebSite","@id":"https:\/\/www.onetimenexttime.sk\/arduino\/#website","url":"https:\/\/www.onetimenexttime.sk\/arduino\/","name":"Arduino e-shop","description":"Home Assistant","potentialAction":[{"@type":"SearchAction","target":{"@type":"EntryPoint","urlTemplate":"https:\/\/www.onetimenexttime.sk\/arduino\/?s={search_term_string}"},"query-input":{"@type":"PropertyValueSpecification","valueRequired":true,"valueName":"search_term_string"}}],"inLanguage":"sk-SK"}]}},"_links":{"self":[{"href":"https:\/\/www.onetimenexttime.sk\/arduino\/index.php\/wp-json\/wp\/v2\/product\/772"}],"collection":[{"href":"https:\/\/www.onetimenexttime.sk\/arduino\/index.php\/wp-json\/wp\/v2\/product"}],"about":[{"href":"https:\/\/www.onetimenexttime.sk\/arduino\/index.php\/wp-json\/wp\/v2\/types\/product"}],"wp:featuredmedia":[{"embeddable":true,"href":"https:\/\/www.onetimenexttime.sk\/arduino\/index.php\/wp-json\/wp\/v2\/media\/773"}],"wp:attachment":[{"href":"https:\/\/www.onetimenexttime.sk\/arduino\/index.php\/wp-json\/wp\/v2\/media?parent=772"}],"wp:term":[{"taxonomy":"product_cat","embeddable":true,"href":"https:\/\/www.onetimenexttime.sk\/arduino\/index.php\/wp-json\/wp\/v2\/product_cat?post=772"},{"taxonomy":"product_tag","embeddable":true,"href":"https:\/\/www.onetimenexttime.sk\/arduino\/index.php\/wp-json\/wp\/v2\/product_tag?post=772"}],"curies":[{"name":"wp","href":"https:\/\/api.w.org\/{rel}","templated":true}]}}