{"id":767,"date":"2021-10-30T20:24:21","date_gmt":"2021-10-30T18:24:21","guid":{"rendered":"https:\/\/www.onetimenexttime.sk\/arduino\/?post_type=product&#038;p=767"},"modified":"2021-10-30T20:30:33","modified_gmt":"2021-10-30T18:30:33","slug":"sonoff-rf-brigde-wifi-433mhz-wireless-signal-converter-for-smart-home-automation-works-perfectly-with-alexa-google-home","status":"publish","type":"product","link":"https:\/\/www.onetimenexttime.sk\/arduino\/index.php\/produkt\/sonoff-rf-brigde-wifi-433mhz-wireless-signal-converter-for-smart-home-automation-works-perfectly-with-alexa-google-home\/","title":{"rendered":"Sonoff RF Brigde WiFi 433Mhz Wireless Signal Converter For Smart Home Automation Works perfectly with Alexa, Google Home"},"content":{"rendered":"<h1 class=\"mb-8 js-product-title\" title=\"Broadlink RM Pro Inovovan\u00e1 verzia RM33 RM Mini3 IR+RF+WiFi+4G Switch Home Univerz\u00e1lny inteligentn\u00fd dia\u013ekov\u00fd ovl\u00e1da\u010d\">Bezdr\u00f4tov\u00fd prevodn\u00edk sign\u00e1lu Sonoff RF Brigde WiFi 433 MHz pre inteligentn\u00fa dom\u00e1cu automatiz\u00e1ciu funguje perfektne s Alexa, Google Home<\/h1>\n<p>Preve\u010fte 433MHz RF dia\u013ekov\u00e9 ovl\u00e1danie na aplik\u00e1ciu cez WiFi<br \/>\nUmo\u017enite dia\u013ekov\u00e9mu ovl\u00e1daniu 433MHz RF zariaden\u00ed App<br \/>\nPodpora pridania max. \u0161tyri 433MHz RF dia\u013ekov\u00e9 ovl\u00e1danie\/z\u00e1vesov\u00fd sp\u00edna\u010d\/alarm<br \/>\nPodpora pre ovl\u00e1danie a\u017e \u0161estn\u00e1stich 433 MHz RF zariaden\u00ed<br \/>\nOvl\u00e1dajte 433MHz RF zariadenia cez Wi-Fi alebo mobiln\u00fa sie\u0165<br \/>\nBezplatn\u00e1 mobiln\u00e1 aplik\u00e1cia eWeLink pre iOS a Android<br \/>\nPerfektne funguje s Amazon Alexa, Google Home<br \/>\nPreh\u013ead<br \/>\nTento RF Bridge dok\u00e1\u017ee previes\u0165 v\u00e4\u010d\u0161inu 433MHz RF dia\u013ekov\u00fdch ovl\u00e1da\u010dov na WiFi bezdr\u00f4tov\u00e9. Bezdr\u00f4tov\u00fdm pridan\u00edm RF bezdr\u00f4tov\u00e9ho mosta do aplik\u00e1cie eWeLink WiFi pre iOS\/Android m\u00f4\u017eete k zariadeniu RF Bridge prida\u0165 a\u017e \u0161tyri 433MHz bezdr\u00f4tov\u00e9 RF dia\u013ekov\u00e9 ovl\u00e1da\u010de s 1-4 tla\u010didlami. Po sp\u00e1rovan\u00ed tla\u010didiel RF Remote s RF ovl\u00e1dan\u00fdmi zariadeniami m\u00f4\u017eete priamo ovl\u00e1da\u0165 maxim\u00e1lne 16 RF ovl\u00e1dan\u00fdch zariaden\u00ed v aplik\u00e1cii cez WiFi\/2\/3\/4G sie\u0165.<\/p>\n<p>M\u00f4\u017ee by\u0165 pou\u017eit\u00fd pre v\u00e4\u010d\u0161inu 433MHz RF dia\u013ekovo ovl\u00e1dan\u00fdch produktov, ako je RF riaden\u00fd sp\u00edna\u010d, RF riaden\u00e1 z\u00e1suvka, RF riaden\u00e1 \u017eiarovka, RF ovl\u00e1dan\u00fd otv\u00e1ra\u010d dver\u00ed at\u010f.<\/p>\n<p>E\u0161te vzru\u0161uj\u00facej\u0161ie je, \u017ee bude fungova\u0165 s magnetick\u00fdm senzorom dver\u00ed, IR senzorom \u013eudsk\u00e9ho tela a \u010fal\u0161\u00edmi senzormi na realiz\u00e1ciu bezpe\u010dnostn\u00e9ho poplachu a umo\u017en\u00ed v\u00e1m robi\u0165 si inteligentn\u00e9 sc\u00e9ny. Tento model podporuje hlasov\u00e9 ovl\u00e1danie Amazon Alexa a Google Home.<\/p>\n<p>Pozn\u00e1mka 1:<\/p>\n<p>Pr\u00edjem podporuje frekvenciu pevn\u00e9ho k\u00f3du 433, napr\u00edklad PT2260, PT2262, PT2264, EV1527 at\u010f.<br \/>\nNepodporuje u\u010denie sa pohybliv\u00e9ho k\u00f3du a dynamick\u00e9ho k\u00f3du<br \/>\nV aplik\u00e1cii nem\u00f4\u017eete vidie\u0165 zmeny stavu zariadenia.<br \/>\nPozn\u00e1mka 2:<\/p>\n<p>\u010co je nov\u00e9 v syst\u00e9me Android a iOS 2.5.0?<\/p>\n<p>Podporovan\u00e9 s\u00fa \u010dasova\u010de napl\u00e1novan\u00e9\/odpo\u010d\u00edtavanie.<br \/>\nAplik\u00e1cia pre iOS podporuje pridanie tohto produktu.<br \/>\nPodporovan\u00fd je RF z\u00e1vesov\u00fd sp\u00edna\u010d a RF alarm.<br \/>\nPracuje s Amazon Alexa<br \/>\nAk chcete ovl\u00e1da\u0165 Sonoff RF Bridge, mus\u00edte spolo\u010dne vyslovi\u0165 n\u00e1zov RF Remote a n\u00e1zov tla\u010didla.<\/p>\n<p>\u0160tandardn\u00e9 fr\u00e1zy hlasov\u00e9ho ovl\u00e1dania (ak vyslov\u00edte iba n\u00e1zov RF Remote, Alexa okam\u017eite zapne\/vypne v\u0161etky tla\u010didl\u00e1 tohto RF Remote):<\/p>\n<p data-spm-anchor-id=\"a2g0o.detail.1000023.i2.15325e0cLnGSoj\">Alexa, turn on {RF Remote Name}<br \/>\nAlexa, turn off {RF Remote Name}<\/p>\n<p>Alexa, turn on {RF Remote Name} {ButtonName}<br \/>\nAlexa, turn off {RF Remote Name} {ButtonName}<\/p>\n<p>&nbsp;<\/p>\n","protected":false},"excerpt":{"rendered":"<p>Bezdr\u00f4tov\u00fd prevodn\u00edk sign\u00e1lu Sonoff RF Brigde WiFi 433 MHz pre inteligentn\u00fa dom\u00e1cu automatiz\u00e1ciu funguje perfektne s Alexa, Google Home Preve\u010fte&hellip;<\/p>\n","protected":false},"featured_media":768,"template":"","meta":{"_monsterinsights_skip_tracking":false,"_monsterinsights_sitenote_active":false,"_monsterinsights_sitenote_note":"","_monsterinsights_sitenote_category":0},"product_cat":[43,34,42],"product_tag":[],"class_list":{"0":"post-767","1":"product","2":"type-product","3":"status-publish","4":"has-post-thumbnail","6":"product_cat-office","7":"product_cat-rf","8":"product_cat-smart","10":"first","11":"instock","12":"shipping-taxable","13":"purchasable","14":"product-type-simple"},"yoast_head":"<!-- This site is optimized with the Yoast SEO plugin v23.6 - https:\/\/yoast.com\/wordpress\/plugins\/seo\/ -->\n<title>Sonoff RF Brigde WiFi 433Mhz Wireless Signal Converter For Smart Home Automation Works perfectly with Alexa, Google Home - Arduino e-shop<\/title>\n<meta name=\"robots\" content=\"index, follow, max-snippet:-1, max-image-preview:large, max-video-preview:-1\" \/>\n<link rel=\"canonical\" href=\"https:\/\/www.onetimenexttime.sk\/arduino\/index.php\/produkt\/sonoff-rf-brigde-wifi-433mhz-wireless-signal-converter-for-smart-home-automation-works-perfectly-with-alexa-google-home\/\" \/>\n<meta property=\"og:locale\" content=\"sk_SK\" \/>\n<meta property=\"og:type\" content=\"article\" \/>\n<meta property=\"og:title\" content=\"Sonoff RF Brigde WiFi 433Mhz Wireless Signal Converter For Smart Home Automation Works perfectly with Alexa, Google Home - Arduino e-shop\" \/>\n<meta property=\"og:description\" content=\"Bezdr\u00f4tov\u00fd prevodn\u00edk sign\u00e1lu Sonoff RF Brigde WiFi 433 MHz pre inteligentn\u00fa dom\u00e1cu automatiz\u00e1ciu funguje perfektne s Alexa, Google Home Preve\u010fte&hellip;\" \/>\n<meta property=\"og:url\" content=\"https:\/\/www.onetimenexttime.sk\/arduino\/index.php\/produkt\/sonoff-rf-brigde-wifi-433mhz-wireless-signal-converter-for-smart-home-automation-works-perfectly-with-alexa-google-home\/\" \/>\n<meta property=\"og:site_name\" content=\"Arduino e-shop\" \/>\n<meta property=\"article:modified_time\" content=\"2021-10-30T18:30:33+00:00\" \/>\n<meta property=\"og:image\" content=\"https:\/\/www.onetimenexttime.sk\/arduino\/wp-content\/uploads\/2021\/10\/152-9.jpg\" \/>\n\t<meta property=\"og:image:width\" content=\"506\" \/>\n\t<meta property=\"og:image:height\" content=\"507\" \/>\n\t<meta property=\"og:image:type\" content=\"image\/jpeg\" \/>\n<meta name=\"twitter:card\" content=\"summary_large_image\" \/>\n<meta name=\"twitter:label1\" content=\"Predpokladan\u00fd \u010das \u010d\u00edtania\" \/>\n\t<meta name=\"twitter:data1\" content=\"2 min\u00faty\" \/>\n<script type=\"application\/ld+json\" class=\"yoast-schema-graph\">{\"@context\":\"https:\/\/schema.org\",\"@graph\":[{\"@type\":\"WebPage\",\"@id\":\"https:\/\/www.onetimenexttime.sk\/arduino\/index.php\/produkt\/sonoff-rf-brigde-wifi-433mhz-wireless-signal-converter-for-smart-home-automation-works-perfectly-with-alexa-google-home\/\",\"url\":\"https:\/\/www.onetimenexttime.sk\/arduino\/index.php\/produkt\/sonoff-rf-brigde-wifi-433mhz-wireless-signal-converter-for-smart-home-automation-works-perfectly-with-alexa-google-home\/\",\"name\":\"Sonoff RF Brigde WiFi 433Mhz Wireless Signal Converter For Smart Home Automation Works perfectly with Alexa, Google Home - Arduino e-shop\",\"isPartOf\":{\"@id\":\"https:\/\/www.onetimenexttime.sk\/arduino\/#website\"},\"primaryImageOfPage\":{\"@id\":\"https:\/\/www.onetimenexttime.sk\/arduino\/index.php\/produkt\/sonoff-rf-brigde-wifi-433mhz-wireless-signal-converter-for-smart-home-automation-works-perfectly-with-alexa-google-home\/#primaryimage\"},\"image\":{\"@id\":\"https:\/\/www.onetimenexttime.sk\/arduino\/index.php\/produkt\/sonoff-rf-brigde-wifi-433mhz-wireless-signal-converter-for-smart-home-automation-works-perfectly-with-alexa-google-home\/#primaryimage\"},\"thumbnailUrl\":\"https:\/\/www.onetimenexttime.sk\/arduino\/wp-content\/uploads\/2021\/10\/152-9.jpg\",\"datePublished\":\"2021-10-30T18:24:21+00:00\",\"dateModified\":\"2021-10-30T18:30:33+00:00\",\"breadcrumb\":{\"@id\":\"https:\/\/www.onetimenexttime.sk\/arduino\/index.php\/produkt\/sonoff-rf-brigde-wifi-433mhz-wireless-signal-converter-for-smart-home-automation-works-perfectly-with-alexa-google-home\/#breadcrumb\"},\"inLanguage\":\"sk-SK\",\"potentialAction\":[{\"@type\":\"ReadAction\",\"target\":[\"https:\/\/www.onetimenexttime.sk\/arduino\/index.php\/produkt\/sonoff-rf-brigde-wifi-433mhz-wireless-signal-converter-for-smart-home-automation-works-perfectly-with-alexa-google-home\/\"]}]},{\"@type\":\"ImageObject\",\"inLanguage\":\"sk-SK\",\"@id\":\"https:\/\/www.onetimenexttime.sk\/arduino\/index.php\/produkt\/sonoff-rf-brigde-wifi-433mhz-wireless-signal-converter-for-smart-home-automation-works-perfectly-with-alexa-google-home\/#primaryimage\",\"url\":\"https:\/\/www.onetimenexttime.sk\/arduino\/wp-content\/uploads\/2021\/10\/152-9.jpg\",\"contentUrl\":\"https:\/\/www.onetimenexttime.sk\/arduino\/wp-content\/uploads\/2021\/10\/152-9.jpg\",\"width\":506,\"height\":507},{\"@type\":\"BreadcrumbList\",\"@id\":\"https:\/\/www.onetimenexttime.sk\/arduino\/index.php\/produkt\/sonoff-rf-brigde-wifi-433mhz-wireless-signal-converter-for-smart-home-automation-works-perfectly-with-alexa-google-home\/#breadcrumb\",\"itemListElement\":[{\"@type\":\"ListItem\",\"position\":1,\"name\":\"Domov\",\"item\":\"https:\/\/www.onetimenexttime.sk\/arduino\/\"},{\"@type\":\"ListItem\",\"position\":2,\"name\":\"Obchod\",\"item\":\"https:\/\/www.onetimenexttime.sk\/arduino\/\"},{\"@type\":\"ListItem\",\"position\":3,\"name\":\"Sonoff RF Brigde WiFi 433Mhz Wireless Signal Converter For Smart Home Automation Works perfectly with Alexa, Google Home\"}]},{\"@type\":\"WebSite\",\"@id\":\"https:\/\/www.onetimenexttime.sk\/arduino\/#website\",\"url\":\"https:\/\/www.onetimenexttime.sk\/arduino\/\",\"name\":\"Arduino e-shop\",\"description\":\"Home Assistant\",\"potentialAction\":[{\"@type\":\"SearchAction\",\"target\":{\"@type\":\"EntryPoint\",\"urlTemplate\":\"https:\/\/www.onetimenexttime.sk\/arduino\/?s={search_term_string}\"},\"query-input\":{\"@type\":\"PropertyValueSpecification\",\"valueRequired\":true,\"valueName\":\"search_term_string\"}}],\"inLanguage\":\"sk-SK\"}]}<\/script>\n<!-- \/ Yoast SEO plugin. -->","yoast_head_json":{"title":"Sonoff RF Brigde WiFi 433Mhz Wireless Signal Converter For Smart Home Automation Works perfectly with Alexa, Google Home - Arduino e-shop","robots":{"index":"index","follow":"follow","max-snippet":"max-snippet:-1","max-image-preview":"max-image-preview:large","max-video-preview":"max-video-preview:-1"},"canonical":"https:\/\/www.onetimenexttime.sk\/arduino\/index.php\/produkt\/sonoff-rf-brigde-wifi-433mhz-wireless-signal-converter-for-smart-home-automation-works-perfectly-with-alexa-google-home\/","og_locale":"sk_SK","og_type":"article","og_title":"Sonoff RF Brigde WiFi 433Mhz Wireless Signal Converter For Smart Home Automation Works perfectly with Alexa, Google Home - Arduino e-shop","og_description":"Bezdr\u00f4tov\u00fd prevodn\u00edk sign\u00e1lu Sonoff RF Brigde WiFi 433 MHz pre inteligentn\u00fa dom\u00e1cu automatiz\u00e1ciu funguje perfektne s Alexa, Google Home Preve\u010fte&hellip;","og_url":"https:\/\/www.onetimenexttime.sk\/arduino\/index.php\/produkt\/sonoff-rf-brigde-wifi-433mhz-wireless-signal-converter-for-smart-home-automation-works-perfectly-with-alexa-google-home\/","og_site_name":"Arduino e-shop","article_modified_time":"2021-10-30T18:30:33+00:00","og_image":[{"width":506,"height":507,"url":"https:\/\/www.onetimenexttime.sk\/arduino\/wp-content\/uploads\/2021\/10\/152-9.jpg","type":"image\/jpeg"}],"twitter_card":"summary_large_image","twitter_misc":{"Predpokladan\u00fd \u010das \u010d\u00edtania":"2 min\u00faty"},"schema":{"@context":"https:\/\/schema.org","@graph":[{"@type":"WebPage","@id":"https:\/\/www.onetimenexttime.sk\/arduino\/index.php\/produkt\/sonoff-rf-brigde-wifi-433mhz-wireless-signal-converter-for-smart-home-automation-works-perfectly-with-alexa-google-home\/","url":"https:\/\/www.onetimenexttime.sk\/arduino\/index.php\/produkt\/sonoff-rf-brigde-wifi-433mhz-wireless-signal-converter-for-smart-home-automation-works-perfectly-with-alexa-google-home\/","name":"Sonoff RF Brigde WiFi 433Mhz Wireless Signal Converter For Smart Home Automation Works perfectly with Alexa, Google Home - Arduino e-shop","isPartOf":{"@id":"https:\/\/www.onetimenexttime.sk\/arduino\/#website"},"primaryImageOfPage":{"@id":"https:\/\/www.onetimenexttime.sk\/arduino\/index.php\/produkt\/sonoff-rf-brigde-wifi-433mhz-wireless-signal-converter-for-smart-home-automation-works-perfectly-with-alexa-google-home\/#primaryimage"},"image":{"@id":"https:\/\/www.onetimenexttime.sk\/arduino\/index.php\/produkt\/sonoff-rf-brigde-wifi-433mhz-wireless-signal-converter-for-smart-home-automation-works-perfectly-with-alexa-google-home\/#primaryimage"},"thumbnailUrl":"https:\/\/www.onetimenexttime.sk\/arduino\/wp-content\/uploads\/2021\/10\/152-9.jpg","datePublished":"2021-10-30T18:24:21+00:00","dateModified":"2021-10-30T18:30:33+00:00","breadcrumb":{"@id":"https:\/\/www.onetimenexttime.sk\/arduino\/index.php\/produkt\/sonoff-rf-brigde-wifi-433mhz-wireless-signal-converter-for-smart-home-automation-works-perfectly-with-alexa-google-home\/#breadcrumb"},"inLanguage":"sk-SK","potentialAction":[{"@type":"ReadAction","target":["https:\/\/www.onetimenexttime.sk\/arduino\/index.php\/produkt\/sonoff-rf-brigde-wifi-433mhz-wireless-signal-converter-for-smart-home-automation-works-perfectly-with-alexa-google-home\/"]}]},{"@type":"ImageObject","inLanguage":"sk-SK","@id":"https:\/\/www.onetimenexttime.sk\/arduino\/index.php\/produkt\/sonoff-rf-brigde-wifi-433mhz-wireless-signal-converter-for-smart-home-automation-works-perfectly-with-alexa-google-home\/#primaryimage","url":"https:\/\/www.onetimenexttime.sk\/arduino\/wp-content\/uploads\/2021\/10\/152-9.jpg","contentUrl":"https:\/\/www.onetimenexttime.sk\/arduino\/wp-content\/uploads\/2021\/10\/152-9.jpg","width":506,"height":507},{"@type":"BreadcrumbList","@id":"https:\/\/www.onetimenexttime.sk\/arduino\/index.php\/produkt\/sonoff-rf-brigde-wifi-433mhz-wireless-signal-converter-for-smart-home-automation-works-perfectly-with-alexa-google-home\/#breadcrumb","itemListElement":[{"@type":"ListItem","position":1,"name":"Domov","item":"https:\/\/www.onetimenexttime.sk\/arduino\/"},{"@type":"ListItem","position":2,"name":"Obchod","item":"https:\/\/www.onetimenexttime.sk\/arduino\/"},{"@type":"ListItem","position":3,"name":"Sonoff RF Brigde WiFi 433Mhz Wireless Signal Converter For Smart Home Automation Works perfectly with Alexa, Google Home"}]},{"@type":"WebSite","@id":"https:\/\/www.onetimenexttime.sk\/arduino\/#website","url":"https:\/\/www.onetimenexttime.sk\/arduino\/","name":"Arduino e-shop","description":"Home Assistant","potentialAction":[{"@type":"SearchAction","target":{"@type":"EntryPoint","urlTemplate":"https:\/\/www.onetimenexttime.sk\/arduino\/?s={search_term_string}"},"query-input":{"@type":"PropertyValueSpecification","valueRequired":true,"valueName":"search_term_string"}}],"inLanguage":"sk-SK"}]}},"_links":{"self":[{"href":"https:\/\/www.onetimenexttime.sk\/arduino\/index.php\/wp-json\/wp\/v2\/product\/767"}],"collection":[{"href":"https:\/\/www.onetimenexttime.sk\/arduino\/index.php\/wp-json\/wp\/v2\/product"}],"about":[{"href":"https:\/\/www.onetimenexttime.sk\/arduino\/index.php\/wp-json\/wp\/v2\/types\/product"}],"wp:featuredmedia":[{"embeddable":true,"href":"https:\/\/www.onetimenexttime.sk\/arduino\/index.php\/wp-json\/wp\/v2\/media\/768"}],"wp:attachment":[{"href":"https:\/\/www.onetimenexttime.sk\/arduino\/index.php\/wp-json\/wp\/v2\/media?parent=767"}],"wp:term":[{"taxonomy":"product_cat","embeddable":true,"href":"https:\/\/www.onetimenexttime.sk\/arduino\/index.php\/wp-json\/wp\/v2\/product_cat?post=767"},{"taxonomy":"product_tag","embeddable":true,"href":"https:\/\/www.onetimenexttime.sk\/arduino\/index.php\/wp-json\/wp\/v2\/product_tag?post=767"}],"curies":[{"name":"wp","href":"https:\/\/api.w.org\/{rel}","templated":true}]}}